{"id":15449,"date":"2022-10-08T18:35:43","date_gmt":"2022-10-08T18:35:43","guid":{"rendered":"https:\/\/alprofitconsult.al\/?page_id=15449"},"modified":"2022-10-22T11:11:04","modified_gmt":"2022-10-22T11:11:04","slug":"kuptimi-i-taksimit-te-dyfishte","status":"publish","type":"page","link":"https:\/\/alprofitconsult.al\/it\/tatime\/individ\/taksimi-i-dyfishte\/kuptimi-i-taksimit-te-dyfishte\/","title":{"rendered":"Kuptimi i taksimit t\u00eb dyfisht\u00eb p\u00ebr individ\u00ebt"},"content":{"rendered":"<div class=\"yoast-breadcrumbs\"><span><span><a href=\"https:\/\/alprofitconsult.al\/it\/\">Home page<\/a><\/span> | <span><a href=\"https:\/\/alprofitconsult.al\/en\/tatime\/\">Normativa fiscale<\/a><\/span> | <span><a href=\"https:\/\/alprofitconsult.al\/en\/tatime\/individ\/\">individuale<\/a><\/span> | <span><a href=\"https:\/\/alprofitconsult.al\/en\/?page_id=15448\">Private: Taksimi i dyfisht\u00eb<\/a><\/span> | <span class=\"breadcrumb_last\" aria-current=\"page\">Kuptimi i taksimit t\u00eb dyfisht\u00eb p\u00ebr individ\u00ebt<\/span><\/span><\/div>\n\n\n<p><\/p>\n\n\n\n<figure class=\"wp-block-image size-large\"><img loading=\"lazy\" decoding=\"async\" width=\"1024\" height=\"768\" src=\"https:\/\/alprofitconsult.al\/wp-content\/uploads\/2022\/10\/AlProfit-Consult-Kuptimi-i-taksimit-te-dyfishte-per-individet-1024x768.jpg\" alt=\"\" class=\"wp-image-15786\" srcset=\"https:\/\/alprofitconsult.al\/wp-content\/uploads\/2022\/10\/AlProfit-Consult-Kuptimi-i-taksimit-te-dyfishte-per-individet-1024x768.jpg 1024w, https:\/\/alprofitconsult.al\/wp-content\/uploads\/2022\/10\/AlProfit-Consult-Kuptimi-i-taksimit-te-dyfishte-per-individet-300x225.jpg 300w, https:\/\/alprofitconsult.al\/wp-content\/uploads\/2022\/10\/AlProfit-Consult-Kuptimi-i-taksimit-te-dyfishte-per-individet-150x113.jpg 150w, https:\/\/alprofitconsult.al\/wp-content\/uploads\/2022\/10\/AlProfit-Consult-Kuptimi-i-taksimit-te-dyfishte-per-individet-768x576.jpg 768w, https:\/\/alprofitconsult.al\/wp-content\/uploads\/2022\/10\/AlProfit-Consult-Kuptimi-i-taksimit-te-dyfishte-per-individet-1536x1152.jpg 1536w, https:\/\/alprofitconsult.al\/wp-content\/uploads\/2022\/10\/AlProfit-Consult-Kuptimi-i-taksimit-te-dyfishte-per-individet.jpg 1920w\" sizes=\"auto, (max-width: 1024px) 100vw, 1024px\" \/><\/figure>\n\n\n\n<h4 class=\"wp-block-heading\">Tatimi mbi t\u00eb ardhurat zbatohet si p\u00ebr individ\u00ebt rezident\u00eb edhe ato jorezident\u00eb.<\/h4>\n\n\n\n<blockquote class=\"wp-block-quote is-layout-flow wp-block-quote-is-layout-flow\"><p>Individ\u00ebt rezident\u00eb i n\u00ebnshtrohen detyrimit p\u00ebr tatimin mbi t\u00eb ardhurat personale gjat\u00eb periudh\u00ebs tatimore, p\u00ebr t\u00eb gjitha burimet e t\u00eb ardhurave t\u00eb realizuara n\u00eb shkall\u00eb bot\u00ebrore, pra n\u00eb Shqip\u00ebri dhe kudo gjetk\u00eb, <\/p><cite>Parimi i rezidenc\u00ebs<\/cite><\/blockquote>\n\n\n\n<p>Kur nj\u00eb individ rezident, siguron nga burime jasht\u00eb territorit shqiptar t\u00eb ardhura, tatimi mbi t\u00eb ardhurat personale, i paguesh\u00ebm nga ai rezident, lidhur me k\u00ebto t\u00eb ardhura, reduktohet (kreditohet) me at\u00eb mas\u00eb t\u00eb tatimit t\u00eb huaj t\u00eb paguar mbi ato t\u00eb ardhura. Masa e tatimit t\u00eb huaj t\u00eb paguesh\u00ebm duhet t\u00eb v\u00ebrtetohet me dokument autentik.<\/p>\n\n\n\n<p>Reduktimi i tatimit mbi t\u00eb ardhurat personale nuk duhet t\u00eb kaloj\u00eb tatimin e paguesh\u00ebm mbi t\u00eb ardhurat nga burimi i huaj, n\u00eb rast se k\u00ebto t\u00eb ardhura realizohen n\u00eb Republik\u00ebn e Shqip\u00ebris\u00eb.<\/p>\n\n\n\n<p>Reduktimi i tatimit, llogaritet n\u00eb m\u00ebnyr\u00eb t\u00eb ve\u00e7ant\u00eb, lidhur me \u00e7do vend t\u00eb huaj, nga i cili jan\u00eb p\u00ebrfituar t\u00eb ardhurat.<\/p>\n\n\n\n<blockquote class=\"wp-block-quote is-layout-flow wp-block-quote-is-layout-flow\"><p>Individ\u00ebt jorezident\u00eb i n\u00ebnshtrohen detyrimit p\u00ebr tatimin mbi t\u00eb ardhurat personale gjat\u00eb periudh\u00ebs tatimore, p\u00ebr burimet e t\u00eb ardhurave, t\u00eb realizuara n\u00eb territorin e Republik\u00ebs s\u00eb Shqip\u00ebris\u00eb, <\/p><cite>Parimi i burimit<\/cite><\/blockquote>\n\n\n\n<h4 class=\"wp-block-heading\">Taksimi i t\u00eb ardhurave t\u00eb rezident\u00ebve t\u00eb p\u00ebrfituara jasht\u00eb territorit t\u00eb Republik\u00ebs s\u00eb Shqip\u00ebris\u00eb.<\/h4>\n\n\n\n<p>N\u00ebse je rezident por p\u00ebrfiton t\u00eb ardhura me burim jasht\u00eb Republik\u00ebs s\u00eb Shqip\u00ebris\u00eb do t\u00eb paguani tatimin n\u00eb Republik\u00ebn e Shqip\u00ebris\u00eb, p\u00ebr t\u00eb ardhurat mbare bot\u00ebror\u00eb t\u00eb realizuara bazuar n\u00eb dispozitat e ligjit \u201cP\u00ebr tatimin mbi t\u00eb ardhurat\u201d, i ndryshuar.<br>N\u00ebse p\u00ebrfitoni t\u00eb ardhura pasive (divident\u00eb, interesat, honorare) jasht\u00eb Republik\u00ebs s\u00eb Shqip\u00ebris\u00eb dhe p\u00ebrfitoni nga marr\u00ebveshjet tatimore n\u00eb fuqi, masa e tatimit t\u00eb paguar jasht\u00eb do t\u00eb jete ajo e p\u00ebrcaktuar n\u00eb marr\u00ebveshjen tatimore.<br>Masa e tatimit t\u00eb huaj, e v\u00ebrtetuar m\u00eb dokumentin p\u00ebrkat\u00ebs, do t\u00eb zbritet nga tatimi i paguesh\u00ebm n\u00eb Shqip\u00ebri, n\u00eb p\u00ebrputhje me dispoziat ligjore n\u00eb fuqi.<\/p>\n\n\n\n<h4 class=\"wp-block-heading\">Eliminimi i tatimit t\u00eb dyfisht\u00eb p\u00ebr rezident\u00ebt<\/h4>\n\n\n\n<p>N\u00ebse je rezident dhe p\u00ebrfiton t\u00eb ardhura jasht\u00eb Republik\u00ebs s\u00eb Shqip\u00ebris\u00eb duhet t\u00eb pajiseni me V\u00ebrtetimin e Rezidenc\u00ebs (\u00c7ertifikata e Rezidenc\u00ebs), t\u00eb l\u00ebshuar nga Administrata Tatimore Shqiptare.<\/p>\n\n\n\n<p>V\u00ebrtetimi i rezidenc\u00ebs i sh\u00ebrben tatimpaguesit p\u00ebr t\u00eb v\u00ebrtetuar se paguan tatimet p\u00ebr t\u00eb ardhurat globale n\u00eb Shqip\u00ebri, n\u00eb m\u00ebnyr\u00eb q\u00eb organi tatimor i shtetit t\u00eb huaj ku ai ka realizuar t\u00eb ardhurat t\u00eb b\u00ebj\u00eb aplikimin e Marr\u00ebveshjes , duke aplikuar, sipas rastit, tarif\u00ebn e reduktuar ose duke mos i tatuar ato t\u00eb ardhura.<\/p>\n\n\n\n<p>Fonte: <a href=\"https:\/\/www.tatime.gov.al\/c\/3\/13\/32\/kuptimi-i-taksimit-te-dyfishte\" target=\"_blank\" rel=\"noreferrer noopener\">Drejtoria e P\u00ebrgjithshme e Tatimeve.<\/a><\/p>\n\n\n<div class=\"gdlr-core-widget-box-shortcode\" style=\"color: #ffffff ;background-color: #000014 ;\"  ><h3 class=\"gdlr-core-widget-box-shortcode-title\" style=\"color: #ffffff ;\"  >Hai qualche domanda?<\/h3><div class=\"gdlr-core-widget-box-shortcode-content\" ><p class=\"translation-block\">Non esitare a <a href=\"https:\/\/alprofitconsult.al\/it\/contact\/\" target=\"_self\">contattarci. Siamo un team di esperti e saremo lieti di parlare con te.<\/p>\n<\/div><\/div>","protected":false},"excerpt":{"rendered":"<p>Tatimi mbi t\u00eb ardhurat zbatohet si p\u00ebr individ\u00ebt rezident\u00eb edhe ato jorezident\u00eb. Individ\u00ebt rezident\u00eb i n\u00ebnshtrohen detyrimit p\u00ebr tatimin mbi t\u00eb ardhurat personale gjat\u00eb periudh\u00ebs tatimore, p\u00ebr t\u00eb gjitha burimet e t\u00eb ardhurave t\u00eb realizuara n\u00eb shkall\u00eb bot\u00ebrore, pra n\u00eb Shqip\u00ebri dhe kudo gjetk\u00eb, Parimi i rezidenc\u00ebs Kur nj\u00eb individ rezident, siguron nga burime jasht\u00eb [&hellip;]<\/p>\n","protected":false},"author":1,"featured_media":15786,"parent":15448,"menu_order":0,"comment_status":"closed","ping_status":"closed","template":"","meta":{"footnotes":""},"class_list":["post-15449","page","type-page","status-publish","has-post-thumbnail","hentry"],"yoast_head":"<!-- This site is optimized with the Yoast SEO plugin v26.5 - https:\/\/yoast.com\/wordpress\/plugins\/seo\/ -->\n<title>Kuptimi i taksimit t\u00eb dyfisht\u00eb p\u00ebr individ\u00ebt - AlProfit Consult<\/title>\n<meta name=\"robots\" content=\"index, follow, max-snippet:-1, max-image-preview:large, max-video-preview:-1\" \/>\n<link rel=\"canonical\" href=\"https:\/\/alprofitconsult.al\/it\/tasse\/individ\/taksimi-i-dyfishte\/kuptimi-i-taksimit-te-dyfishte\/\" \/>\n<meta property=\"og:locale\" content=\"it_IT\" \/>\n<meta property=\"og:type\" content=\"article\" \/>\n<meta property=\"og:title\" content=\"Kuptimi i taksimit t\u00eb dyfisht\u00eb p\u00ebr individ\u00ebt - AlProfit Consult\" \/>\n<meta property=\"og:description\" content=\"Tatimi mbi t\u00eb ardhurat zbatohet si p\u00ebr individ\u00ebt rezident\u00eb edhe ato jorezident\u00eb. Individ\u00ebt rezident\u00eb i n\u00ebnshtrohen detyrimit p\u00ebr tatimin mbi t\u00eb ardhurat personale gjat\u00eb periudh\u00ebs tatimore, p\u00ebr t\u00eb gjitha burimet e t\u00eb ardhurave t\u00eb realizuara n\u00eb shkall\u00eb bot\u00ebrore, pra n\u00eb Shqip\u00ebri dhe kudo gjetk\u00eb, Parimi i rezidenc\u00ebs Kur nj\u00eb individ rezident, siguron nga burime jasht\u00eb [&hellip;]\" \/>\n<meta property=\"og:url\" content=\"https:\/\/alprofitconsult.al\/it\/tasse\/individ\/taksimi-i-dyfishte\/kuptimi-i-taksimit-te-dyfishte\/\" \/>\n<meta property=\"og:site_name\" content=\"AlProfit Consult\" \/>\n<meta property=\"article:publisher\" content=\"https:\/\/www.facebook.com\/AlProfitConsult\/\" \/>\n<meta property=\"article:modified_time\" content=\"2022-10-22T11:11:04+00:00\" \/>\n<meta property=\"og:image\" content=\"https:\/\/alprofitconsult.al\/wp-content\/uploads\/2022\/10\/AlProfit-Consult-Kuptimi-i-taksimit-te-dyfishte-per-individet.jpg\" \/>\n\t<meta property=\"og:image:width\" content=\"1920\" \/>\n\t<meta property=\"og:image:height\" content=\"1440\" \/>\n\t<meta property=\"og:image:type\" content=\"image\/jpeg\" \/>\n<meta name=\"twitter:card\" content=\"summary_large_image\" \/>\n<meta name=\"twitter:site\" content=\"@AlProfitConsult\" \/>\n<meta name=\"twitter:label1\" content=\"Tempo di lettura stimato\" \/>\n\t<meta name=\"twitter:data1\" content=\"3 minuti\" \/>\n<script type=\"application\/ld+json\" class=\"yoast-schema-graph\">{\"@context\":\"https:\/\/schema.org\",\"@graph\":[{\"@type\":\"WebPage\",\"@id\":\"https:\/\/alprofitconsult.al\/en\/tatime\/individ\/taksimi-i-dyfishte\/kuptimi-i-taksimit-te-dyfishte\/\",\"url\":\"https:\/\/alprofitconsult.al\/en\/tatime\/individ\/taksimi-i-dyfishte\/kuptimi-i-taksimit-te-dyfishte\/\",\"name\":\"Kuptimi i taksimit t\u00eb dyfisht\u00eb p\u00ebr individ\u00ebt - AlProfit Consult\",\"isPartOf\":{\"@id\":\"https:\/\/alprofitconsult.al\/#website\"},\"primaryImageOfPage\":{\"@id\":\"https:\/\/alprofitconsult.al\/en\/tatime\/individ\/taksimi-i-dyfishte\/kuptimi-i-taksimit-te-dyfishte\/#primaryimage\"},\"image\":{\"@id\":\"https:\/\/alprofitconsult.al\/en\/tatime\/individ\/taksimi-i-dyfishte\/kuptimi-i-taksimit-te-dyfishte\/#primaryimage\"},\"thumbnailUrl\":\"https:\/\/alprofitconsult.al\/wp-content\/uploads\/2022\/10\/AlProfit-Consult-Kuptimi-i-taksimit-te-dyfishte-per-individet.jpg\",\"datePublished\":\"2022-10-08T18:35:43+00:00\",\"dateModified\":\"2022-10-22T11:11:04+00:00\",\"breadcrumb\":{\"@id\":\"https:\/\/alprofitconsult.al\/en\/tatime\/individ\/taksimi-i-dyfishte\/kuptimi-i-taksimit-te-dyfishte\/#breadcrumb\"},\"inLanguage\":\"it-IT\",\"potentialAction\":[{\"@type\":\"ReadAction\",\"target\":[\"https:\/\/alprofitconsult.al\/en\/tatime\/individ\/taksimi-i-dyfishte\/kuptimi-i-taksimit-te-dyfishte\/\"]}]},{\"@type\":\"ImageObject\",\"inLanguage\":\"it-IT\",\"@id\":\"https:\/\/alprofitconsult.al\/en\/tatime\/individ\/taksimi-i-dyfishte\/kuptimi-i-taksimit-te-dyfishte\/#primaryimage\",\"url\":\"https:\/\/alprofitconsult.al\/wp-content\/uploads\/2022\/10\/AlProfit-Consult-Kuptimi-i-taksimit-te-dyfishte-per-individet.jpg\",\"contentUrl\":\"https:\/\/alprofitconsult.al\/wp-content\/uploads\/2022\/10\/AlProfit-Consult-Kuptimi-i-taksimit-te-dyfishte-per-individet.jpg\",\"width\":1920,\"height\":1440},{\"@type\":\"BreadcrumbList\",\"@id\":\"https:\/\/alprofitconsult.al\/en\/tatime\/individ\/taksimi-i-dyfishte\/kuptimi-i-taksimit-te-dyfishte\/#breadcrumb\",\"itemListElement\":[{\"@type\":\"ListItem\",\"position\":1,\"name\":\"Kryefaqe\",\"item\":\"https:\/\/alprofitconsult.al\/\"},{\"@type\":\"ListItem\",\"position\":2,\"name\":\"Legjislacioni tatimor\",\"item\":\"https:\/\/alprofitconsult.al\/en\/tatime\/\"},{\"@type\":\"ListItem\",\"position\":3,\"name\":\"Individ\",\"item\":\"https:\/\/alprofitconsult.al\/en\/tatime\/individ\/\"},{\"@type\":\"ListItem\",\"position\":4,\"name\":\"Private: Taksimi i dyfisht\u00eb\",\"item\":\"https:\/\/alprofitconsult.al\/en\/?page_id=15448\"},{\"@type\":\"ListItem\",\"position\":5,\"name\":\"Kuptimi i taksimit t\u00eb dyfisht\u00eb p\u00ebr individ\u00ebt\"}]},{\"@type\":\"WebSite\",\"@id\":\"https:\/\/alprofitconsult.al\/#website\",\"url\":\"https:\/\/alprofitconsult.al\/\",\"name\":\"AlProfit Consult\",\"description\":\"Zyr\u00eb Kontabiliteti\",\"publisher\":{\"@id\":\"https:\/\/alprofitconsult.al\/#organization\"},\"potentialAction\":[{\"@type\":\"SearchAction\",\"target\":{\"@type\":\"EntryPoint\",\"urlTemplate\":\"https:\/\/alprofitconsult.al\/?s={search_term_string}\"},\"query-input\":{\"@type\":\"PropertyValueSpecification\",\"valueRequired\":true,\"valueName\":\"search_term_string\"}}],\"inLanguage\":\"it-IT\"},{\"@type\":\"Organization\",\"@id\":\"https:\/\/alprofitconsult.al\/#organization\",\"name\":\"Alprofit Consult\",\"url\":\"https:\/\/alprofitconsult.al\/\",\"logo\":{\"@type\":\"ImageObject\",\"inLanguage\":\"it-IT\",\"@id\":\"https:\/\/alprofitconsult.al\/#\/schema\/logo\/image\/\",\"url\":\"https:\/\/alprofitconsult.al\/wp-content\/uploads\/2022\/10\/logoalprofit.png\",\"contentUrl\":\"https:\/\/alprofitconsult.al\/wp-content\/uploads\/2022\/10\/logoalprofit.png\",\"width\":529,\"height\":156,\"caption\":\"Alprofit Consult\"},\"image\":{\"@id\":\"https:\/\/alprofitconsult.al\/#\/schema\/logo\/image\/\"},\"sameAs\":[\"https:\/\/www.facebook.com\/AlProfitConsult\/\",\"https:\/\/x.com\/AlProfitConsult\",\"https:\/\/www.linkedin.com\/company\/andi-haxhillari\/\",\"https:\/\/www.pinterest.com\/AlProfitConsult\/\",\"https:\/\/www.youtube.com\/channel\/UCZ5Gfntn161Nla3g1XdRldA\",\"https:\/\/sq.wikipedia.org\/wiki\/P\u00ebrdoruesi:Andi25~sqwiki\"]}]}<\/script>\n<!-- \/ Yoast SEO plugin. -->","yoast_head_json":{"title":"Kuptimi i taksimit t\u00eb dyfisht\u00eb p\u00ebr individ\u00ebt - AlProfit Consult","robots":{"index":"index","follow":"follow","max-snippet":"max-snippet:-1","max-image-preview":"max-image-preview:large","max-video-preview":"max-video-preview:-1"},"canonical":"https:\/\/alprofitconsult.al\/it\/tasse\/individ\/taksimi-i-dyfishte\/kuptimi-i-taksimit-te-dyfishte\/","og_locale":"it_IT","og_type":"article","og_title":"Kuptimi i taksimit t\u00eb dyfisht\u00eb p\u00ebr individ\u00ebt - AlProfit Consult","og_description":"Tatimi mbi t\u00eb ardhurat zbatohet si p\u00ebr individ\u00ebt rezident\u00eb edhe ato jorezident\u00eb. Individ\u00ebt rezident\u00eb i n\u00ebnshtrohen detyrimit p\u00ebr tatimin mbi t\u00eb ardhurat personale gjat\u00eb periudh\u00ebs tatimore, p\u00ebr t\u00eb gjitha burimet e t\u00eb ardhurave t\u00eb realizuara n\u00eb shkall\u00eb bot\u00ebrore, pra n\u00eb Shqip\u00ebri dhe kudo gjetk\u00eb, Parimi i rezidenc\u00ebs Kur nj\u00eb individ rezident, siguron nga burime jasht\u00eb [&hellip;]","og_url":"https:\/\/alprofitconsult.al\/it\/tasse\/individ\/taksimi-i-dyfishte\/kuptimi-i-taksimit-te-dyfishte\/","og_site_name":"AlProfit Consult","article_publisher":"https:\/\/www.facebook.com\/AlProfitConsult\/","article_modified_time":"2022-10-22T11:11:04+00:00","og_image":[{"width":1920,"height":1440,"url":"https:\/\/alprofitconsult.al\/wp-content\/uploads\/2022\/10\/AlProfit-Consult-Kuptimi-i-taksimit-te-dyfishte-per-individet.jpg","type":"image\/jpeg"}],"twitter_card":"summary_large_image","twitter_site":"@AlProfitConsult","twitter_misc":{"Tempo di lettura stimato":"3 minuti"},"schema":{"@context":"https:\/\/schema.org","@graph":[{"@type":"WebPage","@id":"https:\/\/alprofitconsult.al\/en\/tatime\/individ\/taksimi-i-dyfishte\/kuptimi-i-taksimit-te-dyfishte\/","url":"https:\/\/alprofitconsult.al\/en\/tatime\/individ\/taksimi-i-dyfishte\/kuptimi-i-taksimit-te-dyfishte\/","name":"Kuptimi i taksimit t\u00eb dyfisht\u00eb p\u00ebr individ\u00ebt - AlProfit Consult","isPartOf":{"@id":"https:\/\/alprofitconsult.al\/#website"},"primaryImageOfPage":{"@id":"https:\/\/alprofitconsult.al\/en\/tatime\/individ\/taksimi-i-dyfishte\/kuptimi-i-taksimit-te-dyfishte\/#primaryimage"},"image":{"@id":"https:\/\/alprofitconsult.al\/en\/tatime\/individ\/taksimi-i-dyfishte\/kuptimi-i-taksimit-te-dyfishte\/#primaryimage"},"thumbnailUrl":"https:\/\/alprofitconsult.al\/wp-content\/uploads\/2022\/10\/AlProfit-Consult-Kuptimi-i-taksimit-te-dyfishte-per-individet.jpg","datePublished":"2022-10-08T18:35:43+00:00","dateModified":"2022-10-22T11:11:04+00:00","breadcrumb":{"@id":"https:\/\/alprofitconsult.al\/en\/tatime\/individ\/taksimi-i-dyfishte\/kuptimi-i-taksimit-te-dyfishte\/#breadcrumb"},"inLanguage":"it-IT","potentialAction":[{"@type":"ReadAction","target":["https:\/\/alprofitconsult.al\/en\/tatime\/individ\/taksimi-i-dyfishte\/kuptimi-i-taksimit-te-dyfishte\/"]}]},{"@type":"ImageObject","inLanguage":"it-IT","@id":"https:\/\/alprofitconsult.al\/en\/tatime\/individ\/taksimi-i-dyfishte\/kuptimi-i-taksimit-te-dyfishte\/#primaryimage","url":"https:\/\/alprofitconsult.al\/wp-content\/uploads\/2022\/10\/AlProfit-Consult-Kuptimi-i-taksimit-te-dyfishte-per-individet.jpg","contentUrl":"https:\/\/alprofitconsult.al\/wp-content\/uploads\/2022\/10\/AlProfit-Consult-Kuptimi-i-taksimit-te-dyfishte-per-individet.jpg","width":1920,"height":1440},{"@type":"BreadcrumbList","@id":"https:\/\/alprofitconsult.al\/en\/tatime\/individ\/taksimi-i-dyfishte\/kuptimi-i-taksimit-te-dyfishte\/#breadcrumb","itemListElement":[{"@type":"ListItem","position":1,"name":"Kryefaqe","item":"https:\/\/alprofitconsult.al\/"},{"@type":"ListItem","position":2,"name":"Legjislacioni tatimor","item":"https:\/\/alprofitconsult.al\/en\/tatime\/"},{"@type":"ListItem","position":3,"name":"Individ","item":"https:\/\/alprofitconsult.al\/en\/tatime\/individ\/"},{"@type":"ListItem","position":4,"name":"Private: Taksimi i dyfisht\u00eb","item":"https:\/\/alprofitconsult.al\/en\/?page_id=15448"},{"@type":"ListItem","position":5,"name":"Kuptimi i taksimit t\u00eb dyfisht\u00eb p\u00ebr individ\u00ebt"}]},{"@type":"WebSite","@id":"https:\/\/alprofitconsult.al\/#website","url":"https:\/\/alprofitconsult.al\/","name":"AlProfit Consult","description":"Ufficio contabilit\u00e0","publisher":{"@id":"https:\/\/alprofitconsult.al\/#organization"},"potentialAction":[{"@type":"SearchAction","target":{"@type":"EntryPoint","urlTemplate":"https:\/\/alprofitconsult.al\/?s={search_term_string}"},"query-input":{"@type":"PropertyValueSpecification","valueRequired":true,"valueName":"search_term_string"}}],"inLanguage":"it-IT"},{"@type":"Organization","@id":"https:\/\/alprofitconsult.al\/#organization","name":"Alprofit Consult","url":"https:\/\/alprofitconsult.al\/","logo":{"@type":"ImageObject","inLanguage":"it-IT","@id":"https:\/\/alprofitconsult.al\/#\/schema\/logo\/image\/","url":"https:\/\/alprofitconsult.al\/wp-content\/uploads\/2022\/10\/logoalprofit.png","contentUrl":"https:\/\/alprofitconsult.al\/wp-content\/uploads\/2022\/10\/logoalprofit.png","width":529,"height":156,"caption":"Alprofit Consult"},"image":{"@id":"https:\/\/alprofitconsult.al\/#\/schema\/logo\/image\/"},"sameAs":["https:\/\/www.facebook.com\/AlProfitConsult\/","https:\/\/x.com\/AlProfitConsult","https:\/\/www.linkedin.com\/company\/andi-haxhillari\/","https:\/\/www.pinterest.com\/AlProfitConsult\/","https:\/\/www.youtube.com\/channel\/UCZ5Gfntn161Nla3g1XdRldA","https:\/\/sq.wikipedia.org\/wiki\/P\u00ebrdoruesi:Andi25~sqwiki"]}]}},"_links":{"self":[{"href":"https:\/\/alprofitconsult.al\/it\/wp-json\/wp\/v2\/pages\/15449","targetHints":{"allow":["GET"]}}],"collection":[{"href":"https:\/\/alprofitconsult.al\/it\/wp-json\/wp\/v2\/pages"}],"about":[{"href":"https:\/\/alprofitconsult.al\/it\/wp-json\/wp\/v2\/types\/page"}],"author":[{"embeddable":true,"href":"https:\/\/alprofitconsult.al\/it\/wp-json\/wp\/v2\/users\/1"}],"replies":[{"embeddable":true,"href":"https:\/\/alprofitconsult.al\/it\/wp-json\/wp\/v2\/comments?post=15449"}],"version-history":[{"count":5,"href":"https:\/\/alprofitconsult.al\/it\/wp-json\/wp\/v2\/pages\/15449\/revisions"}],"predecessor-version":[{"id":17093,"href":"https:\/\/alprofitconsult.al\/it\/wp-json\/wp\/v2\/pages\/15449\/revisions\/17093"}],"up":[{"embeddable":true,"href":"https:\/\/alprofitconsult.al\/it\/wp-json\/wp\/v2\/pages\/15448"}],"wp:featuredmedia":[{"embeddable":true,"href":"https:\/\/alprofitconsult.al\/it\/wp-json\/wp\/v2\/media\/15786"}],"wp:attachment":[{"href":"https:\/\/alprofitconsult.al\/it\/wp-json\/wp\/v2\/media?parent=15449"}],"curies":[{"name":"wp","href":"https:\/\/api.w.org\/{rel}","templated":true}]}}