{"id":15450,"date":"2022-10-08T18:35:44","date_gmt":"2022-10-08T18:35:44","guid":{"rendered":"https:\/\/alprofitconsult.al\/?page_id=15450"},"modified":"2022-10-22T11:11:24","modified_gmt":"2022-10-22T11:11:24","slug":"disa-raste-nga-praktika","status":"publish","type":"page","link":"https:\/\/alprofitconsult.al\/it\/tatime\/individ\/taksimi-i-dyfishte\/disa-raste-nga-praktika\/","title":{"rendered":"Disa raste nga praktika p\u00ebr taksimin e dyfisht\u00eb t\u00eb individ\u00ebve t\u00eb huaj n\u00eb Shqip\u00ebri"},"content":{"rendered":"<div class=\"yoast-breadcrumbs\"><span><span><a href=\"https:\/\/alprofitconsult.al\/it\/\">Home page<\/a><\/span> | <span><a href=\"https:\/\/alprofitconsult.al\/en\/tatime\/\">Normativa fiscale<\/a><\/span> | <span><a href=\"https:\/\/alprofitconsult.al\/en\/tatime\/individ\/\">individuale<\/a><\/span> | <span><a href=\"https:\/\/alprofitconsult.al\/en\/?page_id=15448\">Private: Taksimi i dyfisht\u00eb<\/a><\/span> | <span class=\"breadcrumb_last\" aria-current=\"page\">Disa raste nga praktika p\u00ebr taksimin e dyfisht\u00eb t\u00eb individ\u00ebve t\u00eb huaj n\u00eb Shqip\u00ebri<\/span><\/span><\/div>\n\n\n<p><\/p>\n\n\n\n<figure class=\"wp-block-image size-large\"><img loading=\"lazy\" decoding=\"async\" width=\"1024\" height=\"706\" src=\"https:\/\/alprofitconsult.al\/wp-content\/uploads\/2022\/10\/AlProfit-Consult-Disa-raste-nga-praktika-te-huajit-1024x706.jpg\" alt=\"\" class=\"wp-image-15797\" srcset=\"https:\/\/alprofitconsult.al\/wp-content\/uploads\/2022\/10\/AlProfit-Consult-Disa-raste-nga-praktika-te-huajit-1024x706.jpg 1024w, https:\/\/alprofitconsult.al\/wp-content\/uploads\/2022\/10\/AlProfit-Consult-Disa-raste-nga-praktika-te-huajit-300x207.jpg 300w, https:\/\/alprofitconsult.al\/wp-content\/uploads\/2022\/10\/AlProfit-Consult-Disa-raste-nga-praktika-te-huajit-150x103.jpg 150w, https:\/\/alprofitconsult.al\/wp-content\/uploads\/2022\/10\/AlProfit-Consult-Disa-raste-nga-praktika-te-huajit-768x530.jpg 768w, https:\/\/alprofitconsult.al\/wp-content\/uploads\/2022\/10\/AlProfit-Consult-Disa-raste-nga-praktika-te-huajit-1536x1059.jpg 1536w, https:\/\/alprofitconsult.al\/wp-content\/uploads\/2022\/10\/AlProfit-Consult-Disa-raste-nga-praktika-te-huajit.jpg 1920w\" sizes=\"auto, (max-width: 1024px) 100vw, 1024px\" \/><\/figure>\n\n\n\n<h4 class=\"wp-block-heading\">Taksimi i t\u00eb ardhurave pasive me burim n\u00eb Shqip\u00ebri t\u00eb p\u00ebrfituara nga jorezident\u00ebt<\/h4>\n\n\n\n<p>N\u00ebse je i huaj por p\u00ebrfiton t\u00eb ardhura pasive me burim nga Republika e Shqip\u00ebris\u00eb (t\u00eb ardhura nga divident\u00ebt, interesat, honoraret) do t\u00eb paguani tatimin n\u00eb Republik\u00ebn e Shqip\u00ebris\u00eb.<\/p>\n\n\n\n<p>N\u00ebse p\u00ebrfitoni nga marr\u00ebveshjet tatimore n\u00eb fuqi, masa e tatimit t\u00eb paguar n\u00eb Shqip\u00ebri do t\u00eb jete ajo e p\u00ebrcaktuar n\u00eb marr\u00ebveshjen tatimore.<\/p>\n\n\n\n<h4 class=\"wp-block-heading\">I huaj q\u00eb punon n\u00eb Shqip\u00ebri<\/h4>\n\n\n\n<p>N\u00eb qoft\u00eb se je i huaj q\u00eb punon ne Shqip\u00ebri, i r\u00ebnd\u00ebsish\u00ebm \u00ebsht\u00eb afati i q\u00ebndrimit: n\u00ebse ky \u00ebsht\u00eb i p\u00ebrkohsh\u00ebm, apo i vazhduesh\u00ebm.<\/p>\n\n\n\n<p>N\u00ebse \u00ebsht\u00eb i p\u00ebrkohsh\u00ebm dhe dendron m\u00eb pak 183 dit\u00eb brenda nj\u00eb viti, do t\u00eb jeni jo rezident p\u00ebr q\u00ebllime tatimore n\u00eb Shqip\u00ebri. Gjithashtu n\u00ebse pun\u00ebdh\u00ebn\u00ebsi juaj \u00ebsht\u00eb jo rezident dhe shp\u00ebrblimi nuk ka lindur nga nj\u00eb seli e p\u00ebrhershme ose baz\u00eb fikse q\u00eb pun\u00ebdh\u00ebn\u00ebsi ka n\u00eb Shqip\u00ebri, t\u00eb ardhurat tuaja nga pun\u00ebsimi do t\u00eb tatohen vet\u00ebm n\u00eb vendin e rezidenc\u00ebs tuaj.<\/p>\n\n\n\n<p>Kushtet e m\u00ebsip\u00ebrme duhet te plot\u00ebsohen nj\u00ebkoh\u00ebsisht. N\u00ebse nj\u00ebri nga kushtet nuk plot\u00ebsohet t\u00eb ardhurat tuaja nga pun\u00ebsimi do t\u00eb tatohen n\u00eb Shqip\u00ebri.<\/p>\n\n\n\n<blockquote class=\"wp-block-quote is-layout-flow wp-block-quote-is-layout-flow\"><p>N\u00ebse q\u00ebndroni m\u00eb shum\u00eb se m\u00eb shume 183 dit\u00eb brenda nj\u00eb viti do t\u00eb jeni rezident p\u00ebr q\u00ebllime tatimore n\u00eb Shqip\u00ebri.<\/p><\/blockquote>\n\n\n\n<h4 class=\"wp-block-heading\">I huaj q\u00eb studion n\u00eb Shqip\u00ebri<\/h4>\n\n\n\n<p>N\u00ebse jeni student apo ndiqni kurse trajnimi apo kualifikimi n\u00eb Shqip\u00ebri, t\u00eb ardhurat tuaja nuk do jen\u00eb t\u00eb tatueshme n\u00eb Shqip\u00ebri n\u00ebse ato jan\u00eb me burim jasht\u00eb territorit t\u00eb Republik\u00ebs s\u00eb Shqip\u00ebris\u00eb.<\/p>\n\n\n\n<h4 class=\"wp-block-heading\">I huaj q\u00eb zot\u00ebron pasuri t\u00eb paluajtshme n\u00eb Shqip\u00ebri<\/h4>\n\n\n\n<p>N\u00ebse je i huaj dhe zot\u00ebron pasuri t\u00eb paluajtshme n\u00eb Shqip\u00ebri t\u00eb ardhurat q\u00eb rrjedhin nga kjo pasuri, nga p\u00ebrdorimi direkt, dh\u00ebnia me qira, ose \u00e7do forme tjet\u00ebr p\u00ebrdorimi i pasurive t\u00eb paluajtshme do t\u00eb tatohen n\u00eb Shqip\u00ebri.<\/p>\n\n\n\n<p>Fonte: <a href=\"https:\/\/www.tatime.gov.al\/c\/3\/13\/33\/disa-raste-nga-praktika\" target=\"_blank\" rel=\"noreferrer noopener\">Direzione Generale delle Imposte.<\/a><\/p>\n\n\n<div class=\"gdlr-core-widget-box-shortcode\" style=\"color: #ffffff ;background-color: #000014 ;\"  ><h3 class=\"gdlr-core-widget-box-shortcode-title\" style=\"color: #ffffff ;\"  >Hai qualche domanda?<\/h3><div class=\"gdlr-core-widget-box-shortcode-content\" ><p class=\"translation-block\">Non esitare a <a href=\"https:\/\/alprofitconsult.al\/it\/contact\/\" target=\"_self\">contattarci. Siamo un team di esperti e saremo lieti di parlare con te.<\/p>\n<\/div><\/div>","protected":false},"excerpt":{"rendered":"<p>Taksimi i t\u00eb ardhurave pasive me burim n\u00eb Shqip\u00ebri t\u00eb p\u00ebrfituara nga jorezident\u00ebt N\u00ebse je i huaj por p\u00ebrfiton t\u00eb ardhura pasive me burim nga Republika e Shqip\u00ebris\u00eb (t\u00eb ardhura nga divident\u00ebt, interesat, honoraret) do t\u00eb paguani tatimin n\u00eb Republik\u00ebn e Shqip\u00ebris\u00eb. N\u00ebse p\u00ebrfitoni nga marr\u00ebveshjet tatimore n\u00eb fuqi, masa e tatimit t\u00eb paguar n\u00eb [&hellip;]<\/p>\n","protected":false},"author":1,"featured_media":15797,"parent":15448,"menu_order":0,"comment_status":"closed","ping_status":"closed","template":"","meta":{"footnotes":""},"class_list":["post-15450","page","type-page","status-publish","has-post-thumbnail","hentry"],"yoast_head":"<!-- This site is optimized with the Yoast SEO plugin v26.5 - https:\/\/yoast.com\/wordpress\/plugins\/seo\/ -->\n<title>Disa raste nga praktika p\u00ebr taksimin e dyfisht\u00eb t\u00eb individ\u00ebve t\u00eb huaj n\u00eb Shqip\u00ebri - AlProfit Consult<\/title>\n<meta name=\"robots\" content=\"index, follow, max-snippet:-1, max-image-preview:large, max-video-preview:-1\" \/>\n<link rel=\"canonical\" href=\"https:\/\/alprofitconsult.al\/it\/tasse\/individ\/taksimi-i-dyfishte\/disa-raste-nga-praktika\/\" \/>\n<meta property=\"og:locale\" content=\"it_IT\" \/>\n<meta property=\"og:type\" content=\"article\" \/>\n<meta property=\"og:title\" content=\"Disa raste nga praktika p\u00ebr taksimin e dyfisht\u00eb t\u00eb individ\u00ebve t\u00eb huaj n\u00eb Shqip\u00ebri - AlProfit Consult\" \/>\n<meta property=\"og:description\" content=\"Taksimi i t\u00eb ardhurave pasive me burim n\u00eb Shqip\u00ebri t\u00eb p\u00ebrfituara nga jorezident\u00ebt N\u00ebse je i huaj por p\u00ebrfiton t\u00eb ardhura pasive me burim nga Republika e Shqip\u00ebris\u00eb (t\u00eb ardhura nga divident\u00ebt, interesat, honoraret) do t\u00eb paguani tatimin n\u00eb Republik\u00ebn e Shqip\u00ebris\u00eb. N\u00ebse p\u00ebrfitoni nga marr\u00ebveshjet tatimore n\u00eb fuqi, masa e tatimit t\u00eb paguar n\u00eb [&hellip;]\" \/>\n<meta property=\"og:url\" content=\"https:\/\/alprofitconsult.al\/it\/tasse\/individ\/taksimi-i-dyfishte\/disa-raste-nga-praktika\/\" \/>\n<meta property=\"og:site_name\" content=\"AlProfit Consult\" \/>\n<meta property=\"article:publisher\" content=\"https:\/\/www.facebook.com\/AlProfitConsult\/\" \/>\n<meta property=\"article:modified_time\" content=\"2022-10-22T11:11:24+00:00\" \/>\n<meta property=\"og:image\" content=\"https:\/\/alprofitconsult.al\/wp-content\/uploads\/2022\/10\/AlProfit-Consult-Disa-raste-nga-praktika-te-huajit.jpg\" \/>\n\t<meta property=\"og:image:width\" content=\"1920\" \/>\n\t<meta property=\"og:image:height\" content=\"1324\" \/>\n\t<meta property=\"og:image:type\" content=\"image\/jpeg\" \/>\n<meta name=\"twitter:card\" content=\"summary_large_image\" \/>\n<meta name=\"twitter:site\" content=\"@AlProfitConsult\" \/>\n<meta name=\"twitter:label1\" content=\"Tempo di lettura stimato\" \/>\n\t<meta name=\"twitter:data1\" content=\"2 minuti\" \/>\n<script type=\"application\/ld+json\" class=\"yoast-schema-graph\">{\"@context\":\"https:\/\/schema.org\",\"@graph\":[{\"@type\":\"WebPage\",\"@id\":\"https:\/\/alprofitconsult.al\/en\/tatime\/individ\/taksimi-i-dyfishte\/disa-raste-nga-praktika\/\",\"url\":\"https:\/\/alprofitconsult.al\/en\/tatime\/individ\/taksimi-i-dyfishte\/disa-raste-nga-praktika\/\",\"name\":\"Disa raste nga praktika p\u00ebr taksimin e dyfisht\u00eb t\u00eb individ\u00ebve t\u00eb huaj n\u00eb Shqip\u00ebri - AlProfit Consult\",\"isPartOf\":{\"@id\":\"https:\/\/alprofitconsult.al\/#website\"},\"primaryImageOfPage\":{\"@id\":\"https:\/\/alprofitconsult.al\/en\/tatime\/individ\/taksimi-i-dyfishte\/disa-raste-nga-praktika\/#primaryimage\"},\"image\":{\"@id\":\"https:\/\/alprofitconsult.al\/en\/tatime\/individ\/taksimi-i-dyfishte\/disa-raste-nga-praktika\/#primaryimage\"},\"thumbnailUrl\":\"https:\/\/alprofitconsult.al\/wp-content\/uploads\/2022\/10\/AlProfit-Consult-Disa-raste-nga-praktika-te-huajit.jpg\",\"datePublished\":\"2022-10-08T18:35:44+00:00\",\"dateModified\":\"2022-10-22T11:11:24+00:00\",\"breadcrumb\":{\"@id\":\"https:\/\/alprofitconsult.al\/en\/tatime\/individ\/taksimi-i-dyfishte\/disa-raste-nga-praktika\/#breadcrumb\"},\"inLanguage\":\"it-IT\",\"potentialAction\":[{\"@type\":\"ReadAction\",\"target\":[\"https:\/\/alprofitconsult.al\/en\/tatime\/individ\/taksimi-i-dyfishte\/disa-raste-nga-praktika\/\"]}]},{\"@type\":\"ImageObject\",\"inLanguage\":\"it-IT\",\"@id\":\"https:\/\/alprofitconsult.al\/en\/tatime\/individ\/taksimi-i-dyfishte\/disa-raste-nga-praktika\/#primaryimage\",\"url\":\"https:\/\/alprofitconsult.al\/wp-content\/uploads\/2022\/10\/AlProfit-Consult-Disa-raste-nga-praktika-te-huajit.jpg\",\"contentUrl\":\"https:\/\/alprofitconsult.al\/wp-content\/uploads\/2022\/10\/AlProfit-Consult-Disa-raste-nga-praktika-te-huajit.jpg\",\"width\":1920,\"height\":1324},{\"@type\":\"BreadcrumbList\",\"@id\":\"https:\/\/alprofitconsult.al\/en\/tatime\/individ\/taksimi-i-dyfishte\/disa-raste-nga-praktika\/#breadcrumb\",\"itemListElement\":[{\"@type\":\"ListItem\",\"position\":1,\"name\":\"Kryefaqe\",\"item\":\"https:\/\/alprofitconsult.al\/\"},{\"@type\":\"ListItem\",\"position\":2,\"name\":\"Legjislacioni tatimor\",\"item\":\"https:\/\/alprofitconsult.al\/en\/tatime\/\"},{\"@type\":\"ListItem\",\"position\":3,\"name\":\"Individ\",\"item\":\"https:\/\/alprofitconsult.al\/en\/tatime\/individ\/\"},{\"@type\":\"ListItem\",\"position\":4,\"name\":\"Private: Taksimi i dyfisht\u00eb\",\"item\":\"https:\/\/alprofitconsult.al\/en\/?page_id=15448\"},{\"@type\":\"ListItem\",\"position\":5,\"name\":\"Disa raste nga praktika p\u00ebr taksimin e dyfisht\u00eb t\u00eb individ\u00ebve t\u00eb huaj n\u00eb Shqip\u00ebri\"}]},{\"@type\":\"WebSite\",\"@id\":\"https:\/\/alprofitconsult.al\/#website\",\"url\":\"https:\/\/alprofitconsult.al\/\",\"name\":\"AlProfit Consult\",\"description\":\"Zyr\u00eb Kontabiliteti\",\"publisher\":{\"@id\":\"https:\/\/alprofitconsult.al\/#organization\"},\"potentialAction\":[{\"@type\":\"SearchAction\",\"target\":{\"@type\":\"EntryPoint\",\"urlTemplate\":\"https:\/\/alprofitconsult.al\/?s={search_term_string}\"},\"query-input\":{\"@type\":\"PropertyValueSpecification\",\"valueRequired\":true,\"valueName\":\"search_term_string\"}}],\"inLanguage\":\"it-IT\"},{\"@type\":\"Organization\",\"@id\":\"https:\/\/alprofitconsult.al\/#organization\",\"name\":\"Alprofit Consult\",\"url\":\"https:\/\/alprofitconsult.al\/\",\"logo\":{\"@type\":\"ImageObject\",\"inLanguage\":\"it-IT\",\"@id\":\"https:\/\/alprofitconsult.al\/#\/schema\/logo\/image\/\",\"url\":\"https:\/\/alprofitconsult.al\/wp-content\/uploads\/2022\/10\/logoalprofit.png\",\"contentUrl\":\"https:\/\/alprofitconsult.al\/wp-content\/uploads\/2022\/10\/logoalprofit.png\",\"width\":529,\"height\":156,\"caption\":\"Alprofit Consult\"},\"image\":{\"@id\":\"https:\/\/alprofitconsult.al\/#\/schema\/logo\/image\/\"},\"sameAs\":[\"https:\/\/www.facebook.com\/AlProfitConsult\/\",\"https:\/\/x.com\/AlProfitConsult\",\"https:\/\/www.linkedin.com\/company\/andi-haxhillari\/\",\"https:\/\/www.pinterest.com\/AlProfitConsult\/\",\"https:\/\/www.youtube.com\/channel\/UCZ5Gfntn161Nla3g1XdRldA\",\"https:\/\/sq.wikipedia.org\/wiki\/P\u00ebrdoruesi:Andi25~sqwiki\"]}]}<\/script>\n<!-- \/ Yoast SEO plugin. -->","yoast_head_json":{"title":"Disa raste nga praktika p\u00ebr taksimin e dyfisht\u00eb t\u00eb individ\u00ebve t\u00eb huaj n\u00eb Shqip\u00ebri - AlProfit Consult","robots":{"index":"index","follow":"follow","max-snippet":"max-snippet:-1","max-image-preview":"max-image-preview:large","max-video-preview":"max-video-preview:-1"},"canonical":"https:\/\/alprofitconsult.al\/it\/tasse\/individ\/taksimi-i-dyfishte\/disa-raste-nga-praktika\/","og_locale":"it_IT","og_type":"article","og_title":"Disa raste nga praktika p\u00ebr taksimin e dyfisht\u00eb t\u00eb individ\u00ebve t\u00eb huaj n\u00eb Shqip\u00ebri - AlProfit Consult","og_description":"Taksimi i t\u00eb ardhurave pasive me burim n\u00eb Shqip\u00ebri t\u00eb p\u00ebrfituara nga jorezident\u00ebt N\u00ebse je i huaj por p\u00ebrfiton t\u00eb ardhura pasive me burim nga Republika e Shqip\u00ebris\u00eb (t\u00eb ardhura nga divident\u00ebt, interesat, honoraret) do t\u00eb paguani tatimin n\u00eb Republik\u00ebn e Shqip\u00ebris\u00eb. N\u00ebse p\u00ebrfitoni nga marr\u00ebveshjet tatimore n\u00eb fuqi, masa e tatimit t\u00eb paguar n\u00eb [&hellip;]","og_url":"https:\/\/alprofitconsult.al\/it\/tasse\/individ\/taksimi-i-dyfishte\/disa-raste-nga-praktika\/","og_site_name":"AlProfit Consult","article_publisher":"https:\/\/www.facebook.com\/AlProfitConsult\/","article_modified_time":"2022-10-22T11:11:24+00:00","og_image":[{"width":1920,"height":1324,"url":"https:\/\/alprofitconsult.al\/wp-content\/uploads\/2022\/10\/AlProfit-Consult-Disa-raste-nga-praktika-te-huajit.jpg","type":"image\/jpeg"}],"twitter_card":"summary_large_image","twitter_site":"@AlProfitConsult","twitter_misc":{"Tempo di lettura stimato":"2 minuti"},"schema":{"@context":"https:\/\/schema.org","@graph":[{"@type":"WebPage","@id":"https:\/\/alprofitconsult.al\/en\/tatime\/individ\/taksimi-i-dyfishte\/disa-raste-nga-praktika\/","url":"https:\/\/alprofitconsult.al\/en\/tatime\/individ\/taksimi-i-dyfishte\/disa-raste-nga-praktika\/","name":"Disa raste nga praktika p\u00ebr taksimin e dyfisht\u00eb t\u00eb individ\u00ebve t\u00eb huaj n\u00eb Shqip\u00ebri - AlProfit Consult","isPartOf":{"@id":"https:\/\/alprofitconsult.al\/#website"},"primaryImageOfPage":{"@id":"https:\/\/alprofitconsult.al\/en\/tatime\/individ\/taksimi-i-dyfishte\/disa-raste-nga-praktika\/#primaryimage"},"image":{"@id":"https:\/\/alprofitconsult.al\/en\/tatime\/individ\/taksimi-i-dyfishte\/disa-raste-nga-praktika\/#primaryimage"},"thumbnailUrl":"https:\/\/alprofitconsult.al\/wp-content\/uploads\/2022\/10\/AlProfit-Consult-Disa-raste-nga-praktika-te-huajit.jpg","datePublished":"2022-10-08T18:35:44+00:00","dateModified":"2022-10-22T11:11:24+00:00","breadcrumb":{"@id":"https:\/\/alprofitconsult.al\/en\/tatime\/individ\/taksimi-i-dyfishte\/disa-raste-nga-praktika\/#breadcrumb"},"inLanguage":"it-IT","potentialAction":[{"@type":"ReadAction","target":["https:\/\/alprofitconsult.al\/en\/tatime\/individ\/taksimi-i-dyfishte\/disa-raste-nga-praktika\/"]}]},{"@type":"ImageObject","inLanguage":"it-IT","@id":"https:\/\/alprofitconsult.al\/en\/tatime\/individ\/taksimi-i-dyfishte\/disa-raste-nga-praktika\/#primaryimage","url":"https:\/\/alprofitconsult.al\/wp-content\/uploads\/2022\/10\/AlProfit-Consult-Disa-raste-nga-praktika-te-huajit.jpg","contentUrl":"https:\/\/alprofitconsult.al\/wp-content\/uploads\/2022\/10\/AlProfit-Consult-Disa-raste-nga-praktika-te-huajit.jpg","width":1920,"height":1324},{"@type":"BreadcrumbList","@id":"https:\/\/alprofitconsult.al\/en\/tatime\/individ\/taksimi-i-dyfishte\/disa-raste-nga-praktika\/#breadcrumb","itemListElement":[{"@type":"ListItem","position":1,"name":"Kryefaqe","item":"https:\/\/alprofitconsult.al\/"},{"@type":"ListItem","position":2,"name":"Legjislacioni tatimor","item":"https:\/\/alprofitconsult.al\/en\/tatime\/"},{"@type":"ListItem","position":3,"name":"Individ","item":"https:\/\/alprofitconsult.al\/en\/tatime\/individ\/"},{"@type":"ListItem","position":4,"name":"Private: Taksimi i dyfisht\u00eb","item":"https:\/\/alprofitconsult.al\/en\/?page_id=15448"},{"@type":"ListItem","position":5,"name":"Disa raste nga praktika p\u00ebr taksimin e dyfisht\u00eb t\u00eb individ\u00ebve t\u00eb huaj n\u00eb Shqip\u00ebri"}]},{"@type":"WebSite","@id":"https:\/\/alprofitconsult.al\/#website","url":"https:\/\/alprofitconsult.al\/","name":"AlProfit Consult","description":"Ufficio contabilit\u00e0","publisher":{"@id":"https:\/\/alprofitconsult.al\/#organization"},"potentialAction":[{"@type":"SearchAction","target":{"@type":"EntryPoint","urlTemplate":"https:\/\/alprofitconsult.al\/?s={search_term_string}"},"query-input":{"@type":"PropertyValueSpecification","valueRequired":true,"valueName":"search_term_string"}}],"inLanguage":"it-IT"},{"@type":"Organization","@id":"https:\/\/alprofitconsult.al\/#organization","name":"Alprofit Consult","url":"https:\/\/alprofitconsult.al\/","logo":{"@type":"ImageObject","inLanguage":"it-IT","@id":"https:\/\/alprofitconsult.al\/#\/schema\/logo\/image\/","url":"https:\/\/alprofitconsult.al\/wp-content\/uploads\/2022\/10\/logoalprofit.png","contentUrl":"https:\/\/alprofitconsult.al\/wp-content\/uploads\/2022\/10\/logoalprofit.png","width":529,"height":156,"caption":"Alprofit Consult"},"image":{"@id":"https:\/\/alprofitconsult.al\/#\/schema\/logo\/image\/"},"sameAs":["https:\/\/www.facebook.com\/AlProfitConsult\/","https:\/\/x.com\/AlProfitConsult","https:\/\/www.linkedin.com\/company\/andi-haxhillari\/","https:\/\/www.pinterest.com\/AlProfitConsult\/","https:\/\/www.youtube.com\/channel\/UCZ5Gfntn161Nla3g1XdRldA","https:\/\/sq.wikipedia.org\/wiki\/P\u00ebrdoruesi:Andi25~sqwiki"]}]}},"_links":{"self":[{"href":"https:\/\/alprofitconsult.al\/it\/wp-json\/wp\/v2\/pages\/15450","targetHints":{"allow":["GET"]}}],"collection":[{"href":"https:\/\/alprofitconsult.al\/it\/wp-json\/wp\/v2\/pages"}],"about":[{"href":"https:\/\/alprofitconsult.al\/it\/wp-json\/wp\/v2\/types\/page"}],"author":[{"embeddable":true,"href":"https:\/\/alprofitconsult.al\/it\/wp-json\/wp\/v2\/users\/1"}],"replies":[{"embeddable":true,"href":"https:\/\/alprofitconsult.al\/it\/wp-json\/wp\/v2\/comments?post=15450"}],"version-history":[{"count":5,"href":"https:\/\/alprofitconsult.al\/it\/wp-json\/wp\/v2\/pages\/15450\/revisions"}],"predecessor-version":[{"id":17094,"href":"https:\/\/alprofitconsult.al\/it\/wp-json\/wp\/v2\/pages\/15450\/revisions\/17094"}],"up":[{"embeddable":true,"href":"https:\/\/alprofitconsult.al\/it\/wp-json\/wp\/v2\/pages\/15448"}],"wp:featuredmedia":[{"embeddable":true,"href":"https:\/\/alprofitconsult.al\/it\/wp-json\/wp\/v2\/media\/15797"}],"wp:attachment":[{"href":"https:\/\/alprofitconsult.al\/it\/wp-json\/wp\/v2\/media?parent=15450"}],"curies":[{"name":"wp","href":"https:\/\/api.w.org\/{rel}","templated":true}]}}