{"id":15457,"date":"2022-10-08T18:35:46","date_gmt":"2022-10-08T18:35:46","guid":{"rendered":"https:\/\/alprofitconsult.al\/?page_id=15457"},"modified":"2024-11-29T23:48:58","modified_gmt":"2024-11-29T23:48:58","slug":"tatimi-i-thjeshtuar-mbi-fitimin-e-biznesit-te-vogel","status":"publish","type":"page","link":"https:\/\/alprofitconsult.al\/it\/tatime\/sipermarres\/te-veprosh-si-nje-biznes\/tatimi-i-thjeshtuar-mbi-fitimin-e-biznesit-te-vogel\/","title":{"rendered":"Imposta semplificata sugli utili delle piccole imprese"},"content":{"rendered":"<div class=\"yoast-breadcrumbs\"><span><span><a href=\"https:\/\/alprofitconsult.al\/it\/\">Pagina Iniziale<\/a><\/span> | <span><a href=\"https:\/\/alprofitconsult.al\/en\/tatime\/\">Normativa fiscale<\/a><\/span> | <span><a href=\"https:\/\/alprofitconsult.al\/en\/tatime\/sipermarres\/\">Imprenditore<\/a><\/span> | <span><a href=\"https:\/\/alprofitconsult.al\/en\/tatime\/sipermarres\/te-veprosh-si-nje-biznes\/\">Operare come impresa<\/a><\/span> | <span class=\"breadcrumb_last\" aria-current=\"page\">Imposta semplificata sugli utili delle piccole imprese<\/span><\/span><\/div>\n\n\n<p><\/p>\n\n\n\n<figure class=\"wp-block-image size-large\"><img loading=\"lazy\" decoding=\"async\" width=\"1024\" height=\"683\" src=\"https:\/\/alprofitconsult.al\/wp-content\/uploads\/2022\/10\/AlProfit-Consult-Tatimi-i-thjeshtuar-mbi-fitimin-e-biznesit-te-vogel-1024x683.jpg\" alt=\"\" class=\"wp-image-15877\" srcset=\"https:\/\/alprofitconsult.al\/wp-content\/uploads\/2022\/10\/AlProfit-Consult-Tatimi-i-thjeshtuar-mbi-fitimin-e-biznesit-te-vogel-1024x683.jpg 1024w, https:\/\/alprofitconsult.al\/wp-content\/uploads\/2022\/10\/AlProfit-Consult-Tatimi-i-thjeshtuar-mbi-fitimin-e-biznesit-te-vogel-300x200.jpg 300w, https:\/\/alprofitconsult.al\/wp-content\/uploads\/2022\/10\/AlProfit-Consult-Tatimi-i-thjeshtuar-mbi-fitimin-e-biznesit-te-vogel-150x100.jpg 150w, https:\/\/alprofitconsult.al\/wp-content\/uploads\/2022\/10\/AlProfit-Consult-Tatimi-i-thjeshtuar-mbi-fitimin-e-biznesit-te-vogel-768x512.jpg 768w, https:\/\/alprofitconsult.al\/wp-content\/uploads\/2022\/10\/AlProfit-Consult-Tatimi-i-thjeshtuar-mbi-fitimin-e-biznesit-te-vogel-1536x1024.jpg 1536w, https:\/\/alprofitconsult.al\/wp-content\/uploads\/2022\/10\/AlProfit-Consult-Tatimi-i-thjeshtuar-mbi-fitimin-e-biznesit-te-vogel.jpg 1920w\" sizes=\"auto, (max-width: 1024px) 100vw, 1024px\" \/><\/figure>\n\n\n\n<blockquote class=\"wp-block-quote is-layout-flow wp-block-quote-is-layout-flow\">\n<p>Le seguenti informazioni sono valide e applicabili fino al 31 dicembre 2023, data di entrata in vigore della nuova legge n. <a href=\"https:\/\/alprofitconsult.al\/wp-content\/uploads\/2023\/11\/LIGJ-NR.-29-2023-PER-TATIMIN-MBI-TE-ARDHURAT-4.pdf\" target=\"_blank\" rel=\"noreferrer noopener\">29\/2023<\/a> per l'imposta sul reddito. Visita il nostro sito web per maggiori dettagli e informazioni aggiornate. <a href=\"https:\/\/alprofitconsult.al\/it\/tasse\/\" target=\"_blank\" rel=\"noreferrer noopener\">https:\/\/alprofitconsult.al\/tatime\/<\/a><\/p>\n<\/blockquote>\n\n\n\n<p>\u00c7do tatimpagues, i cili kryen nj\u00eb biznes, me an\u00eb t\u00eb t\u00eb cilit realizohet gjat\u00eb vitit fiskal qarkullim m\u00eb i vog\u00ebl ose i barabart\u00eb me 8 000 000 (tet\u00eb milion) lek\u00eb, i n\u00ebnshtrohet detyrimit t\u00eb pages\u00ebs s\u00eb tatimit t\u00eb thjeshtuar mbi fitimin p\u00ebr biznesin e vog\u00ebl.<\/p>\n\n\n\n<h2 class=\"wp-block-heading\">Reddito imponibile<\/h2>\n\n\n\n<p>Per \u00abreddito complessivo derivante dall'attivit\u00e0 delle piccole imprese\u00bb si intende qualsiasi tipo di reddito realizzato nel corso del periodo d'imposta e comprende, a titolo esemplificativo ma non esaustivo, quanto segue:<\/p>\n\n\n\n<ul class=\"wp-block-list\">\n<li>i ricavi derivanti dalla fornitura di beni e servizi,<\/li>\n\n\n\n<li>redditi da partecipazioni,<\/li>\n\n\n\n<li>proventi da interessi,<\/li>\n\n\n\n<li>redditi derivanti dallo sfruttamento di beni mobili e immobili, ecc.<\/li>\n<\/ul>\n\n\n\n<p>T\u00eb ardhurat e tatueshme apo fitimi i tatuesh\u00ebm rezulton si diferenc\u00eb midis; t\u00eb ardhurave gjithsej t\u00eb realizuar gjat\u00eb periudh\u00ebs tatimore me, shpenzimet e njohura.<\/p>\n\n\n\n<blockquote class=\"wp-block-quote is-layout-flow wp-block-quote-is-layout-flow\">\n<p>Spiegazione:<\/p>\n\n\n\n<p>Sono considerate spese ammissibili quelle sostenute al fine di generare e garantire un reddito, nella misura in cui siano comprovate e documentate dal contribuente e nel rispetto dei limiti previsti dalla presente legge.<\/p>\n<\/blockquote>\n\n\n\n<p>Shpenzime t\u00eb panjohura jan\u00eb ato q\u00eb p\u00ebrcaktohen n\u00eb nenin 13, t\u00eb Ligjit <a href=\"https:\/\/alprofitconsult.al\/wp-content\/uploads\/2022\/01\/Ligj-Nr-9632-date-30.10.2006-Per-sistemin-e-taksave-vendore-i-ndryshuar.pdf\" target=\"_blank\" rel=\"noreferrer noopener\">Nr.9632, dat\u00eb 30.10.2006 \u201cP\u00ebr sistemin e taksave vendore\u201d<\/a>, come modificato<\/p>\n\n\n\n<h2 class=\"wp-block-heading\">Aliquota fiscale<\/h2>\n\n\n\n<p>L'aliquota fiscale applicabile all'utile imponibile per i contribuenti soggetti al regime semplificato di imposta sul reddito delle piccole imprese, con un fatturato annuo compreso tra zero e otto milioni di lek, \u00e8 0%. <\/p>\n\n\n\n<h2 class=\"wp-block-heading\">Conservazione della documentazione<\/h2>\n\n\n\n<p>Per ogni vendita effettuata, sono tenuti a:<\/p>\n\n\n\n<ul class=\"wp-block-list\">\n<li>T\u00eb l\u00ebshojn\u00eb fatur\u00eb t\u00eb thjesht\u00eb tatimore, p\u00ebr \u00e7do bler\u00ebs t\u00eb tatuesh\u00ebm q\u00eb merr furnizimin.<\/li>\n\n\n\n<li>Ogni singolo acquirente finale \u00e8 tenuto a emettere una fattura tramite il registratore di cassa.<\/li>\n\n\n\n<li>Altri documenti approvati in altri atti normativi o subordinati (ad esempio, biglietti di trasporto passeggeri, ricevute fiscali).<\/li>\n<\/ul>\n\n\n\n<p>\u00c7do blerje t\u00eb tyre jan\u00eb t\u00eb detyruar ta justifikojn\u00eb me, fatur\u00eb tatimore me TVSH, kur blerja \u00ebsht\u00eb kryer te personat e regjistruar si tatimpagues t\u00eb TVSH-s\u00eb ose  fatur\u00eb t\u00eb thjesht\u00eb tatimore, kur blerja \u00ebsht\u00eb kryer te personat e regjistruar si tatimpagues t\u00eb tatimit t\u00eb thjeshtuar mbi fitimin dhe nuk jan\u00eb tatimpagues t\u00eb TVSH-s\u00eb.<\/p>\n\n\n\n<p>I contribuenti sono tenuti a conservare:<\/p>\n\n\n\n<ol class=\"wp-block-list\">\n<li>il registro delle vendite, in cui vengono registrate in ordine cronologico tutte le vendite effettuate con una semplice fattura fiscale, nonch\u00e9 il totale delle vendite giornaliere effettuate con scontrini fiscali;<\/li>\n\n\n\n<li>il registro degli acquisti, nel quale vengono registrati in ordine cronologico tutti gli acquisti effettuati con fattura fiscale, con IVA, o con fattura semplificata;<\/li>\n\n\n\n<li>il libro delle entrate e delle uscite;<\/li>\n\n\n\n<li>il registro dei beni aziendali.<\/li>\n<\/ol>\n\n\n\n<blockquote class=\"wp-block-quote is-layout-flow wp-block-quote-is-layout-flow\">\n<p><br>Spiegazione<br>Per i contribuenti soggetti all'imposta semplificata sul reddito delle piccole imprese che sono registrati ai fini IVA, il registro delle vendite e il registro degli acquisti tenuti ai fini IVA valgono anche ai fini dell'imposta semplificata sul reddito delle piccole imprese.<\/p>\n<\/blockquote>\n\n\n\n<h2 class=\"wp-block-heading\">Dichiarazione<\/h2>\n\n\n\n<p>Ogni contribuente soggetto all'imposta semplificata sui redditi delle piccole imprese \u00e8 tenuto a presentare la dichiarazione dei redditi entro il 10 febbraio dell'anno successivo al periodo d'imposta, indicando il reddito complessivo, spese deducibili, utile imponibile, imposta dovuta, nonch\u00e9 qualsiasi altra informazione prescritta dalla direttiva del Ministro delle Finanze per la compilazione e la presentazione della dichiarazione dei redditi annuale.<\/p>\n\n\n\n<p>Fonte: <a href=\"https:\/\/www.tatime.gov.al\/c\/4\/96\/109\/tatimi-i-thjeshtuar-mbi-fitimin-e-biznesit-te-vogel\" target=\"_blank\" rel=\"noreferrer noopener\">Direzione Generale delle Imposte.<\/a><\/p>\n\n\n<div class=\"gdlr-core-widget-box-shortcode\" style=\"color: #ffffff ;background-color: #000014 ;\"  ><h3 class=\"gdlr-core-widget-box-shortcode-title\" style=\"color: #ffffff ;\"  >Hai qualche domanda?<\/h3><div class=\"gdlr-core-widget-box-shortcode-content\" ><p class=\"translation-block\">Non esitare a <a href=\"https:\/\/alprofitconsult.al\/it\/contatti\/\" target=\"_self\">contattarci. Siamo un team di esperti e saremo lieti di parlare con te.<\/p>\n<\/div><\/div>","protected":false},"excerpt":{"rendered":"<p>Informacioni i m\u00ebposht\u00ebm \u00ebsht\u00eb i vlefsh\u00ebm dhe zbatohet deri m\u00eb 31 dhjetor 2023, me hyrjen n\u00eb fuqi t\u00eb Ligjit t\u00eb ri Nr. 29\/2023 p\u00ebr Tatimin mbi t\u00eb Ardhurat. Shfletoni faqen ton\u00eb p\u00ebr m\u00eb shum\u00eb detaje dhe informacione t\u00eb p\u00ebrdit\u00ebsuara https:\/\/alprofitconsult.al\/tatime\/ \u00c7do tatimpagues, i cili kryen nj\u00eb biznes, me an\u00eb t\u00eb t\u00eb cilit realizohet gjat\u00eb vitit [&hellip;]<\/p>\n","protected":false},"author":1,"featured_media":15877,"parent":15453,"menu_order":0,"comment_status":"open","ping_status":"closed","template":"","meta":{"footnotes":""},"class_list":["post-15457","page","type-page","status-publish","has-post-thumbnail","hentry"],"yoast_head":"<!-- This site is optimized with the Yoast SEO Premium plugin v27.6 (Yoast SEO v27.6) - https:\/\/yoast.com\/product\/yoast-seo-premium-wordpress\/ -->\n<title>Tatimi i thjeshtuar mbi fitimin e biznesit t\u00eb vog\u00ebl - AlProfit Consult<\/title>\n<meta name=\"robots\" content=\"index, follow, max-snippet:-1, max-image-preview:large, max-video-preview:-1\" \/>\n<link rel=\"canonical\" href=\"https:\/\/alprofitconsult.al\/it\/tasse\/impegnarsi-a\/operare-come-impresa\/tatimi-i-thjeshtuar-mbi-fitimin-e-biznesit-te-vogel\/\" \/>\n<meta property=\"og:locale\" content=\"it_IT\" \/>\n<meta property=\"og:type\" content=\"article\" \/>\n<meta property=\"og:title\" content=\"Tatimi i thjeshtuar mbi fitimin e biznesit t\u00eb vog\u00ebl\" \/>\n<meta property=\"og:description\" content=\"Informacioni i m\u00ebposht\u00ebm \u00ebsht\u00eb i vlefsh\u00ebm dhe zbatohet deri m\u00eb 31 dhjetor 2023, me hyrjen n\u00eb fuqi t\u00eb Ligjit t\u00eb ri Nr. 29\/2023 p\u00ebr Tatimin mbi t\u00eb Ardhurat. Shfletoni faqen ton\u00eb p\u00ebr m\u00eb shum\u00eb detaje dhe informacione t\u00eb p\u00ebrdit\u00ebsuara https:\/\/alprofitconsult.al\/tatime\/ \u00c7do tatimpagues, i cili kryen nj\u00eb biznes, me an\u00eb t\u00eb t\u00eb cilit realizohet gjat\u00eb vitit [&hellip;]\" \/>\n<meta property=\"og:url\" content=\"https:\/\/alprofitconsult.al\/it\/tasse\/impegnarsi-a\/operare-come-impresa\/tatimi-i-thjeshtuar-mbi-fitimin-e-biznesit-te-vogel\/\" \/>\n<meta property=\"og:site_name\" content=\"AlProfit Consult\" \/>\n<meta property=\"article:publisher\" content=\"https:\/\/www.facebook.com\/AlProfitConsult\/\" \/>\n<meta property=\"article:modified_time\" content=\"2024-11-29T23:48:58+00:00\" \/>\n<meta property=\"og:image\" content=\"https:\/\/alprofitconsult.al\/wp-content\/uploads\/2022\/10\/AlProfit-Consult-Tatimi-i-thjeshtuar-mbi-fitimin-e-biznesit-te-vogel.jpg\" \/>\n\t<meta property=\"og:image:width\" content=\"1920\" \/>\n\t<meta property=\"og:image:height\" content=\"1280\" \/>\n\t<meta property=\"og:image:type\" content=\"image\/jpeg\" \/>\n<meta name=\"twitter:card\" content=\"summary_large_image\" \/>\n<meta name=\"twitter:site\" content=\"@AlProfitConsult\" \/>\n<meta name=\"twitter:label1\" content=\"Tempo di lettura stimato\" \/>\n\t<meta name=\"twitter:data1\" content=\"3 minuti\" \/>\n<script type=\"application\/ld+json\" class=\"yoast-schema-graph\">{\"@context\":\"https:\\\/\\\/schema.org\",\"@graph\":[{\"@type\":\"WebPage\",\"@id\":\"https:\\\/\\\/alprofitconsult.al\\\/en\\\/tatime\\\/sipermarres\\\/te-veprosh-si-nje-biznes\\\/tatimi-i-thjeshtuar-mbi-fitimin-e-biznesit-te-vogel\\\/\",\"url\":\"https:\\\/\\\/alprofitconsult.al\\\/en\\\/tatime\\\/sipermarres\\\/te-veprosh-si-nje-biznes\\\/tatimi-i-thjeshtuar-mbi-fitimin-e-biznesit-te-vogel\\\/\",\"name\":\"Tatimi i thjeshtuar mbi fitimin e biznesit t\u00eb vog\u00ebl - AlProfit Consult\",\"isPartOf\":{\"@id\":\"https:\\\/\\\/alprofitconsult.al\\\/#website\"},\"primaryImageOfPage\":{\"@id\":\"https:\\\/\\\/alprofitconsult.al\\\/en\\\/tatime\\\/sipermarres\\\/te-veprosh-si-nje-biznes\\\/tatimi-i-thjeshtuar-mbi-fitimin-e-biznesit-te-vogel\\\/#primaryimage\"},\"image\":{\"@id\":\"https:\\\/\\\/alprofitconsult.al\\\/en\\\/tatime\\\/sipermarres\\\/te-veprosh-si-nje-biznes\\\/tatimi-i-thjeshtuar-mbi-fitimin-e-biznesit-te-vogel\\\/#primaryimage\"},\"thumbnailUrl\":\"https:\\\/\\\/alprofitconsult.al\\\/wp-content\\\/uploads\\\/2022\\\/10\\\/AlProfit-Consult-Tatimi-i-thjeshtuar-mbi-fitimin-e-biznesit-te-vogel.jpg\",\"datePublished\":\"2022-10-08T18:35:46+00:00\",\"dateModified\":\"2024-11-29T23:48:58+00:00\",\"breadcrumb\":{\"@id\":\"https:\\\/\\\/alprofitconsult.al\\\/en\\\/tatime\\\/sipermarres\\\/te-veprosh-si-nje-biznes\\\/tatimi-i-thjeshtuar-mbi-fitimin-e-biznesit-te-vogel\\\/#breadcrumb\"},\"inLanguage\":\"it-IT\",\"potentialAction\":[{\"@type\":\"ReadAction\",\"target\":[\"https:\\\/\\\/alprofitconsult.al\\\/en\\\/tatime\\\/sipermarres\\\/te-veprosh-si-nje-biznes\\\/tatimi-i-thjeshtuar-mbi-fitimin-e-biznesit-te-vogel\\\/\"]}]},{\"@type\":\"ImageObject\",\"inLanguage\":\"it-IT\",\"@id\":\"https:\\\/\\\/alprofitconsult.al\\\/en\\\/tatime\\\/sipermarres\\\/te-veprosh-si-nje-biznes\\\/tatimi-i-thjeshtuar-mbi-fitimin-e-biznesit-te-vogel\\\/#primaryimage\",\"url\":\"https:\\\/\\\/alprofitconsult.al\\\/wp-content\\\/uploads\\\/2022\\\/10\\\/AlProfit-Consult-Tatimi-i-thjeshtuar-mbi-fitimin-e-biznesit-te-vogel.jpg\",\"contentUrl\":\"https:\\\/\\\/alprofitconsult.al\\\/wp-content\\\/uploads\\\/2022\\\/10\\\/AlProfit-Consult-Tatimi-i-thjeshtuar-mbi-fitimin-e-biznesit-te-vogel.jpg\",\"width\":1920,\"height\":1280},{\"@type\":\"BreadcrumbList\",\"@id\":\"https:\\\/\\\/alprofitconsult.al\\\/en\\\/tatime\\\/sipermarres\\\/te-veprosh-si-nje-biznes\\\/tatimi-i-thjeshtuar-mbi-fitimin-e-biznesit-te-vogel\\\/#breadcrumb\",\"itemListElement\":[{\"@type\":\"ListItem\",\"position\":1,\"name\":\"Kryefaqe\",\"item\":\"https:\\\/\\\/alprofitconsult.al\\\/\"},{\"@type\":\"ListItem\",\"position\":2,\"name\":\"Legjislacioni tatimor\",\"item\":\"https:\\\/\\\/alprofitconsult.al\\\/en\\\/tatime\\\/\"},{\"@type\":\"ListItem\",\"position\":3,\"name\":\"Sip\u00ebrmarr\u00ebs\",\"item\":\"https:\\\/\\\/alprofitconsult.al\\\/en\\\/tatime\\\/sipermarres\\\/\"},{\"@type\":\"ListItem\",\"position\":4,\"name\":\"T\u00eb veprosh si nj\u00eb biznes\",\"item\":\"https:\\\/\\\/alprofitconsult.al\\\/en\\\/tatime\\\/sipermarres\\\/te-veprosh-si-nje-biznes\\\/\"},{\"@type\":\"ListItem\",\"position\":5,\"name\":\"Tatimi i thjeshtuar mbi fitimin e biznesit t\u00eb vog\u00ebl\"}]},{\"@type\":\"WebSite\",\"@id\":\"https:\\\/\\\/alprofitconsult.al\\\/#website\",\"url\":\"https:\\\/\\\/alprofitconsult.al\\\/\",\"name\":\"AlProfit Consult\",\"description\":\"Zyr\u00eb Kontabiliteti\",\"publisher\":{\"@id\":\"https:\\\/\\\/alprofitconsult.al\\\/#organization\"},\"potentialAction\":[{\"@type\":\"SearchAction\",\"target\":{\"@type\":\"EntryPoint\",\"urlTemplate\":\"https:\\\/\\\/alprofitconsult.al\\\/?s={search_term_string}\"},\"query-input\":{\"@type\":\"PropertyValueSpecification\",\"valueRequired\":true,\"valueName\":\"search_term_string\"}}],\"inLanguage\":\"it-IT\"},{\"@type\":[\"Organization\",\"Place\"],\"@id\":\"https:\\\/\\\/alprofitconsult.al\\\/#organization\",\"name\":\"Alprofit Consult\",\"url\":\"https:\\\/\\\/alprofitconsult.al\\\/\",\"logo\":{\"@id\":\"https:\\\/\\\/alprofitconsult.al\\\/en\\\/tatime\\\/sipermarres\\\/te-veprosh-si-nje-biznes\\\/tatimi-i-thjeshtuar-mbi-fitimin-e-biznesit-te-vogel\\\/#local-main-organization-logo\"},\"image\":{\"@id\":\"https:\\\/\\\/alprofitconsult.al\\\/en\\\/tatime\\\/sipermarres\\\/te-veprosh-si-nje-biznes\\\/tatimi-i-thjeshtuar-mbi-fitimin-e-biznesit-te-vogel\\\/#local-main-organization-logo\"},\"sameAs\":[\"https:\\\/\\\/www.facebook.com\\\/AlProfitConsult\\\/\",\"https:\\\/\\\/x.com\\\/AlProfitConsult\",\"https:\\\/\\\/www.linkedin.com\\\/company\\\/andi-haxhillari\\\/\",\"https:\\\/\\\/www.pinterest.com\\\/AlProfitConsult\\\/\",\"https:\\\/\\\/www.youtube.com\\\/channel\\\/UCZ5Gfntn161Nla3g1XdRldA\",\"https:\\\/\\\/sq.wikipedia.org\\\/wiki\\\/P\u00ebrdoruesi:Andi25~sqwiki\"],\"telephone\":[],\"openingHoursSpecification\":[{\"@type\":\"OpeningHoursSpecification\",\"dayOfWeek\":[\"Monday\",\"Tuesday\",\"Wednesday\",\"Thursday\",\"Friday\",\"Saturday\",\"Sunday\"],\"opens\":\"09:00\",\"closes\":\"17:00\"}]},{\"@type\":\"ImageObject\",\"inLanguage\":\"it-IT\",\"@id\":\"https:\\\/\\\/alprofitconsult.al\\\/en\\\/tatime\\\/sipermarres\\\/te-veprosh-si-nje-biznes\\\/tatimi-i-thjeshtuar-mbi-fitimin-e-biznesit-te-vogel\\\/#local-main-organization-logo\",\"url\":\"https:\\\/\\\/alprofitconsult.al\\\/wp-content\\\/uploads\\\/2022\\\/10\\\/logoalprofit.png\",\"contentUrl\":\"https:\\\/\\\/alprofitconsult.al\\\/wp-content\\\/uploads\\\/2022\\\/10\\\/logoalprofit.png\",\"width\":529,\"height\":156,\"caption\":\"Alprofit Consult\"}]}<\/script>\n<!-- \/ Yoast SEO Premium plugin. -->","yoast_head_json":{"title":"Imposta semplificata sugli utili delle piccole imprese \u2013 AlProfit Consult","robots":{"index":"index","follow":"follow","max-snippet":"max-snippet:-1","max-image-preview":"max-image-preview:large","max-video-preview":"max-video-preview:-1"},"canonical":"https:\/\/alprofitconsult.al\/it\/tasse\/impegnarsi-a\/operare-come-impresa\/tatimi-i-thjeshtuar-mbi-fitimin-e-biznesit-te-vogel\/","og_locale":"it_IT","og_type":"article","og_title":"Tatimi i thjeshtuar mbi fitimin e biznesit t\u00eb vog\u00ebl","og_description":"Informacioni i m\u00ebposht\u00ebm \u00ebsht\u00eb i vlefsh\u00ebm dhe zbatohet deri m\u00eb 31 dhjetor 2023, me hyrjen n\u00eb fuqi t\u00eb Ligjit t\u00eb ri Nr. 29\/2023 p\u00ebr Tatimin mbi t\u00eb Ardhurat. Shfletoni faqen ton\u00eb p\u00ebr m\u00eb shum\u00eb detaje dhe informacione t\u00eb p\u00ebrdit\u00ebsuara https:\/\/alprofitconsult.al\/tatime\/ \u00c7do tatimpagues, i cili kryen nj\u00eb biznes, me an\u00eb t\u00eb t\u00eb cilit realizohet gjat\u00eb vitit [&hellip;]","og_url":"https:\/\/alprofitconsult.al\/it\/tasse\/impegnarsi-a\/operare-come-impresa\/tatimi-i-thjeshtuar-mbi-fitimin-e-biznesit-te-vogel\/","og_site_name":"AlProfit Consult","article_publisher":"https:\/\/www.facebook.com\/AlProfitConsult\/","article_modified_time":"2024-11-29T23:48:58+00:00","og_image":[{"width":1920,"height":1280,"url":"https:\/\/alprofitconsult.al\/wp-content\/uploads\/2022\/10\/AlProfit-Consult-Tatimi-i-thjeshtuar-mbi-fitimin-e-biznesit-te-vogel.jpg","type":"image\/jpeg"}],"twitter_card":"summary_large_image","twitter_site":"@AlProfitConsult","twitter_misc":{"Tempo di lettura stimato":"3 minuti"},"schema":{"@context":"https:\/\/schema.org","@graph":[{"@type":"WebPage","@id":"https:\/\/alprofitconsult.al\/en\/tatime\/sipermarres\/te-veprosh-si-nje-biznes\/tatimi-i-thjeshtuar-mbi-fitimin-e-biznesit-te-vogel\/","url":"https:\/\/alprofitconsult.al\/en\/tatime\/sipermarres\/te-veprosh-si-nje-biznes\/tatimi-i-thjeshtuar-mbi-fitimin-e-biznesit-te-vogel\/","name":"Imposta semplificata sugli utili delle piccole imprese \u2013 AlProfit Consult","isPartOf":{"@id":"https:\/\/alprofitconsult.al\/#website"},"primaryImageOfPage":{"@id":"https:\/\/alprofitconsult.al\/en\/tatime\/sipermarres\/te-veprosh-si-nje-biznes\/tatimi-i-thjeshtuar-mbi-fitimin-e-biznesit-te-vogel\/#primaryimage"},"image":{"@id":"https:\/\/alprofitconsult.al\/en\/tatime\/sipermarres\/te-veprosh-si-nje-biznes\/tatimi-i-thjeshtuar-mbi-fitimin-e-biznesit-te-vogel\/#primaryimage"},"thumbnailUrl":"https:\/\/alprofitconsult.al\/wp-content\/uploads\/2022\/10\/AlProfit-Consult-Tatimi-i-thjeshtuar-mbi-fitimin-e-biznesit-te-vogel.jpg","datePublished":"2022-10-08T18:35:46+00:00","dateModified":"2024-11-29T23:48:58+00:00","breadcrumb":{"@id":"https:\/\/alprofitconsult.al\/en\/tatime\/sipermarres\/te-veprosh-si-nje-biznes\/tatimi-i-thjeshtuar-mbi-fitimin-e-biznesit-te-vogel\/#breadcrumb"},"inLanguage":"it-IT","potentialAction":[{"@type":"ReadAction","target":["https:\/\/alprofitconsult.al\/en\/tatime\/sipermarres\/te-veprosh-si-nje-biznes\/tatimi-i-thjeshtuar-mbi-fitimin-e-biznesit-te-vogel\/"]}]},{"@type":"ImageObject","inLanguage":"it-IT","@id":"https:\/\/alprofitconsult.al\/en\/tatime\/sipermarres\/te-veprosh-si-nje-biznes\/tatimi-i-thjeshtuar-mbi-fitimin-e-biznesit-te-vogel\/#primaryimage","url":"https:\/\/alprofitconsult.al\/wp-content\/uploads\/2022\/10\/AlProfit-Consult-Tatimi-i-thjeshtuar-mbi-fitimin-e-biznesit-te-vogel.jpg","contentUrl":"https:\/\/alprofitconsult.al\/wp-content\/uploads\/2022\/10\/AlProfit-Consult-Tatimi-i-thjeshtuar-mbi-fitimin-e-biznesit-te-vogel.jpg","width":1920,"height":1280},{"@type":"BreadcrumbList","@id":"https:\/\/alprofitconsult.al\/en\/tatime\/sipermarres\/te-veprosh-si-nje-biznes\/tatimi-i-thjeshtuar-mbi-fitimin-e-biznesit-te-vogel\/#breadcrumb","itemListElement":[{"@type":"ListItem","position":1,"name":"Kryefaqe","item":"https:\/\/alprofitconsult.al\/"},{"@type":"ListItem","position":2,"name":"Legjislacioni tatimor","item":"https:\/\/alprofitconsult.al\/en\/tatime\/"},{"@type":"ListItem","position":3,"name":"Sip\u00ebrmarr\u00ebs","item":"https:\/\/alprofitconsult.al\/en\/tatime\/sipermarres\/"},{"@type":"ListItem","position":4,"name":"T\u00eb veprosh si nj\u00eb biznes","item":"https:\/\/alprofitconsult.al\/en\/tatime\/sipermarres\/te-veprosh-si-nje-biznes\/"},{"@type":"ListItem","position":5,"name":"Tatimi i thjeshtuar mbi fitimin e biznesit t\u00eb vog\u00ebl"}]},{"@type":"WebSite","@id":"https:\/\/alprofitconsult.al\/#website","url":"https:\/\/alprofitconsult.al\/","name":"AlProfit Consult","description":"Ufficio contabilit\u00e0","publisher":{"@id":"https:\/\/alprofitconsult.al\/#organization"},"potentialAction":[{"@type":"SearchAction","target":{"@type":"EntryPoint","urlTemplate":"https:\/\/alprofitconsult.al\/?s={search_term_string}"},"query-input":{"@type":"PropertyValueSpecification","valueRequired":true,"valueName":"search_term_string"}}],"inLanguage":"it-IT"},{"@type":["Organization","Place"],"@id":"https:\/\/alprofitconsult.al\/#organization","name":"Alprofit Consult","url":"https:\/\/alprofitconsult.al\/","logo":{"@id":"https:\/\/alprofitconsult.al\/en\/tatime\/sipermarres\/te-veprosh-si-nje-biznes\/tatimi-i-thjeshtuar-mbi-fitimin-e-biznesit-te-vogel\/#local-main-organization-logo"},"image":{"@id":"https:\/\/alprofitconsult.al\/en\/tatime\/sipermarres\/te-veprosh-si-nje-biznes\/tatimi-i-thjeshtuar-mbi-fitimin-e-biznesit-te-vogel\/#local-main-organization-logo"},"sameAs":["https:\/\/www.facebook.com\/AlProfitConsult\/","https:\/\/x.com\/AlProfitConsult","https:\/\/www.linkedin.com\/company\/andi-haxhillari\/","https:\/\/www.pinterest.com\/AlProfitConsult\/","https:\/\/www.youtube.com\/channel\/UCZ5Gfntn161Nla3g1XdRldA","https:\/\/sq.wikipedia.org\/wiki\/P\u00ebrdoruesi:Andi25~sqwiki"],"telephone":[],"openingHoursSpecification":[{"@type":"OpeningHoursSpecification","dayOfWeek":["Monday","Tuesday","Wednesday","Thursday","Friday","Saturday","Sunday"],"opens":"09:00","closes":"17:00"}]},{"@type":"ImageObject","inLanguage":"it-IT","@id":"https:\/\/alprofitconsult.al\/en\/tatime\/sipermarres\/te-veprosh-si-nje-biznes\/tatimi-i-thjeshtuar-mbi-fitimin-e-biznesit-te-vogel\/#local-main-organization-logo","url":"https:\/\/alprofitconsult.al\/wp-content\/uploads\/2022\/10\/logoalprofit.png","contentUrl":"https:\/\/alprofitconsult.al\/wp-content\/uploads\/2022\/10\/logoalprofit.png","width":529,"height":156,"caption":"Alprofit Consult"}]}},"_links":{"self":[{"href":"https:\/\/alprofitconsult.al\/it\/wp-json\/wp\/v2\/pages\/15457","targetHints":{"allow":["GET"]}}],"collection":[{"href":"https:\/\/alprofitconsult.al\/it\/wp-json\/wp\/v2\/pages"}],"about":[{"href":"https:\/\/alprofitconsult.al\/it\/wp-json\/wp\/v2\/types\/page"}],"author":[{"embeddable":true,"href":"https:\/\/alprofitconsult.al\/it\/wp-json\/wp\/v2\/users\/1"}],"replies":[{"embeddable":true,"href":"https:\/\/alprofitconsult.al\/it\/wp-json\/wp\/v2\/comments?post=15457"}],"version-history":[{"count":5,"href":"https:\/\/alprofitconsult.al\/it\/wp-json\/wp\/v2\/pages\/15457\/revisions"}],"predecessor-version":[{"id":19849,"href":"https:\/\/alprofitconsult.al\/it\/wp-json\/wp\/v2\/pages\/15457\/revisions\/19849"}],"up":[{"embeddable":true,"href":"https:\/\/alprofitconsult.al\/it\/wp-json\/wp\/v2\/pages\/15453"}],"wp:featuredmedia":[{"embeddable":true,"href":"https:\/\/alprofitconsult.al\/it\/wp-json\/wp\/v2\/media\/15877"}],"wp:attachment":[{"href":"https:\/\/alprofitconsult.al\/it\/wp-json\/wp\/v2\/media?parent=15457"}],"curies":[{"name":"WordPress","href":"https:\/\/api.w.org\/{rel}","templated":true}]}}