{"id":15465,"date":"2022-10-08T18:35:48","date_gmt":"2022-10-08T18:35:48","guid":{"rendered":"https:\/\/alprofitconsult.al\/?page_id=15465"},"modified":"2024-11-30T19:45:27","modified_gmt":"2024-11-30T19:45:27","slug":"llojet-e-tatimeve-per-biznesin","status":"publish","type":"page","link":"https:\/\/alprofitconsult.al\/it\/tatime\/sipermarres\/deklarimi-dhe-pagesa-2\/llojet-e-tatimeve-per-biznesin\/","title":{"rendered":"Llojet e tatimeve p\u00ebr biznesin"},"content":{"rendered":"<div class=\"yoast-breadcrumbs\"><span><span><a href=\"https:\/\/alprofitconsult.al\/it\/\">Home page<\/a><\/span> | <span><a href=\"https:\/\/alprofitconsult.al\/en\/tatime\/\">Normativa fiscale<\/a><\/span> | <span><a href=\"https:\/\/alprofitconsult.al\/en\/tatime\/sipermarres\/\">Imprenditore<\/a><\/span> | <span><a href=\"https:\/\/alprofitconsult.al\/en\/tatime\/sipermarres\/deklarimi-dhe-pagesa-2\/\">Deklarimi dhe pagesa p\u00ebr bizneset<\/a><\/span> | <span class=\"breadcrumb_last\" aria-current=\"page\">Llojet e tatimeve p\u00ebr biznesin<\/span><\/span><\/div>\n\n\n<p><\/p>\n\n\n\n<figure class=\"wp-block-image size-large\"><img loading=\"lazy\" decoding=\"async\" width=\"1024\" height=\"683\" src=\"https:\/\/alprofitconsult.al\/wp-content\/uploads\/2022\/10\/AlProfit-Consult-Llojet-e-tatimeve-per-biznesin-1024x683.jpg\" alt=\"\" class=\"wp-image-15948\" srcset=\"https:\/\/alprofitconsult.al\/wp-content\/uploads\/2022\/10\/AlProfit-Consult-Llojet-e-tatimeve-per-biznesin-1024x683.jpg 1024w, https:\/\/alprofitconsult.al\/wp-content\/uploads\/2022\/10\/AlProfit-Consult-Llojet-e-tatimeve-per-biznesin-300x200.jpg 300w, https:\/\/alprofitconsult.al\/wp-content\/uploads\/2022\/10\/AlProfit-Consult-Llojet-e-tatimeve-per-biznesin-150x100.jpg 150w, https:\/\/alprofitconsult.al\/wp-content\/uploads\/2022\/10\/AlProfit-Consult-Llojet-e-tatimeve-per-biznesin-768x512.jpg 768w, https:\/\/alprofitconsult.al\/wp-content\/uploads\/2022\/10\/AlProfit-Consult-Llojet-e-tatimeve-per-biznesin-1536x1024.jpg 1536w, https:\/\/alprofitconsult.al\/wp-content\/uploads\/2022\/10\/AlProfit-Consult-Llojet-e-tatimeve-per-biznesin.jpg 1920w\" sizes=\"auto, (max-width: 1024px) 100vw, 1024px\" \/><\/figure>\n\n\n\n<p><\/p>\n\n\n\n<p>Tatimi \u00ebsht\u00eb pagesa e detyrueshme dhe e pakthyeshme n\u00eb Buxhetin e Shtetit apo n\u00eb buxhetin e organeve t\u00eb qeverisjes vendore, e vendosur me ligj dhe q\u00eb nuk b\u00ebhet n\u00eb shk\u00ebmbim t\u00eb mallrave dhe sh\u00ebrbimeve t\u00eb caktuara.<\/p>\n\n\n\n<p>Taks\u00eb \u00ebsht\u00eb pagesa e detyrueshme dhe e pakthyeshme n\u00eb Buxhetin e Shtetit apo n\u00eb buxhetin e organeve t\u00eb qeverisjes vendore, e vendosur me ligj dhe q\u00eb paguhet nga \u00e7do person, q\u00eb ushtron nj\u00eb t\u00eb drejt\u00eb publike apo p\u00ebrfiton nj\u00eb sh\u00ebrbim publik n\u00eb territorin e Republik\u00ebs s\u00eb Shqip\u00ebris\u00eb.<\/p>\n\n\n\n<ol class=\"wp-block-list\">\n<li>Tatimet dhe taksat jan\u00eb komb\u00ebtare ose vendore.<\/li>\n<\/ol>\n\n\n\n<p>N\u00eb tatimet dhe taksat komb\u00ebtare p\u00ebrfshihen:<\/p>\n\n\n\n<ul class=\"wp-block-list\">\n<li><a href=\"https:\/\/alprofitconsult.al\/it\/tasse\/sipermarres\/te-veprosh-si-nje-biznes\/tatimi-mbi-vleren-e-shtuar\/\" target=\"_blank\" rel=\"noreferrer noopener\">tatimi mbi vler\u00ebn e shtuar;<\/a><\/li>\n\n\n\n<li><a href=\"https:\/\/alprofitconsult.al\/it\/tasse\/sipermarres\/tatimi-mbi-te-ardhurat-e-korporates-tatimi-mbi-fitimin-korporativ\/\" target=\"_blank\" rel=\"noreferrer noopener\">tatimi mbi t\u00eb ardhurat e korporat\u00ebs;<\/a><\/li>\n\n\n\n<li><a href=\"https:\/\/alprofitconsult.al\/it\/tasse\/sipermarres\/te-veprosh-si-nje-biznes\/taksa-dhe-tatime-te-tjera\/\" target=\"_blank\" rel=\"noreferrer noopener\">tatimi p\u00ebr loj\u00ebrat e fatit, kazinot\u00eb dhe hipodromet;<\/a><\/li>\n\n\n\n<li><a href=\"https:\/\/alprofitconsult.al\/it\/tasse\/sipermarres\/te-veprosh-si-nje-biznes\/taksa-kombetare\/\" target=\"_blank\" rel=\"noreferrer noopener\">taksat dhe tarifat komb\u00ebtare;<\/a><\/li>\n\n\n\n<li>tatime t\u00eb tjera, t\u00eb cilat jan\u00eb p\u00ebrcaktuar t\u00eb tilla me ligj t\u00eb ve\u00e7ant\u00eb.<\/li>\n<\/ul>\n\n\n\n<ol class=\"wp-block-list\" start=\"2\">\n<li>Tatimet dhe taksat vendore p\u00ebrcaktohen n\u00eb ligjin p\u00ebr sistemin e taksave vendore.<\/li>\n\n\n\n<li>Kontributet e sigurimeve shoq\u00ebrore dhe sh\u00ebndet\u00ebsore p\u00ebrcaktohen n\u00eb ligjin p\u00ebr sigurimet shoq\u00ebrore dhe sh\u00ebndet\u00ebsore.<\/li>\n<\/ol>\n\n\n\n<p>Fonte: <a href=\"https:\/\/www.tatime.gov.al\/c\/4\/106\/118\/llojet-e-tatimeve-per-biznesin\" target=\"_blank\" rel=\"noreferrer noopener\">Drejtoria e P\u00ebrgjithshme e Tatimeve<\/a>.<\/p>\n\n\n<div class=\"gdlr-core-widget-box-shortcode\" style=\"color: #ffffff ;background-color: #000014 ;\"  ><h3 class=\"gdlr-core-widget-box-shortcode-title\" style=\"color: #ffffff ;\"  >Hai qualche domanda?<\/h3><div class=\"gdlr-core-widget-box-shortcode-content\" ><p class=\"translation-block\">Non esitare a <a href=\"https:\/\/alprofitconsult.al\/it\/contact\/\" target=\"_self\">contattarci. Siamo un team di esperti e saremo lieti di parlare con te.<\/p>\n<\/div><\/div>","protected":false},"excerpt":{"rendered":"<p>Tatimi \u00ebsht\u00eb pagesa e detyrueshme dhe e pakthyeshme n\u00eb Buxhetin e Shtetit apo n\u00eb buxhetin e organeve t\u00eb qeverisjes vendore, e vendosur me ligj dhe q\u00eb nuk b\u00ebhet n\u00eb shk\u00ebmbim t\u00eb mallrave dhe sh\u00ebrbimeve t\u00eb caktuara. Taks\u00eb \u00ebsht\u00eb pagesa e detyrueshme dhe e pakthyeshme n\u00eb Buxhetin e Shtetit apo n\u00eb buxhetin e organeve t\u00eb qeverisjes [&hellip;]<\/p>\n","protected":false},"author":1,"featured_media":15948,"parent":15463,"menu_order":0,"comment_status":"open","ping_status":"closed","template":"","meta":{"footnotes":""},"class_list":["post-15465","page","type-page","status-publish","has-post-thumbnail","hentry"],"yoast_head":"<!-- This site is optimized with the Yoast SEO plugin v26.5 - https:\/\/yoast.com\/wordpress\/plugins\/seo\/ -->\n<title>Llojet e tatimeve p\u00ebr biznesin - AlProfit Consult<\/title>\n<meta name=\"robots\" content=\"index, follow, max-snippet:-1, max-image-preview:large, max-video-preview:-1\" \/>\n<link rel=\"canonical\" href=\"https:\/\/alprofitconsult.al\/it\/tasse\/sipermarres\/deklarimi-dhe-pagesa-2\/llojet-e-tatimeve-per-biznesin\/\" \/>\n<meta property=\"og:locale\" content=\"it_IT\" \/>\n<meta property=\"og:type\" content=\"article\" \/>\n<meta property=\"og:title\" content=\"Llojet e tatimeve p\u00ebr biznesin - AlProfit Consult\" \/>\n<meta property=\"og:description\" content=\"Tatimi \u00ebsht\u00eb pagesa e detyrueshme dhe e pakthyeshme n\u00eb Buxhetin e Shtetit apo n\u00eb buxhetin e organeve t\u00eb qeverisjes vendore, e vendosur me ligj dhe q\u00eb nuk b\u00ebhet n\u00eb shk\u00ebmbim t\u00eb mallrave dhe sh\u00ebrbimeve t\u00eb caktuara. Taks\u00eb \u00ebsht\u00eb pagesa e detyrueshme dhe e pakthyeshme n\u00eb Buxhetin e Shtetit apo n\u00eb buxhetin e organeve t\u00eb qeverisjes [&hellip;]\" \/>\n<meta property=\"og:url\" content=\"https:\/\/alprofitconsult.al\/it\/tasse\/sipermarres\/deklarimi-dhe-pagesa-2\/llojet-e-tatimeve-per-biznesin\/\" \/>\n<meta property=\"og:site_name\" content=\"AlProfit Consult\" \/>\n<meta property=\"article:publisher\" content=\"https:\/\/www.facebook.com\/AlProfitConsult\/\" \/>\n<meta property=\"article:modified_time\" content=\"2024-11-30T19:45:27+00:00\" \/>\n<meta property=\"og:image\" content=\"https:\/\/alprofitconsult.al\/wp-content\/uploads\/2022\/10\/AlProfit-Consult-Llojet-e-tatimeve-per-biznesin.jpg\" \/>\n\t<meta property=\"og:image:width\" content=\"1920\" \/>\n\t<meta property=\"og:image:height\" content=\"1280\" \/>\n\t<meta property=\"og:image:type\" content=\"image\/jpeg\" \/>\n<meta name=\"twitter:card\" content=\"summary_large_image\" \/>\n<meta name=\"twitter:site\" content=\"@AlProfitConsult\" \/>\n<meta name=\"twitter:label1\" content=\"Tempo di lettura stimato\" \/>\n\t<meta name=\"twitter:data1\" content=\"2 minuti\" \/>\n<script type=\"application\/ld+json\" class=\"yoast-schema-graph\">{\"@context\":\"https:\/\/schema.org\",\"@graph\":[{\"@type\":\"WebPage\",\"@id\":\"https:\/\/alprofitconsult.al\/en\/tatime\/sipermarres\/deklarimi-dhe-pagesa-2\/llojet-e-tatimeve-per-biznesin\/\",\"url\":\"https:\/\/alprofitconsult.al\/en\/tatime\/sipermarres\/deklarimi-dhe-pagesa-2\/llojet-e-tatimeve-per-biznesin\/\",\"name\":\"Llojet e tatimeve p\u00ebr biznesin - AlProfit Consult\",\"isPartOf\":{\"@id\":\"https:\/\/alprofitconsult.al\/#website\"},\"primaryImageOfPage\":{\"@id\":\"https:\/\/alprofitconsult.al\/en\/tatime\/sipermarres\/deklarimi-dhe-pagesa-2\/llojet-e-tatimeve-per-biznesin\/#primaryimage\"},\"image\":{\"@id\":\"https:\/\/alprofitconsult.al\/en\/tatime\/sipermarres\/deklarimi-dhe-pagesa-2\/llojet-e-tatimeve-per-biznesin\/#primaryimage\"},\"thumbnailUrl\":\"https:\/\/alprofitconsult.al\/wp-content\/uploads\/2022\/10\/AlProfit-Consult-Llojet-e-tatimeve-per-biznesin.jpg\",\"datePublished\":\"2022-10-08T18:35:48+00:00\",\"dateModified\":\"2024-11-30T19:45:27+00:00\",\"breadcrumb\":{\"@id\":\"https:\/\/alprofitconsult.al\/en\/tatime\/sipermarres\/deklarimi-dhe-pagesa-2\/llojet-e-tatimeve-per-biznesin\/#breadcrumb\"},\"inLanguage\":\"it-IT\",\"potentialAction\":[{\"@type\":\"ReadAction\",\"target\":[\"https:\/\/alprofitconsult.al\/en\/tatime\/sipermarres\/deklarimi-dhe-pagesa-2\/llojet-e-tatimeve-per-biznesin\/\"]}]},{\"@type\":\"ImageObject\",\"inLanguage\":\"it-IT\",\"@id\":\"https:\/\/alprofitconsult.al\/en\/tatime\/sipermarres\/deklarimi-dhe-pagesa-2\/llojet-e-tatimeve-per-biznesin\/#primaryimage\",\"url\":\"https:\/\/alprofitconsult.al\/wp-content\/uploads\/2022\/10\/AlProfit-Consult-Llojet-e-tatimeve-per-biznesin.jpg\",\"contentUrl\":\"https:\/\/alprofitconsult.al\/wp-content\/uploads\/2022\/10\/AlProfit-Consult-Llojet-e-tatimeve-per-biznesin.jpg\",\"width\":1920,\"height\":1280},{\"@type\":\"BreadcrumbList\",\"@id\":\"https:\/\/alprofitconsult.al\/en\/tatime\/sipermarres\/deklarimi-dhe-pagesa-2\/llojet-e-tatimeve-per-biznesin\/#breadcrumb\",\"itemListElement\":[{\"@type\":\"ListItem\",\"position\":1,\"name\":\"Kryefaqe\",\"item\":\"https:\/\/alprofitconsult.al\/\"},{\"@type\":\"ListItem\",\"position\":2,\"name\":\"Legjislacioni tatimor\",\"item\":\"https:\/\/alprofitconsult.al\/en\/tatime\/\"},{\"@type\":\"ListItem\",\"position\":3,\"name\":\"Sip\u00ebrmarr\u00ebs\",\"item\":\"https:\/\/alprofitconsult.al\/en\/tatime\/sipermarres\/\"},{\"@type\":\"ListItem\",\"position\":4,\"name\":\"Deklarimi dhe pagesa p\u00ebr bizneset\",\"item\":\"https:\/\/alprofitconsult.al\/en\/tatime\/sipermarres\/deklarimi-dhe-pagesa-2\/\"},{\"@type\":\"ListItem\",\"position\":5,\"name\":\"Llojet e tatimeve p\u00ebr biznesin\"}]},{\"@type\":\"WebSite\",\"@id\":\"https:\/\/alprofitconsult.al\/#website\",\"url\":\"https:\/\/alprofitconsult.al\/\",\"name\":\"AlProfit Consult\",\"description\":\"Zyr\u00eb Kontabiliteti\",\"publisher\":{\"@id\":\"https:\/\/alprofitconsult.al\/#organization\"},\"potentialAction\":[{\"@type\":\"SearchAction\",\"target\":{\"@type\":\"EntryPoint\",\"urlTemplate\":\"https:\/\/alprofitconsult.al\/?s={search_term_string}\"},\"query-input\":{\"@type\":\"PropertyValueSpecification\",\"valueRequired\":true,\"valueName\":\"search_term_string\"}}],\"inLanguage\":\"it-IT\"},{\"@type\":\"Organization\",\"@id\":\"https:\/\/alprofitconsult.al\/#organization\",\"name\":\"Alprofit Consult\",\"url\":\"https:\/\/alprofitconsult.al\/\",\"logo\":{\"@type\":\"ImageObject\",\"inLanguage\":\"it-IT\",\"@id\":\"https:\/\/alprofitconsult.al\/#\/schema\/logo\/image\/\",\"url\":\"https:\/\/alprofitconsult.al\/wp-content\/uploads\/2022\/10\/logoalprofit.png\",\"contentUrl\":\"https:\/\/alprofitconsult.al\/wp-content\/uploads\/2022\/10\/logoalprofit.png\",\"width\":529,\"height\":156,\"caption\":\"Alprofit Consult\"},\"image\":{\"@id\":\"https:\/\/alprofitconsult.al\/#\/schema\/logo\/image\/\"},\"sameAs\":[\"https:\/\/www.facebook.com\/AlProfitConsult\/\",\"https:\/\/x.com\/AlProfitConsult\",\"https:\/\/www.linkedin.com\/company\/andi-haxhillari\/\",\"https:\/\/www.pinterest.com\/AlProfitConsult\/\",\"https:\/\/www.youtube.com\/channel\/UCZ5Gfntn161Nla3g1XdRldA\",\"https:\/\/sq.wikipedia.org\/wiki\/P\u00ebrdoruesi:Andi25~sqwiki\"]}]}<\/script>\n<!-- \/ Yoast SEO plugin. -->","yoast_head_json":{"title":"Llojet e tatimeve p\u00ebr biznesin - AlProfit Consult","robots":{"index":"index","follow":"follow","max-snippet":"max-snippet:-1","max-image-preview":"max-image-preview:large","max-video-preview":"max-video-preview:-1"},"canonical":"https:\/\/alprofitconsult.al\/it\/tasse\/sipermarres\/deklarimi-dhe-pagesa-2\/llojet-e-tatimeve-per-biznesin\/","og_locale":"it_IT","og_type":"article","og_title":"Llojet e tatimeve p\u00ebr biznesin - AlProfit Consult","og_description":"Tatimi \u00ebsht\u00eb pagesa e detyrueshme dhe e pakthyeshme n\u00eb Buxhetin e Shtetit apo n\u00eb buxhetin e organeve t\u00eb qeverisjes vendore, e vendosur me ligj dhe q\u00eb nuk b\u00ebhet n\u00eb shk\u00ebmbim t\u00eb mallrave dhe sh\u00ebrbimeve t\u00eb caktuara. Taks\u00eb \u00ebsht\u00eb pagesa e detyrueshme dhe e pakthyeshme n\u00eb Buxhetin e Shtetit apo n\u00eb buxhetin e organeve t\u00eb qeverisjes [&hellip;]","og_url":"https:\/\/alprofitconsult.al\/it\/tasse\/sipermarres\/deklarimi-dhe-pagesa-2\/llojet-e-tatimeve-per-biznesin\/","og_site_name":"AlProfit Consult","article_publisher":"https:\/\/www.facebook.com\/AlProfitConsult\/","article_modified_time":"2024-11-30T19:45:27+00:00","og_image":[{"width":1920,"height":1280,"url":"https:\/\/alprofitconsult.al\/wp-content\/uploads\/2022\/10\/AlProfit-Consult-Llojet-e-tatimeve-per-biznesin.jpg","type":"image\/jpeg"}],"twitter_card":"summary_large_image","twitter_site":"@AlProfitConsult","twitter_misc":{"Tempo di lettura stimato":"2 minuti"},"schema":{"@context":"https:\/\/schema.org","@graph":[{"@type":"WebPage","@id":"https:\/\/alprofitconsult.al\/en\/tatime\/sipermarres\/deklarimi-dhe-pagesa-2\/llojet-e-tatimeve-per-biznesin\/","url":"https:\/\/alprofitconsult.al\/en\/tatime\/sipermarres\/deklarimi-dhe-pagesa-2\/llojet-e-tatimeve-per-biznesin\/","name":"Llojet e tatimeve p\u00ebr biznesin - AlProfit Consult","isPartOf":{"@id":"https:\/\/alprofitconsult.al\/#website"},"primaryImageOfPage":{"@id":"https:\/\/alprofitconsult.al\/en\/tatime\/sipermarres\/deklarimi-dhe-pagesa-2\/llojet-e-tatimeve-per-biznesin\/#primaryimage"},"image":{"@id":"https:\/\/alprofitconsult.al\/en\/tatime\/sipermarres\/deklarimi-dhe-pagesa-2\/llojet-e-tatimeve-per-biznesin\/#primaryimage"},"thumbnailUrl":"https:\/\/alprofitconsult.al\/wp-content\/uploads\/2022\/10\/AlProfit-Consult-Llojet-e-tatimeve-per-biznesin.jpg","datePublished":"2022-10-08T18:35:48+00:00","dateModified":"2024-11-30T19:45:27+00:00","breadcrumb":{"@id":"https:\/\/alprofitconsult.al\/en\/tatime\/sipermarres\/deklarimi-dhe-pagesa-2\/llojet-e-tatimeve-per-biznesin\/#breadcrumb"},"inLanguage":"it-IT","potentialAction":[{"@type":"ReadAction","target":["https:\/\/alprofitconsult.al\/en\/tatime\/sipermarres\/deklarimi-dhe-pagesa-2\/llojet-e-tatimeve-per-biznesin\/"]}]},{"@type":"ImageObject","inLanguage":"it-IT","@id":"https:\/\/alprofitconsult.al\/en\/tatime\/sipermarres\/deklarimi-dhe-pagesa-2\/llojet-e-tatimeve-per-biznesin\/#primaryimage","url":"https:\/\/alprofitconsult.al\/wp-content\/uploads\/2022\/10\/AlProfit-Consult-Llojet-e-tatimeve-per-biznesin.jpg","contentUrl":"https:\/\/alprofitconsult.al\/wp-content\/uploads\/2022\/10\/AlProfit-Consult-Llojet-e-tatimeve-per-biznesin.jpg","width":1920,"height":1280},{"@type":"BreadcrumbList","@id":"https:\/\/alprofitconsult.al\/en\/tatime\/sipermarres\/deklarimi-dhe-pagesa-2\/llojet-e-tatimeve-per-biznesin\/#breadcrumb","itemListElement":[{"@type":"ListItem","position":1,"name":"Kryefaqe","item":"https:\/\/alprofitconsult.al\/"},{"@type":"ListItem","position":2,"name":"Legjislacioni tatimor","item":"https:\/\/alprofitconsult.al\/en\/tatime\/"},{"@type":"ListItem","position":3,"name":"Sip\u00ebrmarr\u00ebs","item":"https:\/\/alprofitconsult.al\/en\/tatime\/sipermarres\/"},{"@type":"ListItem","position":4,"name":"Deklarimi dhe pagesa p\u00ebr bizneset","item":"https:\/\/alprofitconsult.al\/en\/tatime\/sipermarres\/deklarimi-dhe-pagesa-2\/"},{"@type":"ListItem","position":5,"name":"Llojet e tatimeve p\u00ebr biznesin"}]},{"@type":"WebSite","@id":"https:\/\/alprofitconsult.al\/#website","url":"https:\/\/alprofitconsult.al\/","name":"AlProfit Consult","description":"Ufficio contabilit\u00e0","publisher":{"@id":"https:\/\/alprofitconsult.al\/#organization"},"potentialAction":[{"@type":"SearchAction","target":{"@type":"EntryPoint","urlTemplate":"https:\/\/alprofitconsult.al\/?s={search_term_string}"},"query-input":{"@type":"PropertyValueSpecification","valueRequired":true,"valueName":"search_term_string"}}],"inLanguage":"it-IT"},{"@type":"Organization","@id":"https:\/\/alprofitconsult.al\/#organization","name":"Alprofit Consult","url":"https:\/\/alprofitconsult.al\/","logo":{"@type":"ImageObject","inLanguage":"it-IT","@id":"https:\/\/alprofitconsult.al\/#\/schema\/logo\/image\/","url":"https:\/\/alprofitconsult.al\/wp-content\/uploads\/2022\/10\/logoalprofit.png","contentUrl":"https:\/\/alprofitconsult.al\/wp-content\/uploads\/2022\/10\/logoalprofit.png","width":529,"height":156,"caption":"Alprofit Consult"},"image":{"@id":"https:\/\/alprofitconsult.al\/#\/schema\/logo\/image\/"},"sameAs":["https:\/\/www.facebook.com\/AlProfitConsult\/","https:\/\/x.com\/AlProfitConsult","https:\/\/www.linkedin.com\/company\/andi-haxhillari\/","https:\/\/www.pinterest.com\/AlProfitConsult\/","https:\/\/www.youtube.com\/channel\/UCZ5Gfntn161Nla3g1XdRldA","https:\/\/sq.wikipedia.org\/wiki\/P\u00ebrdoruesi:Andi25~sqwiki"]}]}},"_links":{"self":[{"href":"https:\/\/alprofitconsult.al\/it\/wp-json\/wp\/v2\/pages\/15465","targetHints":{"allow":["GET"]}}],"collection":[{"href":"https:\/\/alprofitconsult.al\/it\/wp-json\/wp\/v2\/pages"}],"about":[{"href":"https:\/\/alprofitconsult.al\/it\/wp-json\/wp\/v2\/types\/page"}],"author":[{"embeddable":true,"href":"https:\/\/alprofitconsult.al\/it\/wp-json\/wp\/v2\/users\/1"}],"replies":[{"embeddable":true,"href":"https:\/\/alprofitconsult.al\/it\/wp-json\/wp\/v2\/comments?post=15465"}],"version-history":[{"count":5,"href":"https:\/\/alprofitconsult.al\/it\/wp-json\/wp\/v2\/pages\/15465\/revisions"}],"predecessor-version":[{"id":19945,"href":"https:\/\/alprofitconsult.al\/it\/wp-json\/wp\/v2\/pages\/15465\/revisions\/19945"}],"up":[{"embeddable":true,"href":"https:\/\/alprofitconsult.al\/it\/wp-json\/wp\/v2\/pages\/15463"}],"wp:featuredmedia":[{"embeddable":true,"href":"https:\/\/alprofitconsult.al\/it\/wp-json\/wp\/v2\/media\/15948"}],"wp:attachment":[{"href":"https:\/\/alprofitconsult.al\/it\/wp-json\/wp\/v2\/media?parent=15465"}],"curies":[{"name":"wp","href":"https:\/\/api.w.org\/{rel}","templated":true}]}}