{"id":15467,"date":"2022-10-08T18:35:49","date_gmt":"2022-10-08T18:35:49","guid":{"rendered":"https:\/\/alprofitconsult.al\/?page_id=15467"},"modified":"2022-10-22T11:17:49","modified_gmt":"2022-10-22T11:17:49","slug":"detyrimet-tatimore-te-paguara-me-teper","status":"publish","type":"page","link":"https:\/\/alprofitconsult.al\/it\/tatime\/sipermarres\/deklarimi-dhe-pagesa-2\/detyrimet-tatimore-te-paguara-me-teper\/","title":{"rendered":"Detyrimet tatimore t\u00eb paguara m\u00eb tep\u00ebr"},"content":{"rendered":"<div class=\"yoast-breadcrumbs\"><span><span><a href=\"https:\/\/alprofitconsult.al\/it\/\">Home page<\/a><\/span> | <span><a href=\"https:\/\/alprofitconsult.al\/en\/tatime\/\">Normativa fiscale<\/a><\/span> | <span><a href=\"https:\/\/alprofitconsult.al\/en\/tatime\/sipermarres\/\">Imprenditore<\/a><\/span> | <span><a href=\"https:\/\/alprofitconsult.al\/en\/tatime\/sipermarres\/deklarimi-dhe-pagesa-2\/\">Deklarimi dhe pagesa p\u00ebr bizneset<\/a><\/span> | <span class=\"breadcrumb_last\" aria-current=\"page\">Detyrimet tatimore t\u00eb paguara m\u00eb tep\u00ebr<\/span><\/span><\/div>\n\n\n<p><\/p>\n\n\n\n<figure class=\"wp-block-image size-large\"><img loading=\"lazy\" decoding=\"async\" width=\"1024\" height=\"683\" src=\"https:\/\/alprofitconsult.al\/wp-content\/uploads\/2022\/10\/AlProfit-Consult-Detyrimet-tatimore-te-paguara-me-teper-1024x683.jpg\" alt=\"\" class=\"wp-image-15954\" srcset=\"https:\/\/alprofitconsult.al\/wp-content\/uploads\/2022\/10\/AlProfit-Consult-Detyrimet-tatimore-te-paguara-me-teper-1024x683.jpg 1024w, https:\/\/alprofitconsult.al\/wp-content\/uploads\/2022\/10\/AlProfit-Consult-Detyrimet-tatimore-te-paguara-me-teper-300x200.jpg 300w, https:\/\/alprofitconsult.al\/wp-content\/uploads\/2022\/10\/AlProfit-Consult-Detyrimet-tatimore-te-paguara-me-teper-150x100.jpg 150w, https:\/\/alprofitconsult.al\/wp-content\/uploads\/2022\/10\/AlProfit-Consult-Detyrimet-tatimore-te-paguara-me-teper-768x512.jpg 768w, https:\/\/alprofitconsult.al\/wp-content\/uploads\/2022\/10\/AlProfit-Consult-Detyrimet-tatimore-te-paguara-me-teper-1536x1024.jpg 1536w, https:\/\/alprofitconsult.al\/wp-content\/uploads\/2022\/10\/AlProfit-Consult-Detyrimet-tatimore-te-paguara-me-teper.jpg 1920w\" sizes=\"auto, (max-width: 1024px) 100vw, 1024px\" \/><\/figure>\n\n\n\n<p>Kur shuma e detyrimit tatimor t\u00eb paguar \u00ebsht\u00eb m\u00eb e madhe se shuma e tatimit t\u00eb vler\u00ebsuar n\u00eb njoftimin e vler\u00ebsimit tatimor apo n\u00eb deklarat\u00ebn tatimore, administrata tatimore e kalon shum\u00ebn e paguar m\u00eb tep\u00ebr p\u00ebr llogari t\u00eb detyrimeve t\u00eb tjera tatimore, t\u00eb papaguara nga personi i tatuesh\u00ebm. <\/p>\n\n\n\n<blockquote class=\"wp-block-quote is-layout-flow wp-block-quote-is-layout-flow\"><p>Nj\u00eb gj\u00eb e till\u00eb, behet n\u00eb m\u00ebnyr\u00eb automatike nga vet\u00eb administrata tatimore, brenda periudh\u00ebs s\u00eb par\u00eb vijuese tatimore q\u00eb vjen pas periudh\u00ebs n\u00eb t\u00eb cil\u00ebn personi i tatuesh\u00ebm rezulton me kredi tatimore. <\/p><\/blockquote>\n\n\n\n<p>P\u00ebr tatimin mbi fitimin nj\u00eb gj\u00eb e till\u00eb, b\u00ebhet brenda muajit t\u00eb par\u00eb q\u00eb pason muajin n\u00eb t\u00eb cilin personi i tatuesh\u00ebm rezulton me kredi tatimore.<\/p>\n\n\n\n<p>Kur shuma e tepric\u00ebs s\u00eb kredis\u00eb tatimore \u00ebsht\u00eb m\u00eb e madhe se shuma e detyrimeve t\u00eb tjera tatimore t\u00eb papaguara t\u00eb personit t\u00eb tatuesh\u00ebm, diferenca e mbetur, sipas k\u00ebrkes\u00ebs me shkrim t\u00eb personit t\u00eb tatuesh\u00ebm, mund t\u00eb:<\/p>\n\n\n\n<ul class=\"wp-block-list\"><li>Rimbursohet automatikisht p\u00ebr personin e tatuesh\u00ebm, brenda 30 dit\u00ebve kalendarike nga data e derdhjes s\u00eb shum\u00ebs s\u00eb paguar m\u00eb tep\u00ebr apo nga data e plot\u00ebsimit t\u00eb kushteve ligjore p\u00ebr rimbursim;<\/li><li>Kalohet p\u00ebr llogari t\u00eb detyrimeve tatimore t\u00eb ardhshme t\u00eb tatimpaguesit.<\/li><\/ul>\n\n\n\n<p>Fonte: <a href=\"https:\/\/www.tatime.gov.al\/c\/4\/106\/121\/detyrimet-tatimore-te-paguara-me-teper\" target=\"_blank\" rel=\"noreferrer noopener\">Direzione Generale delle Imposte.<\/a><\/p>\n\n\n<div class=\"gdlr-core-widget-box-shortcode\" style=\"color: #ffffff ;background-color: #000014 ;\"  ><h3 class=\"gdlr-core-widget-box-shortcode-title\" style=\"color: #ffffff ;\"  >Hai qualche domanda?<\/h3><div class=\"gdlr-core-widget-box-shortcode-content\" ><p class=\"translation-block\">Non esitare a <a href=\"https:\/\/alprofitconsult.al\/it\/contact\/\" target=\"_self\">contattarci. Siamo un team di esperti e saremo lieti di parlare con te.<\/p>\n<\/div><\/div>","protected":false},"excerpt":{"rendered":"<p>Kur shuma e detyrimit tatimor t\u00eb paguar \u00ebsht\u00eb m\u00eb e madhe se shuma e tatimit t\u00eb vler\u00ebsuar n\u00eb njoftimin e vler\u00ebsimit tatimor apo n\u00eb deklarat\u00ebn tatimore, administrata tatimore e kalon shum\u00ebn e paguar m\u00eb tep\u00ebr p\u00ebr llogari t\u00eb detyrimeve t\u00eb tjera tatimore, t\u00eb papaguara nga personi i tatuesh\u00ebm. Nj\u00eb gj\u00eb e till\u00eb, behet n\u00eb m\u00ebnyr\u00eb [&hellip;]<\/p>\n","protected":false},"author":1,"featured_media":15954,"parent":15463,"menu_order":0,"comment_status":"open","ping_status":"closed","template":"","meta":{"footnotes":""},"class_list":["post-15467","page","type-page","status-publish","has-post-thumbnail","hentry"],"yoast_head":"<!-- This site is optimized with the Yoast SEO plugin v26.5 - https:\/\/yoast.com\/wordpress\/plugins\/seo\/ -->\n<title>Detyrimet tatimore t\u00eb paguara m\u00eb tep\u00ebr - AlProfit Consult<\/title>\n<meta name=\"robots\" content=\"index, follow, max-snippet:-1, max-image-preview:large, max-video-preview:-1\" \/>\n<link rel=\"canonical\" href=\"https:\/\/alprofitconsult.al\/it\/tasse\/sipermarres\/deklarimi-dhe-pagesa-2\/detyrimet-tatimore-te-paguara-me-teper\/\" \/>\n<meta property=\"og:locale\" content=\"it_IT\" \/>\n<meta property=\"og:type\" content=\"article\" \/>\n<meta property=\"og:title\" content=\"Detyrimet tatimore t\u00eb paguara m\u00eb tep\u00ebr - AlProfit Consult\" \/>\n<meta property=\"og:description\" content=\"Kur shuma e detyrimit tatimor t\u00eb paguar \u00ebsht\u00eb m\u00eb e madhe se shuma e tatimit t\u00eb vler\u00ebsuar n\u00eb njoftimin e vler\u00ebsimit tatimor apo n\u00eb deklarat\u00ebn tatimore, administrata tatimore e kalon shum\u00ebn e paguar m\u00eb tep\u00ebr p\u00ebr llogari t\u00eb detyrimeve t\u00eb tjera tatimore, t\u00eb papaguara nga personi i tatuesh\u00ebm. Nj\u00eb gj\u00eb e till\u00eb, behet n\u00eb m\u00ebnyr\u00eb [&hellip;]\" \/>\n<meta property=\"og:url\" content=\"https:\/\/alprofitconsult.al\/it\/tasse\/sipermarres\/deklarimi-dhe-pagesa-2\/detyrimet-tatimore-te-paguara-me-teper\/\" \/>\n<meta property=\"og:site_name\" content=\"AlProfit Consult\" \/>\n<meta property=\"article:publisher\" content=\"https:\/\/www.facebook.com\/AlProfitConsult\/\" \/>\n<meta property=\"article:modified_time\" content=\"2022-10-22T11:17:49+00:00\" \/>\n<meta property=\"og:image\" content=\"https:\/\/alprofitconsult.al\/wp-content\/uploads\/2022\/10\/AlProfit-Consult-Detyrimet-tatimore-te-paguara-me-teper.jpg\" \/>\n\t<meta property=\"og:image:width\" content=\"1920\" \/>\n\t<meta property=\"og:image:height\" content=\"1280\" \/>\n\t<meta property=\"og:image:type\" content=\"image\/jpeg\" \/>\n<meta name=\"twitter:card\" content=\"summary_large_image\" \/>\n<meta name=\"twitter:site\" content=\"@AlProfitConsult\" \/>\n<meta name=\"twitter:label1\" content=\"Tempo di lettura stimato\" \/>\n\t<meta name=\"twitter:data1\" content=\"2 minuti\" \/>\n<script type=\"application\/ld+json\" class=\"yoast-schema-graph\">{\"@context\":\"https:\/\/schema.org\",\"@graph\":[{\"@type\":\"WebPage\",\"@id\":\"https:\/\/alprofitconsult.al\/en\/tatime\/sipermarres\/deklarimi-dhe-pagesa-2\/detyrimet-tatimore-te-paguara-me-teper\/\",\"url\":\"https:\/\/alprofitconsult.al\/en\/tatime\/sipermarres\/deklarimi-dhe-pagesa-2\/detyrimet-tatimore-te-paguara-me-teper\/\",\"name\":\"Detyrimet tatimore t\u00eb paguara m\u00eb tep\u00ebr - AlProfit Consult\",\"isPartOf\":{\"@id\":\"https:\/\/alprofitconsult.al\/#website\"},\"primaryImageOfPage\":{\"@id\":\"https:\/\/alprofitconsult.al\/en\/tatime\/sipermarres\/deklarimi-dhe-pagesa-2\/detyrimet-tatimore-te-paguara-me-teper\/#primaryimage\"},\"image\":{\"@id\":\"https:\/\/alprofitconsult.al\/en\/tatime\/sipermarres\/deklarimi-dhe-pagesa-2\/detyrimet-tatimore-te-paguara-me-teper\/#primaryimage\"},\"thumbnailUrl\":\"https:\/\/alprofitconsult.al\/wp-content\/uploads\/2022\/10\/AlProfit-Consult-Detyrimet-tatimore-te-paguara-me-teper.jpg\",\"datePublished\":\"2022-10-08T18:35:49+00:00\",\"dateModified\":\"2022-10-22T11:17:49+00:00\",\"breadcrumb\":{\"@id\":\"https:\/\/alprofitconsult.al\/en\/tatime\/sipermarres\/deklarimi-dhe-pagesa-2\/detyrimet-tatimore-te-paguara-me-teper\/#breadcrumb\"},\"inLanguage\":\"it-IT\",\"potentialAction\":[{\"@type\":\"ReadAction\",\"target\":[\"https:\/\/alprofitconsult.al\/en\/tatime\/sipermarres\/deklarimi-dhe-pagesa-2\/detyrimet-tatimore-te-paguara-me-teper\/\"]}]},{\"@type\":\"ImageObject\",\"inLanguage\":\"it-IT\",\"@id\":\"https:\/\/alprofitconsult.al\/en\/tatime\/sipermarres\/deklarimi-dhe-pagesa-2\/detyrimet-tatimore-te-paguara-me-teper\/#primaryimage\",\"url\":\"https:\/\/alprofitconsult.al\/wp-content\/uploads\/2022\/10\/AlProfit-Consult-Detyrimet-tatimore-te-paguara-me-teper.jpg\",\"contentUrl\":\"https:\/\/alprofitconsult.al\/wp-content\/uploads\/2022\/10\/AlProfit-Consult-Detyrimet-tatimore-te-paguara-me-teper.jpg\",\"width\":1920,\"height\":1280},{\"@type\":\"BreadcrumbList\",\"@id\":\"https:\/\/alprofitconsult.al\/en\/tatime\/sipermarres\/deklarimi-dhe-pagesa-2\/detyrimet-tatimore-te-paguara-me-teper\/#breadcrumb\",\"itemListElement\":[{\"@type\":\"ListItem\",\"position\":1,\"name\":\"Kryefaqe\",\"item\":\"https:\/\/alprofitconsult.al\/\"},{\"@type\":\"ListItem\",\"position\":2,\"name\":\"Legjislacioni tatimor\",\"item\":\"https:\/\/alprofitconsult.al\/en\/tatime\/\"},{\"@type\":\"ListItem\",\"position\":3,\"name\":\"Sip\u00ebrmarr\u00ebs\",\"item\":\"https:\/\/alprofitconsult.al\/en\/tatime\/sipermarres\/\"},{\"@type\":\"ListItem\",\"position\":4,\"name\":\"Deklarimi dhe pagesa p\u00ebr bizneset\",\"item\":\"https:\/\/alprofitconsult.al\/en\/tatime\/sipermarres\/deklarimi-dhe-pagesa-2\/\"},{\"@type\":\"ListItem\",\"position\":5,\"name\":\"Detyrimet tatimore t\u00eb paguara m\u00eb tep\u00ebr\"}]},{\"@type\":\"WebSite\",\"@id\":\"https:\/\/alprofitconsult.al\/#website\",\"url\":\"https:\/\/alprofitconsult.al\/\",\"name\":\"AlProfit Consult\",\"description\":\"Zyr\u00eb Kontabiliteti\",\"publisher\":{\"@id\":\"https:\/\/alprofitconsult.al\/#organization\"},\"potentialAction\":[{\"@type\":\"SearchAction\",\"target\":{\"@type\":\"EntryPoint\",\"urlTemplate\":\"https:\/\/alprofitconsult.al\/?s={search_term_string}\"},\"query-input\":{\"@type\":\"PropertyValueSpecification\",\"valueRequired\":true,\"valueName\":\"search_term_string\"}}],\"inLanguage\":\"it-IT\"},{\"@type\":\"Organization\",\"@id\":\"https:\/\/alprofitconsult.al\/#organization\",\"name\":\"Alprofit Consult\",\"url\":\"https:\/\/alprofitconsult.al\/\",\"logo\":{\"@type\":\"ImageObject\",\"inLanguage\":\"it-IT\",\"@id\":\"https:\/\/alprofitconsult.al\/#\/schema\/logo\/image\/\",\"url\":\"https:\/\/alprofitconsult.al\/wp-content\/uploads\/2022\/10\/logoalprofit.png\",\"contentUrl\":\"https:\/\/alprofitconsult.al\/wp-content\/uploads\/2022\/10\/logoalprofit.png\",\"width\":529,\"height\":156,\"caption\":\"Alprofit Consult\"},\"image\":{\"@id\":\"https:\/\/alprofitconsult.al\/#\/schema\/logo\/image\/\"},\"sameAs\":[\"https:\/\/www.facebook.com\/AlProfitConsult\/\",\"https:\/\/x.com\/AlProfitConsult\",\"https:\/\/www.linkedin.com\/company\/andi-haxhillari\/\",\"https:\/\/www.pinterest.com\/AlProfitConsult\/\",\"https:\/\/www.youtube.com\/channel\/UCZ5Gfntn161Nla3g1XdRldA\",\"https:\/\/sq.wikipedia.org\/wiki\/P\u00ebrdoruesi:Andi25~sqwiki\"]}]}<\/script>\n<!-- \/ Yoast SEO plugin. -->","yoast_head_json":{"title":"Detyrimet tatimore t\u00eb paguara m\u00eb tep\u00ebr - AlProfit Consult","robots":{"index":"index","follow":"follow","max-snippet":"max-snippet:-1","max-image-preview":"max-image-preview:large","max-video-preview":"max-video-preview:-1"},"canonical":"https:\/\/alprofitconsult.al\/it\/tasse\/sipermarres\/deklarimi-dhe-pagesa-2\/detyrimet-tatimore-te-paguara-me-teper\/","og_locale":"it_IT","og_type":"article","og_title":"Detyrimet tatimore t\u00eb paguara m\u00eb tep\u00ebr - AlProfit Consult","og_description":"Kur shuma e detyrimit tatimor t\u00eb paguar \u00ebsht\u00eb m\u00eb e madhe se shuma e tatimit t\u00eb vler\u00ebsuar n\u00eb njoftimin e vler\u00ebsimit tatimor apo n\u00eb deklarat\u00ebn tatimore, administrata tatimore e kalon shum\u00ebn e paguar m\u00eb tep\u00ebr p\u00ebr llogari t\u00eb detyrimeve t\u00eb tjera tatimore, t\u00eb papaguara nga personi i tatuesh\u00ebm. Nj\u00eb gj\u00eb e till\u00eb, behet n\u00eb m\u00ebnyr\u00eb [&hellip;]","og_url":"https:\/\/alprofitconsult.al\/it\/tasse\/sipermarres\/deklarimi-dhe-pagesa-2\/detyrimet-tatimore-te-paguara-me-teper\/","og_site_name":"AlProfit Consult","article_publisher":"https:\/\/www.facebook.com\/AlProfitConsult\/","article_modified_time":"2022-10-22T11:17:49+00:00","og_image":[{"width":1920,"height":1280,"url":"https:\/\/alprofitconsult.al\/wp-content\/uploads\/2022\/10\/AlProfit-Consult-Detyrimet-tatimore-te-paguara-me-teper.jpg","type":"image\/jpeg"}],"twitter_card":"summary_large_image","twitter_site":"@AlProfitConsult","twitter_misc":{"Tempo di lettura stimato":"2 minuti"},"schema":{"@context":"https:\/\/schema.org","@graph":[{"@type":"WebPage","@id":"https:\/\/alprofitconsult.al\/en\/tatime\/sipermarres\/deklarimi-dhe-pagesa-2\/detyrimet-tatimore-te-paguara-me-teper\/","url":"https:\/\/alprofitconsult.al\/en\/tatime\/sipermarres\/deklarimi-dhe-pagesa-2\/detyrimet-tatimore-te-paguara-me-teper\/","name":"Detyrimet tatimore t\u00eb paguara m\u00eb tep\u00ebr - AlProfit Consult","isPartOf":{"@id":"https:\/\/alprofitconsult.al\/#website"},"primaryImageOfPage":{"@id":"https:\/\/alprofitconsult.al\/en\/tatime\/sipermarres\/deklarimi-dhe-pagesa-2\/detyrimet-tatimore-te-paguara-me-teper\/#primaryimage"},"image":{"@id":"https:\/\/alprofitconsult.al\/en\/tatime\/sipermarres\/deklarimi-dhe-pagesa-2\/detyrimet-tatimore-te-paguara-me-teper\/#primaryimage"},"thumbnailUrl":"https:\/\/alprofitconsult.al\/wp-content\/uploads\/2022\/10\/AlProfit-Consult-Detyrimet-tatimore-te-paguara-me-teper.jpg","datePublished":"2022-10-08T18:35:49+00:00","dateModified":"2022-10-22T11:17:49+00:00","breadcrumb":{"@id":"https:\/\/alprofitconsult.al\/en\/tatime\/sipermarres\/deklarimi-dhe-pagesa-2\/detyrimet-tatimore-te-paguara-me-teper\/#breadcrumb"},"inLanguage":"it-IT","potentialAction":[{"@type":"ReadAction","target":["https:\/\/alprofitconsult.al\/en\/tatime\/sipermarres\/deklarimi-dhe-pagesa-2\/detyrimet-tatimore-te-paguara-me-teper\/"]}]},{"@type":"ImageObject","inLanguage":"it-IT","@id":"https:\/\/alprofitconsult.al\/en\/tatime\/sipermarres\/deklarimi-dhe-pagesa-2\/detyrimet-tatimore-te-paguara-me-teper\/#primaryimage","url":"https:\/\/alprofitconsult.al\/wp-content\/uploads\/2022\/10\/AlProfit-Consult-Detyrimet-tatimore-te-paguara-me-teper.jpg","contentUrl":"https:\/\/alprofitconsult.al\/wp-content\/uploads\/2022\/10\/AlProfit-Consult-Detyrimet-tatimore-te-paguara-me-teper.jpg","width":1920,"height":1280},{"@type":"BreadcrumbList","@id":"https:\/\/alprofitconsult.al\/en\/tatime\/sipermarres\/deklarimi-dhe-pagesa-2\/detyrimet-tatimore-te-paguara-me-teper\/#breadcrumb","itemListElement":[{"@type":"ListItem","position":1,"name":"Kryefaqe","item":"https:\/\/alprofitconsult.al\/"},{"@type":"ListItem","position":2,"name":"Legjislacioni tatimor","item":"https:\/\/alprofitconsult.al\/en\/tatime\/"},{"@type":"ListItem","position":3,"name":"Sip\u00ebrmarr\u00ebs","item":"https:\/\/alprofitconsult.al\/en\/tatime\/sipermarres\/"},{"@type":"ListItem","position":4,"name":"Deklarimi dhe pagesa p\u00ebr bizneset","item":"https:\/\/alprofitconsult.al\/en\/tatime\/sipermarres\/deklarimi-dhe-pagesa-2\/"},{"@type":"ListItem","position":5,"name":"Detyrimet tatimore t\u00eb paguara m\u00eb tep\u00ebr"}]},{"@type":"WebSite","@id":"https:\/\/alprofitconsult.al\/#website","url":"https:\/\/alprofitconsult.al\/","name":"AlProfit Consult","description":"Ufficio contabilit\u00e0","publisher":{"@id":"https:\/\/alprofitconsult.al\/#organization"},"potentialAction":[{"@type":"SearchAction","target":{"@type":"EntryPoint","urlTemplate":"https:\/\/alprofitconsult.al\/?s={search_term_string}"},"query-input":{"@type":"PropertyValueSpecification","valueRequired":true,"valueName":"search_term_string"}}],"inLanguage":"it-IT"},{"@type":"Organization","@id":"https:\/\/alprofitconsult.al\/#organization","name":"Alprofit Consult","url":"https:\/\/alprofitconsult.al\/","logo":{"@type":"ImageObject","inLanguage":"it-IT","@id":"https:\/\/alprofitconsult.al\/#\/schema\/logo\/image\/","url":"https:\/\/alprofitconsult.al\/wp-content\/uploads\/2022\/10\/logoalprofit.png","contentUrl":"https:\/\/alprofitconsult.al\/wp-content\/uploads\/2022\/10\/logoalprofit.png","width":529,"height":156,"caption":"Alprofit Consult"},"image":{"@id":"https:\/\/alprofitconsult.al\/#\/schema\/logo\/image\/"},"sameAs":["https:\/\/www.facebook.com\/AlProfitConsult\/","https:\/\/x.com\/AlProfitConsult","https:\/\/www.linkedin.com\/company\/andi-haxhillari\/","https:\/\/www.pinterest.com\/AlProfitConsult\/","https:\/\/www.youtube.com\/channel\/UCZ5Gfntn161Nla3g1XdRldA","https:\/\/sq.wikipedia.org\/wiki\/P\u00ebrdoruesi:Andi25~sqwiki"]}]}},"_links":{"self":[{"href":"https:\/\/alprofitconsult.al\/it\/wp-json\/wp\/v2\/pages\/15467","targetHints":{"allow":["GET"]}}],"collection":[{"href":"https:\/\/alprofitconsult.al\/it\/wp-json\/wp\/v2\/pages"}],"about":[{"href":"https:\/\/alprofitconsult.al\/it\/wp-json\/wp\/v2\/types\/page"}],"author":[{"embeddable":true,"href":"https:\/\/alprofitconsult.al\/it\/wp-json\/wp\/v2\/users\/1"}],"replies":[{"embeddable":true,"href":"https:\/\/alprofitconsult.al\/it\/wp-json\/wp\/v2\/comments?post=15467"}],"version-history":[{"count":5,"href":"https:\/\/alprofitconsult.al\/it\/wp-json\/wp\/v2\/pages\/15467\/revisions"}],"predecessor-version":[{"id":17106,"href":"https:\/\/alprofitconsult.al\/it\/wp-json\/wp\/v2\/pages\/15467\/revisions\/17106"}],"up":[{"embeddable":true,"href":"https:\/\/alprofitconsult.al\/it\/wp-json\/wp\/v2\/pages\/15463"}],"wp:featuredmedia":[{"embeddable":true,"href":"https:\/\/alprofitconsult.al\/it\/wp-json\/wp\/v2\/media\/15954"}],"wp:attachment":[{"href":"https:\/\/alprofitconsult.al\/it\/wp-json\/wp\/v2\/media?parent=15467"}],"curies":[{"name":"wp","href":"https:\/\/api.w.org\/{rel}","templated":true}]}}