{"id":15468,"date":"2022-10-08T18:35:49","date_gmt":"2022-10-08T18:35:49","guid":{"rendered":"https:\/\/alprofitconsult.al\/?page_id=15468"},"modified":"2022-10-22T11:18:12","modified_gmt":"2022-10-22T11:18:12","slug":"rimbursimi","status":"publish","type":"page","link":"https:\/\/alprofitconsult.al\/it\/tatime\/sipermarres\/deklarimi-dhe-pagesa-2\/rimbursimi\/","title":{"rendered":"Rimbursimi"},"content":{"rendered":"<div class=\"yoast-breadcrumbs\"><span><span><a href=\"https:\/\/alprofitconsult.al\/it\/\">Home page<\/a><\/span> | <span><a href=\"https:\/\/alprofitconsult.al\/en\/tatime\/\">Normativa fiscale<\/a><\/span> | <span><a href=\"https:\/\/alprofitconsult.al\/en\/tatime\/sipermarres\/\">Imprenditore<\/a><\/span> | <span><a href=\"https:\/\/alprofitconsult.al\/en\/tatime\/sipermarres\/deklarimi-dhe-pagesa-2\/\">Deklarimi dhe pagesa p\u00ebr bizneset<\/a><\/span> | <span class=\"breadcrumb_last\" aria-current=\"page\">Rimbursimi<\/span><\/span><\/div>\n\n\n<p><\/p>\n\n\n\n<figure class=\"wp-block-image size-large\"><img loading=\"lazy\" decoding=\"async\" width=\"1024\" height=\"576\" src=\"https:\/\/alprofitconsult.al\/wp-content\/uploads\/2022\/10\/AlProfit-Consult-Rimbursimi-1024x576.jpg\" alt=\"\" class=\"wp-image-15957\" srcset=\"https:\/\/alprofitconsult.al\/wp-content\/uploads\/2022\/10\/AlProfit-Consult-Rimbursimi-1024x576.jpg 1024w, https:\/\/alprofitconsult.al\/wp-content\/uploads\/2022\/10\/AlProfit-Consult-Rimbursimi-300x169.jpg 300w, https:\/\/alprofitconsult.al\/wp-content\/uploads\/2022\/10\/AlProfit-Consult-Rimbursimi-150x84.jpg 150w, https:\/\/alprofitconsult.al\/wp-content\/uploads\/2022\/10\/AlProfit-Consult-Rimbursimi-768x432.jpg 768w, https:\/\/alprofitconsult.al\/wp-content\/uploads\/2022\/10\/AlProfit-Consult-Rimbursimi-1536x864.jpg 1536w, https:\/\/alprofitconsult.al\/wp-content\/uploads\/2022\/10\/AlProfit-Consult-Rimbursimi.jpg 1920w\" sizes=\"auto, (max-width: 1024px) 100vw, 1024px\" \/><\/figure>\n\n\n\n<p>Personat e tatuesh\u00ebm, t\u00eb regjistruar p\u00ebr TVSH-n\u00eb, q\u00eb rezultojn\u00eb me tepric\u00eb kreditore mbi 400.000 mij\u00eb lek\u00eb, kan\u00eb t\u00eb drejt\u00eb t\u00eb paraqesin k\u00ebrkes\u00ebn p\u00ebr rimbursimin e TVSH-s\u00eb pran\u00eb Drejtoris\u00eb s\u00eb Rimbursimit t\u00eb TVSH-s\u00eb n\u00eb Drejtorin\u00eb e P\u00ebrgjithshme t\u00eb Tatimeve. <\/p>\n\n\n\n<p>Kjo k\u00ebrkes\u00eb paraqitet sipas formularit t\u00eb miratuar \u201cK\u00ebrkes\u00eb p\u00ebr rimbursimin e TVSH-s\u00eb\u201d (online si dhe zyrtarisht pran\u00eb Drejtoris\u00eb s\u00eb Rimbursimit t\u00eb TVSH-s\u00eb n\u00eb Drejtorin\u00eb e P\u00ebrgjithshme t\u00eb Tatimeve).<\/p>\n\n\n\n<p>Drejtoria e Rimbursimit t\u00eb TVSH-s\u00eb n\u00eb Drejtorin\u00eb e P\u00ebrgjithshme t\u00eb Tatimeve, n\u00eb bashk\u00ebpunim me drejtorin\u00eb rajonale tatimore ku \u00ebsht\u00eb i regjistruar tatimpaguesi, verifikojn\u00eb situat\u00ebn tatimore t\u00eb tatimpaguesit dhe miratojn\u00eb tepric\u00ebn kreditore si t\u00eb rimbursueshme. <\/p>\n\n\n\n<p>N\u00ebse pas rezultateve t\u00eb kontrollit k\u00ebrkesa p\u00ebr rimbursim refuzohet t\u00ebr\u00ebsisht ose pjes\u00ebrisht, mbi refuzimin e k\u00ebrkes\u00ebs p\u00ebr rimbursim edhe n\u00ebse \u00ebsht\u00eb i pjessh\u00ebm, personi i tatuesh\u00ebm njoftohet nga drejtoria rajonale tatimore me nj\u00eb akt njoftim vler\u00ebsimi tatimor sipas p\u00ebrcaktimit t\u00eb Ligjit <a href=\"https:\/\/alprofitconsult.al\/wp-content\/uploads\/2020\/09\/Ligj-Nr.9920-dat\u00eb-19.05.2008-P\u00ebr-pro\u00e7edurat-tatimore-n\u00eb-Republik\u00ebn-e-Shqip\u00ebris\u00eb-i-ndryshuar.pdf\" target=\"_blank\" rel=\"noreferrer noopener\">Nr. 9920, dat\u00eb 19.5.2008<\/a>, \u201cP\u00ebr procedurat tatimore n\u00eb Republik\u00ebn e Shqip\u00ebris\u00eb\u201d.<\/p>\n\n\n\n<p>E drejta e tatimpaguesit p\u00ebr t\u00eb k\u00ebrkuar rimbursimin e tepric\u00ebs kreditore parashkruhet kur kan\u00eb kaluar 5 vjet nga data e dor\u00ebzimit t\u00eb deklarat\u00ebs tatimore, t\u00eb p\u00ebrcaktuar n\u00eb legjislacionin tatimor p\u00ebrkat\u00ebs.<\/p>\n\n\n\n<p class=\"has-drop-cap\">A. Rimbursimi p\u00ebr tatimpaguesit jo-eksportues <\/p>\n\n\n\n<blockquote class=\"wp-block-quote is-layout-flow wp-block-quote-is-layout-flow\"><p>(kriteri ligjor q\u00eb duhet plot\u00ebsuar: TVSH e zbritshme m\u00eb e madhe se 400.000 lek\u00eb, e mbartur p\u00ebr tri periudha t\u00eb nj\u00ebpasnj\u00ebshme).<\/p><\/blockquote>\n\n\n\n<p>Rimbursimi i TVSH-s\u00eb kryhet brenda 60 dit\u00ebve nga data e paraqitjes s\u00eb k\u00ebrkes\u00ebs n\u00ebp\u00ebrmjet sistemit t\u00eb Thesarit, n\u00eb baz\u00eb t\u00eb rregullave t\u00eb p\u00ebrcaktuara n\u00eb udh\u00ebzimin e Ministrit t\u00eb Financave. K\u00ebrkesa p\u00ebr rimbursim i n\u00ebnshtrohet procedur\u00ebs normale t\u00eb rimbursimit duke iu n\u00ebnshtruar analiz\u00ebs se riskut p\u00ebr rimbursim.<\/p>\n\n\n\n<p class=\"has-drop-cap\">B. Rimbursimi p\u00ebr tatimpaguesit eksportues <\/p>\n\n\n\n<blockquote class=\"wp-block-quote is-layout-flow wp-block-quote-is-layout-flow\"><p>(kriteri ligjor q\u00eb duhet plot\u00ebsuar: TVSH e zbritshme m\u00eb e madhe se 400.000 lek\u00eb):<\/p><\/blockquote>\n\n\n\n<ol class=\"wp-block-list\"><li>Tatimpaguesit eksportues ose personat e tatuesh\u00ebm q\u00eb rieksportojn\u00eb mallrat joshqiptare n\u00ebn regjimin e p\u00ebrpunimit aktiv n\u00eb Republik\u00ebn e Shqip\u00ebris\u00eb, q\u00eb plot\u00ebsojn\u00eb k\u00ebto kushte:<\/li><\/ol>\n\n\n\n<ul class=\"wp-block-list\"><li>Vlera e eksporteve t\u00eb kryera n\u00eb periudh\u00ebn\/at tatimore, p\u00ebr t\u00eb cil\u00ebn\/at k\u00ebrkohet rimbursim, \u00ebsht\u00eb m\u00eb shum\u00eb se 70% e vler\u00ebs s\u00eb p\u00ebrgjithshme t\u00eb shitjeve, p\u00ebrfshir\u00eb eksportet;<\/li><li>Kan\u00eb aktivitet eksportues mbi 1 vit;<\/li><li>Paraqesin si dokument prove t\u00eb kryerjes s\u00eb eksportit deklarat\u00ebn doganore t\u00eb eksportit, l\u00ebshuar sipas legjislacionit doganor n\u00eb Republik\u00ebn e Shqip\u00ebris\u00eb;<\/li><li>Nuk kan\u00eb detyrime t\u00eb papaguara t\u00eb kontributeve t\u00eb sigurimeve shoq\u00ebrore dhe sh\u00ebndet\u00ebsore.<\/li><\/ul>\n\n\n\n<p>Rimbursohen automatikisht brenda 30 dit\u00ebve nga data e paraqitjes s\u00eb k\u00ebrkes\u00ebs p\u00ebr rimbursim t\u00eb TVSH-s\u00eb, si persona me risk zero.<\/p>\n\n\n\n<ol class=\"wp-block-list\" start=\"2\"><li>Tatimpaguesit eksportues, vlera e eksporteve t\u00eb t\u00eb cil\u00ebve, t\u00eb kryera n\u00eb periudh\u00ebn\/at tatimore p\u00ebr t\u00eb cil\u00ebn\/at k\u00ebrkohet rimbursimi, p\u00ebrb\u00ebn m\u00eb shum\u00eb se 50% deri n\u00eb 70% t\u00eb vler\u00ebs s\u00eb p\u00ebrgjithshme t\u00eb shitjeve, p\u00ebrfshir\u00eb eksportet, rimbursohen brenda 30 dit\u00ebve nga data e paraqitjes s\u00eb k\u00ebrkes\u00ebs p\u00ebr rimbursim t\u00eb TVSH-s\u00eb, duke iu n\u00ebnshtruar m\u00eb par\u00eb procedur\u00ebs s\u00eb analiz\u00ebs s\u00eb riskut. Nga analiza e riskut mund t\u00eb rezultoj\u00eb q\u00eb tatimpaguesi duhet t\u2019i n\u00ebnshtrohet procesit t\u00eb kontrollit tatimor. Megjithat\u00eb, e gjith\u00eb procedura, p\u00ebrfshir\u00eb edhe kontrollin, p\u00ebrfundon brenda 30 dit\u00ebve nga data e paraqitjes s\u00eb k\u00ebrkes\u00ebs. N\u00eb t\u00eb kund\u00ebrt, brenda afatit 30-ditor nga data e paraqitjes s\u00eb k\u00ebrkes\u00ebs p\u00ebr rimbursim kryhet rimbursimi i TVSH-s\u00eb n\u00ebp\u00ebrmjet sistemit t\u00eb Thesarit.<\/li><li>T\u00eb gjith\u00eb personat e tjer\u00eb t\u00eb tatuesh\u00ebm q\u00eb kryejn\u00eb eksporte, por nuk klasifikohen n\u00eb pikat 1 dhe 2 si m\u00eb sip\u00ebr, rimbursohen brenda 60 dit\u00ebve nga data e paraqitjes s\u00eb k\u00ebrkes\u00ebs p\u00ebr rimbursim duke iu n\u00ebnshtruar procedur\u00ebs s\u00eb analiz\u00ebs s\u00eb riskut.<\/li><\/ol>\n\n\n\n<p>N\u00eb rast t\u00eb mosrimbursimit t\u00eb shum\u00ebs s\u00eb miratuar p\u00ebr rimbursim, personit t\u00eb tatuesh\u00ebm i lind e drejta e mospages\u00ebs s\u00eb detyrimeve t\u00eb tjera tatimore n\u00eb mas\u00ebn e TVSH-s\u00eb s\u00eb pretenduar p\u00ebr rimbursim.<\/p>\n\n\n\n<p>N\u00ebse nj\u00eb rimbursim, i cili duhej kryer nga administrata tatimore, nuk kryhet brenda afateve t\u00eb m\u00ebsip\u00ebrme, administrata tatimore paguan kamat\u00ebvones\u00eb p\u00ebr shum\u00ebn e paguar m\u00eb tep\u00ebr, si m\u00eb posht\u00eb:<\/p>\n\n\n\n<ul class=\"wp-block-list\"><li>kur nj\u00eb shum\u00eb e paguar m\u00eb tep\u00ebr kreditohet kundrejt nj\u00eb detyrimi tatimor tjet\u00ebr, kamat\u00ebvonesa paguhet duke filluar nga data e pages\u00ebs m\u00eb tep\u00ebr deri n\u00eb afatin e pages\u00ebs s\u00eb tatimit, kundrejt t\u00eb cilit b\u00ebhet kreditimi;<\/li><li>kur nj\u00eb shum\u00eb e paguar m\u00eb tep\u00ebr rimbursohet, kamat\u00ebvonesa paguhet p\u00ebr periudh\u00ebn nga 30 dit\u00eb pas b\u00ebrjes s\u00eb pages\u00ebs m\u00eb tep\u00ebr deri n\u00eb kryerjen e rimbursimit.<\/li><\/ul>\n\n\n\n<p>Fonte: <a href=\"https:\/\/www.tatime.gov.al\/c\/4\/106\/123\/rimbursimi\" target=\"_blank\" rel=\"noreferrer noopener\">Direzione Generale delle Imposte.<\/a><\/p>\n\n\n<div class=\"gdlr-core-widget-box-shortcode\" style=\"color: #ffffff ;background-color: #000014 ;\"  ><h3 class=\"gdlr-core-widget-box-shortcode-title\" style=\"color: #ffffff ;\"  >Hai qualche domanda?<\/h3><div class=\"gdlr-core-widget-box-shortcode-content\" ><p class=\"translation-block\">Non esitare a <a href=\"https:\/\/alprofitconsult.al\/it\/contact\/\" target=\"_self\">contattarci. Siamo un team di esperti e saremo lieti di parlare con te.<\/p>\n<\/div><\/div>","protected":false},"excerpt":{"rendered":"<p>Personat e tatuesh\u00ebm, t\u00eb regjistruar p\u00ebr TVSH-n\u00eb, q\u00eb rezultojn\u00eb me tepric\u00eb kreditore mbi 400.000 mij\u00eb lek\u00eb, kan\u00eb t\u00eb drejt\u00eb t\u00eb paraqesin k\u00ebrkes\u00ebn p\u00ebr rimbursimin e TVSH-s\u00eb pran\u00eb Drejtoris\u00eb s\u00eb Rimbursimit t\u00eb TVSH-s\u00eb n\u00eb Drejtorin\u00eb e P\u00ebrgjithshme t\u00eb Tatimeve. Kjo k\u00ebrkes\u00eb paraqitet sipas formularit t\u00eb miratuar \u201cK\u00ebrkes\u00eb p\u00ebr rimbursimin e TVSH-s\u00eb\u201d (online si dhe zyrtarisht pran\u00eb [&hellip;]<\/p>\n","protected":false},"author":1,"featured_media":15957,"parent":15463,"menu_order":0,"comment_status":"closed","ping_status":"closed","template":"","meta":{"footnotes":""},"class_list":["post-15468","page","type-page","status-publish","has-post-thumbnail","hentry"],"yoast_head":"<!-- This site is optimized with the Yoast SEO plugin v26.5 - https:\/\/yoast.com\/wordpress\/plugins\/seo\/ -->\n<title>Rimbursimi - AlProfit Consult<\/title>\n<meta name=\"robots\" content=\"index, follow, max-snippet:-1, max-image-preview:large, max-video-preview:-1\" \/>\n<link rel=\"canonical\" href=\"https:\/\/alprofitconsult.al\/it\/tasse\/sipermarres\/deklarimi-dhe-pagesa-2\/rimbursimi\/\" \/>\n<meta property=\"og:locale\" content=\"it_IT\" \/>\n<meta property=\"og:type\" content=\"article\" \/>\n<meta property=\"og:title\" content=\"Rimbursimi - AlProfit Consult\" \/>\n<meta property=\"og:description\" content=\"Personat e tatuesh\u00ebm, t\u00eb regjistruar p\u00ebr TVSH-n\u00eb, q\u00eb rezultojn\u00eb me tepric\u00eb kreditore mbi 400.000 mij\u00eb lek\u00eb, kan\u00eb t\u00eb drejt\u00eb t\u00eb paraqesin k\u00ebrkes\u00ebn p\u00ebr rimbursimin e TVSH-s\u00eb pran\u00eb Drejtoris\u00eb s\u00eb Rimbursimit t\u00eb TVSH-s\u00eb n\u00eb Drejtorin\u00eb e P\u00ebrgjithshme t\u00eb Tatimeve. Kjo k\u00ebrkes\u00eb paraqitet sipas formularit t\u00eb miratuar \u201cK\u00ebrkes\u00eb p\u00ebr rimbursimin e TVSH-s\u00eb\u201d (online si dhe zyrtarisht pran\u00eb [&hellip;]\" \/>\n<meta property=\"og:url\" content=\"https:\/\/alprofitconsult.al\/it\/tasse\/sipermarres\/deklarimi-dhe-pagesa-2\/rimbursimi\/\" \/>\n<meta property=\"og:site_name\" content=\"AlProfit Consult\" \/>\n<meta property=\"article:publisher\" content=\"https:\/\/www.facebook.com\/AlProfitConsult\/\" \/>\n<meta property=\"article:modified_time\" content=\"2022-10-22T11:18:12+00:00\" \/>\n<meta property=\"og:image\" content=\"https:\/\/alprofitconsult.al\/wp-content\/uploads\/2022\/10\/AlProfit-Consult-Rimbursimi.jpg\" \/>\n\t<meta property=\"og:image:width\" content=\"1920\" \/>\n\t<meta property=\"og:image:height\" content=\"1080\" \/>\n\t<meta property=\"og:image:type\" content=\"image\/jpeg\" \/>\n<meta name=\"twitter:card\" content=\"summary_large_image\" \/>\n<meta name=\"twitter:site\" content=\"@AlProfitConsult\" \/>\n<meta name=\"twitter:label1\" content=\"Tempo di lettura stimato\" \/>\n\t<meta name=\"twitter:data1\" content=\"4 minuti\" \/>\n<script type=\"application\/ld+json\" class=\"yoast-schema-graph\">{\"@context\":\"https:\/\/schema.org\",\"@graph\":[{\"@type\":\"WebPage\",\"@id\":\"https:\/\/alprofitconsult.al\/en\/tatime\/sipermarres\/deklarimi-dhe-pagesa-2\/rimbursimi\/\",\"url\":\"https:\/\/alprofitconsult.al\/en\/tatime\/sipermarres\/deklarimi-dhe-pagesa-2\/rimbursimi\/\",\"name\":\"Rimbursimi - AlProfit Consult\",\"isPartOf\":{\"@id\":\"https:\/\/alprofitconsult.al\/#website\"},\"primaryImageOfPage\":{\"@id\":\"https:\/\/alprofitconsult.al\/en\/tatime\/sipermarres\/deklarimi-dhe-pagesa-2\/rimbursimi\/#primaryimage\"},\"image\":{\"@id\":\"https:\/\/alprofitconsult.al\/en\/tatime\/sipermarres\/deklarimi-dhe-pagesa-2\/rimbursimi\/#primaryimage\"},\"thumbnailUrl\":\"https:\/\/alprofitconsult.al\/wp-content\/uploads\/2022\/10\/AlProfit-Consult-Rimbursimi.jpg\",\"datePublished\":\"2022-10-08T18:35:49+00:00\",\"dateModified\":\"2022-10-22T11:18:12+00:00\",\"breadcrumb\":{\"@id\":\"https:\/\/alprofitconsult.al\/en\/tatime\/sipermarres\/deklarimi-dhe-pagesa-2\/rimbursimi\/#breadcrumb\"},\"inLanguage\":\"it-IT\",\"potentialAction\":[{\"@type\":\"ReadAction\",\"target\":[\"https:\/\/alprofitconsult.al\/en\/tatime\/sipermarres\/deklarimi-dhe-pagesa-2\/rimbursimi\/\"]}]},{\"@type\":\"ImageObject\",\"inLanguage\":\"it-IT\",\"@id\":\"https:\/\/alprofitconsult.al\/en\/tatime\/sipermarres\/deklarimi-dhe-pagesa-2\/rimbursimi\/#primaryimage\",\"url\":\"https:\/\/alprofitconsult.al\/wp-content\/uploads\/2022\/10\/AlProfit-Consult-Rimbursimi.jpg\",\"contentUrl\":\"https:\/\/alprofitconsult.al\/wp-content\/uploads\/2022\/10\/AlProfit-Consult-Rimbursimi.jpg\",\"width\":1920,\"height\":1080},{\"@type\":\"BreadcrumbList\",\"@id\":\"https:\/\/alprofitconsult.al\/en\/tatime\/sipermarres\/deklarimi-dhe-pagesa-2\/rimbursimi\/#breadcrumb\",\"itemListElement\":[{\"@type\":\"ListItem\",\"position\":1,\"name\":\"Kryefaqe\",\"item\":\"https:\/\/alprofitconsult.al\/\"},{\"@type\":\"ListItem\",\"position\":2,\"name\":\"Legjislacioni tatimor\",\"item\":\"https:\/\/alprofitconsult.al\/en\/tatime\/\"},{\"@type\":\"ListItem\",\"position\":3,\"name\":\"Sip\u00ebrmarr\u00ebs\",\"item\":\"https:\/\/alprofitconsult.al\/en\/tatime\/sipermarres\/\"},{\"@type\":\"ListItem\",\"position\":4,\"name\":\"Deklarimi dhe pagesa p\u00ebr bizneset\",\"item\":\"https:\/\/alprofitconsult.al\/en\/tatime\/sipermarres\/deklarimi-dhe-pagesa-2\/\"},{\"@type\":\"ListItem\",\"position\":5,\"name\":\"Rimbursimi\"}]},{\"@type\":\"WebSite\",\"@id\":\"https:\/\/alprofitconsult.al\/#website\",\"url\":\"https:\/\/alprofitconsult.al\/\",\"name\":\"AlProfit Consult\",\"description\":\"Zyr\u00eb Kontabiliteti\",\"publisher\":{\"@id\":\"https:\/\/alprofitconsult.al\/#organization\"},\"potentialAction\":[{\"@type\":\"SearchAction\",\"target\":{\"@type\":\"EntryPoint\",\"urlTemplate\":\"https:\/\/alprofitconsult.al\/?s={search_term_string}\"},\"query-input\":{\"@type\":\"PropertyValueSpecification\",\"valueRequired\":true,\"valueName\":\"search_term_string\"}}],\"inLanguage\":\"it-IT\"},{\"@type\":\"Organization\",\"@id\":\"https:\/\/alprofitconsult.al\/#organization\",\"name\":\"Alprofit Consult\",\"url\":\"https:\/\/alprofitconsult.al\/\",\"logo\":{\"@type\":\"ImageObject\",\"inLanguage\":\"it-IT\",\"@id\":\"https:\/\/alprofitconsult.al\/#\/schema\/logo\/image\/\",\"url\":\"https:\/\/alprofitconsult.al\/wp-content\/uploads\/2022\/10\/logoalprofit.png\",\"contentUrl\":\"https:\/\/alprofitconsult.al\/wp-content\/uploads\/2022\/10\/logoalprofit.png\",\"width\":529,\"height\":156,\"caption\":\"Alprofit Consult\"},\"image\":{\"@id\":\"https:\/\/alprofitconsult.al\/#\/schema\/logo\/image\/\"},\"sameAs\":[\"https:\/\/www.facebook.com\/AlProfitConsult\/\",\"https:\/\/x.com\/AlProfitConsult\",\"https:\/\/www.linkedin.com\/company\/andi-haxhillari\/\",\"https:\/\/www.pinterest.com\/AlProfitConsult\/\",\"https:\/\/www.youtube.com\/channel\/UCZ5Gfntn161Nla3g1XdRldA\",\"https:\/\/sq.wikipedia.org\/wiki\/P\u00ebrdoruesi:Andi25~sqwiki\"]}]}<\/script>\n<!-- \/ Yoast SEO plugin. -->","yoast_head_json":{"title":"Rimbursimi - AlProfit Consult","robots":{"index":"index","follow":"follow","max-snippet":"max-snippet:-1","max-image-preview":"max-image-preview:large","max-video-preview":"max-video-preview:-1"},"canonical":"https:\/\/alprofitconsult.al\/it\/tasse\/sipermarres\/deklarimi-dhe-pagesa-2\/rimbursimi\/","og_locale":"it_IT","og_type":"article","og_title":"Rimbursimi - AlProfit Consult","og_description":"Personat e tatuesh\u00ebm, t\u00eb regjistruar p\u00ebr TVSH-n\u00eb, q\u00eb rezultojn\u00eb me tepric\u00eb kreditore mbi 400.000 mij\u00eb lek\u00eb, kan\u00eb t\u00eb drejt\u00eb t\u00eb paraqesin k\u00ebrkes\u00ebn p\u00ebr rimbursimin e TVSH-s\u00eb pran\u00eb Drejtoris\u00eb s\u00eb Rimbursimit t\u00eb TVSH-s\u00eb n\u00eb Drejtorin\u00eb e P\u00ebrgjithshme t\u00eb Tatimeve. Kjo k\u00ebrkes\u00eb paraqitet sipas formularit t\u00eb miratuar \u201cK\u00ebrkes\u00eb p\u00ebr rimbursimin e TVSH-s\u00eb\u201d (online si dhe zyrtarisht pran\u00eb [&hellip;]","og_url":"https:\/\/alprofitconsult.al\/it\/tasse\/sipermarres\/deklarimi-dhe-pagesa-2\/rimbursimi\/","og_site_name":"AlProfit Consult","article_publisher":"https:\/\/www.facebook.com\/AlProfitConsult\/","article_modified_time":"2022-10-22T11:18:12+00:00","og_image":[{"width":1920,"height":1080,"url":"https:\/\/alprofitconsult.al\/wp-content\/uploads\/2022\/10\/AlProfit-Consult-Rimbursimi.jpg","type":"image\/jpeg"}],"twitter_card":"summary_large_image","twitter_site":"@AlProfitConsult","twitter_misc":{"Tempo di lettura stimato":"4 minuti"},"schema":{"@context":"https:\/\/schema.org","@graph":[{"@type":"WebPage","@id":"https:\/\/alprofitconsult.al\/en\/tatime\/sipermarres\/deklarimi-dhe-pagesa-2\/rimbursimi\/","url":"https:\/\/alprofitconsult.al\/en\/tatime\/sipermarres\/deklarimi-dhe-pagesa-2\/rimbursimi\/","name":"Rimbursimi - AlProfit Consult","isPartOf":{"@id":"https:\/\/alprofitconsult.al\/#website"},"primaryImageOfPage":{"@id":"https:\/\/alprofitconsult.al\/en\/tatime\/sipermarres\/deklarimi-dhe-pagesa-2\/rimbursimi\/#primaryimage"},"image":{"@id":"https:\/\/alprofitconsult.al\/en\/tatime\/sipermarres\/deklarimi-dhe-pagesa-2\/rimbursimi\/#primaryimage"},"thumbnailUrl":"https:\/\/alprofitconsult.al\/wp-content\/uploads\/2022\/10\/AlProfit-Consult-Rimbursimi.jpg","datePublished":"2022-10-08T18:35:49+00:00","dateModified":"2022-10-22T11:18:12+00:00","breadcrumb":{"@id":"https:\/\/alprofitconsult.al\/en\/tatime\/sipermarres\/deklarimi-dhe-pagesa-2\/rimbursimi\/#breadcrumb"},"inLanguage":"it-IT","potentialAction":[{"@type":"ReadAction","target":["https:\/\/alprofitconsult.al\/en\/tatime\/sipermarres\/deklarimi-dhe-pagesa-2\/rimbursimi\/"]}]},{"@type":"ImageObject","inLanguage":"it-IT","@id":"https:\/\/alprofitconsult.al\/en\/tatime\/sipermarres\/deklarimi-dhe-pagesa-2\/rimbursimi\/#primaryimage","url":"https:\/\/alprofitconsult.al\/wp-content\/uploads\/2022\/10\/AlProfit-Consult-Rimbursimi.jpg","contentUrl":"https:\/\/alprofitconsult.al\/wp-content\/uploads\/2022\/10\/AlProfit-Consult-Rimbursimi.jpg","width":1920,"height":1080},{"@type":"BreadcrumbList","@id":"https:\/\/alprofitconsult.al\/en\/tatime\/sipermarres\/deklarimi-dhe-pagesa-2\/rimbursimi\/#breadcrumb","itemListElement":[{"@type":"ListItem","position":1,"name":"Kryefaqe","item":"https:\/\/alprofitconsult.al\/"},{"@type":"ListItem","position":2,"name":"Legjislacioni tatimor","item":"https:\/\/alprofitconsult.al\/en\/tatime\/"},{"@type":"ListItem","position":3,"name":"Sip\u00ebrmarr\u00ebs","item":"https:\/\/alprofitconsult.al\/en\/tatime\/sipermarres\/"},{"@type":"ListItem","position":4,"name":"Deklarimi dhe pagesa p\u00ebr bizneset","item":"https:\/\/alprofitconsult.al\/en\/tatime\/sipermarres\/deklarimi-dhe-pagesa-2\/"},{"@type":"ListItem","position":5,"name":"Rimbursimi"}]},{"@type":"WebSite","@id":"https:\/\/alprofitconsult.al\/#website","url":"https:\/\/alprofitconsult.al\/","name":"AlProfit Consult","description":"Ufficio contabilit\u00e0","publisher":{"@id":"https:\/\/alprofitconsult.al\/#organization"},"potentialAction":[{"@type":"SearchAction","target":{"@type":"EntryPoint","urlTemplate":"https:\/\/alprofitconsult.al\/?s={search_term_string}"},"query-input":{"@type":"PropertyValueSpecification","valueRequired":true,"valueName":"search_term_string"}}],"inLanguage":"it-IT"},{"@type":"Organization","@id":"https:\/\/alprofitconsult.al\/#organization","name":"Alprofit Consult","url":"https:\/\/alprofitconsult.al\/","logo":{"@type":"ImageObject","inLanguage":"it-IT","@id":"https:\/\/alprofitconsult.al\/#\/schema\/logo\/image\/","url":"https:\/\/alprofitconsult.al\/wp-content\/uploads\/2022\/10\/logoalprofit.png","contentUrl":"https:\/\/alprofitconsult.al\/wp-content\/uploads\/2022\/10\/logoalprofit.png","width":529,"height":156,"caption":"Alprofit Consult"},"image":{"@id":"https:\/\/alprofitconsult.al\/#\/schema\/logo\/image\/"},"sameAs":["https:\/\/www.facebook.com\/AlProfitConsult\/","https:\/\/x.com\/AlProfitConsult","https:\/\/www.linkedin.com\/company\/andi-haxhillari\/","https:\/\/www.pinterest.com\/AlProfitConsult\/","https:\/\/www.youtube.com\/channel\/UCZ5Gfntn161Nla3g1XdRldA","https:\/\/sq.wikipedia.org\/wiki\/P\u00ebrdoruesi:Andi25~sqwiki"]}]}},"_links":{"self":[{"href":"https:\/\/alprofitconsult.al\/it\/wp-json\/wp\/v2\/pages\/15468","targetHints":{"allow":["GET"]}}],"collection":[{"href":"https:\/\/alprofitconsult.al\/it\/wp-json\/wp\/v2\/pages"}],"about":[{"href":"https:\/\/alprofitconsult.al\/it\/wp-json\/wp\/v2\/types\/page"}],"author":[{"embeddable":true,"href":"https:\/\/alprofitconsult.al\/it\/wp-json\/wp\/v2\/users\/1"}],"replies":[{"embeddable":true,"href":"https:\/\/alprofitconsult.al\/it\/wp-json\/wp\/v2\/comments?post=15468"}],"version-history":[{"count":5,"href":"https:\/\/alprofitconsult.al\/it\/wp-json\/wp\/v2\/pages\/15468\/revisions"}],"predecessor-version":[{"id":17107,"href":"https:\/\/alprofitconsult.al\/it\/wp-json\/wp\/v2\/pages\/15468\/revisions\/17107"}],"up":[{"embeddable":true,"href":"https:\/\/alprofitconsult.al\/it\/wp-json\/wp\/v2\/pages\/15463"}],"wp:featuredmedia":[{"embeddable":true,"href":"https:\/\/alprofitconsult.al\/it\/wp-json\/wp\/v2\/media\/15957"}],"wp:attachment":[{"href":"https:\/\/alprofitconsult.al\/it\/wp-json\/wp\/v2\/media?parent=15468"}],"curies":[{"name":"wp","href":"https:\/\/api.w.org\/{rel}","templated":true}]}}