{"id":15789,"date":"2022-10-09T19:56:08","date_gmt":"2022-10-09T19:56:08","guid":{"rendered":"https:\/\/alprofitconsult.al\/?page_id=15789"},"modified":"2022-10-22T11:11:44","modified_gmt":"2022-10-22T11:11:44","slug":"aplikim-per-certifikate-rezidence-per-individet","status":"publish","type":"page","link":"https:\/\/alprofitconsult.al\/it\/tatime\/individ\/taksimi-i-dyfishte\/aplikim-per-certifikate-rezidence-per-individet\/","title":{"rendered":"Aplikim p\u00ebr certifikat\u00eb rezidence p\u00ebr individ\u00ebt"},"content":{"rendered":"<div class=\"yoast-breadcrumbs\"><span><span><a href=\"https:\/\/alprofitconsult.al\/it\/\">Home page<\/a><\/span> | <span><a href=\"https:\/\/alprofitconsult.al\/en\/tatime\/\">Normativa fiscale<\/a><\/span> | <span><a href=\"https:\/\/alprofitconsult.al\/en\/tatime\/individ\/\">individuale<\/a><\/span> | <span><a href=\"https:\/\/alprofitconsult.al\/en\/?page_id=15448\">Private: Taksimi i dyfisht\u00eb<\/a><\/span> | <span class=\"breadcrumb_last\" aria-current=\"page\">Aplikim p\u00ebr certifikat\u00eb rezidence p\u00ebr individ\u00ebt<\/span><\/span><\/div>\n\n\n<p><\/p>\n\n\n\n<figure class=\"wp-block-image size-large\"><img loading=\"lazy\" decoding=\"async\" width=\"1024\" height=\"684\" src=\"https:\/\/alprofitconsult.al\/wp-content\/uploads\/2022\/10\/AlProfit-Consult-Aplikim-per-certifikate-rezidence-per-individet-1024x684.jpg\" alt=\"\" class=\"wp-image-15790\" srcset=\"https:\/\/alprofitconsult.al\/wp-content\/uploads\/2022\/10\/AlProfit-Consult-Aplikim-per-certifikate-rezidence-per-individet-1024x684.jpg 1024w, https:\/\/alprofitconsult.al\/wp-content\/uploads\/2022\/10\/AlProfit-Consult-Aplikim-per-certifikate-rezidence-per-individet-300x200.jpg 300w, https:\/\/alprofitconsult.al\/wp-content\/uploads\/2022\/10\/AlProfit-Consult-Aplikim-per-certifikate-rezidence-per-individet-150x100.jpg 150w, https:\/\/alprofitconsult.al\/wp-content\/uploads\/2022\/10\/AlProfit-Consult-Aplikim-per-certifikate-rezidence-per-individet-768x513.jpg 768w, https:\/\/alprofitconsult.al\/wp-content\/uploads\/2022\/10\/AlProfit-Consult-Aplikim-per-certifikate-rezidence-per-individet-1536x1026.jpg 1536w, https:\/\/alprofitconsult.al\/wp-content\/uploads\/2022\/10\/AlProfit-Consult-Aplikim-per-certifikate-rezidence-per-individet.jpg 1920w\" sizes=\"auto, (max-width: 1024px) 100vw, 1024px\" \/><\/figure>\n\n\n\n<h5 class=\"wp-block-heading\"><strong>Aplikim p\u00ebr certifikat\u00eb rezidence p\u00ebr individ\u00ebt<\/strong><\/h5>\n\n\n\n<p>Sh\u00ebrbimi elektronik &#8220;Aplikim p\u00ebr certifikat\u00eb rezidence p\u00ebr individ\u00ebt&#8221; ju mund\u00ebson qytetar\u00ebve pajisjen me certifikat\u00ebn e rezidenc\u00ebs me vul\u00eb elektronike, dokumentin v\u00ebrtetues t\u00eb pages\u00ebs s\u00eb detyrimeve tatimeve p\u00ebr t\u00eb ardhurat globale n\u00eb Shqip\u00ebri me q\u00ebllim shmangien e taksimit t\u00eb dyfisht\u00eb dhe parandalimin e evazionit fiskal n\u00eb \u00e7do shtet me t\u00eb cil\u00ebt Shqip\u00ebria ka nj\u00eb marr\u00ebveshje\/konvent\u00eb tatimore.<\/p>\n\n\n\n<p><strong>Documentazione necessaria<\/strong><br><em>P\u00ebr k\u00ebt\u00eb sh\u00ebrbim nuk k\u00ebrkohet dokumentacion shoq\u00ebrues.<\/em><\/p>\n\n\n\n<p><strong>Fasi della procedura<\/strong><br>&#8211; Identifikohuni si qytetar n\u00eb portalin e-Albania; &#8211; Zgjidhni sh\u00ebrbimin &#8220;Aplikim p\u00ebr certifikat\u00eb rezidence p\u00ebr individ\u00ebt&#8221;; &#8211; Klikoni butonin &#8220;P\u00ebrdor&#8221;; &#8211; Zgjidhni shtetin ku do t\u00eb depozitohet certifikata e rezidenc\u00ebs; &#8211; Zgjidhni vitin fiskal p\u00ebr t\u00eb cil\u00ebn k\u00ebrkohet certifikata e rezidenc\u00ebs; &#8211; Klikoni butonin \u201cD\u00ebrgo\u201d n\u00eb faqen e fundit t\u00eb formularit; &#8211; Pas p\u00ebrpunimit t\u00eb k\u00ebrkes\u00ebs p\u00ebr certifikat\u00ebn e rezidenc\u00ebs nga Drejtoria e Tatimeve, ju do t\u00eb njoftoheni me e-mail p\u00ebr miratimin apo refuzimin e k\u00ebrkes\u00ebs; V\u00ebrtetimin e p\u00ebrfunduar me vul\u00eb elektronike mund ta gjeni n\u00eb \u00e7do koh\u00eb n\u00eb seksionin &#8220;Dokumentet e mia&#8221; te hap\u00ebsira juaj n\u00eb portalin e-Albania.<\/p>\n\n\n\n<p><strong>Tempo necessario per ottenere il servizio<\/strong><br>1 dit\u00eb<\/p>\n\n\n\n<p><strong>Periodo di validit\u00e0<\/strong><br>Nessuna scadenza<\/p>\n\n\n\n<p><strong>Costi<\/strong><br>Gratuito<\/p>\n\n\n\n<p><strong>Altro<\/strong><br>Per qualsiasi domanda o richiesta di chiarimenti riguardo all'utilizzo del servizio, potete contattarci all'indirizzo indicato.&nbsp;<a href=\"mailto:helpdesk@e-albania.al\">helpdesk@e-albania.al<\/a><\/p>\n\n\n\n<p>Fonte: <a href=\"https:\/\/e-albania.al\/eAlbaniaServices\/UseService.aspx?service_code=13940\" target=\"_blank\" rel=\"noreferrer noopener\">e-Albania.<\/a><\/p>\n\n\n\n<p>Sh\u00ebrbimi n\u00eb e-Albania: <a href=\"https:\/\/e-albania.al\/eAlbaniaServices\/UseService.aspx?service_code=13940\" target=\"_blank\" rel=\"noreferrer noopener\">Aplikim p\u00ebr certifikat\u00eb rezidence p\u00ebr individ\u00ebt<\/a><\/p>\n\n\n<div class=\"gdlr-core-widget-box-shortcode\" style=\"color: #ffffff ;background-color: #000014 ;\"  ><h3 class=\"gdlr-core-widget-box-shortcode-title\" style=\"color: #ffffff ;\"  >Hai qualche domanda?<\/h3><div class=\"gdlr-core-widget-box-shortcode-content\" ><p class=\"translation-block\">Non esitare a <a href=\"https:\/\/alprofitconsult.al\/it\/contact\/\" target=\"_self\">contattarci. Siamo un team di esperti e saremo lieti di parlare con te.<\/p>\n<\/div><\/div>","protected":false},"excerpt":{"rendered":"<p>Aplikim p\u00ebr certifikat\u00eb rezidence p\u00ebr individ\u00ebt Sh\u00ebrbimi elektronik &#8220;Aplikim p\u00ebr certifikat\u00eb rezidence p\u00ebr individ\u00ebt&#8221; ju mund\u00ebson qytetar\u00ebve pajisjen me certifikat\u00ebn e rezidenc\u00ebs me vul\u00eb elektronike, dokumentin v\u00ebrtetues t\u00eb pages\u00ebs s\u00eb detyrimeve tatimeve p\u00ebr t\u00eb ardhurat globale n\u00eb Shqip\u00ebri me q\u00ebllim shmangien e taksimit t\u00eb dyfisht\u00eb dhe parandalimin e evazionit fiskal n\u00eb \u00e7do shtet me t\u00eb [&hellip;]<\/p>\n","protected":false},"author":1,"featured_media":15790,"parent":15448,"menu_order":0,"comment_status":"closed","ping_status":"closed","template":"","meta":{"footnotes":""},"class_list":["post-15789","page","type-page","status-publish","has-post-thumbnail","hentry"],"yoast_head":"<!-- This site is optimized with the Yoast SEO plugin v26.5 - https:\/\/yoast.com\/wordpress\/plugins\/seo\/ -->\n<title>Aplikim p\u00ebr certifikat\u00eb rezidence p\u00ebr individ\u00ebt - AlProfit Consult<\/title>\n<meta name=\"robots\" content=\"index, follow, max-snippet:-1, max-image-preview:large, max-video-preview:-1\" \/>\n<link rel=\"canonical\" href=\"https:\/\/alprofitconsult.al\/it\/tasse\/individ\/taksimi-i-dyfishte\/aplikim-per-certifikate-rezidence-per-individet\/\" \/>\n<meta property=\"og:locale\" content=\"it_IT\" \/>\n<meta property=\"og:type\" content=\"article\" \/>\n<meta property=\"og:title\" content=\"Aplikim p\u00ebr certifikat\u00eb rezidence p\u00ebr individ\u00ebt - AlProfit Consult\" \/>\n<meta property=\"og:description\" content=\"Aplikim p\u00ebr certifikat\u00eb rezidence p\u00ebr individ\u00ebt Sh\u00ebrbimi elektronik &#8220;Aplikim p\u00ebr certifikat\u00eb rezidence p\u00ebr individ\u00ebt&#8221; ju mund\u00ebson qytetar\u00ebve pajisjen me certifikat\u00ebn e rezidenc\u00ebs me vul\u00eb elektronike, dokumentin v\u00ebrtetues t\u00eb pages\u00ebs s\u00eb detyrimeve tatimeve p\u00ebr t\u00eb ardhurat globale n\u00eb Shqip\u00ebri me q\u00ebllim shmangien e taksimit t\u00eb dyfisht\u00eb dhe parandalimin e evazionit fiskal n\u00eb \u00e7do shtet me t\u00eb [&hellip;]\" \/>\n<meta property=\"og:url\" content=\"https:\/\/alprofitconsult.al\/it\/tasse\/individ\/taksimi-i-dyfishte\/aplikim-per-certifikate-rezidence-per-individet\/\" \/>\n<meta property=\"og:site_name\" content=\"AlProfit Consult\" \/>\n<meta property=\"article:publisher\" content=\"https:\/\/www.facebook.com\/AlProfitConsult\/\" \/>\n<meta property=\"article:modified_time\" content=\"2022-10-22T11:11:44+00:00\" \/>\n<meta property=\"og:image\" content=\"https:\/\/alprofitconsult.al\/wp-content\/uploads\/2022\/10\/AlProfit-Consult-Aplikim-per-certifikate-rezidence-per-individet.jpg\" \/>\n\t<meta property=\"og:image:width\" content=\"1920\" \/>\n\t<meta property=\"og:image:height\" content=\"1282\" \/>\n\t<meta property=\"og:image:type\" content=\"image\/jpeg\" \/>\n<meta name=\"twitter:card\" content=\"summary_large_image\" \/>\n<meta name=\"twitter:site\" content=\"@AlProfitConsult\" \/>\n<meta name=\"twitter:label1\" content=\"Tempo di lettura stimato\" \/>\n\t<meta name=\"twitter:data1\" content=\"2 minuti\" \/>\n<script type=\"application\/ld+json\" class=\"yoast-schema-graph\">{\"@context\":\"https:\/\/schema.org\",\"@graph\":[{\"@type\":\"WebPage\",\"@id\":\"https:\/\/alprofitconsult.al\/en\/tatime\/individ\/taksimi-i-dyfishte\/aplikim-per-certifikate-rezidence-per-individet\/\",\"url\":\"https:\/\/alprofitconsult.al\/en\/tatime\/individ\/taksimi-i-dyfishte\/aplikim-per-certifikate-rezidence-per-individet\/\",\"name\":\"Aplikim p\u00ebr certifikat\u00eb rezidence p\u00ebr individ\u00ebt - AlProfit Consult\",\"isPartOf\":{\"@id\":\"https:\/\/alprofitconsult.al\/#website\"},\"primaryImageOfPage\":{\"@id\":\"https:\/\/alprofitconsult.al\/en\/tatime\/individ\/taksimi-i-dyfishte\/aplikim-per-certifikate-rezidence-per-individet\/#primaryimage\"},\"image\":{\"@id\":\"https:\/\/alprofitconsult.al\/en\/tatime\/individ\/taksimi-i-dyfishte\/aplikim-per-certifikate-rezidence-per-individet\/#primaryimage\"},\"thumbnailUrl\":\"https:\/\/alprofitconsult.al\/wp-content\/uploads\/2022\/10\/AlProfit-Consult-Aplikim-per-certifikate-rezidence-per-individet.jpg\",\"datePublished\":\"2022-10-09T19:56:08+00:00\",\"dateModified\":\"2022-10-22T11:11:44+00:00\",\"breadcrumb\":{\"@id\":\"https:\/\/alprofitconsult.al\/en\/tatime\/individ\/taksimi-i-dyfishte\/aplikim-per-certifikate-rezidence-per-individet\/#breadcrumb\"},\"inLanguage\":\"it-IT\",\"potentialAction\":[{\"@type\":\"ReadAction\",\"target\":[\"https:\/\/alprofitconsult.al\/en\/tatime\/individ\/taksimi-i-dyfishte\/aplikim-per-certifikate-rezidence-per-individet\/\"]}]},{\"@type\":\"ImageObject\",\"inLanguage\":\"it-IT\",\"@id\":\"https:\/\/alprofitconsult.al\/en\/tatime\/individ\/taksimi-i-dyfishte\/aplikim-per-certifikate-rezidence-per-individet\/#primaryimage\",\"url\":\"https:\/\/alprofitconsult.al\/wp-content\/uploads\/2022\/10\/AlProfit-Consult-Aplikim-per-certifikate-rezidence-per-individet.jpg\",\"contentUrl\":\"https:\/\/alprofitconsult.al\/wp-content\/uploads\/2022\/10\/AlProfit-Consult-Aplikim-per-certifikate-rezidence-per-individet.jpg\",\"width\":1920,\"height\":1282},{\"@type\":\"BreadcrumbList\",\"@id\":\"https:\/\/alprofitconsult.al\/en\/tatime\/individ\/taksimi-i-dyfishte\/aplikim-per-certifikate-rezidence-per-individet\/#breadcrumb\",\"itemListElement\":[{\"@type\":\"ListItem\",\"position\":1,\"name\":\"Kryefaqe\",\"item\":\"https:\/\/alprofitconsult.al\/\"},{\"@type\":\"ListItem\",\"position\":2,\"name\":\"Legjislacioni tatimor\",\"item\":\"https:\/\/alprofitconsult.al\/en\/tatime\/\"},{\"@type\":\"ListItem\",\"position\":3,\"name\":\"Individ\",\"item\":\"https:\/\/alprofitconsult.al\/en\/tatime\/individ\/\"},{\"@type\":\"ListItem\",\"position\":4,\"name\":\"Private: Taksimi i dyfisht\u00eb\",\"item\":\"https:\/\/alprofitconsult.al\/en\/?page_id=15448\"},{\"@type\":\"ListItem\",\"position\":5,\"name\":\"Aplikim p\u00ebr certifikat\u00eb rezidence p\u00ebr individ\u00ebt\"}]},{\"@type\":\"WebSite\",\"@id\":\"https:\/\/alprofitconsult.al\/#website\",\"url\":\"https:\/\/alprofitconsult.al\/\",\"name\":\"AlProfit Consult\",\"description\":\"Zyr\u00eb Kontabiliteti\",\"publisher\":{\"@id\":\"https:\/\/alprofitconsult.al\/#organization\"},\"potentialAction\":[{\"@type\":\"SearchAction\",\"target\":{\"@type\":\"EntryPoint\",\"urlTemplate\":\"https:\/\/alprofitconsult.al\/?s={search_term_string}\"},\"query-input\":{\"@type\":\"PropertyValueSpecification\",\"valueRequired\":true,\"valueName\":\"search_term_string\"}}],\"inLanguage\":\"it-IT\"},{\"@type\":\"Organization\",\"@id\":\"https:\/\/alprofitconsult.al\/#organization\",\"name\":\"Alprofit Consult\",\"url\":\"https:\/\/alprofitconsult.al\/\",\"logo\":{\"@type\":\"ImageObject\",\"inLanguage\":\"it-IT\",\"@id\":\"https:\/\/alprofitconsult.al\/#\/schema\/logo\/image\/\",\"url\":\"https:\/\/alprofitconsult.al\/wp-content\/uploads\/2022\/10\/logoalprofit.png\",\"contentUrl\":\"https:\/\/alprofitconsult.al\/wp-content\/uploads\/2022\/10\/logoalprofit.png\",\"width\":529,\"height\":156,\"caption\":\"Alprofit Consult\"},\"image\":{\"@id\":\"https:\/\/alprofitconsult.al\/#\/schema\/logo\/image\/\"},\"sameAs\":[\"https:\/\/www.facebook.com\/AlProfitConsult\/\",\"https:\/\/x.com\/AlProfitConsult\",\"https:\/\/www.linkedin.com\/company\/andi-haxhillari\/\",\"https:\/\/www.pinterest.com\/AlProfitConsult\/\",\"https:\/\/www.youtube.com\/channel\/UCZ5Gfntn161Nla3g1XdRldA\",\"https:\/\/sq.wikipedia.org\/wiki\/P\u00ebrdoruesi:Andi25~sqwiki\"]}]}<\/script>\n<!-- \/ Yoast SEO plugin. -->","yoast_head_json":{"title":"Aplikim p\u00ebr certifikat\u00eb rezidence p\u00ebr individ\u00ebt - AlProfit Consult","robots":{"index":"index","follow":"follow","max-snippet":"max-snippet:-1","max-image-preview":"max-image-preview:large","max-video-preview":"max-video-preview:-1"},"canonical":"https:\/\/alprofitconsult.al\/it\/tasse\/individ\/taksimi-i-dyfishte\/aplikim-per-certifikate-rezidence-per-individet\/","og_locale":"it_IT","og_type":"article","og_title":"Aplikim p\u00ebr certifikat\u00eb rezidence p\u00ebr individ\u00ebt - AlProfit Consult","og_description":"Aplikim p\u00ebr certifikat\u00eb rezidence p\u00ebr individ\u00ebt Sh\u00ebrbimi elektronik &#8220;Aplikim p\u00ebr certifikat\u00eb rezidence p\u00ebr individ\u00ebt&#8221; ju mund\u00ebson qytetar\u00ebve pajisjen me certifikat\u00ebn e rezidenc\u00ebs me vul\u00eb elektronike, dokumentin v\u00ebrtetues t\u00eb pages\u00ebs s\u00eb detyrimeve tatimeve p\u00ebr t\u00eb ardhurat globale n\u00eb Shqip\u00ebri me q\u00ebllim shmangien e taksimit t\u00eb dyfisht\u00eb dhe parandalimin e evazionit fiskal n\u00eb \u00e7do shtet me t\u00eb [&hellip;]","og_url":"https:\/\/alprofitconsult.al\/it\/tasse\/individ\/taksimi-i-dyfishte\/aplikim-per-certifikate-rezidence-per-individet\/","og_site_name":"AlProfit Consult","article_publisher":"https:\/\/www.facebook.com\/AlProfitConsult\/","article_modified_time":"2022-10-22T11:11:44+00:00","og_image":[{"width":1920,"height":1282,"url":"https:\/\/alprofitconsult.al\/wp-content\/uploads\/2022\/10\/AlProfit-Consult-Aplikim-per-certifikate-rezidence-per-individet.jpg","type":"image\/jpeg"}],"twitter_card":"summary_large_image","twitter_site":"@AlProfitConsult","twitter_misc":{"Tempo di lettura stimato":"2 minuti"},"schema":{"@context":"https:\/\/schema.org","@graph":[{"@type":"WebPage","@id":"https:\/\/alprofitconsult.al\/en\/tatime\/individ\/taksimi-i-dyfishte\/aplikim-per-certifikate-rezidence-per-individet\/","url":"https:\/\/alprofitconsult.al\/en\/tatime\/individ\/taksimi-i-dyfishte\/aplikim-per-certifikate-rezidence-per-individet\/","name":"Aplikim p\u00ebr certifikat\u00eb rezidence p\u00ebr individ\u00ebt - AlProfit Consult","isPartOf":{"@id":"https:\/\/alprofitconsult.al\/#website"},"primaryImageOfPage":{"@id":"https:\/\/alprofitconsult.al\/en\/tatime\/individ\/taksimi-i-dyfishte\/aplikim-per-certifikate-rezidence-per-individet\/#primaryimage"},"image":{"@id":"https:\/\/alprofitconsult.al\/en\/tatime\/individ\/taksimi-i-dyfishte\/aplikim-per-certifikate-rezidence-per-individet\/#primaryimage"},"thumbnailUrl":"https:\/\/alprofitconsult.al\/wp-content\/uploads\/2022\/10\/AlProfit-Consult-Aplikim-per-certifikate-rezidence-per-individet.jpg","datePublished":"2022-10-09T19:56:08+00:00","dateModified":"2022-10-22T11:11:44+00:00","breadcrumb":{"@id":"https:\/\/alprofitconsult.al\/en\/tatime\/individ\/taksimi-i-dyfishte\/aplikim-per-certifikate-rezidence-per-individet\/#breadcrumb"},"inLanguage":"it-IT","potentialAction":[{"@type":"ReadAction","target":["https:\/\/alprofitconsult.al\/en\/tatime\/individ\/taksimi-i-dyfishte\/aplikim-per-certifikate-rezidence-per-individet\/"]}]},{"@type":"ImageObject","inLanguage":"it-IT","@id":"https:\/\/alprofitconsult.al\/en\/tatime\/individ\/taksimi-i-dyfishte\/aplikim-per-certifikate-rezidence-per-individet\/#primaryimage","url":"https:\/\/alprofitconsult.al\/wp-content\/uploads\/2022\/10\/AlProfit-Consult-Aplikim-per-certifikate-rezidence-per-individet.jpg","contentUrl":"https:\/\/alprofitconsult.al\/wp-content\/uploads\/2022\/10\/AlProfit-Consult-Aplikim-per-certifikate-rezidence-per-individet.jpg","width":1920,"height":1282},{"@type":"BreadcrumbList","@id":"https:\/\/alprofitconsult.al\/en\/tatime\/individ\/taksimi-i-dyfishte\/aplikim-per-certifikate-rezidence-per-individet\/#breadcrumb","itemListElement":[{"@type":"ListItem","position":1,"name":"Kryefaqe","item":"https:\/\/alprofitconsult.al\/"},{"@type":"ListItem","position":2,"name":"Legjislacioni tatimor","item":"https:\/\/alprofitconsult.al\/en\/tatime\/"},{"@type":"ListItem","position":3,"name":"Individ","item":"https:\/\/alprofitconsult.al\/en\/tatime\/individ\/"},{"@type":"ListItem","position":4,"name":"Private: Taksimi i dyfisht\u00eb","item":"https:\/\/alprofitconsult.al\/en\/?page_id=15448"},{"@type":"ListItem","position":5,"name":"Aplikim p\u00ebr certifikat\u00eb rezidence p\u00ebr individ\u00ebt"}]},{"@type":"WebSite","@id":"https:\/\/alprofitconsult.al\/#website","url":"https:\/\/alprofitconsult.al\/","name":"AlProfit Consult","description":"Ufficio contabilit\u00e0","publisher":{"@id":"https:\/\/alprofitconsult.al\/#organization"},"potentialAction":[{"@type":"SearchAction","target":{"@type":"EntryPoint","urlTemplate":"https:\/\/alprofitconsult.al\/?s={search_term_string}"},"query-input":{"@type":"PropertyValueSpecification","valueRequired":true,"valueName":"search_term_string"}}],"inLanguage":"it-IT"},{"@type":"Organization","@id":"https:\/\/alprofitconsult.al\/#organization","name":"Alprofit Consult","url":"https:\/\/alprofitconsult.al\/","logo":{"@type":"ImageObject","inLanguage":"it-IT","@id":"https:\/\/alprofitconsult.al\/#\/schema\/logo\/image\/","url":"https:\/\/alprofitconsult.al\/wp-content\/uploads\/2022\/10\/logoalprofit.png","contentUrl":"https:\/\/alprofitconsult.al\/wp-content\/uploads\/2022\/10\/logoalprofit.png","width":529,"height":156,"caption":"Alprofit Consult"},"image":{"@id":"https:\/\/alprofitconsult.al\/#\/schema\/logo\/image\/"},"sameAs":["https:\/\/www.facebook.com\/AlProfitConsult\/","https:\/\/x.com\/AlProfitConsult","https:\/\/www.linkedin.com\/company\/andi-haxhillari\/","https:\/\/www.pinterest.com\/AlProfitConsult\/","https:\/\/www.youtube.com\/channel\/UCZ5Gfntn161Nla3g1XdRldA","https:\/\/sq.wikipedia.org\/wiki\/P\u00ebrdoruesi:Andi25~sqwiki"]}]}},"_links":{"self":[{"href":"https:\/\/alprofitconsult.al\/it\/wp-json\/wp\/v2\/pages\/15789","targetHints":{"allow":["GET"]}}],"collection":[{"href":"https:\/\/alprofitconsult.al\/it\/wp-json\/wp\/v2\/pages"}],"about":[{"href":"https:\/\/alprofitconsult.al\/it\/wp-json\/wp\/v2\/types\/page"}],"author":[{"embeddable":true,"href":"https:\/\/alprofitconsult.al\/it\/wp-json\/wp\/v2\/users\/1"}],"replies":[{"embeddable":true,"href":"https:\/\/alprofitconsult.al\/it\/wp-json\/wp\/v2\/comments?post=15789"}],"version-history":[{"count":5,"href":"https:\/\/alprofitconsult.al\/it\/wp-json\/wp\/v2\/pages\/15789\/revisions"}],"predecessor-version":[{"id":17095,"href":"https:\/\/alprofitconsult.al\/it\/wp-json\/wp\/v2\/pages\/15789\/revisions\/17095"}],"up":[{"embeddable":true,"href":"https:\/\/alprofitconsult.al\/it\/wp-json\/wp\/v2\/pages\/15448"}],"wp:featuredmedia":[{"embeddable":true,"href":"https:\/\/alprofitconsult.al\/it\/wp-json\/wp\/v2\/media\/15790"}],"wp:attachment":[{"href":"https:\/\/alprofitconsult.al\/it\/wp-json\/wp\/v2\/media?parent=15789"}],"curies":[{"name":"wp","href":"https:\/\/api.w.org\/{rel}","templated":true}]}}