{"id":16017,"date":"2022-10-13T14:16:36","date_gmt":"2022-10-13T14:16:36","guid":{"rendered":"https:\/\/alprofitconsult.al\/?page_id=16017"},"modified":"2024-11-30T21:04:41","modified_gmt":"2024-11-30T21:04:41","slug":"regjistrimi","status":"publish","type":"page","link":"https:\/\/alprofitconsult.al\/it\/tatime\/organizata-jofitimprurese\/cikli-i-jetes-ojf\/regjistrimi\/","title":{"rendered":"Regjistrimi i OJF-ve dhe organizmave t\u00eb ngjashme"},"content":{"rendered":"<div class=\"yoast-breadcrumbs\"><span><span><a href=\"https:\/\/alprofitconsult.al\/it\/\">Home page<\/a><\/span> | <span><a href=\"https:\/\/alprofitconsult.al\/en\/tatime\/\">Normativa fiscale<\/a><\/span> | <span><a href=\"https:\/\/alprofitconsult.al\/en\/tatime\/organizata-jofitimprurese\/\">Organizat\u00eb Jofitimprur\u00ebse dhe Ente Publike<\/a><\/span> | <span><a href=\"https:\/\/alprofitconsult.al\/en\/tatime\/organizata-jofitimprurese\/cikli-i-jetes-ojf\/\">Cikli i jet\u00ebs: Organizatat Jofitimprur\u00ebse<\/a><\/span> | <span class=\"breadcrumb_last\" aria-current=\"page\">Regjistrimi i OJF-ve dhe organizmave t\u00eb ngjashme<\/span><\/span><\/div>\n\n\n<p><\/p>\n\n\n\n<figure class=\"wp-block-image size-large\"><img loading=\"lazy\" decoding=\"async\" width=\"1024\" height=\"683\" src=\"https:\/\/alprofitconsult.al\/wp-content\/uploads\/2022\/10\/AlProfit-Consult-Regjistrimi-OJF-1024x683.jpg\" alt=\"\" class=\"wp-image-16921\" srcset=\"https:\/\/alprofitconsult.al\/wp-content\/uploads\/2022\/10\/AlProfit-Consult-Regjistrimi-OJF-1024x683.jpg 1024w, https:\/\/alprofitconsult.al\/wp-content\/uploads\/2022\/10\/AlProfit-Consult-Regjistrimi-OJF-300x200.jpg 300w, https:\/\/alprofitconsult.al\/wp-content\/uploads\/2022\/10\/AlProfit-Consult-Regjistrimi-OJF-150x100.jpg 150w, https:\/\/alprofitconsult.al\/wp-content\/uploads\/2022\/10\/AlProfit-Consult-Regjistrimi-OJF-768x512.jpg 768w, https:\/\/alprofitconsult.al\/wp-content\/uploads\/2022\/10\/AlProfit-Consult-Regjistrimi-OJF-1536x1024.jpg 1536w, https:\/\/alprofitconsult.al\/wp-content\/uploads\/2022\/10\/AlProfit-Consult-Regjistrimi-OJF.jpg 1920w\" sizes=\"auto, (max-width: 1024px) 100vw, 1024px\" \/><\/figure>\n\n\n\n<p><\/p>\n\n\n\n<p>Organizatat jofitimprur\u00ebse regjistrohen n\u00eb administrat\u00ebn tatimore, pasi kan\u00eb kryer m\u00eb par\u00eb regjistrimin, n\u00eb p\u00ebrputhje me legjislacionin e fush\u00ebs. (Themelimi, Regjistrimi n\u00eb Gjykat\u00eb, Licenca t\u00eb posa\u00e7me n\u00ebse nevojitet)<\/p>\n\n\n\n<p>Dokumentacioni q\u00eb paraqitet p\u00ebr regjistrim n\u00eb administrat\u00ebn tatimore sipas udh\u00ebzimit <a href=\"https:\/\/www.tatime.gov.al\/shkarko.php?id=9953\" target=\"_blank\" rel=\"noreferrer noopener\">Nr. 24, dat\u00eb 02.09.2008<\/a> &#8220;P\u00ebr Procedurat Tatimore n\u00eb Republik\u00ebn e Shqip\u00ebris\u00eb&#8221;, \u00ebsht\u00eb si m\u00eb posht\u00eb:<\/p>\n\n\n\n<ul class=\"wp-block-list\">\n<li>Vendimin e Gjykat\u00ebs, Statutin dhe Akt-Themelimin e noterizuar;<\/li>\n\n\n\n<li>Fotokopje t\u00eb Kart\u00ebs s\u00eb Identitetit ose t\u00eb Pasaport\u00ebs s\u00eb administratorit apo p\u00ebrfaq\u00ebsuesit ligjor;<\/li>\n\n\n\n<li>T\u00eb dh\u00ebnat p\u00ebr pron\u00ebsin\u00eb e selis\u00eb (kontrat\u00eb qiraje ose akt pron\u00ebsie);<\/li>\n\n\n\n<li>Autorizimin p\u00ebr personin e ngarkuar p\u00ebr t\u00eb kryer regjistrimin (n\u00ebse b\u00ebhet me autorizim);<\/li>\n\n\n\n<li>Formularin e regjistrimit t\u00eb plot\u00ebsuar.<\/li>\n<\/ul>\n\n\n\n<p>Pas marrjes s\u00eb certifikat\u00ebs s\u00eb NIPT-it subjekti pajiset dhe me fjal\u00ebkalimin q\u00eb do t\u00eb sh\u00ebrbej\u00eb p\u00ebr deklarimin online.<\/p>\n\n\n\n<p>N\u00eb rastet kur konstatohet se nj\u00eb tatimpagues ushtron aktivitet pa u regjistruar pran\u00eb organeve tatimore, ai penalizohet nga administrata tatimore sipas p\u00ebrcaktimeve t\u00eb ligjit <a href=\"https:\/\/alprofitconsult.al\/wp-content\/uploads\/2022\/10\/Ligj-Nr.9920-date-19.05.2008-Per-procedurat-tatimore-ne-Republiken-e-Shqiperise-i-ndryshuar-4.pdf\" target=\"_blank\" rel=\"noreferrer noopener\">Nr. 9920, dat\u00eb 19.05.2008<\/a> &#8220;P\u00ebr Procedurat Tatimore n\u00eb Republik\u00ebn e Shqip\u00ebris\u00eb&#8221;, i ndryshuar.<\/p>\n\n\n\n<h2 class=\"wp-block-heading\">Ndryshimet n\u00eb regjistrim<\/h2>\n\n\n\n<p><strong>Ndryshimet q\u00eb kryhen me Vendim Gjykate jan\u00eb:<\/strong><\/p>\n\n\n\n<ul class=\"wp-block-list\">\n<li>Adresa e selis\u00eb<\/li>\n\n\n\n<li>Drejtuesit (bordi\/administratori)<\/li>\n\n\n\n<li>Em\u00ebrtimi<\/li>\n\n\n\n<li>Forma ligjore<\/li>\n<\/ul>\n\n\n\n<p><br><strong>Ndryshimet q\u00eb kryhen administrat\u00ebn tatimore jan\u00eb:<\/strong><\/p>\n\n\n\n<ul class=\"wp-block-list\">\n<li>Pasqyrimi i ndryshimeve t\u00eb kryera me Vendim Gjykate<\/li>\n\n\n\n<li>Hapja\/mbyllja e adresave dyt\u00ebsore dhe l\u00ebshimi i certifikatave p\u00ebrkat\u00ebse<\/li>\n\n\n\n<li>Ndryshimi i p\u00ebrgjegj\u00ebsive tatimore (shtimi\/heqja)<\/li>\n<\/ul>\n\n\n\n<p>Kur nj\u00eb tatimpagues nuk p\u00ebrdit\u00ebson t\u00eb dh\u00ebnat, brenda 15 dit\u00ebve nga data e ndryshimit t\u00eb selis\u00eb, administratorit, llojit t\u00eb aktivitetit etj, ai penalizohet nga administrata tatimore sipas p\u00ebrcaktimeve t\u00eb ligjit <a href=\"https:\/\/alprofitconsult.al\/wp-content\/uploads\/2022\/10\/Ligj-Nr.9920-date-19.05.2008-Per-procedurat-tatimore-ne-Republiken-e-Shqiperise-i-ndryshuar-4.pdf\" target=\"_blank\" rel=\"noreferrer noopener\">Nr. 9920, dat\u00eb 19.05.2008 <\/a>&#8220;P\u00ebr Procedurat Tatimore n\u00eb Republik\u00ebn e Shqip\u00ebris\u00eb&#8221;<\/p>\n\n\n\n<h2 class=\"wp-block-heading\">Regjistrimi i Enteve Publike (qendrore e vendore, si dhe nj\u00ebsit\u00eb e zbatimit t\u00eb projekteve)<\/h2>\n\n\n\n<p>Entet Publike regjistrohen n\u00eb administrat\u00ebn tatimore, pasi \u00ebsht\u00eb marr\u00eb m\u00eb par\u00eb vendimi p\u00ebr krijimin e tyre, n\u00eb p\u00ebrputhje me legjislacionin e fush\u00ebs.<\/p>\n\n\n\n<p>Dokumentacioni q\u00eb paraqitet p\u00ebr regjistrim n\u00eb Administrat\u00ebn Tatimore sipas udh\u00ebzimit <a href=\"https:\/\/www.tatime.gov.al\/shkarko.php?id=9953\" target=\"_blank\" rel=\"noreferrer noopener\">Nr. 24, dat\u00eb 02.09.2008<\/a> &#8220;P\u00ebr Procedurat Tatimore ne Republik\u00ebn e Shqip\u00ebris\u00eb&#8221;, \u00ebsht\u00eb:<\/p>\n\n\n\n<ul class=\"wp-block-list\">\n<li>K\u00ebrkes\u00eb me shkrim;<\/li>\n\n\n\n<li>Baza ligjore e krijimit;<\/li>\n\n\n\n<li>Dokumentin e em\u00ebrimit t\u00eb administratorit apo p\u00ebrfaq\u00ebsuesit ligjor dhe fotokopje t\u00eb Kart\u00ebs s\u00eb Identitetit ose t\u00eb Pasaport\u00ebs s\u00eb tij;<\/li>\n\n\n\n<li>Autorizimin p\u00ebr personin e ngarkuar p\u00ebr t\u00eb kryer regjistrimin;<\/li>\n\n\n\n<li>Formularin e regjistrimit t\u00eb plot\u00ebsuar.<\/li>\n\n\n\n<li>T\u00eb dh\u00ebnat p\u00ebr pron\u00ebsin\u00eb e selis\u00eb (kontrat\u00eb qiraje ose akt pron\u00ebsie);<\/li>\n<\/ul>\n\n\n\n<p>Pas marrjes s\u00eb certifikat\u00ebs s\u00eb NIPT-it subjekti pajiset dhe me fjal\u00ebkalimin q\u00eb do t\u00eb sh\u00ebrbej\u00eb p\u00ebr deklarimin online.<\/p>\n\n\n\n<h2 class=\"wp-block-heading\">Ndryshimet n\u00eb regjistrim<\/h2>\n\n\n\n<p>Ndryshimet q\u00eb kryhen me vendime apo akte n\u00ebnligjore jan\u00eb:<\/p>\n\n\n\n<ul class=\"wp-block-list\">\n<li>Adresa e selis\u00eb<\/li>\n\n\n\n<li>Drejtuesit (bordi\/administratori)<\/li>\n\n\n\n<li>Em\u00ebrtimi<\/li>\n<\/ul>\n\n\n\n<p>Ndryshimet q\u00eb kryhen administrat\u00ebn tatimore jan\u00eb:<\/p>\n\n\n\n<ul class=\"wp-block-list\">\n<li>Pasqyrimi i ndryshimeve t\u00eb kryera me vendimet e m\u00ebsip\u00ebrme<\/li>\n\n\n\n<li>Hapja\/mbyllja e adresave dyt\u00ebsore dhe l\u00ebshimi i certifikatave p\u00ebrkat\u00ebse<\/li>\n\n\n\n<li>Ndryshimi i p\u00ebrgjegj\u00ebsive tatimore (shtimi\/heqja)<\/li>\n<\/ul>\n\n\n\n<blockquote class=\"wp-block-quote is-layout-flow wp-block-quote-is-layout-flow\">\n<p>Kur nj\u00eb tatimpagues nuk p\u00ebrdit\u00ebson t\u00eb dh\u00ebnat n\u00eb rast ndryshimi selie, administratori, lloj aktiviteti etj, ai penalizohet nga Administrata Tatimore sipas p\u00ebrcaktimeve t\u00eb ligjit <a href=\"https:\/\/alprofitconsult.al\/wp-content\/uploads\/2022\/10\/Ligj-Nr.9920-date-19.05.2008-Per-procedurat-tatimore-ne-Republiken-e-Shqiperise-i-ndryshuar-4.pdf\" target=\"_blank\" rel=\"noreferrer noopener\">Nr. 9920, dat\u00eb 19.05.2008<\/a> &#8220;P\u00ebr Procedurat Tatimore ne Republik\u00ebn e Shqip\u00ebris\u00eb&#8221;, i ndryshuar.<\/p>\n<\/blockquote>\n\n\n\n<p>Regjistrimi i organizatave jofitimprur\u00ebse, fondacioneve, nj\u00ebsive t\u00eb zbatimit t\u00eb projekteve t\u00eb ve\u00e7anta, enteve publike komb\u00ebtare apo vendore, organizatave politike, organizatave fetare, humanitare, bamir\u00ebse, shkencore, arsimore, e t\u00eb tjera t\u00eb ngjashme me to, mund t\u00eb b\u00ebhet edhe online n\u00ebp\u00ebrmjet faqes s\u00eb sh\u00ebrbimeve elektronike e-albania. <\/p>\n\n\n\n<p>N\u00eb k\u00ebt\u00eb rast k\u00ebrkesa e plot\u00ebsuar dhe dokumentacioni p\u00ebrkat\u00ebs do t\u00eb d\u00ebrgohen n\u00eb m\u00ebnyr\u00eb elektronike n\u00eb sistemin elektronik t\u00eb tatimeve t\u00eb adresuara p\u00ebr DRT-n\u00eb p\u00ebrkat\u00ebse, e cila do t\u00eb b\u00ebj\u00eb shqyrtimin e aplikimit p\u00ebr regjistrim dhe do t\u00eb vendos\u00eb sipas rastit refuzimin ose aprovimin e aplikimit.<\/p>\n\n\n\n<p>Dokumente ndihm\u00ebse:<\/p>\n\n\n\n<div class=\"wp-block-file\"><a id=\"wp-block-file--media-7f4df860-9049-4976-8550-0637a64d8f5f\" href=\"https:\/\/alprofitconsult.al\/wp-content\/uploads\/2022\/10\/Ligj-Nr.9920-date-19.05.2008-Per-procedurat-tatimore-ne-Republiken-e-Shqiperise-i-ndryshuar-5.pdf\">Ligj-Nr.9920-date-19.05.2008-Per-procedurat-tatimore-ne-Republiken-e-Shqiperise-i-ndryshuar-5<\/a><a href=\"https:\/\/alprofitconsult.al\/wp-content\/uploads\/2022\/10\/Ligj-Nr.9920-date-19.05.2008-Per-procedurat-tatimore-ne-Republiken-e-Shqiperise-i-ndryshuar-5.pdf\" class=\"wp-block-file__button wp-element-button\" download aria-describedby=\"wp-block-file--media-7f4df860-9049-4976-8550-0637a64d8f5f\">Scarica<\/a><\/div>\n\n\n\n<div class=\"wp-block-file\"><a id=\"wp-block-file--media-1341355b-1a28-415f-b634-af695fdf1f1b\" href=\"https:\/\/alprofitconsult.al\/wp-content\/uploads\/2022\/10\/Formulari-i-regjistrimit-2.pdf\">Formulari-i-regjistrimit-2<\/a><a href=\"https:\/\/alprofitconsult.al\/wp-content\/uploads\/2022\/10\/Formulari-i-regjistrimit-2.pdf\" class=\"wp-block-file__button wp-element-button\" download aria-describedby=\"wp-block-file--media-1341355b-1a28-415f-b634-af695fdf1f1b\">Scarica<\/a><\/div>\n\n\n\n<div class=\"wp-block-file\"><a id=\"wp-block-file--media-3ce6c22a-81a6-4e76-b9cb-9daadcf96736\" href=\"https:\/\/alprofitconsult.al\/wp-content\/uploads\/2022\/10\/Formulari-i-ndryshimeve-2.pdf\">Formulari-i-ndryshimeve-2<\/a><a href=\"https:\/\/alprofitconsult.al\/wp-content\/uploads\/2022\/10\/Formulari-i-ndryshimeve-2.pdf\" class=\"wp-block-file__button wp-element-button\" download aria-describedby=\"wp-block-file--media-3ce6c22a-81a6-4e76-b9cb-9daadcf96736\">Scarica<\/a><\/div>\n\n\n\n<p>Fonte: <a href=\"https:\/\/www.tatime.gov.al\/c\/5\/77\/86\/regjistrimi\" target=\"_blank\" rel=\"noreferrer noopener\">Direzione Generale delle Imposte.<\/a><\/p>\n\n\n<div class=\"gdlr-core-widget-box-shortcode\" style=\"color: #ffffff ;background-color: #000014 ;\"  ><h3 class=\"gdlr-core-widget-box-shortcode-title\" style=\"color: #ffffff ;\"  >Hai qualche domanda?<\/h3><div class=\"gdlr-core-widget-box-shortcode-content\" ><p class=\"translation-block\">Non esitare a <a href=\"https:\/\/alprofitconsult.al\/it\/contact\/\" target=\"_self\">contattarci. Siamo un team di esperti e saremo lieti di parlare con te.<\/p>\n<\/div><\/div>","protected":false},"excerpt":{"rendered":"<p>Organizatat jofitimprur\u00ebse regjistrohen n\u00eb administrat\u00ebn tatimore, pasi kan\u00eb kryer m\u00eb par\u00eb regjistrimin, n\u00eb p\u00ebrputhje me legjislacionin e fush\u00ebs. (Themelimi, Regjistrimi n\u00eb Gjykat\u00eb, Licenca t\u00eb posa\u00e7me n\u00ebse nevojitet) Dokumentacioni q\u00eb paraqitet p\u00ebr regjistrim n\u00eb administrat\u00ebn tatimore sipas udh\u00ebzimit Nr. 24, dat\u00eb 02.09.2008 &#8220;P\u00ebr Procedurat Tatimore n\u00eb Republik\u00ebn e Shqip\u00ebris\u00eb&#8221;, \u00ebsht\u00eb si m\u00eb posht\u00eb: Pas marrjes s\u00eb [&hellip;]<\/p>\n","protected":false},"author":1,"featured_media":16921,"parent":16016,"menu_order":0,"comment_status":"closed","ping_status":"closed","template":"","meta":{"footnotes":""},"class_list":["post-16017","page","type-page","status-publish","has-post-thumbnail","hentry"],"yoast_head":"<!-- This site is optimized with the Yoast SEO plugin v26.5 - https:\/\/yoast.com\/wordpress\/plugins\/seo\/ -->\n<title>Regjistrimi i OJF-ve dhe organizmave t\u00eb ngjashme - AlProfit Consult<\/title>\n<meta name=\"robots\" content=\"index, follow, max-snippet:-1, max-image-preview:large, max-video-preview:-1\" \/>\n<link rel=\"canonical\" href=\"https:\/\/alprofitconsult.al\/it\/tasse\/organizata-jofitimprurese\/cikli-i-jetes-ojf\/regjistrimi\/\" \/>\n<meta property=\"og:locale\" content=\"it_IT\" \/>\n<meta property=\"og:type\" content=\"article\" \/>\n<meta property=\"og:title\" content=\"Regjistrimi i OJF-ve dhe organizmave t\u00eb ngjashme - AlProfit Consult\" \/>\n<meta property=\"og:description\" content=\"Organizatat jofitimprur\u00ebse regjistrohen n\u00eb administrat\u00ebn tatimore, pasi kan\u00eb kryer m\u00eb par\u00eb regjistrimin, n\u00eb p\u00ebrputhje me legjislacionin e fush\u00ebs. (Themelimi, Regjistrimi n\u00eb Gjykat\u00eb, Licenca t\u00eb posa\u00e7me n\u00ebse nevojitet) Dokumentacioni q\u00eb paraqitet p\u00ebr regjistrim n\u00eb administrat\u00ebn tatimore sipas udh\u00ebzimit Nr. 24, dat\u00eb 02.09.2008 &#8220;P\u00ebr Procedurat Tatimore n\u00eb Republik\u00ebn e Shqip\u00ebris\u00eb&#8221;, \u00ebsht\u00eb si m\u00eb posht\u00eb: Pas marrjes s\u00eb [&hellip;]\" \/>\n<meta property=\"og:url\" content=\"https:\/\/alprofitconsult.al\/it\/tasse\/organizata-jofitimprurese\/cikli-i-jetes-ojf\/regjistrimi\/\" \/>\n<meta property=\"og:site_name\" content=\"AlProfit Consult\" \/>\n<meta property=\"article:publisher\" content=\"https:\/\/www.facebook.com\/AlProfitConsult\/\" \/>\n<meta property=\"article:modified_time\" content=\"2024-11-30T21:04:41+00:00\" \/>\n<meta property=\"og:image\" content=\"https:\/\/alprofitconsult.al\/wp-content\/uploads\/2022\/10\/AlProfit-Consult-Regjistrimi-OJF.jpg\" \/>\n\t<meta property=\"og:image:width\" content=\"1920\" \/>\n\t<meta property=\"og:image:height\" content=\"1280\" \/>\n\t<meta property=\"og:image:type\" content=\"image\/jpeg\" \/>\n<meta name=\"twitter:card\" content=\"summary_large_image\" \/>\n<meta name=\"twitter:site\" content=\"@AlProfitConsult\" \/>\n<meta name=\"twitter:label1\" content=\"Tempo di lettura stimato\" \/>\n\t<meta name=\"twitter:data1\" content=\"3 minuti\" \/>\n<script type=\"application\/ld+json\" class=\"yoast-schema-graph\">{\"@context\":\"https:\/\/schema.org\",\"@graph\":[{\"@type\":\"WebPage\",\"@id\":\"https:\/\/alprofitconsult.al\/en\/tatime\/organizata-jofitimprurese\/cikli-i-jetes-ojf\/regjistrimi\/\",\"url\":\"https:\/\/alprofitconsult.al\/en\/tatime\/organizata-jofitimprurese\/cikli-i-jetes-ojf\/regjistrimi\/\",\"name\":\"Regjistrimi i OJF-ve dhe organizmave t\u00eb ngjashme - AlProfit Consult\",\"isPartOf\":{\"@id\":\"https:\/\/alprofitconsult.al\/#website\"},\"primaryImageOfPage\":{\"@id\":\"https:\/\/alprofitconsult.al\/en\/tatime\/organizata-jofitimprurese\/cikli-i-jetes-ojf\/regjistrimi\/#primaryimage\"},\"image\":{\"@id\":\"https:\/\/alprofitconsult.al\/en\/tatime\/organizata-jofitimprurese\/cikli-i-jetes-ojf\/regjistrimi\/#primaryimage\"},\"thumbnailUrl\":\"https:\/\/alprofitconsult.al\/wp-content\/uploads\/2022\/10\/AlProfit-Consult-Regjistrimi-OJF.jpg\",\"datePublished\":\"2022-10-13T14:16:36+00:00\",\"dateModified\":\"2024-11-30T21:04:41+00:00\",\"breadcrumb\":{\"@id\":\"https:\/\/alprofitconsult.al\/en\/tatime\/organizata-jofitimprurese\/cikli-i-jetes-ojf\/regjistrimi\/#breadcrumb\"},\"inLanguage\":\"it-IT\",\"potentialAction\":[{\"@type\":\"ReadAction\",\"target\":[\"https:\/\/alprofitconsult.al\/en\/tatime\/organizata-jofitimprurese\/cikli-i-jetes-ojf\/regjistrimi\/\"]}]},{\"@type\":\"ImageObject\",\"inLanguage\":\"it-IT\",\"@id\":\"https:\/\/alprofitconsult.al\/en\/tatime\/organizata-jofitimprurese\/cikli-i-jetes-ojf\/regjistrimi\/#primaryimage\",\"url\":\"https:\/\/alprofitconsult.al\/wp-content\/uploads\/2022\/10\/AlProfit-Consult-Regjistrimi-OJF.jpg\",\"contentUrl\":\"https:\/\/alprofitconsult.al\/wp-content\/uploads\/2022\/10\/AlProfit-Consult-Regjistrimi-OJF.jpg\",\"width\":1920,\"height\":1280},{\"@type\":\"BreadcrumbList\",\"@id\":\"https:\/\/alprofitconsult.al\/en\/tatime\/organizata-jofitimprurese\/cikli-i-jetes-ojf\/regjistrimi\/#breadcrumb\",\"itemListElement\":[{\"@type\":\"ListItem\",\"position\":1,\"name\":\"Kryefaqe\",\"item\":\"https:\/\/alprofitconsult.al\/\"},{\"@type\":\"ListItem\",\"position\":2,\"name\":\"Legjislacioni tatimor\",\"item\":\"https:\/\/alprofitconsult.al\/en\/tatime\/\"},{\"@type\":\"ListItem\",\"position\":3,\"name\":\"Organizat\u00eb Jofitimprur\u00ebse dhe Ente Publike\",\"item\":\"https:\/\/alprofitconsult.al\/en\/tatime\/organizata-jofitimprurese\/\"},{\"@type\":\"ListItem\",\"position\":4,\"name\":\"Cikli i jet\u00ebs: Organizatat Jofitimprur\u00ebse\",\"item\":\"https:\/\/alprofitconsult.al\/en\/tatime\/organizata-jofitimprurese\/cikli-i-jetes-ojf\/\"},{\"@type\":\"ListItem\",\"position\":5,\"name\":\"Regjistrimi i OJF-ve dhe organizmave t\u00eb ngjashme\"}]},{\"@type\":\"WebSite\",\"@id\":\"https:\/\/alprofitconsult.al\/#website\",\"url\":\"https:\/\/alprofitconsult.al\/\",\"name\":\"AlProfit Consult\",\"description\":\"Zyr\u00eb Kontabiliteti\",\"publisher\":{\"@id\":\"https:\/\/alprofitconsult.al\/#organization\"},\"potentialAction\":[{\"@type\":\"SearchAction\",\"target\":{\"@type\":\"EntryPoint\",\"urlTemplate\":\"https:\/\/alprofitconsult.al\/?s={search_term_string}\"},\"query-input\":{\"@type\":\"PropertyValueSpecification\",\"valueRequired\":true,\"valueName\":\"search_term_string\"}}],\"inLanguage\":\"it-IT\"},{\"@type\":\"Organization\",\"@id\":\"https:\/\/alprofitconsult.al\/#organization\",\"name\":\"Alprofit Consult\",\"url\":\"https:\/\/alprofitconsult.al\/\",\"logo\":{\"@type\":\"ImageObject\",\"inLanguage\":\"it-IT\",\"@id\":\"https:\/\/alprofitconsult.al\/#\/schema\/logo\/image\/\",\"url\":\"https:\/\/alprofitconsult.al\/wp-content\/uploads\/2022\/10\/logoalprofit.png\",\"contentUrl\":\"https:\/\/alprofitconsult.al\/wp-content\/uploads\/2022\/10\/logoalprofit.png\",\"width\":529,\"height\":156,\"caption\":\"Alprofit Consult\"},\"image\":{\"@id\":\"https:\/\/alprofitconsult.al\/#\/schema\/logo\/image\/\"},\"sameAs\":[\"https:\/\/www.facebook.com\/AlProfitConsult\/\",\"https:\/\/x.com\/AlProfitConsult\",\"https:\/\/www.linkedin.com\/company\/andi-haxhillari\/\",\"https:\/\/www.pinterest.com\/AlProfitConsult\/\",\"https:\/\/www.youtube.com\/channel\/UCZ5Gfntn161Nla3g1XdRldA\",\"https:\/\/sq.wikipedia.org\/wiki\/P\u00ebrdoruesi:Andi25~sqwiki\"]}]}<\/script>\n<!-- \/ Yoast SEO plugin. -->","yoast_head_json":{"title":"Regjistrimi i OJF-ve dhe organizmave t\u00eb ngjashme - AlProfit Consult","robots":{"index":"index","follow":"follow","max-snippet":"max-snippet:-1","max-image-preview":"max-image-preview:large","max-video-preview":"max-video-preview:-1"},"canonical":"https:\/\/alprofitconsult.al\/it\/tasse\/organizata-jofitimprurese\/cikli-i-jetes-ojf\/regjistrimi\/","og_locale":"it_IT","og_type":"article","og_title":"Regjistrimi i OJF-ve dhe organizmave t\u00eb ngjashme - AlProfit Consult","og_description":"Organizatat jofitimprur\u00ebse regjistrohen n\u00eb administrat\u00ebn tatimore, pasi kan\u00eb kryer m\u00eb par\u00eb regjistrimin, n\u00eb p\u00ebrputhje me legjislacionin e fush\u00ebs. (Themelimi, Regjistrimi n\u00eb Gjykat\u00eb, Licenca t\u00eb posa\u00e7me n\u00ebse nevojitet) Dokumentacioni q\u00eb paraqitet p\u00ebr regjistrim n\u00eb administrat\u00ebn tatimore sipas udh\u00ebzimit Nr. 24, dat\u00eb 02.09.2008 &#8220;P\u00ebr Procedurat Tatimore n\u00eb Republik\u00ebn e Shqip\u00ebris\u00eb&#8221;, \u00ebsht\u00eb si m\u00eb posht\u00eb: Pas marrjes s\u00eb [&hellip;]","og_url":"https:\/\/alprofitconsult.al\/it\/tasse\/organizata-jofitimprurese\/cikli-i-jetes-ojf\/regjistrimi\/","og_site_name":"AlProfit Consult","article_publisher":"https:\/\/www.facebook.com\/AlProfitConsult\/","article_modified_time":"2024-11-30T21:04:41+00:00","og_image":[{"width":1920,"height":1280,"url":"https:\/\/alprofitconsult.al\/wp-content\/uploads\/2022\/10\/AlProfit-Consult-Regjistrimi-OJF.jpg","type":"image\/jpeg"}],"twitter_card":"summary_large_image","twitter_site":"@AlProfitConsult","twitter_misc":{"Tempo di lettura stimato":"3 minuti"},"schema":{"@context":"https:\/\/schema.org","@graph":[{"@type":"WebPage","@id":"https:\/\/alprofitconsult.al\/en\/tatime\/organizata-jofitimprurese\/cikli-i-jetes-ojf\/regjistrimi\/","url":"https:\/\/alprofitconsult.al\/en\/tatime\/organizata-jofitimprurese\/cikli-i-jetes-ojf\/regjistrimi\/","name":"Regjistrimi i OJF-ve dhe organizmave t\u00eb ngjashme - AlProfit Consult","isPartOf":{"@id":"https:\/\/alprofitconsult.al\/#website"},"primaryImageOfPage":{"@id":"https:\/\/alprofitconsult.al\/en\/tatime\/organizata-jofitimprurese\/cikli-i-jetes-ojf\/regjistrimi\/#primaryimage"},"image":{"@id":"https:\/\/alprofitconsult.al\/en\/tatime\/organizata-jofitimprurese\/cikli-i-jetes-ojf\/regjistrimi\/#primaryimage"},"thumbnailUrl":"https:\/\/alprofitconsult.al\/wp-content\/uploads\/2022\/10\/AlProfit-Consult-Regjistrimi-OJF.jpg","datePublished":"2022-10-13T14:16:36+00:00","dateModified":"2024-11-30T21:04:41+00:00","breadcrumb":{"@id":"https:\/\/alprofitconsult.al\/en\/tatime\/organizata-jofitimprurese\/cikli-i-jetes-ojf\/regjistrimi\/#breadcrumb"},"inLanguage":"it-IT","potentialAction":[{"@type":"ReadAction","target":["https:\/\/alprofitconsult.al\/en\/tatime\/organizata-jofitimprurese\/cikli-i-jetes-ojf\/regjistrimi\/"]}]},{"@type":"ImageObject","inLanguage":"it-IT","@id":"https:\/\/alprofitconsult.al\/en\/tatime\/organizata-jofitimprurese\/cikli-i-jetes-ojf\/regjistrimi\/#primaryimage","url":"https:\/\/alprofitconsult.al\/wp-content\/uploads\/2022\/10\/AlProfit-Consult-Regjistrimi-OJF.jpg","contentUrl":"https:\/\/alprofitconsult.al\/wp-content\/uploads\/2022\/10\/AlProfit-Consult-Regjistrimi-OJF.jpg","width":1920,"height":1280},{"@type":"BreadcrumbList","@id":"https:\/\/alprofitconsult.al\/en\/tatime\/organizata-jofitimprurese\/cikli-i-jetes-ojf\/regjistrimi\/#breadcrumb","itemListElement":[{"@type":"ListItem","position":1,"name":"Kryefaqe","item":"https:\/\/alprofitconsult.al\/"},{"@type":"ListItem","position":2,"name":"Legjislacioni tatimor","item":"https:\/\/alprofitconsult.al\/en\/tatime\/"},{"@type":"ListItem","position":3,"name":"Organizat\u00eb Jofitimprur\u00ebse dhe Ente Publike","item":"https:\/\/alprofitconsult.al\/en\/tatime\/organizata-jofitimprurese\/"},{"@type":"ListItem","position":4,"name":"Cikli i jet\u00ebs: Organizatat Jofitimprur\u00ebse","item":"https:\/\/alprofitconsult.al\/en\/tatime\/organizata-jofitimprurese\/cikli-i-jetes-ojf\/"},{"@type":"ListItem","position":5,"name":"Regjistrimi i OJF-ve dhe organizmave t\u00eb ngjashme"}]},{"@type":"WebSite","@id":"https:\/\/alprofitconsult.al\/#website","url":"https:\/\/alprofitconsult.al\/","name":"AlProfit Consult","description":"Ufficio contabilit\u00e0","publisher":{"@id":"https:\/\/alprofitconsult.al\/#organization"},"potentialAction":[{"@type":"SearchAction","target":{"@type":"EntryPoint","urlTemplate":"https:\/\/alprofitconsult.al\/?s={search_term_string}"},"query-input":{"@type":"PropertyValueSpecification","valueRequired":true,"valueName":"search_term_string"}}],"inLanguage":"it-IT"},{"@type":"Organization","@id":"https:\/\/alprofitconsult.al\/#organization","name":"Alprofit Consult","url":"https:\/\/alprofitconsult.al\/","logo":{"@type":"ImageObject","inLanguage":"it-IT","@id":"https:\/\/alprofitconsult.al\/#\/schema\/logo\/image\/","url":"https:\/\/alprofitconsult.al\/wp-content\/uploads\/2022\/10\/logoalprofit.png","contentUrl":"https:\/\/alprofitconsult.al\/wp-content\/uploads\/2022\/10\/logoalprofit.png","width":529,"height":156,"caption":"Alprofit Consult"},"image":{"@id":"https:\/\/alprofitconsult.al\/#\/schema\/logo\/image\/"},"sameAs":["https:\/\/www.facebook.com\/AlProfitConsult\/","https:\/\/x.com\/AlProfitConsult","https:\/\/www.linkedin.com\/company\/andi-haxhillari\/","https:\/\/www.pinterest.com\/AlProfitConsult\/","https:\/\/www.youtube.com\/channel\/UCZ5Gfntn161Nla3g1XdRldA","https:\/\/sq.wikipedia.org\/wiki\/P\u00ebrdoruesi:Andi25~sqwiki"]}]}},"_links":{"self":[{"href":"https:\/\/alprofitconsult.al\/it\/wp-json\/wp\/v2\/pages\/16017","targetHints":{"allow":["GET"]}}],"collection":[{"href":"https:\/\/alprofitconsult.al\/it\/wp-json\/wp\/v2\/pages"}],"about":[{"href":"https:\/\/alprofitconsult.al\/it\/wp-json\/wp\/v2\/types\/page"}],"author":[{"embeddable":true,"href":"https:\/\/alprofitconsult.al\/it\/wp-json\/wp\/v2\/users\/1"}],"replies":[{"embeddable":true,"href":"https:\/\/alprofitconsult.al\/it\/wp-json\/wp\/v2\/comments?post=16017"}],"version-history":[{"count":5,"href":"https:\/\/alprofitconsult.al\/it\/wp-json\/wp\/v2\/pages\/16017\/revisions"}],"predecessor-version":[{"id":20005,"href":"https:\/\/alprofitconsult.al\/it\/wp-json\/wp\/v2\/pages\/16017\/revisions\/20005"}],"up":[{"embeddable":true,"href":"https:\/\/alprofitconsult.al\/it\/wp-json\/wp\/v2\/pages\/16016"}],"wp:featuredmedia":[{"embeddable":true,"href":"https:\/\/alprofitconsult.al\/it\/wp-json\/wp\/v2\/media\/16921"}],"wp:attachment":[{"href":"https:\/\/alprofitconsult.al\/it\/wp-json\/wp\/v2\/media?parent=16017"}],"curies":[{"name":"wp","href":"https:\/\/api.w.org\/{rel}","templated":true}]}}