{"id":16018,"date":"2022-10-13T14:16:36","date_gmt":"2022-10-13T14:16:36","guid":{"rendered":"https:\/\/alprofitconsult.al\/?page_id=16018"},"modified":"2022-10-22T11:21:31","modified_gmt":"2022-10-22T11:21:31","slug":"kalimi-ne-status-pasiv-dhe-riaktivizmi","status":"publish","type":"page","link":"https:\/\/alprofitconsult.al\/it\/tatime\/organizata-jofitimprurese\/cikli-i-jetes-ojf\/kalimi-ne-status-pasiv-dhe-riaktivizmi\/","title":{"rendered":"Kalimi n\u00eb status pasiv dhe riaktivizmi"},"content":{"rendered":"<div class=\"yoast-breadcrumbs\"><span><span><a href=\"https:\/\/alprofitconsult.al\/it\/\">Home page<\/a><\/span> | <span><a href=\"https:\/\/alprofitconsult.al\/en\/tatime\/\">Normativa fiscale<\/a><\/span> | <span><a href=\"https:\/\/alprofitconsult.al\/en\/tatime\/organizata-jofitimprurese\/\">Organizat\u00eb Jofitimprur\u00ebse dhe Ente Publike<\/a><\/span> | <span><a href=\"https:\/\/alprofitconsult.al\/en\/tatime\/organizata-jofitimprurese\/cikli-i-jetes-ojf\/\">Cikli i jet\u00ebs: Organizatat Jofitimprur\u00ebse<\/a><\/span> | <span class=\"breadcrumb_last\" aria-current=\"page\">Kalimi n\u00eb status pasiv dhe riaktivizmi<\/span><\/span><\/div>\n\n\n<p><\/p>\n\n\n\n<figure class=\"wp-block-image size-large\"><img loading=\"lazy\" decoding=\"async\" width=\"1024\" height=\"683\" src=\"https:\/\/alprofitconsult.al\/wp-content\/uploads\/2022\/10\/AlProfit-Consult-Kalimi-ne-status-pasiv-dhe-riaktivizmi-OJF-1024x683.jpg\" alt=\"\" class=\"wp-image-16925\" srcset=\"https:\/\/alprofitconsult.al\/wp-content\/uploads\/2022\/10\/AlProfit-Consult-Kalimi-ne-status-pasiv-dhe-riaktivizmi-OJF-1024x683.jpg 1024w, https:\/\/alprofitconsult.al\/wp-content\/uploads\/2022\/10\/AlProfit-Consult-Kalimi-ne-status-pasiv-dhe-riaktivizmi-OJF-300x200.jpg 300w, https:\/\/alprofitconsult.al\/wp-content\/uploads\/2022\/10\/AlProfit-Consult-Kalimi-ne-status-pasiv-dhe-riaktivizmi-OJF-150x100.jpg 150w, https:\/\/alprofitconsult.al\/wp-content\/uploads\/2022\/10\/AlProfit-Consult-Kalimi-ne-status-pasiv-dhe-riaktivizmi-OJF-768x512.jpg 768w, https:\/\/alprofitconsult.al\/wp-content\/uploads\/2022\/10\/AlProfit-Consult-Kalimi-ne-status-pasiv-dhe-riaktivizmi-OJF-1536x1024.jpg 1536w, https:\/\/alprofitconsult.al\/wp-content\/uploads\/2022\/10\/AlProfit-Consult-Kalimi-ne-status-pasiv-dhe-riaktivizmi-OJF.jpg 1920w\" sizes=\"auto, (max-width: 1024px) 100vw, 1024px\" \/><\/figure>\n\n\n\n<p><\/p>\n\n\n\n<h2 class=\"wp-block-heading\">Kalimi n\u00eb status pasiv dhe riaktivizimi p\u00ebr OJF<\/h2>\n\n\n\n<p>Kalimi n\u00eb status pasiv i OJF-ve b\u00ebhet me k\u00ebrkese t\u00eb subjektit ose nga Administrata Tatimore kur p\u00ebrmbushen kushtet ligjore.<\/p>\n\n\n\n<ul class=\"wp-block-list\"><li>Me k\u00ebrkes\u00eb t\u00eb subjektit, kur ky i fundit vendos t\u00eb nd\u00ebrpres\u00eb aktivitetin p\u00ebr nj\u00eb periudh\u00eb m\u00eb shum\u00eb se 12 muaj ose pa afat<\/li><li>Nga Administrata Tatimore n\u00eb rast se subjekti dor\u00ebzon deklarata pa aktivitet (me zero) ose kur nuk deklaron p\u00ebr nj\u00eb periudh\u00eb m\u00eb shum\u00eb se 12 muaj t\u00eb nj\u00ebpasnj\u00ebsh\u00ebm.<\/li><\/ul>\n\n\n\n<blockquote class=\"wp-block-quote is-layout-flow wp-block-quote-is-layout-flow\"><p>P\u00ebr t\u00eb gjith\u00eb periudh\u00ebn q\u00eb subjekti ndodhet n\u00eb status \u201cPasiv\u201d, ai nuk ka detyrimin p\u00ebr t\u00eb dor\u00ebzuar deklaratat tatimore (gjenerimi i deklaratave nd\u00ebrpritet automatikisht)<\/p><\/blockquote>\n\n\n\n<p>Riaktivizimi i tatimpaguesit b\u00ebhet n\u00eb rastet kur:<\/p>\n\n\n\n<ul class=\"wp-block-list\"><li>K\u00ebrkohet nga tatimpaguesi p\u00ebr arsye t\u00eb rifillimit t\u00eb aktivitetit<\/li><li>Gjendet n\u00eb pun\u00eb nga strukturat e terrenit t\u00eb Administrat\u00ebs Tatimore<\/li><li>P\u00ebr rastet kur tatimpaguesi ushtron aktivitet edhe pse \u00ebsht\u00eb n\u00eb status \u201cPasiv\u201d ai penalizohet nga Administrata Tatimore sipas p\u00ebrcaktimeve t\u00eb ligjit<a href=\"https:\/\/alprofitconsult.al\/wp-content\/uploads\/2022\/10\/Ligj-Nr.9920-date-19.05.2008-Per-procedurat-tatimore-ne-Republiken-e-Shqiperise-i-ndryshuar-4.pdf\" target=\"_blank\" rel=\"noreferrer noopener\"> Nr. 9920, dat\u00eb 19.05.2008<\/a> &#8220;P\u00ebr Procedurat Tatimore n\u00eb Republik\u00ebn e Shqip\u00ebris\u00eb&#8221;.<\/li><\/ul>\n\n\n\n<h2 class=\"wp-block-heading\">Kalimi n\u00eb status pasiv dhe riaktivizimi i Enteve Publike<\/h2>\n\n\n\n<p>Kalimi n\u00eb status pasiv i Enteve Publike behet me k\u00ebrkes\u00eb t\u00eb subjektit ose nga Administrata Tatimore kur p\u00ebrmbushen kushtet ligjore.<\/p>\n\n\n\n<ul class=\"wp-block-list\"><li>Me k\u00ebrkes\u00eb t\u00eb subjektit- kur ky i fundit vendos t\u00eb nd\u00ebrpres\u00eb aktivitetin p\u00ebr nj\u00eb periudh\u00eb me shum\u00eb se 12 muaj ose pa afat<\/li><li>Nga Administrata Tatimore &#8211; n\u00eb rast se subjekti dor\u00ebzon deklarata pa aktivitet (me zero) ose kur nuk deklaron p\u00ebr nj\u00eb periudhe m\u00eb shume se 12 muaj t\u00eb nj\u00ebpasnj\u00ebsh\u00ebm.<\/li><\/ul>\n\n\n\n<p>P\u00ebr te gjith\u00eb periudh\u00ebn q\u00eb subjekti ndodhet n\u00eb status \u201cPasiv\u201d, ai nuk ka detyrimin p\u00ebr te dor\u00ebzuar deklaratat tatimore (gjenerimi i deklaratave nd\u00ebrpritet automatikisht).<\/p>\n\n\n\n<blockquote class=\"wp-block-quote is-layout-flow wp-block-quote-is-layout-flow\"><p>Riaktivizimi i tatimpaguesit b\u00ebhet n\u00eb rastet kur k\u00ebrkohet nga tatimpaguesi p\u00ebr arsye t\u00eb rifillimit t\u00eb aktivitetit.<\/p><\/blockquote>\n\n\n\n<p>Fonte: <a href=\"https:\/\/www.tatime.gov.al\/c\/5\/77\/87\/kalimi-ne-status-pasiv-dhe-riaktivizmi\" target=\"_blank\" rel=\"noreferrer noopener\">Direzione Generale delle Imposte.<\/a><\/p>\n\n\n<div class=\"gdlr-core-widget-box-shortcode\" style=\"color: #ffffff ;background-color: #000014 ;\"  ><h3 class=\"gdlr-core-widget-box-shortcode-title\" style=\"color: #ffffff ;\"  >Hai qualche domanda?<\/h3><div class=\"gdlr-core-widget-box-shortcode-content\" ><p class=\"translation-block\">Non esitare a <a href=\"https:\/\/alprofitconsult.al\/it\/contact\/\" target=\"_self\">contattarci. Siamo un team di esperti e saremo lieti di parlare con te.<\/p>\n<\/div><\/div>","protected":false},"excerpt":{"rendered":"<p>Kalimi n\u00eb status pasiv dhe riaktivizimi p\u00ebr OJF Kalimi n\u00eb status pasiv i OJF-ve b\u00ebhet me k\u00ebrkese t\u00eb subjektit ose nga Administrata Tatimore kur p\u00ebrmbushen kushtet ligjore. Me k\u00ebrkes\u00eb t\u00eb subjektit, kur ky i fundit vendos t\u00eb nd\u00ebrpres\u00eb aktivitetin p\u00ebr nj\u00eb periudh\u00eb m\u00eb shum\u00eb se 12 muaj ose pa afat Nga Administrata Tatimore n\u00eb rast [&hellip;]<\/p>\n","protected":false},"author":1,"featured_media":16925,"parent":16016,"menu_order":0,"comment_status":"closed","ping_status":"closed","template":"","meta":{"footnotes":""},"class_list":["post-16018","page","type-page","status-publish","has-post-thumbnail","hentry"],"yoast_head":"<!-- This site is optimized with the Yoast SEO plugin v26.5 - https:\/\/yoast.com\/wordpress\/plugins\/seo\/ -->\n<title>Kalimi n\u00eb status pasiv dhe riaktivizmi - AlProfit Consult<\/title>\n<meta name=\"robots\" content=\"index, follow, max-snippet:-1, max-image-preview:large, max-video-preview:-1\" \/>\n<link rel=\"canonical\" href=\"https:\/\/alprofitconsult.al\/it\/tasse\/organizata-jofitimprurese\/cikli-i-jetes-ojf\/kalimi-ne-status-pasiv-dhe-riaktivizmi\/\" \/>\n<meta property=\"og:locale\" content=\"it_IT\" \/>\n<meta property=\"og:type\" content=\"article\" \/>\n<meta property=\"og:title\" content=\"Kalimi n\u00eb status pasiv dhe riaktivizmi - AlProfit Consult\" \/>\n<meta property=\"og:description\" content=\"Kalimi n\u00eb status pasiv dhe riaktivizimi p\u00ebr OJF Kalimi n\u00eb status pasiv i OJF-ve b\u00ebhet me k\u00ebrkese t\u00eb subjektit ose nga Administrata Tatimore kur p\u00ebrmbushen kushtet ligjore. Me k\u00ebrkes\u00eb t\u00eb subjektit, kur ky i fundit vendos t\u00eb nd\u00ebrpres\u00eb aktivitetin p\u00ebr nj\u00eb periudh\u00eb m\u00eb shum\u00eb se 12 muaj ose pa afat Nga Administrata Tatimore n\u00eb rast [&hellip;]\" \/>\n<meta property=\"og:url\" content=\"https:\/\/alprofitconsult.al\/it\/tasse\/organizata-jofitimprurese\/cikli-i-jetes-ojf\/kalimi-ne-status-pasiv-dhe-riaktivizmi\/\" \/>\n<meta property=\"og:site_name\" content=\"AlProfit Consult\" \/>\n<meta property=\"article:publisher\" content=\"https:\/\/www.facebook.com\/AlProfitConsult\/\" \/>\n<meta property=\"article:modified_time\" content=\"2022-10-22T11:21:31+00:00\" \/>\n<meta property=\"og:image\" content=\"https:\/\/alprofitconsult.al\/wp-content\/uploads\/2022\/10\/AlProfit-Consult-Kalimi-ne-status-pasiv-dhe-riaktivizmi-OJF.jpg\" \/>\n\t<meta property=\"og:image:width\" content=\"1920\" \/>\n\t<meta property=\"og:image:height\" content=\"1280\" \/>\n\t<meta property=\"og:image:type\" content=\"image\/jpeg\" \/>\n<meta name=\"twitter:card\" content=\"summary_large_image\" \/>\n<meta name=\"twitter:site\" content=\"@AlProfitConsult\" \/>\n<meta name=\"twitter:label1\" content=\"Tempo di lettura stimato\" \/>\n\t<meta name=\"twitter:data1\" content=\"2 minuti\" \/>\n<script type=\"application\/ld+json\" class=\"yoast-schema-graph\">{\"@context\":\"https:\/\/schema.org\",\"@graph\":[{\"@type\":\"WebPage\",\"@id\":\"https:\/\/alprofitconsult.al\/en\/tatime\/organizata-jofitimprurese\/cikli-i-jetes-ojf\/kalimi-ne-status-pasiv-dhe-riaktivizmi\/\",\"url\":\"https:\/\/alprofitconsult.al\/en\/tatime\/organizata-jofitimprurese\/cikli-i-jetes-ojf\/kalimi-ne-status-pasiv-dhe-riaktivizmi\/\",\"name\":\"Kalimi n\u00eb status pasiv dhe riaktivizmi - AlProfit Consult\",\"isPartOf\":{\"@id\":\"https:\/\/alprofitconsult.al\/#website\"},\"primaryImageOfPage\":{\"@id\":\"https:\/\/alprofitconsult.al\/en\/tatime\/organizata-jofitimprurese\/cikli-i-jetes-ojf\/kalimi-ne-status-pasiv-dhe-riaktivizmi\/#primaryimage\"},\"image\":{\"@id\":\"https:\/\/alprofitconsult.al\/en\/tatime\/organizata-jofitimprurese\/cikli-i-jetes-ojf\/kalimi-ne-status-pasiv-dhe-riaktivizmi\/#primaryimage\"},\"thumbnailUrl\":\"https:\/\/alprofitconsult.al\/wp-content\/uploads\/2022\/10\/AlProfit-Consult-Kalimi-ne-status-pasiv-dhe-riaktivizmi-OJF.jpg\",\"datePublished\":\"2022-10-13T14:16:36+00:00\",\"dateModified\":\"2022-10-22T11:21:31+00:00\",\"breadcrumb\":{\"@id\":\"https:\/\/alprofitconsult.al\/en\/tatime\/organizata-jofitimprurese\/cikli-i-jetes-ojf\/kalimi-ne-status-pasiv-dhe-riaktivizmi\/#breadcrumb\"},\"inLanguage\":\"it-IT\",\"potentialAction\":[{\"@type\":\"ReadAction\",\"target\":[\"https:\/\/alprofitconsult.al\/en\/tatime\/organizata-jofitimprurese\/cikli-i-jetes-ojf\/kalimi-ne-status-pasiv-dhe-riaktivizmi\/\"]}]},{\"@type\":\"ImageObject\",\"inLanguage\":\"it-IT\",\"@id\":\"https:\/\/alprofitconsult.al\/en\/tatime\/organizata-jofitimprurese\/cikli-i-jetes-ojf\/kalimi-ne-status-pasiv-dhe-riaktivizmi\/#primaryimage\",\"url\":\"https:\/\/alprofitconsult.al\/wp-content\/uploads\/2022\/10\/AlProfit-Consult-Kalimi-ne-status-pasiv-dhe-riaktivizmi-OJF.jpg\",\"contentUrl\":\"https:\/\/alprofitconsult.al\/wp-content\/uploads\/2022\/10\/AlProfit-Consult-Kalimi-ne-status-pasiv-dhe-riaktivizmi-OJF.jpg\",\"width\":1920,\"height\":1280},{\"@type\":\"BreadcrumbList\",\"@id\":\"https:\/\/alprofitconsult.al\/en\/tatime\/organizata-jofitimprurese\/cikli-i-jetes-ojf\/kalimi-ne-status-pasiv-dhe-riaktivizmi\/#breadcrumb\",\"itemListElement\":[{\"@type\":\"ListItem\",\"position\":1,\"name\":\"Kryefaqe\",\"item\":\"https:\/\/alprofitconsult.al\/\"},{\"@type\":\"ListItem\",\"position\":2,\"name\":\"Legjislacioni tatimor\",\"item\":\"https:\/\/alprofitconsult.al\/en\/tatime\/\"},{\"@type\":\"ListItem\",\"position\":3,\"name\":\"Organizat\u00eb Jofitimprur\u00ebse dhe Ente Publike\",\"item\":\"https:\/\/alprofitconsult.al\/en\/tatime\/organizata-jofitimprurese\/\"},{\"@type\":\"ListItem\",\"position\":4,\"name\":\"Cikli i jet\u00ebs: Organizatat Jofitimprur\u00ebse\",\"item\":\"https:\/\/alprofitconsult.al\/en\/tatime\/organizata-jofitimprurese\/cikli-i-jetes-ojf\/\"},{\"@type\":\"ListItem\",\"position\":5,\"name\":\"Kalimi n\u00eb status pasiv dhe riaktivizmi\"}]},{\"@type\":\"WebSite\",\"@id\":\"https:\/\/alprofitconsult.al\/#website\",\"url\":\"https:\/\/alprofitconsult.al\/\",\"name\":\"AlProfit Consult\",\"description\":\"Zyr\u00eb Kontabiliteti\",\"publisher\":{\"@id\":\"https:\/\/alprofitconsult.al\/#organization\"},\"potentialAction\":[{\"@type\":\"SearchAction\",\"target\":{\"@type\":\"EntryPoint\",\"urlTemplate\":\"https:\/\/alprofitconsult.al\/?s={search_term_string}\"},\"query-input\":{\"@type\":\"PropertyValueSpecification\",\"valueRequired\":true,\"valueName\":\"search_term_string\"}}],\"inLanguage\":\"it-IT\"},{\"@type\":\"Organization\",\"@id\":\"https:\/\/alprofitconsult.al\/#organization\",\"name\":\"Alprofit Consult\",\"url\":\"https:\/\/alprofitconsult.al\/\",\"logo\":{\"@type\":\"ImageObject\",\"inLanguage\":\"it-IT\",\"@id\":\"https:\/\/alprofitconsult.al\/#\/schema\/logo\/image\/\",\"url\":\"https:\/\/alprofitconsult.al\/wp-content\/uploads\/2022\/10\/logoalprofit.png\",\"contentUrl\":\"https:\/\/alprofitconsult.al\/wp-content\/uploads\/2022\/10\/logoalprofit.png\",\"width\":529,\"height\":156,\"caption\":\"Alprofit Consult\"},\"image\":{\"@id\":\"https:\/\/alprofitconsult.al\/#\/schema\/logo\/image\/\"},\"sameAs\":[\"https:\/\/www.facebook.com\/AlProfitConsult\/\",\"https:\/\/x.com\/AlProfitConsult\",\"https:\/\/www.linkedin.com\/company\/andi-haxhillari\/\",\"https:\/\/www.pinterest.com\/AlProfitConsult\/\",\"https:\/\/www.youtube.com\/channel\/UCZ5Gfntn161Nla3g1XdRldA\",\"https:\/\/sq.wikipedia.org\/wiki\/P\u00ebrdoruesi:Andi25~sqwiki\"]}]}<\/script>\n<!-- \/ Yoast SEO plugin. -->","yoast_head_json":{"title":"Kalimi n\u00eb status pasiv dhe riaktivizmi - AlProfit Consult","robots":{"index":"index","follow":"follow","max-snippet":"max-snippet:-1","max-image-preview":"max-image-preview:large","max-video-preview":"max-video-preview:-1"},"canonical":"https:\/\/alprofitconsult.al\/it\/tasse\/organizata-jofitimprurese\/cikli-i-jetes-ojf\/kalimi-ne-status-pasiv-dhe-riaktivizmi\/","og_locale":"it_IT","og_type":"article","og_title":"Kalimi n\u00eb status pasiv dhe riaktivizmi - AlProfit Consult","og_description":"Kalimi n\u00eb status pasiv dhe riaktivizimi p\u00ebr OJF Kalimi n\u00eb status pasiv i OJF-ve b\u00ebhet me k\u00ebrkese t\u00eb subjektit ose nga Administrata Tatimore kur p\u00ebrmbushen kushtet ligjore. Me k\u00ebrkes\u00eb t\u00eb subjektit, kur ky i fundit vendos t\u00eb nd\u00ebrpres\u00eb aktivitetin p\u00ebr nj\u00eb periudh\u00eb m\u00eb shum\u00eb se 12 muaj ose pa afat Nga Administrata Tatimore n\u00eb rast [&hellip;]","og_url":"https:\/\/alprofitconsult.al\/it\/tasse\/organizata-jofitimprurese\/cikli-i-jetes-ojf\/kalimi-ne-status-pasiv-dhe-riaktivizmi\/","og_site_name":"AlProfit Consult","article_publisher":"https:\/\/www.facebook.com\/AlProfitConsult\/","article_modified_time":"2022-10-22T11:21:31+00:00","og_image":[{"width":1920,"height":1280,"url":"https:\/\/alprofitconsult.al\/wp-content\/uploads\/2022\/10\/AlProfit-Consult-Kalimi-ne-status-pasiv-dhe-riaktivizmi-OJF.jpg","type":"image\/jpeg"}],"twitter_card":"summary_large_image","twitter_site":"@AlProfitConsult","twitter_misc":{"Tempo di lettura stimato":"2 minuti"},"schema":{"@context":"https:\/\/schema.org","@graph":[{"@type":"WebPage","@id":"https:\/\/alprofitconsult.al\/en\/tatime\/organizata-jofitimprurese\/cikli-i-jetes-ojf\/kalimi-ne-status-pasiv-dhe-riaktivizmi\/","url":"https:\/\/alprofitconsult.al\/en\/tatime\/organizata-jofitimprurese\/cikli-i-jetes-ojf\/kalimi-ne-status-pasiv-dhe-riaktivizmi\/","name":"Kalimi n\u00eb status pasiv dhe riaktivizmi - AlProfit Consult","isPartOf":{"@id":"https:\/\/alprofitconsult.al\/#website"},"primaryImageOfPage":{"@id":"https:\/\/alprofitconsult.al\/en\/tatime\/organizata-jofitimprurese\/cikli-i-jetes-ojf\/kalimi-ne-status-pasiv-dhe-riaktivizmi\/#primaryimage"},"image":{"@id":"https:\/\/alprofitconsult.al\/en\/tatime\/organizata-jofitimprurese\/cikli-i-jetes-ojf\/kalimi-ne-status-pasiv-dhe-riaktivizmi\/#primaryimage"},"thumbnailUrl":"https:\/\/alprofitconsult.al\/wp-content\/uploads\/2022\/10\/AlProfit-Consult-Kalimi-ne-status-pasiv-dhe-riaktivizmi-OJF.jpg","datePublished":"2022-10-13T14:16:36+00:00","dateModified":"2022-10-22T11:21:31+00:00","breadcrumb":{"@id":"https:\/\/alprofitconsult.al\/en\/tatime\/organizata-jofitimprurese\/cikli-i-jetes-ojf\/kalimi-ne-status-pasiv-dhe-riaktivizmi\/#breadcrumb"},"inLanguage":"it-IT","potentialAction":[{"@type":"ReadAction","target":["https:\/\/alprofitconsult.al\/en\/tatime\/organizata-jofitimprurese\/cikli-i-jetes-ojf\/kalimi-ne-status-pasiv-dhe-riaktivizmi\/"]}]},{"@type":"ImageObject","inLanguage":"it-IT","@id":"https:\/\/alprofitconsult.al\/en\/tatime\/organizata-jofitimprurese\/cikli-i-jetes-ojf\/kalimi-ne-status-pasiv-dhe-riaktivizmi\/#primaryimage","url":"https:\/\/alprofitconsult.al\/wp-content\/uploads\/2022\/10\/AlProfit-Consult-Kalimi-ne-status-pasiv-dhe-riaktivizmi-OJF.jpg","contentUrl":"https:\/\/alprofitconsult.al\/wp-content\/uploads\/2022\/10\/AlProfit-Consult-Kalimi-ne-status-pasiv-dhe-riaktivizmi-OJF.jpg","width":1920,"height":1280},{"@type":"BreadcrumbList","@id":"https:\/\/alprofitconsult.al\/en\/tatime\/organizata-jofitimprurese\/cikli-i-jetes-ojf\/kalimi-ne-status-pasiv-dhe-riaktivizmi\/#breadcrumb","itemListElement":[{"@type":"ListItem","position":1,"name":"Kryefaqe","item":"https:\/\/alprofitconsult.al\/"},{"@type":"ListItem","position":2,"name":"Legjislacioni tatimor","item":"https:\/\/alprofitconsult.al\/en\/tatime\/"},{"@type":"ListItem","position":3,"name":"Organizat\u00eb Jofitimprur\u00ebse dhe Ente Publike","item":"https:\/\/alprofitconsult.al\/en\/tatime\/organizata-jofitimprurese\/"},{"@type":"ListItem","position":4,"name":"Cikli i jet\u00ebs: Organizatat Jofitimprur\u00ebse","item":"https:\/\/alprofitconsult.al\/en\/tatime\/organizata-jofitimprurese\/cikli-i-jetes-ojf\/"},{"@type":"ListItem","position":5,"name":"Kalimi n\u00eb status pasiv dhe riaktivizmi"}]},{"@type":"WebSite","@id":"https:\/\/alprofitconsult.al\/#website","url":"https:\/\/alprofitconsult.al\/","name":"AlProfit Consult","description":"Ufficio contabilit\u00e0","publisher":{"@id":"https:\/\/alprofitconsult.al\/#organization"},"potentialAction":[{"@type":"SearchAction","target":{"@type":"EntryPoint","urlTemplate":"https:\/\/alprofitconsult.al\/?s={search_term_string}"},"query-input":{"@type":"PropertyValueSpecification","valueRequired":true,"valueName":"search_term_string"}}],"inLanguage":"it-IT"},{"@type":"Organization","@id":"https:\/\/alprofitconsult.al\/#organization","name":"Alprofit Consult","url":"https:\/\/alprofitconsult.al\/","logo":{"@type":"ImageObject","inLanguage":"it-IT","@id":"https:\/\/alprofitconsult.al\/#\/schema\/logo\/image\/","url":"https:\/\/alprofitconsult.al\/wp-content\/uploads\/2022\/10\/logoalprofit.png","contentUrl":"https:\/\/alprofitconsult.al\/wp-content\/uploads\/2022\/10\/logoalprofit.png","width":529,"height":156,"caption":"Alprofit Consult"},"image":{"@id":"https:\/\/alprofitconsult.al\/#\/schema\/logo\/image\/"},"sameAs":["https:\/\/www.facebook.com\/AlProfitConsult\/","https:\/\/x.com\/AlProfitConsult","https:\/\/www.linkedin.com\/company\/andi-haxhillari\/","https:\/\/www.pinterest.com\/AlProfitConsult\/","https:\/\/www.youtube.com\/channel\/UCZ5Gfntn161Nla3g1XdRldA","https:\/\/sq.wikipedia.org\/wiki\/P\u00ebrdoruesi:Andi25~sqwiki"]}]}},"_links":{"self":[{"href":"https:\/\/alprofitconsult.al\/it\/wp-json\/wp\/v2\/pages\/16018","targetHints":{"allow":["GET"]}}],"collection":[{"href":"https:\/\/alprofitconsult.al\/it\/wp-json\/wp\/v2\/pages"}],"about":[{"href":"https:\/\/alprofitconsult.al\/it\/wp-json\/wp\/v2\/types\/page"}],"author":[{"embeddable":true,"href":"https:\/\/alprofitconsult.al\/it\/wp-json\/wp\/v2\/users\/1"}],"replies":[{"embeddable":true,"href":"https:\/\/alprofitconsult.al\/it\/wp-json\/wp\/v2\/comments?post=16018"}],"version-history":[{"count":3,"href":"https:\/\/alprofitconsult.al\/it\/wp-json\/wp\/v2\/pages\/16018\/revisions"}],"predecessor-version":[{"id":17116,"href":"https:\/\/alprofitconsult.al\/it\/wp-json\/wp\/v2\/pages\/16018\/revisions\/17116"}],"up":[{"embeddable":true,"href":"https:\/\/alprofitconsult.al\/it\/wp-json\/wp\/v2\/pages\/16016"}],"wp:featuredmedia":[{"embeddable":true,"href":"https:\/\/alprofitconsult.al\/it\/wp-json\/wp\/v2\/media\/16925"}],"wp:attachment":[{"href":"https:\/\/alprofitconsult.al\/it\/wp-json\/wp\/v2\/media?parent=16018"}],"curies":[{"name":"wp","href":"https:\/\/api.w.org\/{rel}","templated":true}]}}