{"id":16019,"date":"2022-10-13T14:16:36","date_gmt":"2022-10-13T14:16:36","guid":{"rendered":"https:\/\/alprofitconsult.al\/?page_id=16019"},"modified":"2022-10-22T11:21:50","modified_gmt":"2022-10-22T11:21:50","slug":"cregjistrimi","status":"publish","type":"page","link":"https:\/\/alprofitconsult.al\/it\/tatime\/organizata-jofitimprurese\/cikli-i-jetes-ojf\/cregjistrimi\/","title":{"rendered":"\u00c7regjistrimi i Organizatave Jofitimprur\u00ebse dhe Enteve Publike"},"content":{"rendered":"<div class=\"yoast-breadcrumbs\"><span><span><a href=\"https:\/\/alprofitconsult.al\/it\/\">Home page<\/a><\/span> | <span><a href=\"https:\/\/alprofitconsult.al\/en\/tatime\/\">Normativa fiscale<\/a><\/span> | <span><a href=\"https:\/\/alprofitconsult.al\/en\/tatime\/organizata-jofitimprurese\/\">Organizat\u00eb Jofitimprur\u00ebse dhe Ente Publike<\/a><\/span> | <span><a href=\"https:\/\/alprofitconsult.al\/en\/tatime\/organizata-jofitimprurese\/cikli-i-jetes-ojf\/\">Cikli i jet\u00ebs: Organizatat Jofitimprur\u00ebse<\/a><\/span> | <span class=\"breadcrumb_last\" aria-current=\"page\">\u00c7regjistrimi i Organizatave Jofitimprur\u00ebse dhe Enteve Publike<\/span><\/span><\/div>\n\n\n<p><\/p>\n\n\n\n<figure class=\"wp-block-image size-large\"><img loading=\"lazy\" decoding=\"async\" width=\"1024\" height=\"683\" src=\"https:\/\/alprofitconsult.al\/wp-content\/uploads\/2022\/10\/AlProfit-Consult-Cregjistrimi-i-Organizatave-Jofitimprurese-dhe-Enteve-Publike-1024x683.jpg\" alt=\"\" class=\"wp-image-16928\" srcset=\"https:\/\/alprofitconsult.al\/wp-content\/uploads\/2022\/10\/AlProfit-Consult-Cregjistrimi-i-Organizatave-Jofitimprurese-dhe-Enteve-Publike-1024x683.jpg 1024w, https:\/\/alprofitconsult.al\/wp-content\/uploads\/2022\/10\/AlProfit-Consult-Cregjistrimi-i-Organizatave-Jofitimprurese-dhe-Enteve-Publike-300x200.jpg 300w, https:\/\/alprofitconsult.al\/wp-content\/uploads\/2022\/10\/AlProfit-Consult-Cregjistrimi-i-Organizatave-Jofitimprurese-dhe-Enteve-Publike-150x100.jpg 150w, https:\/\/alprofitconsult.al\/wp-content\/uploads\/2022\/10\/AlProfit-Consult-Cregjistrimi-i-Organizatave-Jofitimprurese-dhe-Enteve-Publike-768x512.jpg 768w, https:\/\/alprofitconsult.al\/wp-content\/uploads\/2022\/10\/AlProfit-Consult-Cregjistrimi-i-Organizatave-Jofitimprurese-dhe-Enteve-Publike-1536x1024.jpg 1536w, https:\/\/alprofitconsult.al\/wp-content\/uploads\/2022\/10\/AlProfit-Consult-Cregjistrimi-i-Organizatave-Jofitimprurese-dhe-Enteve-Publike.jpg 1920w\" sizes=\"auto, (max-width: 1024px) 100vw, 1024px\" \/><\/figure>\n\n\n\n<h2 class=\"wp-block-heading\">\u00c7regjistrimi i Organizatave Jofitimprur\u00ebse<\/h2>\n\n\n\n<p><br>P\u00ebr \u00e7regjistrimin e nj\u00eb OJF-je ndiqen hapat si m\u00eb posht\u00eb:<\/p>\n\n\n\n<ul class=\"wp-block-list\"><li>Tatimpaguesi aplikon n\u00eb Gjykat\u00eb p\u00ebr fillimin e procedur\u00ebs s\u00eb \u00e7regjistrimit.<\/li><li>Pas marrjes s\u00eb njoftimit nga gjykata, Administrata Tatimore verifikon situat\u00ebn e tatimpaguesit n\u00eb lidhje me p\u00ebrmbushjen e detyrimeve ligjore nga ana e tij (deklarimet dhe pagesat). Kur tatimpaguesi \u00ebsht\u00eb me statusin &#8220;Aplikim per \u00e7regjistrim&#8221; mund t\u00eb gjeneroj\u00eb list\u00ebpages\u00ebn e fundit edhe n\u00eb mes t\u00eb periudh\u00ebs tatimore, nga e- filing.<\/li><li>Administrata Tatimore njofton Gjykat\u00ebn p\u00ebr sa m\u00eb sip\u00ebr (konfirmon ose kund\u00ebrshton \u00e7regjistrimin)<\/li><\/ul>\n\n\n\n<p>N\u00eb rast kund\u00ebrshtimi nga Administrata Tatimore, Gjykata nuk procedon me \u00e7regjistrimin e subjektit deri n\u00eb momentin e shlyerjes s\u00eb detyrimeve nga ana e k\u00ebtij te fundit.<\/p>\n\n\n\n<p>N\u00eb rast konfirmimi nga Administrata Tatimore, Gjykata procedon me \u00e7regjistrimin e subjektit dhe vendimi i saj p\u00ebrdoret nga Administrata Tatimore p\u00ebr finalizimin e \u00e7regjistrimit ne Sistemin Tatimor. Data e \u00e7regjistrimit ne Sistemin Tatimor \u00ebsht\u00eb data e vendosur n\u00eb Vendimin e Gjykat\u00ebs.<\/p>\n\n\n\n<h2 class=\"wp-block-heading\">\u00c7regjistrimi i Enteve Publike<\/h2>\n\n\n\n<p>P\u00ebr \u00e7regjistrimin e nj\u00eb Enti Publik ndiqen hapat si m\u00eb posht\u00eb:<\/p>\n\n\n\n<ul class=\"wp-block-list\"><li>Pas marrjes se vendimit apo aktit n\u00ebnligjor p\u00ebr mbylljen e nj\u00eb Enti Publik, p\u00ebrfaq\u00ebsuesi i tij e dor\u00ebzon vendimin pran\u00eb organeve tatimore.<\/li><li>Administrata Tatimore verifikon situat\u00ebn e tatimpaguesit ne lidhje me p\u00ebrmbushjen e detyrimeve ligjore (deklarimet dhe pagesat). Kur tatimpaguesi \u00ebsht\u00eb me statusin &#8220;Aplikim per \u00e7regjistrim&#8221; mund t\u00eb gjeneroj\u00eb list\u00ebpages\u00ebn e fundit edhe n\u00eb mes t\u00eb periudh\u00ebs tatimore, nga e- filing.<\/li><li>Administrata Tatimore konfirmon ose kund\u00ebrshton \u00e7regjistrimin ne var\u00ebsi t\u00eb p\u00ebrmbushjes s\u00eb k\u00ebtyre detyrimeve ligjore<\/li><\/ul>\n\n\n\n<p>N\u00eb rast kund\u00ebrshtimi, nga Administrata Tatimore nuk procedohet me \u00e7regjistrimin e subjektit deri n\u00eb momentin e shlyerjes s\u00eb detyrimeve tatimore.<\/p>\n\n\n\n<p>N\u00eb rast konfirmimi, Administrata Tatimore procedon me \u00e7regjistrimin e subjektit nga Sistemi Tatimor. Data e \u00e7regjistrimit n\u00eb Sistemin Tatimor \u00ebsht\u00eb data e marrjes s\u00eb Vendimit.<\/p>\n\n\n\n<p>Fonte: <a href=\"https:\/\/www.tatime.gov.al\/c\/5\/77\/88\/regjistrimi\" target=\"_blank\" rel=\"noreferrer noopener\">Direzione Generale delle Imposte.<\/a><\/p>\n\n\n<div class=\"gdlr-core-widget-box-shortcode\" style=\"color: #ffffff ;background-color: #000014 ;\"  ><h3 class=\"gdlr-core-widget-box-shortcode-title\" style=\"color: #ffffff ;\"  >Hai qualche domanda?<\/h3><div class=\"gdlr-core-widget-box-shortcode-content\" ><p class=\"translation-block\">Non esitare a <a href=\"https:\/\/alprofitconsult.al\/it\/contact\/\" target=\"_self\">contattarci. Siamo un team di esperti e saremo lieti di parlare con te.<\/p>\n<\/div><\/div>","protected":false},"excerpt":{"rendered":"<p>\u00c7regjistrimi i Organizatave Jofitimprur\u00ebse P\u00ebr \u00e7regjistrimin e nj\u00eb OJF-je ndiqen hapat si m\u00eb posht\u00eb: Tatimpaguesi aplikon n\u00eb Gjykat\u00eb p\u00ebr fillimin e procedur\u00ebs s\u00eb \u00e7regjistrimit. Pas marrjes s\u00eb njoftimit nga gjykata, Administrata Tatimore verifikon situat\u00ebn e tatimpaguesit n\u00eb lidhje me p\u00ebrmbushjen e detyrimeve ligjore nga ana e tij (deklarimet dhe pagesat). Kur tatimpaguesi \u00ebsht\u00eb me statusin [&hellip;]<\/p>\n","protected":false},"author":1,"featured_media":16928,"parent":16016,"menu_order":0,"comment_status":"closed","ping_status":"closed","template":"","meta":{"footnotes":""},"class_list":["post-16019","page","type-page","status-publish","has-post-thumbnail","hentry"],"yoast_head":"<!-- This site is optimized with the Yoast SEO plugin v26.5 - https:\/\/yoast.com\/wordpress\/plugins\/seo\/ -->\n<title>\u00c7regjistrimi i Organizatave Jofitimprur\u00ebse dhe Enteve Publike - AlProfit Consult<\/title>\n<meta name=\"robots\" content=\"index, follow, max-snippet:-1, max-image-preview:large, max-video-preview:-1\" \/>\n<link rel=\"canonical\" href=\"https:\/\/alprofitconsult.al\/it\/tasse\/organizata-jofitimprurese\/cikli-i-jetes-ojf\/cregjistrimi\/\" \/>\n<meta property=\"og:locale\" content=\"it_IT\" \/>\n<meta property=\"og:type\" content=\"article\" \/>\n<meta property=\"og:title\" content=\"\u00c7regjistrimi i Organizatave Jofitimprur\u00ebse dhe Enteve Publike - AlProfit Consult\" \/>\n<meta property=\"og:description\" content=\"\u00c7regjistrimi i Organizatave Jofitimprur\u00ebse P\u00ebr \u00e7regjistrimin e nj\u00eb OJF-je ndiqen hapat si m\u00eb posht\u00eb: Tatimpaguesi aplikon n\u00eb Gjykat\u00eb p\u00ebr fillimin e procedur\u00ebs s\u00eb \u00e7regjistrimit. Pas marrjes s\u00eb njoftimit nga gjykata, Administrata Tatimore verifikon situat\u00ebn e tatimpaguesit n\u00eb lidhje me p\u00ebrmbushjen e detyrimeve ligjore nga ana e tij (deklarimet dhe pagesat). Kur tatimpaguesi \u00ebsht\u00eb me statusin [&hellip;]\" \/>\n<meta property=\"og:url\" content=\"https:\/\/alprofitconsult.al\/it\/tasse\/organizata-jofitimprurese\/cikli-i-jetes-ojf\/cregjistrimi\/\" \/>\n<meta property=\"og:site_name\" content=\"AlProfit Consult\" \/>\n<meta property=\"article:publisher\" content=\"https:\/\/www.facebook.com\/AlProfitConsult\/\" \/>\n<meta property=\"article:modified_time\" content=\"2022-10-22T11:21:50+00:00\" \/>\n<meta property=\"og:image\" content=\"https:\/\/alprofitconsult.al\/wp-content\/uploads\/2022\/10\/AlProfit-Consult-Cregjistrimi-i-Organizatave-Jofitimprurese-dhe-Enteve-Publike.jpg\" \/>\n\t<meta property=\"og:image:width\" content=\"1920\" \/>\n\t<meta property=\"og:image:height\" content=\"1280\" \/>\n\t<meta property=\"og:image:type\" content=\"image\/jpeg\" \/>\n<meta name=\"twitter:card\" content=\"summary_large_image\" \/>\n<meta name=\"twitter:site\" content=\"@AlProfitConsult\" \/>\n<meta name=\"twitter:label1\" content=\"Tempo di lettura stimato\" \/>\n\t<meta name=\"twitter:data1\" content=\"2 minuti\" \/>\n<script type=\"application\/ld+json\" class=\"yoast-schema-graph\">{\"@context\":\"https:\/\/schema.org\",\"@graph\":[{\"@type\":\"WebPage\",\"@id\":\"https:\/\/alprofitconsult.al\/en\/tatime\/organizata-jofitimprurese\/cikli-i-jetes-ojf\/cregjistrimi\/\",\"url\":\"https:\/\/alprofitconsult.al\/en\/tatime\/organizata-jofitimprurese\/cikli-i-jetes-ojf\/cregjistrimi\/\",\"name\":\"\u00c7regjistrimi i Organizatave Jofitimprur\u00ebse dhe Enteve Publike - AlProfit Consult\",\"isPartOf\":{\"@id\":\"https:\/\/alprofitconsult.al\/#website\"},\"primaryImageOfPage\":{\"@id\":\"https:\/\/alprofitconsult.al\/en\/tatime\/organizata-jofitimprurese\/cikli-i-jetes-ojf\/cregjistrimi\/#primaryimage\"},\"image\":{\"@id\":\"https:\/\/alprofitconsult.al\/en\/tatime\/organizata-jofitimprurese\/cikli-i-jetes-ojf\/cregjistrimi\/#primaryimage\"},\"thumbnailUrl\":\"https:\/\/alprofitconsult.al\/wp-content\/uploads\/2022\/10\/AlProfit-Consult-Cregjistrimi-i-Organizatave-Jofitimprurese-dhe-Enteve-Publike.jpg\",\"datePublished\":\"2022-10-13T14:16:36+00:00\",\"dateModified\":\"2022-10-22T11:21:50+00:00\",\"breadcrumb\":{\"@id\":\"https:\/\/alprofitconsult.al\/en\/tatime\/organizata-jofitimprurese\/cikli-i-jetes-ojf\/cregjistrimi\/#breadcrumb\"},\"inLanguage\":\"it-IT\",\"potentialAction\":[{\"@type\":\"ReadAction\",\"target\":[\"https:\/\/alprofitconsult.al\/en\/tatime\/organizata-jofitimprurese\/cikli-i-jetes-ojf\/cregjistrimi\/\"]}]},{\"@type\":\"ImageObject\",\"inLanguage\":\"it-IT\",\"@id\":\"https:\/\/alprofitconsult.al\/en\/tatime\/organizata-jofitimprurese\/cikli-i-jetes-ojf\/cregjistrimi\/#primaryimage\",\"url\":\"https:\/\/alprofitconsult.al\/wp-content\/uploads\/2022\/10\/AlProfit-Consult-Cregjistrimi-i-Organizatave-Jofitimprurese-dhe-Enteve-Publike.jpg\",\"contentUrl\":\"https:\/\/alprofitconsult.al\/wp-content\/uploads\/2022\/10\/AlProfit-Consult-Cregjistrimi-i-Organizatave-Jofitimprurese-dhe-Enteve-Publike.jpg\",\"width\":1920,\"height\":1280},{\"@type\":\"BreadcrumbList\",\"@id\":\"https:\/\/alprofitconsult.al\/en\/tatime\/organizata-jofitimprurese\/cikli-i-jetes-ojf\/cregjistrimi\/#breadcrumb\",\"itemListElement\":[{\"@type\":\"ListItem\",\"position\":1,\"name\":\"Kryefaqe\",\"item\":\"https:\/\/alprofitconsult.al\/\"},{\"@type\":\"ListItem\",\"position\":2,\"name\":\"Legjislacioni tatimor\",\"item\":\"https:\/\/alprofitconsult.al\/en\/tatime\/\"},{\"@type\":\"ListItem\",\"position\":3,\"name\":\"Organizat\u00eb Jofitimprur\u00ebse dhe Ente Publike\",\"item\":\"https:\/\/alprofitconsult.al\/en\/tatime\/organizata-jofitimprurese\/\"},{\"@type\":\"ListItem\",\"position\":4,\"name\":\"Cikli i jet\u00ebs: Organizatat Jofitimprur\u00ebse\",\"item\":\"https:\/\/alprofitconsult.al\/en\/tatime\/organizata-jofitimprurese\/cikli-i-jetes-ojf\/\"},{\"@type\":\"ListItem\",\"position\":5,\"name\":\"\u00c7regjistrimi i Organizatave Jofitimprur\u00ebse dhe Enteve Publike\"}]},{\"@type\":\"WebSite\",\"@id\":\"https:\/\/alprofitconsult.al\/#website\",\"url\":\"https:\/\/alprofitconsult.al\/\",\"name\":\"AlProfit Consult\",\"description\":\"Zyr\u00eb Kontabiliteti\",\"publisher\":{\"@id\":\"https:\/\/alprofitconsult.al\/#organization\"},\"potentialAction\":[{\"@type\":\"SearchAction\",\"target\":{\"@type\":\"EntryPoint\",\"urlTemplate\":\"https:\/\/alprofitconsult.al\/?s={search_term_string}\"},\"query-input\":{\"@type\":\"PropertyValueSpecification\",\"valueRequired\":true,\"valueName\":\"search_term_string\"}}],\"inLanguage\":\"it-IT\"},{\"@type\":\"Organization\",\"@id\":\"https:\/\/alprofitconsult.al\/#organization\",\"name\":\"Alprofit Consult\",\"url\":\"https:\/\/alprofitconsult.al\/\",\"logo\":{\"@type\":\"ImageObject\",\"inLanguage\":\"it-IT\",\"@id\":\"https:\/\/alprofitconsult.al\/#\/schema\/logo\/image\/\",\"url\":\"https:\/\/alprofitconsult.al\/wp-content\/uploads\/2022\/10\/logoalprofit.png\",\"contentUrl\":\"https:\/\/alprofitconsult.al\/wp-content\/uploads\/2022\/10\/logoalprofit.png\",\"width\":529,\"height\":156,\"caption\":\"Alprofit Consult\"},\"image\":{\"@id\":\"https:\/\/alprofitconsult.al\/#\/schema\/logo\/image\/\"},\"sameAs\":[\"https:\/\/www.facebook.com\/AlProfitConsult\/\",\"https:\/\/x.com\/AlProfitConsult\",\"https:\/\/www.linkedin.com\/company\/andi-haxhillari\/\",\"https:\/\/www.pinterest.com\/AlProfitConsult\/\",\"https:\/\/www.youtube.com\/channel\/UCZ5Gfntn161Nla3g1XdRldA\",\"https:\/\/sq.wikipedia.org\/wiki\/P\u00ebrdoruesi:Andi25~sqwiki\"]}]}<\/script>\n<!-- \/ Yoast SEO plugin. -->","yoast_head_json":{"title":"\u00c7regjistrimi i Organizatave Jofitimprur\u00ebse dhe Enteve Publike - AlProfit Consult","robots":{"index":"index","follow":"follow","max-snippet":"max-snippet:-1","max-image-preview":"max-image-preview:large","max-video-preview":"max-video-preview:-1"},"canonical":"https:\/\/alprofitconsult.al\/it\/tasse\/organizata-jofitimprurese\/cikli-i-jetes-ojf\/cregjistrimi\/","og_locale":"it_IT","og_type":"article","og_title":"\u00c7regjistrimi i Organizatave Jofitimprur\u00ebse dhe Enteve Publike - AlProfit Consult","og_description":"\u00c7regjistrimi i Organizatave Jofitimprur\u00ebse P\u00ebr \u00e7regjistrimin e nj\u00eb OJF-je ndiqen hapat si m\u00eb posht\u00eb: Tatimpaguesi aplikon n\u00eb Gjykat\u00eb p\u00ebr fillimin e procedur\u00ebs s\u00eb \u00e7regjistrimit. Pas marrjes s\u00eb njoftimit nga gjykata, Administrata Tatimore verifikon situat\u00ebn e tatimpaguesit n\u00eb lidhje me p\u00ebrmbushjen e detyrimeve ligjore nga ana e tij (deklarimet dhe pagesat). Kur tatimpaguesi \u00ebsht\u00eb me statusin [&hellip;]","og_url":"https:\/\/alprofitconsult.al\/it\/tasse\/organizata-jofitimprurese\/cikli-i-jetes-ojf\/cregjistrimi\/","og_site_name":"AlProfit Consult","article_publisher":"https:\/\/www.facebook.com\/AlProfitConsult\/","article_modified_time":"2022-10-22T11:21:50+00:00","og_image":[{"width":1920,"height":1280,"url":"https:\/\/alprofitconsult.al\/wp-content\/uploads\/2022\/10\/AlProfit-Consult-Cregjistrimi-i-Organizatave-Jofitimprurese-dhe-Enteve-Publike.jpg","type":"image\/jpeg"}],"twitter_card":"summary_large_image","twitter_site":"@AlProfitConsult","twitter_misc":{"Tempo di lettura stimato":"2 minuti"},"schema":{"@context":"https:\/\/schema.org","@graph":[{"@type":"WebPage","@id":"https:\/\/alprofitconsult.al\/en\/tatime\/organizata-jofitimprurese\/cikli-i-jetes-ojf\/cregjistrimi\/","url":"https:\/\/alprofitconsult.al\/en\/tatime\/organizata-jofitimprurese\/cikli-i-jetes-ojf\/cregjistrimi\/","name":"\u00c7regjistrimi i Organizatave Jofitimprur\u00ebse dhe Enteve Publike - AlProfit Consult","isPartOf":{"@id":"https:\/\/alprofitconsult.al\/#website"},"primaryImageOfPage":{"@id":"https:\/\/alprofitconsult.al\/en\/tatime\/organizata-jofitimprurese\/cikli-i-jetes-ojf\/cregjistrimi\/#primaryimage"},"image":{"@id":"https:\/\/alprofitconsult.al\/en\/tatime\/organizata-jofitimprurese\/cikli-i-jetes-ojf\/cregjistrimi\/#primaryimage"},"thumbnailUrl":"https:\/\/alprofitconsult.al\/wp-content\/uploads\/2022\/10\/AlProfit-Consult-Cregjistrimi-i-Organizatave-Jofitimprurese-dhe-Enteve-Publike.jpg","datePublished":"2022-10-13T14:16:36+00:00","dateModified":"2022-10-22T11:21:50+00:00","breadcrumb":{"@id":"https:\/\/alprofitconsult.al\/en\/tatime\/organizata-jofitimprurese\/cikli-i-jetes-ojf\/cregjistrimi\/#breadcrumb"},"inLanguage":"it-IT","potentialAction":[{"@type":"ReadAction","target":["https:\/\/alprofitconsult.al\/en\/tatime\/organizata-jofitimprurese\/cikli-i-jetes-ojf\/cregjistrimi\/"]}]},{"@type":"ImageObject","inLanguage":"it-IT","@id":"https:\/\/alprofitconsult.al\/en\/tatime\/organizata-jofitimprurese\/cikli-i-jetes-ojf\/cregjistrimi\/#primaryimage","url":"https:\/\/alprofitconsult.al\/wp-content\/uploads\/2022\/10\/AlProfit-Consult-Cregjistrimi-i-Organizatave-Jofitimprurese-dhe-Enteve-Publike.jpg","contentUrl":"https:\/\/alprofitconsult.al\/wp-content\/uploads\/2022\/10\/AlProfit-Consult-Cregjistrimi-i-Organizatave-Jofitimprurese-dhe-Enteve-Publike.jpg","width":1920,"height":1280},{"@type":"BreadcrumbList","@id":"https:\/\/alprofitconsult.al\/en\/tatime\/organizata-jofitimprurese\/cikli-i-jetes-ojf\/cregjistrimi\/#breadcrumb","itemListElement":[{"@type":"ListItem","position":1,"name":"Kryefaqe","item":"https:\/\/alprofitconsult.al\/"},{"@type":"ListItem","position":2,"name":"Legjislacioni tatimor","item":"https:\/\/alprofitconsult.al\/en\/tatime\/"},{"@type":"ListItem","position":3,"name":"Organizat\u00eb Jofitimprur\u00ebse dhe Ente Publike","item":"https:\/\/alprofitconsult.al\/en\/tatime\/organizata-jofitimprurese\/"},{"@type":"ListItem","position":4,"name":"Cikli i jet\u00ebs: Organizatat Jofitimprur\u00ebse","item":"https:\/\/alprofitconsult.al\/en\/tatime\/organizata-jofitimprurese\/cikli-i-jetes-ojf\/"},{"@type":"ListItem","position":5,"name":"\u00c7regjistrimi i Organizatave Jofitimprur\u00ebse dhe Enteve Publike"}]},{"@type":"WebSite","@id":"https:\/\/alprofitconsult.al\/#website","url":"https:\/\/alprofitconsult.al\/","name":"AlProfit Consult","description":"Ufficio contabilit\u00e0","publisher":{"@id":"https:\/\/alprofitconsult.al\/#organization"},"potentialAction":[{"@type":"SearchAction","target":{"@type":"EntryPoint","urlTemplate":"https:\/\/alprofitconsult.al\/?s={search_term_string}"},"query-input":{"@type":"PropertyValueSpecification","valueRequired":true,"valueName":"search_term_string"}}],"inLanguage":"it-IT"},{"@type":"Organization","@id":"https:\/\/alprofitconsult.al\/#organization","name":"Alprofit Consult","url":"https:\/\/alprofitconsult.al\/","logo":{"@type":"ImageObject","inLanguage":"it-IT","@id":"https:\/\/alprofitconsult.al\/#\/schema\/logo\/image\/","url":"https:\/\/alprofitconsult.al\/wp-content\/uploads\/2022\/10\/logoalprofit.png","contentUrl":"https:\/\/alprofitconsult.al\/wp-content\/uploads\/2022\/10\/logoalprofit.png","width":529,"height":156,"caption":"Alprofit Consult"},"image":{"@id":"https:\/\/alprofitconsult.al\/#\/schema\/logo\/image\/"},"sameAs":["https:\/\/www.facebook.com\/AlProfitConsult\/","https:\/\/x.com\/AlProfitConsult","https:\/\/www.linkedin.com\/company\/andi-haxhillari\/","https:\/\/www.pinterest.com\/AlProfitConsult\/","https:\/\/www.youtube.com\/channel\/UCZ5Gfntn161Nla3g1XdRldA","https:\/\/sq.wikipedia.org\/wiki\/P\u00ebrdoruesi:Andi25~sqwiki"]}]}},"_links":{"self":[{"href":"https:\/\/alprofitconsult.al\/it\/wp-json\/wp\/v2\/pages\/16019","targetHints":{"allow":["GET"]}}],"collection":[{"href":"https:\/\/alprofitconsult.al\/it\/wp-json\/wp\/v2\/pages"}],"about":[{"href":"https:\/\/alprofitconsult.al\/it\/wp-json\/wp\/v2\/types\/page"}],"author":[{"embeddable":true,"href":"https:\/\/alprofitconsult.al\/it\/wp-json\/wp\/v2\/users\/1"}],"replies":[{"embeddable":true,"href":"https:\/\/alprofitconsult.al\/it\/wp-json\/wp\/v2\/comments?post=16019"}],"version-history":[{"count":3,"href":"https:\/\/alprofitconsult.al\/it\/wp-json\/wp\/v2\/pages\/16019\/revisions"}],"predecessor-version":[{"id":17117,"href":"https:\/\/alprofitconsult.al\/it\/wp-json\/wp\/v2\/pages\/16019\/revisions\/17117"}],"up":[{"embeddable":true,"href":"https:\/\/alprofitconsult.al\/it\/wp-json\/wp\/v2\/pages\/16016"}],"wp:featuredmedia":[{"embeddable":true,"href":"https:\/\/alprofitconsult.al\/it\/wp-json\/wp\/v2\/media\/16928"}],"wp:attachment":[{"href":"https:\/\/alprofitconsult.al\/it\/wp-json\/wp\/v2\/media?parent=16019"}],"curies":[{"name":"wp","href":"https:\/\/api.w.org\/{rel}","templated":true}]}}