{"id":16021,"date":"2022-10-13T14:16:37","date_gmt":"2022-10-13T14:16:37","guid":{"rendered":"https:\/\/alprofitconsult.al\/?page_id=16021"},"modified":"2022-10-22T11:22:10","modified_gmt":"2022-10-22T11:22:10","slug":"informacioni-vjetor","status":"publish","type":"page","link":"https:\/\/alprofitconsult.al\/it\/tatime\/organizata-jofitimprurese\/deklarimi-dhe-pagesa\/informacioni-vjetor\/","title":{"rendered":"Informacioni vjetor"},"content":{"rendered":"<div class=\"yoast-breadcrumbs\"><span><span><a href=\"https:\/\/alprofitconsult.al\/it\/\">Home page<\/a><\/span> | <span><a href=\"https:\/\/alprofitconsult.al\/en\/tatime\/\">Normativa fiscale<\/a><\/span> | <span><a href=\"https:\/\/alprofitconsult.al\/en\/tatime\/organizata-jofitimprurese\/\">Organizat\u00eb Jofitimprur\u00ebse dhe Ente Publike<\/a><\/span> | <span><a href=\"https:\/\/alprofitconsult.al\/en\/tatime\/organizata-jofitimprurese\/deklarimi-dhe-pagesa\/\">Deklarimi dhe pagesa: Organizatat Jofitimprur\u00ebse<\/a><\/span> | <span class=\"breadcrumb_last\" aria-current=\"page\">Informacioni vjetor<\/span><\/span><\/div>\n\n\n<p><\/p>\n\n\n\n<figure class=\"wp-block-image size-large\"><img loading=\"lazy\" decoding=\"async\" width=\"1024\" height=\"625\" src=\"https:\/\/alprofitconsult.al\/wp-content\/uploads\/2022\/10\/AlProfit-Consult-Informacioni-vjetor-OJF-1024x625.jpg\" alt=\"\" class=\"wp-image-16931\" srcset=\"https:\/\/alprofitconsult.al\/wp-content\/uploads\/2022\/10\/AlProfit-Consult-Informacioni-vjetor-OJF-1024x625.jpg 1024w, https:\/\/alprofitconsult.al\/wp-content\/uploads\/2022\/10\/AlProfit-Consult-Informacioni-vjetor-OJF-300x183.jpg 300w, https:\/\/alprofitconsult.al\/wp-content\/uploads\/2022\/10\/AlProfit-Consult-Informacioni-vjetor-OJF-150x92.jpg 150w, https:\/\/alprofitconsult.al\/wp-content\/uploads\/2022\/10\/AlProfit-Consult-Informacioni-vjetor-OJF-768x469.jpg 768w, https:\/\/alprofitconsult.al\/wp-content\/uploads\/2022\/10\/AlProfit-Consult-Informacioni-vjetor-OJF-1536x938.jpg 1536w, https:\/\/alprofitconsult.al\/wp-content\/uploads\/2022\/10\/AlProfit-Consult-Informacioni-vjetor-OJF.jpg 1920w\" sizes=\"auto, (max-width: 1024px) 100vw, 1024px\" \/><\/figure>\n\n\n\n<h2 class=\"wp-block-heading\">Informazioni generali<\/h2>\n\n\n\n<p>Organizatat jofitimprur\u00ebse (OJF) dhe Entet Publike\/Nd\u00ebrmarrjet Shtet\u00ebrore, pavar\u00ebsisht natyr\u00ebs jofitimprur\u00ebse p\u00ebrgjith\u00ebsisht t\u00eb aktivitetit t\u00eb tyre, kan\u00eb p\u00ebr detyrim mbajtjen e llogarive dhe raportimin e informacioneve t\u00eb tyre sipas legjislacionit n\u00eb fuqi.<\/p>\n\n\n\n<p>K\u00ebto informacione jan\u00eb objekt i vet\u00ebdeklarimit, jan\u00eb t\u00eb r\u00ebnd\u00ebsishme sidomos kur rrjedhin nga nj\u00eb aktivitet fitimprur\u00ebs i nj\u00eb organizate fitimprur\u00ebse.<\/p>\n\n\n\n<p>N\u00eb k\u00ebt\u00eb rast, Organizata jofitimprur\u00ebse, n\u00eb cil\u00ebsin\u00eb e tatimpaguesit, duhet t\u00eb b\u00ebj\u00eb vet\u00ebdeklarim t\u00eb t\u00eb ardhurave, t\u00eb shum\u00ebs s\u00eb detyrimit tatimor apo t\u00eb kontributit, pa pritur vler\u00ebsimin, njoftimin ose k\u00ebrkes\u00ebn nga Administrata Tatimore dhe e paguan tatimin n\u00eb llogarin\u00eb e organeve tatimore.<\/p>\n\n\n\n<p>Informacioni i p\u00ebrfshir\u00eb n\u00eb deklarat\u00ebn vjetore t\u00eb t\u00eb ardhurave t\u00eb tatueshme p\u00ebrmban t\u00eb dh\u00ebna p\u00ebr efekt t\u00eb llogaritjes s\u00eb t\u00eb ardhurave t\u00eb tatueshme (pasqyrat financiare):<\/p>\n\n\n\n<ul class=\"wp-block-list\"><li>Bilanci \u00ebsht\u00eb nj\u00eb nga pasqyrat financiare q\u00eb tregon pozicionin financiar (aktivet, pasivet dhe kapitalin) e nj\u00eb nj\u00ebsie ekonomike raportuese n\u00eb nj\u00eb dat\u00eb t\u00eb caktuar.<\/li><li>Pasqyra e t\u00eb ardhurave dhe shpenzimeve \u00ebsht\u00eb nj\u00eb tjet\u00ebr pasqyr\u00eb financiare q\u00eb tregon performanc\u00ebn ekonomike (t\u00eb ardhurat, shpenzimet dhe fitimin\/humbjen) e nj\u00eb nj\u00ebsie ekonomike raportuese gjat\u00eb nj\u00eb periudhe kontab\u00ebl.<\/li><li>Pasqyra e fluksit monetar tregon fluksin e parave (ark\u00ebtimet dhe pagesat n\u00eb para dhe ekuivalentet e saj) t\u00eb nj\u00eb nj\u00ebsie ekonomike raportuese gjat\u00eb nj\u00eb periudhe kontab\u00ebl.<\/li><\/ul>\n\n\n\n<p>K\u00ebrkesa p\u00ebr informacion \u00ebsht\u00eb e gjer\u00eb dhe p\u00ebrmban \u00e7do informacion t\u00eb mundsh\u00ebm dhe t\u00eb nevojsh\u00ebm p\u00ebr t\u00eb b\u00ebr\u00eb nj\u00eb vler\u00ebsim tatimor t\u00eb tatimpaguesit, \u00e7ka do t\u00eb sh\u00ebrbej\u00eb n\u00eb llogaritjen e t\u00eb ardhurave t\u00eb tatueshme p\u00ebr q\u00ebllime tatimore.<\/p>\n\n\n\n<h2 class=\"wp-block-heading\">R\u00ebnd\u00ebsia mbi korrekt\u00ebsin\u00eb e raportimit<\/h2>\n\n\n\n<p>P\u00ebr shkak t\u00eb rolit shum\u00eb t\u00eb r\u00ebnd\u00ebsish\u00ebm q\u00eb informacioni i raportuar ka p\u00ebr tatimpaguesin, por q\u00eb sjell efekte edhe p\u00ebr pal\u00ebt e treta, \u00ebsht\u00eb e r\u00ebnd\u00ebsishme q\u00eb t\u00eb gjitha informatat vjetore t\u00eb raportohen sakt\u00eb dhe n\u00eb koh\u00eb.<\/p>\n\n\n\n<blockquote class=\"wp-block-quote is-layout-flow wp-block-quote-is-layout-flow\"><p>Edhe n\u00ebse OJF-t\u00eb dhe Entet Publike, n\u00eb parim p\u00ebrjashtohen nga tatimi mbi fitimin, sipas Ligjit <a href=\"https:\/\/alprofitconsult.al\/wp-content\/uploads\/2020\/03\/LIGJ-nr-8438-date-28.12.1998-Per-tatimin-mbi-te-ardhurat-i-ndryshuar-1.pdf\" target=\"_blank\" rel=\"noreferrer noopener\">Nr. 8438, Dat\u00eb 28.12.1998 <\/a>\u201cP\u00ebr Tatimin mbi t\u00eb Ardhurat\u201d \u2013 i ndryshuar, neni 18, parashikohet:<\/p><p>Detyrimi i tyre q\u00eb t\u00eb dor\u00ebzojn\u00eb n\u00eb organet tatimore deklarat\u00ebn tatimore dhe bilancin vjetor, n\u00eb t\u00eb nj\u00ebjtat modalitete si tatimpaguesit, q\u00eb i n\u00ebnshtrohen Tatimit mbi Fitimin.<\/p><p>Afati i fundit i dor\u00ebzimit t\u00eb deklarat\u00ebs s\u00eb Tatimit mbi Fitimin \u00ebsht\u00eb data 31 Mars e vitit pasardh\u00ebs, bashk\u00eb me pasqyrat financiare q\u00eb p\u00ebrb\u00ebjn\u00eb bilancin.<\/p><\/blockquote>\n\n\n\n<p>Fonte: <a href=\"https:\/\/www.tatime.gov.al\/c\/5\/76\/81\/informacioni-vjetor\" target=\"_blank\" rel=\"noreferrer noopener\">Direzione Generale delle Imposte.<\/a><\/p>\n\n\n<div class=\"gdlr-core-widget-box-shortcode\" style=\"color: #ffffff ;background-color: #000014 ;\"  ><h3 class=\"gdlr-core-widget-box-shortcode-title\" style=\"color: #ffffff ;\"  >Hai qualche domanda?<\/h3><div class=\"gdlr-core-widget-box-shortcode-content\" ><p class=\"translation-block\">Non esitare a <a href=\"https:\/\/alprofitconsult.al\/it\/contact\/\" target=\"_self\">contattarci. Siamo un team di esperti e saremo lieti di parlare con te.<\/p>\n<\/div><\/div>","protected":false},"excerpt":{"rendered":"<p>Informacion i p\u00ebrgjithsh\u00ebm Organizatat jofitimprur\u00ebse (OJF) dhe Entet Publike\/Nd\u00ebrmarrjet Shtet\u00ebrore, pavar\u00ebsisht natyr\u00ebs jofitimprur\u00ebse p\u00ebrgjith\u00ebsisht t\u00eb aktivitetit t\u00eb tyre, kan\u00eb p\u00ebr detyrim mbajtjen e llogarive dhe raportimin e informacioneve t\u00eb tyre sipas legjislacionit n\u00eb fuqi. K\u00ebto informacione jan\u00eb objekt i vet\u00ebdeklarimit, jan\u00eb t\u00eb r\u00ebnd\u00ebsishme sidomos kur rrjedhin nga nj\u00eb aktivitet fitimprur\u00ebs i nj\u00eb organizate fitimprur\u00ebse. N\u00eb [&hellip;]<\/p>\n","protected":false},"author":1,"featured_media":16931,"parent":16020,"menu_order":0,"comment_status":"closed","ping_status":"closed","template":"","meta":{"footnotes":""},"class_list":["post-16021","page","type-page","status-publish","has-post-thumbnail","hentry"],"yoast_head":"<!-- This site is optimized with the Yoast SEO plugin v26.5 - https:\/\/yoast.com\/wordpress\/plugins\/seo\/ -->\n<title>Informacioni vjetor - AlProfit Consult<\/title>\n<meta name=\"robots\" content=\"index, follow, max-snippet:-1, max-image-preview:large, max-video-preview:-1\" \/>\n<link rel=\"canonical\" href=\"https:\/\/alprofitconsult.al\/it\/tasse\/organizata-jofitimprurese\/deklarimi-dhe-pagesa\/informacioni-vjetor\/\" \/>\n<meta property=\"og:locale\" content=\"it_IT\" \/>\n<meta property=\"og:type\" content=\"article\" \/>\n<meta property=\"og:title\" content=\"Informacioni vjetor - AlProfit Consult\" \/>\n<meta property=\"og:description\" content=\"Informacion i p\u00ebrgjithsh\u00ebm Organizatat jofitimprur\u00ebse (OJF) dhe Entet Publike\/Nd\u00ebrmarrjet Shtet\u00ebrore, pavar\u00ebsisht natyr\u00ebs jofitimprur\u00ebse p\u00ebrgjith\u00ebsisht t\u00eb aktivitetit t\u00eb tyre, kan\u00eb p\u00ebr detyrim mbajtjen e llogarive dhe raportimin e informacioneve t\u00eb tyre sipas legjislacionit n\u00eb fuqi. K\u00ebto informacione jan\u00eb objekt i vet\u00ebdeklarimit, jan\u00eb t\u00eb r\u00ebnd\u00ebsishme sidomos kur rrjedhin nga nj\u00eb aktivitet fitimprur\u00ebs i nj\u00eb organizate fitimprur\u00ebse. N\u00eb [&hellip;]\" \/>\n<meta property=\"og:url\" content=\"https:\/\/alprofitconsult.al\/it\/tasse\/organizata-jofitimprurese\/deklarimi-dhe-pagesa\/informacioni-vjetor\/\" \/>\n<meta property=\"og:site_name\" content=\"AlProfit Consult\" \/>\n<meta property=\"article:publisher\" content=\"https:\/\/www.facebook.com\/AlProfitConsult\/\" \/>\n<meta property=\"article:modified_time\" content=\"2022-10-22T11:22:10+00:00\" \/>\n<meta property=\"og:image\" content=\"https:\/\/alprofitconsult.al\/wp-content\/uploads\/2022\/10\/AlProfit-Consult-Informacioni-vjetor-OJF.jpg\" \/>\n\t<meta property=\"og:image:width\" content=\"1920\" \/>\n\t<meta property=\"og:image:height\" content=\"1172\" \/>\n\t<meta property=\"og:image:type\" content=\"image\/jpeg\" \/>\n<meta name=\"twitter:card\" content=\"summary_large_image\" \/>\n<meta name=\"twitter:site\" content=\"@AlProfitConsult\" \/>\n<meta name=\"twitter:label1\" content=\"Tempo di lettura stimato\" \/>\n\t<meta name=\"twitter:data1\" content=\"2 minuti\" \/>\n<script type=\"application\/ld+json\" class=\"yoast-schema-graph\">{\"@context\":\"https:\/\/schema.org\",\"@graph\":[{\"@type\":\"WebPage\",\"@id\":\"https:\/\/alprofitconsult.al\/en\/tatime\/organizata-jofitimprurese\/deklarimi-dhe-pagesa\/informacioni-vjetor\/\",\"url\":\"https:\/\/alprofitconsult.al\/en\/tatime\/organizata-jofitimprurese\/deklarimi-dhe-pagesa\/informacioni-vjetor\/\",\"name\":\"Informacioni vjetor - AlProfit Consult\",\"isPartOf\":{\"@id\":\"https:\/\/alprofitconsult.al\/#website\"},\"primaryImageOfPage\":{\"@id\":\"https:\/\/alprofitconsult.al\/en\/tatime\/organizata-jofitimprurese\/deklarimi-dhe-pagesa\/informacioni-vjetor\/#primaryimage\"},\"image\":{\"@id\":\"https:\/\/alprofitconsult.al\/en\/tatime\/organizata-jofitimprurese\/deklarimi-dhe-pagesa\/informacioni-vjetor\/#primaryimage\"},\"thumbnailUrl\":\"https:\/\/alprofitconsult.al\/wp-content\/uploads\/2022\/10\/AlProfit-Consult-Informacioni-vjetor-OJF.jpg\",\"datePublished\":\"2022-10-13T14:16:37+00:00\",\"dateModified\":\"2022-10-22T11:22:10+00:00\",\"breadcrumb\":{\"@id\":\"https:\/\/alprofitconsult.al\/en\/tatime\/organizata-jofitimprurese\/deklarimi-dhe-pagesa\/informacioni-vjetor\/#breadcrumb\"},\"inLanguage\":\"it-IT\",\"potentialAction\":[{\"@type\":\"ReadAction\",\"target\":[\"https:\/\/alprofitconsult.al\/en\/tatime\/organizata-jofitimprurese\/deklarimi-dhe-pagesa\/informacioni-vjetor\/\"]}]},{\"@type\":\"ImageObject\",\"inLanguage\":\"it-IT\",\"@id\":\"https:\/\/alprofitconsult.al\/en\/tatime\/organizata-jofitimprurese\/deklarimi-dhe-pagesa\/informacioni-vjetor\/#primaryimage\",\"url\":\"https:\/\/alprofitconsult.al\/wp-content\/uploads\/2022\/10\/AlProfit-Consult-Informacioni-vjetor-OJF.jpg\",\"contentUrl\":\"https:\/\/alprofitconsult.al\/wp-content\/uploads\/2022\/10\/AlProfit-Consult-Informacioni-vjetor-OJF.jpg\",\"width\":1920,\"height\":1172},{\"@type\":\"BreadcrumbList\",\"@id\":\"https:\/\/alprofitconsult.al\/en\/tatime\/organizata-jofitimprurese\/deklarimi-dhe-pagesa\/informacioni-vjetor\/#breadcrumb\",\"itemListElement\":[{\"@type\":\"ListItem\",\"position\":1,\"name\":\"Kryefaqe\",\"item\":\"https:\/\/alprofitconsult.al\/\"},{\"@type\":\"ListItem\",\"position\":2,\"name\":\"Legjislacioni tatimor\",\"item\":\"https:\/\/alprofitconsult.al\/en\/tatime\/\"},{\"@type\":\"ListItem\",\"position\":3,\"name\":\"Organizat\u00eb Jofitimprur\u00ebse dhe Ente Publike\",\"item\":\"https:\/\/alprofitconsult.al\/en\/tatime\/organizata-jofitimprurese\/\"},{\"@type\":\"ListItem\",\"position\":4,\"name\":\"Deklarimi dhe pagesa: Organizatat Jofitimprur\u00ebse\",\"item\":\"https:\/\/alprofitconsult.al\/en\/tatime\/organizata-jofitimprurese\/deklarimi-dhe-pagesa\/\"},{\"@type\":\"ListItem\",\"position\":5,\"name\":\"Informacioni vjetor\"}]},{\"@type\":\"WebSite\",\"@id\":\"https:\/\/alprofitconsult.al\/#website\",\"url\":\"https:\/\/alprofitconsult.al\/\",\"name\":\"AlProfit Consult\",\"description\":\"Zyr\u00eb Kontabiliteti\",\"publisher\":{\"@id\":\"https:\/\/alprofitconsult.al\/#organization\"},\"potentialAction\":[{\"@type\":\"SearchAction\",\"target\":{\"@type\":\"EntryPoint\",\"urlTemplate\":\"https:\/\/alprofitconsult.al\/?s={search_term_string}\"},\"query-input\":{\"@type\":\"PropertyValueSpecification\",\"valueRequired\":true,\"valueName\":\"search_term_string\"}}],\"inLanguage\":\"it-IT\"},{\"@type\":\"Organization\",\"@id\":\"https:\/\/alprofitconsult.al\/#organization\",\"name\":\"Alprofit Consult\",\"url\":\"https:\/\/alprofitconsult.al\/\",\"logo\":{\"@type\":\"ImageObject\",\"inLanguage\":\"it-IT\",\"@id\":\"https:\/\/alprofitconsult.al\/#\/schema\/logo\/image\/\",\"url\":\"https:\/\/alprofitconsult.al\/wp-content\/uploads\/2022\/10\/logoalprofit.png\",\"contentUrl\":\"https:\/\/alprofitconsult.al\/wp-content\/uploads\/2022\/10\/logoalprofit.png\",\"width\":529,\"height\":156,\"caption\":\"Alprofit Consult\"},\"image\":{\"@id\":\"https:\/\/alprofitconsult.al\/#\/schema\/logo\/image\/\"},\"sameAs\":[\"https:\/\/www.facebook.com\/AlProfitConsult\/\",\"https:\/\/x.com\/AlProfitConsult\",\"https:\/\/www.linkedin.com\/company\/andi-haxhillari\/\",\"https:\/\/www.pinterest.com\/AlProfitConsult\/\",\"https:\/\/www.youtube.com\/channel\/UCZ5Gfntn161Nla3g1XdRldA\",\"https:\/\/sq.wikipedia.org\/wiki\/P\u00ebrdoruesi:Andi25~sqwiki\"]}]}<\/script>\n<!-- \/ Yoast SEO plugin. -->","yoast_head_json":{"title":"Informacioni vjetor - AlProfit Consult","robots":{"index":"index","follow":"follow","max-snippet":"max-snippet:-1","max-image-preview":"max-image-preview:large","max-video-preview":"max-video-preview:-1"},"canonical":"https:\/\/alprofitconsult.al\/it\/tasse\/organizata-jofitimprurese\/deklarimi-dhe-pagesa\/informacioni-vjetor\/","og_locale":"it_IT","og_type":"article","og_title":"Informacioni vjetor - AlProfit Consult","og_description":"Informacion i p\u00ebrgjithsh\u00ebm Organizatat jofitimprur\u00ebse (OJF) dhe Entet Publike\/Nd\u00ebrmarrjet Shtet\u00ebrore, pavar\u00ebsisht natyr\u00ebs jofitimprur\u00ebse p\u00ebrgjith\u00ebsisht t\u00eb aktivitetit t\u00eb tyre, kan\u00eb p\u00ebr detyrim mbajtjen e llogarive dhe raportimin e informacioneve t\u00eb tyre sipas legjislacionit n\u00eb fuqi. K\u00ebto informacione jan\u00eb objekt i vet\u00ebdeklarimit, jan\u00eb t\u00eb r\u00ebnd\u00ebsishme sidomos kur rrjedhin nga nj\u00eb aktivitet fitimprur\u00ebs i nj\u00eb organizate fitimprur\u00ebse. N\u00eb [&hellip;]","og_url":"https:\/\/alprofitconsult.al\/it\/tasse\/organizata-jofitimprurese\/deklarimi-dhe-pagesa\/informacioni-vjetor\/","og_site_name":"AlProfit Consult","article_publisher":"https:\/\/www.facebook.com\/AlProfitConsult\/","article_modified_time":"2022-10-22T11:22:10+00:00","og_image":[{"width":1920,"height":1172,"url":"https:\/\/alprofitconsult.al\/wp-content\/uploads\/2022\/10\/AlProfit-Consult-Informacioni-vjetor-OJF.jpg","type":"image\/jpeg"}],"twitter_card":"summary_large_image","twitter_site":"@AlProfitConsult","twitter_misc":{"Tempo di lettura stimato":"2 minuti"},"schema":{"@context":"https:\/\/schema.org","@graph":[{"@type":"WebPage","@id":"https:\/\/alprofitconsult.al\/en\/tatime\/organizata-jofitimprurese\/deklarimi-dhe-pagesa\/informacioni-vjetor\/","url":"https:\/\/alprofitconsult.al\/en\/tatime\/organizata-jofitimprurese\/deklarimi-dhe-pagesa\/informacioni-vjetor\/","name":"Informacioni vjetor - AlProfit Consult","isPartOf":{"@id":"https:\/\/alprofitconsult.al\/#website"},"primaryImageOfPage":{"@id":"https:\/\/alprofitconsult.al\/en\/tatime\/organizata-jofitimprurese\/deklarimi-dhe-pagesa\/informacioni-vjetor\/#primaryimage"},"image":{"@id":"https:\/\/alprofitconsult.al\/en\/tatime\/organizata-jofitimprurese\/deklarimi-dhe-pagesa\/informacioni-vjetor\/#primaryimage"},"thumbnailUrl":"https:\/\/alprofitconsult.al\/wp-content\/uploads\/2022\/10\/AlProfit-Consult-Informacioni-vjetor-OJF.jpg","datePublished":"2022-10-13T14:16:37+00:00","dateModified":"2022-10-22T11:22:10+00:00","breadcrumb":{"@id":"https:\/\/alprofitconsult.al\/en\/tatime\/organizata-jofitimprurese\/deklarimi-dhe-pagesa\/informacioni-vjetor\/#breadcrumb"},"inLanguage":"it-IT","potentialAction":[{"@type":"ReadAction","target":["https:\/\/alprofitconsult.al\/en\/tatime\/organizata-jofitimprurese\/deklarimi-dhe-pagesa\/informacioni-vjetor\/"]}]},{"@type":"ImageObject","inLanguage":"it-IT","@id":"https:\/\/alprofitconsult.al\/en\/tatime\/organizata-jofitimprurese\/deklarimi-dhe-pagesa\/informacioni-vjetor\/#primaryimage","url":"https:\/\/alprofitconsult.al\/wp-content\/uploads\/2022\/10\/AlProfit-Consult-Informacioni-vjetor-OJF.jpg","contentUrl":"https:\/\/alprofitconsult.al\/wp-content\/uploads\/2022\/10\/AlProfit-Consult-Informacioni-vjetor-OJF.jpg","width":1920,"height":1172},{"@type":"BreadcrumbList","@id":"https:\/\/alprofitconsult.al\/en\/tatime\/organizata-jofitimprurese\/deklarimi-dhe-pagesa\/informacioni-vjetor\/#breadcrumb","itemListElement":[{"@type":"ListItem","position":1,"name":"Kryefaqe","item":"https:\/\/alprofitconsult.al\/"},{"@type":"ListItem","position":2,"name":"Legjislacioni tatimor","item":"https:\/\/alprofitconsult.al\/en\/tatime\/"},{"@type":"ListItem","position":3,"name":"Organizat\u00eb Jofitimprur\u00ebse dhe Ente Publike","item":"https:\/\/alprofitconsult.al\/en\/tatime\/organizata-jofitimprurese\/"},{"@type":"ListItem","position":4,"name":"Deklarimi dhe pagesa: Organizatat Jofitimprur\u00ebse","item":"https:\/\/alprofitconsult.al\/en\/tatime\/organizata-jofitimprurese\/deklarimi-dhe-pagesa\/"},{"@type":"ListItem","position":5,"name":"Informacioni vjetor"}]},{"@type":"WebSite","@id":"https:\/\/alprofitconsult.al\/#website","url":"https:\/\/alprofitconsult.al\/","name":"AlProfit Consult","description":"Ufficio contabilit\u00e0","publisher":{"@id":"https:\/\/alprofitconsult.al\/#organization"},"potentialAction":[{"@type":"SearchAction","target":{"@type":"EntryPoint","urlTemplate":"https:\/\/alprofitconsult.al\/?s={search_term_string}"},"query-input":{"@type":"PropertyValueSpecification","valueRequired":true,"valueName":"search_term_string"}}],"inLanguage":"it-IT"},{"@type":"Organization","@id":"https:\/\/alprofitconsult.al\/#organization","name":"Alprofit Consult","url":"https:\/\/alprofitconsult.al\/","logo":{"@type":"ImageObject","inLanguage":"it-IT","@id":"https:\/\/alprofitconsult.al\/#\/schema\/logo\/image\/","url":"https:\/\/alprofitconsult.al\/wp-content\/uploads\/2022\/10\/logoalprofit.png","contentUrl":"https:\/\/alprofitconsult.al\/wp-content\/uploads\/2022\/10\/logoalprofit.png","width":529,"height":156,"caption":"Alprofit Consult"},"image":{"@id":"https:\/\/alprofitconsult.al\/#\/schema\/logo\/image\/"},"sameAs":["https:\/\/www.facebook.com\/AlProfitConsult\/","https:\/\/x.com\/AlProfitConsult","https:\/\/www.linkedin.com\/company\/andi-haxhillari\/","https:\/\/www.pinterest.com\/AlProfitConsult\/","https:\/\/www.youtube.com\/channel\/UCZ5Gfntn161Nla3g1XdRldA","https:\/\/sq.wikipedia.org\/wiki\/P\u00ebrdoruesi:Andi25~sqwiki"]}]}},"_links":{"self":[{"href":"https:\/\/alprofitconsult.al\/it\/wp-json\/wp\/v2\/pages\/16021","targetHints":{"allow":["GET"]}}],"collection":[{"href":"https:\/\/alprofitconsult.al\/it\/wp-json\/wp\/v2\/pages"}],"about":[{"href":"https:\/\/alprofitconsult.al\/it\/wp-json\/wp\/v2\/types\/page"}],"author":[{"embeddable":true,"href":"https:\/\/alprofitconsult.al\/it\/wp-json\/wp\/v2\/users\/1"}],"replies":[{"embeddable":true,"href":"https:\/\/alprofitconsult.al\/it\/wp-json\/wp\/v2\/comments?post=16021"}],"version-history":[{"count":5,"href":"https:\/\/alprofitconsult.al\/it\/wp-json\/wp\/v2\/pages\/16021\/revisions"}],"predecessor-version":[{"id":17118,"href":"https:\/\/alprofitconsult.al\/it\/wp-json\/wp\/v2\/pages\/16021\/revisions\/17118"}],"up":[{"embeddable":true,"href":"https:\/\/alprofitconsult.al\/it\/wp-json\/wp\/v2\/pages\/16020"}],"wp:featuredmedia":[{"embeddable":true,"href":"https:\/\/alprofitconsult.al\/it\/wp-json\/wp\/v2\/media\/16931"}],"wp:attachment":[{"href":"https:\/\/alprofitconsult.al\/it\/wp-json\/wp\/v2\/media?parent=16021"}],"curies":[{"name":"wp","href":"https:\/\/api.w.org\/{rel}","templated":true}]}}