{"id":16022,"date":"2022-10-13T14:16:37","date_gmt":"2022-10-13T14:16:37","guid":{"rendered":"https:\/\/alprofitconsult.al\/?page_id=16022"},"modified":"2022-10-22T11:22:27","modified_gmt":"2022-10-22T11:22:27","slug":"llojet-e-detyrimeve-tatimore","status":"publish","type":"page","link":"https:\/\/alprofitconsult.al\/it\/tatime\/organizata-jofitimprurese\/deklarimi-dhe-pagesa\/llojet-e-detyrimeve-tatimore\/","title":{"rendered":"Llojet e detyrimeve tatimore"},"content":{"rendered":"<div class=\"yoast-breadcrumbs\"><span><span><a href=\"https:\/\/alprofitconsult.al\/it\/\">Home page<\/a><\/span> | <span><a href=\"https:\/\/alprofitconsult.al\/en\/tatime\/\">Normativa fiscale<\/a><\/span> | <span><a href=\"https:\/\/alprofitconsult.al\/en\/tatime\/organizata-jofitimprurese\/\">Organizat\u00eb Jofitimprur\u00ebse dhe Ente Publike<\/a><\/span> | <span><a href=\"https:\/\/alprofitconsult.al\/en\/tatime\/organizata-jofitimprurese\/deklarimi-dhe-pagesa\/\">Deklarimi dhe pagesa: Organizatat Jofitimprur\u00ebse<\/a><\/span> | <span class=\"breadcrumb_last\" aria-current=\"page\">Llojet e detyrimeve tatimore<\/span><\/span><\/div>\n\n\n<p><\/p>\n\n\n\n<figure class=\"wp-block-image size-large\"><img loading=\"lazy\" decoding=\"async\" width=\"1024\" height=\"682\" src=\"https:\/\/alprofitconsult.al\/wp-content\/uploads\/2022\/10\/AlProfit-Consult-Llojet-e-detyrimeve-tatimore-OJF-1024x682.jpg\" alt=\"\" class=\"wp-image-16936\" srcset=\"https:\/\/alprofitconsult.al\/wp-content\/uploads\/2022\/10\/AlProfit-Consult-Llojet-e-detyrimeve-tatimore-OJF-1024x682.jpg 1024w, https:\/\/alprofitconsult.al\/wp-content\/uploads\/2022\/10\/AlProfit-Consult-Llojet-e-detyrimeve-tatimore-OJF-300x200.jpg 300w, https:\/\/alprofitconsult.al\/wp-content\/uploads\/2022\/10\/AlProfit-Consult-Llojet-e-detyrimeve-tatimore-OJF-150x100.jpg 150w, https:\/\/alprofitconsult.al\/wp-content\/uploads\/2022\/10\/AlProfit-Consult-Llojet-e-detyrimeve-tatimore-OJF-768x511.jpg 768w, https:\/\/alprofitconsult.al\/wp-content\/uploads\/2022\/10\/AlProfit-Consult-Llojet-e-detyrimeve-tatimore-OJF-1536x1022.jpg 1536w, https:\/\/alprofitconsult.al\/wp-content\/uploads\/2022\/10\/AlProfit-Consult-Llojet-e-detyrimeve-tatimore-OJF.jpg 1920w\" sizes=\"auto, (max-width: 1024px) 100vw, 1024px\" \/><\/figure>\n\n\n\n<p>Nj\u00eb OJF apo Ent Publik, mund dhe duhet t\u00eb sigurohet edhe p\u00ebr regjistrimin e p\u00ebrgjegj\u00ebsive tatimore t\u00eb tjera q\u00eb i takojn\u00eb, sipas legjislacionit n\u00eb fuqi, n\u00eb p\u00ebrputhje me veprimtarin\u00eb q\u00eb ushtron.<\/p>\n\n\n\n<p>N\u00eb rast t\u00eb kryerjes t\u00eb nj\u00eb aktiviteti fitimprur\u00ebs, detyrimet tatimore p\u00ebr t\u00eb cilat nj\u00eb organizat\u00eb joftimprur\u00ebse \u00ebsht\u00eb e ngarkuar me p\u00ebrgjegj\u00ebsi tatimore, jan\u00eb:<\/p>\n\n\n\n<ul class=\"wp-block-list\"><li>Kontributet e sigurimeve shoq\u00ebrore, jan\u00eb detyrim p\u00ebr \u00e7do t\u00eb pun\u00ebsuar e pun\u00ebdh\u00ebn\u00ebs. Ato paguhen pjes\u00ebrisht nga pun\u00ebdh\u00ebn\u00ebsi dhe pjes\u00ebrisht nga pun\u00ebmarr\u00ebsi, sipas p\u00ebrcaktimeve ligjore.<\/li><li>Kontributet e sigurimeve sh\u00ebndet\u00ebsore, jan\u00eb detyrim p\u00ebr \u00e7do t\u00eb pun\u00ebsuar e pun\u00ebdh\u00ebn\u00ebs. Edhe ky lloj tatimi paguhet pjes\u00ebrisht nga pun\u00ebdh\u00ebn\u00ebsi dhe pjes\u00ebrisht nga pun\u00ebmarr\u00ebsi sipas p\u00ebrcaktimeve ligjore.<\/li><li>Tatimi mbi t\u00eb Ardhurat nga Pun\u00ebsimi (pjes\u00eb e tatimit mbi t\u00eb ardhurat personale), mbahet p\u00ebr p\u00ebrfitimin e t\u00eb ardhurave nga paga e shp\u00ebrblimet, t\u00eb cilat rrjedhin nga marr\u00ebdh\u00ebniet e pun\u00ebsimit.<\/li><\/ul>\n\n\n\n<blockquote class=\"wp-block-quote is-layout-flow wp-block-quote-is-layout-flow\"><p>Pavar\u00ebsisht natyr\u00ebs s\u00eb aktivitetit fitimprur\u00ebs apo jo fitimprur\u00ebs, kontributet e sigurimeve shoq\u00ebrore dhe sh\u00ebndet\u00ebsore, si dhe tatimi mbi t\u00eb ardhurat nga pun\u00ebsimi (t\u00eb ardhurat personale), jan\u00eb p\u00ebrgjegj\u00ebsi tatimore t\u00eb detyrueshme.<br>\u00c7do OJF b\u00ebn pjes\u00eb n\u00eb kategorin\u00eb \u201cpun\u00ebdh\u00ebn\u00ebs\u201d.<\/p><\/blockquote>\n\n\n\n<h4 class=\"wp-block-heading\">Tatimi mbi Vler\u00ebn e Shtuar<\/h4>\n\n\n\n<p>OJF \u00ebsht\u00eb e detyruar t\u00eb regjistrohet p\u00ebr TVSH n\u00eb rast se kryen aktivitet ekonomik, t\u00eb tatuesh\u00ebm, furnizon mallra ose ofron sh\u00ebrbime kundrejt pages\u00ebs sipas p\u00ebrcaktimeve t\u00eb ligjit 92\/2014 \u201cP\u00ebr Tatimin mbi Vler\u00ebn e Shtuar\u201d.<\/p>\n\n\n\n<h4 class=\"wp-block-heading\">Tatimi mbi fitimin<\/h4>\n\n\n\n<p> OJF \u00ebsht\u00eb e detyruar t\u00eb regjistrohet n\u00eb p\u00ebrgjegj\u00ebsin\u00eb tatimore p\u00ebr Tatimin mbi Fitimin, n\u00eb rast se kryen aktivitet ekonomik dhe realizon t\u00eb ardhura t\u00eb tatueshme sipas p\u00ebrcaktimeve t\u00eb ligjit 8438, Dat\u00eb 28.12.1998 \u201cP\u00ebr Tatimin mbi t\u00eb Ardhurat.\u201d<\/p>\n\n\n\n<h4 class=\"wp-block-heading\">Tatimi n\u00eb Burim<\/h4>\n\n\n\n<p>Mbajtja e tatimit n\u00eb burim drejtp\u00ebrdrejt lidhet me taksimin mbi t\u00eb ardhurat personale t\u00eb individ\u00ebve. Kryesisht kjo teknik\u00eb e pages\u00ebs s\u00eb tatimit, zbatohet p\u00ebr mbajtjen e tatimit n\u00eb burim p\u00ebr pagesa q\u00eb lidhen me sh\u00ebrbime t\u00eb llojeve t\u00eb ndryshme t\u00eb kryera nga persona t\u00eb tret\u00eb, t\u00eb paregjistruar n\u00eb organet tatimore, n\u00eb cil\u00ebsin\u00eb e tregtarit.<\/p>\n\n\n\n<p>T\u00eb tilla mund t\u00eb jen\u00eb pagesa p\u00ebr ambiente t\u00eb marra me qira, p\u00ebrfitime nga antar\u00ebsimi n\u00eb nj\u00eb k\u00ebshill mbik\u00ebqyr\u00ebs, etj.<\/p>\n\n\n\n<h2 class=\"wp-block-heading\">OJF p\u00ebrjashtohet nga tatimet e m\u00ebposhtme<\/h2>\n\n\n\n<ul class=\"wp-block-list\"><li>Nga TVSH, p\u00ebr furnizime t\u00eb mallrave dhe kryerje t\u00eb sh\u00ebrbimeve parashikuar n\u00eb dispozitat e ligjit <a href=\"https:\/\/alprofitconsult.al\/wp-content\/uploads\/2022\/10\/Ligj-Nr-92-2014-date-24.7.2014-Per-tatimin-mbi-vleren-e-shtuar-ne-Republiken-e-Shqiperise-i-ndryshuar-1.pdf\" target=\"_blank\" rel=\"noreferrer noopener\">nr. 92\/2014 <\/a>\u201cP\u00ebr Tatimin mbi Vler\u00ebn e Shtuar\u201d<\/li><li>Tatimi mbi Fitimin, p\u00ebr rastet e p\u00ebrcaktuara n\u00eb dispozitat e ligjit <a href=\"https:\/\/alprofitconsult.al\/wp-content\/uploads\/2020\/03\/LIGJ-nr-8438-date-28.12.1998-Per-tatimin-mbi-te-ardhurat-i-ndryshuar.pdf\" target=\"_blank\" rel=\"noreferrer noopener\">nr. 8438, dat\u00eb 28.12.1998<\/a> \u201cP\u00ebr Tatimin mbi t\u00eb ardhurat\u201d.<\/li><\/ul>\n\n\n\n<p>Fonte: <a href=\"https:\/\/www.tatime.gov.al\/c\/5\/76\/82\/llojet-e-detyrimeve-tatimore\" target=\"_blank\" rel=\"noreferrer noopener\">Direzione Generale delle Imposte.<\/a><\/p>\n\n\n<div class=\"gdlr-core-widget-box-shortcode\" style=\"color: #ffffff ;background-color: #000014 ;\"  ><h3 class=\"gdlr-core-widget-box-shortcode-title\" style=\"color: #ffffff ;\"  >Hai qualche domanda?<\/h3><div class=\"gdlr-core-widget-box-shortcode-content\" ><p class=\"translation-block\">Non esitare a <a href=\"https:\/\/alprofitconsult.al\/it\/contact\/\" target=\"_self\">contattarci. Siamo un team di esperti e saremo lieti di parlare con te.<\/p>\n<\/div><\/div>","protected":false},"excerpt":{"rendered":"<p>Nj\u00eb OJF apo Ent Publik, mund dhe duhet t\u00eb sigurohet edhe p\u00ebr regjistrimin e p\u00ebrgjegj\u00ebsive tatimore t\u00eb tjera q\u00eb i takojn\u00eb, sipas legjislacionit n\u00eb fuqi, n\u00eb p\u00ebrputhje me veprimtarin\u00eb q\u00eb ushtron. N\u00eb rast t\u00eb kryerjes t\u00eb nj\u00eb aktiviteti fitimprur\u00ebs, detyrimet tatimore p\u00ebr t\u00eb cilat nj\u00eb organizat\u00eb joftimprur\u00ebse \u00ebsht\u00eb e ngarkuar me p\u00ebrgjegj\u00ebsi tatimore, jan\u00eb: Kontributet [&hellip;]<\/p>\n","protected":false},"author":1,"featured_media":16936,"parent":16020,"menu_order":0,"comment_status":"closed","ping_status":"closed","template":"","meta":{"footnotes":""},"class_list":["post-16022","page","type-page","status-publish","has-post-thumbnail","hentry"],"yoast_head":"<!-- This site is optimized with the Yoast SEO plugin v26.5 - https:\/\/yoast.com\/wordpress\/plugins\/seo\/ -->\n<title>Llojet e detyrimeve tatimore - AlProfit Consult<\/title>\n<meta name=\"robots\" content=\"index, follow, max-snippet:-1, max-image-preview:large, max-video-preview:-1\" \/>\n<link rel=\"canonical\" href=\"https:\/\/alprofitconsult.al\/it\/tasse\/organizata-jofitimprurese\/deklarimi-dhe-pagesa\/llojet-e-detyrimeve-tatimore\/\" \/>\n<meta property=\"og:locale\" content=\"it_IT\" \/>\n<meta property=\"og:type\" content=\"article\" \/>\n<meta property=\"og:title\" content=\"Llojet e detyrimeve tatimore - AlProfit Consult\" \/>\n<meta property=\"og:description\" content=\"Nj\u00eb OJF apo Ent Publik, mund dhe duhet t\u00eb sigurohet edhe p\u00ebr regjistrimin e p\u00ebrgjegj\u00ebsive tatimore t\u00eb tjera q\u00eb i takojn\u00eb, sipas legjislacionit n\u00eb fuqi, n\u00eb p\u00ebrputhje me veprimtarin\u00eb q\u00eb ushtron. N\u00eb rast t\u00eb kryerjes t\u00eb nj\u00eb aktiviteti fitimprur\u00ebs, detyrimet tatimore p\u00ebr t\u00eb cilat nj\u00eb organizat\u00eb joftimprur\u00ebse \u00ebsht\u00eb e ngarkuar me p\u00ebrgjegj\u00ebsi tatimore, jan\u00eb: Kontributet [&hellip;]\" \/>\n<meta property=\"og:url\" content=\"https:\/\/alprofitconsult.al\/it\/tasse\/organizata-jofitimprurese\/deklarimi-dhe-pagesa\/llojet-e-detyrimeve-tatimore\/\" \/>\n<meta property=\"og:site_name\" content=\"AlProfit Consult\" \/>\n<meta property=\"article:publisher\" content=\"https:\/\/www.facebook.com\/AlProfitConsult\/\" \/>\n<meta property=\"article:modified_time\" content=\"2022-10-22T11:22:27+00:00\" \/>\n<meta property=\"og:image\" content=\"https:\/\/alprofitconsult.al\/wp-content\/uploads\/2022\/10\/AlProfit-Consult-Llojet-e-detyrimeve-tatimore-OJF.jpg\" \/>\n\t<meta property=\"og:image:width\" content=\"1920\" \/>\n\t<meta property=\"og:image:height\" content=\"1278\" \/>\n\t<meta property=\"og:image:type\" content=\"image\/jpeg\" \/>\n<meta name=\"twitter:card\" content=\"summary_large_image\" \/>\n<meta name=\"twitter:site\" content=\"@AlProfitConsult\" \/>\n<meta name=\"twitter:label1\" content=\"Tempo di lettura stimato\" \/>\n\t<meta name=\"twitter:data1\" content=\"3 minuti\" \/>\n<script type=\"application\/ld+json\" class=\"yoast-schema-graph\">{\"@context\":\"https:\/\/schema.org\",\"@graph\":[{\"@type\":\"WebPage\",\"@id\":\"https:\/\/alprofitconsult.al\/en\/tatime\/organizata-jofitimprurese\/deklarimi-dhe-pagesa\/llojet-e-detyrimeve-tatimore\/\",\"url\":\"https:\/\/alprofitconsult.al\/en\/tatime\/organizata-jofitimprurese\/deklarimi-dhe-pagesa\/llojet-e-detyrimeve-tatimore\/\",\"name\":\"Llojet e detyrimeve tatimore - AlProfit Consult\",\"isPartOf\":{\"@id\":\"https:\/\/alprofitconsult.al\/#website\"},\"primaryImageOfPage\":{\"@id\":\"https:\/\/alprofitconsult.al\/en\/tatime\/organizata-jofitimprurese\/deklarimi-dhe-pagesa\/llojet-e-detyrimeve-tatimore\/#primaryimage\"},\"image\":{\"@id\":\"https:\/\/alprofitconsult.al\/en\/tatime\/organizata-jofitimprurese\/deklarimi-dhe-pagesa\/llojet-e-detyrimeve-tatimore\/#primaryimage\"},\"thumbnailUrl\":\"https:\/\/alprofitconsult.al\/wp-content\/uploads\/2022\/10\/AlProfit-Consult-Llojet-e-detyrimeve-tatimore-OJF.jpg\",\"datePublished\":\"2022-10-13T14:16:37+00:00\",\"dateModified\":\"2022-10-22T11:22:27+00:00\",\"breadcrumb\":{\"@id\":\"https:\/\/alprofitconsult.al\/en\/tatime\/organizata-jofitimprurese\/deklarimi-dhe-pagesa\/llojet-e-detyrimeve-tatimore\/#breadcrumb\"},\"inLanguage\":\"it-IT\",\"potentialAction\":[{\"@type\":\"ReadAction\",\"target\":[\"https:\/\/alprofitconsult.al\/en\/tatime\/organizata-jofitimprurese\/deklarimi-dhe-pagesa\/llojet-e-detyrimeve-tatimore\/\"]}]},{\"@type\":\"ImageObject\",\"inLanguage\":\"it-IT\",\"@id\":\"https:\/\/alprofitconsult.al\/en\/tatime\/organizata-jofitimprurese\/deklarimi-dhe-pagesa\/llojet-e-detyrimeve-tatimore\/#primaryimage\",\"url\":\"https:\/\/alprofitconsult.al\/wp-content\/uploads\/2022\/10\/AlProfit-Consult-Llojet-e-detyrimeve-tatimore-OJF.jpg\",\"contentUrl\":\"https:\/\/alprofitconsult.al\/wp-content\/uploads\/2022\/10\/AlProfit-Consult-Llojet-e-detyrimeve-tatimore-OJF.jpg\",\"width\":1920,\"height\":1278},{\"@type\":\"BreadcrumbList\",\"@id\":\"https:\/\/alprofitconsult.al\/en\/tatime\/organizata-jofitimprurese\/deklarimi-dhe-pagesa\/llojet-e-detyrimeve-tatimore\/#breadcrumb\",\"itemListElement\":[{\"@type\":\"ListItem\",\"position\":1,\"name\":\"Kryefaqe\",\"item\":\"https:\/\/alprofitconsult.al\/\"},{\"@type\":\"ListItem\",\"position\":2,\"name\":\"Legjislacioni tatimor\",\"item\":\"https:\/\/alprofitconsult.al\/en\/tatime\/\"},{\"@type\":\"ListItem\",\"position\":3,\"name\":\"Organizat\u00eb Jofitimprur\u00ebse dhe Ente Publike\",\"item\":\"https:\/\/alprofitconsult.al\/en\/tatime\/organizata-jofitimprurese\/\"},{\"@type\":\"ListItem\",\"position\":4,\"name\":\"Deklarimi dhe pagesa: Organizatat Jofitimprur\u00ebse\",\"item\":\"https:\/\/alprofitconsult.al\/en\/tatime\/organizata-jofitimprurese\/deklarimi-dhe-pagesa\/\"},{\"@type\":\"ListItem\",\"position\":5,\"name\":\"Llojet e detyrimeve tatimore\"}]},{\"@type\":\"WebSite\",\"@id\":\"https:\/\/alprofitconsult.al\/#website\",\"url\":\"https:\/\/alprofitconsult.al\/\",\"name\":\"AlProfit Consult\",\"description\":\"Zyr\u00eb Kontabiliteti\",\"publisher\":{\"@id\":\"https:\/\/alprofitconsult.al\/#organization\"},\"potentialAction\":[{\"@type\":\"SearchAction\",\"target\":{\"@type\":\"EntryPoint\",\"urlTemplate\":\"https:\/\/alprofitconsult.al\/?s={search_term_string}\"},\"query-input\":{\"@type\":\"PropertyValueSpecification\",\"valueRequired\":true,\"valueName\":\"search_term_string\"}}],\"inLanguage\":\"it-IT\"},{\"@type\":\"Organization\",\"@id\":\"https:\/\/alprofitconsult.al\/#organization\",\"name\":\"Alprofit Consult\",\"url\":\"https:\/\/alprofitconsult.al\/\",\"logo\":{\"@type\":\"ImageObject\",\"inLanguage\":\"it-IT\",\"@id\":\"https:\/\/alprofitconsult.al\/#\/schema\/logo\/image\/\",\"url\":\"https:\/\/alprofitconsult.al\/wp-content\/uploads\/2022\/10\/logoalprofit.png\",\"contentUrl\":\"https:\/\/alprofitconsult.al\/wp-content\/uploads\/2022\/10\/logoalprofit.png\",\"width\":529,\"height\":156,\"caption\":\"Alprofit Consult\"},\"image\":{\"@id\":\"https:\/\/alprofitconsult.al\/#\/schema\/logo\/image\/\"},\"sameAs\":[\"https:\/\/www.facebook.com\/AlProfitConsult\/\",\"https:\/\/x.com\/AlProfitConsult\",\"https:\/\/www.linkedin.com\/company\/andi-haxhillari\/\",\"https:\/\/www.pinterest.com\/AlProfitConsult\/\",\"https:\/\/www.youtube.com\/channel\/UCZ5Gfntn161Nla3g1XdRldA\",\"https:\/\/sq.wikipedia.org\/wiki\/P\u00ebrdoruesi:Andi25~sqwiki\"]}]}<\/script>\n<!-- \/ Yoast SEO plugin. -->","yoast_head_json":{"title":"Llojet e detyrimeve tatimore - AlProfit Consult","robots":{"index":"index","follow":"follow","max-snippet":"max-snippet:-1","max-image-preview":"max-image-preview:large","max-video-preview":"max-video-preview:-1"},"canonical":"https:\/\/alprofitconsult.al\/it\/tasse\/organizata-jofitimprurese\/deklarimi-dhe-pagesa\/llojet-e-detyrimeve-tatimore\/","og_locale":"it_IT","og_type":"article","og_title":"Llojet e detyrimeve tatimore - AlProfit Consult","og_description":"Nj\u00eb OJF apo Ent Publik, mund dhe duhet t\u00eb sigurohet edhe p\u00ebr regjistrimin e p\u00ebrgjegj\u00ebsive tatimore t\u00eb tjera q\u00eb i takojn\u00eb, sipas legjislacionit n\u00eb fuqi, n\u00eb p\u00ebrputhje me veprimtarin\u00eb q\u00eb ushtron. N\u00eb rast t\u00eb kryerjes t\u00eb nj\u00eb aktiviteti fitimprur\u00ebs, detyrimet tatimore p\u00ebr t\u00eb cilat nj\u00eb organizat\u00eb joftimprur\u00ebse \u00ebsht\u00eb e ngarkuar me p\u00ebrgjegj\u00ebsi tatimore, jan\u00eb: Kontributet [&hellip;]","og_url":"https:\/\/alprofitconsult.al\/it\/tasse\/organizata-jofitimprurese\/deklarimi-dhe-pagesa\/llojet-e-detyrimeve-tatimore\/","og_site_name":"AlProfit Consult","article_publisher":"https:\/\/www.facebook.com\/AlProfitConsult\/","article_modified_time":"2022-10-22T11:22:27+00:00","og_image":[{"width":1920,"height":1278,"url":"https:\/\/alprofitconsult.al\/wp-content\/uploads\/2022\/10\/AlProfit-Consult-Llojet-e-detyrimeve-tatimore-OJF.jpg","type":"image\/jpeg"}],"twitter_card":"summary_large_image","twitter_site":"@AlProfitConsult","twitter_misc":{"Tempo di lettura stimato":"3 minuti"},"schema":{"@context":"https:\/\/schema.org","@graph":[{"@type":"WebPage","@id":"https:\/\/alprofitconsult.al\/en\/tatime\/organizata-jofitimprurese\/deklarimi-dhe-pagesa\/llojet-e-detyrimeve-tatimore\/","url":"https:\/\/alprofitconsult.al\/en\/tatime\/organizata-jofitimprurese\/deklarimi-dhe-pagesa\/llojet-e-detyrimeve-tatimore\/","name":"Llojet e detyrimeve tatimore - AlProfit Consult","isPartOf":{"@id":"https:\/\/alprofitconsult.al\/#website"},"primaryImageOfPage":{"@id":"https:\/\/alprofitconsult.al\/en\/tatime\/organizata-jofitimprurese\/deklarimi-dhe-pagesa\/llojet-e-detyrimeve-tatimore\/#primaryimage"},"image":{"@id":"https:\/\/alprofitconsult.al\/en\/tatime\/organizata-jofitimprurese\/deklarimi-dhe-pagesa\/llojet-e-detyrimeve-tatimore\/#primaryimage"},"thumbnailUrl":"https:\/\/alprofitconsult.al\/wp-content\/uploads\/2022\/10\/AlProfit-Consult-Llojet-e-detyrimeve-tatimore-OJF.jpg","datePublished":"2022-10-13T14:16:37+00:00","dateModified":"2022-10-22T11:22:27+00:00","breadcrumb":{"@id":"https:\/\/alprofitconsult.al\/en\/tatime\/organizata-jofitimprurese\/deklarimi-dhe-pagesa\/llojet-e-detyrimeve-tatimore\/#breadcrumb"},"inLanguage":"it-IT","potentialAction":[{"@type":"ReadAction","target":["https:\/\/alprofitconsult.al\/en\/tatime\/organizata-jofitimprurese\/deklarimi-dhe-pagesa\/llojet-e-detyrimeve-tatimore\/"]}]},{"@type":"ImageObject","inLanguage":"it-IT","@id":"https:\/\/alprofitconsult.al\/en\/tatime\/organizata-jofitimprurese\/deklarimi-dhe-pagesa\/llojet-e-detyrimeve-tatimore\/#primaryimage","url":"https:\/\/alprofitconsult.al\/wp-content\/uploads\/2022\/10\/AlProfit-Consult-Llojet-e-detyrimeve-tatimore-OJF.jpg","contentUrl":"https:\/\/alprofitconsult.al\/wp-content\/uploads\/2022\/10\/AlProfit-Consult-Llojet-e-detyrimeve-tatimore-OJF.jpg","width":1920,"height":1278},{"@type":"BreadcrumbList","@id":"https:\/\/alprofitconsult.al\/en\/tatime\/organizata-jofitimprurese\/deklarimi-dhe-pagesa\/llojet-e-detyrimeve-tatimore\/#breadcrumb","itemListElement":[{"@type":"ListItem","position":1,"name":"Kryefaqe","item":"https:\/\/alprofitconsult.al\/"},{"@type":"ListItem","position":2,"name":"Legjislacioni tatimor","item":"https:\/\/alprofitconsult.al\/en\/tatime\/"},{"@type":"ListItem","position":3,"name":"Organizat\u00eb Jofitimprur\u00ebse dhe Ente Publike","item":"https:\/\/alprofitconsult.al\/en\/tatime\/organizata-jofitimprurese\/"},{"@type":"ListItem","position":4,"name":"Deklarimi dhe pagesa: Organizatat Jofitimprur\u00ebse","item":"https:\/\/alprofitconsult.al\/en\/tatime\/organizata-jofitimprurese\/deklarimi-dhe-pagesa\/"},{"@type":"ListItem","position":5,"name":"Llojet e detyrimeve tatimore"}]},{"@type":"WebSite","@id":"https:\/\/alprofitconsult.al\/#website","url":"https:\/\/alprofitconsult.al\/","name":"AlProfit Consult","description":"Ufficio contabilit\u00e0","publisher":{"@id":"https:\/\/alprofitconsult.al\/#organization"},"potentialAction":[{"@type":"SearchAction","target":{"@type":"EntryPoint","urlTemplate":"https:\/\/alprofitconsult.al\/?s={search_term_string}"},"query-input":{"@type":"PropertyValueSpecification","valueRequired":true,"valueName":"search_term_string"}}],"inLanguage":"it-IT"},{"@type":"Organization","@id":"https:\/\/alprofitconsult.al\/#organization","name":"Alprofit Consult","url":"https:\/\/alprofitconsult.al\/","logo":{"@type":"ImageObject","inLanguage":"it-IT","@id":"https:\/\/alprofitconsult.al\/#\/schema\/logo\/image\/","url":"https:\/\/alprofitconsult.al\/wp-content\/uploads\/2022\/10\/logoalprofit.png","contentUrl":"https:\/\/alprofitconsult.al\/wp-content\/uploads\/2022\/10\/logoalprofit.png","width":529,"height":156,"caption":"Alprofit Consult"},"image":{"@id":"https:\/\/alprofitconsult.al\/#\/schema\/logo\/image\/"},"sameAs":["https:\/\/www.facebook.com\/AlProfitConsult\/","https:\/\/x.com\/AlProfitConsult","https:\/\/www.linkedin.com\/company\/andi-haxhillari\/","https:\/\/www.pinterest.com\/AlProfitConsult\/","https:\/\/www.youtube.com\/channel\/UCZ5Gfntn161Nla3g1XdRldA","https:\/\/sq.wikipedia.org\/wiki\/P\u00ebrdoruesi:Andi25~sqwiki"]}]}},"_links":{"self":[{"href":"https:\/\/alprofitconsult.al\/it\/wp-json\/wp\/v2\/pages\/16022","targetHints":{"allow":["GET"]}}],"collection":[{"href":"https:\/\/alprofitconsult.al\/it\/wp-json\/wp\/v2\/pages"}],"about":[{"href":"https:\/\/alprofitconsult.al\/it\/wp-json\/wp\/v2\/types\/page"}],"author":[{"embeddable":true,"href":"https:\/\/alprofitconsult.al\/it\/wp-json\/wp\/v2\/users\/1"}],"replies":[{"embeddable":true,"href":"https:\/\/alprofitconsult.al\/it\/wp-json\/wp\/v2\/comments?post=16022"}],"version-history":[{"count":4,"href":"https:\/\/alprofitconsult.al\/it\/wp-json\/wp\/v2\/pages\/16022\/revisions"}],"predecessor-version":[{"id":17119,"href":"https:\/\/alprofitconsult.al\/it\/wp-json\/wp\/v2\/pages\/16022\/revisions\/17119"}],"up":[{"embeddable":true,"href":"https:\/\/alprofitconsult.al\/it\/wp-json\/wp\/v2\/pages\/16020"}],"wp:featuredmedia":[{"embeddable":true,"href":"https:\/\/alprofitconsult.al\/it\/wp-json\/wp\/v2\/media\/16936"}],"wp:attachment":[{"href":"https:\/\/alprofitconsult.al\/it\/wp-json\/wp\/v2\/media?parent=16022"}],"curies":[{"name":"wp","href":"https:\/\/api.w.org\/{rel}","templated":true}]}}