{"id":16023,"date":"2022-10-13T14:16:37","date_gmt":"2022-10-13T14:16:37","guid":{"rendered":"https:\/\/alprofitconsult.al\/?page_id=16023"},"modified":"2022-10-22T11:22:43","modified_gmt":"2022-10-22T11:22:43","slug":"deklarimi-dhe-pagesat-e-tatimeve","status":"publish","type":"page","link":"https:\/\/alprofitconsult.al\/it\/tatime\/organizata-jofitimprurese\/deklarimi-dhe-pagesa\/deklarimi-dhe-pagesat-e-tatimeve\/","title":{"rendered":"Deklarimi dhe pagesat e tatimeve"},"content":{"rendered":"<div class=\"yoast-breadcrumbs\"><span><span><a href=\"https:\/\/alprofitconsult.al\/it\/\">Home page<\/a><\/span> | <span><a href=\"https:\/\/alprofitconsult.al\/en\/tatime\/\">Normativa fiscale<\/a><\/span> | <span><a href=\"https:\/\/alprofitconsult.al\/en\/tatime\/organizata-jofitimprurese\/\">Organizat\u00eb Jofitimprur\u00ebse dhe Ente Publike<\/a><\/span> | <span><a href=\"https:\/\/alprofitconsult.al\/en\/tatime\/organizata-jofitimprurese\/deklarimi-dhe-pagesa\/\">Deklarimi dhe pagesa: Organizatat Jofitimprur\u00ebse<\/a><\/span> | <span class=\"breadcrumb_last\" aria-current=\"page\">Deklarimi dhe pagesat e tatimeve<\/span><\/span><\/div>\n\n\n<p><\/p>\n\n\n\n<figure class=\"wp-block-image size-large\"><img loading=\"lazy\" decoding=\"async\" width=\"1024\" height=\"693\" src=\"https:\/\/alprofitconsult.al\/wp-content\/uploads\/2022\/10\/AlProfit-Consult-Deklarimi-dhe-pagesat-e-tatimeve-OJF-1024x693.jpg\" alt=\"\" class=\"wp-image-16940\" srcset=\"https:\/\/alprofitconsult.al\/wp-content\/uploads\/2022\/10\/AlProfit-Consult-Deklarimi-dhe-pagesat-e-tatimeve-OJF-1024x693.jpg 1024w, https:\/\/alprofitconsult.al\/wp-content\/uploads\/2022\/10\/AlProfit-Consult-Deklarimi-dhe-pagesat-e-tatimeve-OJF-300x203.jpg 300w, https:\/\/alprofitconsult.al\/wp-content\/uploads\/2022\/10\/AlProfit-Consult-Deklarimi-dhe-pagesat-e-tatimeve-OJF-150x102.jpg 150w, https:\/\/alprofitconsult.al\/wp-content\/uploads\/2022\/10\/AlProfit-Consult-Deklarimi-dhe-pagesat-e-tatimeve-OJF-768x520.jpg 768w, https:\/\/alprofitconsult.al\/wp-content\/uploads\/2022\/10\/AlProfit-Consult-Deklarimi-dhe-pagesat-e-tatimeve-OJF-1536x1040.jpg 1536w, https:\/\/alprofitconsult.al\/wp-content\/uploads\/2022\/10\/AlProfit-Consult-Deklarimi-dhe-pagesat-e-tatimeve-OJF.jpg 1920w\" sizes=\"auto, (max-width: 1024px) 100vw, 1024px\" \/><\/figure>\n\n\n\n<h2 class=\"wp-block-heading\">P\u00ebr Organizatat Jofitimprur\u00ebse<\/h2>\n\n\n\n<p>Dor\u00ebzimi i deklaratave tatimore b\u00ebhet vet\u00ebm n\u00eb m\u00ebnyr\u00eb elektronike.<\/p>\n\n\n\n<p>P\u00ebr pajisjen me fjal\u00ebkalim, si dhe p\u00ebr rivendosje t\u00eb tij (n\u00eb rast harrese) subjekti duhet t\u2019i drejtohet sporteleve t\u00eb sh\u00ebrbimit t\u00eb tatimpaguesve pran\u00eb DRT-s\u00eb s\u00eb juridiksionit, ose mund ta ndryshoj\u00eb online n\u00ebp\u00ebrmjet e-filing ose e-albania.duke p\u00ebrdorur sh\u00ebrbimin \u201cRivendosje fjal\u00ebkalimi p\u00ebr tatimpagues t\u00eb regjistruar\u201d.<\/p>\n\n\n\n<p>Tatimpaguesi, organizat\u00eb jofitimprur\u00ebse, dor\u00ebzon deklarata vet\u00ebm p\u00ebr llojet e tatimeve p\u00ebr t\u00eb cil\u00ebt \u00ebsht\u00eb p\u00ebrgjegj\u00ebs.<\/p>\n\n\n\n<p>Llojet e deklaratave dhe afatet e dor\u00ebzimit t\u00eb tyre jan\u00eb:<\/p>\n\n\n\n<p>i) E-SIG 027 \u00ebsht\u00eb formulari q\u00eb sh\u00ebrben p\u00ebr deklarimin e punonj\u00ebsve p\u00ebr her\u00eb t\u00eb par\u00eb pas regjistrimit, p\u00ebr marrjen n\u00eb pun\u00eb dhe p\u00ebr largimin e tyre. Pas regjistrimit fillestar, \u00e7do tatimpagues duhet t\u00eb b\u00ebj\u00eb deklarimin e administratorit dhe t\u00eb punonj\u00ebsve duke dor\u00ebzuar elektronikisht formularin E-SIG 027.<\/p>\n\n\n\n<blockquote class=\"wp-block-quote is-layout-flow wp-block-quote-is-layout-flow\"><p>\u25a0 Dor\u00ebzimi i E-SIG 027 p\u00ebr her\u00eb t\u00eb par\u00eb (fillimi i aktivitetit)- jo m\u00eb von\u00eb se 48 or\u00eb nga data e regjistrimit n\u00eb organet tatimore.<br>\u25a0 Dor\u00ebzimi i E-SIG 027n\u00eb vijim (marrje ose largim nga puna)- t\u00eb pakt\u00eb 1 dit\u00eb kalendarike p\u00ebrpara marrjes n\u00eb pun\u00eb dhe jo m\u00eb von\u00eb se 10 dit\u00eb nga data e largimit nga puna t\u00eb punonj\u00ebsit.<br>\u25a0 E-SIG 025 \u00ebsht\u00eb list\u00ebpagesa e tatimpaguesit. Ky formular sh\u00ebrben p\u00ebr deklarimin e tre lloje tatimesh: t\u00eb Sigurimeve Shoq\u00ebrore, t\u00eb Sigurimeve Sh\u00ebndet\u00ebsore dhe t\u00eb Ardhurave nga Pun\u00ebsimi p\u00ebr t\u00eb pun\u00ebsuarit.<\/p><\/blockquote>\n\n\n\n<blockquote class=\"wp-block-quote is-layout-flow wp-block-quote-is-layout-flow\"><p><br>N\u00eb rastin e OJF-ve, list\u00ebpagesa \u00ebsht\u00eb e p\u00ebrmuajshme.<br>Dor\u00ebzimi i E-SIG 025 &#8211; nga data 1-20 t\u00eb muajit pasardh\u00ebs.<\/p><\/blockquote>\n\n\n\n<p>ii) Formulari i Deklarimit dhe Pages\u00ebs s\u00eb TVSH (n\u00ebse OJF \u00ebsht\u00eb e regjistruar p\u00ebr k\u00ebt\u00eb p\u00ebrgjegj\u00ebsi tatimore). Ai plot\u00ebsohet \u00e7do muaj pasi jan\u00eb plot\u00ebsuar m\u00eb par\u00eb librat e shitjes dhe t\u00eb blerjes, p\u00ebr t\u00eb gjitha shitjet dhe blerjet e kryera gjat\u00eb periudh\u00ebs tatimore, muajit kalendarik. Dor\u00ebzimi i deklarat\u00ebs s\u00eb TVSH-s\u00eb \u2013 nga data 1-14 t\u00eb muajit pasardh\u00ebs.<\/p>\n\n\n\n<p>iii) Deklarata e Tatimit mbi Fitimin (n\u00ebse OJF \u00ebsht\u00eb e regjistruar p\u00ebr k\u00ebt\u00eb p\u00ebrgjegj\u00ebsi tatimore). Dor\u00ebzimi i deklarat\u00ebs vjetore e tatimit mbi fitimin b\u00ebhet deri n\u00eb 31 Mars te vitit pasardh\u00ebs.<\/p>\n\n\n\n<p>iv) Deklarata e Tatimit n\u00eb Burim (n\u00ebse OJF \u00ebsht\u00eb e regjistruar p\u00ebr k\u00ebt\u00eb p\u00ebrgjegj\u00ebsi tatimore) sh\u00ebrben p\u00ebr deklarimin e mbajtjes n\u00eb burim t\u00eb tatimit p\u00ebr pagesat e kryera. Dor\u00ebzimi i deklarat\u00ebs s\u00eb tatimit n\u00eb burim &#8211; nga data 1-20 t\u00eb muajit pasardh\u00ebs, t\u00eb muajit t\u00eb kryerjes s\u00eb pages\u00ebs.<\/p>\n\n\n\n<p>Mosrespektimi i afateve ligjore t\u00eb deklarimit dhe pages\u00ebs s\u00eb tatimeve p\u00ebr t\u00eb cilat subjekti \u00ebsht\u00eb p\u00ebrgjegj\u00ebs, gjeneron penalitete sipas p\u00ebrcaktimeve t\u00eb ligjit <a href=\"https:\/\/alprofitconsult.al\/wp-content\/uploads\/2022\/10\/Ligj-Nr.9920-date-19.05.2008-Per-procedurat-tatimore-ne-Republiken-e-Shqiperise-i-ndryshuar-4.pdf\" target=\"_blank\" rel=\"noreferrer noopener\">Nr. 9920, dat\u00eb 19.05.2008<\/a> &#8220;P\u00ebr Procedurat Tatimore n\u00eb Republik\u00ebn e Shqip\u00ebris\u00eb&#8221;.<\/p>\n\n\n\n<h2 class=\"wp-block-heading\">P\u00ebr Entet Publike<\/h2>\n\n\n\n<p>Dor\u00ebzimi i deklaratave tatimore b\u00ebhet vet\u00ebm n\u00eb m\u00ebnyre elektronike. P\u00ebr pajisjen me fjal\u00ebkalim, si dhe p\u00ebr rivendosje t\u00eb tij (n\u00eb rast harrese) subjekti duhet t\u2019i drejtohet sporteleve t\u00eb sh\u00ebrbimit t\u00eb tatimpaguesve pran\u00eb DRT-s\u00eb juridiksionit, ose mund ta ndryshoj\u00eb online n\u00ebp\u00ebrmjet e-filing ose e-albania, duke p\u00ebrdorur sh\u00ebrbimin \u201c<a href=\"https:\/\/e-albania.al\/eAlbaniaServices\/UseService.aspx?service_code=13776\" target=\"_blank\" rel=\"noreferrer noopener\">Rivendosje fjal\u00ebkalimi p\u00ebr tatimpagues t\u00eb regjistruar<\/a>\u201d.<\/p>\n\n\n\n<p>Subjekti dor\u00ebzon deklarata vet\u00ebm p\u00ebr llojet e tatimeve p\u00ebr t\u00eb cil\u00ebt \u00ebsht\u00eb p\u00ebrgjegj\u00ebs.<\/p>\n\n\n\n<p>Llojet e deklaratave dhe afatet e dor\u00ebzimit t\u00eb tyre jan\u00eb:<\/p>\n\n\n\n<p>A. E-SIG 027 \u00ebsht\u00eb formulari q\u00eb sh\u00ebrben p\u00ebr deklarimin e punonj\u00ebsve p\u00ebr her\u00eb t\u00eb par\u00eb pas regjistrimit, p\u00ebr marrjen n\u00eb pun\u00eb dhe p\u00ebr largimin e tyre. Pas regjistrimit fillestar, \u00e7do tatimpagues duhet t\u00eb b\u00ebj\u00eb deklarimin e administratorit dhe t\u00eb punonj\u00ebsve duke dor\u00ebzuar elektronikisht formularin E-SIG 027.<\/p>\n\n\n\n<blockquote class=\"wp-block-quote is-layout-flow wp-block-quote-is-layout-flow\"><p>\u25a0 Dor\u00ebzimi i E-SIG 027 p\u00ebr her\u00eb t\u00eb par\u00eb (fillimi i aktivitetit) &#8211; jo m\u00eb von\u00eb se 48 or\u00eb nga data e regjistrimit n\u00eb organet tatimore.<br>\u25a0 Dor\u00ebzimi i E-SIG 027 n\u00eb vijim (marrje ose largim nga puna) &#8211; jo m\u00eb von\u00eb se 24 or\u00eb nga marrja n\u00eb pun\u00eb dhe jo m\u00eb von\u00eb se 10 dit\u00eb nga data e largimit nga puna t\u00eb punonj\u00ebsit.<br>\u25a0 E- SIG 025 \u00ebsht\u00eb list\u00ebpagesa e tatimpaguesit. Ky formular sh\u00ebrben p\u00ebr deklarimin e tre llojeve t\u00eb detyrimeve tatimore :<br>T\u00eb Kontributeve t\u00eb Sigurimeve Shoq\u00ebrore,<br>T\u00eb Kontributeve t\u00eb Sigurimeve Sh\u00ebndet\u00ebsore dhe<br>T\u00eb Ardhurave nga Pun\u00ebsimi p\u00ebr pun\u00ebmarr\u00ebsit.<\/p><\/blockquote>\n\n\n\n<blockquote class=\"wp-block-quote is-layout-flow wp-block-quote-is-layout-flow\"><p>N\u00eb rastin e Enteve Publike, list\u00ebpagesa \u00ebsht\u00eb e p\u00ebrmuajshme.<br>Dor\u00ebzimi i E-SIG 025 &#8211; nga data 1-20 t\u00eb muajit pasardh\u00ebs<\/p><\/blockquote>\n\n\n\n<p>B. Deklarata e Tatimit n\u00eb Burim (n\u00ebse tatimpaguesi \u00ebsht\u00eb i regjistruar p\u00ebr k\u00ebt\u00eb p\u00ebrgjegj\u00ebsi tatimore) sh\u00ebrben p\u00ebr deklarimin e mbajtjes n\u00eb burim t\u00eb tatimit p\u00ebr pagesat e realizuara<\/p>\n\n\n\n<p>\u25a0 Dor\u00ebzimi i deklarat\u00ebs s\u00eb tatimit n\u00eb burim &#8211; nga data 1-20 t\u00eb muajit pasardh\u00ebs t\u00eb muajit t\u00eb kryerjes s\u00eb pages\u00ebs.<\/p>\n\n\n\n<p>Mosrespektimi i afateve ligjore t\u00eb deklarimit dhe pages\u00ebs s\u00eb tatimeve p\u00ebr t\u00eb cilat subjekti \u00ebsht\u00eb p\u00ebrgjegj\u00ebs, gjeneron penalitete sipas p\u00ebrcaktimeve t\u00eb ligjit <a href=\"https:\/\/alprofitconsult.al\/wp-content\/uploads\/2022\/10\/Ligj-Nr.9920-date-19.05.2008-Per-procedurat-tatimore-ne-Republiken-e-Shqiperise-i-ndryshuar-4.pdf\" target=\"_blank\" rel=\"noreferrer noopener\">Nr. 9920, dat\u00eb 19.05.2008<\/a> &#8220;P\u00ebr Procedurat Tatimore n\u00eb Republik\u00ebn e Shqip\u00ebris\u00eb&#8221;, i ndryshuar<\/p>\n\n\n\n<h2 class=\"wp-block-heading\">Pagesat dhe afatet p\u00ebr kryerjen e tyre (P\u00ebr OJF dhe Entet Publike)<\/h2>\n\n\n\n<p>Pas deklarimit elektronik n\u00eb e-filing, p\u00ebr llojet e tatimeve p\u00ebr t\u00eb cil\u00ebt \u00ebsht\u00eb p\u00ebrgjegj\u00ebs, tatimpaguesi (n\u00eb rast se ka kryer aktivitet) duhet t\u00eb b\u00ebj\u00eb pages\u00ebn p\u00ebr detyrimet tatimore t\u00eb deklaruara.<\/p>\n\n\n\n<ul class=\"wp-block-list\"><li>Pagesa kryhet duke gjeneruar urdh\u00ebr pagesat, menj\u00ebher\u00eb pas deklarimit.<\/li><li>Tatimpaguesi mund t\u2019i paguaj\u00eb detyrimet tatimore n\u00eb m\u00ebnyr\u00eb elektronike, n\u00ebp\u00ebrmjet bankave, institucioneve t\u00eb tjera financiare ose t\u00eb autorizuara, q\u00eb kan\u00eb lidhur marr\u00ebveshje me administrat\u00ebn tatimore, p\u00ebr t\u00eb pranuar k\u00ebto pagesa<\/li><li>Afatet e pages\u00ebs jan\u00eb t\u00eb nj\u00ebjta me ato t\u00eb deklarimit.<\/li><li>Kur afati i fundit p\u00ebr pages\u00ebn e detyrimit tatimor bie n\u00eb dit\u00eb pushimi, data e pages\u00ebs s\u00eb tatimit \u00ebsht\u00eb dita e par\u00eb e pun\u00ebs, pas dit\u00ebs s\u00eb pushimit.<\/li><li>T\u00eb gjitha pagesat tatimore kryhen n\u00eb lek\u00eb<\/li><\/ul>\n\n\n\n<p>Mospagesa n\u00eb afat e detyrimit tatimor penalizohet sipas p\u00ebrcaktimeve t\u00eb ligjit <a href=\"https:\/\/alprofitconsult.al\/wp-content\/uploads\/2022\/10\/Ligj-Nr.9920-date-19.05.2008-Per-procedurat-tatimore-ne-Republiken-e-Shqiperise-i-ndryshuar-4.pdf\" target=\"_blank\" rel=\"noreferrer noopener\">Nr. 9920, dat\u00eb 19.05.2008<\/a> &#8220;P\u00ebr Procedurat Tatimore n\u00eb Republik\u00ebn e Shqip\u00ebris\u00eb&#8221;.<\/p>\n\n\n\n<p>Fonte: <a href=\"https:\/\/www.tatime.gov.al\/c\/5\/76\/83\/deklarimi-dhe-pagesat-e-tatimeve\" target=\"_blank\" rel=\"noreferrer noopener\">Direzione Generale delle Imposte.<\/a><\/p>\n\n\n<div class=\"gdlr-core-widget-box-shortcode\" style=\"color: #ffffff ;background-color: #000014 ;\"  ><h3 class=\"gdlr-core-widget-box-shortcode-title\" style=\"color: #ffffff ;\"  >Hai qualche domanda?<\/h3><div class=\"gdlr-core-widget-box-shortcode-content\" ><p class=\"translation-block\">Non esitare a <a href=\"https:\/\/alprofitconsult.al\/it\/contact\/\" target=\"_self\">contattarci. Siamo un team di esperti e saremo lieti di parlare con te.<\/p>\n<\/div><\/div>","protected":false},"excerpt":{"rendered":"<p>P\u00ebr Organizatat Jofitimprur\u00ebse Dor\u00ebzimi i deklaratave tatimore b\u00ebhet vet\u00ebm n\u00eb m\u00ebnyr\u00eb elektronike. P\u00ebr pajisjen me fjal\u00ebkalim, si dhe p\u00ebr rivendosje t\u00eb tij (n\u00eb rast harrese) subjekti duhet t\u2019i drejtohet sporteleve t\u00eb sh\u00ebrbimit t\u00eb tatimpaguesve pran\u00eb DRT-s\u00eb s\u00eb juridiksionit, ose mund ta ndryshoj\u00eb online n\u00ebp\u00ebrmjet e-filing ose e-albania.duke p\u00ebrdorur sh\u00ebrbimin \u201cRivendosje fjal\u00ebkalimi p\u00ebr tatimpagues t\u00eb regjistruar\u201d. [&hellip;]<\/p>\n","protected":false},"author":1,"featured_media":16940,"parent":16020,"menu_order":0,"comment_status":"closed","ping_status":"closed","template":"","meta":{"footnotes":""},"class_list":["post-16023","page","type-page","status-publish","has-post-thumbnail","hentry"],"yoast_head":"<!-- This site is optimized with the Yoast SEO plugin v26.5 - https:\/\/yoast.com\/wordpress\/plugins\/seo\/ -->\n<title>Deklarimi dhe pagesat e tatimeve - AlProfit Consult<\/title>\n<meta name=\"robots\" content=\"index, follow, max-snippet:-1, max-image-preview:large, max-video-preview:-1\" \/>\n<link rel=\"canonical\" href=\"https:\/\/alprofitconsult.al\/it\/tasse\/organizata-jofitimprurese\/deklarimi-dhe-pagesa\/deklarimi-dhe-pagesat-e-tatimeve\/\" \/>\n<meta property=\"og:locale\" content=\"it_IT\" \/>\n<meta property=\"og:type\" content=\"article\" \/>\n<meta property=\"og:title\" content=\"Deklarimi dhe pagesat e tatimeve - AlProfit Consult\" \/>\n<meta property=\"og:description\" content=\"P\u00ebr Organizatat Jofitimprur\u00ebse Dor\u00ebzimi i deklaratave tatimore b\u00ebhet vet\u00ebm n\u00eb m\u00ebnyr\u00eb elektronike. P\u00ebr pajisjen me fjal\u00ebkalim, si dhe p\u00ebr rivendosje t\u00eb tij (n\u00eb rast harrese) subjekti duhet t\u2019i drejtohet sporteleve t\u00eb sh\u00ebrbimit t\u00eb tatimpaguesve pran\u00eb DRT-s\u00eb s\u00eb juridiksionit, ose mund ta ndryshoj\u00eb online n\u00ebp\u00ebrmjet e-filing ose e-albania.duke p\u00ebrdorur sh\u00ebrbimin \u201cRivendosje fjal\u00ebkalimi p\u00ebr tatimpagues t\u00eb regjistruar\u201d. [&hellip;]\" \/>\n<meta property=\"og:url\" content=\"https:\/\/alprofitconsult.al\/it\/tasse\/organizata-jofitimprurese\/deklarimi-dhe-pagesa\/deklarimi-dhe-pagesat-e-tatimeve\/\" \/>\n<meta property=\"og:site_name\" content=\"AlProfit Consult\" \/>\n<meta property=\"article:publisher\" content=\"https:\/\/www.facebook.com\/AlProfitConsult\/\" \/>\n<meta property=\"article:modified_time\" content=\"2022-10-22T11:22:43+00:00\" \/>\n<meta property=\"og:image\" content=\"https:\/\/alprofitconsult.al\/wp-content\/uploads\/2022\/10\/AlProfit-Consult-Deklarimi-dhe-pagesat-e-tatimeve-OJF.jpg\" \/>\n\t<meta property=\"og:image:width\" content=\"1920\" \/>\n\t<meta property=\"og:image:height\" content=\"1300\" \/>\n\t<meta property=\"og:image:type\" content=\"image\/jpeg\" \/>\n<meta name=\"twitter:card\" content=\"summary_large_image\" \/>\n<meta name=\"twitter:site\" content=\"@AlProfitConsult\" \/>\n<meta name=\"twitter:label1\" content=\"Tempo di lettura stimato\" \/>\n\t<meta name=\"twitter:data1\" content=\"5 minuti\" \/>\n<script type=\"application\/ld+json\" class=\"yoast-schema-graph\">{\"@context\":\"https:\/\/schema.org\",\"@graph\":[{\"@type\":\"WebPage\",\"@id\":\"https:\/\/alprofitconsult.al\/en\/tatime\/organizata-jofitimprurese\/deklarimi-dhe-pagesa\/deklarimi-dhe-pagesat-e-tatimeve\/\",\"url\":\"https:\/\/alprofitconsult.al\/en\/tatime\/organizata-jofitimprurese\/deklarimi-dhe-pagesa\/deklarimi-dhe-pagesat-e-tatimeve\/\",\"name\":\"Deklarimi dhe pagesat e tatimeve - AlProfit Consult\",\"isPartOf\":{\"@id\":\"https:\/\/alprofitconsult.al\/#website\"},\"primaryImageOfPage\":{\"@id\":\"https:\/\/alprofitconsult.al\/en\/tatime\/organizata-jofitimprurese\/deklarimi-dhe-pagesa\/deklarimi-dhe-pagesat-e-tatimeve\/#primaryimage\"},\"image\":{\"@id\":\"https:\/\/alprofitconsult.al\/en\/tatime\/organizata-jofitimprurese\/deklarimi-dhe-pagesa\/deklarimi-dhe-pagesat-e-tatimeve\/#primaryimage\"},\"thumbnailUrl\":\"https:\/\/alprofitconsult.al\/wp-content\/uploads\/2022\/10\/AlProfit-Consult-Deklarimi-dhe-pagesat-e-tatimeve-OJF.jpg\",\"datePublished\":\"2022-10-13T14:16:37+00:00\",\"dateModified\":\"2022-10-22T11:22:43+00:00\",\"breadcrumb\":{\"@id\":\"https:\/\/alprofitconsult.al\/en\/tatime\/organizata-jofitimprurese\/deklarimi-dhe-pagesa\/deklarimi-dhe-pagesat-e-tatimeve\/#breadcrumb\"},\"inLanguage\":\"it-IT\",\"potentialAction\":[{\"@type\":\"ReadAction\",\"target\":[\"https:\/\/alprofitconsult.al\/en\/tatime\/organizata-jofitimprurese\/deklarimi-dhe-pagesa\/deklarimi-dhe-pagesat-e-tatimeve\/\"]}]},{\"@type\":\"ImageObject\",\"inLanguage\":\"it-IT\",\"@id\":\"https:\/\/alprofitconsult.al\/en\/tatime\/organizata-jofitimprurese\/deklarimi-dhe-pagesa\/deklarimi-dhe-pagesat-e-tatimeve\/#primaryimage\",\"url\":\"https:\/\/alprofitconsult.al\/wp-content\/uploads\/2022\/10\/AlProfit-Consult-Deklarimi-dhe-pagesat-e-tatimeve-OJF.jpg\",\"contentUrl\":\"https:\/\/alprofitconsult.al\/wp-content\/uploads\/2022\/10\/AlProfit-Consult-Deklarimi-dhe-pagesat-e-tatimeve-OJF.jpg\",\"width\":1920,\"height\":1300},{\"@type\":\"BreadcrumbList\",\"@id\":\"https:\/\/alprofitconsult.al\/en\/tatime\/organizata-jofitimprurese\/deklarimi-dhe-pagesa\/deklarimi-dhe-pagesat-e-tatimeve\/#breadcrumb\",\"itemListElement\":[{\"@type\":\"ListItem\",\"position\":1,\"name\":\"Kryefaqe\",\"item\":\"https:\/\/alprofitconsult.al\/\"},{\"@type\":\"ListItem\",\"position\":2,\"name\":\"Legjislacioni tatimor\",\"item\":\"https:\/\/alprofitconsult.al\/en\/tatime\/\"},{\"@type\":\"ListItem\",\"position\":3,\"name\":\"Organizat\u00eb Jofitimprur\u00ebse dhe Ente Publike\",\"item\":\"https:\/\/alprofitconsult.al\/en\/tatime\/organizata-jofitimprurese\/\"},{\"@type\":\"ListItem\",\"position\":4,\"name\":\"Deklarimi dhe pagesa: Organizatat Jofitimprur\u00ebse\",\"item\":\"https:\/\/alprofitconsult.al\/en\/tatime\/organizata-jofitimprurese\/deklarimi-dhe-pagesa\/\"},{\"@type\":\"ListItem\",\"position\":5,\"name\":\"Deklarimi dhe pagesat e tatimeve\"}]},{\"@type\":\"WebSite\",\"@id\":\"https:\/\/alprofitconsult.al\/#website\",\"url\":\"https:\/\/alprofitconsult.al\/\",\"name\":\"AlProfit Consult\",\"description\":\"Zyr\u00eb Kontabiliteti\",\"publisher\":{\"@id\":\"https:\/\/alprofitconsult.al\/#organization\"},\"potentialAction\":[{\"@type\":\"SearchAction\",\"target\":{\"@type\":\"EntryPoint\",\"urlTemplate\":\"https:\/\/alprofitconsult.al\/?s={search_term_string}\"},\"query-input\":{\"@type\":\"PropertyValueSpecification\",\"valueRequired\":true,\"valueName\":\"search_term_string\"}}],\"inLanguage\":\"it-IT\"},{\"@type\":\"Organization\",\"@id\":\"https:\/\/alprofitconsult.al\/#organization\",\"name\":\"Alprofit Consult\",\"url\":\"https:\/\/alprofitconsult.al\/\",\"logo\":{\"@type\":\"ImageObject\",\"inLanguage\":\"it-IT\",\"@id\":\"https:\/\/alprofitconsult.al\/#\/schema\/logo\/image\/\",\"url\":\"https:\/\/alprofitconsult.al\/wp-content\/uploads\/2022\/10\/logoalprofit.png\",\"contentUrl\":\"https:\/\/alprofitconsult.al\/wp-content\/uploads\/2022\/10\/logoalprofit.png\",\"width\":529,\"height\":156,\"caption\":\"Alprofit Consult\"},\"image\":{\"@id\":\"https:\/\/alprofitconsult.al\/#\/schema\/logo\/image\/\"},\"sameAs\":[\"https:\/\/www.facebook.com\/AlProfitConsult\/\",\"https:\/\/x.com\/AlProfitConsult\",\"https:\/\/www.linkedin.com\/company\/andi-haxhillari\/\",\"https:\/\/www.pinterest.com\/AlProfitConsult\/\",\"https:\/\/www.youtube.com\/channel\/UCZ5Gfntn161Nla3g1XdRldA\",\"https:\/\/sq.wikipedia.org\/wiki\/P\u00ebrdoruesi:Andi25~sqwiki\"]}]}<\/script>\n<!-- \/ Yoast SEO plugin. -->","yoast_head_json":{"title":"Deklarimi dhe pagesat e tatimeve - AlProfit Consult","robots":{"index":"index","follow":"follow","max-snippet":"max-snippet:-1","max-image-preview":"max-image-preview:large","max-video-preview":"max-video-preview:-1"},"canonical":"https:\/\/alprofitconsult.al\/it\/tasse\/organizata-jofitimprurese\/deklarimi-dhe-pagesa\/deklarimi-dhe-pagesat-e-tatimeve\/","og_locale":"it_IT","og_type":"article","og_title":"Deklarimi dhe pagesat e tatimeve - AlProfit Consult","og_description":"P\u00ebr Organizatat Jofitimprur\u00ebse Dor\u00ebzimi i deklaratave tatimore b\u00ebhet vet\u00ebm n\u00eb m\u00ebnyr\u00eb elektronike. P\u00ebr pajisjen me fjal\u00ebkalim, si dhe p\u00ebr rivendosje t\u00eb tij (n\u00eb rast harrese) subjekti duhet t\u2019i drejtohet sporteleve t\u00eb sh\u00ebrbimit t\u00eb tatimpaguesve pran\u00eb DRT-s\u00eb s\u00eb juridiksionit, ose mund ta ndryshoj\u00eb online n\u00ebp\u00ebrmjet e-filing ose e-albania.duke p\u00ebrdorur sh\u00ebrbimin \u201cRivendosje fjal\u00ebkalimi p\u00ebr tatimpagues t\u00eb regjistruar\u201d. [&hellip;]","og_url":"https:\/\/alprofitconsult.al\/it\/tasse\/organizata-jofitimprurese\/deklarimi-dhe-pagesa\/deklarimi-dhe-pagesat-e-tatimeve\/","og_site_name":"AlProfit Consult","article_publisher":"https:\/\/www.facebook.com\/AlProfitConsult\/","article_modified_time":"2022-10-22T11:22:43+00:00","og_image":[{"width":1920,"height":1300,"url":"https:\/\/alprofitconsult.al\/wp-content\/uploads\/2022\/10\/AlProfit-Consult-Deklarimi-dhe-pagesat-e-tatimeve-OJF.jpg","type":"image\/jpeg"}],"twitter_card":"summary_large_image","twitter_site":"@AlProfitConsult","twitter_misc":{"Tempo di lettura stimato":"5 minuti"},"schema":{"@context":"https:\/\/schema.org","@graph":[{"@type":"WebPage","@id":"https:\/\/alprofitconsult.al\/en\/tatime\/organizata-jofitimprurese\/deklarimi-dhe-pagesa\/deklarimi-dhe-pagesat-e-tatimeve\/","url":"https:\/\/alprofitconsult.al\/en\/tatime\/organizata-jofitimprurese\/deklarimi-dhe-pagesa\/deklarimi-dhe-pagesat-e-tatimeve\/","name":"Deklarimi dhe pagesat e tatimeve - AlProfit Consult","isPartOf":{"@id":"https:\/\/alprofitconsult.al\/#website"},"primaryImageOfPage":{"@id":"https:\/\/alprofitconsult.al\/en\/tatime\/organizata-jofitimprurese\/deklarimi-dhe-pagesa\/deklarimi-dhe-pagesat-e-tatimeve\/#primaryimage"},"image":{"@id":"https:\/\/alprofitconsult.al\/en\/tatime\/organizata-jofitimprurese\/deklarimi-dhe-pagesa\/deklarimi-dhe-pagesat-e-tatimeve\/#primaryimage"},"thumbnailUrl":"https:\/\/alprofitconsult.al\/wp-content\/uploads\/2022\/10\/AlProfit-Consult-Deklarimi-dhe-pagesat-e-tatimeve-OJF.jpg","datePublished":"2022-10-13T14:16:37+00:00","dateModified":"2022-10-22T11:22:43+00:00","breadcrumb":{"@id":"https:\/\/alprofitconsult.al\/en\/tatime\/organizata-jofitimprurese\/deklarimi-dhe-pagesa\/deklarimi-dhe-pagesat-e-tatimeve\/#breadcrumb"},"inLanguage":"it-IT","potentialAction":[{"@type":"ReadAction","target":["https:\/\/alprofitconsult.al\/en\/tatime\/organizata-jofitimprurese\/deklarimi-dhe-pagesa\/deklarimi-dhe-pagesat-e-tatimeve\/"]}]},{"@type":"ImageObject","inLanguage":"it-IT","@id":"https:\/\/alprofitconsult.al\/en\/tatime\/organizata-jofitimprurese\/deklarimi-dhe-pagesa\/deklarimi-dhe-pagesat-e-tatimeve\/#primaryimage","url":"https:\/\/alprofitconsult.al\/wp-content\/uploads\/2022\/10\/AlProfit-Consult-Deklarimi-dhe-pagesat-e-tatimeve-OJF.jpg","contentUrl":"https:\/\/alprofitconsult.al\/wp-content\/uploads\/2022\/10\/AlProfit-Consult-Deklarimi-dhe-pagesat-e-tatimeve-OJF.jpg","width":1920,"height":1300},{"@type":"BreadcrumbList","@id":"https:\/\/alprofitconsult.al\/en\/tatime\/organizata-jofitimprurese\/deklarimi-dhe-pagesa\/deklarimi-dhe-pagesat-e-tatimeve\/#breadcrumb","itemListElement":[{"@type":"ListItem","position":1,"name":"Kryefaqe","item":"https:\/\/alprofitconsult.al\/"},{"@type":"ListItem","position":2,"name":"Legjislacioni tatimor","item":"https:\/\/alprofitconsult.al\/en\/tatime\/"},{"@type":"ListItem","position":3,"name":"Organizat\u00eb Jofitimprur\u00ebse dhe Ente Publike","item":"https:\/\/alprofitconsult.al\/en\/tatime\/organizata-jofitimprurese\/"},{"@type":"ListItem","position":4,"name":"Deklarimi dhe pagesa: Organizatat Jofitimprur\u00ebse","item":"https:\/\/alprofitconsult.al\/en\/tatime\/organizata-jofitimprurese\/deklarimi-dhe-pagesa\/"},{"@type":"ListItem","position":5,"name":"Deklarimi dhe pagesat e tatimeve"}]},{"@type":"WebSite","@id":"https:\/\/alprofitconsult.al\/#website","url":"https:\/\/alprofitconsult.al\/","name":"AlProfit Consult","description":"Ufficio contabilit\u00e0","publisher":{"@id":"https:\/\/alprofitconsult.al\/#organization"},"potentialAction":[{"@type":"SearchAction","target":{"@type":"EntryPoint","urlTemplate":"https:\/\/alprofitconsult.al\/?s={search_term_string}"},"query-input":{"@type":"PropertyValueSpecification","valueRequired":true,"valueName":"search_term_string"}}],"inLanguage":"it-IT"},{"@type":"Organization","@id":"https:\/\/alprofitconsult.al\/#organization","name":"Alprofit Consult","url":"https:\/\/alprofitconsult.al\/","logo":{"@type":"ImageObject","inLanguage":"it-IT","@id":"https:\/\/alprofitconsult.al\/#\/schema\/logo\/image\/","url":"https:\/\/alprofitconsult.al\/wp-content\/uploads\/2022\/10\/logoalprofit.png","contentUrl":"https:\/\/alprofitconsult.al\/wp-content\/uploads\/2022\/10\/logoalprofit.png","width":529,"height":156,"caption":"Alprofit Consult"},"image":{"@id":"https:\/\/alprofitconsult.al\/#\/schema\/logo\/image\/"},"sameAs":["https:\/\/www.facebook.com\/AlProfitConsult\/","https:\/\/x.com\/AlProfitConsult","https:\/\/www.linkedin.com\/company\/andi-haxhillari\/","https:\/\/www.pinterest.com\/AlProfitConsult\/","https:\/\/www.youtube.com\/channel\/UCZ5Gfntn161Nla3g1XdRldA","https:\/\/sq.wikipedia.org\/wiki\/P\u00ebrdoruesi:Andi25~sqwiki"]}]}},"_links":{"self":[{"href":"https:\/\/alprofitconsult.al\/it\/wp-json\/wp\/v2\/pages\/16023","targetHints":{"allow":["GET"]}}],"collection":[{"href":"https:\/\/alprofitconsult.al\/it\/wp-json\/wp\/v2\/pages"}],"about":[{"href":"https:\/\/alprofitconsult.al\/it\/wp-json\/wp\/v2\/types\/page"}],"author":[{"embeddable":true,"href":"https:\/\/alprofitconsult.al\/it\/wp-json\/wp\/v2\/users\/1"}],"replies":[{"embeddable":true,"href":"https:\/\/alprofitconsult.al\/it\/wp-json\/wp\/v2\/comments?post=16023"}],"version-history":[{"count":3,"href":"https:\/\/alprofitconsult.al\/it\/wp-json\/wp\/v2\/pages\/16023\/revisions"}],"predecessor-version":[{"id":17120,"href":"https:\/\/alprofitconsult.al\/it\/wp-json\/wp\/v2\/pages\/16023\/revisions\/17120"}],"up":[{"embeddable":true,"href":"https:\/\/alprofitconsult.al\/it\/wp-json\/wp\/v2\/pages\/16020"}],"wp:featuredmedia":[{"embeddable":true,"href":"https:\/\/alprofitconsult.al\/it\/wp-json\/wp\/v2\/media\/16940"}],"wp:attachment":[{"href":"https:\/\/alprofitconsult.al\/it\/wp-json\/wp\/v2\/media?parent=16023"}],"curies":[{"name":"wp","href":"https:\/\/api.w.org\/{rel}","templated":true}]}}