{"id":16024,"date":"2022-10-13T14:16:38","date_gmt":"2022-10-13T14:16:38","guid":{"rendered":"https:\/\/alprofitconsult.al\/?page_id=16024"},"modified":"2024-11-30T19:57:18","modified_gmt":"2024-11-30T19:57:18","slug":"veshtiresite-financiare-te-tatimpaguesve-ojf-dhe-ente-publike","status":"publish","type":"page","link":"https:\/\/alprofitconsult.al\/it\/tatime\/organizata-jofitimprurese\/deklarimi-dhe-pagesa\/veshtiresite-financiare-te-tatimpaguesve-ojf-dhe-ente-publike\/","title":{"rendered":"V\u00ebshtir\u00ebsit\u00eb financiare t\u00eb tatimpaguesve OJF dhe Ente Publike"},"content":{"rendered":"<div class=\"yoast-breadcrumbs\"><span><span><a href=\"https:\/\/alprofitconsult.al\/it\/\">Home page<\/a><\/span> | <span><a href=\"https:\/\/alprofitconsult.al\/en\/tatime\/\">Normativa fiscale<\/a><\/span> | <span><a href=\"https:\/\/alprofitconsult.al\/en\/tatime\/organizata-jofitimprurese\/\">Organizat\u00eb Jofitimprur\u00ebse dhe Ente Publike<\/a><\/span> | <span><a href=\"https:\/\/alprofitconsult.al\/en\/tatime\/organizata-jofitimprurese\/deklarimi-dhe-pagesa\/\">Deklarimi dhe pagesa: Organizatat Jofitimprur\u00ebse<\/a><\/span> | <span class=\"breadcrumb_last\" aria-current=\"page\">V\u00ebshtir\u00ebsit\u00eb financiare t\u00eb tatimpaguesve OJF dhe Ente Publike<\/span><\/span><\/div>\n\n\n<p><\/p>\n\n\n\n<figure class=\"wp-block-image size-large\"><img loading=\"lazy\" decoding=\"async\" width=\"1024\" height=\"683\" src=\"https:\/\/alprofitconsult.al\/wp-content\/uploads\/2022\/10\/AlProfit-Consult-Veshtiresite-financiare-te-tatimpaguesve-OJF-dhe-Ente-Publike-1024x683.jpg\" alt=\"\" class=\"wp-image-16943\" srcset=\"https:\/\/alprofitconsult.al\/wp-content\/uploads\/2022\/10\/AlProfit-Consult-Veshtiresite-financiare-te-tatimpaguesve-OJF-dhe-Ente-Publike-1024x683.jpg 1024w, https:\/\/alprofitconsult.al\/wp-content\/uploads\/2022\/10\/AlProfit-Consult-Veshtiresite-financiare-te-tatimpaguesve-OJF-dhe-Ente-Publike-300x200.jpg 300w, https:\/\/alprofitconsult.al\/wp-content\/uploads\/2022\/10\/AlProfit-Consult-Veshtiresite-financiare-te-tatimpaguesve-OJF-dhe-Ente-Publike-150x100.jpg 150w, https:\/\/alprofitconsult.al\/wp-content\/uploads\/2022\/10\/AlProfit-Consult-Veshtiresite-financiare-te-tatimpaguesve-OJF-dhe-Ente-Publike-768x512.jpg 768w, https:\/\/alprofitconsult.al\/wp-content\/uploads\/2022\/10\/AlProfit-Consult-Veshtiresite-financiare-te-tatimpaguesve-OJF-dhe-Ente-Publike-1536x1025.jpg 1536w, https:\/\/alprofitconsult.al\/wp-content\/uploads\/2022\/10\/AlProfit-Consult-Veshtiresite-financiare-te-tatimpaguesve-OJF-dhe-Ente-Publike.jpg 1920w\" sizes=\"auto, (max-width: 1024px) 100vw, 1024px\" \/><\/figure>\n\n\n\n<p><\/p>\n\n\n\n<p>Administrata Tatimore do t\u00eb shqyrtoj\u00eb rastet e tatimpaguesve ve\u00e7 e ve\u00e7, duke analizuar dhe p\u00ebrfshir\u00eb \u00e7do faktor ndikues, historikun e tatimpaguesit OJF dhe Ente Publike, si dhe m\u00eb n\u00eb detaj p\u00ebr \u00e7do lloj tatimi t\u00eb papaguar.<\/p>\n\n\n\n<blockquote class=\"wp-block-quote is-layout-flow wp-block-quote-is-layout-flow\">\n<p>Kur nj\u00eb rrethan\u00eb financiare pengon subjektin p\u00ebr t\u00eb paguar n\u00eb afat detyrimet tatimore, ai mund t\u00eb lejohet t\u00eb lidh\u00eb n\u00eb \u00e7do koh\u00eb marr\u00ebveshje pagese me k\u00ebste. <\/p>\n<\/blockquote>\n\n\n\n<p>N\u00eb t\u00eb nj\u00ebjt\u00ebn koh\u00eb tatimpaguesi duhet t\u00eb v\u00ebrtetoj\u00eb q\u00eb \u00ebsht\u00eb n\u00eb kushtet e pamund\u00ebsis\u00eb financiare p\u00ebr t\u00eb paguar t\u00eb plot\u00eb detyrimin tatimor si dhe t\u00eb tregoj\u00eb q\u00eb pavar\u00ebsisht nga rrethanat financiare, ai \u00ebsht\u00eb n\u00eb gjendje t\u00eb p\u00ebrmbush\u00eb marr\u00ebveshjen.<\/p>\n\n\n\n<p>Administrata tatimore nuk mund t\u00eb lidh\u00eb nj\u00eb marr\u00ebveshje t\u00eb pages\u00ebs me k\u00ebste n\u00ebse ka filluar procedura e shitjes n\u00eb ankand t\u00eb pasurive t\u00eb konfiskuara p\u00ebr efekt t\u00eb atij detyrimi tatimor t\u00eb pashlyer.<\/p>\n\n\n\n<ul class=\"wp-block-list\">\n<li>K\u00ebrkesa b\u00ebhet me shkrim dhe i drejtohet drejtorit t\u00eb drejtoris\u00eb rajonale apo drejtuesit t\u00eb nj\u00ebsis\u00eb s\u00eb ngjashme me t\u00eb n\u00eb drejtorin\u00eb rajonale ku \u00ebsht\u00eb i regjistruar tatimpaguesi.<\/li>\n\n\n\n<li>K\u00ebrkesa duhet t\u00eb b\u00ebhet brenda 15 dit\u00ebve nga data kur njoftimi i vler\u00ebsimit konsiderohet t\u00eb jet\u00eb marr\u00eb. Marr\u00ebveshja e pages\u00ebs me k\u00ebste b\u00ebhet me shkrim, brenda 10 dit\u00ebve kalendarike nga data e paraqitjes s\u00eb k\u00ebrkes\u00ebs dhe n\u00ebnshkruhet nga tatimpaguesi dhe drejtori i drejtoris\u00eb rajonale apo drejtuesi i nj\u00ebsis\u00eb s\u00eb ngjashme me t\u00eb.<\/li>\n\n\n\n<li>P\u00ebr t\u00eb n\u00ebnshkruar nj\u00eb marr\u00ebveshje t\u00eb pages\u00ebs me k\u00ebste tatimpaguesi detyrohet t\u00eb paguaj\u00eb menj\u00ebher\u00eb t\u00eb pakt\u00ebn nj\u00ebzet % t\u00eb vler\u00ebs s\u00eb detyrimit p\u00ebr t\u00eb cilin lidhet marr\u00ebveshja.<\/li>\n<\/ul>\n\n\n\n<p>Marr\u00ebveshja e pages\u00ebs me k\u00ebste lidhet p\u00ebr nj\u00eb periudh\u00eb q\u00eb fillon nga data e firmosjes deri n\u00eb fundin e vitit t\u00eb ardhsh\u00ebm kalendarik pas momentit t\u00eb hartimit t\u00eb marr\u00ebveshjes.<\/p>\n\n\n\n<p>Me n\u00ebnshkrimin e nj\u00eb marr\u00ebveshjeje p\u00ebr pages\u00eb me k\u00ebste t\u00eb nj\u00eb detyrimi tatimor, vazhdon t\u00eb paguhet kamat\u00ebvones\u00eb p\u00ebr detyrimin tatimor, por nuk llogaritet gjob\u00eb p\u00ebr pages\u00eb t\u00eb vonuar.<\/p>\n\n\n\n<p>Pasi personi i tatuesh\u00ebm paraqet dokumentin e k\u00ebsaj garancie, drejtori i drejtoris\u00eb rajonale tatimore mund t\u00eb pranoj\u00eb t\u00eb n\u00ebnshkruaj\u00eb marr\u00ebveshjen e pages\u00ebs me k\u00ebste t\u00eb detyrimeve tatimore t\u00eb papaguara.<\/p>\n\n\n\n<p>Garancia duhet t\u00eb jepet nga nj\u00ebra prej bankave, klient i s\u00eb cil\u00ebs \u00ebsht\u00eb personi i tatuesh\u00ebm q\u00eb k\u00ebrkon pages\u00ebn me k\u00ebste. N\u00eb k\u00ebt\u00eb rast, banka q\u00eb l\u00ebshon garancin\u00eb, b\u00ebhet garant p\u00ebr detyrimin e personit t\u00eb tatuesh\u00ebm.<br>Drejtori i drejtoris\u00eb rajonale tatimore, kur k\u00ebrkesa e personit t\u00eb tatuesh\u00ebm \u00ebsht\u00eb e paargumentuar dhe e pajustifikuar nga rrethanat, mund ta refuzoj\u00eb k\u00ebrkes\u00ebn p\u00ebr marr\u00ebveshje pagese me k\u00ebste ose mund t\u00eb k\u00ebrkoj\u00eb garanci bankare para se t\u00eb hyj\u00eb n\u00eb nj\u00eb marr\u00ebveshje t\u00eb till\u00eb.<\/p>\n\n\n\n<p>Marr\u00ebveshja e pages\u00ebs me k\u00ebste mund t\u00eb zgjidhet nga Administrata Tatimore n\u00eb momentin m\u00eb t\u00eb par\u00eb q\u00eb personi i tatuesh\u00ebm nuk e respekton at\u00eb lidhur me rregullshm\u00ebrin\u00eb e pagesave si dhe kur ai nuk paguan detyrimet e tjera tatimore, q\u00eb lindin gjat\u00eb periudh\u00ebs s\u00eb mbuluar nga marr\u00ebveshja.<\/p>\n\n\n\n<p>N\u00eb k\u00ebt\u00eb rast, personi i tatuesh\u00ebm \u00ebsht\u00eb i detyruar t\u00eb paguaj\u00eb t\u00eb gjitha detyrimet tatimore t\u00eb papaguara q\u00eb mbulohen nga kjo marr\u00ebveshje, brenda 30 dit\u00ebve kalendarike nga data e marrjes s\u00eb vendimit t\u00eb zgjidhjes s\u00eb marr\u00ebveshjes. N\u00ebse k\u00ebto detyrime nuk paguhen, Administrata Tatimore mbledh detyrimet n\u00eb p\u00ebrputhje me dispozitat ligjore.<\/p>\n\n\n\n<p>Fonte: <a href=\"https:\/\/www.tatime.gov.al\/c\/5\/76\/84\/veshtiresite-financiare\" target=\"_blank\" rel=\"noreferrer noopener\">Direzione Generale delle Imposte.<\/a><\/p>\n\n\n<div class=\"gdlr-core-widget-box-shortcode\" style=\"color: #ffffff ;background-color: #000014 ;\"  ><h3 class=\"gdlr-core-widget-box-shortcode-title\" style=\"color: #ffffff ;\"  >Hai qualche domanda?<\/h3><div class=\"gdlr-core-widget-box-shortcode-content\" ><p class=\"translation-block\">Non esitare a <a href=\"https:\/\/alprofitconsult.al\/it\/contact\/\" target=\"_self\">contattarci. Siamo un team di esperti e saremo lieti di parlare con te.<\/p>\n<\/div><\/div>\n\n\n\n<p><\/p>","protected":false},"excerpt":{"rendered":"<p>Administrata Tatimore do t\u00eb shqyrtoj\u00eb rastet e tatimpaguesve ve\u00e7 e ve\u00e7, duke analizuar dhe p\u00ebrfshir\u00eb \u00e7do faktor ndikues, historikun e tatimpaguesit OJF dhe Ente Publike, si dhe m\u00eb n\u00eb detaj p\u00ebr \u00e7do lloj tatimi t\u00eb papaguar. Kur nj\u00eb rrethan\u00eb financiare pengon subjektin p\u00ebr t\u00eb paguar n\u00eb afat detyrimet tatimore, ai mund t\u00eb lejohet t\u00eb lidh\u00eb [&hellip;]<\/p>\n","protected":false},"author":1,"featured_media":16943,"parent":16020,"menu_order":0,"comment_status":"closed","ping_status":"closed","template":"","meta":{"footnotes":""},"class_list":["post-16024","page","type-page","status-publish","has-post-thumbnail","hentry"],"yoast_head":"<!-- This site is optimized with the Yoast SEO plugin v26.5 - https:\/\/yoast.com\/wordpress\/plugins\/seo\/ -->\n<title>V\u00ebshtir\u00ebsit\u00eb financiare t\u00eb tatimpaguesve OJF dhe Ente Publike - AlProfit Consult<\/title>\n<meta name=\"robots\" content=\"index, follow, max-snippet:-1, max-image-preview:large, max-video-preview:-1\" \/>\n<link rel=\"canonical\" href=\"https:\/\/alprofitconsult.al\/it\/tasse\/organizata-jofitimprurese\/deklarimi-dhe-pagesa\/veshtiresite-financiare-te-tatimpaguesve-ojf-dhe-ente-publike\/\" \/>\n<meta property=\"og:locale\" content=\"it_IT\" \/>\n<meta property=\"og:type\" content=\"article\" \/>\n<meta property=\"og:title\" content=\"V\u00ebshtir\u00ebsit\u00eb financiare t\u00eb tatimpaguesve OJF dhe Ente Publike - AlProfit Consult\" \/>\n<meta property=\"og:description\" content=\"Administrata Tatimore do t\u00eb shqyrtoj\u00eb rastet e tatimpaguesve ve\u00e7 e ve\u00e7, duke analizuar dhe p\u00ebrfshir\u00eb \u00e7do faktor ndikues, historikun e tatimpaguesit OJF dhe Ente Publike, si dhe m\u00eb n\u00eb detaj p\u00ebr \u00e7do lloj tatimi t\u00eb papaguar. Kur nj\u00eb rrethan\u00eb financiare pengon subjektin p\u00ebr t\u00eb paguar n\u00eb afat detyrimet tatimore, ai mund t\u00eb lejohet t\u00eb lidh\u00eb [&hellip;]\" \/>\n<meta property=\"og:url\" content=\"https:\/\/alprofitconsult.al\/it\/tasse\/organizata-jofitimprurese\/deklarimi-dhe-pagesa\/veshtiresite-financiare-te-tatimpaguesve-ojf-dhe-ente-publike\/\" \/>\n<meta property=\"og:site_name\" content=\"AlProfit Consult\" \/>\n<meta property=\"article:publisher\" content=\"https:\/\/www.facebook.com\/AlProfitConsult\/\" \/>\n<meta property=\"article:modified_time\" content=\"2024-11-30T19:57:18+00:00\" \/>\n<meta property=\"og:image\" content=\"https:\/\/alprofitconsult.al\/wp-content\/uploads\/2022\/10\/AlProfit-Consult-Veshtiresite-financiare-te-tatimpaguesve-OJF-dhe-Ente-Publike.jpg\" \/>\n\t<meta property=\"og:image:width\" content=\"1920\" \/>\n\t<meta property=\"og:image:height\" content=\"1281\" \/>\n\t<meta property=\"og:image:type\" content=\"image\/jpeg\" \/>\n<meta name=\"twitter:card\" content=\"summary_large_image\" \/>\n<meta name=\"twitter:site\" content=\"@AlProfitConsult\" \/>\n<meta name=\"twitter:label1\" content=\"Tempo di lettura stimato\" \/>\n\t<meta name=\"twitter:data1\" content=\"3 minuti\" \/>\n<script type=\"application\/ld+json\" class=\"yoast-schema-graph\">{\"@context\":\"https:\/\/schema.org\",\"@graph\":[{\"@type\":\"WebPage\",\"@id\":\"https:\/\/alprofitconsult.al\/en\/tatime\/organizata-jofitimprurese\/deklarimi-dhe-pagesa\/veshtiresite-financiare-te-tatimpaguesve-ojf-dhe-ente-publike\/\",\"url\":\"https:\/\/alprofitconsult.al\/en\/tatime\/organizata-jofitimprurese\/deklarimi-dhe-pagesa\/veshtiresite-financiare-te-tatimpaguesve-ojf-dhe-ente-publike\/\",\"name\":\"V\u00ebshtir\u00ebsit\u00eb financiare t\u00eb tatimpaguesve OJF dhe Ente Publike - AlProfit Consult\",\"isPartOf\":{\"@id\":\"https:\/\/alprofitconsult.al\/#website\"},\"primaryImageOfPage\":{\"@id\":\"https:\/\/alprofitconsult.al\/en\/tatime\/organizata-jofitimprurese\/deklarimi-dhe-pagesa\/veshtiresite-financiare-te-tatimpaguesve-ojf-dhe-ente-publike\/#primaryimage\"},\"image\":{\"@id\":\"https:\/\/alprofitconsult.al\/en\/tatime\/organizata-jofitimprurese\/deklarimi-dhe-pagesa\/veshtiresite-financiare-te-tatimpaguesve-ojf-dhe-ente-publike\/#primaryimage\"},\"thumbnailUrl\":\"https:\/\/alprofitconsult.al\/wp-content\/uploads\/2022\/10\/AlProfit-Consult-Veshtiresite-financiare-te-tatimpaguesve-OJF-dhe-Ente-Publike.jpg\",\"datePublished\":\"2022-10-13T14:16:38+00:00\",\"dateModified\":\"2024-11-30T19:57:18+00:00\",\"breadcrumb\":{\"@id\":\"https:\/\/alprofitconsult.al\/en\/tatime\/organizata-jofitimprurese\/deklarimi-dhe-pagesa\/veshtiresite-financiare-te-tatimpaguesve-ojf-dhe-ente-publike\/#breadcrumb\"},\"inLanguage\":\"it-IT\",\"potentialAction\":[{\"@type\":\"ReadAction\",\"target\":[\"https:\/\/alprofitconsult.al\/en\/tatime\/organizata-jofitimprurese\/deklarimi-dhe-pagesa\/veshtiresite-financiare-te-tatimpaguesve-ojf-dhe-ente-publike\/\"]}]},{\"@type\":\"ImageObject\",\"inLanguage\":\"it-IT\",\"@id\":\"https:\/\/alprofitconsult.al\/en\/tatime\/organizata-jofitimprurese\/deklarimi-dhe-pagesa\/veshtiresite-financiare-te-tatimpaguesve-ojf-dhe-ente-publike\/#primaryimage\",\"url\":\"https:\/\/alprofitconsult.al\/wp-content\/uploads\/2022\/10\/AlProfit-Consult-Veshtiresite-financiare-te-tatimpaguesve-OJF-dhe-Ente-Publike.jpg\",\"contentUrl\":\"https:\/\/alprofitconsult.al\/wp-content\/uploads\/2022\/10\/AlProfit-Consult-Veshtiresite-financiare-te-tatimpaguesve-OJF-dhe-Ente-Publike.jpg\",\"width\":1920,\"height\":1281},{\"@type\":\"BreadcrumbList\",\"@id\":\"https:\/\/alprofitconsult.al\/en\/tatime\/organizata-jofitimprurese\/deklarimi-dhe-pagesa\/veshtiresite-financiare-te-tatimpaguesve-ojf-dhe-ente-publike\/#breadcrumb\",\"itemListElement\":[{\"@type\":\"ListItem\",\"position\":1,\"name\":\"Kryefaqe\",\"item\":\"https:\/\/alprofitconsult.al\/\"},{\"@type\":\"ListItem\",\"position\":2,\"name\":\"Legjislacioni tatimor\",\"item\":\"https:\/\/alprofitconsult.al\/en\/tatime\/\"},{\"@type\":\"ListItem\",\"position\":3,\"name\":\"Organizat\u00eb Jofitimprur\u00ebse dhe Ente Publike\",\"item\":\"https:\/\/alprofitconsult.al\/en\/tatime\/organizata-jofitimprurese\/\"},{\"@type\":\"ListItem\",\"position\":4,\"name\":\"Deklarimi dhe pagesa: Organizatat Jofitimprur\u00ebse\",\"item\":\"https:\/\/alprofitconsult.al\/en\/tatime\/organizata-jofitimprurese\/deklarimi-dhe-pagesa\/\"},{\"@type\":\"ListItem\",\"position\":5,\"name\":\"V\u00ebshtir\u00ebsit\u00eb financiare t\u00eb tatimpaguesve OJF dhe Ente Publike\"}]},{\"@type\":\"WebSite\",\"@id\":\"https:\/\/alprofitconsult.al\/#website\",\"url\":\"https:\/\/alprofitconsult.al\/\",\"name\":\"AlProfit Consult\",\"description\":\"Zyr\u00eb Kontabiliteti\",\"publisher\":{\"@id\":\"https:\/\/alprofitconsult.al\/#organization\"},\"potentialAction\":[{\"@type\":\"SearchAction\",\"target\":{\"@type\":\"EntryPoint\",\"urlTemplate\":\"https:\/\/alprofitconsult.al\/?s={search_term_string}\"},\"query-input\":{\"@type\":\"PropertyValueSpecification\",\"valueRequired\":true,\"valueName\":\"search_term_string\"}}],\"inLanguage\":\"it-IT\"},{\"@type\":\"Organization\",\"@id\":\"https:\/\/alprofitconsult.al\/#organization\",\"name\":\"Alprofit Consult\",\"url\":\"https:\/\/alprofitconsult.al\/\",\"logo\":{\"@type\":\"ImageObject\",\"inLanguage\":\"it-IT\",\"@id\":\"https:\/\/alprofitconsult.al\/#\/schema\/logo\/image\/\",\"url\":\"https:\/\/alprofitconsult.al\/wp-content\/uploads\/2022\/10\/logoalprofit.png\",\"contentUrl\":\"https:\/\/alprofitconsult.al\/wp-content\/uploads\/2022\/10\/logoalprofit.png\",\"width\":529,\"height\":156,\"caption\":\"Alprofit Consult\"},\"image\":{\"@id\":\"https:\/\/alprofitconsult.al\/#\/schema\/logo\/image\/\"},\"sameAs\":[\"https:\/\/www.facebook.com\/AlProfitConsult\/\",\"https:\/\/x.com\/AlProfitConsult\",\"https:\/\/www.linkedin.com\/company\/andi-haxhillari\/\",\"https:\/\/www.pinterest.com\/AlProfitConsult\/\",\"https:\/\/www.youtube.com\/channel\/UCZ5Gfntn161Nla3g1XdRldA\",\"https:\/\/sq.wikipedia.org\/wiki\/P\u00ebrdoruesi:Andi25~sqwiki\"]}]}<\/script>\n<!-- \/ Yoast SEO plugin. -->","yoast_head_json":{"title":"V\u00ebshtir\u00ebsit\u00eb financiare t\u00eb tatimpaguesve OJF dhe Ente Publike - AlProfit Consult","robots":{"index":"index","follow":"follow","max-snippet":"max-snippet:-1","max-image-preview":"max-image-preview:large","max-video-preview":"max-video-preview:-1"},"canonical":"https:\/\/alprofitconsult.al\/it\/tasse\/organizata-jofitimprurese\/deklarimi-dhe-pagesa\/veshtiresite-financiare-te-tatimpaguesve-ojf-dhe-ente-publike\/","og_locale":"it_IT","og_type":"article","og_title":"V\u00ebshtir\u00ebsit\u00eb financiare t\u00eb tatimpaguesve OJF dhe Ente Publike - AlProfit Consult","og_description":"Administrata Tatimore do t\u00eb shqyrtoj\u00eb rastet e tatimpaguesve ve\u00e7 e ve\u00e7, duke analizuar dhe p\u00ebrfshir\u00eb \u00e7do faktor ndikues, historikun e tatimpaguesit OJF dhe Ente Publike, si dhe m\u00eb n\u00eb detaj p\u00ebr \u00e7do lloj tatimi t\u00eb papaguar. Kur nj\u00eb rrethan\u00eb financiare pengon subjektin p\u00ebr t\u00eb paguar n\u00eb afat detyrimet tatimore, ai mund t\u00eb lejohet t\u00eb lidh\u00eb [&hellip;]","og_url":"https:\/\/alprofitconsult.al\/it\/tasse\/organizata-jofitimprurese\/deklarimi-dhe-pagesa\/veshtiresite-financiare-te-tatimpaguesve-ojf-dhe-ente-publike\/","og_site_name":"AlProfit Consult","article_publisher":"https:\/\/www.facebook.com\/AlProfitConsult\/","article_modified_time":"2024-11-30T19:57:18+00:00","og_image":[{"width":1920,"height":1281,"url":"https:\/\/alprofitconsult.al\/wp-content\/uploads\/2022\/10\/AlProfit-Consult-Veshtiresite-financiare-te-tatimpaguesve-OJF-dhe-Ente-Publike.jpg","type":"image\/jpeg"}],"twitter_card":"summary_large_image","twitter_site":"@AlProfitConsult","twitter_misc":{"Tempo di lettura stimato":"3 minuti"},"schema":{"@context":"https:\/\/schema.org","@graph":[{"@type":"WebPage","@id":"https:\/\/alprofitconsult.al\/en\/tatime\/organizata-jofitimprurese\/deklarimi-dhe-pagesa\/veshtiresite-financiare-te-tatimpaguesve-ojf-dhe-ente-publike\/","url":"https:\/\/alprofitconsult.al\/en\/tatime\/organizata-jofitimprurese\/deklarimi-dhe-pagesa\/veshtiresite-financiare-te-tatimpaguesve-ojf-dhe-ente-publike\/","name":"V\u00ebshtir\u00ebsit\u00eb financiare t\u00eb tatimpaguesve OJF dhe Ente Publike - AlProfit Consult","isPartOf":{"@id":"https:\/\/alprofitconsult.al\/#website"},"primaryImageOfPage":{"@id":"https:\/\/alprofitconsult.al\/en\/tatime\/organizata-jofitimprurese\/deklarimi-dhe-pagesa\/veshtiresite-financiare-te-tatimpaguesve-ojf-dhe-ente-publike\/#primaryimage"},"image":{"@id":"https:\/\/alprofitconsult.al\/en\/tatime\/organizata-jofitimprurese\/deklarimi-dhe-pagesa\/veshtiresite-financiare-te-tatimpaguesve-ojf-dhe-ente-publike\/#primaryimage"},"thumbnailUrl":"https:\/\/alprofitconsult.al\/wp-content\/uploads\/2022\/10\/AlProfit-Consult-Veshtiresite-financiare-te-tatimpaguesve-OJF-dhe-Ente-Publike.jpg","datePublished":"2022-10-13T14:16:38+00:00","dateModified":"2024-11-30T19:57:18+00:00","breadcrumb":{"@id":"https:\/\/alprofitconsult.al\/en\/tatime\/organizata-jofitimprurese\/deklarimi-dhe-pagesa\/veshtiresite-financiare-te-tatimpaguesve-ojf-dhe-ente-publike\/#breadcrumb"},"inLanguage":"it-IT","potentialAction":[{"@type":"ReadAction","target":["https:\/\/alprofitconsult.al\/en\/tatime\/organizata-jofitimprurese\/deklarimi-dhe-pagesa\/veshtiresite-financiare-te-tatimpaguesve-ojf-dhe-ente-publike\/"]}]},{"@type":"ImageObject","inLanguage":"it-IT","@id":"https:\/\/alprofitconsult.al\/en\/tatime\/organizata-jofitimprurese\/deklarimi-dhe-pagesa\/veshtiresite-financiare-te-tatimpaguesve-ojf-dhe-ente-publike\/#primaryimage","url":"https:\/\/alprofitconsult.al\/wp-content\/uploads\/2022\/10\/AlProfit-Consult-Veshtiresite-financiare-te-tatimpaguesve-OJF-dhe-Ente-Publike.jpg","contentUrl":"https:\/\/alprofitconsult.al\/wp-content\/uploads\/2022\/10\/AlProfit-Consult-Veshtiresite-financiare-te-tatimpaguesve-OJF-dhe-Ente-Publike.jpg","width":1920,"height":1281},{"@type":"BreadcrumbList","@id":"https:\/\/alprofitconsult.al\/en\/tatime\/organizata-jofitimprurese\/deklarimi-dhe-pagesa\/veshtiresite-financiare-te-tatimpaguesve-ojf-dhe-ente-publike\/#breadcrumb","itemListElement":[{"@type":"ListItem","position":1,"name":"Kryefaqe","item":"https:\/\/alprofitconsult.al\/"},{"@type":"ListItem","position":2,"name":"Legjislacioni tatimor","item":"https:\/\/alprofitconsult.al\/en\/tatime\/"},{"@type":"ListItem","position":3,"name":"Organizat\u00eb Jofitimprur\u00ebse dhe Ente Publike","item":"https:\/\/alprofitconsult.al\/en\/tatime\/organizata-jofitimprurese\/"},{"@type":"ListItem","position":4,"name":"Deklarimi dhe pagesa: Organizatat Jofitimprur\u00ebse","item":"https:\/\/alprofitconsult.al\/en\/tatime\/organizata-jofitimprurese\/deklarimi-dhe-pagesa\/"},{"@type":"ListItem","position":5,"name":"V\u00ebshtir\u00ebsit\u00eb financiare t\u00eb tatimpaguesve OJF dhe Ente Publike"}]},{"@type":"WebSite","@id":"https:\/\/alprofitconsult.al\/#website","url":"https:\/\/alprofitconsult.al\/","name":"AlProfit Consult","description":"Ufficio contabilit\u00e0","publisher":{"@id":"https:\/\/alprofitconsult.al\/#organization"},"potentialAction":[{"@type":"SearchAction","target":{"@type":"EntryPoint","urlTemplate":"https:\/\/alprofitconsult.al\/?s={search_term_string}"},"query-input":{"@type":"PropertyValueSpecification","valueRequired":true,"valueName":"search_term_string"}}],"inLanguage":"it-IT"},{"@type":"Organization","@id":"https:\/\/alprofitconsult.al\/#organization","name":"Alprofit Consult","url":"https:\/\/alprofitconsult.al\/","logo":{"@type":"ImageObject","inLanguage":"it-IT","@id":"https:\/\/alprofitconsult.al\/#\/schema\/logo\/image\/","url":"https:\/\/alprofitconsult.al\/wp-content\/uploads\/2022\/10\/logoalprofit.png","contentUrl":"https:\/\/alprofitconsult.al\/wp-content\/uploads\/2022\/10\/logoalprofit.png","width":529,"height":156,"caption":"Alprofit Consult"},"image":{"@id":"https:\/\/alprofitconsult.al\/#\/schema\/logo\/image\/"},"sameAs":["https:\/\/www.facebook.com\/AlProfitConsult\/","https:\/\/x.com\/AlProfitConsult","https:\/\/www.linkedin.com\/company\/andi-haxhillari\/","https:\/\/www.pinterest.com\/AlProfitConsult\/","https:\/\/www.youtube.com\/channel\/UCZ5Gfntn161Nla3g1XdRldA","https:\/\/sq.wikipedia.org\/wiki\/P\u00ebrdoruesi:Andi25~sqwiki"]}]}},"_links":{"self":[{"href":"https:\/\/alprofitconsult.al\/it\/wp-json\/wp\/v2\/pages\/16024","targetHints":{"allow":["GET"]}}],"collection":[{"href":"https:\/\/alprofitconsult.al\/it\/wp-json\/wp\/v2\/pages"}],"about":[{"href":"https:\/\/alprofitconsult.al\/it\/wp-json\/wp\/v2\/types\/page"}],"author":[{"embeddable":true,"href":"https:\/\/alprofitconsult.al\/it\/wp-json\/wp\/v2\/users\/1"}],"replies":[{"embeddable":true,"href":"https:\/\/alprofitconsult.al\/it\/wp-json\/wp\/v2\/comments?post=16024"}],"version-history":[{"count":5,"href":"https:\/\/alprofitconsult.al\/it\/wp-json\/wp\/v2\/pages\/16024\/revisions"}],"predecessor-version":[{"id":19969,"href":"https:\/\/alprofitconsult.al\/it\/wp-json\/wp\/v2\/pages\/16024\/revisions\/19969"}],"up":[{"embeddable":true,"href":"https:\/\/alprofitconsult.al\/it\/wp-json\/wp\/v2\/pages\/16020"}],"wp:featuredmedia":[{"embeddable":true,"href":"https:\/\/alprofitconsult.al\/it\/wp-json\/wp\/v2\/media\/16943"}],"wp:attachment":[{"href":"https:\/\/alprofitconsult.al\/it\/wp-json\/wp\/v2\/media?parent=16024"}],"curies":[{"name":"wp","href":"https:\/\/api.w.org\/{rel}","templated":true}]}}