{"id":16025,"date":"2022-10-13T14:16:38","date_gmt":"2022-10-13T14:16:38","guid":{"rendered":"https:\/\/alprofitconsult.al\/?page_id=16025"},"modified":"2022-10-22T11:23:37","modified_gmt":"2022-10-22T11:23:37","slug":"apelimi-tatimor","status":"publish","type":"page","link":"https:\/\/alprofitconsult.al\/it\/tatime\/organizata-jofitimprurese\/deklarimi-dhe-pagesa\/apelimi-tatimor\/","title":{"rendered":"Apelimi tatimor"},"content":{"rendered":"<div class=\"yoast-breadcrumbs\"><span><span><a href=\"https:\/\/alprofitconsult.al\/it\/\">Home page<\/a><\/span> | <span><a href=\"https:\/\/alprofitconsult.al\/en\/tatime\/\">Normativa fiscale<\/a><\/span> | <span><a href=\"https:\/\/alprofitconsult.al\/en\/tatime\/organizata-jofitimprurese\/\">Organizat\u00eb Jofitimprur\u00ebse dhe Ente Publike<\/a><\/span> | <span><a href=\"https:\/\/alprofitconsult.al\/en\/tatime\/organizata-jofitimprurese\/deklarimi-dhe-pagesa\/\">Deklarimi dhe pagesa: Organizatat Jofitimprur\u00ebse<\/a><\/span> | <span class=\"breadcrumb_last\" aria-current=\"page\">Apelimi tatimor<\/span><\/span><\/div>\n\n\n<p><\/p>\n\n\n\n<figure class=\"wp-block-image size-large\"><img loading=\"lazy\" decoding=\"async\" width=\"1024\" height=\"599\" src=\"https:\/\/alprofitconsult.al\/wp-content\/uploads\/2022\/10\/AlProfit-Consult-Apelimi-tatimor-OJF-1024x599.jpg\" alt=\"\" class=\"wp-image-16950\" srcset=\"https:\/\/alprofitconsult.al\/wp-content\/uploads\/2022\/10\/AlProfit-Consult-Apelimi-tatimor-OJF-1024x599.jpg 1024w, https:\/\/alprofitconsult.al\/wp-content\/uploads\/2022\/10\/AlProfit-Consult-Apelimi-tatimor-OJF-300x176.jpg 300w, https:\/\/alprofitconsult.al\/wp-content\/uploads\/2022\/10\/AlProfit-Consult-Apelimi-tatimor-OJF-150x88.jpg 150w, https:\/\/alprofitconsult.al\/wp-content\/uploads\/2022\/10\/AlProfit-Consult-Apelimi-tatimor-OJF-768x450.jpg 768w, https:\/\/alprofitconsult.al\/wp-content\/uploads\/2022\/10\/AlProfit-Consult-Apelimi-tatimor-OJF-1536x899.jpg 1536w, https:\/\/alprofitconsult.al\/wp-content\/uploads\/2022\/10\/AlProfit-Consult-Apelimi-tatimor-OJF.jpg 1920w\" sizes=\"auto, (max-width: 1024px) 100vw, 1024px\" \/><\/figure>\n\n\n\n<p><strong>Ku mund t\u00eb ankohemi p\u00ebr veprime t\u00eb Administrat\u00ebs Tatimore q\u00eb i konsiderojm\u00eb t\u00eb padrejta?<\/strong><\/p>\n\n\n\n<p>Ankimi b\u00ebhet vet\u00ebm n\u00eb Drejtorin\u00eb e Apelimit Tatimor, e cila, q\u00eb nga 1 Janari vitit 2017, \u00ebsht\u00eb pjes\u00eb e struktur\u00ebs s\u00eb Ministris\u00eb s\u00eb Financave dhe Ekonomis\u00eb.<\/p>\n\n\n\n<p><strong>\u00c7far\u00eb rregullash ka p\u00ebr t\u00eb b\u00ebr\u00eb nj\u00eb ankim?<\/strong><\/p>\n\n\n\n<ol class=\"wp-block-list\"><li>Duhet t\u00eb kesh nj\u00eb dokument (t\u00eb d\u00ebrguar nga Adminstrata Tatimore) i cili prek interesat e tatimpaguesit (lexo m\u00eb posht\u00eb se \u00e7\u2019mund t\u00eb jet\u00eb ky dokument).<\/li><li>T\u00eb ankohesh br\u00ebnda 1 muaji nga marrja n\u00eb dijeni p\u00ebr aktin administrativ q\u00eb t\u00eb ka d\u00ebrguar Administrata Tatimore.<\/li><li>Brenda k\u00ebtij muaji duhet t\u00eb paguash ose t\u00eb vendos\u00ebsh garanci bankare p\u00ebr detyrimet q\u00eb p\u00ebrmban njoftimi i vler\u00ebsimit s\u00eb bashku me kamat\u00ebvonesat deri n\u00eb dat\u00ebn e pages\u00ebs. Gjobat, as nuk parapaguhen e as vihet garanci.<\/li><\/ol>\n\n\n\n<blockquote class=\"wp-block-quote is-layout-flow wp-block-quote-is-layout-flow\"><p>Pa k\u00ebto dokumenta, Drejtoria e Apelimit e refuzon ankimin.<\/p><\/blockquote>\n\n\n\n<p><strong>P\u00ebrse mund t\u00eb ankohemi?<\/strong><\/p>\n\n\n\n<ol class=\"wp-block-list\"><li>P\u00ebr \u00e7do \u201cNjoftim-vler\u00ebsimi p\u00ebr detyrimet tatimore\u201d q\u00eb ju ka d\u00ebrguar Administrata Tatimore dhe ju me gjykoni t\u00eb padrejt\u00eb.<\/li><li>\u00c7do akt tjet\u00ebr administrativ q\u00eb ndikon detyrimin tatimor t\u00eb tatimpaguesit, p\u00ebrfshir\u00eb edhe k\u00ebrkes\u00ebn p\u00ebr kompesim.<\/li><li>\u00c7do akt q\u00eb ndikon n\u00eb k\u00ebrkes\u00ebn p\u00ebr rimbursim t\u00eb tatimpaguesit.<\/li><li>\u00c7do akt q\u00eb ndikon n\u00eb k\u00ebrkes\u00ebn e tatimpaguesit p\u00ebr leht\u00ebsim tatimor.<\/li><li>Mund t\u00eb ankimohen gabimet e b\u00ebra nga administrata n\u00eb llogaritjen e p\u00ebrqindjes s\u00eb kamat\u00ebvones\u00ebs.<\/li><li>Vendosjen ose gabimet n\u00eb llogaritjen e shumave dhe llojeve t\u00eb ndryshme t\u00eb gjobave.<\/li><li>Ankimi mund t\u00eb b\u00ebhet edhe kund\u00ebr nj\u00eb mosveprimi, t\u00eb Administrat\u00ebs Tatimore q\u00eb ndikon n\u00eb detyrimin tatimor t\u00eb tatimpaguesit.<\/li><\/ol>\n\n\n\n<blockquote class=\"wp-block-quote is-layout-flow wp-block-quote-is-layout-flow\"><p><br>Nuk mund t\u00eb ankimohen: Masat administrative q\u00eb kan\u00eb t\u00eb b\u00ebjn\u00eb me masat e mbledhjes me forc\u00eb t\u00eb detyrimeve tatimore si urdh\u00ebr bllokimi i llogarive bankare; njoftimi dhe k\u00ebrkesa p\u00ebr t\u00eb paguar; njoftimi p\u00ebr pal\u00eb t\u00eb treta dhe aktet administrative q\u00eb lidhen me konfiskimin e mallrave.<\/p><\/blockquote>\n\n\n\n<p><strong>\u00c7far\u00eb dokumente duhen d\u00ebrguar n\u00eb Drejtorin\u00eb e Apelimit p\u00ebr ankimin?<\/strong><\/p>\n\n\n\n<ol class=\"wp-block-list\"><li>K\u00ebrkes\u00ebn me shkrim ku t\u00eb p\u00ebrshkruaj\u00eb pretendimet e tij. N\u00eb k\u00ebt\u00eb k\u00ebrkes\u00eb duhet t\u00eb sh\u00ebnohen emri dhe adresa e tatimpaguesit; numri i regjistrimit t\u00eb tatimpaguesit (NIPT-i) dhe n\u00eb mbyllje t\u00eb saj e n\u00ebnshkruan.<\/li><li>Aktin administrativ t\u00eb nxjerr\u00eb nga Administrata Tatimore.<\/li><li>V\u00ebrtetimin e pages\u00ebs s\u00eb detyrimit dhe kamat\u00ebvonesave (urdh\u00ebr-pagese i kaluar n\u00eb bank\u00eb).<\/li><li>N\u00eb munges\u00eb t\u00eb pages\u00ebs, garanci bankare ku t\u00eb p\u00ebrfshihen detyrimet + kamatvonesat.<\/li><li>Informacione n\u00eb mb\u00ebshtetje t\u00eb ankimit si raporte kontrolli, proces-verbale, akte-konstatimi etj.<\/li><li>\u00c7do dokument tjet\u00ebr q\u00eb ankimuesi e \u00e7mon t\u00eb r\u00ebnd\u00ebsishm\u00eb se ndihmon zgjidhjen e drejt\u00eb t\u00eb \u00e7\u00ebshtjes.<\/li><\/ol>\n\n\n\n<p><strong>Si d\u00ebrgohet ankimi n\u00eb Drejtorin\u00eb e Apelimit?<\/strong><\/p>\n\n\n\n<p>Ankimi mund t\u00eb dor\u00ebzohet dorazi ose d\u00ebrgohet me post\u00eb rekomande. Dat\u00eb e marrjes s\u00eb ankimimit nga Drejtoria e Apelimit Tatimor, konsiderohet data e protokollimit p\u00ebr ankimet e dor\u00ebzuara dorazi, dhe data e dor\u00ebzimit n\u00eb post\u00eb kur ankimi b\u00ebhet n\u00ebp\u00ebrmjet post\u00ebs.<\/p>\n\n\n\n<blockquote class=\"wp-block-quote is-layout-flow wp-block-quote-is-layout-flow\"><p>Tatimpaguesi, n\u00eb dokumentet q\u00eb dor\u00ebzon p\u00ebr ankim, duhet t\u00eb v\u00ebrtetoj\u00eb dat\u00ebn e marrjes s\u00eb aktit administrativ, objekt ankimi. Si prov\u00eb, mund t\u00eb sh\u00ebrbej\u00eb kopja e zarfit n\u00ebp\u00ebrmjet t\u00eb cilit \u00ebsht\u00eb d\u00ebrguar ankimi pran\u00eb tatimpaguesit, kopja e regjistrimit t\u00eb dor\u00ebzimit t\u00eb objekteve postare nga zyra postare etj.<\/p><\/blockquote>\n\n\n\n<p><strong>Disa \u00e7\u00ebshtje q\u00eb duhen mbajtur parasysh gjat\u00eb apelimit.<\/strong><\/p>\n\n\n\n<ol class=\"wp-block-list\"><li>Drejtoria e Apelimit gjat\u00eb shqyrtimit mund t\u00eb k\u00ebrkoj\u00eb dokument shtes\u00eb dhe tatimpaguesi \u00ebsht\u00eb i detyruar t\u2019i p\u00ebrgjigjet k\u00ebrkes\u00ebs.<\/li><li>Barra e prov\u00ebs p\u00ebr t\u00eb v\u00ebrtetuar t\u00eb kund\u00ebrt\u00ebn e vler\u00ebsimit t\u00eb Administrat\u00ebs Tatimore i takon tatimpaguesit.<\/li><li>N\u00eb rast se tatimpaguesi e ka humbur afatin e ankimit, ai duhet t\u00eb argumentoj\u00eb dhe provoj\u00eb me dokumentacionin e nevojsh\u00ebm se humbja e afatit t\u00eb ankimit nuk \u00ebsht\u00eb p\u00ebr faj t\u00eb tij.<\/li><li>Pas rivendosjes n\u00eb afat, ankimi duhet b\u00ebr\u00eb mbas 15 dit\u00ebsh e jo pas 1 muaji sikurse ishte pa e humbur k\u00ebt\u00eb afat.<\/li><li>N\u00eb rast se tatimpaguesi ka d\u00ebshir\u00eb t\u00eb d\u00ebgjohet edhe me goj\u00eb, ai mund ta k\u00ebrkoj\u00eb k\u00ebt\u00eb n\u00eb ankimin e vet.<\/li><\/ol>\n\n\n\n<p><strong>Ku mund ta lexojm\u00eb m\u00eb holl\u00ebsisht baz\u00ebn ligjore t\u00eb ankimit?<\/strong><\/p>\n\n\n\n<ul class=\"wp-block-list\"><li><a href=\"https:\/\/alprofitconsult.al\/wp-content\/uploads\/2022\/10\/Ligj-Nr.9920-date-19.05.2008-Per-procedurat-tatimore-ne-Republiken-e-Shqiperise-i-ndryshuar-4.pdf\" target=\"_blank\" rel=\"noreferrer noopener\">Ligji 9920 dat\u00eb 19.05.2008 <\/a>\u201cP\u00ebr Procedurat Tatimore n\u00eb Republik\u00ebn e Shqip\u00ebris\u00eb\u201d nga neni 106 deri tek neni 110.<\/li><li>Udh\u00ebzimi i Ministrit t\u00eb Financave <a href=\"https:\/\/www.tatime.gov.al\/shkarko.php?id=9953\" target=\"_blank\" rel=\"noreferrer noopener\">nr. 24 dat\u00eb 02.09.2008<\/a> \u201cP\u00ebr Procedurat Tatimore n\u00eb Republik\u00ebn e Shqip\u00ebris\u00eb\u201d nga paragrafi 106 deri tek paragrafi 110.<\/li><\/ul>\n\n\n\n<p>Fonte: <a href=\"https:\/\/www.tatime.gov.al\/c\/5\/76\/85\/apelimi-tatimor\" target=\"_blank\" rel=\"noreferrer noopener\">Direzione Generale delle Imposte.<\/a><\/p>\n\n\n<div class=\"gdlr-core-widget-box-shortcode\" style=\"color: #ffffff ;background-color: #000014 ;\"  ><h3 class=\"gdlr-core-widget-box-shortcode-title\" style=\"color: #ffffff ;\"  >Hai qualche domanda?<\/h3><div class=\"gdlr-core-widget-box-shortcode-content\" ><p class=\"translation-block\">Non esitare a <a href=\"https:\/\/alprofitconsult.al\/it\/contact\/\" target=\"_self\">contattarci. Siamo un team di esperti e saremo lieti di parlare con te.<\/p>\n<\/div><\/div>","protected":false},"excerpt":{"rendered":"<p>Ku mund t\u00eb ankohemi p\u00ebr veprime t\u00eb Administrat\u00ebs Tatimore q\u00eb i konsiderojm\u00eb t\u00eb padrejta? Ankimi b\u00ebhet vet\u00ebm n\u00eb Drejtorin\u00eb e Apelimit Tatimor, e cila, q\u00eb nga 1 Janari vitit 2017, \u00ebsht\u00eb pjes\u00eb e struktur\u00ebs s\u00eb Ministris\u00eb s\u00eb Financave dhe Ekonomis\u00eb. \u00c7far\u00eb rregullash ka p\u00ebr t\u00eb b\u00ebr\u00eb nj\u00eb ankim? Duhet t\u00eb kesh nj\u00eb dokument (t\u00eb d\u00ebrguar [&hellip;]<\/p>\n","protected":false},"author":1,"featured_media":16950,"parent":16020,"menu_order":0,"comment_status":"closed","ping_status":"closed","template":"","meta":{"footnotes":""},"class_list":["post-16025","page","type-page","status-publish","has-post-thumbnail","hentry"],"yoast_head":"<!-- This site is optimized with the Yoast SEO plugin v26.5 - https:\/\/yoast.com\/wordpress\/plugins\/seo\/ -->\n<title>Apelimi tatimor - AlProfit Consult<\/title>\n<meta name=\"robots\" content=\"index, follow, max-snippet:-1, max-image-preview:large, max-video-preview:-1\" \/>\n<link rel=\"canonical\" href=\"https:\/\/alprofitconsult.al\/it\/tasse\/organizata-jofitimprurese\/deklarimi-dhe-pagesa\/apelimi-tatimor\/\" \/>\n<meta property=\"og:locale\" content=\"it_IT\" \/>\n<meta property=\"og:type\" content=\"article\" \/>\n<meta property=\"og:title\" content=\"Apelimi tatimor - AlProfit Consult\" \/>\n<meta property=\"og:description\" content=\"Ku mund t\u00eb ankohemi p\u00ebr veprime t\u00eb Administrat\u00ebs Tatimore q\u00eb i konsiderojm\u00eb t\u00eb padrejta? Ankimi b\u00ebhet vet\u00ebm n\u00eb Drejtorin\u00eb e Apelimit Tatimor, e cila, q\u00eb nga 1 Janari vitit 2017, \u00ebsht\u00eb pjes\u00eb e struktur\u00ebs s\u00eb Ministris\u00eb s\u00eb Financave dhe Ekonomis\u00eb. \u00c7far\u00eb rregullash ka p\u00ebr t\u00eb b\u00ebr\u00eb nj\u00eb ankim? Duhet t\u00eb kesh nj\u00eb dokument (t\u00eb d\u00ebrguar [&hellip;]\" \/>\n<meta property=\"og:url\" content=\"https:\/\/alprofitconsult.al\/it\/tasse\/organizata-jofitimprurese\/deklarimi-dhe-pagesa\/apelimi-tatimor\/\" \/>\n<meta property=\"og:site_name\" content=\"AlProfit Consult\" \/>\n<meta property=\"article:publisher\" content=\"https:\/\/www.facebook.com\/AlProfitConsult\/\" \/>\n<meta property=\"article:modified_time\" content=\"2022-10-22T11:23:37+00:00\" \/>\n<meta property=\"og:image\" content=\"https:\/\/alprofitconsult.al\/wp-content\/uploads\/2022\/10\/AlProfit-Consult-Apelimi-tatimor-OJF.jpg\" \/>\n\t<meta property=\"og:image:width\" content=\"1920\" \/>\n\t<meta property=\"og:image:height\" content=\"1124\" \/>\n\t<meta property=\"og:image:type\" content=\"image\/jpeg\" \/>\n<meta name=\"twitter:card\" content=\"summary_large_image\" \/>\n<meta name=\"twitter:site\" content=\"@AlProfitConsult\" \/>\n<meta name=\"twitter:label1\" content=\"Tempo di lettura stimato\" \/>\n\t<meta name=\"twitter:data1\" content=\"4 minuti\" \/>\n<script type=\"application\/ld+json\" class=\"yoast-schema-graph\">{\"@context\":\"https:\/\/schema.org\",\"@graph\":[{\"@type\":\"WebPage\",\"@id\":\"https:\/\/alprofitconsult.al\/en\/tatime\/organizata-jofitimprurese\/deklarimi-dhe-pagesa\/apelimi-tatimor\/\",\"url\":\"https:\/\/alprofitconsult.al\/en\/tatime\/organizata-jofitimprurese\/deklarimi-dhe-pagesa\/apelimi-tatimor\/\",\"name\":\"Apelimi tatimor - AlProfit Consult\",\"isPartOf\":{\"@id\":\"https:\/\/alprofitconsult.al\/#website\"},\"primaryImageOfPage\":{\"@id\":\"https:\/\/alprofitconsult.al\/en\/tatime\/organizata-jofitimprurese\/deklarimi-dhe-pagesa\/apelimi-tatimor\/#primaryimage\"},\"image\":{\"@id\":\"https:\/\/alprofitconsult.al\/en\/tatime\/organizata-jofitimprurese\/deklarimi-dhe-pagesa\/apelimi-tatimor\/#primaryimage\"},\"thumbnailUrl\":\"https:\/\/alprofitconsult.al\/wp-content\/uploads\/2022\/10\/AlProfit-Consult-Apelimi-tatimor-OJF.jpg\",\"datePublished\":\"2022-10-13T14:16:38+00:00\",\"dateModified\":\"2022-10-22T11:23:37+00:00\",\"breadcrumb\":{\"@id\":\"https:\/\/alprofitconsult.al\/en\/tatime\/organizata-jofitimprurese\/deklarimi-dhe-pagesa\/apelimi-tatimor\/#breadcrumb\"},\"inLanguage\":\"it-IT\",\"potentialAction\":[{\"@type\":\"ReadAction\",\"target\":[\"https:\/\/alprofitconsult.al\/en\/tatime\/organizata-jofitimprurese\/deklarimi-dhe-pagesa\/apelimi-tatimor\/\"]}]},{\"@type\":\"ImageObject\",\"inLanguage\":\"it-IT\",\"@id\":\"https:\/\/alprofitconsult.al\/en\/tatime\/organizata-jofitimprurese\/deklarimi-dhe-pagesa\/apelimi-tatimor\/#primaryimage\",\"url\":\"https:\/\/alprofitconsult.al\/wp-content\/uploads\/2022\/10\/AlProfit-Consult-Apelimi-tatimor-OJF.jpg\",\"contentUrl\":\"https:\/\/alprofitconsult.al\/wp-content\/uploads\/2022\/10\/AlProfit-Consult-Apelimi-tatimor-OJF.jpg\",\"width\":1920,\"height\":1124},{\"@type\":\"BreadcrumbList\",\"@id\":\"https:\/\/alprofitconsult.al\/en\/tatime\/organizata-jofitimprurese\/deklarimi-dhe-pagesa\/apelimi-tatimor\/#breadcrumb\",\"itemListElement\":[{\"@type\":\"ListItem\",\"position\":1,\"name\":\"Kryefaqe\",\"item\":\"https:\/\/alprofitconsult.al\/\"},{\"@type\":\"ListItem\",\"position\":2,\"name\":\"Legjislacioni tatimor\",\"item\":\"https:\/\/alprofitconsult.al\/en\/tatime\/\"},{\"@type\":\"ListItem\",\"position\":3,\"name\":\"Organizat\u00eb Jofitimprur\u00ebse dhe Ente Publike\",\"item\":\"https:\/\/alprofitconsult.al\/en\/tatime\/organizata-jofitimprurese\/\"},{\"@type\":\"ListItem\",\"position\":4,\"name\":\"Deklarimi dhe pagesa: Organizatat Jofitimprur\u00ebse\",\"item\":\"https:\/\/alprofitconsult.al\/en\/tatime\/organizata-jofitimprurese\/deklarimi-dhe-pagesa\/\"},{\"@type\":\"ListItem\",\"position\":5,\"name\":\"Apelimi tatimor\"}]},{\"@type\":\"WebSite\",\"@id\":\"https:\/\/alprofitconsult.al\/#website\",\"url\":\"https:\/\/alprofitconsult.al\/\",\"name\":\"AlProfit Consult\",\"description\":\"Zyr\u00eb Kontabiliteti\",\"publisher\":{\"@id\":\"https:\/\/alprofitconsult.al\/#organization\"},\"potentialAction\":[{\"@type\":\"SearchAction\",\"target\":{\"@type\":\"EntryPoint\",\"urlTemplate\":\"https:\/\/alprofitconsult.al\/?s={search_term_string}\"},\"query-input\":{\"@type\":\"PropertyValueSpecification\",\"valueRequired\":true,\"valueName\":\"search_term_string\"}}],\"inLanguage\":\"it-IT\"},{\"@type\":\"Organization\",\"@id\":\"https:\/\/alprofitconsult.al\/#organization\",\"name\":\"Alprofit Consult\",\"url\":\"https:\/\/alprofitconsult.al\/\",\"logo\":{\"@type\":\"ImageObject\",\"inLanguage\":\"it-IT\",\"@id\":\"https:\/\/alprofitconsult.al\/#\/schema\/logo\/image\/\",\"url\":\"https:\/\/alprofitconsult.al\/wp-content\/uploads\/2022\/10\/logoalprofit.png\",\"contentUrl\":\"https:\/\/alprofitconsult.al\/wp-content\/uploads\/2022\/10\/logoalprofit.png\",\"width\":529,\"height\":156,\"caption\":\"Alprofit Consult\"},\"image\":{\"@id\":\"https:\/\/alprofitconsult.al\/#\/schema\/logo\/image\/\"},\"sameAs\":[\"https:\/\/www.facebook.com\/AlProfitConsult\/\",\"https:\/\/x.com\/AlProfitConsult\",\"https:\/\/www.linkedin.com\/company\/andi-haxhillari\/\",\"https:\/\/www.pinterest.com\/AlProfitConsult\/\",\"https:\/\/www.youtube.com\/channel\/UCZ5Gfntn161Nla3g1XdRldA\",\"https:\/\/sq.wikipedia.org\/wiki\/P\u00ebrdoruesi:Andi25~sqwiki\"]}]}<\/script>\n<!-- \/ Yoast SEO plugin. -->","yoast_head_json":{"title":"Apelimi tatimor - AlProfit Consult","robots":{"index":"index","follow":"follow","max-snippet":"max-snippet:-1","max-image-preview":"max-image-preview:large","max-video-preview":"max-video-preview:-1"},"canonical":"https:\/\/alprofitconsult.al\/it\/tasse\/organizata-jofitimprurese\/deklarimi-dhe-pagesa\/apelimi-tatimor\/","og_locale":"it_IT","og_type":"article","og_title":"Apelimi tatimor - AlProfit Consult","og_description":"Ku mund t\u00eb ankohemi p\u00ebr veprime t\u00eb Administrat\u00ebs Tatimore q\u00eb i konsiderojm\u00eb t\u00eb padrejta? Ankimi b\u00ebhet vet\u00ebm n\u00eb Drejtorin\u00eb e Apelimit Tatimor, e cila, q\u00eb nga 1 Janari vitit 2017, \u00ebsht\u00eb pjes\u00eb e struktur\u00ebs s\u00eb Ministris\u00eb s\u00eb Financave dhe Ekonomis\u00eb. \u00c7far\u00eb rregullash ka p\u00ebr t\u00eb b\u00ebr\u00eb nj\u00eb ankim? Duhet t\u00eb kesh nj\u00eb dokument (t\u00eb d\u00ebrguar [&hellip;]","og_url":"https:\/\/alprofitconsult.al\/it\/tasse\/organizata-jofitimprurese\/deklarimi-dhe-pagesa\/apelimi-tatimor\/","og_site_name":"AlProfit Consult","article_publisher":"https:\/\/www.facebook.com\/AlProfitConsult\/","article_modified_time":"2022-10-22T11:23:37+00:00","og_image":[{"width":1920,"height":1124,"url":"https:\/\/alprofitconsult.al\/wp-content\/uploads\/2022\/10\/AlProfit-Consult-Apelimi-tatimor-OJF.jpg","type":"image\/jpeg"}],"twitter_card":"summary_large_image","twitter_site":"@AlProfitConsult","twitter_misc":{"Tempo di lettura stimato":"4 minuti"},"schema":{"@context":"https:\/\/schema.org","@graph":[{"@type":"WebPage","@id":"https:\/\/alprofitconsult.al\/en\/tatime\/organizata-jofitimprurese\/deklarimi-dhe-pagesa\/apelimi-tatimor\/","url":"https:\/\/alprofitconsult.al\/en\/tatime\/organizata-jofitimprurese\/deklarimi-dhe-pagesa\/apelimi-tatimor\/","name":"Apelimi tatimor - AlProfit Consult","isPartOf":{"@id":"https:\/\/alprofitconsult.al\/#website"},"primaryImageOfPage":{"@id":"https:\/\/alprofitconsult.al\/en\/tatime\/organizata-jofitimprurese\/deklarimi-dhe-pagesa\/apelimi-tatimor\/#primaryimage"},"image":{"@id":"https:\/\/alprofitconsult.al\/en\/tatime\/organizata-jofitimprurese\/deklarimi-dhe-pagesa\/apelimi-tatimor\/#primaryimage"},"thumbnailUrl":"https:\/\/alprofitconsult.al\/wp-content\/uploads\/2022\/10\/AlProfit-Consult-Apelimi-tatimor-OJF.jpg","datePublished":"2022-10-13T14:16:38+00:00","dateModified":"2022-10-22T11:23:37+00:00","breadcrumb":{"@id":"https:\/\/alprofitconsult.al\/en\/tatime\/organizata-jofitimprurese\/deklarimi-dhe-pagesa\/apelimi-tatimor\/#breadcrumb"},"inLanguage":"it-IT","potentialAction":[{"@type":"ReadAction","target":["https:\/\/alprofitconsult.al\/en\/tatime\/organizata-jofitimprurese\/deklarimi-dhe-pagesa\/apelimi-tatimor\/"]}]},{"@type":"ImageObject","inLanguage":"it-IT","@id":"https:\/\/alprofitconsult.al\/en\/tatime\/organizata-jofitimprurese\/deklarimi-dhe-pagesa\/apelimi-tatimor\/#primaryimage","url":"https:\/\/alprofitconsult.al\/wp-content\/uploads\/2022\/10\/AlProfit-Consult-Apelimi-tatimor-OJF.jpg","contentUrl":"https:\/\/alprofitconsult.al\/wp-content\/uploads\/2022\/10\/AlProfit-Consult-Apelimi-tatimor-OJF.jpg","width":1920,"height":1124},{"@type":"BreadcrumbList","@id":"https:\/\/alprofitconsult.al\/en\/tatime\/organizata-jofitimprurese\/deklarimi-dhe-pagesa\/apelimi-tatimor\/#breadcrumb","itemListElement":[{"@type":"ListItem","position":1,"name":"Kryefaqe","item":"https:\/\/alprofitconsult.al\/"},{"@type":"ListItem","position":2,"name":"Legjislacioni tatimor","item":"https:\/\/alprofitconsult.al\/en\/tatime\/"},{"@type":"ListItem","position":3,"name":"Organizat\u00eb Jofitimprur\u00ebse dhe Ente Publike","item":"https:\/\/alprofitconsult.al\/en\/tatime\/organizata-jofitimprurese\/"},{"@type":"ListItem","position":4,"name":"Deklarimi dhe pagesa: Organizatat Jofitimprur\u00ebse","item":"https:\/\/alprofitconsult.al\/en\/tatime\/organizata-jofitimprurese\/deklarimi-dhe-pagesa\/"},{"@type":"ListItem","position":5,"name":"Apelimi tatimor"}]},{"@type":"WebSite","@id":"https:\/\/alprofitconsult.al\/#website","url":"https:\/\/alprofitconsult.al\/","name":"AlProfit Consult","description":"Ufficio contabilit\u00e0","publisher":{"@id":"https:\/\/alprofitconsult.al\/#organization"},"potentialAction":[{"@type":"SearchAction","target":{"@type":"EntryPoint","urlTemplate":"https:\/\/alprofitconsult.al\/?s={search_term_string}"},"query-input":{"@type":"PropertyValueSpecification","valueRequired":true,"valueName":"search_term_string"}}],"inLanguage":"it-IT"},{"@type":"Organization","@id":"https:\/\/alprofitconsult.al\/#organization","name":"Alprofit Consult","url":"https:\/\/alprofitconsult.al\/","logo":{"@type":"ImageObject","inLanguage":"it-IT","@id":"https:\/\/alprofitconsult.al\/#\/schema\/logo\/image\/","url":"https:\/\/alprofitconsult.al\/wp-content\/uploads\/2022\/10\/logoalprofit.png","contentUrl":"https:\/\/alprofitconsult.al\/wp-content\/uploads\/2022\/10\/logoalprofit.png","width":529,"height":156,"caption":"Alprofit Consult"},"image":{"@id":"https:\/\/alprofitconsult.al\/#\/schema\/logo\/image\/"},"sameAs":["https:\/\/www.facebook.com\/AlProfitConsult\/","https:\/\/x.com\/AlProfitConsult","https:\/\/www.linkedin.com\/company\/andi-haxhillari\/","https:\/\/www.pinterest.com\/AlProfitConsult\/","https:\/\/www.youtube.com\/channel\/UCZ5Gfntn161Nla3g1XdRldA","https:\/\/sq.wikipedia.org\/wiki\/P\u00ebrdoruesi:Andi25~sqwiki"]}]}},"_links":{"self":[{"href":"https:\/\/alprofitconsult.al\/it\/wp-json\/wp\/v2\/pages\/16025","targetHints":{"allow":["GET"]}}],"collection":[{"href":"https:\/\/alprofitconsult.al\/it\/wp-json\/wp\/v2\/pages"}],"about":[{"href":"https:\/\/alprofitconsult.al\/it\/wp-json\/wp\/v2\/types\/page"}],"author":[{"embeddable":true,"href":"https:\/\/alprofitconsult.al\/it\/wp-json\/wp\/v2\/users\/1"}],"replies":[{"embeddable":true,"href":"https:\/\/alprofitconsult.al\/it\/wp-json\/wp\/v2\/comments?post=16025"}],"version-history":[{"count":5,"href":"https:\/\/alprofitconsult.al\/it\/wp-json\/wp\/v2\/pages\/16025\/revisions"}],"predecessor-version":[{"id":17122,"href":"https:\/\/alprofitconsult.al\/it\/wp-json\/wp\/v2\/pages\/16025\/revisions\/17122"}],"up":[{"embeddable":true,"href":"https:\/\/alprofitconsult.al\/it\/wp-json\/wp\/v2\/pages\/16020"}],"wp:featuredmedia":[{"embeddable":true,"href":"https:\/\/alprofitconsult.al\/it\/wp-json\/wp\/v2\/media\/16950"}],"wp:attachment":[{"href":"https:\/\/alprofitconsult.al\/it\/wp-json\/wp\/v2\/media?parent=16025"}],"curies":[{"name":"wp","href":"https:\/\/api.w.org\/{rel}","templated":true}]}}