{"id":16026,"date":"2022-10-13T14:16:38","date_gmt":"2022-10-13T14:16:38","guid":{"rendered":"https:\/\/alprofitconsult.al\/?page_id=16026"},"modified":"2022-10-22T11:23:58","modified_gmt":"2022-10-22T11:23:58","slug":"kalendari-tatimor","status":"publish","type":"page","link":"https:\/\/alprofitconsult.al\/it\/tatime\/organizata-jofitimprurese\/kalendari-tatimor\/","title":{"rendered":"Calendario fiscale"},"content":{"rendered":"<div class=\"yoast-breadcrumbs\"><span><span><a href=\"https:\/\/alprofitconsult.al\/it\/\">Home page<\/a><\/span> | <span><a href=\"https:\/\/alprofitconsult.al\/en\/tatime\/\">Normativa fiscale<\/a><\/span> | <span><a href=\"https:\/\/alprofitconsult.al\/en\/tatime\/organizata-jofitimprurese\/\">Organizat\u00eb Jofitimprur\u00ebse dhe Ente Publike<\/a><\/span> | <span class=\"breadcrumb_last\" aria-current=\"page\">Calendario fiscale<\/span><\/span><\/div>\n\n\n<p><\/p>\n\n\n\n<figure class=\"wp-block-image size-large\"><img loading=\"lazy\" decoding=\"async\" width=\"1024\" height=\"684\" src=\"https:\/\/alprofitconsult.al\/wp-content\/uploads\/2022\/10\/AlProfit-Consult-Kalendari-tatimor-OJF-1024x684.jpg\" alt=\"\" class=\"wp-image-16956\" srcset=\"https:\/\/alprofitconsult.al\/wp-content\/uploads\/2022\/10\/AlProfit-Consult-Kalendari-tatimor-OJF-1024x684.jpg 1024w, https:\/\/alprofitconsult.al\/wp-content\/uploads\/2022\/10\/AlProfit-Consult-Kalendari-tatimor-OJF-300x200.jpg 300w, https:\/\/alprofitconsult.al\/wp-content\/uploads\/2022\/10\/AlProfit-Consult-Kalendari-tatimor-OJF-150x100.jpg 150w, https:\/\/alprofitconsult.al\/wp-content\/uploads\/2022\/10\/AlProfit-Consult-Kalendari-tatimor-OJF-768x513.jpg 768w, https:\/\/alprofitconsult.al\/wp-content\/uploads\/2022\/10\/AlProfit-Consult-Kalendari-tatimor-OJF-1536x1026.jpg 1536w, https:\/\/alprofitconsult.al\/wp-content\/uploads\/2022\/10\/AlProfit-Consult-Kalendari-tatimor-OJF.jpg 1920w\" sizes=\"auto, (max-width: 1024px) 100vw, 1024px\" \/><\/figure>\n\n\n\n<p><\/p>\n\n\n\n<figure class=\"wp-block-table\"><table class=\"has-fixed-layout\"><tbody><tr><td>Lloji&nbsp;i deklarimit<\/td><td>Afati i deklarimit<\/td><td>Afati i pages\u00ebs<\/td><\/tr><tr><td>Deklarimi i tatimit mbi fitimin<\/td><td>Jo m\u00eb von\u00eb se data 31 Mars e vitit q\u00eb pason periudh\u00ebn tatimore<\/td><td>K\u00ebst 3-mujor: jo m\u00eb von\u00eb se data 30 e muajit t\u00eb fundit t\u00eb 3-mujorit (30 Mars, 30 Qershor, 30 Shtator, 30 Dhjetor); ose k\u00ebst mujor: jo m\u00eb von\u00eb se data 15 e \u00e7do muaji.<\/td><\/tr><tr><td>Deklarimi mujor i tatimit mbi t\u00eb ardhurat nga pun\u00ebsimi (TAP)<\/td><td>Jo m\u00eb von\u00eb se data 20 e muajit q\u00eb pason periudh\u00ebn tatimore p\u00ebr tatimpagues t\u00eb regjistruar me p\u00ebrgjegj\u00ebsi tatimore tatim mbi fitimin; p\u00ebr tatimpaguesit e regjistruar me p\u00ebrgjegj\u00ebsi tatimore tatim i thjeshtuar mbi fitimin kryhet brenda dat\u00ebs 20 t\u00eb muajit t\u00eb par\u00eb pas p\u00ebrfundimit t\u00eb \u00e7do tremujori t\u00eb vitit kalendarik<\/td><td>Jo m\u00eb von\u00eb se data 20 e muajit q\u00eb pason periudh\u00ebn tatimore, p\u00ebr tatimpagues t\u00eb regjistruar me p\u00ebrgjegj\u00ebsi tatimore tatim mbi fitimin; p\u00ebr tatimpaguesit e regjistruar me p\u00ebrgjegj\u00ebsi tatimore tatim i thjeshtuar mbi fitimin kryhet brenda dat\u00ebs 20 t\u00eb muajit t\u00eb par\u00eb pas p\u00ebrfundimit t\u00eb \u00e7do tremujori t\u00eb vitit kalendarik<\/td><\/tr><tr><td>Deklarimi mujor i Sigurimeve Shoq\u00ebrore dhe Sh\u00ebndet\u00ebsore<\/td><td>Jo m\u00eb von\u00eb se data 20 e muajit q\u00eb pason periudh\u00ebn tatimore p\u00ebr tatimpagues t\u00eb regjistruar me p\u00ebrgjegj\u00ebsi tatimore tatim mbi fitimin; p\u00ebr tatimpaguesit e regjistruar me p\u00ebrgjegj\u00ebsi tatimore tatim i thjeshtuar mbi fitimin kryhet brenda dat\u00ebs 20 t\u00eb muajit t\u00eb par\u00eb pas p\u00ebrfundimit t\u00eb \u00e7do tremujori t\u00eb vitit kalendarik<\/td><td>Jo m\u00eb von\u00eb se data 20 e muajit q\u00eb pason periudh\u00ebn tatimore, p\u00ebr tatimpagues t\u00eb regjistruar me p\u00ebrgjegj\u00ebsi tatimore tatim mbi fitimin; p\u00ebr tatimpaguesit e regjistruar me p\u00ebrgjegj\u00ebsi tatimore tatim i thjeshtuar mbi fitimin kryhet brenda dat\u00ebs 20 t\u00eb muajit t\u00eb par\u00eb pas p\u00ebrfundimit t\u00eb \u00e7do tremujori t\u00eb vitit kalendarik<\/td><\/tr><tr><td>Deklarimi i tatimit n\u00eb burim<\/td><td>Jo m\u00eb von\u00eb se data 20 e muajit pasardh\u00ebs<\/td><td>Jo m\u00eb von\u00eb se data 20 e muajit pasardh\u00ebs<\/td><\/tr><tr><td>Deklarimi i tatimit mbi vler\u00ebn e shtuar (TVSH)<\/td><td>Jo m\u00eb von\u00eb se data 14 e muajit pasardh\u00ebs<\/td><td>Jo m\u00eb von\u00eb se data 14 e muajit pasardh\u00ebs<\/td><\/tr><tr><td>Deklarimi i taksave komb\u00ebtare<\/td><td>Jo m\u00eb von\u00eb se data 15 e muajit pasardh\u00ebs<\/td><td>Jo m\u00eb von\u00eb se data 15 e muajit pasardh\u00ebs<\/td><\/tr><tr><td>Deklarimi i tarifave komb\u00ebtare<\/td><td>Jo m\u00eb von\u00eb se data 15 e muajit pasardh\u00ebs<\/td><td>Jo m\u00eb von\u00eb se data 15 e muajit pasardh\u00ebs<\/td><\/tr><\/tbody><\/table><\/figure>\n\n\n\n<p>Fonte: <a href=\"https:\/\/www.tatime.gov.al\/c\/5\/182\/kalendari-tatimor\" target=\"_blank\" rel=\"noreferrer noopener\">Drejtoria e P\u00ebrgjithshme e Tatimeve.<\/a><\/p>\n\n\n<div class=\"gdlr-core-widget-box-shortcode\" style=\"color: #ffffff ;background-color: #000014 ;\"  ><h3 class=\"gdlr-core-widget-box-shortcode-title\" style=\"color: #ffffff ;\"  >Hai qualche domanda?<\/h3><div class=\"gdlr-core-widget-box-shortcode-content\" ><p class=\"translation-block\">Non esitare a <a href=\"https:\/\/alprofitconsult.al\/it\/contact\/\" target=\"_self\">contattarci. Siamo un team di esperti e saremo lieti di parlare con te.<\/p>\n<\/div><\/div>","protected":false},"excerpt":{"rendered":"<p>Lloji&nbsp;i deklarimit Afati i deklarimit Afati i pages\u00ebs Deklarimi i tatimit mbi fitimin Jo m\u00eb von\u00eb se data 31 Mars e vitit q\u00eb pason periudh\u00ebn tatimore K\u00ebst 3-mujor: jo m\u00eb von\u00eb se data 30 e muajit t\u00eb fundit t\u00eb 3-mujorit (30 Mars, 30 Qershor, 30 Shtator, 30 Dhjetor); ose k\u00ebst mujor: jo m\u00eb von\u00eb se [&hellip;]<\/p>\n","protected":false},"author":1,"featured_media":16956,"parent":16008,"menu_order":0,"comment_status":"closed","ping_status":"closed","template":"","meta":{"footnotes":""},"class_list":["post-16026","page","type-page","status-publish","has-post-thumbnail","hentry"],"yoast_head":"<!-- This site is optimized with the Yoast SEO plugin v26.5 - https:\/\/yoast.com\/wordpress\/plugins\/seo\/ -->\n<title>Kalendari tatimor - AlProfit Consult<\/title>\n<meta name=\"robots\" content=\"index, follow, max-snippet:-1, max-image-preview:large, max-video-preview:-1\" \/>\n<link rel=\"canonical\" href=\"https:\/\/alprofitconsult.al\/it\/tasse\/organizata-jofitimprurese\/kalendari-tatimor\/\" \/>\n<meta property=\"og:locale\" content=\"it_IT\" \/>\n<meta property=\"og:type\" content=\"article\" \/>\n<meta property=\"og:title\" content=\"Kalendari tatimor - AlProfit Consult\" \/>\n<meta property=\"og:description\" content=\"Lloji&nbsp;i deklarimit Afati i deklarimit Afati i pages\u00ebs Deklarimi i tatimit mbi fitimin Jo m\u00eb von\u00eb se data 31 Mars e vitit q\u00eb pason periudh\u00ebn tatimore K\u00ebst 3-mujor: jo m\u00eb von\u00eb se data 30 e muajit t\u00eb fundit t\u00eb 3-mujorit (30 Mars, 30 Qershor, 30 Shtator, 30 Dhjetor); ose k\u00ebst mujor: jo m\u00eb von\u00eb se [&hellip;]\" \/>\n<meta property=\"og:url\" content=\"https:\/\/alprofitconsult.al\/it\/tasse\/organizata-jofitimprurese\/kalendari-tatimor\/\" \/>\n<meta property=\"og:site_name\" content=\"AlProfit Consult\" \/>\n<meta property=\"article:publisher\" content=\"https:\/\/www.facebook.com\/AlProfitConsult\/\" \/>\n<meta property=\"article:modified_time\" content=\"2022-10-22T11:23:58+00:00\" \/>\n<meta property=\"og:image\" content=\"https:\/\/alprofitconsult.al\/wp-content\/uploads\/2022\/10\/AlProfit-Consult-Kalendari-tatimor-OJF.jpg\" \/>\n\t<meta property=\"og:image:width\" content=\"1920\" \/>\n\t<meta property=\"og:image:height\" content=\"1282\" \/>\n\t<meta property=\"og:image:type\" content=\"image\/jpeg\" \/>\n<meta name=\"twitter:card\" content=\"summary_large_image\" \/>\n<meta name=\"twitter:site\" content=\"@AlProfitConsult\" \/>\n<meta name=\"twitter:label1\" content=\"Tempo di lettura stimato\" \/>\n\t<meta name=\"twitter:data1\" content=\"2 minuti\" \/>\n<script type=\"application\/ld+json\" class=\"yoast-schema-graph\">{\"@context\":\"https:\/\/schema.org\",\"@graph\":[{\"@type\":\"WebPage\",\"@id\":\"https:\/\/alprofitconsult.al\/en\/tatime\/organizata-jofitimprurese\/kalendari-tatimor\/\",\"url\":\"https:\/\/alprofitconsult.al\/en\/tatime\/organizata-jofitimprurese\/kalendari-tatimor\/\",\"name\":\"Kalendari tatimor - AlProfit Consult\",\"isPartOf\":{\"@id\":\"https:\/\/alprofitconsult.al\/#website\"},\"primaryImageOfPage\":{\"@id\":\"https:\/\/alprofitconsult.al\/en\/tatime\/organizata-jofitimprurese\/kalendari-tatimor\/#primaryimage\"},\"image\":{\"@id\":\"https:\/\/alprofitconsult.al\/en\/tatime\/organizata-jofitimprurese\/kalendari-tatimor\/#primaryimage\"},\"thumbnailUrl\":\"https:\/\/alprofitconsult.al\/wp-content\/uploads\/2022\/10\/AlProfit-Consult-Kalendari-tatimor-OJF.jpg\",\"datePublished\":\"2022-10-13T14:16:38+00:00\",\"dateModified\":\"2022-10-22T11:23:58+00:00\",\"breadcrumb\":{\"@id\":\"https:\/\/alprofitconsult.al\/en\/tatime\/organizata-jofitimprurese\/kalendari-tatimor\/#breadcrumb\"},\"inLanguage\":\"it-IT\",\"potentialAction\":[{\"@type\":\"ReadAction\",\"target\":[\"https:\/\/alprofitconsult.al\/en\/tatime\/organizata-jofitimprurese\/kalendari-tatimor\/\"]}]},{\"@type\":\"ImageObject\",\"inLanguage\":\"it-IT\",\"@id\":\"https:\/\/alprofitconsult.al\/en\/tatime\/organizata-jofitimprurese\/kalendari-tatimor\/#primaryimage\",\"url\":\"https:\/\/alprofitconsult.al\/wp-content\/uploads\/2022\/10\/AlProfit-Consult-Kalendari-tatimor-OJF.jpg\",\"contentUrl\":\"https:\/\/alprofitconsult.al\/wp-content\/uploads\/2022\/10\/AlProfit-Consult-Kalendari-tatimor-OJF.jpg\",\"width\":1920,\"height\":1282},{\"@type\":\"BreadcrumbList\",\"@id\":\"https:\/\/alprofitconsult.al\/en\/tatime\/organizata-jofitimprurese\/kalendari-tatimor\/#breadcrumb\",\"itemListElement\":[{\"@type\":\"ListItem\",\"position\":1,\"name\":\"Kryefaqe\",\"item\":\"https:\/\/alprofitconsult.al\/\"},{\"@type\":\"ListItem\",\"position\":2,\"name\":\"Legjislacioni tatimor\",\"item\":\"https:\/\/alprofitconsult.al\/en\/tatime\/\"},{\"@type\":\"ListItem\",\"position\":3,\"name\":\"Organizat\u00eb Jofitimprur\u00ebse dhe Ente Publike\",\"item\":\"https:\/\/alprofitconsult.al\/en\/tatime\/organizata-jofitimprurese\/\"},{\"@type\":\"ListItem\",\"position\":4,\"name\":\"Kalendari tatimor\"}]},{\"@type\":\"WebSite\",\"@id\":\"https:\/\/alprofitconsult.al\/#website\",\"url\":\"https:\/\/alprofitconsult.al\/\",\"name\":\"AlProfit Consult\",\"description\":\"Zyr\u00eb Kontabiliteti\",\"publisher\":{\"@id\":\"https:\/\/alprofitconsult.al\/#organization\"},\"potentialAction\":[{\"@type\":\"SearchAction\",\"target\":{\"@type\":\"EntryPoint\",\"urlTemplate\":\"https:\/\/alprofitconsult.al\/?s={search_term_string}\"},\"query-input\":{\"@type\":\"PropertyValueSpecification\",\"valueRequired\":true,\"valueName\":\"search_term_string\"}}],\"inLanguage\":\"it-IT\"},{\"@type\":\"Organization\",\"@id\":\"https:\/\/alprofitconsult.al\/#organization\",\"name\":\"Alprofit Consult\",\"url\":\"https:\/\/alprofitconsult.al\/\",\"logo\":{\"@type\":\"ImageObject\",\"inLanguage\":\"it-IT\",\"@id\":\"https:\/\/alprofitconsult.al\/#\/schema\/logo\/image\/\",\"url\":\"https:\/\/alprofitconsult.al\/wp-content\/uploads\/2022\/10\/logoalprofit.png\",\"contentUrl\":\"https:\/\/alprofitconsult.al\/wp-content\/uploads\/2022\/10\/logoalprofit.png\",\"width\":529,\"height\":156,\"caption\":\"Alprofit Consult\"},\"image\":{\"@id\":\"https:\/\/alprofitconsult.al\/#\/schema\/logo\/image\/\"},\"sameAs\":[\"https:\/\/www.facebook.com\/AlProfitConsult\/\",\"https:\/\/x.com\/AlProfitConsult\",\"https:\/\/www.linkedin.com\/company\/andi-haxhillari\/\",\"https:\/\/www.pinterest.com\/AlProfitConsult\/\",\"https:\/\/www.youtube.com\/channel\/UCZ5Gfntn161Nla3g1XdRldA\",\"https:\/\/sq.wikipedia.org\/wiki\/P\u00ebrdoruesi:Andi25~sqwiki\"]}]}<\/script>\n<!-- \/ Yoast SEO plugin. -->","yoast_head_json":{"title":"Kalendari tatimor - AlProfit Consult","robots":{"index":"index","follow":"follow","max-snippet":"max-snippet:-1","max-image-preview":"max-image-preview:large","max-video-preview":"max-video-preview:-1"},"canonical":"https:\/\/alprofitconsult.al\/it\/tasse\/organizata-jofitimprurese\/kalendari-tatimor\/","og_locale":"it_IT","og_type":"article","og_title":"Kalendari tatimor - AlProfit Consult","og_description":"Lloji&nbsp;i deklarimit Afati i deklarimit Afati i pages\u00ebs Deklarimi i tatimit mbi fitimin Jo m\u00eb von\u00eb se data 31 Mars e vitit q\u00eb pason periudh\u00ebn tatimore K\u00ebst 3-mujor: jo m\u00eb von\u00eb se data 30 e muajit t\u00eb fundit t\u00eb 3-mujorit (30 Mars, 30 Qershor, 30 Shtator, 30 Dhjetor); ose k\u00ebst mujor: jo m\u00eb von\u00eb se [&hellip;]","og_url":"https:\/\/alprofitconsult.al\/it\/tasse\/organizata-jofitimprurese\/kalendari-tatimor\/","og_site_name":"AlProfit Consult","article_publisher":"https:\/\/www.facebook.com\/AlProfitConsult\/","article_modified_time":"2022-10-22T11:23:58+00:00","og_image":[{"width":1920,"height":1282,"url":"https:\/\/alprofitconsult.al\/wp-content\/uploads\/2022\/10\/AlProfit-Consult-Kalendari-tatimor-OJF.jpg","type":"image\/jpeg"}],"twitter_card":"summary_large_image","twitter_site":"@AlProfitConsult","twitter_misc":{"Tempo di lettura stimato":"2 minuti"},"schema":{"@context":"https:\/\/schema.org","@graph":[{"@type":"WebPage","@id":"https:\/\/alprofitconsult.al\/en\/tatime\/organizata-jofitimprurese\/kalendari-tatimor\/","url":"https:\/\/alprofitconsult.al\/en\/tatime\/organizata-jofitimprurese\/kalendari-tatimor\/","name":"Kalendari tatimor - AlProfit Consult","isPartOf":{"@id":"https:\/\/alprofitconsult.al\/#website"},"primaryImageOfPage":{"@id":"https:\/\/alprofitconsult.al\/en\/tatime\/organizata-jofitimprurese\/kalendari-tatimor\/#primaryimage"},"image":{"@id":"https:\/\/alprofitconsult.al\/en\/tatime\/organizata-jofitimprurese\/kalendari-tatimor\/#primaryimage"},"thumbnailUrl":"https:\/\/alprofitconsult.al\/wp-content\/uploads\/2022\/10\/AlProfit-Consult-Kalendari-tatimor-OJF.jpg","datePublished":"2022-10-13T14:16:38+00:00","dateModified":"2022-10-22T11:23:58+00:00","breadcrumb":{"@id":"https:\/\/alprofitconsult.al\/en\/tatime\/organizata-jofitimprurese\/kalendari-tatimor\/#breadcrumb"},"inLanguage":"it-IT","potentialAction":[{"@type":"ReadAction","target":["https:\/\/alprofitconsult.al\/en\/tatime\/organizata-jofitimprurese\/kalendari-tatimor\/"]}]},{"@type":"ImageObject","inLanguage":"it-IT","@id":"https:\/\/alprofitconsult.al\/en\/tatime\/organizata-jofitimprurese\/kalendari-tatimor\/#primaryimage","url":"https:\/\/alprofitconsult.al\/wp-content\/uploads\/2022\/10\/AlProfit-Consult-Kalendari-tatimor-OJF.jpg","contentUrl":"https:\/\/alprofitconsult.al\/wp-content\/uploads\/2022\/10\/AlProfit-Consult-Kalendari-tatimor-OJF.jpg","width":1920,"height":1282},{"@type":"BreadcrumbList","@id":"https:\/\/alprofitconsult.al\/en\/tatime\/organizata-jofitimprurese\/kalendari-tatimor\/#breadcrumb","itemListElement":[{"@type":"ListItem","position":1,"name":"Kryefaqe","item":"https:\/\/alprofitconsult.al\/"},{"@type":"ListItem","position":2,"name":"Legjislacioni tatimor","item":"https:\/\/alprofitconsult.al\/en\/tatime\/"},{"@type":"ListItem","position":3,"name":"Organizat\u00eb Jofitimprur\u00ebse dhe Ente Publike","item":"https:\/\/alprofitconsult.al\/en\/tatime\/organizata-jofitimprurese\/"},{"@type":"ListItem","position":4,"name":"Kalendari tatimor"}]},{"@type":"WebSite","@id":"https:\/\/alprofitconsult.al\/#website","url":"https:\/\/alprofitconsult.al\/","name":"AlProfit Consult","description":"Ufficio contabilit\u00e0","publisher":{"@id":"https:\/\/alprofitconsult.al\/#organization"},"potentialAction":[{"@type":"SearchAction","target":{"@type":"EntryPoint","urlTemplate":"https:\/\/alprofitconsult.al\/?s={search_term_string}"},"query-input":{"@type":"PropertyValueSpecification","valueRequired":true,"valueName":"search_term_string"}}],"inLanguage":"it-IT"},{"@type":"Organization","@id":"https:\/\/alprofitconsult.al\/#organization","name":"Alprofit Consult","url":"https:\/\/alprofitconsult.al\/","logo":{"@type":"ImageObject","inLanguage":"it-IT","@id":"https:\/\/alprofitconsult.al\/#\/schema\/logo\/image\/","url":"https:\/\/alprofitconsult.al\/wp-content\/uploads\/2022\/10\/logoalprofit.png","contentUrl":"https:\/\/alprofitconsult.al\/wp-content\/uploads\/2022\/10\/logoalprofit.png","width":529,"height":156,"caption":"Alprofit Consult"},"image":{"@id":"https:\/\/alprofitconsult.al\/#\/schema\/logo\/image\/"},"sameAs":["https:\/\/www.facebook.com\/AlProfitConsult\/","https:\/\/x.com\/AlProfitConsult","https:\/\/www.linkedin.com\/company\/andi-haxhillari\/","https:\/\/www.pinterest.com\/AlProfitConsult\/","https:\/\/www.youtube.com\/channel\/UCZ5Gfntn161Nla3g1XdRldA","https:\/\/sq.wikipedia.org\/wiki\/P\u00ebrdoruesi:Andi25~sqwiki"]}]}},"_links":{"self":[{"href":"https:\/\/alprofitconsult.al\/it\/wp-json\/wp\/v2\/pages\/16026","targetHints":{"allow":["GET"]}}],"collection":[{"href":"https:\/\/alprofitconsult.al\/it\/wp-json\/wp\/v2\/pages"}],"about":[{"href":"https:\/\/alprofitconsult.al\/it\/wp-json\/wp\/v2\/types\/page"}],"author":[{"embeddable":true,"href":"https:\/\/alprofitconsult.al\/it\/wp-json\/wp\/v2\/users\/1"}],"replies":[{"embeddable":true,"href":"https:\/\/alprofitconsult.al\/it\/wp-json\/wp\/v2\/comments?post=16026"}],"version-history":[{"count":5,"href":"https:\/\/alprofitconsult.al\/it\/wp-json\/wp\/v2\/pages\/16026\/revisions"}],"predecessor-version":[{"id":17124,"href":"https:\/\/alprofitconsult.al\/it\/wp-json\/wp\/v2\/pages\/16026\/revisions\/17124"}],"up":[{"embeddable":true,"href":"https:\/\/alprofitconsult.al\/it\/wp-json\/wp\/v2\/pages\/16008"}],"wp:featuredmedia":[{"embeddable":true,"href":"https:\/\/alprofitconsult.al\/it\/wp-json\/wp\/v2\/media\/16956"}],"wp:attachment":[{"href":"https:\/\/alprofitconsult.al\/it\/wp-json\/wp\/v2\/media?parent=16026"}],"curies":[{"name":"wp","href":"https:\/\/api.w.org\/{rel}","templated":true}]}}