{"id":16028,"date":"2022-10-13T14:16:39","date_gmt":"2022-10-13T14:16:39","guid":{"rendered":"https:\/\/alprofitconsult.al\/?page_id=16028"},"modified":"2024-12-01T19:03:25","modified_gmt":"2024-12-01T19:03:25","slug":"mbajtja-e-te-dhenave-dhe-faturimi","status":"publish","type":"page","link":"https:\/\/alprofitconsult.al\/it\/tatime\/organizata-jofitimprurese\/mbajtja-e-te-dhenave\/mbajtja-e-te-dhenave-dhe-faturimi\/","title":{"rendered":"Conservazione dei dati e fatturazione"},"content":{"rendered":"<div class=\"yoast-breadcrumbs\"><span><span><a href=\"https:\/\/alprofitconsult.al\/it\/\">Home page<\/a><\/span> | <span><a href=\"https:\/\/alprofitconsult.al\/en\/tatime\/\">Normativa fiscale<\/a><\/span> | <span><a href=\"https:\/\/alprofitconsult.al\/en\/tatime\/organizata-jofitimprurese\/\">Organizat\u00eb Jofitimprur\u00ebse dhe Ente Publike<\/a><\/span> | <span><a href=\"https:\/\/alprofitconsult.al\/en\/tatime\/organizata-jofitimprurese\/mbajtja-e-te-dhenave\/\">Mbajtja e t\u00eb dh\u00ebnave: Organizatat Jofitimprur\u00ebse<\/a><\/span> | <span class=\"breadcrumb_last\" aria-current=\"page\">Conservazione dei dati e fatturazione<\/span><\/span><\/div>\n\n\n<p><\/p>\n\n\n\n<figure class=\"wp-block-image size-large\"><img loading=\"lazy\" decoding=\"async\" width=\"1024\" height=\"819\" src=\"https:\/\/alprofitconsult.al\/wp-content\/uploads\/2022\/10\/AlProfit-Consult-Mbajtja-e-te-dhenave-dhe-faturimi-OJF-1024x819.jpg\" alt=\"\" class=\"wp-image-16961\" srcset=\"https:\/\/alprofitconsult.al\/wp-content\/uploads\/2022\/10\/AlProfit-Consult-Mbajtja-e-te-dhenave-dhe-faturimi-OJF-1024x819.jpg 1024w, https:\/\/alprofitconsult.al\/wp-content\/uploads\/2022\/10\/AlProfit-Consult-Mbajtja-e-te-dhenave-dhe-faturimi-OJF-300x240.jpg 300w, https:\/\/alprofitconsult.al\/wp-content\/uploads\/2022\/10\/AlProfit-Consult-Mbajtja-e-te-dhenave-dhe-faturimi-OJF-150x120.jpg 150w, https:\/\/alprofitconsult.al\/wp-content\/uploads\/2022\/10\/AlProfit-Consult-Mbajtja-e-te-dhenave-dhe-faturimi-OJF-768x614.jpg 768w, https:\/\/alprofitconsult.al\/wp-content\/uploads\/2022\/10\/AlProfit-Consult-Mbajtja-e-te-dhenave-dhe-faturimi-OJF-1536x1229.jpg 1536w, https:\/\/alprofitconsult.al\/wp-content\/uploads\/2022\/10\/AlProfit-Consult-Mbajtja-e-te-dhenave-dhe-faturimi-OJF.jpg 1920w\" sizes=\"auto, (max-width: 1024px) 100vw, 1024px\" \/><\/figure>\n\n\n\n<p><\/p>\n\n\n\n<p>Organizatat Jofitimprur\u00ebse dhe Entet Publike\/Nd\u00ebrmarrjet Shtet\u00ebrore kan\u00eb detyrimin ligjor t\u00eb mbajn\u00eb dhe dokumentojn\u00eb veprimtarin\u00eb q\u00eb ata ushtrojn\u00eb sipas k\u00ebrkesave ligjore n\u00eb fuqi. Dokumentacioni i k\u00ebrkuar \u00ebsht\u00eb n\u00eb funksion t\u00eb p\u00ebrgjegj\u00ebseve tatimore p\u00ebr t\u00eb cilat k\u00ebto subjekte jan\u00eb regjistruar.<\/p>\n\n\n\n<h2 class=\"wp-block-heading\">Conservazione dei dati e fatturazione<\/h2>\n\n\n\n<p>\u201cLibra dhe regjistrime\u201d jan\u00eb regjistrimet tregtare, dokumentacioni kontab\u00ebl, llogarit\u00eb vjetore dhe raportet financiare, si dhe t\u00eb gjitha dokumentet e tjera, q\u00eb kan\u00eb t\u00eb b\u00ebjn\u00eb me subjektin tatimpagues, korrespondenc\u00ebn e biznesit, faturat dhe dokumentet p\u00ebrkat\u00ebse, q\u00eb duhen krijuar dhe mbajtur p\u00ebr p\u00ebrcaktimin e shumave t\u00eb tatimeve, q\u00eb duhen paguar nga tatimpaguesi;<br>Dokumentimi dhe mbajtja e t\u00eb dh\u00ebnave tatimore p\u00ebr tatimpaguesit, subjekt i TVSH-s\u00eb ose i Tatim Fitimit.<\/p>\n\n\n\n<p>A. Organizatat Jofitimprur\u00ebse dhe Entet Publike, q\u00eb jan\u00eb subjekt i TVSH-s\u00eb ose i tatimit mbi fitimin, p\u00ebr p\u00ebrllogaritjen e detyrimit tatimor, mbajn\u00eb regjistrat, dokumentacionin kontab\u00ebl, librat dhe informacionin financiar, si dhe l\u00ebshojn\u00eb fatur\u00eb tatimore, d\u00ebftes\u00eb tatimore ose kupon tatimor, n\u00eb p\u00ebrputhje me ligjet p\u00ebrkat\u00ebse, si dhe aktet n\u00ebnligjore, t\u00eb nxjerra n\u00eb zbatim t\u00eb tyre.<\/p>\n\n\n\n<p>B. Organizata Jofitimprur\u00ebse dhe Entet Publike, subjekt i TVSH-s\u00eb, regjistron menj\u00ebher\u00eb t\u00eb gjitha veprimet financiare dhe p\u00ebrgatit e mban libra e regjistra kontab\u00ebl, ku regjistrohen:<\/p>\n\n\n\n<ol class=\"wp-block-list\">\n<li>Shitjet e p\u00ebrditshme t\u00eb mallrave ose kryerja e punimeve apo e sh\u00ebrbimeve t\u00eb tatueshme, p\u00ebrfshir\u00eb shum\u00ebn e secilit veprim dhe shum\u00ebn e tatimit t\u00eb ngarkuar;<\/li>\n\n\n\n<li>Veprimet e p\u00ebrfunduara, por akoma t\u00eb pafaturuara;<\/li>\n\n\n\n<li>Veprimet e patatueshme;<\/li>\n\n\n\n<li>Pagesat p\u00ebr mallra dhe sh\u00ebrbime, p\u00ebrfshi shum\u00ebn e secil\u00ebs blerje apo pages\u00eb, shum\u00ebn e tatimit t\u00eb paguar dhe emrin e adres\u00ebn e furnizuesit.<\/li>\n<\/ol>\n\n\n\n<p>C. \u00c7do bler\u00ebsi, person fizik, juridik ose individ, i lind e drejta t\u00eb mos kryej\u00eb transaksionin p\u00ebr vler\u00ebn e mallit ose sh\u00ebrbimit t\u00eb ofruar, n\u00ebse shit\u00ebsi nuk l\u00ebshon fatur\u00ebn tatimore ose kuponin tatimor, n\u00eb p\u00ebrputhje me k\u00ebt\u00eb ligj. P\u00ebr k\u00ebt\u00eb q\u00ebllim, Organizatat Jofitimprur\u00ebse dhe Entet Publike detyrohen t\u00eb afishojn\u00eb n\u00eb nj\u00eb vend t\u00eb duksh\u00ebm, n\u00eb adres\u00ebn ku kryejn\u00eb veprimtarin\u00eb, nj\u00eb njoftim p\u00ebr bler\u00ebsin n\u00eb p\u00ebrputhje me k\u00ebt\u00eb nen.<\/p>\n\n\n\n<p>Fonte: <a href=\"https:\/\/www.tatime.gov.al\/c\/5\/79\/94\/mbajtja-e-te-dhenave-dhe-faturimi\" target=\"_blank\" rel=\"noreferrer noopener\">Drejtoria e P\u00ebrgjithshme e Tatimeve.<\/a><\/p>\n\n\n<div class=\"gdlr-core-widget-box-shortcode\" style=\"color: #ffffff ;background-color: #000014 ;\"  ><h3 class=\"gdlr-core-widget-box-shortcode-title\" style=\"color: #ffffff ;\"  >Hai qualche domanda?<\/h3><div class=\"gdlr-core-widget-box-shortcode-content\" ><p class=\"translation-block\">Non esitare a <a href=\"https:\/\/alprofitconsult.al\/it\/contact\/\" target=\"_self\">contattarci. Siamo un team di esperti e saremo lieti di parlare con te.<\/p>\n<\/div><\/div>","protected":false},"excerpt":{"rendered":"<p>Organizatat Jofitimprur\u00ebse dhe Entet Publike\/Nd\u00ebrmarrjet Shtet\u00ebrore kan\u00eb detyrimin ligjor t\u00eb mbajn\u00eb dhe dokumentojn\u00eb veprimtarin\u00eb q\u00eb ata ushtrojn\u00eb sipas k\u00ebrkesave ligjore n\u00eb fuqi. Dokumentacioni i k\u00ebrkuar \u00ebsht\u00eb n\u00eb funksion t\u00eb p\u00ebrgjegj\u00ebseve tatimore p\u00ebr t\u00eb cilat k\u00ebto subjekte jan\u00eb regjistruar. Mbajtja e t\u00eb dh\u00ebnave dhe faturimi \u201cLibra dhe regjistrime\u201d jan\u00eb regjistrimet tregtare, dokumentacioni kontab\u00ebl, llogarit\u00eb vjetore dhe [&hellip;]<\/p>\n","protected":false},"author":1,"featured_media":16961,"parent":16027,"menu_order":0,"comment_status":"closed","ping_status":"closed","template":"","meta":{"footnotes":""},"class_list":["post-16028","page","type-page","status-publish","has-post-thumbnail","hentry"],"yoast_head":"<!-- This site is optimized with the Yoast SEO plugin v26.5 - https:\/\/yoast.com\/wordpress\/plugins\/seo\/ -->\n<title>Mbajtja e t\u00eb dh\u00ebnave dhe faturimi - AlProfit Consult<\/title>\n<meta name=\"robots\" content=\"index, follow, max-snippet:-1, max-image-preview:large, max-video-preview:-1\" \/>\n<link rel=\"canonical\" href=\"https:\/\/alprofitconsult.al\/it\/tasse\/organizata-jofitimprurese\/mbajtja-e-te-dhenave\/mbajtja-e-te-dhenave-dhe-faturimi\/\" \/>\n<meta property=\"og:locale\" content=\"it_IT\" \/>\n<meta property=\"og:type\" content=\"article\" \/>\n<meta property=\"og:title\" content=\"Mbajtja e t\u00eb dh\u00ebnave dhe faturimi - AlProfit Consult\" \/>\n<meta property=\"og:description\" content=\"Organizatat Jofitimprur\u00ebse dhe Entet Publike\/Nd\u00ebrmarrjet Shtet\u00ebrore kan\u00eb detyrimin ligjor t\u00eb mbajn\u00eb dhe dokumentojn\u00eb veprimtarin\u00eb q\u00eb ata ushtrojn\u00eb sipas k\u00ebrkesave ligjore n\u00eb fuqi. Dokumentacioni i k\u00ebrkuar \u00ebsht\u00eb n\u00eb funksion t\u00eb p\u00ebrgjegj\u00ebseve tatimore p\u00ebr t\u00eb cilat k\u00ebto subjekte jan\u00eb regjistruar. Mbajtja e t\u00eb dh\u00ebnave dhe faturimi \u201cLibra dhe regjistrime\u201d jan\u00eb regjistrimet tregtare, dokumentacioni kontab\u00ebl, llogarit\u00eb vjetore dhe [&hellip;]\" \/>\n<meta property=\"og:url\" content=\"https:\/\/alprofitconsult.al\/it\/tasse\/organizata-jofitimprurese\/mbajtja-e-te-dhenave\/mbajtja-e-te-dhenave-dhe-faturimi\/\" \/>\n<meta property=\"og:site_name\" content=\"AlProfit Consult\" \/>\n<meta property=\"article:publisher\" content=\"https:\/\/www.facebook.com\/AlProfitConsult\/\" \/>\n<meta property=\"article:modified_time\" content=\"2024-12-01T19:03:25+00:00\" \/>\n<meta property=\"og:image\" content=\"https:\/\/alprofitconsult.al\/wp-content\/uploads\/2022\/10\/AlProfit-Consult-Mbajtja-e-te-dhenave-dhe-faturimi-OJF.jpg\" \/>\n\t<meta property=\"og:image:width\" content=\"1920\" \/>\n\t<meta property=\"og:image:height\" content=\"1536\" \/>\n\t<meta property=\"og:image:type\" content=\"image\/jpeg\" \/>\n<meta name=\"twitter:card\" content=\"summary_large_image\" \/>\n<meta name=\"twitter:site\" content=\"@AlProfitConsult\" \/>\n<meta name=\"twitter:label1\" content=\"Tempo di lettura stimato\" \/>\n\t<meta name=\"twitter:data1\" content=\"2 minuti\" \/>\n<script type=\"application\/ld+json\" class=\"yoast-schema-graph\">{\"@context\":\"https:\/\/schema.org\",\"@graph\":[{\"@type\":\"WebPage\",\"@id\":\"https:\/\/alprofitconsult.al\/en\/tatime\/organizata-jofitimprurese\/mbajtja-e-te-dhenave\/mbajtja-e-te-dhenave-dhe-faturimi\/\",\"url\":\"https:\/\/alprofitconsult.al\/en\/tatime\/organizata-jofitimprurese\/mbajtja-e-te-dhenave\/mbajtja-e-te-dhenave-dhe-faturimi\/\",\"name\":\"Mbajtja e t\u00eb dh\u00ebnave dhe faturimi - AlProfit Consult\",\"isPartOf\":{\"@id\":\"https:\/\/alprofitconsult.al\/#website\"},\"primaryImageOfPage\":{\"@id\":\"https:\/\/alprofitconsult.al\/en\/tatime\/organizata-jofitimprurese\/mbajtja-e-te-dhenave\/mbajtja-e-te-dhenave-dhe-faturimi\/#primaryimage\"},\"image\":{\"@id\":\"https:\/\/alprofitconsult.al\/en\/tatime\/organizata-jofitimprurese\/mbajtja-e-te-dhenave\/mbajtja-e-te-dhenave-dhe-faturimi\/#primaryimage\"},\"thumbnailUrl\":\"https:\/\/alprofitconsult.al\/wp-content\/uploads\/2022\/10\/AlProfit-Consult-Mbajtja-e-te-dhenave-dhe-faturimi-OJF.jpg\",\"datePublished\":\"2022-10-13T14:16:39+00:00\",\"dateModified\":\"2024-12-01T19:03:25+00:00\",\"breadcrumb\":{\"@id\":\"https:\/\/alprofitconsult.al\/en\/tatime\/organizata-jofitimprurese\/mbajtja-e-te-dhenave\/mbajtja-e-te-dhenave-dhe-faturimi\/#breadcrumb\"},\"inLanguage\":\"it-IT\",\"potentialAction\":[{\"@type\":\"ReadAction\",\"target\":[\"https:\/\/alprofitconsult.al\/en\/tatime\/organizata-jofitimprurese\/mbajtja-e-te-dhenave\/mbajtja-e-te-dhenave-dhe-faturimi\/\"]}]},{\"@type\":\"ImageObject\",\"inLanguage\":\"it-IT\",\"@id\":\"https:\/\/alprofitconsult.al\/en\/tatime\/organizata-jofitimprurese\/mbajtja-e-te-dhenave\/mbajtja-e-te-dhenave-dhe-faturimi\/#primaryimage\",\"url\":\"https:\/\/alprofitconsult.al\/wp-content\/uploads\/2022\/10\/AlProfit-Consult-Mbajtja-e-te-dhenave-dhe-faturimi-OJF.jpg\",\"contentUrl\":\"https:\/\/alprofitconsult.al\/wp-content\/uploads\/2022\/10\/AlProfit-Consult-Mbajtja-e-te-dhenave-dhe-faturimi-OJF.jpg\",\"width\":1920,\"height\":1536},{\"@type\":\"BreadcrumbList\",\"@id\":\"https:\/\/alprofitconsult.al\/en\/tatime\/organizata-jofitimprurese\/mbajtja-e-te-dhenave\/mbajtja-e-te-dhenave-dhe-faturimi\/#breadcrumb\",\"itemListElement\":[{\"@type\":\"ListItem\",\"position\":1,\"name\":\"Kryefaqe\",\"item\":\"https:\/\/alprofitconsult.al\/\"},{\"@type\":\"ListItem\",\"position\":2,\"name\":\"Legjislacioni tatimor\",\"item\":\"https:\/\/alprofitconsult.al\/en\/tatime\/\"},{\"@type\":\"ListItem\",\"position\":3,\"name\":\"Organizat\u00eb Jofitimprur\u00ebse dhe Ente Publike\",\"item\":\"https:\/\/alprofitconsult.al\/en\/tatime\/organizata-jofitimprurese\/\"},{\"@type\":\"ListItem\",\"position\":4,\"name\":\"Mbajtja e t\u00eb dh\u00ebnave: Organizatat Jofitimprur\u00ebse\",\"item\":\"https:\/\/alprofitconsult.al\/en\/tatime\/organizata-jofitimprurese\/mbajtja-e-te-dhenave\/\"},{\"@type\":\"ListItem\",\"position\":5,\"name\":\"Mbajtja e t\u00eb dh\u00ebnave dhe faturimi\"}]},{\"@type\":\"WebSite\",\"@id\":\"https:\/\/alprofitconsult.al\/#website\",\"url\":\"https:\/\/alprofitconsult.al\/\",\"name\":\"AlProfit Consult\",\"description\":\"Zyr\u00eb Kontabiliteti\",\"publisher\":{\"@id\":\"https:\/\/alprofitconsult.al\/#organization\"},\"potentialAction\":[{\"@type\":\"SearchAction\",\"target\":{\"@type\":\"EntryPoint\",\"urlTemplate\":\"https:\/\/alprofitconsult.al\/?s={search_term_string}\"},\"query-input\":{\"@type\":\"PropertyValueSpecification\",\"valueRequired\":true,\"valueName\":\"search_term_string\"}}],\"inLanguage\":\"it-IT\"},{\"@type\":\"Organization\",\"@id\":\"https:\/\/alprofitconsult.al\/#organization\",\"name\":\"Alprofit Consult\",\"url\":\"https:\/\/alprofitconsult.al\/\",\"logo\":{\"@type\":\"ImageObject\",\"inLanguage\":\"it-IT\",\"@id\":\"https:\/\/alprofitconsult.al\/#\/schema\/logo\/image\/\",\"url\":\"https:\/\/alprofitconsult.al\/wp-content\/uploads\/2022\/10\/logoalprofit.png\",\"contentUrl\":\"https:\/\/alprofitconsult.al\/wp-content\/uploads\/2022\/10\/logoalprofit.png\",\"width\":529,\"height\":156,\"caption\":\"Alprofit Consult\"},\"image\":{\"@id\":\"https:\/\/alprofitconsult.al\/#\/schema\/logo\/image\/\"},\"sameAs\":[\"https:\/\/www.facebook.com\/AlProfitConsult\/\",\"https:\/\/x.com\/AlProfitConsult\",\"https:\/\/www.linkedin.com\/company\/andi-haxhillari\/\",\"https:\/\/www.pinterest.com\/AlProfitConsult\/\",\"https:\/\/www.youtube.com\/channel\/UCZ5Gfntn161Nla3g1XdRldA\",\"https:\/\/sq.wikipedia.org\/wiki\/P\u00ebrdoruesi:Andi25~sqwiki\"]}]}<\/script>\n<!-- \/ Yoast SEO plugin. -->","yoast_head_json":{"title":"Mbajtja e t\u00eb dh\u00ebnave dhe faturimi - AlProfit Consult","robots":{"index":"index","follow":"follow","max-snippet":"max-snippet:-1","max-image-preview":"max-image-preview:large","max-video-preview":"max-video-preview:-1"},"canonical":"https:\/\/alprofitconsult.al\/it\/tasse\/organizata-jofitimprurese\/mbajtja-e-te-dhenave\/mbajtja-e-te-dhenave-dhe-faturimi\/","og_locale":"it_IT","og_type":"article","og_title":"Mbajtja e t\u00eb dh\u00ebnave dhe faturimi - AlProfit Consult","og_description":"Organizatat Jofitimprur\u00ebse dhe Entet Publike\/Nd\u00ebrmarrjet Shtet\u00ebrore kan\u00eb detyrimin ligjor t\u00eb mbajn\u00eb dhe dokumentojn\u00eb veprimtarin\u00eb q\u00eb ata ushtrojn\u00eb sipas k\u00ebrkesave ligjore n\u00eb fuqi. Dokumentacioni i k\u00ebrkuar \u00ebsht\u00eb n\u00eb funksion t\u00eb p\u00ebrgjegj\u00ebseve tatimore p\u00ebr t\u00eb cilat k\u00ebto subjekte jan\u00eb regjistruar. Mbajtja e t\u00eb dh\u00ebnave dhe faturimi \u201cLibra dhe regjistrime\u201d jan\u00eb regjistrimet tregtare, dokumentacioni kontab\u00ebl, llogarit\u00eb vjetore dhe [&hellip;]","og_url":"https:\/\/alprofitconsult.al\/it\/tasse\/organizata-jofitimprurese\/mbajtja-e-te-dhenave\/mbajtja-e-te-dhenave-dhe-faturimi\/","og_site_name":"AlProfit Consult","article_publisher":"https:\/\/www.facebook.com\/AlProfitConsult\/","article_modified_time":"2024-12-01T19:03:25+00:00","og_image":[{"width":1920,"height":1536,"url":"https:\/\/alprofitconsult.al\/wp-content\/uploads\/2022\/10\/AlProfit-Consult-Mbajtja-e-te-dhenave-dhe-faturimi-OJF.jpg","type":"image\/jpeg"}],"twitter_card":"summary_large_image","twitter_site":"@AlProfitConsult","twitter_misc":{"Tempo di lettura stimato":"2 minuti"},"schema":{"@context":"https:\/\/schema.org","@graph":[{"@type":"WebPage","@id":"https:\/\/alprofitconsult.al\/en\/tatime\/organizata-jofitimprurese\/mbajtja-e-te-dhenave\/mbajtja-e-te-dhenave-dhe-faturimi\/","url":"https:\/\/alprofitconsult.al\/en\/tatime\/organizata-jofitimprurese\/mbajtja-e-te-dhenave\/mbajtja-e-te-dhenave-dhe-faturimi\/","name":"Mbajtja e t\u00eb dh\u00ebnave dhe faturimi - AlProfit Consult","isPartOf":{"@id":"https:\/\/alprofitconsult.al\/#website"},"primaryImageOfPage":{"@id":"https:\/\/alprofitconsult.al\/en\/tatime\/organizata-jofitimprurese\/mbajtja-e-te-dhenave\/mbajtja-e-te-dhenave-dhe-faturimi\/#primaryimage"},"image":{"@id":"https:\/\/alprofitconsult.al\/en\/tatime\/organizata-jofitimprurese\/mbajtja-e-te-dhenave\/mbajtja-e-te-dhenave-dhe-faturimi\/#primaryimage"},"thumbnailUrl":"https:\/\/alprofitconsult.al\/wp-content\/uploads\/2022\/10\/AlProfit-Consult-Mbajtja-e-te-dhenave-dhe-faturimi-OJF.jpg","datePublished":"2022-10-13T14:16:39+00:00","dateModified":"2024-12-01T19:03:25+00:00","breadcrumb":{"@id":"https:\/\/alprofitconsult.al\/en\/tatime\/organizata-jofitimprurese\/mbajtja-e-te-dhenave\/mbajtja-e-te-dhenave-dhe-faturimi\/#breadcrumb"},"inLanguage":"it-IT","potentialAction":[{"@type":"ReadAction","target":["https:\/\/alprofitconsult.al\/en\/tatime\/organizata-jofitimprurese\/mbajtja-e-te-dhenave\/mbajtja-e-te-dhenave-dhe-faturimi\/"]}]},{"@type":"ImageObject","inLanguage":"it-IT","@id":"https:\/\/alprofitconsult.al\/en\/tatime\/organizata-jofitimprurese\/mbajtja-e-te-dhenave\/mbajtja-e-te-dhenave-dhe-faturimi\/#primaryimage","url":"https:\/\/alprofitconsult.al\/wp-content\/uploads\/2022\/10\/AlProfit-Consult-Mbajtja-e-te-dhenave-dhe-faturimi-OJF.jpg","contentUrl":"https:\/\/alprofitconsult.al\/wp-content\/uploads\/2022\/10\/AlProfit-Consult-Mbajtja-e-te-dhenave-dhe-faturimi-OJF.jpg","width":1920,"height":1536},{"@type":"BreadcrumbList","@id":"https:\/\/alprofitconsult.al\/en\/tatime\/organizata-jofitimprurese\/mbajtja-e-te-dhenave\/mbajtja-e-te-dhenave-dhe-faturimi\/#breadcrumb","itemListElement":[{"@type":"ListItem","position":1,"name":"Kryefaqe","item":"https:\/\/alprofitconsult.al\/"},{"@type":"ListItem","position":2,"name":"Legjislacioni tatimor","item":"https:\/\/alprofitconsult.al\/en\/tatime\/"},{"@type":"ListItem","position":3,"name":"Organizat\u00eb Jofitimprur\u00ebse dhe Ente Publike","item":"https:\/\/alprofitconsult.al\/en\/tatime\/organizata-jofitimprurese\/"},{"@type":"ListItem","position":4,"name":"Mbajtja e t\u00eb dh\u00ebnave: Organizatat Jofitimprur\u00ebse","item":"https:\/\/alprofitconsult.al\/en\/tatime\/organizata-jofitimprurese\/mbajtja-e-te-dhenave\/"},{"@type":"ListItem","position":5,"name":"Mbajtja e t\u00eb dh\u00ebnave dhe faturimi"}]},{"@type":"WebSite","@id":"https:\/\/alprofitconsult.al\/#website","url":"https:\/\/alprofitconsult.al\/","name":"AlProfit Consult","description":"Ufficio contabilit\u00e0","publisher":{"@id":"https:\/\/alprofitconsult.al\/#organization"},"potentialAction":[{"@type":"SearchAction","target":{"@type":"EntryPoint","urlTemplate":"https:\/\/alprofitconsult.al\/?s={search_term_string}"},"query-input":{"@type":"PropertyValueSpecification","valueRequired":true,"valueName":"search_term_string"}}],"inLanguage":"it-IT"},{"@type":"Organization","@id":"https:\/\/alprofitconsult.al\/#organization","name":"Alprofit Consult","url":"https:\/\/alprofitconsult.al\/","logo":{"@type":"ImageObject","inLanguage":"it-IT","@id":"https:\/\/alprofitconsult.al\/#\/schema\/logo\/image\/","url":"https:\/\/alprofitconsult.al\/wp-content\/uploads\/2022\/10\/logoalprofit.png","contentUrl":"https:\/\/alprofitconsult.al\/wp-content\/uploads\/2022\/10\/logoalprofit.png","width":529,"height":156,"caption":"Alprofit Consult"},"image":{"@id":"https:\/\/alprofitconsult.al\/#\/schema\/logo\/image\/"},"sameAs":["https:\/\/www.facebook.com\/AlProfitConsult\/","https:\/\/x.com\/AlProfitConsult","https:\/\/www.linkedin.com\/company\/andi-haxhillari\/","https:\/\/www.pinterest.com\/AlProfitConsult\/","https:\/\/www.youtube.com\/channel\/UCZ5Gfntn161Nla3g1XdRldA","https:\/\/sq.wikipedia.org\/wiki\/P\u00ebrdoruesi:Andi25~sqwiki"]}]}},"_links":{"self":[{"href":"https:\/\/alprofitconsult.al\/it\/wp-json\/wp\/v2\/pages\/16028","targetHints":{"allow":["GET"]}}],"collection":[{"href":"https:\/\/alprofitconsult.al\/it\/wp-json\/wp\/v2\/pages"}],"about":[{"href":"https:\/\/alprofitconsult.al\/it\/wp-json\/wp\/v2\/types\/page"}],"author":[{"embeddable":true,"href":"https:\/\/alprofitconsult.al\/it\/wp-json\/wp\/v2\/users\/1"}],"replies":[{"embeddable":true,"href":"https:\/\/alprofitconsult.al\/it\/wp-json\/wp\/v2\/comments?post=16028"}],"version-history":[{"count":5,"href":"https:\/\/alprofitconsult.al\/it\/wp-json\/wp\/v2\/pages\/16028\/revisions"}],"predecessor-version":[{"id":20248,"href":"https:\/\/alprofitconsult.al\/it\/wp-json\/wp\/v2\/pages\/16028\/revisions\/20248"}],"up":[{"embeddable":true,"href":"https:\/\/alprofitconsult.al\/it\/wp-json\/wp\/v2\/pages\/16027"}],"wp:featuredmedia":[{"embeddable":true,"href":"https:\/\/alprofitconsult.al\/it\/wp-json\/wp\/v2\/media\/16961"}],"wp:attachment":[{"href":"https:\/\/alprofitconsult.al\/it\/wp-json\/wp\/v2\/media?parent=16028"}],"curies":[{"name":"wp","href":"https:\/\/api.w.org\/{rel}","templated":true}]}}