{"id":16029,"date":"2022-10-13T14:16:39","date_gmt":"2022-10-13T14:16:39","guid":{"rendered":"https:\/\/alprofitconsult.al\/?page_id=16029"},"modified":"2022-10-22T11:25:13","modified_gmt":"2022-10-22T11:25:13","slug":"mbajtja-e-dokumentacionit","status":"publish","type":"page","link":"https:\/\/alprofitconsult.al\/it\/tatime\/organizata-jofitimprurese\/mbajtja-e-te-dhenave\/mbajtja-e-dokumentacionit\/","title":{"rendered":"Mbajtja e dokumentacionit"},"content":{"rendered":"<div class=\"yoast-breadcrumbs\"><span><span><a href=\"https:\/\/alprofitconsult.al\/it\/\">Home page<\/a><\/span> | <span><a href=\"https:\/\/alprofitconsult.al\/en\/tatime\/\">Normativa fiscale<\/a><\/span> | <span><a href=\"https:\/\/alprofitconsult.al\/en\/tatime\/organizata-jofitimprurese\/\">Organizat\u00eb Jofitimprur\u00ebse dhe Ente Publike<\/a><\/span> | <span><a href=\"https:\/\/alprofitconsult.al\/en\/tatime\/organizata-jofitimprurese\/mbajtja-e-te-dhenave\/\">Mbajtja e t\u00eb dh\u00ebnave: Organizatat Jofitimprur\u00ebse<\/a><\/span> | <span class=\"breadcrumb_last\" aria-current=\"page\">Mbajtja e dokumentacionit<\/span><\/span><\/div>\n\n\n<p><\/p>\n\n\n\n<figure class=\"wp-block-image size-large\"><img loading=\"lazy\" decoding=\"async\" width=\"1024\" height=\"683\" src=\"https:\/\/alprofitconsult.al\/wp-content\/uploads\/2022\/10\/AlProft-Consult-Mbajtja-e-dokumentacionit-OJF-1024x683.jpg\" alt=\"\" class=\"wp-image-16964\" srcset=\"https:\/\/alprofitconsult.al\/wp-content\/uploads\/2022\/10\/AlProft-Consult-Mbajtja-e-dokumentacionit-OJF-1024x683.jpg 1024w, https:\/\/alprofitconsult.al\/wp-content\/uploads\/2022\/10\/AlProft-Consult-Mbajtja-e-dokumentacionit-OJF-300x200.jpg 300w, https:\/\/alprofitconsult.al\/wp-content\/uploads\/2022\/10\/AlProft-Consult-Mbajtja-e-dokumentacionit-OJF-150x100.jpg 150w, https:\/\/alprofitconsult.al\/wp-content\/uploads\/2022\/10\/AlProft-Consult-Mbajtja-e-dokumentacionit-OJF-768x512.jpg 768w, https:\/\/alprofitconsult.al\/wp-content\/uploads\/2022\/10\/AlProft-Consult-Mbajtja-e-dokumentacionit-OJF-1536x1024.jpg 1536w, https:\/\/alprofitconsult.al\/wp-content\/uploads\/2022\/10\/AlProft-Consult-Mbajtja-e-dokumentacionit-OJF.jpg 1920w\" sizes=\"auto, (max-width: 1024px) 100vw, 1024px\" \/><\/figure>\n\n\n\n<p>Regjistrat, librat dhe informacioni financiar jan\u00eb dokumente, q\u00eb p\u00ebrmbajn\u00eb informacionin e regjistruar, n\u00eb m\u00ebnyr\u00eb kronologjike dhe sistematike, t\u00eb veprimeve tregtare, t\u00eb cilat mbahen p\u00ebr p\u00ebrcaktimin e shum\u00ebs s\u00eb detyrimeve tatimore t\u00eb Organizatave Jofitimprur\u00ebse dhe Enteve Publike<\/p>\n\n\n\n<p>T\u00eb dh\u00ebnat dhe informacioni financiar e kontab\u00ebl ruhen nga Organizatat Jofitimprur\u00ebse dhe Entet Publike, p\u00ebr t\u00eb pakt\u00ebn 5 vjet, duke filluar nga fundi i vitit tatimor, t\u00eb cilit i p\u00ebrkasin dokumentet.<\/p>\n\n\n\n<p>Organizatat Jofitimprur\u00ebse dhe Entet Publike, p\u00ebr \u00e7do shitje, l\u00ebshojn\u00eb fatur\u00eb tatimore ose kupon tatimor.<\/p>\n\n\n\n<h4 class=\"wp-block-heading\">Fatura tatimore<\/h4>\n\n\n\n<p>\u00c7do shitblerje mallrash apo t\u00eb drejtash, si dhe \u00e7do kryerje punimi apo sh\u00ebrbimi, q\u00eb \u00ebsht\u00eb pjes\u00eb e veprimtaris\u00eb tregtare, \u00ebsht\u00eb objekt faturimi.<\/p>\n\n\n\n<p>Faturat p\u00ebr shitjen e sendeve apo kryerjen e punimeve e t\u00eb sh\u00ebrbimeve jan\u00eb fatura tatimore, t\u00eb cilat p\u00ebrfshihen n\u00eb p\u00ebrllogaritjet e detyrimit tatimor.<\/p>\n\n\n\n<p>Fatura tatimore p\u00ebrmban numrin rendor dhe numrin personal t\u00eb identifikimit, numrin e identifikimit t\u00eb Organizat\u00ebs Jofitimprur\u00ebse dhe Entit Publik, dat\u00ebn dhe vendin e l\u00ebshimit, emrin dhe adres\u00ebn e pal\u00ebve, dat\u00ebn e realizimit t\u00eb shitjes ose t\u00eb punimit apo sh\u00ebrbimit, em\u00ebrtimin e sakt\u00eb t\u00eb tyre, \u00e7mimin e plot\u00eb t\u00eb shitjes dhe, n\u00ebse \u00ebsht\u00eb rasti, rritjet ose zbritjet e tjera, t\u00eb zbatuara, si dhe shumat e shifruara, cilado qoft\u00eb m\u00ebnyra e likuidimit t\u00eb fatur\u00ebs.<\/p>\n\n\n\n<h4 class=\"wp-block-heading\">Fatura tatimore me TVSH<\/h4>\n\n\n\n<ol class=\"wp-block-list\"><li>Organizata Jofitimprur\u00ebse dhe Enti Publik, q\u00eb i n\u00ebnshtrohet tatimit mbi vler\u00ebn e shtuar (TVSH), sa her\u00eb q\u00eb ofron mallra apo sh\u00ebrbime p\u00ebr nj\u00eb person tjet\u00ebr, duhet t\u00eb l\u00ebshoj\u00eb fature tatimore me TVSH, n\u00eb p\u00ebrputhje me ligjin nr. <a href=\"https:\/\/alprofitconsult.al\/wp-content\/uploads\/2022\/10\/Ligj-Nr-92-2014-date-24.7.2014-Per-tatimin-mbi-vleren-e-shtuar-ne-Republiken-e-Shqiperise-i-ndryshuar.pdf\" target=\"_blank\" rel=\"noreferrer noopener\">92\/2014, dat\u00eb 24.7.2014<\/a> \u201cP\u00ebr tatimin mbi vler\u00ebn e shtuar\u201d, t\u00eb ndryshuar.<\/li><li>Ministri i Financave, me udh\u00ebzim, mund t\u00eb parashikoj\u00eb transaksione, p\u00ebr t\u00eb cilat nuk ekziston detyrimi i l\u00ebshimit t\u00eb nj\u00eb fature tatimore, duke p\u00ebrcaktuar kriteret p\u00ebr dokumentimin e k\u00ebtyre transaksioneve.<\/li><li>P\u00ebrve\u00e7 p\u00ebrshkrimeve dhe t\u00eb dh\u00ebnave, t\u00eb parashikuara n\u00eb pik\u00ebn 3 t\u00eb nenit 49 t\u00eb k\u00ebtij ligji, fatura tatimore me TVSH p\u00ebrmban :<ul><li>vler\u00ebn, mbi t\u00eb cilin p\u00ebrllogaritet TVSH -ja;<\/li><li>vler\u00ebn me TVSH, t\u00eb zbatuar sipas kategorive t\u00eb sendeve, punimeve e sh\u00ebrbimeve; <\/li><li>shum\u00ebn e TVSH-s\u00eb.<\/li><\/ul><\/li><\/ol>\n\n\n\n<h4 class=\"wp-block-heading\">L\u00ebshimi i fatur\u00ebs tatimore<\/h4>\n\n\n\n<p>Shit\u00ebsi l\u00ebshon fatur\u00eb tatimore dhe bler\u00ebsi duhet ta k\u00ebrkoj\u00eb at\u00eb n\u00eb koh\u00ebn e realizimit t\u00eb shitjes apo t\u00eb kryerjes s\u00eb punimit ose sh\u00ebrbimit. Fatura tatimore p\u00ebrgatitet nga shit\u00ebsi n\u00eb jo m\u00eb pak se dy kopje, nga t\u00eb cilat nj\u00ebr\u00ebn e merr dhe e ruan bler\u00ebsi, kurse tjetr\u00ebn e mban dhe e ruan shit\u00ebsi. Faturat p\u00ebrgatiten me num\u00ebr rendor progresiv.<\/p>\n\n\n\n<h4 class=\"wp-block-heading\">Kuponi tatimor<\/h4>\n\n\n\n<p>Kuponi tatimor \u00ebsht\u00eb dokumenti i l\u00ebshuar me an\u00eb t\u00eb pajisjeve fiskale apo t\u00eb pajisjeve t\u00eb tjera elektronike me aparat shtypshkrimi.<\/p>\n\n\n\n<p>Organizatat Jofitimprur\u00ebse dhe Entet Publike, q\u00eb detyrohen t\u00eb l\u00ebshojn\u00eb kupona tatimor\u00eb l\u00ebshojn\u00eb nj\u00ebherazi edhe fatur\u00eb, n\u00ebse shitja apo sh\u00ebrbimi i kryer \u00ebsht\u00eb p\u00ebr nj\u00eb p\u00ebrdorim tregtar dhe, p\u00ebr k\u00ebt\u00eb shkak, bler\u00ebsi \u00ebsht\u00eb i detyruar ta k\u00ebrkoj\u00eb fatur\u00ebn.<\/p>\n\n\n\n<p>T\u00eb gjith\u00eb Organizatat Jofitimprur\u00ebse dhe Entet Publike, q\u00eb shesin mallra apo ofrojn\u00eb sh\u00ebrbime n\u00eb mjedise apo nj\u00ebsi t\u00eb p\u00ebrhershme, t\u00eb hapura p\u00ebr publikun, duhet t\u00eb instalojn\u00eb pajisje fiskale dhe t\u00eb l\u00ebshojn\u00eb kupona tatimor\u00eb p\u00ebr \u00e7do transaksion.<\/p>\n\n\n\n<p>Kuponi tatimor, i pashoq\u00ebruar me fatur\u00eb, nuk njihet si dokument justifikues i shpenzimeve p\u00ebr bler\u00ebsin, ushtrues t\u00eb nj\u00eb veprimtarie tregtare.<\/p>\n\n\n\n<h3 class=\"wp-block-heading\">Detyrimi p\u00ebr p\u00ebrdorimin e pajisjeve fiskale dhe p\u00ebr vendosjen e sistemeve t\u00eb monitorimit t\u00eb qarkullimit<\/h3>\n\n\n\n<p>Organizatat Jofitimprur\u00ebse dhe Entet Publike, q\u00eb kryejn\u00eb qarkullimin e mallrave dhe t\u00eb sh\u00ebrbimeve, p\u00ebr t\u00eb cilat pagesat nuk kryhen n\u00ebp\u00ebrmjet bank\u00ebs, jan\u00eb t\u00eb detyruar t\u00eb instalojn\u00eb dhe t\u00eb p\u00ebrdorin sistemin fiskal, n\u00ebp\u00ebrmjet p\u00ebrdorimit t\u00eb pajisjeve fiskale, p\u00ebr regjistrimin e pagesave me para n\u00eb dor\u00eb dhe p\u00ebr l\u00ebshimin, n\u00eb m\u00ebnyr\u00eb t\u00eb detyrueshme, t\u00eb kuponit tatimor.<\/p>\n\n\n\n<h3 class=\"wp-block-heading\">Dokumentimi i mallrave<\/h3>\n\n\n\n<p>Organizatat Jofitimprur\u00ebse dhe Entet Publike q\u00eb mbajn\u00eb, tregtojn\u00eb, p\u00ebrdorin ose transportojn\u00eb mallra, duhet t\u00eb ken\u00eb dokumentet e nevojshme tatimore, q\u00eb provojn\u00eb pron\u00ebsin\u00eb ose kontrollin mbi k\u00ebto mallra dhe, me k\u00ebrkes\u00ebn e zyrtar\u00ebve t\u00eb Administrat\u00ebs Tatimore.<\/p>\n\n\n\n<p>Fonte: <a href=\"https:\/\/www.tatime.gov.al\/c\/5\/79\/95\/mbajtja-e-dokumentacionit\" target=\"_blank\" rel=\"noreferrer noopener\">Direzione Generale delle Imposte.<\/a><\/p>\n\n\n<div class=\"gdlr-core-widget-box-shortcode\" style=\"color: #ffffff ;background-color: #000014 ;\"  ><h3 class=\"gdlr-core-widget-box-shortcode-title\" style=\"color: #ffffff ;\"  >Hai qualche domanda?<\/h3><div class=\"gdlr-core-widget-box-shortcode-content\" ><p class=\"translation-block\">Non esitare a <a href=\"https:\/\/alprofitconsult.al\/it\/contact\/\" target=\"_self\">contattarci. Siamo un team di esperti e saremo lieti di parlare con te.<\/p>\n<\/div><\/div>","protected":false},"excerpt":{"rendered":"<p>Regjistrat, librat dhe informacioni financiar jan\u00eb dokumente, q\u00eb p\u00ebrmbajn\u00eb informacionin e regjistruar, n\u00eb m\u00ebnyr\u00eb kronologjike dhe sistematike, t\u00eb veprimeve tregtare, t\u00eb cilat mbahen p\u00ebr p\u00ebrcaktimin e shum\u00ebs s\u00eb detyrimeve tatimore t\u00eb Organizatave Jofitimprur\u00ebse dhe Enteve Publike T\u00eb dh\u00ebnat dhe informacioni financiar e kontab\u00ebl ruhen nga Organizatat Jofitimprur\u00ebse dhe Entet Publike, p\u00ebr t\u00eb pakt\u00ebn 5 vjet, [&hellip;]<\/p>\n","protected":false},"author":1,"featured_media":16964,"parent":16027,"menu_order":0,"comment_status":"closed","ping_status":"closed","template":"","meta":{"footnotes":""},"class_list":["post-16029","page","type-page","status-publish","has-post-thumbnail","hentry"],"yoast_head":"<!-- This site is optimized with the Yoast SEO plugin v26.5 - https:\/\/yoast.com\/wordpress\/plugins\/seo\/ -->\n<title>Mbajtja e dokumentacionit - AlProfit Consult<\/title>\n<meta name=\"robots\" content=\"index, follow, max-snippet:-1, max-image-preview:large, max-video-preview:-1\" \/>\n<link rel=\"canonical\" href=\"https:\/\/alprofitconsult.al\/it\/tasse\/organizata-jofitimprurese\/mbajtja-e-te-dhenave\/mbajtja-e-dokumentacionit\/\" \/>\n<meta property=\"og:locale\" content=\"it_IT\" \/>\n<meta property=\"og:type\" content=\"article\" \/>\n<meta property=\"og:title\" content=\"Mbajtja e dokumentacionit - AlProfit Consult\" \/>\n<meta property=\"og:description\" content=\"Regjistrat, librat dhe informacioni financiar jan\u00eb dokumente, q\u00eb p\u00ebrmbajn\u00eb informacionin e regjistruar, n\u00eb m\u00ebnyr\u00eb kronologjike dhe sistematike, t\u00eb veprimeve tregtare, t\u00eb cilat mbahen p\u00ebr p\u00ebrcaktimin e shum\u00ebs s\u00eb detyrimeve tatimore t\u00eb Organizatave Jofitimprur\u00ebse dhe Enteve Publike T\u00eb dh\u00ebnat dhe informacioni financiar e kontab\u00ebl ruhen nga Organizatat Jofitimprur\u00ebse dhe Entet Publike, p\u00ebr t\u00eb pakt\u00ebn 5 vjet, [&hellip;]\" \/>\n<meta property=\"og:url\" content=\"https:\/\/alprofitconsult.al\/it\/tasse\/organizata-jofitimprurese\/mbajtja-e-te-dhenave\/mbajtja-e-dokumentacionit\/\" \/>\n<meta property=\"og:site_name\" content=\"AlProfit Consult\" \/>\n<meta property=\"article:publisher\" content=\"https:\/\/www.facebook.com\/AlProfitConsult\/\" \/>\n<meta property=\"article:modified_time\" content=\"2022-10-22T11:25:13+00:00\" \/>\n<meta property=\"og:image\" content=\"https:\/\/alprofitconsult.al\/wp-content\/uploads\/2022\/10\/AlProft-Consult-Mbajtja-e-dokumentacionit-OJF.jpg\" \/>\n\t<meta property=\"og:image:width\" content=\"1920\" \/>\n\t<meta property=\"og:image:height\" content=\"1280\" \/>\n\t<meta property=\"og:image:type\" content=\"image\/jpeg\" \/>\n<meta name=\"twitter:card\" content=\"summary_large_image\" \/>\n<meta name=\"twitter:site\" content=\"@AlProfitConsult\" \/>\n<meta name=\"twitter:label1\" content=\"Tempo di lettura stimato\" \/>\n\t<meta name=\"twitter:data1\" content=\"4 minuti\" \/>\n<script type=\"application\/ld+json\" class=\"yoast-schema-graph\">{\"@context\":\"https:\/\/schema.org\",\"@graph\":[{\"@type\":\"WebPage\",\"@id\":\"https:\/\/alprofitconsult.al\/en\/tatime\/organizata-jofitimprurese\/mbajtja-e-te-dhenave\/mbajtja-e-dokumentacionit\/\",\"url\":\"https:\/\/alprofitconsult.al\/en\/tatime\/organizata-jofitimprurese\/mbajtja-e-te-dhenave\/mbajtja-e-dokumentacionit\/\",\"name\":\"Mbajtja e dokumentacionit - AlProfit Consult\",\"isPartOf\":{\"@id\":\"https:\/\/alprofitconsult.al\/#website\"},\"primaryImageOfPage\":{\"@id\":\"https:\/\/alprofitconsult.al\/en\/tatime\/organizata-jofitimprurese\/mbajtja-e-te-dhenave\/mbajtja-e-dokumentacionit\/#primaryimage\"},\"image\":{\"@id\":\"https:\/\/alprofitconsult.al\/en\/tatime\/organizata-jofitimprurese\/mbajtja-e-te-dhenave\/mbajtja-e-dokumentacionit\/#primaryimage\"},\"thumbnailUrl\":\"https:\/\/alprofitconsult.al\/wp-content\/uploads\/2022\/10\/AlProft-Consult-Mbajtja-e-dokumentacionit-OJF.jpg\",\"datePublished\":\"2022-10-13T14:16:39+00:00\",\"dateModified\":\"2022-10-22T11:25:13+00:00\",\"breadcrumb\":{\"@id\":\"https:\/\/alprofitconsult.al\/en\/tatime\/organizata-jofitimprurese\/mbajtja-e-te-dhenave\/mbajtja-e-dokumentacionit\/#breadcrumb\"},\"inLanguage\":\"it-IT\",\"potentialAction\":[{\"@type\":\"ReadAction\",\"target\":[\"https:\/\/alprofitconsult.al\/en\/tatime\/organizata-jofitimprurese\/mbajtja-e-te-dhenave\/mbajtja-e-dokumentacionit\/\"]}]},{\"@type\":\"ImageObject\",\"inLanguage\":\"it-IT\",\"@id\":\"https:\/\/alprofitconsult.al\/en\/tatime\/organizata-jofitimprurese\/mbajtja-e-te-dhenave\/mbajtja-e-dokumentacionit\/#primaryimage\",\"url\":\"https:\/\/alprofitconsult.al\/wp-content\/uploads\/2022\/10\/AlProft-Consult-Mbajtja-e-dokumentacionit-OJF.jpg\",\"contentUrl\":\"https:\/\/alprofitconsult.al\/wp-content\/uploads\/2022\/10\/AlProft-Consult-Mbajtja-e-dokumentacionit-OJF.jpg\",\"width\":1920,\"height\":1280},{\"@type\":\"BreadcrumbList\",\"@id\":\"https:\/\/alprofitconsult.al\/en\/tatime\/organizata-jofitimprurese\/mbajtja-e-te-dhenave\/mbajtja-e-dokumentacionit\/#breadcrumb\",\"itemListElement\":[{\"@type\":\"ListItem\",\"position\":1,\"name\":\"Kryefaqe\",\"item\":\"https:\/\/alprofitconsult.al\/\"},{\"@type\":\"ListItem\",\"position\":2,\"name\":\"Legjislacioni tatimor\",\"item\":\"https:\/\/alprofitconsult.al\/en\/tatime\/\"},{\"@type\":\"ListItem\",\"position\":3,\"name\":\"Organizat\u00eb Jofitimprur\u00ebse dhe Ente Publike\",\"item\":\"https:\/\/alprofitconsult.al\/en\/tatime\/organizata-jofitimprurese\/\"},{\"@type\":\"ListItem\",\"position\":4,\"name\":\"Mbajtja e t\u00eb dh\u00ebnave: Organizatat Jofitimprur\u00ebse\",\"item\":\"https:\/\/alprofitconsult.al\/en\/tatime\/organizata-jofitimprurese\/mbajtja-e-te-dhenave\/\"},{\"@type\":\"ListItem\",\"position\":5,\"name\":\"Mbajtja e dokumentacionit\"}]},{\"@type\":\"WebSite\",\"@id\":\"https:\/\/alprofitconsult.al\/#website\",\"url\":\"https:\/\/alprofitconsult.al\/\",\"name\":\"AlProfit Consult\",\"description\":\"Zyr\u00eb Kontabiliteti\",\"publisher\":{\"@id\":\"https:\/\/alprofitconsult.al\/#organization\"},\"potentialAction\":[{\"@type\":\"SearchAction\",\"target\":{\"@type\":\"EntryPoint\",\"urlTemplate\":\"https:\/\/alprofitconsult.al\/?s={search_term_string}\"},\"query-input\":{\"@type\":\"PropertyValueSpecification\",\"valueRequired\":true,\"valueName\":\"search_term_string\"}}],\"inLanguage\":\"it-IT\"},{\"@type\":\"Organization\",\"@id\":\"https:\/\/alprofitconsult.al\/#organization\",\"name\":\"Alprofit Consult\",\"url\":\"https:\/\/alprofitconsult.al\/\",\"logo\":{\"@type\":\"ImageObject\",\"inLanguage\":\"it-IT\",\"@id\":\"https:\/\/alprofitconsult.al\/#\/schema\/logo\/image\/\",\"url\":\"https:\/\/alprofitconsult.al\/wp-content\/uploads\/2022\/10\/logoalprofit.png\",\"contentUrl\":\"https:\/\/alprofitconsult.al\/wp-content\/uploads\/2022\/10\/logoalprofit.png\",\"width\":529,\"height\":156,\"caption\":\"Alprofit Consult\"},\"image\":{\"@id\":\"https:\/\/alprofitconsult.al\/#\/schema\/logo\/image\/\"},\"sameAs\":[\"https:\/\/www.facebook.com\/AlProfitConsult\/\",\"https:\/\/x.com\/AlProfitConsult\",\"https:\/\/www.linkedin.com\/company\/andi-haxhillari\/\",\"https:\/\/www.pinterest.com\/AlProfitConsult\/\",\"https:\/\/www.youtube.com\/channel\/UCZ5Gfntn161Nla3g1XdRldA\",\"https:\/\/sq.wikipedia.org\/wiki\/P\u00ebrdoruesi:Andi25~sqwiki\"]}]}<\/script>\n<!-- \/ Yoast SEO plugin. -->","yoast_head_json":{"title":"Mbajtja e dokumentacionit - AlProfit Consult","robots":{"index":"index","follow":"follow","max-snippet":"max-snippet:-1","max-image-preview":"max-image-preview:large","max-video-preview":"max-video-preview:-1"},"canonical":"https:\/\/alprofitconsult.al\/it\/tasse\/organizata-jofitimprurese\/mbajtja-e-te-dhenave\/mbajtja-e-dokumentacionit\/","og_locale":"it_IT","og_type":"article","og_title":"Mbajtja e dokumentacionit - AlProfit Consult","og_description":"Regjistrat, librat dhe informacioni financiar jan\u00eb dokumente, q\u00eb p\u00ebrmbajn\u00eb informacionin e regjistruar, n\u00eb m\u00ebnyr\u00eb kronologjike dhe sistematike, t\u00eb veprimeve tregtare, t\u00eb cilat mbahen p\u00ebr p\u00ebrcaktimin e shum\u00ebs s\u00eb detyrimeve tatimore t\u00eb Organizatave Jofitimprur\u00ebse dhe Enteve Publike T\u00eb dh\u00ebnat dhe informacioni financiar e kontab\u00ebl ruhen nga Organizatat Jofitimprur\u00ebse dhe Entet Publike, p\u00ebr t\u00eb pakt\u00ebn 5 vjet, [&hellip;]","og_url":"https:\/\/alprofitconsult.al\/it\/tasse\/organizata-jofitimprurese\/mbajtja-e-te-dhenave\/mbajtja-e-dokumentacionit\/","og_site_name":"AlProfit Consult","article_publisher":"https:\/\/www.facebook.com\/AlProfitConsult\/","article_modified_time":"2022-10-22T11:25:13+00:00","og_image":[{"width":1920,"height":1280,"url":"https:\/\/alprofitconsult.al\/wp-content\/uploads\/2022\/10\/AlProft-Consult-Mbajtja-e-dokumentacionit-OJF.jpg","type":"image\/jpeg"}],"twitter_card":"summary_large_image","twitter_site":"@AlProfitConsult","twitter_misc":{"Tempo di lettura stimato":"4 minuti"},"schema":{"@context":"https:\/\/schema.org","@graph":[{"@type":"WebPage","@id":"https:\/\/alprofitconsult.al\/en\/tatime\/organizata-jofitimprurese\/mbajtja-e-te-dhenave\/mbajtja-e-dokumentacionit\/","url":"https:\/\/alprofitconsult.al\/en\/tatime\/organizata-jofitimprurese\/mbajtja-e-te-dhenave\/mbajtja-e-dokumentacionit\/","name":"Mbajtja e dokumentacionit - AlProfit Consult","isPartOf":{"@id":"https:\/\/alprofitconsult.al\/#website"},"primaryImageOfPage":{"@id":"https:\/\/alprofitconsult.al\/en\/tatime\/organizata-jofitimprurese\/mbajtja-e-te-dhenave\/mbajtja-e-dokumentacionit\/#primaryimage"},"image":{"@id":"https:\/\/alprofitconsult.al\/en\/tatime\/organizata-jofitimprurese\/mbajtja-e-te-dhenave\/mbajtja-e-dokumentacionit\/#primaryimage"},"thumbnailUrl":"https:\/\/alprofitconsult.al\/wp-content\/uploads\/2022\/10\/AlProft-Consult-Mbajtja-e-dokumentacionit-OJF.jpg","datePublished":"2022-10-13T14:16:39+00:00","dateModified":"2022-10-22T11:25:13+00:00","breadcrumb":{"@id":"https:\/\/alprofitconsult.al\/en\/tatime\/organizata-jofitimprurese\/mbajtja-e-te-dhenave\/mbajtja-e-dokumentacionit\/#breadcrumb"},"inLanguage":"it-IT","potentialAction":[{"@type":"ReadAction","target":["https:\/\/alprofitconsult.al\/en\/tatime\/organizata-jofitimprurese\/mbajtja-e-te-dhenave\/mbajtja-e-dokumentacionit\/"]}]},{"@type":"ImageObject","inLanguage":"it-IT","@id":"https:\/\/alprofitconsult.al\/en\/tatime\/organizata-jofitimprurese\/mbajtja-e-te-dhenave\/mbajtja-e-dokumentacionit\/#primaryimage","url":"https:\/\/alprofitconsult.al\/wp-content\/uploads\/2022\/10\/AlProft-Consult-Mbajtja-e-dokumentacionit-OJF.jpg","contentUrl":"https:\/\/alprofitconsult.al\/wp-content\/uploads\/2022\/10\/AlProft-Consult-Mbajtja-e-dokumentacionit-OJF.jpg","width":1920,"height":1280},{"@type":"BreadcrumbList","@id":"https:\/\/alprofitconsult.al\/en\/tatime\/organizata-jofitimprurese\/mbajtja-e-te-dhenave\/mbajtja-e-dokumentacionit\/#breadcrumb","itemListElement":[{"@type":"ListItem","position":1,"name":"Kryefaqe","item":"https:\/\/alprofitconsult.al\/"},{"@type":"ListItem","position":2,"name":"Legjislacioni tatimor","item":"https:\/\/alprofitconsult.al\/en\/tatime\/"},{"@type":"ListItem","position":3,"name":"Organizat\u00eb Jofitimprur\u00ebse dhe Ente Publike","item":"https:\/\/alprofitconsult.al\/en\/tatime\/organizata-jofitimprurese\/"},{"@type":"ListItem","position":4,"name":"Mbajtja e t\u00eb dh\u00ebnave: Organizatat Jofitimprur\u00ebse","item":"https:\/\/alprofitconsult.al\/en\/tatime\/organizata-jofitimprurese\/mbajtja-e-te-dhenave\/"},{"@type":"ListItem","position":5,"name":"Mbajtja e dokumentacionit"}]},{"@type":"WebSite","@id":"https:\/\/alprofitconsult.al\/#website","url":"https:\/\/alprofitconsult.al\/","name":"AlProfit Consult","description":"Ufficio contabilit\u00e0","publisher":{"@id":"https:\/\/alprofitconsult.al\/#organization"},"potentialAction":[{"@type":"SearchAction","target":{"@type":"EntryPoint","urlTemplate":"https:\/\/alprofitconsult.al\/?s={search_term_string}"},"query-input":{"@type":"PropertyValueSpecification","valueRequired":true,"valueName":"search_term_string"}}],"inLanguage":"it-IT"},{"@type":"Organization","@id":"https:\/\/alprofitconsult.al\/#organization","name":"Alprofit Consult","url":"https:\/\/alprofitconsult.al\/","logo":{"@type":"ImageObject","inLanguage":"it-IT","@id":"https:\/\/alprofitconsult.al\/#\/schema\/logo\/image\/","url":"https:\/\/alprofitconsult.al\/wp-content\/uploads\/2022\/10\/logoalprofit.png","contentUrl":"https:\/\/alprofitconsult.al\/wp-content\/uploads\/2022\/10\/logoalprofit.png","width":529,"height":156,"caption":"Alprofit Consult"},"image":{"@id":"https:\/\/alprofitconsult.al\/#\/schema\/logo\/image\/"},"sameAs":["https:\/\/www.facebook.com\/AlProfitConsult\/","https:\/\/x.com\/AlProfitConsult","https:\/\/www.linkedin.com\/company\/andi-haxhillari\/","https:\/\/www.pinterest.com\/AlProfitConsult\/","https:\/\/www.youtube.com\/channel\/UCZ5Gfntn161Nla3g1XdRldA","https:\/\/sq.wikipedia.org\/wiki\/P\u00ebrdoruesi:Andi25~sqwiki"]}]}},"_links":{"self":[{"href":"https:\/\/alprofitconsult.al\/it\/wp-json\/wp\/v2\/pages\/16029","targetHints":{"allow":["GET"]}}],"collection":[{"href":"https:\/\/alprofitconsult.al\/it\/wp-json\/wp\/v2\/pages"}],"about":[{"href":"https:\/\/alprofitconsult.al\/it\/wp-json\/wp\/v2\/types\/page"}],"author":[{"embeddable":true,"href":"https:\/\/alprofitconsult.al\/it\/wp-json\/wp\/v2\/users\/1"}],"replies":[{"embeddable":true,"href":"https:\/\/alprofitconsult.al\/it\/wp-json\/wp\/v2\/comments?post=16029"}],"version-history":[{"count":3,"href":"https:\/\/alprofitconsult.al\/it\/wp-json\/wp\/v2\/pages\/16029\/revisions"}],"predecessor-version":[{"id":17126,"href":"https:\/\/alprofitconsult.al\/it\/wp-json\/wp\/v2\/pages\/16029\/revisions\/17126"}],"up":[{"embeddable":true,"href":"https:\/\/alprofitconsult.al\/it\/wp-json\/wp\/v2\/pages\/16027"}],"wp:featuredmedia":[{"embeddable":true,"href":"https:\/\/alprofitconsult.al\/it\/wp-json\/wp\/v2\/media\/16964"}],"wp:attachment":[{"href":"https:\/\/alprofitconsult.al\/it\/wp-json\/wp\/v2\/media?parent=16029"}],"curies":[{"name":"wp","href":"https:\/\/api.w.org\/{rel}","templated":true}]}}