{"id":16030,"date":"2022-10-13T14:16:39","date_gmt":"2022-10-13T14:16:39","guid":{"rendered":"https:\/\/alprofitconsult.al\/?page_id=16030"},"modified":"2022-10-22T11:25:59","modified_gmt":"2022-10-22T11:25:59","slug":"te-drejtat","status":"publish","type":"page","link":"https:\/\/alprofitconsult.al\/it\/tatime\/organizata-jofitimprurese\/te-drejtat\/","title":{"rendered":"T\u00eb drejtat; karta e tatimpaguesit"},"content":{"rendered":"<div class=\"yoast-breadcrumbs\"><span><span><a href=\"https:\/\/alprofitconsult.al\/it\/\">Home page<\/a><\/span> | <span><a href=\"https:\/\/alprofitconsult.al\/en\/tatime\/\">Normativa fiscale<\/a><\/span> | <span><a href=\"https:\/\/alprofitconsult.al\/en\/tatime\/organizata-jofitimprurese\/\">Organizat\u00eb Jofitimprur\u00ebse dhe Ente Publike<\/a><\/span> | <span class=\"breadcrumb_last\" aria-current=\"page\">T\u00eb drejtat; karta e tatimpaguesit<\/span><\/span><\/div>\n\n\n<p><\/p>\n\n\n\n<figure class=\"wp-block-image size-large\"><img loading=\"lazy\" decoding=\"async\" width=\"1024\" height=\"683\" src=\"https:\/\/alprofitconsult.al\/wp-content\/uploads\/2022\/10\/AlProift-Consult-Te-drejtat-karta-e-tatimpaguesit-1024x683.jpg\" alt=\"\" class=\"wp-image-16967\" srcset=\"https:\/\/alprofitconsult.al\/wp-content\/uploads\/2022\/10\/AlProift-Consult-Te-drejtat-karta-e-tatimpaguesit-1024x683.jpg 1024w, https:\/\/alprofitconsult.al\/wp-content\/uploads\/2022\/10\/AlProift-Consult-Te-drejtat-karta-e-tatimpaguesit-300x200.jpg 300w, https:\/\/alprofitconsult.al\/wp-content\/uploads\/2022\/10\/AlProift-Consult-Te-drejtat-karta-e-tatimpaguesit-150x100.jpg 150w, https:\/\/alprofitconsult.al\/wp-content\/uploads\/2022\/10\/AlProift-Consult-Te-drejtat-karta-e-tatimpaguesit-768x512.jpg 768w, https:\/\/alprofitconsult.al\/wp-content\/uploads\/2022\/10\/AlProift-Consult-Te-drejtat-karta-e-tatimpaguesit-1536x1024.jpg 1536w, https:\/\/alprofitconsult.al\/wp-content\/uploads\/2022\/10\/AlProift-Consult-Te-drejtat-karta-e-tatimpaguesit.jpg 1920w\" sizes=\"auto, (max-width: 1024px) 100vw, 1024px\" \/><\/figure>\n\n\n\n<p>N\u00eb k\u00ebt\u00eb <a href=\"https:\/\/www.tatime.gov.al\/c\/5\/183\/te-drejtat\" target=\"_blank\" rel=\"noreferrer noopener\">link <\/a>do t\u00eb gjeni t\u00eb publikuar Kart\u00ebn e Tatimpaguesit, e cila \u00ebsht\u00eb nj\u00eb dokument q\u00eb shpjegon n\u00eb m\u00ebnyr\u00eb t\u00eb p\u00ebrmbledhur t\u00eb drejtat dhe detyrimet e tatimpaguesve.<\/p>\n\n\n\n<p>Q\u00ebllimi i Kart\u00ebs s\u00eb tatimpaguesit \u00ebsht\u00eb nd\u00ebrtimi i ur\u00ebs lidh\u00ebse midis Administrat\u00ebs Tatimore dhe tatimpaguesve, q\u00eb ata u sh\u00ebrbejn\u00eb, n\u00ebp\u00ebrmjet besimit t\u00eb nd\u00ebrsjell\u00ebt dhe respektit.<\/p>\n\n\n\n<p>N\u00eb Kart\u00eb shpjegohen t\u00eb drejtat dhe detyrimet e tatimpaguesve, me q\u00ebllim promovimin e marr\u00ebdh\u00ebnieve m\u00eb t\u00eb forta midis tatimpaguesve dhe Administrat\u00ebs Tatimore si dhe t\u00eb frym\u00ebs s\u00eb pages\u00ebs n\u00eb m\u00ebnyr\u00eb vullnetar\u00eb t\u00eb tatimeve, brenda afateve ligjore.<\/p>\n\n\n\n<p>Karta i adresohet \u00e7do tatimpaguesi, por edhe \u00e7do zyrtari tatimor, me q\u00ebllim njohjen, respektimin dhe zbatimin e t\u00eb drejtave dhe detyrimeve t\u00eb nd\u00ebrsjell\u00ebta.<\/p>\n\n\n\n<p>Fonte: <a href=\"https:\/\/www.tatime.gov.al\/c\/5\/183\/te-drejtat\" target=\"_blank\" rel=\"noreferrer noopener\">Drejtoria e P\u00ebrgjithshme e Tatimeve<\/a><\/p>\n\n\n<div class=\"gdlr-core-widget-box-shortcode\" style=\"color: #ffffff ;background-color: #000014 ;\"  ><h3 class=\"gdlr-core-widget-box-shortcode-title\" style=\"color: #ffffff ;\"  >Hai qualche domanda?<\/h3><div class=\"gdlr-core-widget-box-shortcode-content\" ><p class=\"translation-block\">Non esitare a <a href=\"https:\/\/alprofitconsult.al\/it\/contact\/\" target=\"_self\">contattarci. Siamo un team di esperti e saremo lieti di parlare con te.<\/p>\n<\/div><\/div>","protected":false},"excerpt":{"rendered":"<p>N\u00eb k\u00ebt\u00eb link do t\u00eb gjeni t\u00eb publikuar Kart\u00ebn e Tatimpaguesit, e cila \u00ebsht\u00eb nj\u00eb dokument q\u00eb shpjegon n\u00eb m\u00ebnyr\u00eb t\u00eb p\u00ebrmbledhur t\u00eb drejtat dhe detyrimet e tatimpaguesve. Q\u00ebllimi i Kart\u00ebs s\u00eb tatimpaguesit \u00ebsht\u00eb nd\u00ebrtimi i ur\u00ebs lidh\u00ebse midis Administrat\u00ebs Tatimore dhe tatimpaguesve, q\u00eb ata u sh\u00ebrbejn\u00eb, n\u00ebp\u00ebrmjet besimit t\u00eb nd\u00ebrsjell\u00ebt dhe respektit. N\u00eb Kart\u00eb [&hellip;]<\/p>\n","protected":false},"author":1,"featured_media":16967,"parent":16008,"menu_order":0,"comment_status":"closed","ping_status":"closed","template":"","meta":{"footnotes":""},"class_list":["post-16030","page","type-page","status-publish","has-post-thumbnail","hentry"],"yoast_head":"<!-- This site is optimized with the Yoast SEO plugin v26.5 - https:\/\/yoast.com\/wordpress\/plugins\/seo\/ -->\n<title>T\u00eb drejtat; karta e tatimpaguesit - AlProfit Consult<\/title>\n<meta name=\"robots\" content=\"index, follow, max-snippet:-1, max-image-preview:large, max-video-preview:-1\" \/>\n<link rel=\"canonical\" href=\"https:\/\/alprofitconsult.al\/it\/tasse\/organizata-jofitimprurese\/te-drejtat\/\" \/>\n<meta property=\"og:locale\" content=\"it_IT\" \/>\n<meta property=\"og:type\" content=\"article\" \/>\n<meta property=\"og:title\" content=\"T\u00eb drejtat; karta e tatimpaguesit - AlProfit Consult\" \/>\n<meta property=\"og:description\" content=\"N\u00eb k\u00ebt\u00eb link do t\u00eb gjeni t\u00eb publikuar Kart\u00ebn e Tatimpaguesit, e cila \u00ebsht\u00eb nj\u00eb dokument q\u00eb shpjegon n\u00eb m\u00ebnyr\u00eb t\u00eb p\u00ebrmbledhur t\u00eb drejtat dhe detyrimet e tatimpaguesve. Q\u00ebllimi i Kart\u00ebs s\u00eb tatimpaguesit \u00ebsht\u00eb nd\u00ebrtimi i ur\u00ebs lidh\u00ebse midis Administrat\u00ebs Tatimore dhe tatimpaguesve, q\u00eb ata u sh\u00ebrbejn\u00eb, n\u00ebp\u00ebrmjet besimit t\u00eb nd\u00ebrsjell\u00ebt dhe respektit. N\u00eb Kart\u00eb [&hellip;]\" \/>\n<meta property=\"og:url\" content=\"https:\/\/alprofitconsult.al\/it\/tasse\/organizata-jofitimprurese\/te-drejtat\/\" \/>\n<meta property=\"og:site_name\" content=\"AlProfit Consult\" \/>\n<meta property=\"article:publisher\" content=\"https:\/\/www.facebook.com\/AlProfitConsult\/\" \/>\n<meta property=\"article:modified_time\" content=\"2022-10-22T11:25:59+00:00\" \/>\n<meta property=\"og:image\" content=\"https:\/\/alprofitconsult.al\/wp-content\/uploads\/2022\/10\/AlProift-Consult-Te-drejtat-karta-e-tatimpaguesit.jpg\" \/>\n\t<meta property=\"og:image:width\" content=\"1920\" \/>\n\t<meta property=\"og:image:height\" content=\"1280\" \/>\n\t<meta property=\"og:image:type\" content=\"image\/jpeg\" \/>\n<meta name=\"twitter:card\" content=\"summary_large_image\" \/>\n<meta name=\"twitter:site\" content=\"@AlProfitConsult\" \/>\n<meta name=\"twitter:label1\" content=\"Tempo di lettura stimato\" \/>\n\t<meta name=\"twitter:data1\" content=\"1 minuto\" \/>\n<script type=\"application\/ld+json\" class=\"yoast-schema-graph\">{\"@context\":\"https:\/\/schema.org\",\"@graph\":[{\"@type\":\"WebPage\",\"@id\":\"https:\/\/alprofitconsult.al\/en\/tatime\/organizata-jofitimprurese\/te-drejtat\/\",\"url\":\"https:\/\/alprofitconsult.al\/en\/tatime\/organizata-jofitimprurese\/te-drejtat\/\",\"name\":\"T\u00eb drejtat; karta e tatimpaguesit - AlProfit Consult\",\"isPartOf\":{\"@id\":\"https:\/\/alprofitconsult.al\/#website\"},\"primaryImageOfPage\":{\"@id\":\"https:\/\/alprofitconsult.al\/en\/tatime\/organizata-jofitimprurese\/te-drejtat\/#primaryimage\"},\"image\":{\"@id\":\"https:\/\/alprofitconsult.al\/en\/tatime\/organizata-jofitimprurese\/te-drejtat\/#primaryimage\"},\"thumbnailUrl\":\"https:\/\/alprofitconsult.al\/wp-content\/uploads\/2022\/10\/AlProift-Consult-Te-drejtat-karta-e-tatimpaguesit.jpg\",\"datePublished\":\"2022-10-13T14:16:39+00:00\",\"dateModified\":\"2022-10-22T11:25:59+00:00\",\"breadcrumb\":{\"@id\":\"https:\/\/alprofitconsult.al\/en\/tatime\/organizata-jofitimprurese\/te-drejtat\/#breadcrumb\"},\"inLanguage\":\"it-IT\",\"potentialAction\":[{\"@type\":\"ReadAction\",\"target\":[\"https:\/\/alprofitconsult.al\/en\/tatime\/organizata-jofitimprurese\/te-drejtat\/\"]}]},{\"@type\":\"ImageObject\",\"inLanguage\":\"it-IT\",\"@id\":\"https:\/\/alprofitconsult.al\/en\/tatime\/organizata-jofitimprurese\/te-drejtat\/#primaryimage\",\"url\":\"https:\/\/alprofitconsult.al\/wp-content\/uploads\/2022\/10\/AlProift-Consult-Te-drejtat-karta-e-tatimpaguesit.jpg\",\"contentUrl\":\"https:\/\/alprofitconsult.al\/wp-content\/uploads\/2022\/10\/AlProift-Consult-Te-drejtat-karta-e-tatimpaguesit.jpg\",\"width\":1920,\"height\":1280},{\"@type\":\"BreadcrumbList\",\"@id\":\"https:\/\/alprofitconsult.al\/en\/tatime\/organizata-jofitimprurese\/te-drejtat\/#breadcrumb\",\"itemListElement\":[{\"@type\":\"ListItem\",\"position\":1,\"name\":\"Kryefaqe\",\"item\":\"https:\/\/alprofitconsult.al\/\"},{\"@type\":\"ListItem\",\"position\":2,\"name\":\"Legjislacioni tatimor\",\"item\":\"https:\/\/alprofitconsult.al\/en\/tatime\/\"},{\"@type\":\"ListItem\",\"position\":3,\"name\":\"Organizat\u00eb Jofitimprur\u00ebse dhe Ente Publike\",\"item\":\"https:\/\/alprofitconsult.al\/en\/tatime\/organizata-jofitimprurese\/\"},{\"@type\":\"ListItem\",\"position\":4,\"name\":\"T\u00eb drejtat; karta e tatimpaguesit\"}]},{\"@type\":\"WebSite\",\"@id\":\"https:\/\/alprofitconsult.al\/#website\",\"url\":\"https:\/\/alprofitconsult.al\/\",\"name\":\"AlProfit Consult\",\"description\":\"Zyr\u00eb Kontabiliteti\",\"publisher\":{\"@id\":\"https:\/\/alprofitconsult.al\/#organization\"},\"potentialAction\":[{\"@type\":\"SearchAction\",\"target\":{\"@type\":\"EntryPoint\",\"urlTemplate\":\"https:\/\/alprofitconsult.al\/?s={search_term_string}\"},\"query-input\":{\"@type\":\"PropertyValueSpecification\",\"valueRequired\":true,\"valueName\":\"search_term_string\"}}],\"inLanguage\":\"it-IT\"},{\"@type\":\"Organization\",\"@id\":\"https:\/\/alprofitconsult.al\/#organization\",\"name\":\"Alprofit Consult\",\"url\":\"https:\/\/alprofitconsult.al\/\",\"logo\":{\"@type\":\"ImageObject\",\"inLanguage\":\"it-IT\",\"@id\":\"https:\/\/alprofitconsult.al\/#\/schema\/logo\/image\/\",\"url\":\"https:\/\/alprofitconsult.al\/wp-content\/uploads\/2022\/10\/logoalprofit.png\",\"contentUrl\":\"https:\/\/alprofitconsult.al\/wp-content\/uploads\/2022\/10\/logoalprofit.png\",\"width\":529,\"height\":156,\"caption\":\"Alprofit Consult\"},\"image\":{\"@id\":\"https:\/\/alprofitconsult.al\/#\/schema\/logo\/image\/\"},\"sameAs\":[\"https:\/\/www.facebook.com\/AlProfitConsult\/\",\"https:\/\/x.com\/AlProfitConsult\",\"https:\/\/www.linkedin.com\/company\/andi-haxhillari\/\",\"https:\/\/www.pinterest.com\/AlProfitConsult\/\",\"https:\/\/www.youtube.com\/channel\/UCZ5Gfntn161Nla3g1XdRldA\",\"https:\/\/sq.wikipedia.org\/wiki\/P\u00ebrdoruesi:Andi25~sqwiki\"]}]}<\/script>\n<!-- \/ Yoast SEO plugin. -->","yoast_head_json":{"title":"T\u00eb drejtat; karta e tatimpaguesit - AlProfit Consult","robots":{"index":"index","follow":"follow","max-snippet":"max-snippet:-1","max-image-preview":"max-image-preview:large","max-video-preview":"max-video-preview:-1"},"canonical":"https:\/\/alprofitconsult.al\/it\/tasse\/organizata-jofitimprurese\/te-drejtat\/","og_locale":"it_IT","og_type":"article","og_title":"T\u00eb drejtat; karta e tatimpaguesit - AlProfit Consult","og_description":"N\u00eb k\u00ebt\u00eb link do t\u00eb gjeni t\u00eb publikuar Kart\u00ebn e Tatimpaguesit, e cila \u00ebsht\u00eb nj\u00eb dokument q\u00eb shpjegon n\u00eb m\u00ebnyr\u00eb t\u00eb p\u00ebrmbledhur t\u00eb drejtat dhe detyrimet e tatimpaguesve. Q\u00ebllimi i Kart\u00ebs s\u00eb tatimpaguesit \u00ebsht\u00eb nd\u00ebrtimi i ur\u00ebs lidh\u00ebse midis Administrat\u00ebs Tatimore dhe tatimpaguesve, q\u00eb ata u sh\u00ebrbejn\u00eb, n\u00ebp\u00ebrmjet besimit t\u00eb nd\u00ebrsjell\u00ebt dhe respektit. N\u00eb Kart\u00eb [&hellip;]","og_url":"https:\/\/alprofitconsult.al\/it\/tasse\/organizata-jofitimprurese\/te-drejtat\/","og_site_name":"AlProfit Consult","article_publisher":"https:\/\/www.facebook.com\/AlProfitConsult\/","article_modified_time":"2022-10-22T11:25:59+00:00","og_image":[{"width":1920,"height":1280,"url":"https:\/\/alprofitconsult.al\/wp-content\/uploads\/2022\/10\/AlProift-Consult-Te-drejtat-karta-e-tatimpaguesit.jpg","type":"image\/jpeg"}],"twitter_card":"summary_large_image","twitter_site":"@AlProfitConsult","twitter_misc":{"Tempo di lettura stimato":"1 minuto"},"schema":{"@context":"https:\/\/schema.org","@graph":[{"@type":"WebPage","@id":"https:\/\/alprofitconsult.al\/en\/tatime\/organizata-jofitimprurese\/te-drejtat\/","url":"https:\/\/alprofitconsult.al\/en\/tatime\/organizata-jofitimprurese\/te-drejtat\/","name":"T\u00eb drejtat; karta e tatimpaguesit - AlProfit Consult","isPartOf":{"@id":"https:\/\/alprofitconsult.al\/#website"},"primaryImageOfPage":{"@id":"https:\/\/alprofitconsult.al\/en\/tatime\/organizata-jofitimprurese\/te-drejtat\/#primaryimage"},"image":{"@id":"https:\/\/alprofitconsult.al\/en\/tatime\/organizata-jofitimprurese\/te-drejtat\/#primaryimage"},"thumbnailUrl":"https:\/\/alprofitconsult.al\/wp-content\/uploads\/2022\/10\/AlProift-Consult-Te-drejtat-karta-e-tatimpaguesit.jpg","datePublished":"2022-10-13T14:16:39+00:00","dateModified":"2022-10-22T11:25:59+00:00","breadcrumb":{"@id":"https:\/\/alprofitconsult.al\/en\/tatime\/organizata-jofitimprurese\/te-drejtat\/#breadcrumb"},"inLanguage":"it-IT","potentialAction":[{"@type":"ReadAction","target":["https:\/\/alprofitconsult.al\/en\/tatime\/organizata-jofitimprurese\/te-drejtat\/"]}]},{"@type":"ImageObject","inLanguage":"it-IT","@id":"https:\/\/alprofitconsult.al\/en\/tatime\/organizata-jofitimprurese\/te-drejtat\/#primaryimage","url":"https:\/\/alprofitconsult.al\/wp-content\/uploads\/2022\/10\/AlProift-Consult-Te-drejtat-karta-e-tatimpaguesit.jpg","contentUrl":"https:\/\/alprofitconsult.al\/wp-content\/uploads\/2022\/10\/AlProift-Consult-Te-drejtat-karta-e-tatimpaguesit.jpg","width":1920,"height":1280},{"@type":"BreadcrumbList","@id":"https:\/\/alprofitconsult.al\/en\/tatime\/organizata-jofitimprurese\/te-drejtat\/#breadcrumb","itemListElement":[{"@type":"ListItem","position":1,"name":"Kryefaqe","item":"https:\/\/alprofitconsult.al\/"},{"@type":"ListItem","position":2,"name":"Legjislacioni tatimor","item":"https:\/\/alprofitconsult.al\/en\/tatime\/"},{"@type":"ListItem","position":3,"name":"Organizat\u00eb Jofitimprur\u00ebse dhe Ente Publike","item":"https:\/\/alprofitconsult.al\/en\/tatime\/organizata-jofitimprurese\/"},{"@type":"ListItem","position":4,"name":"T\u00eb drejtat; karta e tatimpaguesit"}]},{"@type":"WebSite","@id":"https:\/\/alprofitconsult.al\/#website","url":"https:\/\/alprofitconsult.al\/","name":"AlProfit Consult","description":"Ufficio contabilit\u00e0","publisher":{"@id":"https:\/\/alprofitconsult.al\/#organization"},"potentialAction":[{"@type":"SearchAction","target":{"@type":"EntryPoint","urlTemplate":"https:\/\/alprofitconsult.al\/?s={search_term_string}"},"query-input":{"@type":"PropertyValueSpecification","valueRequired":true,"valueName":"search_term_string"}}],"inLanguage":"it-IT"},{"@type":"Organization","@id":"https:\/\/alprofitconsult.al\/#organization","name":"Alprofit Consult","url":"https:\/\/alprofitconsult.al\/","logo":{"@type":"ImageObject","inLanguage":"it-IT","@id":"https:\/\/alprofitconsult.al\/#\/schema\/logo\/image\/","url":"https:\/\/alprofitconsult.al\/wp-content\/uploads\/2022\/10\/logoalprofit.png","contentUrl":"https:\/\/alprofitconsult.al\/wp-content\/uploads\/2022\/10\/logoalprofit.png","width":529,"height":156,"caption":"Alprofit Consult"},"image":{"@id":"https:\/\/alprofitconsult.al\/#\/schema\/logo\/image\/"},"sameAs":["https:\/\/www.facebook.com\/AlProfitConsult\/","https:\/\/x.com\/AlProfitConsult","https:\/\/www.linkedin.com\/company\/andi-haxhillari\/","https:\/\/www.pinterest.com\/AlProfitConsult\/","https:\/\/www.youtube.com\/channel\/UCZ5Gfntn161Nla3g1XdRldA","https:\/\/sq.wikipedia.org\/wiki\/P\u00ebrdoruesi:Andi25~sqwiki"]}]}},"_links":{"self":[{"href":"https:\/\/alprofitconsult.al\/it\/wp-json\/wp\/v2\/pages\/16030","targetHints":{"allow":["GET"]}}],"collection":[{"href":"https:\/\/alprofitconsult.al\/it\/wp-json\/wp\/v2\/pages"}],"about":[{"href":"https:\/\/alprofitconsult.al\/it\/wp-json\/wp\/v2\/types\/page"}],"author":[{"embeddable":true,"href":"https:\/\/alprofitconsult.al\/it\/wp-json\/wp\/v2\/users\/1"}],"replies":[{"embeddable":true,"href":"https:\/\/alprofitconsult.al\/it\/wp-json\/wp\/v2\/comments?post=16030"}],"version-history":[{"count":4,"href":"https:\/\/alprofitconsult.al\/it\/wp-json\/wp\/v2\/pages\/16030\/revisions"}],"predecessor-version":[{"id":17127,"href":"https:\/\/alprofitconsult.al\/it\/wp-json\/wp\/v2\/pages\/16030\/revisions\/17127"}],"up":[{"embeddable":true,"href":"https:\/\/alprofitconsult.al\/it\/wp-json\/wp\/v2\/pages\/16008"}],"wp:featuredmedia":[{"embeddable":true,"href":"https:\/\/alprofitconsult.al\/it\/wp-json\/wp\/v2\/media\/16967"}],"wp:attachment":[{"href":"https:\/\/alprofitconsult.al\/it\/wp-json\/wp\/v2\/media?parent=16030"}],"curies":[{"name":"wp","href":"https:\/\/api.w.org\/{rel}","templated":true}]}}