{"id":16187,"date":"2022-10-07T20:13:39","date_gmt":"2022-10-07T20:13:39","guid":{"rendered":"https:\/\/alprofitconsult.al\/tatime-2\/individ\/kategorite\/ambulante\/"},"modified":"2022-10-07T20:13:39","modified_gmt":"2022-10-07T20:13:39","slug":"ambulante","status":"publish","type":"page","link":"https:\/\/alprofitconsult.al\/it\/tatime-2\/individ\/kategorite\/ambulante\/","title":{"rendered":"Ambulant\u00eb #2"},"content":{"rendered":"<figure class=\"wp-block-image size-large\"><img loading=\"lazy\" decoding=\"async\" width=\"1024\" height=\"683\" src=\"https:\/\/alprofitconsult.al\/wp-content\/uploads\/2022\/10\/AlProfit-Consult-Ambulantet-1024x683.jpg\" alt=\"\" class=\"wp-image-15404\" srcset=\"https:\/\/alprofitconsult.al\/wp-content\/uploads\/2022\/10\/AlProfit-Consult-Ambulantet-1024x683.jpg 1024w, https:\/\/alprofitconsult.al\/wp-content\/uploads\/2022\/10\/AlProfit-Consult-Ambulantet-300x200.jpg 300w, https:\/\/alprofitconsult.al\/wp-content\/uploads\/2022\/10\/AlProfit-Consult-Ambulantet-150x100.jpg 150w, https:\/\/alprofitconsult.al\/wp-content\/uploads\/2022\/10\/AlProfit-Consult-Ambulantet-768x512.jpg 768w, https:\/\/alprofitconsult.al\/wp-content\/uploads\/2022\/10\/AlProfit-Consult-Ambulantet-1536x1024.jpg 1536w, https:\/\/alprofitconsult.al\/wp-content\/uploads\/2022\/10\/AlProfit-Consult-Ambulantet.jpg 1920w\" sizes=\"auto, (max-width: 1024px) 100vw, 1024px\" \/><\/figure>\n\n\n\n<p>Ambulant, \u00ebsht\u00eb personi fizik, q\u00eb ka mbushur mosh\u00ebn 16 vje\u00e7, i vet\u00ebpun\u00ebsuar; i cili tregton mallra ose sh\u00ebrbime p\u00ebr publikun pa pasur nj\u00eb vend biznesi fiks, q\u00eb ushtron aktivitetin n\u00eb nj\u00ebsi t\u00eb vetme tregtimi t\u00eb l\u00ebvizshme dhe lejohet t\u00eb tregtoj\u00eb n\u00eb ambiente publike.<\/p>\n\n\n\n<h3 class=\"wp-block-heading\">Regjistrimi<\/h3>\n\n\n\n<p>Ambulanti, regjistrohet pran\u00eb drejtoris\u00eb rajonale tatimore t\u00eb juridiksionit sipas ndarjes s\u00eb organizimit administrativ. \u00cbsht\u00eb kusht q\u00eb ambulanti t\u00eb mos k\u00ebt\u00eb nj\u00eb vend fiks biznesi dhe nuk mund t\u00eb ushtroj\u00eb veprimtari n\u00eb m\u00eb shum\u00eb s\u00eb nj\u00eb nj\u00ebsi tregtare. I vet\u00ebpun\u00ebsuari i cili e zhvillon tregtin\u00eb n\u00eb kushte t\u00eb tilla q\u00eb nuk i japin mund\u00ebsin\u00eb t\u00eb jet\u00eb i l\u00ebvizsh\u00ebm gjat\u00eb dit\u00ebs, nuk konsiderohet ambulant. <\/p>\n\n\n\n<p>Administrata Tatimore n\u00eb certifikat\u00ebn e NIPT-it q\u00eb i l\u00ebshon ambulantit \u00ebsht\u00eb e detyruar q\u00eb p\u00ebrpara emrit t\u00eb tatimpaguesit t\u00eb vendos\u00eb fjal\u00ebn \u201cAmbulanti\u201d. P\u00ebr shembull \u201cAmbulanti Em\u00ebr Mbiem\u00ebr\u201d. Ambulanti pasi regjistrohet ka detyrimin p\u00ebr t\u00eb paguar sigurime shoq\u00ebrore dhe sh\u00ebndet\u00ebsore.<\/p>\n\n\n\n<p><strong>Dokumentacioni p\u00ebr regjistrim:<\/strong><\/p>\n\n\n\n<ul class=\"wp-block-list\"><li>K\u00ebrkes\u00eb me shkrim;<\/li><li>Fotokopje t\u00eb Kart\u00ebs s\u00eb Identitetit ose t\u00eb Pasaport\u00ebs t\u00eb personit t\u00eb vet\u00ebpun\u00ebsuar;<\/li><li>Formularin e regjistrimit t\u00eb plot\u00ebsuar;<\/li><li>Lejen nga bashkia n\u00ebn juridiksionin territorial dhe administrativ, q\u00eb i vet\u00ebpun\u00ebsuari lejohet t\u00eb tregtoj\u00eb n\u00eb vende publike t\u00eb p\u00ebrcaktuara paraprakisht nga Bashkia dhe q\u00eb ushtron aktivitetin n\u00eb nj\u00ebsi tregtimi t\u00eb vetme dhe t\u00eb l\u00ebvizshme.<\/li><\/ul>\n\n\n\n<h3 class=\"wp-block-heading\">Annullamento della registrazione<\/h3>\n\n\n\n<p>\u00c7regjistrimi behet me k\u00ebrkes\u00eb t\u00eb personit t\u00eb regjistruar si ambulant,q\u00eb paraqitet pran\u00eb drejtoris\u00eb rajonale tatimore ku \u00ebsht\u00eb b\u00ebr\u00eb regjistrimi.<\/p>\n\n\n\n<h3 class=\"wp-block-heading\">Detyrimet q\u00eb duhet t\u00eb paguajn\u00eb<\/h3>\n\n\n\n<p>Ambulant\u00ebt, q\u00eb kan\u00eb mbushur mosh\u00ebn 16 vje\u00e7, q\u00eb nuk jan\u00eb t\u00eb siguruar si pun\u00ebmarr\u00ebs ose si t\u00eb vet\u00ebpun\u00ebsuar n\u00eb veprimtari ekonomike t\u00eb vijueshme, paguajn\u00eb kontribute t\u00eb sigurimeve shoq\u00ebrore e sh\u00ebndet\u00ebsore t\u00eb detyrueshme p\u00ebr:<\/p>\n\n\n\n<ul class=\"wp-block-list\"><li>deg\u00ebn e pensioneve dhe<\/li><li>p\u00ebr sigurimin e kujdesit sh\u00ebndet\u00ebsor.<\/li><\/ul>\n\n\n\n<div class=\"wp-block-group\"><div class=\"wp-block-group__inner-container is-layout-flow wp-block-group-is-layout-flow\">\n<figure class=\"wp-block-pullquote\"><blockquote><p>Personat e vet\u00ebpun\u00ebsuar n\u00eb veprimtari tregtare apo sh\u00ebrbimi, ambulante, deklarojn\u00eb dhe paguajn\u00eb kontribut minimal mujor n\u00eb shum\u00ebn 4 696 lek\u00eb, nga t\u00eb cilat:<\/p><p>a. 3 200 lek\u00eb p\u00ebr sigurime shoq\u00ebrore dhe<\/p><p>b. 1 496 lek\u00eb p\u00ebr sigurimin e kujdesit sh\u00ebndet\u00ebsor.<\/p><\/blockquote><\/figure>\n<\/div><\/div>\n\n\n\n<p>Burim: <a href=\"https:\/\/www.tatime.gov.al\/c\/3\/12\/22\/ambulante\" target=\"_blank\" rel=\"noreferrer noopener\">Direzione Generale delle Imposte.<\/a><\/p>\n\n\n<div class=\"gdlr-core-widget-box-shortcode\" style=\"color: #ffffff ;background-color: #000014 ;\"  ><h3 class=\"gdlr-core-widget-box-shortcode-title\" style=\"color: #ffffff ;\"  >Hai qualche domanda?<\/h3><div class=\"gdlr-core-widget-box-shortcode-content\" ><p class=\"translation-block\">Non esitare a <a href=\"https:\/\/alprofitconsult.al\/it\/contatti\/\" target=\"_self\">contattarci. Siamo un team di esperti e saremo lieti di parlare con te.<\/p>\n<\/div><\/div>","protected":false},"excerpt":{"rendered":"<p>Ambulant, \u00ebsht\u00eb personi fizik, q\u00eb ka mbushur mosh\u00ebn 16 vje\u00e7, i vet\u00ebpun\u00ebsuar; i cili tregton mallra ose sh\u00ebrbime p\u00ebr publikun pa pasur nj\u00eb vend biznesi fiks, q\u00eb ushtron aktivitetin n\u00eb nj\u00ebsi t\u00eb vetme tregtimi t\u00eb l\u00ebvizshme dhe lejohet t\u00eb tregtoj\u00eb n\u00eb ambiente publike. Regjistrimi Ambulanti, regjistrohet pran\u00eb drejtoris\u00eb rajonale tatimore t\u00eb juridiksionit sipas ndarjes s\u00eb [&hellip;]<\/p>\n","protected":false},"author":1,"featured_media":15404,"parent":16180,"menu_order":0,"comment_status":"closed","ping_status":"closed","template":"","meta":{"footnotes":""},"class_list":["post-16187","page","type-page","status-publish","has-post-thumbnail","hentry"],"yoast_head":"<!-- This site is optimized with the Yoast SEO plugin v26.5 - https:\/\/yoast.com\/wordpress\/plugins\/seo\/ -->\n<title>Ambulant\u00eb #2 - AlProfit Consult<\/title>\n<meta name=\"robots\" content=\"index, follow, max-snippet:-1, max-image-preview:large, max-video-preview:-1\" \/>\n<link rel=\"canonical\" href=\"https:\/\/alprofitconsult.al\/it\/tatime-2\/individ\/kategorite\/ambulante\/\" \/>\n<meta property=\"og:locale\" content=\"it_IT\" \/>\n<meta property=\"og:type\" content=\"article\" \/>\n<meta property=\"og:title\" content=\"Ambulant\u00eb #2 - AlProfit Consult\" \/>\n<meta property=\"og:description\" content=\"Ambulant, \u00ebsht\u00eb personi fizik, q\u00eb ka mbushur mosh\u00ebn 16 vje\u00e7, i vet\u00ebpun\u00ebsuar; i cili tregton mallra ose sh\u00ebrbime p\u00ebr publikun pa pasur nj\u00eb vend biznesi fiks, q\u00eb ushtron aktivitetin n\u00eb nj\u00ebsi t\u00eb vetme tregtimi t\u00eb l\u00ebvizshme dhe lejohet t\u00eb tregtoj\u00eb n\u00eb ambiente publike. Regjistrimi Ambulanti, regjistrohet pran\u00eb drejtoris\u00eb rajonale tatimore t\u00eb juridiksionit sipas ndarjes s\u00eb [&hellip;]\" \/>\n<meta property=\"og:url\" content=\"https:\/\/alprofitconsult.al\/it\/tatime-2\/individ\/kategorite\/ambulante\/\" \/>\n<meta property=\"og:site_name\" content=\"AlProfit Consult\" \/>\n<meta property=\"article:publisher\" content=\"https:\/\/www.facebook.com\/AlProfitConsult\/\" \/>\n<meta property=\"og:image\" content=\"https:\/\/alprofitconsult.al\/wp-content\/uploads\/2022\/10\/AlProfit-Consult-Ambulantet.jpg\" \/>\n\t<meta property=\"og:image:width\" content=\"1920\" \/>\n\t<meta property=\"og:image:height\" content=\"1280\" \/>\n\t<meta property=\"og:image:type\" content=\"image\/jpeg\" \/>\n<meta name=\"twitter:card\" content=\"summary_large_image\" \/>\n<meta name=\"twitter:site\" content=\"@AlProfitConsult\" \/>\n<meta name=\"twitter:label1\" content=\"Tempo di lettura stimato\" \/>\n\t<meta name=\"twitter:data1\" content=\"2 minuti\" \/>\n<script type=\"application\/ld+json\" class=\"yoast-schema-graph\">{\"@context\":\"https:\/\/schema.org\",\"@graph\":[{\"@type\":\"WebPage\",\"@id\":\"https:\/\/alprofitconsult.al\/en\/tatime-2\/individ\/kategorite\/ambulante\/\",\"url\":\"https:\/\/alprofitconsult.al\/en\/tatime-2\/individ\/kategorite\/ambulante\/\",\"name\":\"Ambulant\u00eb #2 - AlProfit Consult\",\"isPartOf\":{\"@id\":\"https:\/\/alprofitconsult.al\/#website\"},\"primaryImageOfPage\":{\"@id\":\"https:\/\/alprofitconsult.al\/en\/tatime-2\/individ\/kategorite\/ambulante\/#primaryimage\"},\"image\":{\"@id\":\"https:\/\/alprofitconsult.al\/en\/tatime-2\/individ\/kategorite\/ambulante\/#primaryimage\"},\"thumbnailUrl\":\"https:\/\/alprofitconsult.al\/wp-content\/uploads\/2022\/10\/AlProfit-Consult-Ambulantet.jpg\",\"datePublished\":\"2022-10-07T20:13:39+00:00\",\"breadcrumb\":{\"@id\":\"https:\/\/alprofitconsult.al\/en\/tatime-2\/individ\/kategorite\/ambulante\/#breadcrumb\"},\"inLanguage\":\"it-IT\",\"potentialAction\":[{\"@type\":\"ReadAction\",\"target\":[\"https:\/\/alprofitconsult.al\/en\/tatime-2\/individ\/kategorite\/ambulante\/\"]}]},{\"@type\":\"ImageObject\",\"inLanguage\":\"it-IT\",\"@id\":\"https:\/\/alprofitconsult.al\/en\/tatime-2\/individ\/kategorite\/ambulante\/#primaryimage\",\"url\":\"https:\/\/alprofitconsult.al\/wp-content\/uploads\/2022\/10\/AlProfit-Consult-Ambulantet.jpg\",\"contentUrl\":\"https:\/\/alprofitconsult.al\/wp-content\/uploads\/2022\/10\/AlProfit-Consult-Ambulantet.jpg\",\"width\":1920,\"height\":1280},{\"@type\":\"BreadcrumbList\",\"@id\":\"https:\/\/alprofitconsult.al\/en\/tatime-2\/individ\/kategorite\/ambulante\/#breadcrumb\",\"itemListElement\":[{\"@type\":\"ListItem\",\"position\":1,\"name\":\"Kryefaqe\",\"item\":\"https:\/\/alprofitconsult.al\/\"},{\"@type\":\"ListItem\",\"position\":2,\"name\":\"Tatime\",\"item\":\"https:\/\/alprofitconsult.al\/en\/tatime-2\/\"},{\"@type\":\"ListItem\",\"position\":3,\"name\":\"Individ #2\",\"item\":\"https:\/\/alprofitconsult.al\/en\/tatime-2\/individ\/\"},{\"@type\":\"ListItem\",\"position\":4,\"name\":\"Kategorit\u00eb #2\",\"item\":\"https:\/\/alprofitconsult.al\/en\/tatime-2\/individ\/kategorite\/\"},{\"@type\":\"ListItem\",\"position\":5,\"name\":\"Ambulant\u00eb #2\"}]},{\"@type\":\"WebSite\",\"@id\":\"https:\/\/alprofitconsult.al\/#website\",\"url\":\"https:\/\/alprofitconsult.al\/\",\"name\":\"AlProfit Consult\",\"description\":\"Zyr\u00eb Kontabiliteti\",\"publisher\":{\"@id\":\"https:\/\/alprofitconsult.al\/#organization\"},\"potentialAction\":[{\"@type\":\"SearchAction\",\"target\":{\"@type\":\"EntryPoint\",\"urlTemplate\":\"https:\/\/alprofitconsult.al\/?s={search_term_string}\"},\"query-input\":{\"@type\":\"PropertyValueSpecification\",\"valueRequired\":true,\"valueName\":\"search_term_string\"}}],\"inLanguage\":\"it-IT\"},{\"@type\":\"Organization\",\"@id\":\"https:\/\/alprofitconsult.al\/#organization\",\"name\":\"Alprofit Consult\",\"url\":\"https:\/\/alprofitconsult.al\/\",\"logo\":{\"@type\":\"ImageObject\",\"inLanguage\":\"it-IT\",\"@id\":\"https:\/\/alprofitconsult.al\/#\/schema\/logo\/image\/\",\"url\":\"https:\/\/alprofitconsult.al\/wp-content\/uploads\/2022\/10\/logoalprofit.png\",\"contentUrl\":\"https:\/\/alprofitconsult.al\/wp-content\/uploads\/2022\/10\/logoalprofit.png\",\"width\":529,\"height\":156,\"caption\":\"Alprofit Consult\"},\"image\":{\"@id\":\"https:\/\/alprofitconsult.al\/#\/schema\/logo\/image\/\"},\"sameAs\":[\"https:\/\/www.facebook.com\/AlProfitConsult\/\",\"https:\/\/x.com\/AlProfitConsult\",\"https:\/\/www.linkedin.com\/company\/andi-haxhillari\/\",\"https:\/\/www.pinterest.com\/AlProfitConsult\/\",\"https:\/\/www.youtube.com\/channel\/UCZ5Gfntn161Nla3g1XdRldA\",\"https:\/\/sq.wikipedia.org\/wiki\/P\u00ebrdoruesi:Andi25~sqwiki\"]}]}<\/script>\n<!-- \/ Yoast SEO plugin. -->","yoast_head_json":{"title":"Ambulant\u00eb #2 - AlProfit Consult","robots":{"index":"index","follow":"follow","max-snippet":"max-snippet:-1","max-image-preview":"max-image-preview:large","max-video-preview":"max-video-preview:-1"},"canonical":"https:\/\/alprofitconsult.al\/it\/tatime-2\/individ\/kategorite\/ambulante\/","og_locale":"it_IT","og_type":"article","og_title":"Ambulant\u00eb #2 - AlProfit Consult","og_description":"Ambulant, \u00ebsht\u00eb personi fizik, q\u00eb ka mbushur mosh\u00ebn 16 vje\u00e7, i vet\u00ebpun\u00ebsuar; i cili tregton mallra ose sh\u00ebrbime p\u00ebr publikun pa pasur nj\u00eb vend biznesi fiks, q\u00eb ushtron aktivitetin n\u00eb nj\u00ebsi t\u00eb vetme tregtimi t\u00eb l\u00ebvizshme dhe lejohet t\u00eb tregtoj\u00eb n\u00eb ambiente publike. Regjistrimi Ambulanti, regjistrohet pran\u00eb drejtoris\u00eb rajonale tatimore t\u00eb juridiksionit sipas ndarjes s\u00eb [&hellip;]","og_url":"https:\/\/alprofitconsult.al\/it\/tatime-2\/individ\/kategorite\/ambulante\/","og_site_name":"AlProfit Consult","article_publisher":"https:\/\/www.facebook.com\/AlProfitConsult\/","og_image":[{"width":1920,"height":1280,"url":"https:\/\/alprofitconsult.al\/wp-content\/uploads\/2022\/10\/AlProfit-Consult-Ambulantet.jpg","type":"image\/jpeg"}],"twitter_card":"summary_large_image","twitter_site":"@AlProfitConsult","twitter_misc":{"Tempo di lettura stimato":"2 minuti"},"schema":{"@context":"https:\/\/schema.org","@graph":[{"@type":"WebPage","@id":"https:\/\/alprofitconsult.al\/en\/tatime-2\/individ\/kategorite\/ambulante\/","url":"https:\/\/alprofitconsult.al\/en\/tatime-2\/individ\/kategorite\/ambulante\/","name":"Ambulant\u00eb #2 - AlProfit Consult","isPartOf":{"@id":"https:\/\/alprofitconsult.al\/#website"},"primaryImageOfPage":{"@id":"https:\/\/alprofitconsult.al\/en\/tatime-2\/individ\/kategorite\/ambulante\/#primaryimage"},"image":{"@id":"https:\/\/alprofitconsult.al\/en\/tatime-2\/individ\/kategorite\/ambulante\/#primaryimage"},"thumbnailUrl":"https:\/\/alprofitconsult.al\/wp-content\/uploads\/2022\/10\/AlProfit-Consult-Ambulantet.jpg","datePublished":"2022-10-07T20:13:39+00:00","breadcrumb":{"@id":"https:\/\/alprofitconsult.al\/en\/tatime-2\/individ\/kategorite\/ambulante\/#breadcrumb"},"inLanguage":"it-IT","potentialAction":[{"@type":"ReadAction","target":["https:\/\/alprofitconsult.al\/en\/tatime-2\/individ\/kategorite\/ambulante\/"]}]},{"@type":"ImageObject","inLanguage":"it-IT","@id":"https:\/\/alprofitconsult.al\/en\/tatime-2\/individ\/kategorite\/ambulante\/#primaryimage","url":"https:\/\/alprofitconsult.al\/wp-content\/uploads\/2022\/10\/AlProfit-Consult-Ambulantet.jpg","contentUrl":"https:\/\/alprofitconsult.al\/wp-content\/uploads\/2022\/10\/AlProfit-Consult-Ambulantet.jpg","width":1920,"height":1280},{"@type":"BreadcrumbList","@id":"https:\/\/alprofitconsult.al\/en\/tatime-2\/individ\/kategorite\/ambulante\/#breadcrumb","itemListElement":[{"@type":"ListItem","position":1,"name":"Kryefaqe","item":"https:\/\/alprofitconsult.al\/"},{"@type":"ListItem","position":2,"name":"Tatime","item":"https:\/\/alprofitconsult.al\/en\/tatime-2\/"},{"@type":"ListItem","position":3,"name":"Individ #2","item":"https:\/\/alprofitconsult.al\/en\/tatime-2\/individ\/"},{"@type":"ListItem","position":4,"name":"Kategorit\u00eb #2","item":"https:\/\/alprofitconsult.al\/en\/tatime-2\/individ\/kategorite\/"},{"@type":"ListItem","position":5,"name":"Ambulant\u00eb #2"}]},{"@type":"WebSite","@id":"https:\/\/alprofitconsult.al\/#website","url":"https:\/\/alprofitconsult.al\/","name":"AlProfit Consult","description":"Ufficio contabilit\u00e0","publisher":{"@id":"https:\/\/alprofitconsult.al\/#organization"},"potentialAction":[{"@type":"SearchAction","target":{"@type":"EntryPoint","urlTemplate":"https:\/\/alprofitconsult.al\/?s={search_term_string}"},"query-input":{"@type":"PropertyValueSpecification","valueRequired":true,"valueName":"search_term_string"}}],"inLanguage":"it-IT"},{"@type":"Organization","@id":"https:\/\/alprofitconsult.al\/#organization","name":"Alprofit Consult","url":"https:\/\/alprofitconsult.al\/","logo":{"@type":"ImageObject","inLanguage":"it-IT","@id":"https:\/\/alprofitconsult.al\/#\/schema\/logo\/image\/","url":"https:\/\/alprofitconsult.al\/wp-content\/uploads\/2022\/10\/logoalprofit.png","contentUrl":"https:\/\/alprofitconsult.al\/wp-content\/uploads\/2022\/10\/logoalprofit.png","width":529,"height":156,"caption":"Alprofit Consult"},"image":{"@id":"https:\/\/alprofitconsult.al\/#\/schema\/logo\/image\/"},"sameAs":["https:\/\/www.facebook.com\/AlProfitConsult\/","https:\/\/x.com\/AlProfitConsult","https:\/\/www.linkedin.com\/company\/andi-haxhillari\/","https:\/\/www.pinterest.com\/AlProfitConsult\/","https:\/\/www.youtube.com\/channel\/UCZ5Gfntn161Nla3g1XdRldA","https:\/\/sq.wikipedia.org\/wiki\/P\u00ebrdoruesi:Andi25~sqwiki"]}]}},"_links":{"self":[{"href":"https:\/\/alprofitconsult.al\/it\/wp-json\/wp\/v2\/pages\/16187","targetHints":{"allow":["GET"]}}],"collection":[{"href":"https:\/\/alprofitconsult.al\/it\/wp-json\/wp\/v2\/pages"}],"about":[{"href":"https:\/\/alprofitconsult.al\/it\/wp-json\/wp\/v2\/types\/page"}],"author":[{"embeddable":true,"href":"https:\/\/alprofitconsult.al\/it\/wp-json\/wp\/v2\/users\/1"}],"replies":[{"embeddable":true,"href":"https:\/\/alprofitconsult.al\/it\/wp-json\/wp\/v2\/comments?post=16187"}],"version-history":[{"count":0,"href":"https:\/\/alprofitconsult.al\/it\/wp-json\/wp\/v2\/pages\/16187\/revisions"}],"up":[{"embeddable":true,"href":"https:\/\/alprofitconsult.al\/it\/wp-json\/wp\/v2\/pages\/16180"}],"wp:featuredmedia":[{"embeddable":true,"href":"https:\/\/alprofitconsult.al\/it\/wp-json\/wp\/v2\/media\/15404"}],"wp:attachment":[{"href":"https:\/\/alprofitconsult.al\/it\/wp-json\/wp\/v2\/media?parent=16187"}],"curies":[{"name":"wp","href":"https:\/\/api.w.org\/{rel}","templated":true}]}}