{"id":17180,"date":"2022-10-22T19:56:31","date_gmt":"2022-10-22T19:56:31","guid":{"rendered":"https:\/\/alprofitconsult.al\/?page_id=17180"},"modified":"2026-02-15T16:44:09","modified_gmt":"2026-02-15T16:44:09","slug":"informazioni-generali","status":"publish","type":"page","link":"https:\/\/alprofitconsult.al\/it\/regjistrimi-biznesit\/person-fizik\/informacion-i-pergjithshem\/","title":{"rendered":"Informazioni generali"},"content":{"rendered":"<div class=\"yoast-breadcrumbs\"><span><span><a href=\"https:\/\/alprofitconsult.al\/it\/\">Home page<\/a><\/span> | <span><a href=\"https:\/\/alprofitconsult.al\/it\/registrazione-dellimpresa\/\">Registrazione di aziende\/ONG<\/a><\/span> | <span><a href=\"https:\/\/alprofitconsult.al\/it\/registrazione-dellimpresa\/persona-fisica\/\">Persona fisica<\/a><\/span> | <span class=\"breadcrumb_last\" aria-current=\"page\">Informazioni generali<\/span><\/span><\/div>\n\n\n<p><\/p>\n\n\n\n<figure class=\"wp-block-image size-large\"><img loading=\"lazy\" decoding=\"async\" width=\"1024\" height=\"769\" src=\"https:\/\/alprofitconsult.al\/wp-content\/uploads\/2022\/10\/AlProfit-Consult-Informacion-i-pergjithshem-Person-fizik-1024x769.jpg\" alt=\"\" class=\"wp-image-17317\" srcset=\"https:\/\/alprofitconsult.al\/wp-content\/uploads\/2022\/10\/AlProfit-Consult-Informacion-i-pergjithshem-Person-fizik-1024x769.jpg 1024w, https:\/\/alprofitconsult.al\/wp-content\/uploads\/2022\/10\/AlProfit-Consult-Informacion-i-pergjithshem-Person-fizik-300x225.jpg 300w, https:\/\/alprofitconsult.al\/wp-content\/uploads\/2022\/10\/AlProfit-Consult-Informacion-i-pergjithshem-Person-fizik-150x113.jpg 150w, https:\/\/alprofitconsult.al\/wp-content\/uploads\/2022\/10\/AlProfit-Consult-Informacion-i-pergjithshem-Person-fizik-768x576.jpg 768w, https:\/\/alprofitconsult.al\/wp-content\/uploads\/2022\/10\/AlProfit-Consult-Informacion-i-pergjithshem-Person-fizik-1536x1153.jpg 1536w, https:\/\/alprofitconsult.al\/wp-content\/uploads\/2022\/10\/AlProfit-Consult-Informacion-i-pergjithshem-Person-fizik.jpg 1920w\" sizes=\"auto, (max-width: 1024px) 100vw, 1024px\" \/><\/figure>\n\n\n\n<p><\/p>\n\n\n\n<p>Il trader \u00e8 la persona fisica, ai sensi di<a href=\"https:\/\/alprofitconsult.al\/wp-content\/uploads\/2022\/10\/kodi-civil.pdf\" target=\"_blank\" rel=\"noreferrer noopener\"> Codice civile<\/a>, che svolge attivit\u00e0 economiche autonome che richiedono una normale organizzazione commerciale.<\/p>\n\n\n\n<p>Una persona fisica che esercita una professione autonoma (ad esempio avvocato, notaio, commercialista, medico, ingegnere, architetto, artista, ecc.) \u00e8 considerata un operatore commerciale se una legge specifica le attribuisce tale status.<\/p>\n\n\n\n<p>Una persona fisica che esercita attivit\u00e0 agricole, zootecniche, forestali e simili \u00e8 considerata un operatore commerciale se le sue attivit\u00e0 sono incentrate principalmente sulla trasformazione e sulla vendita di prodotti agricoli, zootecnici e forestali (settore agroalimentare).<\/p>\n\n\n\n<p>Una persona fisica la cui attivit\u00e0 economica, in ragione della sua portata, non richieda un'organizzazione commerciale tradizionale (piccolo commerciante) non \u00e8 considerata un commerciante e non \u00e8 soggetta alla presente legge. Il ministro delle Finanze e il ministro responsabile dell'economia, con decreto congiunto, approvano le soglie di volume d'attivit\u00e0 al di sopra delle quali sorge l'obbligo di registrazione come operatore commerciale.<\/p>\n\n\n\n<p>Il commerciante si registra ai sensi degli articoli 28, paragrafo 1, e 30 della legge. <a href=\"https:\/\/alprofitconsult.al\/wp-content\/uploads\/2022\/10\/Ligji-Nr.-9723-date-03.05.2007-Per-Regjistrimin-e-Biznesit-i-ndryshuar-1.pdf\" target=\"_blank\" rel=\"noreferrer noopener\">N. 9723, del 3 maggio 2007 <\/a>\u201cPer il Centro nazionale di registrazione\u201d. Se l'operatore ha creato un sito web, tutte le informazioni comunicate al Centro nazionale di registrazione vengono pubblicate su tale sito.<\/p>\n\n\n\n<p>Il trader \u00e8 tenuto a rispettare i principi di integrit\u00e0 professionale applicabili nel contesto di trading in cui opera. Il trader, per gli obblighi derivanti dalle attivit\u00e0 svolte, \u00e8 personalmente responsabile con tutti i suoi beni e diritti presenti e futuri, inclusi beni mobili e immobili, propriet\u00e0 industriale e intellettuale, crediti vantati nei confronti di terzi e qualsiasi diritto o altro bene il cui valore possa essere espresso in denaro.<\/p>\n\n\n\n<p>Il commerciante perde il proprio status quando sospende l'esercizio della propria attivit\u00e0 o quando \u00e8 costretto a sospenderla. In tal caso viene cancellato dal registro, ai sensi degli articoli da 48 a 53 della legge. <a href=\"https:\/\/alprofitconsult.al\/wp-content\/uploads\/2022\/10\/Ligji-Nr.-9723-date-03.05.2007-Per-Regjistrimin-e-Biznesit-i-ndryshuar-1.pdf\" target=\"_blank\" rel=\"noreferrer noopener\">N. 9723, del 3 maggio 2007 <\/a>\u201cPer il Centro Nazionale di Registrazione.<\/p>\n\n\n\n<p>Fonte: <a href=\"https:\/\/qkb.gov.al\/\" target=\"_blank\" rel=\"noreferrer noopener\">Centro Nazionale per le Imprese.<\/a><\/p>\n\n\n<div class=\"gdlr-core-widget-box-shortcode\" style=\"color: #ffffff ;background-color: #000014 ;\"  ><h3 class=\"gdlr-core-widget-box-shortcode-title\" style=\"color: #ffffff ;\"  >Hai qualche domanda?<\/h3><div class=\"gdlr-core-widget-box-shortcode-content\" ><p class=\"translation-block\">Non esitare a <a href=\"https:\/\/alprofitconsult.al\/it\/contact\/\" target=\"_self\">contattarci. Siamo un team di esperti e saremo lieti di parlare con te.<\/p>\n<\/div><\/div>","protected":false},"excerpt":{"rendered":"<p>Tregtari \u00ebsht\u00eb personi fizik, sipas kuptimit t\u00eb Kodit Civil, i cili ushtron veprimtari ekonomike t\u00eb pavarur, q\u00eb k\u00ebrkon nj\u00eb organizim tregtar t\u00eb zakonsh\u00ebm. Personi fizik, i cili ushtron nj\u00eb profesion t\u00eb pavarur (si avokat, noter, kontabilist, mjek, inxhinier, arkitekt, artist etj.), vler\u00ebsohet tregtar, n\u00ebse nj\u00eb ligj i posa\u00e7\u00ebm i ngarkon k\u00ebt\u00eb status. Personi fizik, i [&hellip;]<\/p>\n","protected":false},"author":1,"featured_media":17317,"parent":17175,"menu_order":0,"comment_status":"closed","ping_status":"closed","template":"","meta":{"footnotes":""},"class_list":["post-17180","page","type-page","status-publish","has-post-thumbnail","hentry"],"yoast_head":"<!-- This site is optimized with the Yoast SEO plugin v26.5 - https:\/\/yoast.com\/wordpress\/plugins\/seo\/ -->\n<title>Informacion i p\u00ebrgjithsh\u00ebm - AlProfit Consult<\/title>\n<meta name=\"robots\" content=\"index, follow, max-snippet:-1, max-image-preview:large, max-video-preview:-1\" \/>\n<link rel=\"canonical\" href=\"https:\/\/alprofitconsult.al\/it\/registrazione-dellimpresa\/persona-fisica\/informazioni-generali\/\" \/>\n<meta property=\"og:locale\" content=\"it_IT\" \/>\n<meta property=\"og:type\" content=\"article\" \/>\n<meta property=\"og:title\" content=\"Informacion i p\u00ebrgjithsh\u00ebm - AlProfit Consult\" \/>\n<meta property=\"og:description\" content=\"Tregtari \u00ebsht\u00eb personi fizik, sipas kuptimit t\u00eb Kodit Civil, i cili ushtron veprimtari ekonomike t\u00eb pavarur, q\u00eb k\u00ebrkon nj\u00eb organizim tregtar t\u00eb zakonsh\u00ebm. Personi fizik, i cili ushtron nj\u00eb profesion t\u00eb pavarur (si avokat, noter, kontabilist, mjek, inxhinier, arkitekt, artist etj.), vler\u00ebsohet tregtar, n\u00ebse nj\u00eb ligj i posa\u00e7\u00ebm i ngarkon k\u00ebt\u00eb status. Personi fizik, i [&hellip;]\" \/>\n<meta property=\"og:url\" content=\"https:\/\/alprofitconsult.al\/it\/registrazione-dellimpresa\/persona-fisica\/informazioni-generali\/\" \/>\n<meta property=\"og:site_name\" content=\"AlProfit Consult\" \/>\n<meta property=\"article:publisher\" content=\"https:\/\/www.facebook.com\/AlProfitConsult\/\" \/>\n<meta property=\"article:modified_time\" content=\"2026-02-15T16:44:09+00:00\" \/>\n<meta property=\"og:image\" content=\"https:\/\/alprofitconsult.al\/wp-content\/uploads\/2022\/10\/AlProfit-Consult-Informacion-i-pergjithshem-Person-fizik.jpg\" \/>\n\t<meta property=\"og:image:width\" content=\"1920\" \/>\n\t<meta property=\"og:image:height\" content=\"1441\" \/>\n\t<meta property=\"og:image:type\" content=\"image\/jpeg\" \/>\n<meta name=\"twitter:card\" content=\"summary_large_image\" \/>\n<meta name=\"twitter:site\" content=\"@AlProfitConsult\" \/>\n<meta name=\"twitter:label1\" content=\"Tempo di lettura stimato\" \/>\n\t<meta name=\"twitter:data1\" content=\"3 minuti\" \/>\n<script type=\"application\/ld+json\" class=\"yoast-schema-graph\">{\"@context\":\"https:\/\/schema.org\",\"@graph\":[{\"@type\":\"WebPage\",\"@id\":\"https:\/\/alprofitconsult.al\/regjistrimi-biznesit\/person-fizik\/informacion-i-pergjithshem\/\",\"url\":\"https:\/\/alprofitconsult.al\/regjistrimi-biznesit\/person-fizik\/informacion-i-pergjithshem\/\",\"name\":\"Informacion i p\u00ebrgjithsh\u00ebm - AlProfit Consult\",\"isPartOf\":{\"@id\":\"https:\/\/alprofitconsult.al\/#website\"},\"primaryImageOfPage\":{\"@id\":\"https:\/\/alprofitconsult.al\/regjistrimi-biznesit\/person-fizik\/informacion-i-pergjithshem\/#primaryimage\"},\"image\":{\"@id\":\"https:\/\/alprofitconsult.al\/regjistrimi-biznesit\/person-fizik\/informacion-i-pergjithshem\/#primaryimage\"},\"thumbnailUrl\":\"https:\/\/alprofitconsult.al\/wp-content\/uploads\/2022\/10\/AlProfit-Consult-Informacion-i-pergjithshem-Person-fizik.jpg\",\"datePublished\":\"2022-10-22T19:56:31+00:00\",\"dateModified\":\"2026-02-15T16:44:09+00:00\",\"breadcrumb\":{\"@id\":\"https:\/\/alprofitconsult.al\/regjistrimi-biznesit\/person-fizik\/informacion-i-pergjithshem\/#breadcrumb\"},\"inLanguage\":\"it-IT\",\"potentialAction\":[{\"@type\":\"ReadAction\",\"target\":[\"https:\/\/alprofitconsult.al\/regjistrimi-biznesit\/person-fizik\/informacion-i-pergjithshem\/\"]}]},{\"@type\":\"ImageObject\",\"inLanguage\":\"it-IT\",\"@id\":\"https:\/\/alprofitconsult.al\/regjistrimi-biznesit\/person-fizik\/informacion-i-pergjithshem\/#primaryimage\",\"url\":\"https:\/\/alprofitconsult.al\/wp-content\/uploads\/2022\/10\/AlProfit-Consult-Informacion-i-pergjithshem-Person-fizik.jpg\",\"contentUrl\":\"https:\/\/alprofitconsult.al\/wp-content\/uploads\/2022\/10\/AlProfit-Consult-Informacion-i-pergjithshem-Person-fizik.jpg\",\"width\":1920,\"height\":1441},{\"@type\":\"BreadcrumbList\",\"@id\":\"https:\/\/alprofitconsult.al\/regjistrimi-biznesit\/person-fizik\/informacion-i-pergjithshem\/#breadcrumb\",\"itemListElement\":[{\"@type\":\"ListItem\",\"position\":1,\"name\":\"Kryefaqe\",\"item\":\"https:\/\/alprofitconsult.al\/\"},{\"@type\":\"ListItem\",\"position\":2,\"name\":\"Regjistrimi i biznesit\/OJF\",\"item\":\"https:\/\/alprofitconsult.al\/regjistrimi-biznesit\/\"},{\"@type\":\"ListItem\",\"position\":3,\"name\":\"Person fizik\",\"item\":\"https:\/\/alprofitconsult.al\/regjistrimi-biznesit\/person-fizik\/\"},{\"@type\":\"ListItem\",\"position\":4,\"name\":\"Informacion i p\u00ebrgjithsh\u00ebm\"}]},{\"@type\":\"WebSite\",\"@id\":\"https:\/\/alprofitconsult.al\/#website\",\"url\":\"https:\/\/alprofitconsult.al\/\",\"name\":\"AlProfit Consult\",\"description\":\"Zyr\u00eb Kontabiliteti\",\"publisher\":{\"@id\":\"https:\/\/alprofitconsult.al\/#organization\"},\"potentialAction\":[{\"@type\":\"SearchAction\",\"target\":{\"@type\":\"EntryPoint\",\"urlTemplate\":\"https:\/\/alprofitconsult.al\/?s={search_term_string}\"},\"query-input\":{\"@type\":\"PropertyValueSpecification\",\"valueRequired\":true,\"valueName\":\"search_term_string\"}}],\"inLanguage\":\"it-IT\"},{\"@type\":\"Organization\",\"@id\":\"https:\/\/alprofitconsult.al\/#organization\",\"name\":\"Alprofit Consult\",\"url\":\"https:\/\/alprofitconsult.al\/\",\"logo\":{\"@type\":\"ImageObject\",\"inLanguage\":\"it-IT\",\"@id\":\"https:\/\/alprofitconsult.al\/#\/schema\/logo\/image\/\",\"url\":\"https:\/\/alprofitconsult.al\/wp-content\/uploads\/2022\/10\/logoalprofit.png\",\"contentUrl\":\"https:\/\/alprofitconsult.al\/wp-content\/uploads\/2022\/10\/logoalprofit.png\",\"width\":529,\"height\":156,\"caption\":\"Alprofit Consult\"},\"image\":{\"@id\":\"https:\/\/alprofitconsult.al\/#\/schema\/logo\/image\/\"},\"sameAs\":[\"https:\/\/www.facebook.com\/AlProfitConsult\/\",\"https:\/\/x.com\/AlProfitConsult\",\"https:\/\/www.linkedin.com\/company\/andi-haxhillari\/\",\"https:\/\/www.pinterest.com\/AlProfitConsult\/\",\"https:\/\/www.youtube.com\/channel\/UCZ5Gfntn161Nla3g1XdRldA\",\"https:\/\/sq.wikipedia.org\/wiki\/P\u00ebrdoruesi:Andi25~sqwiki\"]}]}<\/script>\n<!-- \/ Yoast SEO plugin. -->","yoast_head_json":{"title":"Informazioni generali - AlProfit Consult","robots":{"index":"index","follow":"follow","max-snippet":"max-snippet:-1","max-image-preview":"max-image-preview:large","max-video-preview":"max-video-preview:-1"},"canonical":"https:\/\/alprofitconsult.al\/it\/registrazione-dellimpresa\/persona-fisica\/informazioni-generali\/","og_locale":"it_IT","og_type":"article","og_title":"Informacion i p\u00ebrgjithsh\u00ebm - AlProfit Consult","og_description":"Tregtari \u00ebsht\u00eb personi fizik, sipas kuptimit t\u00eb Kodit Civil, i cili ushtron veprimtari ekonomike t\u00eb pavarur, q\u00eb k\u00ebrkon nj\u00eb organizim tregtar t\u00eb zakonsh\u00ebm. Personi fizik, i cili ushtron nj\u00eb profesion t\u00eb pavarur (si avokat, noter, kontabilist, mjek, inxhinier, arkitekt, artist etj.), vler\u00ebsohet tregtar, n\u00ebse nj\u00eb ligj i posa\u00e7\u00ebm i ngarkon k\u00ebt\u00eb status. Personi fizik, i [&hellip;]","og_url":"https:\/\/alprofitconsult.al\/it\/registrazione-dellimpresa\/persona-fisica\/informazioni-generali\/","og_site_name":"AlProfit Consult","article_publisher":"https:\/\/www.facebook.com\/AlProfitConsult\/","article_modified_time":"2026-02-15T16:44:09+00:00","og_image":[{"width":1920,"height":1441,"url":"https:\/\/alprofitconsult.al\/wp-content\/uploads\/2022\/10\/AlProfit-Consult-Informacion-i-pergjithshem-Person-fizik.jpg","type":"image\/jpeg"}],"twitter_card":"summary_large_image","twitter_site":"@AlProfitConsult","twitter_misc":{"Tempo di lettura stimato":"3 minuti"},"schema":{"@context":"https:\/\/schema.org","@graph":[{"@type":"WebPage","@id":"https:\/\/alprofitconsult.al\/regjistrimi-biznesit\/person-fizik\/informacion-i-pergjithshem\/","url":"https:\/\/alprofitconsult.al\/regjistrimi-biznesit\/person-fizik\/informacion-i-pergjithshem\/","name":"Informazioni generali - AlProfit Consult","isPartOf":{"@id":"https:\/\/alprofitconsult.al\/#website"},"primaryImageOfPage":{"@id":"https:\/\/alprofitconsult.al\/regjistrimi-biznesit\/person-fizik\/informacion-i-pergjithshem\/#primaryimage"},"image":{"@id":"https:\/\/alprofitconsult.al\/regjistrimi-biznesit\/person-fizik\/informacion-i-pergjithshem\/#primaryimage"},"thumbnailUrl":"https:\/\/alprofitconsult.al\/wp-content\/uploads\/2022\/10\/AlProfit-Consult-Informacion-i-pergjithshem-Person-fizik.jpg","datePublished":"2022-10-22T19:56:31+00:00","dateModified":"2026-02-15T16:44:09+00:00","breadcrumb":{"@id":"https:\/\/alprofitconsult.al\/regjistrimi-biznesit\/person-fizik\/informacion-i-pergjithshem\/#breadcrumb"},"inLanguage":"it-IT","potentialAction":[{"@type":"ReadAction","target":["https:\/\/alprofitconsult.al\/regjistrimi-biznesit\/person-fizik\/informacion-i-pergjithshem\/"]}]},{"@type":"ImageObject","inLanguage":"it-IT","@id":"https:\/\/alprofitconsult.al\/regjistrimi-biznesit\/person-fizik\/informacion-i-pergjithshem\/#primaryimage","url":"https:\/\/alprofitconsult.al\/wp-content\/uploads\/2022\/10\/AlProfit-Consult-Informacion-i-pergjithshem-Person-fizik.jpg","contentUrl":"https:\/\/alprofitconsult.al\/wp-content\/uploads\/2022\/10\/AlProfit-Consult-Informacion-i-pergjithshem-Person-fizik.jpg","width":1920,"height":1441},{"@type":"BreadcrumbList","@id":"https:\/\/alprofitconsult.al\/regjistrimi-biznesit\/person-fizik\/informacion-i-pergjithshem\/#breadcrumb","itemListElement":[{"@type":"ListItem","position":1,"name":"Kryefaqe","item":"https:\/\/alprofitconsult.al\/"},{"@type":"ListItem","position":2,"name":"Regjistrimi i biznesit\/OJF","item":"https:\/\/alprofitconsult.al\/regjistrimi-biznesit\/"},{"@type":"ListItem","position":3,"name":"Person fizik","item":"https:\/\/alprofitconsult.al\/regjistrimi-biznesit\/person-fizik\/"},{"@type":"ListItem","position":4,"name":"Informacion i p\u00ebrgjithsh\u00ebm"}]},{"@type":"WebSite","@id":"https:\/\/alprofitconsult.al\/#website","url":"https:\/\/alprofitconsult.al\/","name":"AlProfit Consult","description":"Ufficio contabilit\u00e0","publisher":{"@id":"https:\/\/alprofitconsult.al\/#organization"},"potentialAction":[{"@type":"SearchAction","target":{"@type":"EntryPoint","urlTemplate":"https:\/\/alprofitconsult.al\/?s={search_term_string}"},"query-input":{"@type":"PropertyValueSpecification","valueRequired":true,"valueName":"search_term_string"}}],"inLanguage":"it-IT"},{"@type":"Organization","@id":"https:\/\/alprofitconsult.al\/#organization","name":"Alprofit Consult","url":"https:\/\/alprofitconsult.al\/","logo":{"@type":"ImageObject","inLanguage":"it-IT","@id":"https:\/\/alprofitconsult.al\/#\/schema\/logo\/image\/","url":"https:\/\/alprofitconsult.al\/wp-content\/uploads\/2022\/10\/logoalprofit.png","contentUrl":"https:\/\/alprofitconsult.al\/wp-content\/uploads\/2022\/10\/logoalprofit.png","width":529,"height":156,"caption":"Alprofit Consult"},"image":{"@id":"https:\/\/alprofitconsult.al\/#\/schema\/logo\/image\/"},"sameAs":["https:\/\/www.facebook.com\/AlProfitConsult\/","https:\/\/x.com\/AlProfitConsult","https:\/\/www.linkedin.com\/company\/andi-haxhillari\/","https:\/\/www.pinterest.com\/AlProfitConsult\/","https:\/\/www.youtube.com\/channel\/UCZ5Gfntn161Nla3g1XdRldA","https:\/\/sq.wikipedia.org\/wiki\/P\u00ebrdoruesi:Andi25~sqwiki"]}]}},"_links":{"self":[{"href":"https:\/\/alprofitconsult.al\/it\/wp-json\/wp\/v2\/pages\/17180","targetHints":{"allow":["GET"]}}],"collection":[{"href":"https:\/\/alprofitconsult.al\/it\/wp-json\/wp\/v2\/pages"}],"about":[{"href":"https:\/\/alprofitconsult.al\/it\/wp-json\/wp\/v2\/types\/page"}],"author":[{"embeddable":true,"href":"https:\/\/alprofitconsult.al\/it\/wp-json\/wp\/v2\/users\/1"}],"replies":[{"embeddable":true,"href":"https:\/\/alprofitconsult.al\/it\/wp-json\/wp\/v2\/comments?post=17180"}],"version-history":[{"count":5,"href":"https:\/\/alprofitconsult.al\/it\/wp-json\/wp\/v2\/pages\/17180\/revisions"}],"predecessor-version":[{"id":33478,"href":"https:\/\/alprofitconsult.al\/it\/wp-json\/wp\/v2\/pages\/17180\/revisions\/33478"}],"up":[{"embeddable":true,"href":"https:\/\/alprofitconsult.al\/it\/wp-json\/wp\/v2\/pages\/17175"}],"wp:featuredmedia":[{"embeddable":true,"href":"https:\/\/alprofitconsult.al\/it\/wp-json\/wp\/v2\/media\/17317"}],"wp:attachment":[{"href":"https:\/\/alprofitconsult.al\/it\/wp-json\/wp\/v2\/media?parent=17180"}],"curies":[{"name":"wp","href":"https:\/\/api.w.org\/{rel}","templated":true}]}}