{"id":17181,"date":"2022-10-22T19:56:31","date_gmt":"2022-10-22T19:56:31","guid":{"rendered":"https:\/\/alprofitconsult.al\/?page_id=17181"},"modified":"2022-10-23T19:35:06","modified_gmt":"2022-10-23T19:35:06","slug":"prima-registrazione-di-una-persona-fisica","status":"publish","type":"page","link":"https:\/\/alprofitconsult.al\/it\/regjistrimi-biznesit\/person-fizik\/regjistrimi-fillestar-i-personit-fizik\/","title":{"rendered":"Prima registrazione di una persona fisica"},"content":{"rendered":"<div class=\"yoast-breadcrumbs\"><span><span><a href=\"https:\/\/alprofitconsult.al\/it\/\">Home page<\/a><\/span> | <span><a href=\"https:\/\/alprofitconsult.al\/it\/registrazione-dellimpresa\/\">Registrazione di aziende\/ONG<\/a><\/span> | <span><a href=\"https:\/\/alprofitconsult.al\/it\/registrazione-dellimpresa\/persona-fisica\/\">Persona fisica<\/a><\/span> | <span class=\"breadcrumb_last\" aria-current=\"page\">Prima registrazione di una persona fisica<\/span><\/span><\/div>\n\n\n<p><\/p>\n\n\n\n<figure class=\"wp-block-image size-large\"><img loading=\"lazy\" decoding=\"async\" width=\"1024\" height=\"683\" src=\"https:\/\/alprofitconsult.al\/wp-content\/uploads\/2022\/10\/AlProfit-Consult-Regjistrimi-fillestar-i-personit-fizik-1024x683.jpg\" alt=\"\" class=\"wp-image-17327\" srcset=\"https:\/\/alprofitconsult.al\/wp-content\/uploads\/2022\/10\/AlProfit-Consult-Regjistrimi-fillestar-i-personit-fizik-1024x683.jpg 1024w, https:\/\/alprofitconsult.al\/wp-content\/uploads\/2022\/10\/AlProfit-Consult-Regjistrimi-fillestar-i-personit-fizik-300x200.jpg 300w, https:\/\/alprofitconsult.al\/wp-content\/uploads\/2022\/10\/AlProfit-Consult-Regjistrimi-fillestar-i-personit-fizik-150x100.jpg 150w, https:\/\/alprofitconsult.al\/wp-content\/uploads\/2022\/10\/AlProfit-Consult-Regjistrimi-fillestar-i-personit-fizik-768x512.jpg 768w, https:\/\/alprofitconsult.al\/wp-content\/uploads\/2022\/10\/AlProfit-Consult-Regjistrimi-fillestar-i-personit-fizik-1536x1024.jpg 1536w, https:\/\/alprofitconsult.al\/wp-content\/uploads\/2022\/10\/AlProfit-Consult-Regjistrimi-fillestar-i-personit-fizik.jpg 1920w\" sizes=\"auto, (max-width: 1024px) 100vw, 1024px\" \/><\/figure>\n\n\n\n<p>In questo video e qui di seguito vengono illustrati i passaggi da seguire e le informazioni da fornire per la registrazione di una persona fisica. Questo servizio \u00e8 ora disponibile esclusivamente tramite la domanda online sul portale e-Albania. La registrazione non pu\u00f2 pi\u00f9 essere effettuata presso gli sportelli fisici della QKB.<\/p>\n\n\n\n<figure class=\"wp-block-embed is-type-video is-provider-youtube wp-block-embed-youtube wp-embed-aspect-16-9 wp-has-aspect-ratio\"><div class=\"wp-block-embed__wrapper\">\n<iframe loading=\"lazy\" title=\"Richiesta di registrazione di una persona fisica tramite il portale e-Albania.\" width=\"1150\" height=\"647\" src=\"https:\/\/www.youtube-nocookie.com\/embed\/4fsfDxngUCE?feature=oembed\" frameborder=\"0\" allow=\"accelerometer; autoplay; clipboard-write; encrypted-media; gyroscope; picture-in-picture\" allowfullscreen><\/iframe>\n<\/div><\/figure>\n\n\n\n<p>Link al servizio di registrazione iniziale: <a href=\"https:\/\/e-albania.al\/eAlbaniaServices\/UseService.aspx?service_code=4930\">https:\/\/e-albania.al\/eAlbaniaServices\/UseService.aspx?service_code=4930<\/a><\/p>\n\n\n\n<p><strong>Richiesta di prima registrazione di una persona fisica<\/strong><\/p>\n\n\n\n<p id=\"divServiceInfo\">Il servizio elettronico per la prima registrazione di un soggetto giuridico \u00e8 offerto alle persone fisiche\/ai cittadini che hanno creato il proprio account sul portale in qualit\u00e0 di persone fisiche. Per presentare la domanda di prima registrazione, la persona fisica deve compilare l'apposito modulo, a seconda della forma giuridica da registrare. Ai sensi dell'articolo 22, lettera a), della legge n. 9723 del 3 maggio 2007 \u201cPer la registrazione delle imprese\u201d, come modificata, uno dei soggetti tenuti a iscriversi nel registro delle imprese \u00e8 costituito dalle persone fisiche che esercitano attivit\u00e0 economiche commerciali.<\/p>\n\n\n\n<p><strong>Documentazione necessaria<\/strong><\/p>\n\n\n\n<p><em>Documenti che il richiedente deve caricare:<\/em> \u2013 Procura (atto notarile) se il richiedente non \u00e8 la persona oggetto dell'iscrizione.<\/p>\n\n\n\n<p><strong>Fasi della procedura<\/strong><\/p>\n\n\n\n<ul class=\"wp-block-list\"><li>Effettua l'accesso come cittadino sul portale e-Albania.;<\/li><li>Selezionare il servizio \u201cRichiesta di prima registrazione di una persona fisica\u201d<\/li><li>Clicca sul pulsante \u201cUtilizza\u201d e compila il modulo elettronico inserendo le informazioni necessarie relative al tipo di societ\u00e0 che intendi registrare.<\/li><li>Clicca sul pulsante \u201cInvia\u201d nell'ultima pagina del modulo.<\/li><li>Il funzionario del QKB esamina la richiesta ricevuta e, a seconda della decisione presa, risponde al richiedente tramite e-mail.<\/li><\/ul>\n\n\n\n<p>Ai fini della registrazione iniziale, i soggetti devono inoltre dichiarare i dati obbligatori, in conformit\u00e0 con la normativa fiscale, previdenziale e sanitaria, quali: fatturato annuo, le tipologie di imposte per le quali il soggetto si registra, ecc. oltre a quelli a fini statistici, come il Codice della Nomenclatura Economica (NVE).<\/p>\n\n\n\n<p>Queste informazioni vengono fornite tramite autodichiarazione nella Sezione D del modulo di domanda. Sul sito web della QKB sono disponibili ulteriori informazioni su come compilare la Sezione D. <a href=\"http:\/\/www.qkb.gov.al\">www.qkb.gov.al<\/a>, nella sezione \u201cRegistrazione\u201d, cliccando sul link \u201cIstruzioni per la registrazione fiscale\u201d.<\/p>\n\n\n\n<p><strong>Tempo necessario per ottenere il servizio<\/strong><\/p>\n\n\n\n<p>La registrazione iniziale dell'attivit\u00e0 presso la QKB viene completata entro 24 ore dalla presentazione della domanda.<\/p>\n\n\n\n<p><strong>Periodo di validit\u00e0<\/strong><\/p>\n\n\n\n<p>Nessuna scadenza<\/p>\n\n\n\n<p><strong>Costi<\/strong><\/p>\n\n\n\n<p>Gratuito<\/p>\n\n\n\n<p><strong>Altro<\/strong><\/p>\n\n\n\n<p>Per qualsiasi domanda o richiesta di chiarimenti riguardo all'utilizzo del servizio, potete contattarci all'indirizzo indicato. <a href=\"mailto:helpdesk@e-albania.al\">helpdesk@e-albania.al<\/a><\/p>\n\n\n\n<p>Scarica qui la tessera ADISA <a href=\"https:\/\/alprofitconsult.al\/wp-content\/uploads\/2021\/05\/kartel_adisa_AL011074.pdf.pdf\">cartel_adisa_AL011074.pdf<\/a><\/p>\n\n\n\n<p>Fonte: <a href=\"https:\/\/e-albania.al\/eAlbaniaServices\/UseService.aspx?service_code=4930\">e-Albania<\/a>.<\/p>\n\n\n<div class=\"gdlr-core-widget-box-shortcode\" style=\"color: #ffffff ;background-color: #000014 ;\"  ><h3 class=\"gdlr-core-widget-box-shortcode-title\" style=\"color: #ffffff ;\"  >Hai qualche domanda?<\/h3><div class=\"gdlr-core-widget-box-shortcode-content\" ><p class=\"translation-block\">Non esitare a <a href=\"https:\/\/alprofitconsult.al\/it\/contact\/\" target=\"_self\">contattarci. Siamo un team di esperti e saremo lieti di parlare con te.<\/p>\n<\/div><\/div>","protected":false},"excerpt":{"rendered":"<p>N\u00eb k\u00ebt\u00eb video, dhe m\u00eb posht\u00eb, tregohen hapat q\u00eb duhet t\u00eb ndiqen dhe t\u00eb dh\u00ebnat q\u00eb duhet t\u00eb plot\u00ebsohen p\u00ebr t\u00eb regjistruar nj\u00eb person fizik. Tashm\u00eb ky sh\u00ebrbim ofrohet vet\u00ebm n\u00ebp\u00ebrmjet aplikimit online n\u00eb portalin e-Albania. Ky regjistrim nuk mund t\u00eb b\u00ebhet tashm\u00eb n\u00eb sportelet fizike t\u00eb QKB. Link p\u00ebr sh\u00ebrbimin e regjistrimit fillestar: https:\/\/e-albania.al\/eAlbaniaServices\/UseService.aspx?service_code=4930 [&hellip;]<\/p>\n","protected":false},"author":1,"featured_media":17327,"parent":17175,"menu_order":0,"comment_status":"closed","ping_status":"closed","template":"","meta":{"footnotes":""},"class_list":["post-17181","page","type-page","status-publish","has-post-thumbnail","hentry"],"yoast_head":"<!-- This site is optimized with the Yoast SEO plugin v26.5 - https:\/\/yoast.com\/wordpress\/plugins\/seo\/ -->\n<title>Regjistrimi fillestar i personit fizik - AlProfit Consult<\/title>\n<meta name=\"robots\" content=\"index, follow, max-snippet:-1, max-image-preview:large, max-video-preview:-1\" \/>\n<link rel=\"canonical\" href=\"https:\/\/alprofitconsult.al\/it\/registrazione-dellimpresa\/persona-fisica\/prima-registrazione-di-una-persona-fisica\/\" \/>\n<meta property=\"og:locale\" content=\"it_IT\" \/>\n<meta property=\"og:type\" content=\"article\" \/>\n<meta property=\"og:title\" content=\"Regjistrimi fillestar i personit fizik - AlProfit Consult\" \/>\n<meta property=\"og:description\" content=\"N\u00eb k\u00ebt\u00eb video, dhe m\u00eb posht\u00eb, tregohen hapat q\u00eb duhet t\u00eb ndiqen dhe t\u00eb dh\u00ebnat q\u00eb duhet t\u00eb plot\u00ebsohen p\u00ebr t\u00eb regjistruar nj\u00eb person fizik. Tashm\u00eb ky sh\u00ebrbim ofrohet vet\u00ebm n\u00ebp\u00ebrmjet aplikimit online n\u00eb portalin e-Albania. Ky regjistrim nuk mund t\u00eb b\u00ebhet tashm\u00eb n\u00eb sportelet fizike t\u00eb QKB. Link p\u00ebr sh\u00ebrbimin e regjistrimit fillestar: https:\/\/e-albania.al\/eAlbaniaServices\/UseService.aspx?service_code=4930 [&hellip;]\" \/>\n<meta property=\"og:url\" content=\"https:\/\/alprofitconsult.al\/it\/registrazione-dellimpresa\/persona-fisica\/prima-registrazione-di-una-persona-fisica\/\" \/>\n<meta property=\"og:site_name\" content=\"AlProfit Consult\" \/>\n<meta property=\"article:publisher\" content=\"https:\/\/www.facebook.com\/AlProfitConsult\/\" \/>\n<meta property=\"article:modified_time\" content=\"2022-10-23T19:35:06+00:00\" \/>\n<meta property=\"og:image\" content=\"https:\/\/alprofitconsult.al\/wp-content\/uploads\/2022\/10\/AlProfit-Consult-Regjistrimi-fillestar-i-personit-fizik.jpg\" \/>\n\t<meta property=\"og:image:width\" content=\"1920\" \/>\n\t<meta property=\"og:image:height\" content=\"1280\" \/>\n\t<meta property=\"og:image:type\" content=\"image\/jpeg\" \/>\n<meta name=\"twitter:card\" content=\"summary_large_image\" \/>\n<meta name=\"twitter:site\" content=\"@AlProfitConsult\" \/>\n<meta name=\"twitter:label1\" content=\"Tempo di lettura stimato\" \/>\n\t<meta name=\"twitter:data1\" content=\"3 minuti\" \/>\n<script type=\"application\/ld+json\" class=\"yoast-schema-graph\">{\"@context\":\"https:\/\/schema.org\",\"@graph\":[{\"@type\":\"WebPage\",\"@id\":\"https:\/\/alprofitconsult.al\/en\/regjistrimi-biznesit\/person-fizik\/regjistrimi-fillestar-i-personit-fizik\/\",\"url\":\"https:\/\/alprofitconsult.al\/en\/regjistrimi-biznesit\/person-fizik\/regjistrimi-fillestar-i-personit-fizik\/\",\"name\":\"Regjistrimi fillestar i personit fizik - AlProfit Consult\",\"isPartOf\":{\"@id\":\"https:\/\/alprofitconsult.al\/#website\"},\"primaryImageOfPage\":{\"@id\":\"https:\/\/alprofitconsult.al\/en\/regjistrimi-biznesit\/person-fizik\/regjistrimi-fillestar-i-personit-fizik\/#primaryimage\"},\"image\":{\"@id\":\"https:\/\/alprofitconsult.al\/en\/regjistrimi-biznesit\/person-fizik\/regjistrimi-fillestar-i-personit-fizik\/#primaryimage\"},\"thumbnailUrl\":\"https:\/\/alprofitconsult.al\/wp-content\/uploads\/2022\/10\/AlProfit-Consult-Regjistrimi-fillestar-i-personit-fizik.jpg\",\"datePublished\":\"2022-10-22T19:56:31+00:00\",\"dateModified\":\"2022-10-23T19:35:06+00:00\",\"breadcrumb\":{\"@id\":\"https:\/\/alprofitconsult.al\/en\/regjistrimi-biznesit\/person-fizik\/regjistrimi-fillestar-i-personit-fizik\/#breadcrumb\"},\"inLanguage\":\"it-IT\",\"potentialAction\":[{\"@type\":\"ReadAction\",\"target\":[\"https:\/\/alprofitconsult.al\/en\/regjistrimi-biznesit\/person-fizik\/regjistrimi-fillestar-i-personit-fizik\/\"]}]},{\"@type\":\"ImageObject\",\"inLanguage\":\"it-IT\",\"@id\":\"https:\/\/alprofitconsult.al\/en\/regjistrimi-biznesit\/person-fizik\/regjistrimi-fillestar-i-personit-fizik\/#primaryimage\",\"url\":\"https:\/\/alprofitconsult.al\/wp-content\/uploads\/2022\/10\/AlProfit-Consult-Regjistrimi-fillestar-i-personit-fizik.jpg\",\"contentUrl\":\"https:\/\/alprofitconsult.al\/wp-content\/uploads\/2022\/10\/AlProfit-Consult-Regjistrimi-fillestar-i-personit-fizik.jpg\",\"width\":1920,\"height\":1280},{\"@type\":\"BreadcrumbList\",\"@id\":\"https:\/\/alprofitconsult.al\/en\/regjistrimi-biznesit\/person-fizik\/regjistrimi-fillestar-i-personit-fizik\/#breadcrumb\",\"itemListElement\":[{\"@type\":\"ListItem\",\"position\":1,\"name\":\"Kryefaqe\",\"item\":\"https:\/\/alprofitconsult.al\/\"},{\"@type\":\"ListItem\",\"position\":2,\"name\":\"Regjistrimi i biznesit\/OJF\",\"item\":\"https:\/\/alprofitconsult.al\/regjistrimi-biznesit\/\"},{\"@type\":\"ListItem\",\"position\":3,\"name\":\"Person fizik\",\"item\":\"https:\/\/alprofitconsult.al\/regjistrimi-biznesit\/person-fizik\/\"},{\"@type\":\"ListItem\",\"position\":4,\"name\":\"Regjistrimi fillestar i personit fizik\"}]},{\"@type\":\"WebSite\",\"@id\":\"https:\/\/alprofitconsult.al\/#website\",\"url\":\"https:\/\/alprofitconsult.al\/\",\"name\":\"AlProfit Consult\",\"description\":\"Zyr\u00eb Kontabiliteti\",\"publisher\":{\"@id\":\"https:\/\/alprofitconsult.al\/#organization\"},\"potentialAction\":[{\"@type\":\"SearchAction\",\"target\":{\"@type\":\"EntryPoint\",\"urlTemplate\":\"https:\/\/alprofitconsult.al\/?s={search_term_string}\"},\"query-input\":{\"@type\":\"PropertyValueSpecification\",\"valueRequired\":true,\"valueName\":\"search_term_string\"}}],\"inLanguage\":\"it-IT\"},{\"@type\":\"Organization\",\"@id\":\"https:\/\/alprofitconsult.al\/#organization\",\"name\":\"Alprofit Consult\",\"url\":\"https:\/\/alprofitconsult.al\/\",\"logo\":{\"@type\":\"ImageObject\",\"inLanguage\":\"it-IT\",\"@id\":\"https:\/\/alprofitconsult.al\/#\/schema\/logo\/image\/\",\"url\":\"https:\/\/alprofitconsult.al\/wp-content\/uploads\/2022\/10\/logoalprofit.png\",\"contentUrl\":\"https:\/\/alprofitconsult.al\/wp-content\/uploads\/2022\/10\/logoalprofit.png\",\"width\":529,\"height\":156,\"caption\":\"Alprofit Consult\"},\"image\":{\"@id\":\"https:\/\/alprofitconsult.al\/#\/schema\/logo\/image\/\"},\"sameAs\":[\"https:\/\/www.facebook.com\/AlProfitConsult\/\",\"https:\/\/x.com\/AlProfitConsult\",\"https:\/\/www.linkedin.com\/company\/andi-haxhillari\/\",\"https:\/\/www.pinterest.com\/AlProfitConsult\/\",\"https:\/\/www.youtube.com\/channel\/UCZ5Gfntn161Nla3g1XdRldA\",\"https:\/\/sq.wikipedia.org\/wiki\/P\u00ebrdoruesi:Andi25~sqwiki\"]}]}<\/script>\n<!-- \/ Yoast SEO plugin. -->","yoast_head_json":{"title":"Prima registrazione di una persona fisica \u2013 AlProfit Consult","robots":{"index":"index","follow":"follow","max-snippet":"max-snippet:-1","max-image-preview":"max-image-preview:large","max-video-preview":"max-video-preview:-1"},"canonical":"https:\/\/alprofitconsult.al\/it\/registrazione-dellimpresa\/persona-fisica\/prima-registrazione-di-una-persona-fisica\/","og_locale":"it_IT","og_type":"article","og_title":"Regjistrimi fillestar i personit fizik - AlProfit Consult","og_description":"N\u00eb k\u00ebt\u00eb video, dhe m\u00eb posht\u00eb, tregohen hapat q\u00eb duhet t\u00eb ndiqen dhe t\u00eb dh\u00ebnat q\u00eb duhet t\u00eb plot\u00ebsohen p\u00ebr t\u00eb regjistruar nj\u00eb person fizik. Tashm\u00eb ky sh\u00ebrbim ofrohet vet\u00ebm n\u00ebp\u00ebrmjet aplikimit online n\u00eb portalin e-Albania. Ky regjistrim nuk mund t\u00eb b\u00ebhet tashm\u00eb n\u00eb sportelet fizike t\u00eb QKB. Link p\u00ebr sh\u00ebrbimin e regjistrimit fillestar: https:\/\/e-albania.al\/eAlbaniaServices\/UseService.aspx?service_code=4930 [&hellip;]","og_url":"https:\/\/alprofitconsult.al\/it\/registrazione-dellimpresa\/persona-fisica\/prima-registrazione-di-una-persona-fisica\/","og_site_name":"AlProfit Consult","article_publisher":"https:\/\/www.facebook.com\/AlProfitConsult\/","article_modified_time":"2022-10-23T19:35:06+00:00","og_image":[{"width":1920,"height":1280,"url":"https:\/\/alprofitconsult.al\/wp-content\/uploads\/2022\/10\/AlProfit-Consult-Regjistrimi-fillestar-i-personit-fizik.jpg","type":"image\/jpeg"}],"twitter_card":"summary_large_image","twitter_site":"@AlProfitConsult","twitter_misc":{"Tempo di lettura stimato":"3 minuti"},"schema":{"@context":"https:\/\/schema.org","@graph":[{"@type":"WebPage","@id":"https:\/\/alprofitconsult.al\/en\/regjistrimi-biznesit\/person-fizik\/regjistrimi-fillestar-i-personit-fizik\/","url":"https:\/\/alprofitconsult.al\/en\/regjistrimi-biznesit\/person-fizik\/regjistrimi-fillestar-i-personit-fizik\/","name":"Prima registrazione di una persona fisica \u2013 AlProfit Consult","isPartOf":{"@id":"https:\/\/alprofitconsult.al\/#website"},"primaryImageOfPage":{"@id":"https:\/\/alprofitconsult.al\/en\/regjistrimi-biznesit\/person-fizik\/regjistrimi-fillestar-i-personit-fizik\/#primaryimage"},"image":{"@id":"https:\/\/alprofitconsult.al\/en\/regjistrimi-biznesit\/person-fizik\/regjistrimi-fillestar-i-personit-fizik\/#primaryimage"},"thumbnailUrl":"https:\/\/alprofitconsult.al\/wp-content\/uploads\/2022\/10\/AlProfit-Consult-Regjistrimi-fillestar-i-personit-fizik.jpg","datePublished":"2022-10-22T19:56:31+00:00","dateModified":"2022-10-23T19:35:06+00:00","breadcrumb":{"@id":"https:\/\/alprofitconsult.al\/en\/regjistrimi-biznesit\/person-fizik\/regjistrimi-fillestar-i-personit-fizik\/#breadcrumb"},"inLanguage":"it-IT","potentialAction":[{"@type":"ReadAction","target":["https:\/\/alprofitconsult.al\/en\/regjistrimi-biznesit\/person-fizik\/regjistrimi-fillestar-i-personit-fizik\/"]}]},{"@type":"ImageObject","inLanguage":"it-IT","@id":"https:\/\/alprofitconsult.al\/en\/regjistrimi-biznesit\/person-fizik\/regjistrimi-fillestar-i-personit-fizik\/#primaryimage","url":"https:\/\/alprofitconsult.al\/wp-content\/uploads\/2022\/10\/AlProfit-Consult-Regjistrimi-fillestar-i-personit-fizik.jpg","contentUrl":"https:\/\/alprofitconsult.al\/wp-content\/uploads\/2022\/10\/AlProfit-Consult-Regjistrimi-fillestar-i-personit-fizik.jpg","width":1920,"height":1280},{"@type":"BreadcrumbList","@id":"https:\/\/alprofitconsult.al\/en\/regjistrimi-biznesit\/person-fizik\/regjistrimi-fillestar-i-personit-fizik\/#breadcrumb","itemListElement":[{"@type":"ListItem","position":1,"name":"Kryefaqe","item":"https:\/\/alprofitconsult.al\/"},{"@type":"ListItem","position":2,"name":"Regjistrimi i biznesit\/OJF","item":"https:\/\/alprofitconsult.al\/regjistrimi-biznesit\/"},{"@type":"ListItem","position":3,"name":"Person fizik","item":"https:\/\/alprofitconsult.al\/regjistrimi-biznesit\/person-fizik\/"},{"@type":"ListItem","position":4,"name":"Regjistrimi fillestar i personit fizik"}]},{"@type":"WebSite","@id":"https:\/\/alprofitconsult.al\/#website","url":"https:\/\/alprofitconsult.al\/","name":"AlProfit Consult","description":"Ufficio contabilit\u00e0","publisher":{"@id":"https:\/\/alprofitconsult.al\/#organization"},"potentialAction":[{"@type":"SearchAction","target":{"@type":"EntryPoint","urlTemplate":"https:\/\/alprofitconsult.al\/?s={search_term_string}"},"query-input":{"@type":"PropertyValueSpecification","valueRequired":true,"valueName":"search_term_string"}}],"inLanguage":"it-IT"},{"@type":"Organization","@id":"https:\/\/alprofitconsult.al\/#organization","name":"Alprofit Consult","url":"https:\/\/alprofitconsult.al\/","logo":{"@type":"ImageObject","inLanguage":"it-IT","@id":"https:\/\/alprofitconsult.al\/#\/schema\/logo\/image\/","url":"https:\/\/alprofitconsult.al\/wp-content\/uploads\/2022\/10\/logoalprofit.png","contentUrl":"https:\/\/alprofitconsult.al\/wp-content\/uploads\/2022\/10\/logoalprofit.png","width":529,"height":156,"caption":"Alprofit Consult"},"image":{"@id":"https:\/\/alprofitconsult.al\/#\/schema\/logo\/image\/"},"sameAs":["https:\/\/www.facebook.com\/AlProfitConsult\/","https:\/\/x.com\/AlProfitConsult","https:\/\/www.linkedin.com\/company\/andi-haxhillari\/","https:\/\/www.pinterest.com\/AlProfitConsult\/","https:\/\/www.youtube.com\/channel\/UCZ5Gfntn161Nla3g1XdRldA","https:\/\/sq.wikipedia.org\/wiki\/P\u00ebrdoruesi:Andi25~sqwiki"]}]}},"_links":{"self":[{"href":"https:\/\/alprofitconsult.al\/it\/wp-json\/wp\/v2\/pages\/17181","targetHints":{"allow":["GET"]}}],"collection":[{"href":"https:\/\/alprofitconsult.al\/it\/wp-json\/wp\/v2\/pages"}],"about":[{"href":"https:\/\/alprofitconsult.al\/it\/wp-json\/wp\/v2\/types\/page"}],"author":[{"embeddable":true,"href":"https:\/\/alprofitconsult.al\/it\/wp-json\/wp\/v2\/users\/1"}],"replies":[{"embeddable":true,"href":"https:\/\/alprofitconsult.al\/it\/wp-json\/wp\/v2\/comments?post=17181"}],"version-history":[{"count":4,"href":"https:\/\/alprofitconsult.al\/it\/wp-json\/wp\/v2\/pages\/17181\/revisions"}],"predecessor-version":[{"id":17518,"href":"https:\/\/alprofitconsult.al\/it\/wp-json\/wp\/v2\/pages\/17181\/revisions\/17518"}],"up":[{"embeddable":true,"href":"https:\/\/alprofitconsult.al\/it\/wp-json\/wp\/v2\/pages\/17175"}],"wp:featuredmedia":[{"embeddable":true,"href":"https:\/\/alprofitconsult.al\/it\/wp-json\/wp\/v2\/media\/17327"}],"wp:attachment":[{"href":"https:\/\/alprofitconsult.al\/it\/wp-json\/wp\/v2\/media?parent=17181"}],"curies":[{"name":"wp","href":"https:\/\/api.w.org\/{rel}","templated":true}]}}