{"id":17183,"date":"2022-10-22T19:56:32","date_gmt":"2022-10-22T19:56:32","guid":{"rendered":"https:\/\/alprofitconsult.al\/?page_id=17183"},"modified":"2022-10-23T19:35:52","modified_gmt":"2022-10-23T19:35:52","slug":"cregjistrimi-i-personit-fizik","status":"publish","type":"page","link":"https:\/\/alprofitconsult.al\/it\/regjistrimi-biznesit\/person-fizik\/cregjistrimi-i-personit-fizik\/","title":{"rendered":"\u00c7regjistrimi i personit fizik"},"content":{"rendered":"<div class=\"yoast-breadcrumbs\"><span><span><a href=\"https:\/\/alprofitconsult.al\/it\/\">Home page<\/a><\/span> | <span><a href=\"https:\/\/alprofitconsult.al\/it\/registrazione-dellimpresa\/\">Registrazione di aziende\/ONG<\/a><\/span> | <span><a href=\"https:\/\/alprofitconsult.al\/it\/registrazione-dellimpresa\/persona-fisica\/\">Persona fisica<\/a><\/span> | <span class=\"breadcrumb_last\" aria-current=\"page\">\u00c7regjistrimi i personit fizik<\/span><\/span><\/div>\n\n\n<p><\/p>\n\n\n\n<figure class=\"wp-block-image size-large\"><img loading=\"lazy\" decoding=\"async\" width=\"1024\" height=\"683\" src=\"https:\/\/alprofitconsult.al\/wp-content\/uploads\/2022\/10\/AlProfit-Consult-Cregjistrimi-i-personit-fizik-1024x683.jpg\" alt=\"\" class=\"wp-image-17337\" srcset=\"https:\/\/alprofitconsult.al\/wp-content\/uploads\/2022\/10\/AlProfit-Consult-Cregjistrimi-i-personit-fizik-1024x683.jpg 1024w, https:\/\/alprofitconsult.al\/wp-content\/uploads\/2022\/10\/AlProfit-Consult-Cregjistrimi-i-personit-fizik-300x200.jpg 300w, https:\/\/alprofitconsult.al\/wp-content\/uploads\/2022\/10\/AlProfit-Consult-Cregjistrimi-i-personit-fizik-150x100.jpg 150w, https:\/\/alprofitconsult.al\/wp-content\/uploads\/2022\/10\/AlProfit-Consult-Cregjistrimi-i-personit-fizik-768x512.jpg 768w, https:\/\/alprofitconsult.al\/wp-content\/uploads\/2022\/10\/AlProfit-Consult-Cregjistrimi-i-personit-fizik-1536x1024.jpg 1536w, https:\/\/alprofitconsult.al\/wp-content\/uploads\/2022\/10\/AlProfit-Consult-Cregjistrimi-i-personit-fizik.jpg 1920w\" sizes=\"auto, (max-width: 1024px) 100vw, 1024px\" \/><\/figure>\n\n\n\n<h2 class=\"wp-block-heading\">\u00c7regjistrimi vullnetar<\/h2>\n\n\n\n<p>P\u00ebr personat fizik\u00eb, \u00e7regjistrimi n\u00eb m\u00ebnyr\u00eb vullnetare kryhet n\u00ebp\u00ebrmjet aplikimit p\u00ebr \u00e7regjistrim. Ky aplikim mund t\u00eb b\u00ebhet s\u00eb bashku me njoftimin e pushimit t\u00eb aktivitetit ekonomik ose n\u00eb nj\u00eb moment t\u00eb dyt\u00eb.<\/p>\n\n\n\n<h2 class=\"wp-block-heading\" id=\"\u00c7regjistrimi-n\u00eb-rast-vdekjeje\">\u00c7regjistrimi n\u00eb rast vdekjeje<\/h2>\n\n\n\n<p>N\u00eb rast vdekjeje t\u00eb personit fizik, \u00e7regjistrimi mund t\u00eb kryhet me k\u00ebrkes\u00eb t\u00eb \u00e7do pale t\u00eb interesuar dhe me depozitimin e dokumenteve p\u00ebrkat\u00ebse. Gjithashtu, \u00e7do pal\u00eb e interesuar mund t\u00eb k\u00ebrkoj\u00eb \u00e7regjistrimin e personit fizik nga Regjistri Tregtar, duke depozituar vendimin e gjykat\u00ebs me t\u00eb cilin nj\u00eb person \u00ebsht\u00eb shpallur i vdekur.<\/p>\n\n\n\n<h2 class=\"wp-block-heading\" id=\"\u00c7regjistrimi-me-vendim-t\u00eb-autoriteteve-t\u00eb-tjera\">\u00c7regjistrimi me vendim t\u00eb autoriteteve t\u00eb tjera<\/h2>\n\n\n\n<p>\u00c7regjistrimi nga Regjistri Tregtar me vendim t\u00eb autoriteteve t\u00eb tjera kryhet mbi baz\u00ebn e:<\/p>\n\n\n\n<ol class=\"wp-block-list\"><li>nj\u00eb vendimi gjyq\u00ebsor t\u00eb paankimuesh\u00ebm;<\/li><li>nj\u00eb vendimi p\u00ebrfundimtar t\u00eb nj\u00eb autoriteti tjet\u00ebr publik kur parashikohet nga ligje t\u00eb posa\u00e7me.<\/li><\/ol>\n\n\n\n<h2 class=\"wp-block-heading\" id=\"Aplikim-p\u00ebr-\u00e7regjistrimin-e-personit-fizik\"><a href=\"#Aplikim-p\u00ebr-\u00e7regjistrimin-e-personit-fizik\" target=\"_blank\" rel=\"noreferrer noopener\">Aplikim p\u00ebr \u00e7regjistrimin e personit fizik<\/a><\/h2>\n\n\n\n<p>Sh\u00ebrbimi elektronik &#8220;<a href=\"https:\/\/e-albania.al\/eAlbaniaServices\/UseService.aspx?service_code=13893\" target=\"_blank\" rel=\"noreferrer noopener\">Aplikim p\u00ebr \u00e7regjistrimin e personit fizik<\/a>&#8221; u vjen n\u00eb ndihm\u00eb personave fizik\u00eb t\u00eb kryejn\u00eb aplikimin online p\u00ebr \u00e7regjistrim Personi Fizik, duke plot\u00ebsuar formularin online me q\u00ebllim mbylljen p\u00ebrfundimtare t\u00eb aktivitetit, mb\u00ebshtetur n\u00eb nenin 48, 49, 50, 51 t\u00eb Ligjit <a href=\"https:\/\/alprofitconsult.al\/wp-content\/uploads\/2022\/10\/Ligji-Nr.-9723-date-03.05.2007-Per-Regjistrimin-e-Biznesit-i-ndryshuar-1.pdf\" target=\"_blank\" rel=\"noreferrer noopener\">9723, dat\u00eb 03.05.2007<\/a> &#8220;P\u00ebr regjistrimin e biznesit&#8221;, i ndryshuar dhe Ligjin <a href=\"https:\/\/alprofitconsult.al\/wp-content\/uploads\/2022\/10\/Ligj-Nr.9920-date-19.05.2008-Per-procedurat-tatimore-ne-Republiken-e-Shqiperise-i-ndryshuar-5.pdf\" target=\"_blank\" rel=\"noreferrer noopener\">Nr.9920, dat\u00eb 19.05.2008 <\/a>\u201cP\u00ebr procedurat tatimore\u201d, i ndryshuar.<\/p>\n\n\n\n<h4 class=\"wp-block-heading\" id=\"Dokumentacioni-i-nevojsh\u00ebm\"><strong><a href=\"#Hapat-e-procedur\u00ebs\">Documentazione necessaria<\/a><\/strong><\/h4>\n\n\n\n<p><em>Dokumente q\u00eb ngarkohen nga aplikanti:<\/em><\/p>\n\n\n\n<ul class=\"wp-block-list\"><li>Akti i p\u00ebrfaq\u00ebsimit (n\u00eb rast se aplikanti \u00ebsht\u00eb i ndryshem nga personi n\u00eb em\u00ebr t\u00eb cilit \u00ebsht\u00eb regjistruar personi fizik); <\/li><li>Certifikata e vdekjes l\u00ebshuar nga Gjendja Civile ose Gjykata (n\u00eb rast se personi \u00ebsht\u00eb shpallur i vdekur); <\/li><li>\u00c7ertifikat\u00eb humbje (nga gjykata).<\/li><\/ul>\n\n\n\n<h4 class=\"wp-block-heading\" id=\"Hapat-e-procedur\u00ebs\"><strong>Fasi della procedura<\/strong><\/h4>\n\n\n\n<ol class=\"wp-block-list\"><li>Identifikohuni si biznes n\u00eb portalin e-Albania; <\/li><li>Zgjidhni sh\u00ebrbimin &#8220;Aplikim p\u00ebr \u00e7regjistrimin e personit fizik\u201d; <\/li><li>Klikoni butonin &#8220;P\u00ebrdor&#8221;; <\/li><li>Plot\u00ebsoni formularin elektronik me t\u00eb dh\u00ebnat e nevojshme mbi form\u00ebn e shoq\u00ebris\u00eb t\u00eb cil\u00ebn do t\u00eb \u00e7regjistroni;<\/li><li>Klikoni butonin \u201cD\u00ebrgo\u201d n\u00eb faqen e fundit t\u00eb formularit;<\/li><li>Punonj\u00ebsi i QKB-s\u00eb shqyrton k\u00ebrkes\u00ebn e ardhur; <\/li><li>Vendimi i shqyrtimit t\u00eb aplikimit, d\u00ebrgohet n\u00ebp\u00ebrmjet adres\u00ebs e-mail.<\/li><\/ol>\n\n\n\n<h4 class=\"wp-block-heading\" id=\"Koha-e-nevojshme-e-marrjes-s\u00eb-sh\u00ebrbimit\"><strong>Tempo necessario per ottenere il servizio<\/strong><\/h4>\n\n\n\n<p>N\u00eb baz\u00eb t\u00eb nenit 45, t\u00eb ligjit <a href=\"https:\/\/alprofitconsult.al\/wp-content\/uploads\/2022\/10\/Ligj-Nr.9920-date-19.05.2008-Per-procedurat-tatimore-ne-Republiken-e-Shqiperise-i-ndryshuar-5.pdf\">Nr.<\/a><a href=\"https:\/\/alprofitconsult.al\/wp-content\/uploads\/2022\/10\/Ligj-Nr.9920-date-19.05.2008-Per-procedurat-tatimore-ne-Republiken-e-Shqiperise-i-ndryshuar-5.pdf\" target=\"_blank\" rel=\"noreferrer noopener\">9920<\/a><a href=\"https:\/\/alprofitconsult.al\/wp-content\/uploads\/2022\/10\/Ligj-Nr.9920-date-19.05.2008-Per-procedurat-tatimore-ne-Republiken-e-Shqiperise-i-ndryshuar-5.pdf\">, dat\u00eb 19.05.2008<\/a> \u201cP\u00ebr procedurat tatimore\u201d, i ndryshuar, Qendra Komb\u00ebtare e Biznesit, me marrjen e k\u00ebrkes\u00ebs p\u00ebr \u00e7regjistrim t\u00eb personit fizik, njofton menj\u00ebher\u00eb organin tatimor n\u00eb rrug\u00eb elektronike mbi dat\u00ebn e k\u00ebrkes\u00ebs p\u00ebr \u00e7regjistrimin e tij. <\/p>\n\n\n\n<p>Administrata tatimore, brenda 10 dit\u00ebve pune nga data e paraqitjes s\u00eb k\u00ebrkes\u00ebs p\u00ebr \u00e7regjistrim t\u00eb personave fizik\u00eb, apo paraqitjes s\u00eb raportit p\u00ebrfundimtar t\u00eb likuidimit p\u00ebr personat juridik\u00eb, \u00ebsht\u00eb e detyruar t\u00eb verifikoj\u00eb dhe t\u00eb vler\u00ebsoj\u00eb situat\u00ebn tatimore t\u00eb subjektit\/ tatimpaguesit n\u00eb llogarin\u00eb e tij n\u00eb kontabilitetin dhe sistemin e t\u00eb dh\u00ebnave q\u00eb disponon, situat\u00ebn tatimore t\u00eb subjektit\/tatimpaguesit, si dhe p\u00ebr deklaratat e pador\u00ebzuara nga ai, administrata tatimore njofton brenda k\u00ebtyre 10 dit\u00ebve tatimpaguesin. <\/p>\n\n\n\n<p>Kur administrata tatimore, sipas analiz\u00ebs s\u00eb riskut, gjykon se \u00ebsht\u00eb e nevojshme t\u00eb ushtroj\u00eb kontroll n\u00eb mjedisin ku kryen veprimtarin\u00eb subjekti, ky kontroll dhe pasqyrimi i tij n\u00eb situat\u00ebn e tatimpaguesit nuk mund t\u00eb zgjas\u00eb m\u00eb shum\u00eb se 30 dit\u00eb pune. <\/p>\n\n\n\n<blockquote class=\"wp-block-quote is-layout-flow wp-block-quote-is-layout-flow\"><p><em>N\u00ebse, organi tatimor nuk ka paraqitur ndonj\u00eb kund\u00ebrshtim me shkrim brenda afatit ligjor 30 dit\u00eb pune, Qendra Komb\u00ebtare e Biznesit kryen menj\u00ebher\u00eb \u00e7regjistrimin e subjektit.<\/em><\/p><\/blockquote>\n\n\n\n<p><strong>Periodo di validit\u00e0<\/strong><br>Nessuna scadenza<\/p>\n\n\n\n<p><strong>Costi<\/strong><br>Gratuito<\/p>\n\n\n\n<p><strong>Altro<\/strong><br>Per qualsiasi domanda o richiesta di chiarimenti riguardo all'utilizzo del servizio, potete contattarci all'indirizzo indicato.&nbsp;<a href=\"mailto:helpdesk@e-albania.al\">helpdesk@e-albania.al<\/a><\/p>\n\n\n\n<p>Fonte: <a href=\"https:\/\/e-albania.al\/eAlbaniaServices\/UseService.aspx?service_code=13893\" target=\"_blank\" rel=\"noreferrer noopener\">e-Albania.<\/a><\/p>\n\n\n<div class=\"gdlr-core-widget-box-shortcode\" style=\"color: #ffffff ;background-color: #000014 ;\"  ><h3 class=\"gdlr-core-widget-box-shortcode-title\" style=\"color: #ffffff ;\"  >Hai qualche domanda?<\/h3><div class=\"gdlr-core-widget-box-shortcode-content\" ><p class=\"translation-block\">Non esitare a <a href=\"https:\/\/alprofitconsult.al\/it\/contact\/\" target=\"_self\">contattarci. Siamo un team di esperti e saremo lieti di parlare con te.<\/p>\n<\/div><\/div>","protected":false},"excerpt":{"rendered":"<p>\u00c7regjistrimi vullnetar P\u00ebr personat fizik\u00eb, \u00e7regjistrimi n\u00eb m\u00ebnyr\u00eb vullnetare kryhet n\u00ebp\u00ebrmjet aplikimit p\u00ebr \u00e7regjistrim. Ky aplikim mund t\u00eb b\u00ebhet s\u00eb bashku me njoftimin e pushimit t\u00eb aktivitetit ekonomik ose n\u00eb nj\u00eb moment t\u00eb dyt\u00eb. \u00c7regjistrimi n\u00eb rast vdekjeje N\u00eb rast vdekjeje t\u00eb personit fizik, \u00e7regjistrimi mund t\u00eb kryhet me k\u00ebrkes\u00eb t\u00eb \u00e7do pale t\u00eb interesuar [&hellip;]<\/p>\n","protected":false},"author":1,"featured_media":17337,"parent":17175,"menu_order":0,"comment_status":"closed","ping_status":"closed","template":"","meta":{"footnotes":""},"class_list":["post-17183","page","type-page","status-publish","has-post-thumbnail","hentry"],"yoast_head":"<!-- This site is optimized with the Yoast SEO plugin v26.5 - https:\/\/yoast.com\/wordpress\/plugins\/seo\/ -->\n<title>\u00c7regjistrimi i personit fizik - AlProfit Consult<\/title>\n<meta name=\"robots\" content=\"index, follow, max-snippet:-1, max-image-preview:large, max-video-preview:-1\" \/>\n<link rel=\"canonical\" href=\"https:\/\/alprofitconsult.al\/it\/registrazione-dellimpresa\/persona-fisica\/cregjistrimi-i-personit-fizik\/\" \/>\n<meta property=\"og:locale\" content=\"it_IT\" \/>\n<meta property=\"og:type\" content=\"article\" \/>\n<meta property=\"og:title\" content=\"\u00c7regjistrimi i personit fizik - AlProfit Consult\" \/>\n<meta property=\"og:description\" content=\"\u00c7regjistrimi vullnetar P\u00ebr personat fizik\u00eb, \u00e7regjistrimi n\u00eb m\u00ebnyr\u00eb vullnetare kryhet n\u00ebp\u00ebrmjet aplikimit p\u00ebr \u00e7regjistrim. Ky aplikim mund t\u00eb b\u00ebhet s\u00eb bashku me njoftimin e pushimit t\u00eb aktivitetit ekonomik ose n\u00eb nj\u00eb moment t\u00eb dyt\u00eb. \u00c7regjistrimi n\u00eb rast vdekjeje N\u00eb rast vdekjeje t\u00eb personit fizik, \u00e7regjistrimi mund t\u00eb kryhet me k\u00ebrkes\u00eb t\u00eb \u00e7do pale t\u00eb interesuar [&hellip;]\" \/>\n<meta property=\"og:url\" content=\"https:\/\/alprofitconsult.al\/it\/registrazione-dellimpresa\/persona-fisica\/cregjistrimi-i-personit-fizik\/\" \/>\n<meta property=\"og:site_name\" content=\"AlProfit Consult\" \/>\n<meta property=\"article:publisher\" content=\"https:\/\/www.facebook.com\/AlProfitConsult\/\" \/>\n<meta property=\"article:modified_time\" content=\"2022-10-23T19:35:52+00:00\" \/>\n<meta property=\"og:image\" content=\"https:\/\/alprofitconsult.al\/wp-content\/uploads\/2022\/10\/AlProfit-Consult-Cregjistrimi-i-personit-fizik.jpg\" \/>\n\t<meta property=\"og:image:width\" content=\"1920\" \/>\n\t<meta property=\"og:image:height\" content=\"1280\" \/>\n\t<meta property=\"og:image:type\" content=\"image\/jpeg\" \/>\n<meta name=\"twitter:card\" content=\"summary_large_image\" \/>\n<meta name=\"twitter:site\" content=\"@AlProfitConsult\" \/>\n<meta name=\"twitter:label1\" content=\"Tempo di lettura stimato\" \/>\n\t<meta name=\"twitter:data1\" content=\"3 minuti\" \/>\n<script type=\"application\/ld+json\" class=\"yoast-schema-graph\">{\"@context\":\"https:\/\/schema.org\",\"@graph\":[{\"@type\":\"WebPage\",\"@id\":\"https:\/\/alprofitconsult.al\/regjistrimi-biznesit\/person-fizik\/cregjistrimi-i-personit-fizik\/\",\"url\":\"https:\/\/alprofitconsult.al\/regjistrimi-biznesit\/person-fizik\/cregjistrimi-i-personit-fizik\/\",\"name\":\"\u00c7regjistrimi i personit fizik - AlProfit Consult\",\"isPartOf\":{\"@id\":\"https:\/\/alprofitconsult.al\/#website\"},\"primaryImageOfPage\":{\"@id\":\"https:\/\/alprofitconsult.al\/regjistrimi-biznesit\/person-fizik\/cregjistrimi-i-personit-fizik\/#primaryimage\"},\"image\":{\"@id\":\"https:\/\/alprofitconsult.al\/regjistrimi-biznesit\/person-fizik\/cregjistrimi-i-personit-fizik\/#primaryimage\"},\"thumbnailUrl\":\"https:\/\/alprofitconsult.al\/wp-content\/uploads\/2022\/10\/AlProfit-Consult-Cregjistrimi-i-personit-fizik.jpg\",\"datePublished\":\"2022-10-22T19:56:32+00:00\",\"dateModified\":\"2022-10-23T19:35:52+00:00\",\"breadcrumb\":{\"@id\":\"https:\/\/alprofitconsult.al\/regjistrimi-biznesit\/person-fizik\/cregjistrimi-i-personit-fizik\/#breadcrumb\"},\"inLanguage\":\"it-IT\",\"potentialAction\":[{\"@type\":\"ReadAction\",\"target\":[\"https:\/\/alprofitconsult.al\/regjistrimi-biznesit\/person-fizik\/cregjistrimi-i-personit-fizik\/\"]}]},{\"@type\":\"ImageObject\",\"inLanguage\":\"it-IT\",\"@id\":\"https:\/\/alprofitconsult.al\/regjistrimi-biznesit\/person-fizik\/cregjistrimi-i-personit-fizik\/#primaryimage\",\"url\":\"https:\/\/alprofitconsult.al\/wp-content\/uploads\/2022\/10\/AlProfit-Consult-Cregjistrimi-i-personit-fizik.jpg\",\"contentUrl\":\"https:\/\/alprofitconsult.al\/wp-content\/uploads\/2022\/10\/AlProfit-Consult-Cregjistrimi-i-personit-fizik.jpg\",\"width\":1920,\"height\":1280},{\"@type\":\"BreadcrumbList\",\"@id\":\"https:\/\/alprofitconsult.al\/regjistrimi-biznesit\/person-fizik\/cregjistrimi-i-personit-fizik\/#breadcrumb\",\"itemListElement\":[{\"@type\":\"ListItem\",\"position\":1,\"name\":\"Kryefaqe\",\"item\":\"https:\/\/alprofitconsult.al\/\"},{\"@type\":\"ListItem\",\"position\":2,\"name\":\"Regjistrimi i biznesit\/OJF\",\"item\":\"https:\/\/alprofitconsult.al\/regjistrimi-biznesit\/\"},{\"@type\":\"ListItem\",\"position\":3,\"name\":\"Person fizik\",\"item\":\"https:\/\/alprofitconsult.al\/regjistrimi-biznesit\/person-fizik\/\"},{\"@type\":\"ListItem\",\"position\":4,\"name\":\"\u00c7regjistrimi i personit fizik\"}]},{\"@type\":\"WebSite\",\"@id\":\"https:\/\/alprofitconsult.al\/#website\",\"url\":\"https:\/\/alprofitconsult.al\/\",\"name\":\"AlProfit Consult\",\"description\":\"Zyr\u00eb Kontabiliteti\",\"publisher\":{\"@id\":\"https:\/\/alprofitconsult.al\/#organization\"},\"potentialAction\":[{\"@type\":\"SearchAction\",\"target\":{\"@type\":\"EntryPoint\",\"urlTemplate\":\"https:\/\/alprofitconsult.al\/?s={search_term_string}\"},\"query-input\":{\"@type\":\"PropertyValueSpecification\",\"valueRequired\":true,\"valueName\":\"search_term_string\"}}],\"inLanguage\":\"it-IT\"},{\"@type\":\"Organization\",\"@id\":\"https:\/\/alprofitconsult.al\/#organization\",\"name\":\"Alprofit Consult\",\"url\":\"https:\/\/alprofitconsult.al\/\",\"logo\":{\"@type\":\"ImageObject\",\"inLanguage\":\"it-IT\",\"@id\":\"https:\/\/alprofitconsult.al\/#\/schema\/logo\/image\/\",\"url\":\"https:\/\/alprofitconsult.al\/wp-content\/uploads\/2022\/10\/logoalprofit.png\",\"contentUrl\":\"https:\/\/alprofitconsult.al\/wp-content\/uploads\/2022\/10\/logoalprofit.png\",\"width\":529,\"height\":156,\"caption\":\"Alprofit Consult\"},\"image\":{\"@id\":\"https:\/\/alprofitconsult.al\/#\/schema\/logo\/image\/\"},\"sameAs\":[\"https:\/\/www.facebook.com\/AlProfitConsult\/\",\"https:\/\/x.com\/AlProfitConsult\",\"https:\/\/www.linkedin.com\/company\/andi-haxhillari\/\",\"https:\/\/www.pinterest.com\/AlProfitConsult\/\",\"https:\/\/www.youtube.com\/channel\/UCZ5Gfntn161Nla3g1XdRldA\",\"https:\/\/sq.wikipedia.org\/wiki\/P\u00ebrdoruesi:Andi25~sqwiki\"]}]}<\/script>\n<!-- \/ Yoast SEO plugin. -->","yoast_head_json":{"title":"\u00c7regjistrimi i personit fizik - AlProfit Consult","robots":{"index":"index","follow":"follow","max-snippet":"max-snippet:-1","max-image-preview":"max-image-preview:large","max-video-preview":"max-video-preview:-1"},"canonical":"https:\/\/alprofitconsult.al\/it\/registrazione-dellimpresa\/persona-fisica\/cregjistrimi-i-personit-fizik\/","og_locale":"it_IT","og_type":"article","og_title":"\u00c7regjistrimi i personit fizik - AlProfit Consult","og_description":"\u00c7regjistrimi vullnetar P\u00ebr personat fizik\u00eb, \u00e7regjistrimi n\u00eb m\u00ebnyr\u00eb vullnetare kryhet n\u00ebp\u00ebrmjet aplikimit p\u00ebr \u00e7regjistrim. Ky aplikim mund t\u00eb b\u00ebhet s\u00eb bashku me njoftimin e pushimit t\u00eb aktivitetit ekonomik ose n\u00eb nj\u00eb moment t\u00eb dyt\u00eb. \u00c7regjistrimi n\u00eb rast vdekjeje N\u00eb rast vdekjeje t\u00eb personit fizik, \u00e7regjistrimi mund t\u00eb kryhet me k\u00ebrkes\u00eb t\u00eb \u00e7do pale t\u00eb interesuar [&hellip;]","og_url":"https:\/\/alprofitconsult.al\/it\/registrazione-dellimpresa\/persona-fisica\/cregjistrimi-i-personit-fizik\/","og_site_name":"AlProfit Consult","article_publisher":"https:\/\/www.facebook.com\/AlProfitConsult\/","article_modified_time":"2022-10-23T19:35:52+00:00","og_image":[{"width":1920,"height":1280,"url":"https:\/\/alprofitconsult.al\/wp-content\/uploads\/2022\/10\/AlProfit-Consult-Cregjistrimi-i-personit-fizik.jpg","type":"image\/jpeg"}],"twitter_card":"summary_large_image","twitter_site":"@AlProfitConsult","twitter_misc":{"Tempo di lettura stimato":"3 minuti"},"schema":{"@context":"https:\/\/schema.org","@graph":[{"@type":"WebPage","@id":"https:\/\/alprofitconsult.al\/regjistrimi-biznesit\/person-fizik\/cregjistrimi-i-personit-fizik\/","url":"https:\/\/alprofitconsult.al\/regjistrimi-biznesit\/person-fizik\/cregjistrimi-i-personit-fizik\/","name":"\u00c7regjistrimi i personit fizik - AlProfit Consult","isPartOf":{"@id":"https:\/\/alprofitconsult.al\/#website"},"primaryImageOfPage":{"@id":"https:\/\/alprofitconsult.al\/regjistrimi-biznesit\/person-fizik\/cregjistrimi-i-personit-fizik\/#primaryimage"},"image":{"@id":"https:\/\/alprofitconsult.al\/regjistrimi-biznesit\/person-fizik\/cregjistrimi-i-personit-fizik\/#primaryimage"},"thumbnailUrl":"https:\/\/alprofitconsult.al\/wp-content\/uploads\/2022\/10\/AlProfit-Consult-Cregjistrimi-i-personit-fizik.jpg","datePublished":"2022-10-22T19:56:32+00:00","dateModified":"2022-10-23T19:35:52+00:00","breadcrumb":{"@id":"https:\/\/alprofitconsult.al\/regjistrimi-biznesit\/person-fizik\/cregjistrimi-i-personit-fizik\/#breadcrumb"},"inLanguage":"it-IT","potentialAction":[{"@type":"ReadAction","target":["https:\/\/alprofitconsult.al\/regjistrimi-biznesit\/person-fizik\/cregjistrimi-i-personit-fizik\/"]}]},{"@type":"ImageObject","inLanguage":"it-IT","@id":"https:\/\/alprofitconsult.al\/regjistrimi-biznesit\/person-fizik\/cregjistrimi-i-personit-fizik\/#primaryimage","url":"https:\/\/alprofitconsult.al\/wp-content\/uploads\/2022\/10\/AlProfit-Consult-Cregjistrimi-i-personit-fizik.jpg","contentUrl":"https:\/\/alprofitconsult.al\/wp-content\/uploads\/2022\/10\/AlProfit-Consult-Cregjistrimi-i-personit-fizik.jpg","width":1920,"height":1280},{"@type":"BreadcrumbList","@id":"https:\/\/alprofitconsult.al\/regjistrimi-biznesit\/person-fizik\/cregjistrimi-i-personit-fizik\/#breadcrumb","itemListElement":[{"@type":"ListItem","position":1,"name":"Kryefaqe","item":"https:\/\/alprofitconsult.al\/"},{"@type":"ListItem","position":2,"name":"Regjistrimi i biznesit\/OJF","item":"https:\/\/alprofitconsult.al\/regjistrimi-biznesit\/"},{"@type":"ListItem","position":3,"name":"Person fizik","item":"https:\/\/alprofitconsult.al\/regjistrimi-biznesit\/person-fizik\/"},{"@type":"ListItem","position":4,"name":"\u00c7regjistrimi i personit fizik"}]},{"@type":"WebSite","@id":"https:\/\/alprofitconsult.al\/#website","url":"https:\/\/alprofitconsult.al\/","name":"AlProfit Consult","description":"Ufficio contabilit\u00e0","publisher":{"@id":"https:\/\/alprofitconsult.al\/#organization"},"potentialAction":[{"@type":"SearchAction","target":{"@type":"EntryPoint","urlTemplate":"https:\/\/alprofitconsult.al\/?s={search_term_string}"},"query-input":{"@type":"PropertyValueSpecification","valueRequired":true,"valueName":"search_term_string"}}],"inLanguage":"it-IT"},{"@type":"Organization","@id":"https:\/\/alprofitconsult.al\/#organization","name":"Alprofit Consult","url":"https:\/\/alprofitconsult.al\/","logo":{"@type":"ImageObject","inLanguage":"it-IT","@id":"https:\/\/alprofitconsult.al\/#\/schema\/logo\/image\/","url":"https:\/\/alprofitconsult.al\/wp-content\/uploads\/2022\/10\/logoalprofit.png","contentUrl":"https:\/\/alprofitconsult.al\/wp-content\/uploads\/2022\/10\/logoalprofit.png","width":529,"height":156,"caption":"Alprofit Consult"},"image":{"@id":"https:\/\/alprofitconsult.al\/#\/schema\/logo\/image\/"},"sameAs":["https:\/\/www.facebook.com\/AlProfitConsult\/","https:\/\/x.com\/AlProfitConsult","https:\/\/www.linkedin.com\/company\/andi-haxhillari\/","https:\/\/www.pinterest.com\/AlProfitConsult\/","https:\/\/www.youtube.com\/channel\/UCZ5Gfntn161Nla3g1XdRldA","https:\/\/sq.wikipedia.org\/wiki\/P\u00ebrdoruesi:Andi25~sqwiki"]}]}},"_links":{"self":[{"href":"https:\/\/alprofitconsult.al\/it\/wp-json\/wp\/v2\/pages\/17183","targetHints":{"allow":["GET"]}}],"collection":[{"href":"https:\/\/alprofitconsult.al\/it\/wp-json\/wp\/v2\/pages"}],"about":[{"href":"https:\/\/alprofitconsult.al\/it\/wp-json\/wp\/v2\/types\/page"}],"author":[{"embeddable":true,"href":"https:\/\/alprofitconsult.al\/it\/wp-json\/wp\/v2\/users\/1"}],"replies":[{"embeddable":true,"href":"https:\/\/alprofitconsult.al\/it\/wp-json\/wp\/v2\/comments?post=17183"}],"version-history":[{"count":5,"href":"https:\/\/alprofitconsult.al\/it\/wp-json\/wp\/v2\/pages\/17183\/revisions"}],"predecessor-version":[{"id":17522,"href":"https:\/\/alprofitconsult.al\/it\/wp-json\/wp\/v2\/pages\/17183\/revisions\/17522"}],"up":[{"embeddable":true,"href":"https:\/\/alprofitconsult.al\/it\/wp-json\/wp\/v2\/pages\/17175"}],"wp:featuredmedia":[{"embeddable":true,"href":"https:\/\/alprofitconsult.al\/it\/wp-json\/wp\/v2\/media\/17337"}],"wp:attachment":[{"href":"https:\/\/alprofitconsult.al\/it\/wp-json\/wp\/v2\/media?parent=17183"}],"curies":[{"name":"wp","href":"https:\/\/api.w.org\/{rel}","templated":true}]}}