{"id":17189,"date":"2022-10-22T19:56:35","date_gmt":"2022-10-22T19:56:35","guid":{"rendered":"https:\/\/alprofitconsult.al\/?page_id=17189"},"modified":"2022-10-23T14:04:28","modified_gmt":"2022-10-23T14:04:28","slug":"cregjistrimi","status":"publish","type":"page","link":"https:\/\/alprofitconsult.al\/it\/regjistrimi-biznesit\/shoqeri-me-pergjegjesi-te-kufizuar\/cregjistrimi\/","title":{"rendered":"\u00c7regjistrimi i shoq\u00ebris\u00eb me p\u00ebrgjegj\u00ebsi t\u00eb kufizuar"},"content":{"rendered":"<div class=\"yoast-breadcrumbs\"><span><span><a href=\"https:\/\/alprofitconsult.al\/it\/\">Home page<\/a><\/span> | <span><a href=\"https:\/\/alprofitconsult.al\/it\/registrazione-dellimpresa\/\">Registrazione di aziende\/ONG<\/a><\/span> | <span><a href=\"https:\/\/alprofitconsult.al\/it\/registrazione-dellimpresa\/societa-a-responsabilita-limitata\/\">Societ\u00e0 a responsabilit\u00e0 limitata<\/a><\/span> | <span class=\"breadcrumb_last\" aria-current=\"page\">\u00c7regjistrimi i shoq\u00ebris\u00eb me p\u00ebrgjegj\u00ebsi t\u00eb kufizuar<\/span><\/span><\/div>\n\n\n<figure class=\"wp-block-image size-large\"><img loading=\"lazy\" decoding=\"async\" width=\"1024\" height=\"768\" src=\"https:\/\/alprofitconsult.al\/wp-content\/uploads\/2022\/10\/AlProfit-Consult-Cregjistrimi-i-shoqerise-me-pergjegjesi-te-kufizuar-1024x768.jpg\" alt=\"\" class=\"wp-image-17433\" srcset=\"https:\/\/alprofitconsult.al\/wp-content\/uploads\/2022\/10\/AlProfit-Consult-Cregjistrimi-i-shoqerise-me-pergjegjesi-te-kufizuar-1024x768.jpg 1024w, https:\/\/alprofitconsult.al\/wp-content\/uploads\/2022\/10\/AlProfit-Consult-Cregjistrimi-i-shoqerise-me-pergjegjesi-te-kufizuar-300x225.jpg 300w, https:\/\/alprofitconsult.al\/wp-content\/uploads\/2022\/10\/AlProfit-Consult-Cregjistrimi-i-shoqerise-me-pergjegjesi-te-kufizuar-150x113.jpg 150w, https:\/\/alprofitconsult.al\/wp-content\/uploads\/2022\/10\/AlProfit-Consult-Cregjistrimi-i-shoqerise-me-pergjegjesi-te-kufizuar-768x576.jpg 768w, https:\/\/alprofitconsult.al\/wp-content\/uploads\/2022\/10\/AlProfit-Consult-Cregjistrimi-i-shoqerise-me-pergjegjesi-te-kufizuar-1536x1152.jpg 1536w, https:\/\/alprofitconsult.al\/wp-content\/uploads\/2022\/10\/AlProfit-Consult-Cregjistrimi-i-shoqerise-me-pergjegjesi-te-kufizuar.jpg 1920w\" sizes=\"auto, (max-width: 1024px) 100vw, 1024px\" \/><\/figure>\n\n\n\n<h2 class=\"wp-block-heading\">\u00c7regjistrimi vullnetar<\/h2>\n\n\n\n<p>P\u00ebr personat juridik\u00eb, p\u00ebr deg\u00ebt dhe zyrat e p\u00ebrfaq\u00ebsimit t\u00eb shoq\u00ebrive t\u00eb huaja dhe p\u00ebr shoq\u00ebrit\u00eb e thjeshta, \u00e7regjistrimi n\u00eb m\u00ebnyr\u00eb vullnetare kryhet n\u00ebp\u00ebrmjet aplikimit p\u00ebr \u00e7regjistrim dhe depozitimit t\u00eb akteve p\u00ebrkat\u00ebse, q\u00eb v\u00ebrtetojn\u00eb kryerjen dhe mbylljen e procedurave t\u00eb likuidimit, sipas legjislacionit n\u00eb fuqi.<\/p>\n\n\n\n<p>\u00c7regjistrimi vullnetar p\u00ebr personat juridik\u00eb Neni 190 &#8211; 203 <a href=\"https:\/\/alprofitconsult.al\/wp-content\/uploads\/2022\/10\/Ligj-Nr.-9901-date_-14.04.2008-Per-Tregtaret-dhe-Shoqerite-Tregtare-i-ndryshuar-1.pdf\" target=\"_blank\" rel=\"noreferrer noopener\">i ligjit nr. 9901\/2008 <\/a>\u201cP\u00ebr tregtar\u00ebt dhe shoq\u00ebrit\u00eb tregtare\u201d) kalon n\u00eb dy faza. <\/p>\n\n\n\n<blockquote class=\"wp-block-quote is-layout-flow wp-block-quote-is-layout-flow\"><p>Pasi \u00ebsht\u00eb regjistruar fillimi i procedurave t\u00eb likuidimit, p\u00ebrpara se t\u00eb kryej\u00eb \u00e7regjistrimin e subjektit, n\u00eb p\u00ebrputhje me ligjin <a href=\"https:\/\/alprofitconsult.al\/wp-content\/uploads\/2022\/10\/Ligj-Nr.9920-date-19.05.2008-Per-procedurat-tatimore-ne-Republiken-e-Shqiperise-i-ndryshuar-5.pdf\" target=\"_blank\" rel=\"noreferrer noopener\">Nr. 9920, dat\u00eb 19.05.2008<\/a>, &#8220;Procedurat Tatimore n\u00eb Republik\u00ebn e Shqip\u00ebris\u00eb\u201d, i ndryshuar, neni 45, n\u00ebpun\u00ebsi i autorizuar (regjistruesi), detyrohet t\u00eb njoftoje organet tatimore dhe t\u00eb pres\u00eb brenda afatit ligjor 30 dite kalendarike, konfirmimin ne lidhje me situat\u00ebn tatimore t\u00eb subjektit (ka apo jo detyrime).<\/p><\/blockquote>\n\n\n\n<p>Leggi anche <a href=\"https:\/\/alprofitconsult.al\/it\/tasse\/sipermarres\/cikli-i-jetes-se-nje-biznesi\/\" target=\"_blank\" rel=\"noreferrer noopener\">Il ciclo di vita di un'azienda<\/a>.<\/p>\n\n\n\n<p>Fillimi i procedurave t\u00eb likuidimit (likuidim n\u00eb gj\u00ebndjen e aft\u00ebsise paguese), kryhet n\u00eb dy forma:<\/p>\n\n\n\n<figure class=\"wp-block-table\"><table><thead><tr><th>Likuidim i zakonsh\u00ebm<\/th><th>Likuidim i thjesht\u00ebzuar<\/th><\/tr><\/thead><tbody><tr><td>Nis me prishjen e shoq\u00ebris\u00eb p\u00ebr pasoja t\u00eb ndryshme dhe me em\u00ebrimin e likuiduesi<\/td><td>Likuidim i thjesht\u00ebzuar. Mb\u00ebshtetur n\u00eb nenin 240 t\u00eb ligjit nr. 9901\/2008, shoq\u00ebrit\u00eb tregtare, mund t\u00eb likuidohen n\u00ebp\u00ebrmjet nj\u00eb procedure t\u00eb p\u00ebrshpejtuar, n\u00ebse kjo vendoset nga t\u00eb gjith\u00eb ortak\u00ebt apo aksionar\u00ebt dhe kur k\u00ebta deklarojn\u00eb p\u00ebrpara gjykat\u00ebs p\u00ebrkat\u00ebse se t\u00eb gjitha detyrimet e shoq\u00ebris\u00eb ndaj kreditor\u00ebve jan\u00eb shlyer e jan\u00eb rregulluar t\u00eb gjitha marr\u00ebdh\u00ebniet me pun\u00ebmarr\u00ebsit. N\u00eb rastin e likuidimit te thjesht\u00ebzuar, duhet t\u00eb paraqitet n\u00eb QKB Vendimi i gjykat\u00ebs p\u00ebr likuidimin e shoq\u00ebris\u00eb, n\u00ebp\u00ebrmjet procedur\u00ebs s\u00eb thjesht\u00ebzuar.<\/td><\/tr><\/tbody><\/table><\/figure>\n\n\n\n<h4 class=\"wp-block-heading\">Fillimi i procedur\u00ebs s\u00eb likuidimit: em\u00ebrimi i likuidatorit (Faza e par\u00eb)<\/h4>\n\n\n\n<p>Documentazione allegata:<\/p>\n\n\n\n<ul class=\"wp-block-list\"><li>Dokumenti i identifikimit t\u00eb p\u00ebrfaq\u00ebsuesit ligjor\/likuiduesit (n\u00ebse ai \u00ebsht\u00eb aplikanti).<\/li><li>N\u00ebse aplikanti \u00ebsht\u00eb i ndrysh\u00ebm nga p\u00ebrfaq\u00ebsuesi ligjor\/likuiduesi, duhet t\u00eb depozitohet Akti i P\u00ebrfaq\u00ebsimit.<\/li><li>Vendimi i Asambles\u00eb s\u00eb p\u00ebrgjithshme t\u00eb shoq\u00ebris\u00eb p\u00ebr fillimin e procedur\u00ebs s\u00eb likuidimit ose Vendimi i gjykat\u00ebs p\u00ebr caktimin e likuiduesit sipas nenit 191\/2 t\u00eb ligjit <a href=\"https:\/\/alprofitconsult.al\/wp-content\/uploads\/2022\/10\/Ligj-Nr.-9901-date_-14.04.2008-Per-Tregtaret-dhe-Shoqerite-Tregtare-i-ndryshuar-1.pdf\" target=\"_blank\" rel=\"noreferrer noopener\">Nr. 9901 dat\u00eb 14.04.2008 <\/a>\u201cP\u00ebr Tregtar\u00ebt dhe Shoq\u00ebrit\u00eb Tregtare\u201d.<\/li><li>T\u00eb dh\u00ebnat e likuiduesve t\u00eb par\u00eb dhe tagrat e tyre, p\u00ebr t\u00eb p\u00ebrfaq\u00ebsuar shoq\u00ebrin\u00eb.<\/li><li>Likuiduesit depozitojn\u00eb n\u00ebnshkrimin e tyre (neni 194 i ligjit <a href=\"https:\/\/alprofitconsult.al\/wp-content\/uploads\/2022\/10\/Ligj-Nr.-9901-date_-14.04.2008-Per-Tregtaret-dhe-Shoqerite-Tregtare-i-ndryshuar-1.pdf\" target=\"_blank\" rel=\"noreferrer noopener\">nr.9901\/2008<\/a>).<\/li><li>Likuiduesit i njoftojn\u00eb, gjithashtu, Qendr\u00ebs Komb\u00ebtare t\u00eb Regjistrimit p\u00ebr regjistrim \u00e7do ndryshim p\u00ebr identitetin dhe tagrat e tyre t\u00eb p\u00ebrfaq\u00ebsimit.<\/li><\/ul>\n\n\n\n<blockquote class=\"wp-block-quote is-layout-flow wp-block-quote-is-layout-flow\"><p>Me hapjen e procedurave t\u00eb likuidimit, emri i regjistruar i shoq\u00ebris\u00eb ndiqet nga sh\u00ebnimi \u201cN\u00eb likuidim\u201d. <\/p><\/blockquote>\n\n\n\n<figure class=\"wp-block-pullquote\"><blockquote><p>Likuiduesit duhet t\u00eb ftojn\u00eb 2 her\u00eb kreditor\u00ebt e shoq\u00ebris\u00eb p\u00ebr t\u00eb depozituar pretendimet e tyre p\u00ebr prishjen e saj. Ftesat drejtuar kreditoreve, duhet t\u00eb publikohen n\u00eb faqen zyrtare t\u00eb QKB.<\/p><\/blockquote><\/figure>\n\n\n\n<h4 class=\"wp-block-heading\">\u00c7regjistrim i personit juridik: Aplikimi (Faza e dyt\u00eb)<\/h4>\n\n\n\n<p> \u00c7regjistrimi i personit juridik nuk mund t\u00eb b\u00ebhet p\u00ebrpara p\u00ebrfundimit t\u00eb afatit p\u00ebr depozitimit e pretendimeve t\u00eb kreditoreve (ligji 9901\/2008, i ndryshuar, neni 199 pika 1.<\/p>\n\n\n\n<p>Documentazione allegata:<\/p>\n\n\n\n<ul class=\"wp-block-list\"><li>Dokumenti i identifikimit t\u00eb likuiduesit (n\u00ebse ai \u00ebsht\u00eb aplikanti).<\/li><li>N\u00ebse aplikanti \u00ebsht\u00eb i ndrysh\u00ebm nga likuiduesi, duhet t\u00eb depozitohet Akti i P\u00ebrfaq\u00ebsimit.<\/li><li>Bilanci i gjendjes s\u00eb shoq\u00ebris\u00eb n\u00eb \u00e7astin e hapjes s\u00eb likuidimit dhe bilanci p\u00ebrfundimtar n\u00eb \u00e7astin e mbylljes s\u00eb k\u00ebtyre procedurave. (neni 198)<\/li><li>Raporti i likuidatorit p\u00ebr procedur\u00ebn e likuidimit.<\/li><li>Vendimi i Asambles\u00eb s\u00eb P\u00ebrgjithshme p\u00ebr miratimin e raportit t\u00eb likuidimit dhe lirimin e likuiduesve nga detyra.<\/li><\/ul>\n\n\n\n<p>\u00c7regjistrimi n\u00eb m\u00ebnyr\u00eb vullnetare p\u00ebr deg\u00ebt dhe zyrat p\u00ebrfaq\u00ebsimit t\u00eb shoq\u00ebrive t\u00eb huaja dhe p\u00ebr shoq\u00ebrit\u00eb e thjeshta kryhet n\u00ebp\u00ebrmjet aplikimit p\u00ebr \u00e7regjistrim dhe depozitimit t\u00eb akteve p\u00ebrkat\u00ebse, q\u00eb v\u00ebrtetojn\u00eb kryerjen dhe mbylljen e procedurave t\u00eb likuidimit, sipas legjislacionit n\u00eb fuqi.<br>\u00c7regjistrimi nuk kryhet n\u00ebse aktet e nd\u00ebrmjetme t\u00eb procesit t\u00eb likuidimit nuk jan\u00eb njoftuar dhe depozituar pran\u00eb Regjistrit Tregtar.<\/p>\n\n\n\n<h2 class=\"wp-block-heading\">\u00c7regjistrimi me vendim t\u00eb autoriteteve t\u00eb tjera<\/h2>\n\n\n\n<p>\u00c7regjistrimi nga Regjistri Tregtar me vendim t\u00eb autoriteteve t\u00eb tjera kryhet mbi baz\u00ebn e:<\/p>\n\n\n\n<ol class=\"wp-block-list\"><li>nj\u00eb vendimi gjyq\u00ebsor t\u00eb paankimuesh\u00ebm;<\/li><li>nj\u00eb vendimi p\u00ebrfundimtar t\u00eb nj\u00eb autoriteti tjet\u00ebr publik kur parashikohet nga ligje t\u00eb posa\u00e7me;<\/li><li>n\u00eb rastet e pavlefshm\u00ebris\u00eb s\u00eb personave juridik\u00eb, pas mbylljes s\u00eb likuidimit n\u00eb rrug\u00eb gjyq\u00ebsore, t\u00eb falimentimit apo n\u00eb rastet e tjera t\u00eb parashikuara nga ligji. <\/li><\/ol>\n\n\n\n<h2 class=\"wp-block-heading\">Pasojat e regjistrimit<\/h2>\n\n\n\n<p>Emri i subjektit tregtar do t\u00eb konsiderohet i z\u00ebn\u00eb, p\u00ebr nj\u00eb afat prej 6 muajsh nga data e \u00e7regjistrimit.<\/p>\n\n\n\n<ol class=\"wp-block-list\" start=\"1\"><li>\u00c7regjistrimi i personave juridik\u00eb nga Regjistri Tregtar ka si pasoj\u00eb humbjen e personalitetit juridik t\u00eb subjekteve.<\/li><li>\u00c7regjistrimi nga Regjistri Tregtar i personave fizik\u00eb, i deg\u00ebve dhe i zyrave t\u00eb p\u00ebrfaq\u00ebsimit t\u00eb shoq\u00ebrive t\u00eb huaja, dhe shoq\u00ebrive t\u00eb thjeshta ka efekt deklarativ.<\/li><li>Subjektet e \u00e7regjistruara p\u00ebrgjigjen p\u00ebr detyrimet e mbetura ndaj t\u00eb tret\u00ebve dhe ndaj autoriteteve publike, n\u00eb p\u00ebrputhje me legjislacionin n\u00eb fuqi.<\/li><\/ol>\n\n\n\n<p>Fonte: <a href=\"https:\/\/qkb.gov.al\/informacion-mbi-proceduren\/regjistrimi-i-biznesit\/cregjistrimi-i-biznesit\/\" target=\"_blank\" rel=\"noreferrer noopener\">Centro Nazionale per le Imprese<\/a><\/p>\n\n\n<div class=\"gdlr-core-widget-box-shortcode\" style=\"color: #ffffff ;background-color: #000014 ;\"  ><h3 class=\"gdlr-core-widget-box-shortcode-title\" style=\"color: #ffffff ;\"  >Hai qualche domanda?<\/h3><div class=\"gdlr-core-widget-box-shortcode-content\" ><p class=\"translation-block\">Non esitare a <a href=\"https:\/\/alprofitconsult.al\/it\/contact\/\" target=\"_self\">contattarci. Siamo un team di esperti e saremo lieti di parlare con te.<\/p>\n<\/div><\/div>","protected":false},"excerpt":{"rendered":"<p>\u00c7regjistrimi vullnetar P\u00ebr personat juridik\u00eb, p\u00ebr deg\u00ebt dhe zyrat e p\u00ebrfaq\u00ebsimit t\u00eb shoq\u00ebrive t\u00eb huaja dhe p\u00ebr shoq\u00ebrit\u00eb e thjeshta, \u00e7regjistrimi n\u00eb m\u00ebnyr\u00eb vullnetare kryhet n\u00ebp\u00ebrmjet aplikimit p\u00ebr \u00e7regjistrim dhe depozitimit t\u00eb akteve p\u00ebrkat\u00ebse, q\u00eb v\u00ebrtetojn\u00eb kryerjen dhe mbylljen e procedurave t\u00eb likuidimit, sipas legjislacionit n\u00eb fuqi. \u00c7regjistrimi vullnetar p\u00ebr personat juridik\u00eb Neni 190 &#8211; [&hellip;]<\/p>\n","protected":false},"author":1,"featured_media":17433,"parent":17185,"menu_order":0,"comment_status":"closed","ping_status":"closed","template":"","meta":{"footnotes":""},"class_list":["post-17189","page","type-page","status-publish","has-post-thumbnail","hentry"],"yoast_head":"<!-- This site is optimized with the Yoast SEO plugin v26.5 - https:\/\/yoast.com\/wordpress\/plugins\/seo\/ -->\n<title>\u00c7regjistrimi i shoq\u00ebris\u00eb me p\u00ebrgjegj\u00ebsi t\u00eb kufizuar - AlProfit Consult<\/title>\n<meta name=\"robots\" content=\"index, follow, max-snippet:-1, max-image-preview:large, max-video-preview:-1\" \/>\n<link rel=\"canonical\" href=\"https:\/\/alprofitconsult.al\/it\/registrazione-dellimpresa\/societa-a-responsabilita-limitata\/cregjistrimi\/\" \/>\n<meta property=\"og:locale\" content=\"it_IT\" \/>\n<meta property=\"og:type\" content=\"article\" \/>\n<meta property=\"og:title\" content=\"\u00c7regjistrimi i shoq\u00ebris\u00eb me p\u00ebrgjegj\u00ebsi t\u00eb kufizuar - AlProfit Consult\" \/>\n<meta property=\"og:description\" content=\"\u00c7regjistrimi vullnetar P\u00ebr personat juridik\u00eb, p\u00ebr deg\u00ebt dhe zyrat e p\u00ebrfaq\u00ebsimit t\u00eb shoq\u00ebrive t\u00eb huaja dhe p\u00ebr shoq\u00ebrit\u00eb e thjeshta, \u00e7regjistrimi n\u00eb m\u00ebnyr\u00eb vullnetare kryhet n\u00ebp\u00ebrmjet aplikimit p\u00ebr \u00e7regjistrim dhe depozitimit t\u00eb akteve p\u00ebrkat\u00ebse, q\u00eb v\u00ebrtetojn\u00eb kryerjen dhe mbylljen e procedurave t\u00eb likuidimit, sipas legjislacionit n\u00eb fuqi. \u00c7regjistrimi vullnetar p\u00ebr personat juridik\u00eb Neni 190 &#8211; [&hellip;]\" \/>\n<meta property=\"og:url\" content=\"https:\/\/alprofitconsult.al\/it\/registrazione-dellimpresa\/societa-a-responsabilita-limitata\/cregjistrimi\/\" \/>\n<meta property=\"og:site_name\" content=\"AlProfit Consult\" \/>\n<meta property=\"article:publisher\" content=\"https:\/\/www.facebook.com\/AlProfitConsult\/\" \/>\n<meta property=\"article:modified_time\" content=\"2022-10-23T14:04:28+00:00\" \/>\n<meta property=\"og:image\" content=\"https:\/\/alprofitconsult.al\/wp-content\/uploads\/2022\/10\/AlProfit-Consult-Cregjistrimi-i-shoqerise-me-pergjegjesi-te-kufizuar.jpg\" \/>\n\t<meta property=\"og:image:width\" content=\"1920\" \/>\n\t<meta property=\"og:image:height\" content=\"1440\" \/>\n\t<meta property=\"og:image:type\" content=\"image\/jpeg\" \/>\n<meta name=\"twitter:card\" content=\"summary_large_image\" \/>\n<meta name=\"twitter:site\" content=\"@AlProfitConsult\" \/>\n<meta name=\"twitter:label1\" content=\"Tempo di lettura stimato\" \/>\n\t<meta name=\"twitter:data1\" content=\"4 minuti\" \/>\n<script type=\"application\/ld+json\" class=\"yoast-schema-graph\">{\"@context\":\"https:\/\/schema.org\",\"@graph\":[{\"@type\":\"WebPage\",\"@id\":\"https:\/\/alprofitconsult.al\/regjistrimi-biznesit\/shoqeri-me-pergjegjesi-te-kufizuar\/cregjistrimi\/\",\"url\":\"https:\/\/alprofitconsult.al\/regjistrimi-biznesit\/shoqeri-me-pergjegjesi-te-kufizuar\/cregjistrimi\/\",\"name\":\"\u00c7regjistrimi i shoq\u00ebris\u00eb me p\u00ebrgjegj\u00ebsi t\u00eb kufizuar - AlProfit Consult\",\"isPartOf\":{\"@id\":\"https:\/\/alprofitconsult.al\/#website\"},\"primaryImageOfPage\":{\"@id\":\"https:\/\/alprofitconsult.al\/regjistrimi-biznesit\/shoqeri-me-pergjegjesi-te-kufizuar\/cregjistrimi\/#primaryimage\"},\"image\":{\"@id\":\"https:\/\/alprofitconsult.al\/regjistrimi-biznesit\/shoqeri-me-pergjegjesi-te-kufizuar\/cregjistrimi\/#primaryimage\"},\"thumbnailUrl\":\"https:\/\/alprofitconsult.al\/wp-content\/uploads\/2022\/10\/AlProfit-Consult-Cregjistrimi-i-shoqerise-me-pergjegjesi-te-kufizuar.jpg\",\"datePublished\":\"2022-10-22T19:56:35+00:00\",\"dateModified\":\"2022-10-23T14:04:28+00:00\",\"breadcrumb\":{\"@id\":\"https:\/\/alprofitconsult.al\/regjistrimi-biznesit\/shoqeri-me-pergjegjesi-te-kufizuar\/cregjistrimi\/#breadcrumb\"},\"inLanguage\":\"it-IT\",\"potentialAction\":[{\"@type\":\"ReadAction\",\"target\":[\"https:\/\/alprofitconsult.al\/regjistrimi-biznesit\/shoqeri-me-pergjegjesi-te-kufizuar\/cregjistrimi\/\"]}]},{\"@type\":\"ImageObject\",\"inLanguage\":\"it-IT\",\"@id\":\"https:\/\/alprofitconsult.al\/regjistrimi-biznesit\/shoqeri-me-pergjegjesi-te-kufizuar\/cregjistrimi\/#primaryimage\",\"url\":\"https:\/\/alprofitconsult.al\/wp-content\/uploads\/2022\/10\/AlProfit-Consult-Cregjistrimi-i-shoqerise-me-pergjegjesi-te-kufizuar.jpg\",\"contentUrl\":\"https:\/\/alprofitconsult.al\/wp-content\/uploads\/2022\/10\/AlProfit-Consult-Cregjistrimi-i-shoqerise-me-pergjegjesi-te-kufizuar.jpg\",\"width\":1920,\"height\":1440},{\"@type\":\"BreadcrumbList\",\"@id\":\"https:\/\/alprofitconsult.al\/regjistrimi-biznesit\/shoqeri-me-pergjegjesi-te-kufizuar\/cregjistrimi\/#breadcrumb\",\"itemListElement\":[{\"@type\":\"ListItem\",\"position\":1,\"name\":\"Kryefaqe\",\"item\":\"https:\/\/alprofitconsult.al\/\"},{\"@type\":\"ListItem\",\"position\":2,\"name\":\"Regjistrimi i biznesit\/OJF\",\"item\":\"https:\/\/alprofitconsult.al\/regjistrimi-biznesit\/\"},{\"@type\":\"ListItem\",\"position\":3,\"name\":\"Shoq\u00ebri me p\u00ebrgjegj\u00ebsi t\u00eb kufizuar\",\"item\":\"https:\/\/alprofitconsult.al\/regjistrimi-biznesit\/shoqeri-me-pergjegjesi-te-kufizuar\/\"},{\"@type\":\"ListItem\",\"position\":4,\"name\":\"\u00c7regjistrimi i shoq\u00ebris\u00eb me p\u00ebrgjegj\u00ebsi t\u00eb kufizuar\"}]},{\"@type\":\"WebSite\",\"@id\":\"https:\/\/alprofitconsult.al\/#website\",\"url\":\"https:\/\/alprofitconsult.al\/\",\"name\":\"AlProfit Consult\",\"description\":\"Zyr\u00eb Kontabiliteti\",\"publisher\":{\"@id\":\"https:\/\/alprofitconsult.al\/#organization\"},\"potentialAction\":[{\"@type\":\"SearchAction\",\"target\":{\"@type\":\"EntryPoint\",\"urlTemplate\":\"https:\/\/alprofitconsult.al\/?s={search_term_string}\"},\"query-input\":{\"@type\":\"PropertyValueSpecification\",\"valueRequired\":true,\"valueName\":\"search_term_string\"}}],\"inLanguage\":\"it-IT\"},{\"@type\":\"Organization\",\"@id\":\"https:\/\/alprofitconsult.al\/#organization\",\"name\":\"Alprofit Consult\",\"url\":\"https:\/\/alprofitconsult.al\/\",\"logo\":{\"@type\":\"ImageObject\",\"inLanguage\":\"it-IT\",\"@id\":\"https:\/\/alprofitconsult.al\/#\/schema\/logo\/image\/\",\"url\":\"https:\/\/alprofitconsult.al\/wp-content\/uploads\/2022\/10\/logoalprofit.png\",\"contentUrl\":\"https:\/\/alprofitconsult.al\/wp-content\/uploads\/2022\/10\/logoalprofit.png\",\"width\":529,\"height\":156,\"caption\":\"Alprofit Consult\"},\"image\":{\"@id\":\"https:\/\/alprofitconsult.al\/#\/schema\/logo\/image\/\"},\"sameAs\":[\"https:\/\/www.facebook.com\/AlProfitConsult\/\",\"https:\/\/x.com\/AlProfitConsult\",\"https:\/\/www.linkedin.com\/company\/andi-haxhillari\/\",\"https:\/\/www.pinterest.com\/AlProfitConsult\/\",\"https:\/\/www.youtube.com\/channel\/UCZ5Gfntn161Nla3g1XdRldA\",\"https:\/\/sq.wikipedia.org\/wiki\/P\u00ebrdoruesi:Andi25~sqwiki\"]}]}<\/script>\n<!-- \/ Yoast SEO plugin. -->","yoast_head_json":{"title":"\u00c7regjistrimi i shoq\u00ebris\u00eb me p\u00ebrgjegj\u00ebsi t\u00eb kufizuar - AlProfit Consult","robots":{"index":"index","follow":"follow","max-snippet":"max-snippet:-1","max-image-preview":"max-image-preview:large","max-video-preview":"max-video-preview:-1"},"canonical":"https:\/\/alprofitconsult.al\/it\/registrazione-dellimpresa\/societa-a-responsabilita-limitata\/cregjistrimi\/","og_locale":"it_IT","og_type":"article","og_title":"\u00c7regjistrimi i shoq\u00ebris\u00eb me p\u00ebrgjegj\u00ebsi t\u00eb kufizuar - AlProfit Consult","og_description":"\u00c7regjistrimi vullnetar P\u00ebr personat juridik\u00eb, p\u00ebr deg\u00ebt dhe zyrat e p\u00ebrfaq\u00ebsimit t\u00eb shoq\u00ebrive t\u00eb huaja dhe p\u00ebr shoq\u00ebrit\u00eb e thjeshta, \u00e7regjistrimi n\u00eb m\u00ebnyr\u00eb vullnetare kryhet n\u00ebp\u00ebrmjet aplikimit p\u00ebr \u00e7regjistrim dhe depozitimit t\u00eb akteve p\u00ebrkat\u00ebse, q\u00eb v\u00ebrtetojn\u00eb kryerjen dhe mbylljen e procedurave t\u00eb likuidimit, sipas legjislacionit n\u00eb fuqi. \u00c7regjistrimi vullnetar p\u00ebr personat juridik\u00eb Neni 190 &#8211; [&hellip;]","og_url":"https:\/\/alprofitconsult.al\/it\/registrazione-dellimpresa\/societa-a-responsabilita-limitata\/cregjistrimi\/","og_site_name":"AlProfit Consult","article_publisher":"https:\/\/www.facebook.com\/AlProfitConsult\/","article_modified_time":"2022-10-23T14:04:28+00:00","og_image":[{"width":1920,"height":1440,"url":"https:\/\/alprofitconsult.al\/wp-content\/uploads\/2022\/10\/AlProfit-Consult-Cregjistrimi-i-shoqerise-me-pergjegjesi-te-kufizuar.jpg","type":"image\/jpeg"}],"twitter_card":"summary_large_image","twitter_site":"@AlProfitConsult","twitter_misc":{"Tempo di lettura stimato":"4 minuti"},"schema":{"@context":"https:\/\/schema.org","@graph":[{"@type":"WebPage","@id":"https:\/\/alprofitconsult.al\/regjistrimi-biznesit\/shoqeri-me-pergjegjesi-te-kufizuar\/cregjistrimi\/","url":"https:\/\/alprofitconsult.al\/regjistrimi-biznesit\/shoqeri-me-pergjegjesi-te-kufizuar\/cregjistrimi\/","name":"\u00c7regjistrimi i shoq\u00ebris\u00eb me p\u00ebrgjegj\u00ebsi t\u00eb kufizuar - AlProfit Consult","isPartOf":{"@id":"https:\/\/alprofitconsult.al\/#website"},"primaryImageOfPage":{"@id":"https:\/\/alprofitconsult.al\/regjistrimi-biznesit\/shoqeri-me-pergjegjesi-te-kufizuar\/cregjistrimi\/#primaryimage"},"image":{"@id":"https:\/\/alprofitconsult.al\/regjistrimi-biznesit\/shoqeri-me-pergjegjesi-te-kufizuar\/cregjistrimi\/#primaryimage"},"thumbnailUrl":"https:\/\/alprofitconsult.al\/wp-content\/uploads\/2022\/10\/AlProfit-Consult-Cregjistrimi-i-shoqerise-me-pergjegjesi-te-kufizuar.jpg","datePublished":"2022-10-22T19:56:35+00:00","dateModified":"2022-10-23T14:04:28+00:00","breadcrumb":{"@id":"https:\/\/alprofitconsult.al\/regjistrimi-biznesit\/shoqeri-me-pergjegjesi-te-kufizuar\/cregjistrimi\/#breadcrumb"},"inLanguage":"it-IT","potentialAction":[{"@type":"ReadAction","target":["https:\/\/alprofitconsult.al\/regjistrimi-biznesit\/shoqeri-me-pergjegjesi-te-kufizuar\/cregjistrimi\/"]}]},{"@type":"ImageObject","inLanguage":"it-IT","@id":"https:\/\/alprofitconsult.al\/regjistrimi-biznesit\/shoqeri-me-pergjegjesi-te-kufizuar\/cregjistrimi\/#primaryimage","url":"https:\/\/alprofitconsult.al\/wp-content\/uploads\/2022\/10\/AlProfit-Consult-Cregjistrimi-i-shoqerise-me-pergjegjesi-te-kufizuar.jpg","contentUrl":"https:\/\/alprofitconsult.al\/wp-content\/uploads\/2022\/10\/AlProfit-Consult-Cregjistrimi-i-shoqerise-me-pergjegjesi-te-kufizuar.jpg","width":1920,"height":1440},{"@type":"BreadcrumbList","@id":"https:\/\/alprofitconsult.al\/regjistrimi-biznesit\/shoqeri-me-pergjegjesi-te-kufizuar\/cregjistrimi\/#breadcrumb","itemListElement":[{"@type":"ListItem","position":1,"name":"Kryefaqe","item":"https:\/\/alprofitconsult.al\/"},{"@type":"ListItem","position":2,"name":"Regjistrimi i biznesit\/OJF","item":"https:\/\/alprofitconsult.al\/regjistrimi-biznesit\/"},{"@type":"ListItem","position":3,"name":"Shoq\u00ebri me p\u00ebrgjegj\u00ebsi t\u00eb kufizuar","item":"https:\/\/alprofitconsult.al\/regjistrimi-biznesit\/shoqeri-me-pergjegjesi-te-kufizuar\/"},{"@type":"ListItem","position":4,"name":"\u00c7regjistrimi i shoq\u00ebris\u00eb me p\u00ebrgjegj\u00ebsi t\u00eb kufizuar"}]},{"@type":"WebSite","@id":"https:\/\/alprofitconsult.al\/#website","url":"https:\/\/alprofitconsult.al\/","name":"AlProfit Consult","description":"Ufficio contabilit\u00e0","publisher":{"@id":"https:\/\/alprofitconsult.al\/#organization"},"potentialAction":[{"@type":"SearchAction","target":{"@type":"EntryPoint","urlTemplate":"https:\/\/alprofitconsult.al\/?s={search_term_string}"},"query-input":{"@type":"PropertyValueSpecification","valueRequired":true,"valueName":"search_term_string"}}],"inLanguage":"it-IT"},{"@type":"Organization","@id":"https:\/\/alprofitconsult.al\/#organization","name":"Alprofit Consult","url":"https:\/\/alprofitconsult.al\/","logo":{"@type":"ImageObject","inLanguage":"it-IT","@id":"https:\/\/alprofitconsult.al\/#\/schema\/logo\/image\/","url":"https:\/\/alprofitconsult.al\/wp-content\/uploads\/2022\/10\/logoalprofit.png","contentUrl":"https:\/\/alprofitconsult.al\/wp-content\/uploads\/2022\/10\/logoalprofit.png","width":529,"height":156,"caption":"Alprofit Consult"},"image":{"@id":"https:\/\/alprofitconsult.al\/#\/schema\/logo\/image\/"},"sameAs":["https:\/\/www.facebook.com\/AlProfitConsult\/","https:\/\/x.com\/AlProfitConsult","https:\/\/www.linkedin.com\/company\/andi-haxhillari\/","https:\/\/www.pinterest.com\/AlProfitConsult\/","https:\/\/www.youtube.com\/channel\/UCZ5Gfntn161Nla3g1XdRldA","https:\/\/sq.wikipedia.org\/wiki\/P\u00ebrdoruesi:Andi25~sqwiki"]}]}},"_links":{"self":[{"href":"https:\/\/alprofitconsult.al\/it\/wp-json\/wp\/v2\/pages\/17189","targetHints":{"allow":["GET"]}}],"collection":[{"href":"https:\/\/alprofitconsult.al\/it\/wp-json\/wp\/v2\/pages"}],"about":[{"href":"https:\/\/alprofitconsult.al\/it\/wp-json\/wp\/v2\/types\/page"}],"author":[{"embeddable":true,"href":"https:\/\/alprofitconsult.al\/it\/wp-json\/wp\/v2\/users\/1"}],"replies":[{"embeddable":true,"href":"https:\/\/alprofitconsult.al\/it\/wp-json\/wp\/v2\/comments?post=17189"}],"version-history":[{"count":4,"href":"https:\/\/alprofitconsult.al\/it\/wp-json\/wp\/v2\/pages\/17189\/revisions"}],"predecessor-version":[{"id":17435,"href":"https:\/\/alprofitconsult.al\/it\/wp-json\/wp\/v2\/pages\/17189\/revisions\/17435"}],"up":[{"embeddable":true,"href":"https:\/\/alprofitconsult.al\/it\/wp-json\/wp\/v2\/pages\/17185"}],"wp:featuredmedia":[{"embeddable":true,"href":"https:\/\/alprofitconsult.al\/it\/wp-json\/wp\/v2\/media\/17433"}],"wp:attachment":[{"href":"https:\/\/alprofitconsult.al\/it\/wp-json\/wp\/v2\/media?parent=17189"}],"curies":[{"name":"wp","href":"https:\/\/api.w.org\/{rel}","templated":true}]}}