{"id":17279,"date":"2022-10-22T19:59:34","date_gmt":"2022-10-22T19:59:34","guid":{"rendered":"https:\/\/alprofitconsult.al\/?page_id=17279"},"modified":"2022-10-23T19:54:04","modified_gmt":"2022-10-23T19:54:04","slug":"ndryshime-ojf","status":"publish","type":"page","link":"https:\/\/alprofitconsult.al\/it\/regjistrimi-biznesit\/organizatat-jofitimprurese\/ndryshime-ojf\/","title":{"rendered":"Ndryshime n\u00eb regjistrimin <br> e Organizatave Jofitimprur\u00ebse"},"content":{"rendered":"<div class=\"yoast-breadcrumbs\"><span><span><a href=\"https:\/\/alprofitconsult.al\/it\/\">Home page<\/a><\/span> | <span><a href=\"https:\/\/alprofitconsult.al\/it\/registrazione-dellimpresa\/\">Registrazione di aziende\/ONG<\/a><\/span> | <span><a href=\"https:\/\/alprofitconsult.al\/it\/registrazione-dellimpresa\/organizatat-jofitimprurese\/\">Organizzazioni senza scopo di lucro<\/a><\/span> | <span class=\"breadcrumb_last\" aria-current=\"page\">Ndryshime n\u00eb regjistrimin e Organizatave Jofitimprur\u00ebse<\/span><\/span><\/div>\n\n\n<p><\/p>\n\n\n\n<figure class=\"wp-block-image size-large\"><img loading=\"lazy\" decoding=\"async\" width=\"1024\" height=\"628\" src=\"https:\/\/alprofitconsult.al\/wp-content\/uploads\/2022\/10\/AlProfit-Consult-Ndryshime-ne-regjistrimni-e-Organizatave-Jofitimprurese-1024x628.jpg\" alt=\"\" class=\"wp-image-17487\" srcset=\"https:\/\/alprofitconsult.al\/wp-content\/uploads\/2022\/10\/AlProfit-Consult-Ndryshime-ne-regjistrimni-e-Organizatave-Jofitimprurese-1024x628.jpg 1024w, https:\/\/alprofitconsult.al\/wp-content\/uploads\/2022\/10\/AlProfit-Consult-Ndryshime-ne-regjistrimni-e-Organizatave-Jofitimprurese-300x184.jpg 300w, https:\/\/alprofitconsult.al\/wp-content\/uploads\/2022\/10\/AlProfit-Consult-Ndryshime-ne-regjistrimni-e-Organizatave-Jofitimprurese-150x92.jpg 150w, https:\/\/alprofitconsult.al\/wp-content\/uploads\/2022\/10\/AlProfit-Consult-Ndryshime-ne-regjistrimni-e-Organizatave-Jofitimprurese-768x471.jpg 768w, https:\/\/alprofitconsult.al\/wp-content\/uploads\/2022\/10\/AlProfit-Consult-Ndryshime-ne-regjistrimni-e-Organizatave-Jofitimprurese-1536x942.jpg 1536w, https:\/\/alprofitconsult.al\/wp-content\/uploads\/2022\/10\/AlProfit-Consult-Ndryshime-ne-regjistrimni-e-Organizatave-Jofitimprurese-700x430.jpg 700w, https:\/\/alprofitconsult.al\/wp-content\/uploads\/2022\/10\/AlProfit-Consult-Ndryshime-ne-regjistrimni-e-Organizatave-Jofitimprurese.jpg 1920w\" sizes=\"auto, (max-width: 1024px) 100vw, 1024px\" \/><\/figure>\n\n\n\n<h2 class=\"wp-block-heading\">Regjistrimet e tjera t\u00eb detyrueshme<\/h2>\n\n\n\n<p>\u00c7do organizat\u00eb jofitimprur\u00ebse q\u00eb kryen regjistrimin fillestar mbart edhe detyrimin t\u00eb regjistroj\u00eb \u00e7do ndryshim n\u00eb t\u00eb dh\u00ebnat e njoftuara dhe n\u00eb dokumentet shoq\u00ebruese q\u00eb depozitohen n\u00eb regjistrin elektronik, sipas seksionit III t\u00eb kreut II t\u00eb k\u00ebtij ligji.<\/p>\n\n\n\n<p>N\u00eb rast ndryshimi t\u00eb aktit t\u00eb themelimit ose statutit, depozitohet edhe teksti i plot\u00eb i tyre, q\u00eb pasqyron ndryshimet e m\u00ebpasshme. P\u00ebr deg\u00ebt e organizatave jofitimprur\u00ebse t\u00eb huaja depozitohet statuti dhe akti i themelimit i organizat\u00ebs jofitimprur\u00ebse t\u00eb huaj ose dokumenti ekuivalent i krijimit, sipas legjislacionit t\u00eb huaj, me tekstin e plot\u00eb q\u00eb pasqyron ndryshimet e b\u00ebra.<\/p>\n\n\n\n<p>P\u00ebrve\u00e7 sa parashikohet n\u00eb pik\u00ebn 1 t\u00eb k\u00ebtij neni, organizatat jofitimprur\u00ebse duhet t\u00eb regjistrojn\u00eb dhe t\u00eb depozitojn\u00eb aktet p\u00ebrkat\u00ebse si m\u00eb posht\u00eb:<\/p>\n\n\n\n<p>a) pasqyrat financiare vjetore t\u00eb mbajtura sipas k\u00ebrkesave ligjore, n\u00eb rastet kur mbajtja e k\u00ebtyre dokumenteve \u00ebsht\u00eb e detyrueshme;<br>b) em\u00ebrimin e likuidatorit, si dhe t\u00eb dh\u00ebnat e tij t\u00eb identifikimit;<br>c) aktet e prishjes, t\u00eb mbylljes ose t\u00eb shp\u00ebrndarjes, aktet e transformimit, t\u00eb bashkimit, t\u00eb ndarjes, hapjes s\u00eb procedurave t\u00eb administrimit, likuidimit ose riorganizimit, si dhe aktet e tjera t\u00eb nd\u00ebrmjetme, t\u00eb parashikuara nga legjislacioni n\u00eb fuqi. P\u00ebr deg\u00ebt e organizatave jofitimprur\u00ebse t\u00eb huaja regjistrohen edhe aktet e transformimit, t\u00eb bashkimit, t\u00eb ndarjes, t\u00eb hapjes dhe t\u00eb mbylljes s\u00eb procedurave t\u00eb likuidimit ose t\u00eb falimentimit t\u00eb organizat\u00ebs jofitimprur\u00ebse t\u00eb huaj;<br>\u00e7) vendet e tjera t\u00eb ushtrimit t\u00eb veprimtaris\u00eb, t\u00eb ndryshme nga selia;<br>d) kompetencat e p\u00ebrfaq\u00ebsimit t\u00eb organeve drejtuese ose t\u00eb likuiduesve;<br>dh) emri, mbiemri, dat\u00eblindja dhe vlera e kontributeve pasurore t\u00eb fondit themelues (n\u00ebse ka t\u00eb tilla);<br>e) \u00e7do regjistrim tjet\u00ebr t\u00eb detyruesh\u00ebm sipas dispozitave ligjore n\u00eb fuqi.<\/p>\n\n\n\n<h2 class=\"wp-block-heading\">Regjistrimet e tjera vullnetare<\/h2>\n\n\n\n<p>Organizatat jofitimprur\u00ebse kan\u00eb t\u00eb drejt\u00eb q\u00eb me k\u00ebrkes\u00ebn e tyre t\u00eb regjistrojn\u00eb n\u00eb regjistrin elektronik \u00e7do t\u00eb dh\u00ebn\u00eb tjet\u00ebr, t\u00eb ndryshme nga t\u00eb dh\u00ebnat e p\u00ebrcaktuara n\u00eb nenin 17 t\u00eb k\u00ebtij ligji, t\u00eb cilat kan\u00eb lidhje me veprimtarin\u00eb e tyre. K\u00ebto t\u00eb dh\u00ebna shtes\u00eb p\u00ebrfshijn\u00eb, por pa u kufizuar n\u00eb to:<br>a) em\u00ebrtimin ose shenjat e tjera dalluese t\u00eb veprimtaris\u00eb (n\u00ebse \u00ebsht\u00eb i\/jan\u00eb t\u00eb ndrysh\u00ebm nga emri i regjistruar i organizat\u00ebs jofitimprur\u00ebse);<br>b) faqen e internetit, adres\u00ebn e-mail-it, numrin e telefonit dhe faksit;<br>c) vendimet e organeve drejtuese t\u00eb organizat\u00ebs jofitimprur\u00ebse si vendimet e pezullimit t\u00eb veprimtaris\u00eb ose vendimet e tjera t\u00eb ndryshme nga vendimet e detyrueshme p\u00ebr regjistrim;<br>\u00e7) t\u00eb dh\u00ebna t\u00eb tjera t\u00eb lidhura me veprimtarin\u00eb e organizat\u00ebs jofitimprur\u00ebse.<\/p>\n\n\n\n<h2 class=\"wp-block-heading\">Regjistrimet me vendim gjyq\u00ebsor<\/h2>\n\n\n\n<p>Gjykata e Rrethit Gjyq\u00ebsor Tiran\u00eb regjistron n\u00eb regjistrin elektronik t\u00eb organizatave jofitimprur\u00ebse dhe publikon, kryesisht ose me k\u00ebrkes\u00eb nga \u00e7do person i interesuar, vendimet gjyq\u00ebsore p\u00ebr t\u00eb dh\u00ebnat e regjistruara ose veprimtarin\u00eb e organizat\u00ebs jofitimprur\u00ebse.<\/p>\n\n\n\n<p>K\u00ebrkes\u00ebs p\u00ebr regjistrim nga personat e interesuar i bashk\u00eblidhet vendimi p\u00ebrkat\u00ebs. Regjistrimi kryhet sipas rregullave t\u00eb p\u00ebrcaktuara n\u00eb kreun III t\u00eb k\u00ebtij ligji.<\/p>\n\n\n\n<h2 class=\"wp-block-heading\">Ndryshime n\u00eb regjistrin e tatimeve<\/h2>\n\n\n\n<p><strong>Ndryshimet q\u00eb kryhen me Vendim Gjykate jan\u00eb:<\/strong><\/p>\n\n\n\n<ul class=\"wp-block-list\"><li>Adresa e selis\u00eb<\/li><li>Drejtuesit (bordi\/administratori)<\/li><li>Em\u00ebrtimi<\/li><li>Forma ligjore<\/li><\/ul>\n\n\n\n<p><strong>Ndryshimet q\u00eb kryhen administrat\u00ebn tatimore jan\u00eb:<\/strong><\/p>\n\n\n\n<ul class=\"wp-block-list\"><li>Pasqyrimi i ndryshimeve t\u00eb kryera me Vendim Gjykate<\/li><li>Hapja\/mbyllja e adresave dyt\u00ebsore dhe l\u00ebshimi i certifikatave p\u00ebrkat\u00ebse<\/li><li>Ndryshimi i p\u00ebrgjegj\u00ebsive tatimore (shtimi\/heqja)<\/li><\/ul>\n\n\n\n<p>Kur nj\u00eb tatimpagues nuk p\u00ebrdit\u00ebson t\u00eb dh\u00ebnat, brenda 15 dit\u00ebve nga data e ndryshimit t\u00eb selis\u00eb, administratorit, llojit t\u00eb aktivitetit etj, ai penalizohet nga administrata tatimore sipas p\u00ebrcaktimeve t\u00eb ligjit <a href=\"https:\/\/alprofitconsult.al\/wp-content\/uploads\/2022\/10\/Ligj-Nr.9920-date-19.05.2008-Per-procedurat-tatimore-ne-Republiken-e-Shqiperise-i-ndryshuar-4.pdf\" target=\"_blank\" rel=\"noreferrer noopener\">Nr. 9920, dat\u00eb 19.05.2008 <\/a>&#8220;P\u00ebr Procedurat Tatimore n\u00eb Republik\u00ebn e Shqip\u00ebris\u00eb&#8221;.<\/p>\n\n\n\n<p>Scarica:<\/p>\n\n\n\n<div class=\"wp-block-file\"><a href=\"https:\/\/alprofitconsult.al\/wp-content\/uploads\/2022\/10\/ligj-2001-05-07-8788-1.docx\">ligj-2001-05-07-8788-1<\/a><a href=\"https:\/\/alprofitconsult.al\/wp-content\/uploads\/2022\/10\/ligj-2001-05-07-8788-1.docx\" class=\"wp-block-file__button\" download>Scarica<\/a><\/div>\n\n\n\n<div class=\"wp-block-file\"><a href=\"https:\/\/alprofitconsult.al\/wp-content\/uploads\/2022\/10\/ligj-2021-06-24-80-1.docx\">ligj-2021-06-24-80-1<\/a><a href=\"https:\/\/alprofitconsult.al\/wp-content\/uploads\/2022\/10\/ligj-2021-06-24-80-1.docx\" class=\"wp-block-file__button\" download>Scarica<\/a><\/div>\n\n\n\n<p>Leggi anche <a href=\"https:\/\/alprofitconsult.al\/it\/tasse\/organizata-jofitimprurese\/cikli-i-jetes-ojf\/kalimi-ne-status-pasiv-dhe-riaktivizmi\/\" target=\"_blank\" rel=\"noreferrer noopener\">Kalimi n\u00eb status pasiv dhe riaktivizmi<\/a><\/p>\n\n\n<div class=\"gdlr-core-widget-box-shortcode\" style=\"color: #ffffff ;background-color: #000014 ;\"  ><h3 class=\"gdlr-core-widget-box-shortcode-title\" style=\"color: #ffffff ;\"  >Hai qualche domanda?<\/h3><div class=\"gdlr-core-widget-box-shortcode-content\" ><p class=\"translation-block\">Non esitare a <a href=\"https:\/\/alprofitconsult.al\/it\/contact\/\" target=\"_self\">contattarci. Siamo un team di esperti e saremo lieti di parlare con te.<\/p>\n<\/div><\/div>","protected":false},"excerpt":{"rendered":"<p>Regjistrimet e tjera t\u00eb detyrueshme \u00c7do organizat\u00eb jofitimprur\u00ebse q\u00eb kryen regjistrimin fillestar mbart edhe detyrimin t\u00eb regjistroj\u00eb \u00e7do ndryshim n\u00eb t\u00eb dh\u00ebnat e njoftuara dhe n\u00eb dokumentet shoq\u00ebruese q\u00eb depozitohen n\u00eb regjistrin elektronik, sipas seksionit III t\u00eb kreut II t\u00eb k\u00ebtij ligji. N\u00eb rast ndryshimi t\u00eb aktit t\u00eb themelimit ose statutit, depozitohet edhe teksti i [&hellip;]<\/p>\n","protected":false},"author":1,"featured_media":17487,"parent":17198,"menu_order":0,"comment_status":"closed","ping_status":"closed","template":"","meta":{"footnotes":""},"class_list":["post-17279","page","type-page","status-publish","has-post-thumbnail","hentry"],"yoast_head":"<!-- This site is optimized with the Yoast SEO plugin v26.5 - https:\/\/yoast.com\/wordpress\/plugins\/seo\/ -->\n<title>Ndryshime n\u00eb regjistrimin  e Organizatave Jofitimprur\u00ebse - AlProfit Consult<\/title>\n<meta name=\"robots\" content=\"index, follow, max-snippet:-1, max-image-preview:large, max-video-preview:-1\" \/>\n<link rel=\"canonical\" href=\"https:\/\/alprofitconsult.al\/it\/registrazione-dellimpresa\/organizatat-jofitimprurese\/ndryshime-ojf\/\" \/>\n<meta property=\"og:locale\" content=\"it_IT\" \/>\n<meta property=\"og:type\" content=\"article\" \/>\n<meta property=\"og:title\" content=\"Ndryshime n\u00eb regjistrimin  e Organizatave Jofitimprur\u00ebse - AlProfit Consult\" \/>\n<meta property=\"og:description\" content=\"Regjistrimet e tjera t\u00eb detyrueshme \u00c7do organizat\u00eb jofitimprur\u00ebse q\u00eb kryen regjistrimin fillestar mbart edhe detyrimin t\u00eb regjistroj\u00eb \u00e7do ndryshim n\u00eb t\u00eb dh\u00ebnat e njoftuara dhe n\u00eb dokumentet shoq\u00ebruese q\u00eb depozitohen n\u00eb regjistrin elektronik, sipas seksionit III t\u00eb kreut II t\u00eb k\u00ebtij ligji. N\u00eb rast ndryshimi t\u00eb aktit t\u00eb themelimit ose statutit, depozitohet edhe teksti i [&hellip;]\" \/>\n<meta property=\"og:url\" content=\"https:\/\/alprofitconsult.al\/it\/registrazione-dellimpresa\/organizatat-jofitimprurese\/ndryshime-ojf\/\" \/>\n<meta property=\"og:site_name\" content=\"AlProfit Consult\" \/>\n<meta property=\"article:publisher\" content=\"https:\/\/www.facebook.com\/AlProfitConsult\/\" \/>\n<meta property=\"article:modified_time\" content=\"2022-10-23T19:54:04+00:00\" \/>\n<meta property=\"og:image\" content=\"https:\/\/alprofitconsult.al\/wp-content\/uploads\/2022\/10\/AlProfit-Consult-Ndryshime-ne-regjistrimni-e-Organizatave-Jofitimprurese.jpg\" \/>\n\t<meta property=\"og:image:width\" content=\"1920\" \/>\n\t<meta property=\"og:image:height\" content=\"1178\" \/>\n\t<meta property=\"og:image:type\" content=\"image\/jpeg\" \/>\n<meta name=\"twitter:card\" content=\"summary_large_image\" \/>\n<meta name=\"twitter:site\" content=\"@AlProfitConsult\" \/>\n<meta name=\"twitter:label1\" content=\"Tempo di lettura stimato\" \/>\n\t<meta name=\"twitter:data1\" content=\"3 minuti\" \/>\n<script type=\"application\/ld+json\" class=\"yoast-schema-graph\">{\"@context\":\"https:\/\/schema.org\",\"@graph\":[{\"@type\":\"WebPage\",\"@id\":\"https:\/\/alprofitconsult.al\/en\/regjistrimi-biznesit\/organizatat-jofitimprurese\/ndryshime-ojf\/\",\"url\":\"https:\/\/alprofitconsult.al\/en\/regjistrimi-biznesit\/organizatat-jofitimprurese\/ndryshime-ojf\/\",\"name\":\"Ndryshime n\u00eb regjistrimin e Organizatave Jofitimprur\u00ebse - AlProfit Consult\",\"isPartOf\":{\"@id\":\"https:\/\/alprofitconsult.al\/#website\"},\"primaryImageOfPage\":{\"@id\":\"https:\/\/alprofitconsult.al\/en\/regjistrimi-biznesit\/organizatat-jofitimprurese\/ndryshime-ojf\/#primaryimage\"},\"image\":{\"@id\":\"https:\/\/alprofitconsult.al\/en\/regjistrimi-biznesit\/organizatat-jofitimprurese\/ndryshime-ojf\/#primaryimage\"},\"thumbnailUrl\":\"https:\/\/alprofitconsult.al\/wp-content\/uploads\/2022\/10\/AlProfit-Consult-Ndryshime-ne-regjistrimni-e-Organizatave-Jofitimprurese.jpg\",\"datePublished\":\"2022-10-22T19:59:34+00:00\",\"dateModified\":\"2022-10-23T19:54:04+00:00\",\"breadcrumb\":{\"@id\":\"https:\/\/alprofitconsult.al\/en\/regjistrimi-biznesit\/organizatat-jofitimprurese\/ndryshime-ojf\/#breadcrumb\"},\"inLanguage\":\"it-IT\",\"potentialAction\":[{\"@type\":\"ReadAction\",\"target\":[\"https:\/\/alprofitconsult.al\/en\/regjistrimi-biznesit\/organizatat-jofitimprurese\/ndryshime-ojf\/\"]}]},{\"@type\":\"ImageObject\",\"inLanguage\":\"it-IT\",\"@id\":\"https:\/\/alprofitconsult.al\/en\/regjistrimi-biznesit\/organizatat-jofitimprurese\/ndryshime-ojf\/#primaryimage\",\"url\":\"https:\/\/alprofitconsult.al\/wp-content\/uploads\/2022\/10\/AlProfit-Consult-Ndryshime-ne-regjistrimni-e-Organizatave-Jofitimprurese.jpg\",\"contentUrl\":\"https:\/\/alprofitconsult.al\/wp-content\/uploads\/2022\/10\/AlProfit-Consult-Ndryshime-ne-regjistrimni-e-Organizatave-Jofitimprurese.jpg\",\"width\":1920,\"height\":1178},{\"@type\":\"BreadcrumbList\",\"@id\":\"https:\/\/alprofitconsult.al\/en\/regjistrimi-biznesit\/organizatat-jofitimprurese\/ndryshime-ojf\/#breadcrumb\",\"itemListElement\":[{\"@type\":\"ListItem\",\"position\":1,\"name\":\"Kryefaqe\",\"item\":\"https:\/\/alprofitconsult.al\/\"},{\"@type\":\"ListItem\",\"position\":2,\"name\":\"Regjistrimi i biznesit\/OJF\",\"item\":\"https:\/\/alprofitconsult.al\/regjistrimi-biznesit\/\"},{\"@type\":\"ListItem\",\"position\":3,\"name\":\"Organizatat Jofitimprur\u00ebse\",\"item\":\"https:\/\/alprofitconsult.al\/regjistrimi-biznesit\/organizatat-jofitimprurese\/\"},{\"@type\":\"ListItem\",\"position\":4,\"name\":\"Ndryshime n\u00eb regjistrimin e Organizatave Jofitimprur\u00ebse\"}]},{\"@type\":\"WebSite\",\"@id\":\"https:\/\/alprofitconsult.al\/#website\",\"url\":\"https:\/\/alprofitconsult.al\/\",\"name\":\"AlProfit Consult\",\"description\":\"Zyr\u00eb Kontabiliteti\",\"publisher\":{\"@id\":\"https:\/\/alprofitconsult.al\/#organization\"},\"potentialAction\":[{\"@type\":\"SearchAction\",\"target\":{\"@type\":\"EntryPoint\",\"urlTemplate\":\"https:\/\/alprofitconsult.al\/?s={search_term_string}\"},\"query-input\":{\"@type\":\"PropertyValueSpecification\",\"valueRequired\":true,\"valueName\":\"search_term_string\"}}],\"inLanguage\":\"it-IT\"},{\"@type\":\"Organization\",\"@id\":\"https:\/\/alprofitconsult.al\/#organization\",\"name\":\"Alprofit Consult\",\"url\":\"https:\/\/alprofitconsult.al\/\",\"logo\":{\"@type\":\"ImageObject\",\"inLanguage\":\"it-IT\",\"@id\":\"https:\/\/alprofitconsult.al\/#\/schema\/logo\/image\/\",\"url\":\"https:\/\/alprofitconsult.al\/wp-content\/uploads\/2022\/10\/logoalprofit.png\",\"contentUrl\":\"https:\/\/alprofitconsult.al\/wp-content\/uploads\/2022\/10\/logoalprofit.png\",\"width\":529,\"height\":156,\"caption\":\"Alprofit Consult\"},\"image\":{\"@id\":\"https:\/\/alprofitconsult.al\/#\/schema\/logo\/image\/\"},\"sameAs\":[\"https:\/\/www.facebook.com\/AlProfitConsult\/\",\"https:\/\/x.com\/AlProfitConsult\",\"https:\/\/www.linkedin.com\/company\/andi-haxhillari\/\",\"https:\/\/www.pinterest.com\/AlProfitConsult\/\",\"https:\/\/www.youtube.com\/channel\/UCZ5Gfntn161Nla3g1XdRldA\",\"https:\/\/sq.wikipedia.org\/wiki\/P\u00ebrdoruesi:Andi25~sqwiki\"]}]}<\/script>\n<!-- \/ Yoast SEO plugin. -->","yoast_head_json":{"title":"Ndryshime n\u00eb regjistrimin  e Organizatave Jofitimprur\u00ebse - AlProfit Consult","robots":{"index":"index","follow":"follow","max-snippet":"max-snippet:-1","max-image-preview":"max-image-preview:large","max-video-preview":"max-video-preview:-1"},"canonical":"https:\/\/alprofitconsult.al\/it\/registrazione-dellimpresa\/organizatat-jofitimprurese\/ndryshime-ojf\/","og_locale":"it_IT","og_type":"article","og_title":"Ndryshime n\u00eb regjistrimin  e Organizatave Jofitimprur\u00ebse - AlProfit Consult","og_description":"Regjistrimet e tjera t\u00eb detyrueshme \u00c7do organizat\u00eb jofitimprur\u00ebse q\u00eb kryen regjistrimin fillestar mbart edhe detyrimin t\u00eb regjistroj\u00eb \u00e7do ndryshim n\u00eb t\u00eb dh\u00ebnat e njoftuara dhe n\u00eb dokumentet shoq\u00ebruese q\u00eb depozitohen n\u00eb regjistrin elektronik, sipas seksionit III t\u00eb kreut II t\u00eb k\u00ebtij ligji. N\u00eb rast ndryshimi t\u00eb aktit t\u00eb themelimit ose statutit, depozitohet edhe teksti i [&hellip;]","og_url":"https:\/\/alprofitconsult.al\/it\/registrazione-dellimpresa\/organizatat-jofitimprurese\/ndryshime-ojf\/","og_site_name":"AlProfit Consult","article_publisher":"https:\/\/www.facebook.com\/AlProfitConsult\/","article_modified_time":"2022-10-23T19:54:04+00:00","og_image":[{"width":1920,"height":1178,"url":"https:\/\/alprofitconsult.al\/wp-content\/uploads\/2022\/10\/AlProfit-Consult-Ndryshime-ne-regjistrimni-e-Organizatave-Jofitimprurese.jpg","type":"image\/jpeg"}],"twitter_card":"summary_large_image","twitter_site":"@AlProfitConsult","twitter_misc":{"Tempo di lettura stimato":"3 minuti"},"schema":{"@context":"https:\/\/schema.org","@graph":[{"@type":"WebPage","@id":"https:\/\/alprofitconsult.al\/en\/regjistrimi-biznesit\/organizatat-jofitimprurese\/ndryshime-ojf\/","url":"https:\/\/alprofitconsult.al\/en\/regjistrimi-biznesit\/organizatat-jofitimprurese\/ndryshime-ojf\/","name":"Ndryshime n\u00eb regjistrimin e Organizatave Jofitimprur\u00ebse - AlProfit Consult","isPartOf":{"@id":"https:\/\/alprofitconsult.al\/#website"},"primaryImageOfPage":{"@id":"https:\/\/alprofitconsult.al\/en\/regjistrimi-biznesit\/organizatat-jofitimprurese\/ndryshime-ojf\/#primaryimage"},"image":{"@id":"https:\/\/alprofitconsult.al\/en\/regjistrimi-biznesit\/organizatat-jofitimprurese\/ndryshime-ojf\/#primaryimage"},"thumbnailUrl":"https:\/\/alprofitconsult.al\/wp-content\/uploads\/2022\/10\/AlProfit-Consult-Ndryshime-ne-regjistrimni-e-Organizatave-Jofitimprurese.jpg","datePublished":"2022-10-22T19:59:34+00:00","dateModified":"2022-10-23T19:54:04+00:00","breadcrumb":{"@id":"https:\/\/alprofitconsult.al\/en\/regjistrimi-biznesit\/organizatat-jofitimprurese\/ndryshime-ojf\/#breadcrumb"},"inLanguage":"it-IT","potentialAction":[{"@type":"ReadAction","target":["https:\/\/alprofitconsult.al\/en\/regjistrimi-biznesit\/organizatat-jofitimprurese\/ndryshime-ojf\/"]}]},{"@type":"ImageObject","inLanguage":"it-IT","@id":"https:\/\/alprofitconsult.al\/en\/regjistrimi-biznesit\/organizatat-jofitimprurese\/ndryshime-ojf\/#primaryimage","url":"https:\/\/alprofitconsult.al\/wp-content\/uploads\/2022\/10\/AlProfit-Consult-Ndryshime-ne-regjistrimni-e-Organizatave-Jofitimprurese.jpg","contentUrl":"https:\/\/alprofitconsult.al\/wp-content\/uploads\/2022\/10\/AlProfit-Consult-Ndryshime-ne-regjistrimni-e-Organizatave-Jofitimprurese.jpg","width":1920,"height":1178},{"@type":"BreadcrumbList","@id":"https:\/\/alprofitconsult.al\/en\/regjistrimi-biznesit\/organizatat-jofitimprurese\/ndryshime-ojf\/#breadcrumb","itemListElement":[{"@type":"ListItem","position":1,"name":"Kryefaqe","item":"https:\/\/alprofitconsult.al\/"},{"@type":"ListItem","position":2,"name":"Regjistrimi i biznesit\/OJF","item":"https:\/\/alprofitconsult.al\/regjistrimi-biznesit\/"},{"@type":"ListItem","position":3,"name":"Organizatat Jofitimprur\u00ebse","item":"https:\/\/alprofitconsult.al\/regjistrimi-biznesit\/organizatat-jofitimprurese\/"},{"@type":"ListItem","position":4,"name":"Ndryshime n\u00eb regjistrimin e Organizatave Jofitimprur\u00ebse"}]},{"@type":"WebSite","@id":"https:\/\/alprofitconsult.al\/#website","url":"https:\/\/alprofitconsult.al\/","name":"AlProfit Consult","description":"Ufficio contabilit\u00e0","publisher":{"@id":"https:\/\/alprofitconsult.al\/#organization"},"potentialAction":[{"@type":"SearchAction","target":{"@type":"EntryPoint","urlTemplate":"https:\/\/alprofitconsult.al\/?s={search_term_string}"},"query-input":{"@type":"PropertyValueSpecification","valueRequired":true,"valueName":"search_term_string"}}],"inLanguage":"it-IT"},{"@type":"Organization","@id":"https:\/\/alprofitconsult.al\/#organization","name":"Alprofit Consult","url":"https:\/\/alprofitconsult.al\/","logo":{"@type":"ImageObject","inLanguage":"it-IT","@id":"https:\/\/alprofitconsult.al\/#\/schema\/logo\/image\/","url":"https:\/\/alprofitconsult.al\/wp-content\/uploads\/2022\/10\/logoalprofit.png","contentUrl":"https:\/\/alprofitconsult.al\/wp-content\/uploads\/2022\/10\/logoalprofit.png","width":529,"height":156,"caption":"Alprofit Consult"},"image":{"@id":"https:\/\/alprofitconsult.al\/#\/schema\/logo\/image\/"},"sameAs":["https:\/\/www.facebook.com\/AlProfitConsult\/","https:\/\/x.com\/AlProfitConsult","https:\/\/www.linkedin.com\/company\/andi-haxhillari\/","https:\/\/www.pinterest.com\/AlProfitConsult\/","https:\/\/www.youtube.com\/channel\/UCZ5Gfntn161Nla3g1XdRldA","https:\/\/sq.wikipedia.org\/wiki\/P\u00ebrdoruesi:Andi25~sqwiki"]}]}},"_links":{"self":[{"href":"https:\/\/alprofitconsult.al\/it\/wp-json\/wp\/v2\/pages\/17279","targetHints":{"allow":["GET"]}}],"collection":[{"href":"https:\/\/alprofitconsult.al\/it\/wp-json\/wp\/v2\/pages"}],"about":[{"href":"https:\/\/alprofitconsult.al\/it\/wp-json\/wp\/v2\/types\/page"}],"author":[{"embeddable":true,"href":"https:\/\/alprofitconsult.al\/it\/wp-json\/wp\/v2\/users\/1"}],"replies":[{"embeddable":true,"href":"https:\/\/alprofitconsult.al\/it\/wp-json\/wp\/v2\/comments?post=17279"}],"version-history":[{"count":5,"href":"https:\/\/alprofitconsult.al\/it\/wp-json\/wp\/v2\/pages\/17279\/revisions"}],"predecessor-version":[{"id":17538,"href":"https:\/\/alprofitconsult.al\/it\/wp-json\/wp\/v2\/pages\/17279\/revisions\/17538"}],"up":[{"embeddable":true,"href":"https:\/\/alprofitconsult.al\/it\/wp-json\/wp\/v2\/pages\/17198"}],"wp:featuredmedia":[{"embeddable":true,"href":"https:\/\/alprofitconsult.al\/it\/wp-json\/wp\/v2\/media\/17487"}],"wp:attachment":[{"href":"https:\/\/alprofitconsult.al\/it\/wp-json\/wp\/v2\/media?parent=17279"}],"curies":[{"name":"wp","href":"https:\/\/api.w.org\/{rel}","templated":true}]}}