{"id":19558,"date":"2024-11-29T20:14:36","date_gmt":"2024-11-29T20:14:36","guid":{"rendered":"https:\/\/alprofitconsult.al\/?page_id=19558"},"modified":"2024-11-30T12:45:00","modified_gmt":"2024-11-30T12:45:00","slug":"tatimpaguesi-i-tatimit-mbi-te-ardhurat-personale","status":"publish","type":"page","link":"https:\/\/alprofitconsult.al\/it\/tatime\/individe\/te-pergjithshme\/tatimpaguesi-i-tatimit-mbi-te-ardhurat-personale\/","title":{"rendered":"Tatimpaguesi i Tatimit mbi t\u00eb Ardhurat Personale"},"content":{"rendered":"<div class=\"yoast-breadcrumbs\"><span><span><a href=\"https:\/\/alprofitconsult.al\/it\/\">Home page<\/a><\/span> | <span><a href=\"https:\/\/alprofitconsult.al\/en\/tatime\/\">Normativa fiscale<\/a><\/span> | <span><a href=\"https:\/\/alprofitconsult.al\/en\/tatime\/individe\/\">Individe<\/a><\/span> | <span><a href=\"https:\/\/alprofitconsult.al\/en\/tatime\/individe\/te-pergjithshme\/\">Informazioni generali<\/a><\/span> | <span class=\"breadcrumb_last\" aria-current=\"page\">Tatimpaguesi i Tatimit mbi t\u00eb Ardhurat Personale<\/span><\/span><\/div>\n\n\n<p><\/p>\n\n\n\n<figure class=\"wp-block-image size-large\"><img loading=\"lazy\" decoding=\"async\" width=\"1024\" height=\"684\" src=\"https:\/\/alprofitconsult.al\/wp-content\/uploads\/2022\/10\/AlProfit-Consult-Te-ardhurat-bruto-per-individin-1-1024x684.jpg\" alt=\"\" class=\"wp-image-16177\" srcset=\"https:\/\/alprofitconsult.al\/wp-content\/uploads\/2022\/10\/AlProfit-Consult-Te-ardhurat-bruto-per-individin-1-1024x684.jpg 1024w, https:\/\/alprofitconsult.al\/wp-content\/uploads\/2022\/10\/AlProfit-Consult-Te-ardhurat-bruto-per-individin-1-300x200.jpg 300w, https:\/\/alprofitconsult.al\/wp-content\/uploads\/2022\/10\/AlProfit-Consult-Te-ardhurat-bruto-per-individin-1-150x100.jpg 150w, https:\/\/alprofitconsult.al\/wp-content\/uploads\/2022\/10\/AlProfit-Consult-Te-ardhurat-bruto-per-individin-1-768x513.jpg 768w, https:\/\/alprofitconsult.al\/wp-content\/uploads\/2022\/10\/AlProfit-Consult-Te-ardhurat-bruto-per-individin-1-1536x1026.jpg 1536w, https:\/\/alprofitconsult.al\/wp-content\/uploads\/2022\/10\/AlProfit-Consult-Te-ardhurat-bruto-per-individin-1.jpg 1920w\" sizes=\"auto, (max-width: 1024px) 100vw, 1024px\" \/><\/figure>\n\n\n\n<h2 class=\"wp-block-heading\">7.1 Kush konsiderohet tatimpagues?<\/h2>\n\n\n\n<p>Tatimpaguesi i tatimit mbi t\u00eb ardhurat personale \u00ebsht\u00eb \u00e7do person fizik q\u00eb p\u00ebrfshin individ\u00ebt, personat fizik\u00eb tregtar\u00eb dhe t\u00eb vet\u00ebpun\u00ebsuarit, t\u00eb cil\u00ebt jan\u00eb t\u00eb detyruar t\u00eb deklarojn\u00eb dhe paguajn\u00eb tatimin mbi t\u00eb ardhurat personale.<\/p>\n\n\n\n<h2 class=\"wp-block-heading\">7.2 \u00c7far\u00eb p\u00ebrfshin tatimi mbi t\u00eb ardhurat personale?<\/h2>\n\n\n\n<p>Tatimi mbi t\u00eb ardhurat personale p\u00ebrfshin:<\/p>\n\n\n\n<ul class=\"wp-block-list\">\n<li>Tatimin mbi t\u00eb ardhurat nga pun\u00ebsimi t\u00eb individ\u00ebve.<\/li>\n\n\n\n<li>Tatimin mbi t\u00eb ardhurat nga biznesi i individ\u00ebve tregtar\u00eb dhe t\u00eb vet\u00ebpun\u00ebsuar.<\/li>\n\n\n\n<li>Tatimin mbi t\u00eb ardhurat nga investimi.<\/li>\n<\/ul>\n\n\n\n<h2 class=\"wp-block-heading\">7.3 Tatimi mbi t\u00eb ardhurat nga dhuratat, trash\u00ebgimia dhe loj\u00ebrat e fatit<\/h2>\n\n\n\n<p>Personat fizik\u00eb jan\u00eb gjithashtu subjekt i tatimit mbi t\u00eb ardhurat nga dhuratat, trash\u00ebgimia dhe loj\u00ebrat e fatit, edhe pse k\u00ebto kategori t\u00eb ardhurash trajtohen ve\u00e7mas n\u00eb kreun VI t\u00eb ligjit.<\/p>\n\n\n<div class=\"gdlr-core-widget-box-shortcode\" style=\"color: #ffffff ;background-color: #000014 ;\"  ><h3 class=\"gdlr-core-widget-box-shortcode-title\" style=\"color: #ffffff ;\"  >Hai qualche domanda?<\/h3><div class=\"gdlr-core-widget-box-shortcode-content\" ><p class=\"translation-block\">Non esitare a <a href=\"https:\/\/alprofitconsult.al\/it\/contact\/\" target=\"_self\">contattarci. Siamo un team di esperti e saremo lieti di parlare con te.<\/p>\n<\/div><\/div>","protected":false},"excerpt":{"rendered":"<p>7.1 Kush konsiderohet tatimpagues? Tatimpaguesi i tatimit mbi t\u00eb ardhurat personale \u00ebsht\u00eb \u00e7do person fizik q\u00eb p\u00ebrfshin individ\u00ebt, personat fizik\u00eb tregtar\u00eb dhe t\u00eb vet\u00ebpun\u00ebsuarit, t\u00eb cil\u00ebt jan\u00eb t\u00eb detyruar t\u00eb deklarojn\u00eb dhe paguajn\u00eb tatimin mbi t\u00eb ardhurat personale. 7.2 \u00c7far\u00eb p\u00ebrfshin tatimi mbi t\u00eb ardhurat personale? Tatimi mbi t\u00eb ardhurat personale p\u00ebrfshin: 7.3 Tatimi mbi [&hellip;]<\/p>\n","protected":false},"author":1,"featured_media":0,"parent":19551,"menu_order":0,"comment_status":"closed","ping_status":"closed","template":"","meta":{"footnotes":""},"class_list":["post-19558","page","type-page","status-publish","hentry"],"yoast_head":"<!-- This site is optimized with the Yoast SEO plugin v26.5 - https:\/\/yoast.com\/wordpress\/plugins\/seo\/ -->\n<title>Tatimpaguesi i Tatimit mbi t\u00eb Ardhurat Personale - AlProfit Consult<\/title>\n<meta name=\"robots\" content=\"index, follow, max-snippet:-1, max-image-preview:large, max-video-preview:-1\" \/>\n<link rel=\"canonical\" href=\"https:\/\/alprofitconsult.al\/it\/tasse\/individe\/te-pergjithshme\/tatimpaguesi-i-tatimit-mbi-te-ardhurat-personale\/\" \/>\n<meta property=\"og:locale\" content=\"it_IT\" \/>\n<meta property=\"og:type\" content=\"article\" \/>\n<meta property=\"og:title\" content=\"Tatimpaguesi i Tatimit mbi t\u00eb Ardhurat Personale - AlProfit Consult\" \/>\n<meta property=\"og:description\" content=\"7.1 Kush konsiderohet tatimpagues? Tatimpaguesi i tatimit mbi t\u00eb ardhurat personale \u00ebsht\u00eb \u00e7do person fizik q\u00eb p\u00ebrfshin individ\u00ebt, personat fizik\u00eb tregtar\u00eb dhe t\u00eb vet\u00ebpun\u00ebsuarit, t\u00eb cil\u00ebt jan\u00eb t\u00eb detyruar t\u00eb deklarojn\u00eb dhe paguajn\u00eb tatimin mbi t\u00eb ardhurat personale. 7.2 \u00c7far\u00eb p\u00ebrfshin tatimi mbi t\u00eb ardhurat personale? Tatimi mbi t\u00eb ardhurat personale p\u00ebrfshin: 7.3 Tatimi mbi [&hellip;]\" \/>\n<meta property=\"og:url\" content=\"https:\/\/alprofitconsult.al\/it\/tasse\/individe\/te-pergjithshme\/tatimpaguesi-i-tatimit-mbi-te-ardhurat-personale\/\" \/>\n<meta property=\"og:site_name\" content=\"AlProfit Consult\" \/>\n<meta property=\"article:publisher\" content=\"https:\/\/www.facebook.com\/AlProfitConsult\/\" \/>\n<meta property=\"article:modified_time\" content=\"2024-11-30T12:45:00+00:00\" \/>\n<meta property=\"og:image\" content=\"https:\/\/alprofitconsult.al\/wp-content\/uploads\/2022\/10\/AlProfit-Consult-Te-ardhurat-bruto-per-individin-1-1024x684.jpg\" \/>\n<meta name=\"twitter:card\" content=\"summary_large_image\" \/>\n<meta name=\"twitter:site\" content=\"@AlProfitConsult\" \/>\n<meta name=\"twitter:label1\" content=\"Tempo di lettura stimato\" \/>\n\t<meta name=\"twitter:data1\" content=\"1 minuto\" \/>\n<script type=\"application\/ld+json\" class=\"yoast-schema-graph\">{\"@context\":\"https:\/\/schema.org\",\"@graph\":[{\"@type\":\"WebPage\",\"@id\":\"https:\/\/alprofitconsult.al\/en\/tatime\/individe\/te-pergjithshme\/tatimpaguesi-i-tatimit-mbi-te-ardhurat-personale\/\",\"url\":\"https:\/\/alprofitconsult.al\/en\/tatime\/individe\/te-pergjithshme\/tatimpaguesi-i-tatimit-mbi-te-ardhurat-personale\/\",\"name\":\"Tatimpaguesi i Tatimit mbi t\u00eb Ardhurat Personale - AlProfit Consult\",\"isPartOf\":{\"@id\":\"https:\/\/alprofitconsult.al\/#website\"},\"primaryImageOfPage\":{\"@id\":\"https:\/\/alprofitconsult.al\/en\/tatime\/individe\/te-pergjithshme\/tatimpaguesi-i-tatimit-mbi-te-ardhurat-personale\/#primaryimage\"},\"image\":{\"@id\":\"https:\/\/alprofitconsult.al\/en\/tatime\/individe\/te-pergjithshme\/tatimpaguesi-i-tatimit-mbi-te-ardhurat-personale\/#primaryimage\"},\"thumbnailUrl\":\"https:\/\/alprofitconsult.al\/wp-content\/uploads\/2022\/10\/AlProfit-Consult-Te-ardhurat-bruto-per-individin-1-1024x684.jpg\",\"datePublished\":\"2024-11-29T20:14:36+00:00\",\"dateModified\":\"2024-11-30T12:45:00+00:00\",\"breadcrumb\":{\"@id\":\"https:\/\/alprofitconsult.al\/en\/tatime\/individe\/te-pergjithshme\/tatimpaguesi-i-tatimit-mbi-te-ardhurat-personale\/#breadcrumb\"},\"inLanguage\":\"it-IT\",\"potentialAction\":[{\"@type\":\"ReadAction\",\"target\":[\"https:\/\/alprofitconsult.al\/en\/tatime\/individe\/te-pergjithshme\/tatimpaguesi-i-tatimit-mbi-te-ardhurat-personale\/\"]}]},{\"@type\":\"ImageObject\",\"inLanguage\":\"it-IT\",\"@id\":\"https:\/\/alprofitconsult.al\/en\/tatime\/individe\/te-pergjithshme\/tatimpaguesi-i-tatimit-mbi-te-ardhurat-personale\/#primaryimage\",\"url\":\"https:\/\/alprofitconsult.al\/wp-content\/uploads\/2022\/10\/AlProfit-Consult-Te-ardhurat-bruto-per-individin-1-1024x684.jpg\",\"contentUrl\":\"https:\/\/alprofitconsult.al\/wp-content\/uploads\/2022\/10\/AlProfit-Consult-Te-ardhurat-bruto-per-individin-1-1024x684.jpg\"},{\"@type\":\"BreadcrumbList\",\"@id\":\"https:\/\/alprofitconsult.al\/en\/tatime\/individe\/te-pergjithshme\/tatimpaguesi-i-tatimit-mbi-te-ardhurat-personale\/#breadcrumb\",\"itemListElement\":[{\"@type\":\"ListItem\",\"position\":1,\"name\":\"Kryefaqe\",\"item\":\"https:\/\/alprofitconsult.al\/\"},{\"@type\":\"ListItem\",\"position\":2,\"name\":\"Legjislacioni tatimor\",\"item\":\"https:\/\/alprofitconsult.al\/en\/tatime\/\"},{\"@type\":\"ListItem\",\"position\":3,\"name\":\"Individe\",\"item\":\"https:\/\/alprofitconsult.al\/en\/tatime\/individe\/\"},{\"@type\":\"ListItem\",\"position\":4,\"name\":\"T\u00eb p\u00ebrgjithshme\",\"item\":\"https:\/\/alprofitconsult.al\/en\/tatime\/individe\/te-pergjithshme\/\"},{\"@type\":\"ListItem\",\"position\":5,\"name\":\"Tatimpaguesi i Tatimit mbi t\u00eb Ardhurat Personale\"}]},{\"@type\":\"WebSite\",\"@id\":\"https:\/\/alprofitconsult.al\/#website\",\"url\":\"https:\/\/alprofitconsult.al\/\",\"name\":\"AlProfit Consult\",\"description\":\"Zyr\u00eb Kontabiliteti\",\"publisher\":{\"@id\":\"https:\/\/alprofitconsult.al\/#organization\"},\"potentialAction\":[{\"@type\":\"SearchAction\",\"target\":{\"@type\":\"EntryPoint\",\"urlTemplate\":\"https:\/\/alprofitconsult.al\/?s={search_term_string}\"},\"query-input\":{\"@type\":\"PropertyValueSpecification\",\"valueRequired\":true,\"valueName\":\"search_term_string\"}}],\"inLanguage\":\"it-IT\"},{\"@type\":\"Organization\",\"@id\":\"https:\/\/alprofitconsult.al\/#organization\",\"name\":\"Alprofit Consult\",\"url\":\"https:\/\/alprofitconsult.al\/\",\"logo\":{\"@type\":\"ImageObject\",\"inLanguage\":\"it-IT\",\"@id\":\"https:\/\/alprofitconsult.al\/#\/schema\/logo\/image\/\",\"url\":\"https:\/\/alprofitconsult.al\/wp-content\/uploads\/2022\/10\/logoalprofit.png\",\"contentUrl\":\"https:\/\/alprofitconsult.al\/wp-content\/uploads\/2022\/10\/logoalprofit.png\",\"width\":529,\"height\":156,\"caption\":\"Alprofit Consult\"},\"image\":{\"@id\":\"https:\/\/alprofitconsult.al\/#\/schema\/logo\/image\/\"},\"sameAs\":[\"https:\/\/www.facebook.com\/AlProfitConsult\/\",\"https:\/\/x.com\/AlProfitConsult\",\"https:\/\/www.linkedin.com\/company\/andi-haxhillari\/\",\"https:\/\/www.pinterest.com\/AlProfitConsult\/\",\"https:\/\/www.youtube.com\/channel\/UCZ5Gfntn161Nla3g1XdRldA\",\"https:\/\/sq.wikipedia.org\/wiki\/P\u00ebrdoruesi:Andi25~sqwiki\"]}]}<\/script>\n<!-- \/ Yoast SEO plugin. -->","yoast_head_json":{"title":"Tatimpaguesi i Tatimit mbi t\u00eb Ardhurat Personale - AlProfit Consult","robots":{"index":"index","follow":"follow","max-snippet":"max-snippet:-1","max-image-preview":"max-image-preview:large","max-video-preview":"max-video-preview:-1"},"canonical":"https:\/\/alprofitconsult.al\/it\/tasse\/individe\/te-pergjithshme\/tatimpaguesi-i-tatimit-mbi-te-ardhurat-personale\/","og_locale":"it_IT","og_type":"article","og_title":"Tatimpaguesi i Tatimit mbi t\u00eb Ardhurat Personale - AlProfit Consult","og_description":"7.1 Kush konsiderohet tatimpagues? Tatimpaguesi i tatimit mbi t\u00eb ardhurat personale \u00ebsht\u00eb \u00e7do person fizik q\u00eb p\u00ebrfshin individ\u00ebt, personat fizik\u00eb tregtar\u00eb dhe t\u00eb vet\u00ebpun\u00ebsuarit, t\u00eb cil\u00ebt jan\u00eb t\u00eb detyruar t\u00eb deklarojn\u00eb dhe paguajn\u00eb tatimin mbi t\u00eb ardhurat personale. 7.2 \u00c7far\u00eb p\u00ebrfshin tatimi mbi t\u00eb ardhurat personale? Tatimi mbi t\u00eb ardhurat personale p\u00ebrfshin: 7.3 Tatimi mbi [&hellip;]","og_url":"https:\/\/alprofitconsult.al\/it\/tasse\/individe\/te-pergjithshme\/tatimpaguesi-i-tatimit-mbi-te-ardhurat-personale\/","og_site_name":"AlProfit Consult","article_publisher":"https:\/\/www.facebook.com\/AlProfitConsult\/","article_modified_time":"2024-11-30T12:45:00+00:00","og_image":[{"url":"https:\/\/alprofitconsult.al\/wp-content\/uploads\/2022\/10\/AlProfit-Consult-Te-ardhurat-bruto-per-individin-1-1024x684.jpg","type":"","width":"","height":""}],"twitter_card":"summary_large_image","twitter_site":"@AlProfitConsult","twitter_misc":{"Tempo di lettura stimato":"1 minuto"},"schema":{"@context":"https:\/\/schema.org","@graph":[{"@type":"WebPage","@id":"https:\/\/alprofitconsult.al\/en\/tatime\/individe\/te-pergjithshme\/tatimpaguesi-i-tatimit-mbi-te-ardhurat-personale\/","url":"https:\/\/alprofitconsult.al\/en\/tatime\/individe\/te-pergjithshme\/tatimpaguesi-i-tatimit-mbi-te-ardhurat-personale\/","name":"Tatimpaguesi i Tatimit mbi t\u00eb Ardhurat Personale - AlProfit Consult","isPartOf":{"@id":"https:\/\/alprofitconsult.al\/#website"},"primaryImageOfPage":{"@id":"https:\/\/alprofitconsult.al\/en\/tatime\/individe\/te-pergjithshme\/tatimpaguesi-i-tatimit-mbi-te-ardhurat-personale\/#primaryimage"},"image":{"@id":"https:\/\/alprofitconsult.al\/en\/tatime\/individe\/te-pergjithshme\/tatimpaguesi-i-tatimit-mbi-te-ardhurat-personale\/#primaryimage"},"thumbnailUrl":"https:\/\/alprofitconsult.al\/wp-content\/uploads\/2022\/10\/AlProfit-Consult-Te-ardhurat-bruto-per-individin-1-1024x684.jpg","datePublished":"2024-11-29T20:14:36+00:00","dateModified":"2024-11-30T12:45:00+00:00","breadcrumb":{"@id":"https:\/\/alprofitconsult.al\/en\/tatime\/individe\/te-pergjithshme\/tatimpaguesi-i-tatimit-mbi-te-ardhurat-personale\/#breadcrumb"},"inLanguage":"it-IT","potentialAction":[{"@type":"ReadAction","target":["https:\/\/alprofitconsult.al\/en\/tatime\/individe\/te-pergjithshme\/tatimpaguesi-i-tatimit-mbi-te-ardhurat-personale\/"]}]},{"@type":"ImageObject","inLanguage":"it-IT","@id":"https:\/\/alprofitconsult.al\/en\/tatime\/individe\/te-pergjithshme\/tatimpaguesi-i-tatimit-mbi-te-ardhurat-personale\/#primaryimage","url":"https:\/\/alprofitconsult.al\/wp-content\/uploads\/2022\/10\/AlProfit-Consult-Te-ardhurat-bruto-per-individin-1-1024x684.jpg","contentUrl":"https:\/\/alprofitconsult.al\/wp-content\/uploads\/2022\/10\/AlProfit-Consult-Te-ardhurat-bruto-per-individin-1-1024x684.jpg"},{"@type":"BreadcrumbList","@id":"https:\/\/alprofitconsult.al\/en\/tatime\/individe\/te-pergjithshme\/tatimpaguesi-i-tatimit-mbi-te-ardhurat-personale\/#breadcrumb","itemListElement":[{"@type":"ListItem","position":1,"name":"Kryefaqe","item":"https:\/\/alprofitconsult.al\/"},{"@type":"ListItem","position":2,"name":"Legjislacioni tatimor","item":"https:\/\/alprofitconsult.al\/en\/tatime\/"},{"@type":"ListItem","position":3,"name":"Individe","item":"https:\/\/alprofitconsult.al\/en\/tatime\/individe\/"},{"@type":"ListItem","position":4,"name":"T\u00eb p\u00ebrgjithshme","item":"https:\/\/alprofitconsult.al\/en\/tatime\/individe\/te-pergjithshme\/"},{"@type":"ListItem","position":5,"name":"Tatimpaguesi i Tatimit mbi t\u00eb Ardhurat Personale"}]},{"@type":"WebSite","@id":"https:\/\/alprofitconsult.al\/#website","url":"https:\/\/alprofitconsult.al\/","name":"AlProfit Consult","description":"Ufficio contabilit\u00e0","publisher":{"@id":"https:\/\/alprofitconsult.al\/#organization"},"potentialAction":[{"@type":"SearchAction","target":{"@type":"EntryPoint","urlTemplate":"https:\/\/alprofitconsult.al\/?s={search_term_string}"},"query-input":{"@type":"PropertyValueSpecification","valueRequired":true,"valueName":"search_term_string"}}],"inLanguage":"it-IT"},{"@type":"Organization","@id":"https:\/\/alprofitconsult.al\/#organization","name":"Alprofit Consult","url":"https:\/\/alprofitconsult.al\/","logo":{"@type":"ImageObject","inLanguage":"it-IT","@id":"https:\/\/alprofitconsult.al\/#\/schema\/logo\/image\/","url":"https:\/\/alprofitconsult.al\/wp-content\/uploads\/2022\/10\/logoalprofit.png","contentUrl":"https:\/\/alprofitconsult.al\/wp-content\/uploads\/2022\/10\/logoalprofit.png","width":529,"height":156,"caption":"Alprofit Consult"},"image":{"@id":"https:\/\/alprofitconsult.al\/#\/schema\/logo\/image\/"},"sameAs":["https:\/\/www.facebook.com\/AlProfitConsult\/","https:\/\/x.com\/AlProfitConsult","https:\/\/www.linkedin.com\/company\/andi-haxhillari\/","https:\/\/www.pinterest.com\/AlProfitConsult\/","https:\/\/www.youtube.com\/channel\/UCZ5Gfntn161Nla3g1XdRldA","https:\/\/sq.wikipedia.org\/wiki\/P\u00ebrdoruesi:Andi25~sqwiki"]}]}},"_links":{"self":[{"href":"https:\/\/alprofitconsult.al\/it\/wp-json\/wp\/v2\/pages\/19558","targetHints":{"allow":["GET"]}}],"collection":[{"href":"https:\/\/alprofitconsult.al\/it\/wp-json\/wp\/v2\/pages"}],"about":[{"href":"https:\/\/alprofitconsult.al\/it\/wp-json\/wp\/v2\/types\/page"}],"author":[{"embeddable":true,"href":"https:\/\/alprofitconsult.al\/it\/wp-json\/wp\/v2\/users\/1"}],"replies":[{"embeddable":true,"href":"https:\/\/alprofitconsult.al\/it\/wp-json\/wp\/v2\/comments?post=19558"}],"version-history":[{"count":5,"href":"https:\/\/alprofitconsult.al\/it\/wp-json\/wp\/v2\/pages\/19558\/revisions"}],"predecessor-version":[{"id":19893,"href":"https:\/\/alprofitconsult.al\/it\/wp-json\/wp\/v2\/pages\/19558\/revisions\/19893"}],"up":[{"embeddable":true,"href":"https:\/\/alprofitconsult.al\/it\/wp-json\/wp\/v2\/pages\/19551"}],"wp:attachment":[{"href":"https:\/\/alprofitconsult.al\/it\/wp-json\/wp\/v2\/media?parent=19558"}],"curies":[{"name":"wp","href":"https:\/\/api.w.org\/{rel}","templated":true}]}}