{"id":19567,"date":"2024-11-29T20:19:46","date_gmt":"2024-11-29T20:19:46","guid":{"rendered":"https:\/\/alprofitconsult.al\/?page_id=19567"},"modified":"2024-11-30T00:18:53","modified_gmt":"2024-11-30T00:18:53","slug":"dokumentacioni","status":"publish","type":"page","link":"https:\/\/alprofitconsult.al\/it\/tatime\/individe\/te-pergjithshme\/dokumentacioni\/","title":{"rendered":"Dokumentacioni"},"content":{"rendered":"<div class=\"yoast-breadcrumbs\"><span><span><a href=\"https:\/\/alprofitconsult.al\/it\/\">Home page<\/a><\/span> | <span><a href=\"https:\/\/alprofitconsult.al\/en\/tatime\/\">Normativa fiscale<\/a><\/span> | <span><a href=\"https:\/\/alprofitconsult.al\/en\/tatime\/individe\/\">Individe<\/a><\/span> | <span><a href=\"https:\/\/alprofitconsult.al\/en\/tatime\/individe\/te-pergjithshme\/\">Informazioni generali<\/a><\/span> | <span class=\"breadcrumb_last\" aria-current=\"page\">Dokumentacioni<\/span><\/span><\/div>\n\n\n<p><\/p>\n\n\n\n<figure class=\"wp-block-image size-full\"><img loading=\"lazy\" decoding=\"async\" width=\"1920\" height=\"1280\" src=\"https:\/\/alprofitconsult.al\/wp-content\/uploads\/2024\/11\/Dokumentacioni-Tatime-Individet-Alprofit-Consult.jpg\" alt=\"\" class=\"wp-image-19741\" srcset=\"https:\/\/alprofitconsult.al\/wp-content\/uploads\/2024\/11\/Dokumentacioni-Tatime-Individet-Alprofit-Consult.jpg 1920w, https:\/\/alprofitconsult.al\/wp-content\/uploads\/2024\/11\/Dokumentacioni-Tatime-Individet-Alprofit-Consult-768x512.jpg 768w, https:\/\/alprofitconsult.al\/wp-content\/uploads\/2024\/11\/Dokumentacioni-Tatime-Individet-Alprofit-Consult-1536x1024.jpg 1536w\" sizes=\"auto, (max-width: 1920px) 100vw, 1920px\" \/><\/figure>\n\n\n\n<h2 class=\"wp-block-heading\">9.1 Mbajtja e dokumentacionit dhe t\u00eb dh\u00ebnave<\/h2>\n\n\n\n<p>Tatimpaguesit e tatimit mbi t\u00eb ardhurat personale duhet t\u00eb mbajn\u00eb dokumentacion dhe t\u00eb dh\u00ebna sipas k\u00ebrkesave t\u00eb ligjit p\u00ebr tatimin mbi t\u00eb ardhurat personale dhe legjislacionin e kontabilitetit.<\/p>\n\n\n\n<h2 class=\"wp-block-heading\">9.2 Justifikimi i t\u00eb ardhurave t\u00eb deklaruara<\/h2>\n\n\n\n<p>Tatimpaguesit duhet t\u00eb justifikojn\u00eb \u00e7do t\u00eb ardhur t\u00eb deklaruar me dokumentacionin p\u00ebrkat\u00ebs.<\/p>\n\n\n\n<h2 class=\"wp-block-heading\">9.3 Regjistrimi i veprimtarive t\u00eb biznesit<\/h2>\n\n\n\n<p>Personat fizik\u00eb tregtar\u00eb dhe t\u00eb vet\u00ebpun\u00ebsuar duhet t\u00eb mbajn\u00eb dhe tregojn\u00eb regjistrimet n\u00eb lidhje me veprimtarin\u00eb e tyre, p\u00ebrfshir\u00eb regjistrimet e shitjeve dhe blerjeve n\u00eb sistemin e fiskalizimit.<\/p>\n\n\n\n<h2 class=\"wp-block-heading\">9.4 Dokumentacioni p\u00ebr t\u00eb ardhurat nga pun\u00ebsimi<\/h2>\n\n\n\n<p>Individ\u00ebt q\u00eb deklarojn\u00eb t\u00eb ardhurat nga pun\u00ebsimi duhet t\u00eb disponojn\u00eb kontrat\u00ebn e pun\u00ebs, dokumentacionin e pagesave dhe \u00e7do dokument ligjor q\u00eb v\u00ebrteton shpenzimet p\u00ebr t\u00eb cilat do t\u00eb pretendohet zbritja nga baza tatimore.<\/p>\n\n\n\n<h2 class=\"wp-block-heading\">9.5 Kreditimi i tatimit t\u00eb huaj<\/h2>\n\n\n\n<p>Tatimpaguesit q\u00eb pretendojn\u00eb kreditimin e tatimit t\u00eb huaj duhet t\u00eb disponojn\u00eb dokumentet q\u00eb v\u00ebrtetojn\u00eb pages\u00ebn e tatimeve n\u00eb at\u00eb vend.<\/p>\n\n\n<div class=\"gdlr-core-widget-box-shortcode\" style=\"color: #ffffff ;background-color: #000014 ;\"  ><h3 class=\"gdlr-core-widget-box-shortcode-title\" style=\"color: #ffffff ;\"  >Hai qualche domanda?<\/h3><div class=\"gdlr-core-widget-box-shortcode-content\" ><p class=\"translation-block\">Non esitare a <a href=\"https:\/\/alprofitconsult.al\/it\/contact\/\" target=\"_self\">contattarci. Siamo un team di esperti e saremo lieti di parlare con te.<\/p>\n<\/div><\/div>","protected":false},"excerpt":{"rendered":"<p>9.1 Mbajtja e dokumentacionit dhe t\u00eb dh\u00ebnave Tatimpaguesit e tatimit mbi t\u00eb ardhurat personale duhet t\u00eb mbajn\u00eb dokumentacion dhe t\u00eb dh\u00ebna sipas k\u00ebrkesave t\u00eb ligjit p\u00ebr tatimin mbi t\u00eb ardhurat personale dhe legjislacionin e kontabilitetit. 9.2 Justifikimi i t\u00eb ardhurave t\u00eb deklaruara Tatimpaguesit duhet t\u00eb justifikojn\u00eb \u00e7do t\u00eb ardhur t\u00eb deklaruar me dokumentacionin p\u00ebrkat\u00ebs. 9.3 [&hellip;]<\/p>\n","protected":false},"author":1,"featured_media":0,"parent":19551,"menu_order":0,"comment_status":"closed","ping_status":"closed","template":"","meta":{"footnotes":""},"class_list":["post-19567","page","type-page","status-publish","hentry"],"yoast_head":"<!-- This site is optimized with the Yoast SEO plugin v26.5 - https:\/\/yoast.com\/wordpress\/plugins\/seo\/ -->\n<title>Dokumentacioni - AlProfit Consult<\/title>\n<meta name=\"robots\" content=\"index, follow, max-snippet:-1, max-image-preview:large, max-video-preview:-1\" \/>\n<link rel=\"canonical\" href=\"https:\/\/alprofitconsult.al\/it\/tasse\/individe\/te-pergjithshme\/dokumentacioni\/\" \/>\n<meta property=\"og:locale\" content=\"it_IT\" \/>\n<meta property=\"og:type\" content=\"article\" \/>\n<meta property=\"og:title\" content=\"Dokumentacioni - AlProfit Consult\" \/>\n<meta property=\"og:description\" content=\"9.1 Mbajtja e dokumentacionit dhe t\u00eb dh\u00ebnave Tatimpaguesit e tatimit mbi t\u00eb ardhurat personale duhet t\u00eb mbajn\u00eb dokumentacion dhe t\u00eb dh\u00ebna sipas k\u00ebrkesave t\u00eb ligjit p\u00ebr tatimin mbi t\u00eb ardhurat personale dhe legjislacionin e kontabilitetit. 9.2 Justifikimi i t\u00eb ardhurave t\u00eb deklaruara Tatimpaguesit duhet t\u00eb justifikojn\u00eb \u00e7do t\u00eb ardhur t\u00eb deklaruar me dokumentacionin p\u00ebrkat\u00ebs. 9.3 [&hellip;]\" \/>\n<meta property=\"og:url\" content=\"https:\/\/alprofitconsult.al\/it\/tasse\/individe\/te-pergjithshme\/dokumentacioni\/\" \/>\n<meta property=\"og:site_name\" content=\"AlProfit Consult\" \/>\n<meta property=\"article:publisher\" content=\"https:\/\/www.facebook.com\/AlProfitConsult\/\" \/>\n<meta property=\"article:modified_time\" content=\"2024-11-30T00:18:53+00:00\" \/>\n<meta property=\"og:image\" content=\"https:\/\/alprofitconsult.al\/wp-content\/uploads\/2024\/11\/Dokumentacioni-Tatime-Individet-Alprofit-Consult.jpg\" \/>\n<meta name=\"twitter:card\" content=\"summary_large_image\" \/>\n<meta name=\"twitter:site\" content=\"@AlProfitConsult\" \/>\n<meta name=\"twitter:label1\" content=\"Tempo di lettura stimato\" \/>\n\t<meta name=\"twitter:data1\" content=\"1 minuto\" \/>\n<script type=\"application\/ld+json\" class=\"yoast-schema-graph\">{\"@context\":\"https:\/\/schema.org\",\"@graph\":[{\"@type\":\"WebPage\",\"@id\":\"https:\/\/alprofitconsult.al\/en\/tatime\/individe\/te-pergjithshme\/dokumentacioni\/\",\"url\":\"https:\/\/alprofitconsult.al\/en\/tatime\/individe\/te-pergjithshme\/dokumentacioni\/\",\"name\":\"Dokumentacioni - AlProfit Consult\",\"isPartOf\":{\"@id\":\"https:\/\/alprofitconsult.al\/#website\"},\"primaryImageOfPage\":{\"@id\":\"https:\/\/alprofitconsult.al\/en\/tatime\/individe\/te-pergjithshme\/dokumentacioni\/#primaryimage\"},\"image\":{\"@id\":\"https:\/\/alprofitconsult.al\/en\/tatime\/individe\/te-pergjithshme\/dokumentacioni\/#primaryimage\"},\"thumbnailUrl\":\"https:\/\/alprofitconsult.al\/wp-content\/uploads\/2024\/11\/Dokumentacioni-Tatime-Individet-Alprofit-Consult.jpg\",\"datePublished\":\"2024-11-29T20:19:46+00:00\",\"dateModified\":\"2024-11-30T00:18:53+00:00\",\"breadcrumb\":{\"@id\":\"https:\/\/alprofitconsult.al\/en\/tatime\/individe\/te-pergjithshme\/dokumentacioni\/#breadcrumb\"},\"inLanguage\":\"it-IT\",\"potentialAction\":[{\"@type\":\"ReadAction\",\"target\":[\"https:\/\/alprofitconsult.al\/en\/tatime\/individe\/te-pergjithshme\/dokumentacioni\/\"]}]},{\"@type\":\"ImageObject\",\"inLanguage\":\"it-IT\",\"@id\":\"https:\/\/alprofitconsult.al\/en\/tatime\/individe\/te-pergjithshme\/dokumentacioni\/#primaryimage\",\"url\":\"https:\/\/alprofitconsult.al\/wp-content\/uploads\/2024\/11\/Dokumentacioni-Tatime-Individet-Alprofit-Consult.jpg\",\"contentUrl\":\"https:\/\/alprofitconsult.al\/wp-content\/uploads\/2024\/11\/Dokumentacioni-Tatime-Individet-Alprofit-Consult.jpg\"},{\"@type\":\"BreadcrumbList\",\"@id\":\"https:\/\/alprofitconsult.al\/en\/tatime\/individe\/te-pergjithshme\/dokumentacioni\/#breadcrumb\",\"itemListElement\":[{\"@type\":\"ListItem\",\"position\":1,\"name\":\"Kryefaqe\",\"item\":\"https:\/\/alprofitconsult.al\/\"},{\"@type\":\"ListItem\",\"position\":2,\"name\":\"Legjislacioni tatimor\",\"item\":\"https:\/\/alprofitconsult.al\/en\/tatime\/\"},{\"@type\":\"ListItem\",\"position\":3,\"name\":\"Individe\",\"item\":\"https:\/\/alprofitconsult.al\/en\/tatime\/individe\/\"},{\"@type\":\"ListItem\",\"position\":4,\"name\":\"T\u00eb p\u00ebrgjithshme\",\"item\":\"https:\/\/alprofitconsult.al\/en\/tatime\/individe\/te-pergjithshme\/\"},{\"@type\":\"ListItem\",\"position\":5,\"name\":\"Dokumentacioni\"}]},{\"@type\":\"WebSite\",\"@id\":\"https:\/\/alprofitconsult.al\/#website\",\"url\":\"https:\/\/alprofitconsult.al\/\",\"name\":\"AlProfit Consult\",\"description\":\"Zyr\u00eb Kontabiliteti\",\"publisher\":{\"@id\":\"https:\/\/alprofitconsult.al\/#organization\"},\"potentialAction\":[{\"@type\":\"SearchAction\",\"target\":{\"@type\":\"EntryPoint\",\"urlTemplate\":\"https:\/\/alprofitconsult.al\/?s={search_term_string}\"},\"query-input\":{\"@type\":\"PropertyValueSpecification\",\"valueRequired\":true,\"valueName\":\"search_term_string\"}}],\"inLanguage\":\"it-IT\"},{\"@type\":\"Organization\",\"@id\":\"https:\/\/alprofitconsult.al\/#organization\",\"name\":\"Alprofit Consult\",\"url\":\"https:\/\/alprofitconsult.al\/\",\"logo\":{\"@type\":\"ImageObject\",\"inLanguage\":\"it-IT\",\"@id\":\"https:\/\/alprofitconsult.al\/#\/schema\/logo\/image\/\",\"url\":\"https:\/\/alprofitconsult.al\/wp-content\/uploads\/2022\/10\/logoalprofit.png\",\"contentUrl\":\"https:\/\/alprofitconsult.al\/wp-content\/uploads\/2022\/10\/logoalprofit.png\",\"width\":529,\"height\":156,\"caption\":\"Alprofit Consult\"},\"image\":{\"@id\":\"https:\/\/alprofitconsult.al\/#\/schema\/logo\/image\/\"},\"sameAs\":[\"https:\/\/www.facebook.com\/AlProfitConsult\/\",\"https:\/\/x.com\/AlProfitConsult\",\"https:\/\/www.linkedin.com\/company\/andi-haxhillari\/\",\"https:\/\/www.pinterest.com\/AlProfitConsult\/\",\"https:\/\/www.youtube.com\/channel\/UCZ5Gfntn161Nla3g1XdRldA\",\"https:\/\/sq.wikipedia.org\/wiki\/P\u00ebrdoruesi:Andi25~sqwiki\"]}]}<\/script>\n<!-- \/ Yoast SEO plugin. -->","yoast_head_json":{"title":"Dokumentacioni - AlProfit Consult","robots":{"index":"index","follow":"follow","max-snippet":"max-snippet:-1","max-image-preview":"max-image-preview:large","max-video-preview":"max-video-preview:-1"},"canonical":"https:\/\/alprofitconsult.al\/it\/tasse\/individe\/te-pergjithshme\/dokumentacioni\/","og_locale":"it_IT","og_type":"article","og_title":"Dokumentacioni - AlProfit Consult","og_description":"9.1 Mbajtja e dokumentacionit dhe t\u00eb dh\u00ebnave Tatimpaguesit e tatimit mbi t\u00eb ardhurat personale duhet t\u00eb mbajn\u00eb dokumentacion dhe t\u00eb dh\u00ebna sipas k\u00ebrkesave t\u00eb ligjit p\u00ebr tatimin mbi t\u00eb ardhurat personale dhe legjislacionin e kontabilitetit. 9.2 Justifikimi i t\u00eb ardhurave t\u00eb deklaruara Tatimpaguesit duhet t\u00eb justifikojn\u00eb \u00e7do t\u00eb ardhur t\u00eb deklaruar me dokumentacionin p\u00ebrkat\u00ebs. 9.3 [&hellip;]","og_url":"https:\/\/alprofitconsult.al\/it\/tasse\/individe\/te-pergjithshme\/dokumentacioni\/","og_site_name":"AlProfit Consult","article_publisher":"https:\/\/www.facebook.com\/AlProfitConsult\/","article_modified_time":"2024-11-30T00:18:53+00:00","og_image":[{"url":"https:\/\/alprofitconsult.al\/wp-content\/uploads\/2024\/11\/Dokumentacioni-Tatime-Individet-Alprofit-Consult.jpg","type":"","width":"","height":""}],"twitter_card":"summary_large_image","twitter_site":"@AlProfitConsult","twitter_misc":{"Tempo di lettura stimato":"1 minuto"},"schema":{"@context":"https:\/\/schema.org","@graph":[{"@type":"WebPage","@id":"https:\/\/alprofitconsult.al\/en\/tatime\/individe\/te-pergjithshme\/dokumentacioni\/","url":"https:\/\/alprofitconsult.al\/en\/tatime\/individe\/te-pergjithshme\/dokumentacioni\/","name":"Dokumentacioni - AlProfit Consult","isPartOf":{"@id":"https:\/\/alprofitconsult.al\/#website"},"primaryImageOfPage":{"@id":"https:\/\/alprofitconsult.al\/en\/tatime\/individe\/te-pergjithshme\/dokumentacioni\/#primaryimage"},"image":{"@id":"https:\/\/alprofitconsult.al\/en\/tatime\/individe\/te-pergjithshme\/dokumentacioni\/#primaryimage"},"thumbnailUrl":"https:\/\/alprofitconsult.al\/wp-content\/uploads\/2024\/11\/Dokumentacioni-Tatime-Individet-Alprofit-Consult.jpg","datePublished":"2024-11-29T20:19:46+00:00","dateModified":"2024-11-30T00:18:53+00:00","breadcrumb":{"@id":"https:\/\/alprofitconsult.al\/en\/tatime\/individe\/te-pergjithshme\/dokumentacioni\/#breadcrumb"},"inLanguage":"it-IT","potentialAction":[{"@type":"ReadAction","target":["https:\/\/alprofitconsult.al\/en\/tatime\/individe\/te-pergjithshme\/dokumentacioni\/"]}]},{"@type":"ImageObject","inLanguage":"it-IT","@id":"https:\/\/alprofitconsult.al\/en\/tatime\/individe\/te-pergjithshme\/dokumentacioni\/#primaryimage","url":"https:\/\/alprofitconsult.al\/wp-content\/uploads\/2024\/11\/Dokumentacioni-Tatime-Individet-Alprofit-Consult.jpg","contentUrl":"https:\/\/alprofitconsult.al\/wp-content\/uploads\/2024\/11\/Dokumentacioni-Tatime-Individet-Alprofit-Consult.jpg"},{"@type":"BreadcrumbList","@id":"https:\/\/alprofitconsult.al\/en\/tatime\/individe\/te-pergjithshme\/dokumentacioni\/#breadcrumb","itemListElement":[{"@type":"ListItem","position":1,"name":"Kryefaqe","item":"https:\/\/alprofitconsult.al\/"},{"@type":"ListItem","position":2,"name":"Legjislacioni tatimor","item":"https:\/\/alprofitconsult.al\/en\/tatime\/"},{"@type":"ListItem","position":3,"name":"Individe","item":"https:\/\/alprofitconsult.al\/en\/tatime\/individe\/"},{"@type":"ListItem","position":4,"name":"T\u00eb p\u00ebrgjithshme","item":"https:\/\/alprofitconsult.al\/en\/tatime\/individe\/te-pergjithshme\/"},{"@type":"ListItem","position":5,"name":"Dokumentacioni"}]},{"@type":"WebSite","@id":"https:\/\/alprofitconsult.al\/#website","url":"https:\/\/alprofitconsult.al\/","name":"AlProfit Consult","description":"Ufficio contabilit\u00e0","publisher":{"@id":"https:\/\/alprofitconsult.al\/#organization"},"potentialAction":[{"@type":"SearchAction","target":{"@type":"EntryPoint","urlTemplate":"https:\/\/alprofitconsult.al\/?s={search_term_string}"},"query-input":{"@type":"PropertyValueSpecification","valueRequired":true,"valueName":"search_term_string"}}],"inLanguage":"it-IT"},{"@type":"Organization","@id":"https:\/\/alprofitconsult.al\/#organization","name":"Alprofit Consult","url":"https:\/\/alprofitconsult.al\/","logo":{"@type":"ImageObject","inLanguage":"it-IT","@id":"https:\/\/alprofitconsult.al\/#\/schema\/logo\/image\/","url":"https:\/\/alprofitconsult.al\/wp-content\/uploads\/2022\/10\/logoalprofit.png","contentUrl":"https:\/\/alprofitconsult.al\/wp-content\/uploads\/2022\/10\/logoalprofit.png","width":529,"height":156,"caption":"Alprofit Consult"},"image":{"@id":"https:\/\/alprofitconsult.al\/#\/schema\/logo\/image\/"},"sameAs":["https:\/\/www.facebook.com\/AlProfitConsult\/","https:\/\/x.com\/AlProfitConsult","https:\/\/www.linkedin.com\/company\/andi-haxhillari\/","https:\/\/www.pinterest.com\/AlProfitConsult\/","https:\/\/www.youtube.com\/channel\/UCZ5Gfntn161Nla3g1XdRldA","https:\/\/sq.wikipedia.org\/wiki\/P\u00ebrdoruesi:Andi25~sqwiki"]}]}},"_links":{"self":[{"href":"https:\/\/alprofitconsult.al\/it\/wp-json\/wp\/v2\/pages\/19567","targetHints":{"allow":["GET"]}}],"collection":[{"href":"https:\/\/alprofitconsult.al\/it\/wp-json\/wp\/v2\/pages"}],"about":[{"href":"https:\/\/alprofitconsult.al\/it\/wp-json\/wp\/v2\/types\/page"}],"author":[{"embeddable":true,"href":"https:\/\/alprofitconsult.al\/it\/wp-json\/wp\/v2\/users\/1"}],"replies":[{"embeddable":true,"href":"https:\/\/alprofitconsult.al\/it\/wp-json\/wp\/v2\/comments?post=19567"}],"version-history":[{"count":5,"href":"https:\/\/alprofitconsult.al\/it\/wp-json\/wp\/v2\/pages\/19567\/revisions"}],"predecessor-version":[{"id":19879,"href":"https:\/\/alprofitconsult.al\/it\/wp-json\/wp\/v2\/pages\/19567\/revisions\/19879"}],"up":[{"embeddable":true,"href":"https:\/\/alprofitconsult.al\/it\/wp-json\/wp\/v2\/pages\/19551"}],"wp:attachment":[{"href":"https:\/\/alprofitconsult.al\/it\/wp-json\/wp\/v2\/media?parent=19567"}],"curies":[{"name":"wp","href":"https:\/\/api.w.org\/{rel}","templated":true}]}}