{"id":19573,"date":"2024-11-29T20:21:28","date_gmt":"2024-11-29T20:21:28","guid":{"rendered":"https:\/\/alprofitconsult.al\/?page_id=19573"},"modified":"2024-11-30T22:21:10","modified_gmt":"2024-11-30T22:21:10","slug":"te-ardhurat-personale-te-tatueshme","status":"publish","type":"page","link":"https:\/\/alprofitconsult.al\/it\/tatime\/individe\/te-ardhurat-e-tatueshme-2\/te-ardhurat-personale-te-tatueshme\/","title":{"rendered":"T\u00eb Ardhurat Personale t\u00eb Tatueshme"},"content":{"rendered":"<div class=\"yoast-breadcrumbs\"><span><span><a href=\"https:\/\/alprofitconsult.al\/it\/\">Home page<\/a><\/span> | <span><a href=\"https:\/\/alprofitconsult.al\/en\/tatime\/\">Normativa fiscale<\/a><\/span> | <span><a href=\"https:\/\/alprofitconsult.al\/en\/tatime\/individe\/\">Individe<\/a><\/span> | <span><a href=\"https:\/\/alprofitconsult.al\/en\/tatime\/individe\/te-ardhurat-e-tatueshme-2\/\">Reddito imponibile<\/a><\/span> | <span class=\"breadcrumb_last\" aria-current=\"page\">T\u00eb Ardhurat Personale t\u00eb Tatueshme<\/span><\/span><\/div>\n\n\n<p><\/p>\n\n\n\n<figure class=\"wp-block-image size-full\"><img loading=\"lazy\" decoding=\"async\" width=\"1920\" height=\"1280\" src=\"https:\/\/alprofitconsult.al\/wp-content\/uploads\/2024\/11\/Alprofit-Consult-Te-ardhurat-e-tatueshme-per-individin.jpg\" alt=\"\" class=\"wp-image-19747\" srcset=\"https:\/\/alprofitconsult.al\/wp-content\/uploads\/2024\/11\/Alprofit-Consult-Te-ardhurat-e-tatueshme-per-individin.jpg 1920w, https:\/\/alprofitconsult.al\/wp-content\/uploads\/2024\/11\/Alprofit-Consult-Te-ardhurat-e-tatueshme-per-individin-768x512.jpg 768w, https:\/\/alprofitconsult.al\/wp-content\/uploads\/2024\/11\/Alprofit-Consult-Te-ardhurat-e-tatueshme-per-individin-1536x1024.jpg 1536w\" sizes=\"auto, (max-width: 1920px) 100vw, 1920px\" \/><\/figure>\n\n\n\n<h2 class=\"wp-block-heading\">10.1 Llojet e t\u00eb ardhurave t\u00eb tatueshme<\/h2>\n\n\n\n<p>T\u00eb ardhurat personale t\u00eb tatueshme p\u00ebrfshijn\u00eb t\u00eb ardhurat nga pun\u00ebsimi, biznesi dhe investimet.<\/p>\n\n\n\n<h2 class=\"wp-block-heading\">10.2 Tatimi mbi t\u00eb ardhurat n\u00eb natyr\u00eb<\/h2>\n\n\n\n<p>T\u00eb ardhurat personale q\u00eb jan\u00eb realizuar n\u00eb natyr\u00eb vler\u00ebsohen me vler\u00ebn e tregut dhe konvertohen n\u00eb lek\u00eb p\u00ebr llogaritjen e baz\u00ebs s\u00eb tatimit.<\/p>\n\n\n\n<h2 class=\"wp-block-heading\">10.3 Kategorit\u00eb e t\u00eb ardhurave n\u00eb natyr\u00eb<\/h2>\n\n\n\n<p>T\u00eb ardhurat n\u00eb natyr\u00eb mund t\u00eb p\u00ebrfshijn\u00eb pagesat p\u00ebr sh\u00ebrbimet e kryera, aktivet e dhuruara, qirat\u00eb e paguara nga pun\u00ebdh\u00ebn\u00ebsi, trajtimet estetike, udh\u00ebtimet private dhe aktive t\u00eb tjera t\u00eb p\u00ebrfituara nga pun\u00ebmarr\u00ebsi.<\/p>\n\n\n\n<h2 class=\"wp-block-heading\">10.4 Dokumentacioni p\u00ebr t\u00eb ardhurat n\u00eb natyr\u00eb<\/h2>\n\n\n\n<p>T\u00eb ardhurat n\u00eb natyr\u00eb duhet t\u00eb shoq\u00ebrohen me dokumentacionin justifikues q\u00eb provon shpenzimin e b\u00ebr\u00eb.<\/p>\n\n\n\n<h2 class=\"wp-block-heading\">10.5 P\u00ebrjashtimet nga p\u00ebrfitimet n\u00eb natyr\u00eb<\/h2>\n\n\n\n<p>Nuk konsiderohen p\u00ebrfitime n\u00eb natyr\u00eb mallrat e dh\u00ebna p\u00ebr pun\u00eb apo shpenzimet e b\u00ebra p\u00ebr nevoja pune q\u00eb ngelen pjes\u00eb e inventarit t\u00eb pun\u00ebdh\u00ebn\u00ebsit.<\/p>\n\n\n<div class=\"gdlr-core-widget-box-shortcode\" style=\"color: #ffffff ;background-color: #000014 ;\"  ><h3 class=\"gdlr-core-widget-box-shortcode-title\" style=\"color: #ffffff ;\"  >Hai qualche domanda?<\/h3><div class=\"gdlr-core-widget-box-shortcode-content\" ><p class=\"translation-block\">Non esitare a <a href=\"https:\/\/alprofitconsult.al\/it\/contact\/\" target=\"_self\">contattarci. Siamo un team di esperti e saremo lieti di parlare con te.<\/p>\n<\/div><\/div>","protected":false},"excerpt":{"rendered":"<p>10.1 Llojet e t\u00eb ardhurave t\u00eb tatueshme T\u00eb ardhurat personale t\u00eb tatueshme p\u00ebrfshijn\u00eb t\u00eb ardhurat nga pun\u00ebsimi, biznesi dhe investimet. 10.2 Tatimi mbi t\u00eb ardhurat n\u00eb natyr\u00eb T\u00eb ardhurat personale q\u00eb jan\u00eb realizuar n\u00eb natyr\u00eb vler\u00ebsohen me vler\u00ebn e tregut dhe konvertohen n\u00eb lek\u00eb p\u00ebr llogaritjen e baz\u00ebs s\u00eb tatimit. 10.3 Kategorit\u00eb e t\u00eb ardhurave [&hellip;]<\/p>\n","protected":false},"author":1,"featured_media":0,"parent":19570,"menu_order":0,"comment_status":"closed","ping_status":"closed","template":"","meta":{"footnotes":""},"class_list":["post-19573","page","type-page","status-publish","hentry"],"yoast_head":"<!-- This site is optimized with the Yoast SEO plugin v26.5 - https:\/\/yoast.com\/wordpress\/plugins\/seo\/ -->\n<title>T\u00eb Ardhurat Personale t\u00eb Tatueshme - AlProfit Consult<\/title>\n<meta name=\"robots\" content=\"index, follow, max-snippet:-1, max-image-preview:large, max-video-preview:-1\" \/>\n<link rel=\"canonical\" href=\"https:\/\/alprofitconsult.al\/it\/tasse\/individe\/te-ardhurat-e-tatueshme-2\/te-ardhurat-personale-te-tatueshme\/\" \/>\n<meta property=\"og:locale\" content=\"it_IT\" \/>\n<meta property=\"og:type\" content=\"article\" \/>\n<meta property=\"og:title\" content=\"T\u00eb Ardhurat Personale t\u00eb Tatueshme - AlProfit Consult\" \/>\n<meta property=\"og:description\" content=\"10.1 Llojet e t\u00eb ardhurave t\u00eb tatueshme T\u00eb ardhurat personale t\u00eb tatueshme p\u00ebrfshijn\u00eb t\u00eb ardhurat nga pun\u00ebsimi, biznesi dhe investimet. 10.2 Tatimi mbi t\u00eb ardhurat n\u00eb natyr\u00eb T\u00eb ardhurat personale q\u00eb jan\u00eb realizuar n\u00eb natyr\u00eb vler\u00ebsohen me vler\u00ebn e tregut dhe konvertohen n\u00eb lek\u00eb p\u00ebr llogaritjen e baz\u00ebs s\u00eb tatimit. 10.3 Kategorit\u00eb e t\u00eb ardhurave [&hellip;]\" \/>\n<meta property=\"og:url\" content=\"https:\/\/alprofitconsult.al\/it\/tasse\/individe\/te-ardhurat-e-tatueshme-2\/te-ardhurat-personale-te-tatueshme\/\" \/>\n<meta property=\"og:site_name\" content=\"AlProfit Consult\" \/>\n<meta property=\"article:publisher\" content=\"https:\/\/www.facebook.com\/AlProfitConsult\/\" \/>\n<meta property=\"article:modified_time\" content=\"2024-11-30T22:21:10+00:00\" \/>\n<meta property=\"og:image\" content=\"https:\/\/alprofitconsult.al\/wp-content\/uploads\/2024\/11\/Alprofit-Consult-Te-ardhurat-e-tatueshme-per-individin.jpg\" \/>\n<meta name=\"twitter:card\" content=\"summary_large_image\" \/>\n<meta name=\"twitter:site\" content=\"@AlProfitConsult\" \/>\n<meta name=\"twitter:label1\" content=\"Tempo di lettura stimato\" \/>\n\t<meta name=\"twitter:data1\" content=\"1 minuto\" \/>\n<script type=\"application\/ld+json\" class=\"yoast-schema-graph\">{\"@context\":\"https:\/\/schema.org\",\"@graph\":[{\"@type\":\"WebPage\",\"@id\":\"https:\/\/alprofitconsult.al\/en\/tatime\/individe\/te-ardhurat-e-tatueshme-2\/te-ardhurat-personale-te-tatueshme\/\",\"url\":\"https:\/\/alprofitconsult.al\/en\/tatime\/individe\/te-ardhurat-e-tatueshme-2\/te-ardhurat-personale-te-tatueshme\/\",\"name\":\"T\u00eb Ardhurat Personale t\u00eb Tatueshme - AlProfit Consult\",\"isPartOf\":{\"@id\":\"https:\/\/alprofitconsult.al\/#website\"},\"primaryImageOfPage\":{\"@id\":\"https:\/\/alprofitconsult.al\/en\/tatime\/individe\/te-ardhurat-e-tatueshme-2\/te-ardhurat-personale-te-tatueshme\/#primaryimage\"},\"image\":{\"@id\":\"https:\/\/alprofitconsult.al\/en\/tatime\/individe\/te-ardhurat-e-tatueshme-2\/te-ardhurat-personale-te-tatueshme\/#primaryimage\"},\"thumbnailUrl\":\"https:\/\/alprofitconsult.al\/wp-content\/uploads\/2024\/11\/Alprofit-Consult-Te-ardhurat-e-tatueshme-per-individin.jpg\",\"datePublished\":\"2024-11-29T20:21:28+00:00\",\"dateModified\":\"2024-11-30T22:21:10+00:00\",\"breadcrumb\":{\"@id\":\"https:\/\/alprofitconsult.al\/en\/tatime\/individe\/te-ardhurat-e-tatueshme-2\/te-ardhurat-personale-te-tatueshme\/#breadcrumb\"},\"inLanguage\":\"it-IT\",\"potentialAction\":[{\"@type\":\"ReadAction\",\"target\":[\"https:\/\/alprofitconsult.al\/en\/tatime\/individe\/te-ardhurat-e-tatueshme-2\/te-ardhurat-personale-te-tatueshme\/\"]}]},{\"@type\":\"ImageObject\",\"inLanguage\":\"it-IT\",\"@id\":\"https:\/\/alprofitconsult.al\/en\/tatime\/individe\/te-ardhurat-e-tatueshme-2\/te-ardhurat-personale-te-tatueshme\/#primaryimage\",\"url\":\"https:\/\/alprofitconsult.al\/wp-content\/uploads\/2024\/11\/Alprofit-Consult-Te-ardhurat-e-tatueshme-per-individin.jpg\",\"contentUrl\":\"https:\/\/alprofitconsult.al\/wp-content\/uploads\/2024\/11\/Alprofit-Consult-Te-ardhurat-e-tatueshme-per-individin.jpg\"},{\"@type\":\"BreadcrumbList\",\"@id\":\"https:\/\/alprofitconsult.al\/en\/tatime\/individe\/te-ardhurat-e-tatueshme-2\/te-ardhurat-personale-te-tatueshme\/#breadcrumb\",\"itemListElement\":[{\"@type\":\"ListItem\",\"position\":1,\"name\":\"Kryefaqe\",\"item\":\"https:\/\/alprofitconsult.al\/\"},{\"@type\":\"ListItem\",\"position\":2,\"name\":\"Legjislacioni tatimor\",\"item\":\"https:\/\/alprofitconsult.al\/en\/tatime\/\"},{\"@type\":\"ListItem\",\"position\":3,\"name\":\"Individe\",\"item\":\"https:\/\/alprofitconsult.al\/en\/tatime\/individe\/\"},{\"@type\":\"ListItem\",\"position\":4,\"name\":\"T\u00eb ardhurat e tatueshme\",\"item\":\"https:\/\/alprofitconsult.al\/en\/tatime\/individe\/te-ardhurat-e-tatueshme-2\/\"},{\"@type\":\"ListItem\",\"position\":5,\"name\":\"T\u00eb Ardhurat Personale t\u00eb Tatueshme\"}]},{\"@type\":\"WebSite\",\"@id\":\"https:\/\/alprofitconsult.al\/#website\",\"url\":\"https:\/\/alprofitconsult.al\/\",\"name\":\"AlProfit Consult\",\"description\":\"Zyr\u00eb Kontabiliteti\",\"publisher\":{\"@id\":\"https:\/\/alprofitconsult.al\/#organization\"},\"potentialAction\":[{\"@type\":\"SearchAction\",\"target\":{\"@type\":\"EntryPoint\",\"urlTemplate\":\"https:\/\/alprofitconsult.al\/?s={search_term_string}\"},\"query-input\":{\"@type\":\"PropertyValueSpecification\",\"valueRequired\":true,\"valueName\":\"search_term_string\"}}],\"inLanguage\":\"it-IT\"},{\"@type\":\"Organization\",\"@id\":\"https:\/\/alprofitconsult.al\/#organization\",\"name\":\"Alprofit Consult\",\"url\":\"https:\/\/alprofitconsult.al\/\",\"logo\":{\"@type\":\"ImageObject\",\"inLanguage\":\"it-IT\",\"@id\":\"https:\/\/alprofitconsult.al\/#\/schema\/logo\/image\/\",\"url\":\"https:\/\/alprofitconsult.al\/wp-content\/uploads\/2022\/10\/logoalprofit.png\",\"contentUrl\":\"https:\/\/alprofitconsult.al\/wp-content\/uploads\/2022\/10\/logoalprofit.png\",\"width\":529,\"height\":156,\"caption\":\"Alprofit Consult\"},\"image\":{\"@id\":\"https:\/\/alprofitconsult.al\/#\/schema\/logo\/image\/\"},\"sameAs\":[\"https:\/\/www.facebook.com\/AlProfitConsult\/\",\"https:\/\/x.com\/AlProfitConsult\",\"https:\/\/www.linkedin.com\/company\/andi-haxhillari\/\",\"https:\/\/www.pinterest.com\/AlProfitConsult\/\",\"https:\/\/www.youtube.com\/channel\/UCZ5Gfntn161Nla3g1XdRldA\",\"https:\/\/sq.wikipedia.org\/wiki\/P\u00ebrdoruesi:Andi25~sqwiki\"]}]}<\/script>\n<!-- \/ Yoast SEO plugin. -->","yoast_head_json":{"title":"T\u00eb Ardhurat Personale t\u00eb Tatueshme - AlProfit Consult","robots":{"index":"index","follow":"follow","max-snippet":"max-snippet:-1","max-image-preview":"max-image-preview:large","max-video-preview":"max-video-preview:-1"},"canonical":"https:\/\/alprofitconsult.al\/it\/tasse\/individe\/te-ardhurat-e-tatueshme-2\/te-ardhurat-personale-te-tatueshme\/","og_locale":"it_IT","og_type":"article","og_title":"T\u00eb Ardhurat Personale t\u00eb Tatueshme - AlProfit Consult","og_description":"10.1 Llojet e t\u00eb ardhurave t\u00eb tatueshme T\u00eb ardhurat personale t\u00eb tatueshme p\u00ebrfshijn\u00eb t\u00eb ardhurat nga pun\u00ebsimi, biznesi dhe investimet. 10.2 Tatimi mbi t\u00eb ardhurat n\u00eb natyr\u00eb T\u00eb ardhurat personale q\u00eb jan\u00eb realizuar n\u00eb natyr\u00eb vler\u00ebsohen me vler\u00ebn e tregut dhe konvertohen n\u00eb lek\u00eb p\u00ebr llogaritjen e baz\u00ebs s\u00eb tatimit. 10.3 Kategorit\u00eb e t\u00eb ardhurave [&hellip;]","og_url":"https:\/\/alprofitconsult.al\/it\/tasse\/individe\/te-ardhurat-e-tatueshme-2\/te-ardhurat-personale-te-tatueshme\/","og_site_name":"AlProfit Consult","article_publisher":"https:\/\/www.facebook.com\/AlProfitConsult\/","article_modified_time":"2024-11-30T22:21:10+00:00","og_image":[{"url":"https:\/\/alprofitconsult.al\/wp-content\/uploads\/2024\/11\/Alprofit-Consult-Te-ardhurat-e-tatueshme-per-individin.jpg","type":"","width":"","height":""}],"twitter_card":"summary_large_image","twitter_site":"@AlProfitConsult","twitter_misc":{"Tempo di lettura stimato":"1 minuto"},"schema":{"@context":"https:\/\/schema.org","@graph":[{"@type":"WebPage","@id":"https:\/\/alprofitconsult.al\/en\/tatime\/individe\/te-ardhurat-e-tatueshme-2\/te-ardhurat-personale-te-tatueshme\/","url":"https:\/\/alprofitconsult.al\/en\/tatime\/individe\/te-ardhurat-e-tatueshme-2\/te-ardhurat-personale-te-tatueshme\/","name":"T\u00eb Ardhurat Personale t\u00eb Tatueshme - AlProfit Consult","isPartOf":{"@id":"https:\/\/alprofitconsult.al\/#website"},"primaryImageOfPage":{"@id":"https:\/\/alprofitconsult.al\/en\/tatime\/individe\/te-ardhurat-e-tatueshme-2\/te-ardhurat-personale-te-tatueshme\/#primaryimage"},"image":{"@id":"https:\/\/alprofitconsult.al\/en\/tatime\/individe\/te-ardhurat-e-tatueshme-2\/te-ardhurat-personale-te-tatueshme\/#primaryimage"},"thumbnailUrl":"https:\/\/alprofitconsult.al\/wp-content\/uploads\/2024\/11\/Alprofit-Consult-Te-ardhurat-e-tatueshme-per-individin.jpg","datePublished":"2024-11-29T20:21:28+00:00","dateModified":"2024-11-30T22:21:10+00:00","breadcrumb":{"@id":"https:\/\/alprofitconsult.al\/en\/tatime\/individe\/te-ardhurat-e-tatueshme-2\/te-ardhurat-personale-te-tatueshme\/#breadcrumb"},"inLanguage":"it-IT","potentialAction":[{"@type":"ReadAction","target":["https:\/\/alprofitconsult.al\/en\/tatime\/individe\/te-ardhurat-e-tatueshme-2\/te-ardhurat-personale-te-tatueshme\/"]}]},{"@type":"ImageObject","inLanguage":"it-IT","@id":"https:\/\/alprofitconsult.al\/en\/tatime\/individe\/te-ardhurat-e-tatueshme-2\/te-ardhurat-personale-te-tatueshme\/#primaryimage","url":"https:\/\/alprofitconsult.al\/wp-content\/uploads\/2024\/11\/Alprofit-Consult-Te-ardhurat-e-tatueshme-per-individin.jpg","contentUrl":"https:\/\/alprofitconsult.al\/wp-content\/uploads\/2024\/11\/Alprofit-Consult-Te-ardhurat-e-tatueshme-per-individin.jpg"},{"@type":"BreadcrumbList","@id":"https:\/\/alprofitconsult.al\/en\/tatime\/individe\/te-ardhurat-e-tatueshme-2\/te-ardhurat-personale-te-tatueshme\/#breadcrumb","itemListElement":[{"@type":"ListItem","position":1,"name":"Kryefaqe","item":"https:\/\/alprofitconsult.al\/"},{"@type":"ListItem","position":2,"name":"Legjislacioni tatimor","item":"https:\/\/alprofitconsult.al\/en\/tatime\/"},{"@type":"ListItem","position":3,"name":"Individe","item":"https:\/\/alprofitconsult.al\/en\/tatime\/individe\/"},{"@type":"ListItem","position":4,"name":"T\u00eb ardhurat e tatueshme","item":"https:\/\/alprofitconsult.al\/en\/tatime\/individe\/te-ardhurat-e-tatueshme-2\/"},{"@type":"ListItem","position":5,"name":"T\u00eb Ardhurat Personale t\u00eb Tatueshme"}]},{"@type":"WebSite","@id":"https:\/\/alprofitconsult.al\/#website","url":"https:\/\/alprofitconsult.al\/","name":"AlProfit Consult","description":"Ufficio contabilit\u00e0","publisher":{"@id":"https:\/\/alprofitconsult.al\/#organization"},"potentialAction":[{"@type":"SearchAction","target":{"@type":"EntryPoint","urlTemplate":"https:\/\/alprofitconsult.al\/?s={search_term_string}"},"query-input":{"@type":"PropertyValueSpecification","valueRequired":true,"valueName":"search_term_string"}}],"inLanguage":"it-IT"},{"@type":"Organization","@id":"https:\/\/alprofitconsult.al\/#organization","name":"Alprofit Consult","url":"https:\/\/alprofitconsult.al\/","logo":{"@type":"ImageObject","inLanguage":"it-IT","@id":"https:\/\/alprofitconsult.al\/#\/schema\/logo\/image\/","url":"https:\/\/alprofitconsult.al\/wp-content\/uploads\/2022\/10\/logoalprofit.png","contentUrl":"https:\/\/alprofitconsult.al\/wp-content\/uploads\/2022\/10\/logoalprofit.png","width":529,"height":156,"caption":"Alprofit Consult"},"image":{"@id":"https:\/\/alprofitconsult.al\/#\/schema\/logo\/image\/"},"sameAs":["https:\/\/www.facebook.com\/AlProfitConsult\/","https:\/\/x.com\/AlProfitConsult","https:\/\/www.linkedin.com\/company\/andi-haxhillari\/","https:\/\/www.pinterest.com\/AlProfitConsult\/","https:\/\/www.youtube.com\/channel\/UCZ5Gfntn161Nla3g1XdRldA","https:\/\/sq.wikipedia.org\/wiki\/P\u00ebrdoruesi:Andi25~sqwiki"]}]}},"_links":{"self":[{"href":"https:\/\/alprofitconsult.al\/it\/wp-json\/wp\/v2\/pages\/19573","targetHints":{"allow":["GET"]}}],"collection":[{"href":"https:\/\/alprofitconsult.al\/it\/wp-json\/wp\/v2\/pages"}],"about":[{"href":"https:\/\/alprofitconsult.al\/it\/wp-json\/wp\/v2\/types\/page"}],"author":[{"embeddable":true,"href":"https:\/\/alprofitconsult.al\/it\/wp-json\/wp\/v2\/users\/1"}],"replies":[{"embeddable":true,"href":"https:\/\/alprofitconsult.al\/it\/wp-json\/wp\/v2\/comments?post=19573"}],"version-history":[{"count":5,"href":"https:\/\/alprofitconsult.al\/it\/wp-json\/wp\/v2\/pages\/19573\/revisions"}],"predecessor-version":[{"id":20041,"href":"https:\/\/alprofitconsult.al\/it\/wp-json\/wp\/v2\/pages\/19573\/revisions\/20041"}],"up":[{"embeddable":true,"href":"https:\/\/alprofitconsult.al\/it\/wp-json\/wp\/v2\/pages\/19570"}],"wp:attachment":[{"href":"https:\/\/alprofitconsult.al\/it\/wp-json\/wp\/v2\/media?parent=19573"}],"curies":[{"name":"wp","href":"https:\/\/api.w.org\/{rel}","templated":true}]}}