{"id":19576,"date":"2024-11-29T20:23:05","date_gmt":"2024-11-29T20:23:05","guid":{"rendered":"https:\/\/alprofitconsult.al\/?page_id=19576"},"modified":"2026-02-15T16:09:04","modified_gmt":"2026-02-15T16:09:04","slug":"kategorite-e-te-ardhurave-personale-qe-nuk-jane-subjekt-i-tatimit-mbi-te-ardhurat-personale","status":"publish","type":"page","link":"https:\/\/alprofitconsult.al\/it\/tatime\/individe\/te-ardhurat-e-tatueshme-2\/kategorite-e-te-ardhurave-personale-qe-nuk-jane-subjekt-i-tatimit-mbi-te-ardhurat-personale\/","title":{"rendered":"Kategorit\u00eb e t\u00eb Ardhurave Personale q\u00eb nuk jan\u00eb Subjekt i Tatimit mbi t\u00eb Ardhurat Personale"},"content":{"rendered":"<div class=\"yoast-breadcrumbs\"><span><span><a href=\"https:\/\/alprofitconsult.al\/it\/\">Home page<\/a><\/span> | <span><a href=\"https:\/\/alprofitconsult.al\/en\/tatime\/\">Normativa fiscale<\/a><\/span> | <span><a href=\"https:\/\/alprofitconsult.al\/en\/tatime\/individe\/\">Individe<\/a><\/span> | <span><a href=\"https:\/\/alprofitconsult.al\/en\/tatime\/individe\/te-ardhurat-e-tatueshme-2\/\">Reddito imponibile<\/a><\/span> | <span class=\"breadcrumb_last\" aria-current=\"page\">Kategorit\u00eb e t\u00eb Ardhurave Personale q\u00eb nuk jan\u00eb Subjekt i Tatimit mbi t\u00eb Ardhurat Personale<\/span><\/span><\/div>\n\n\n<p><\/p>\n\n\n\n<figure class=\"wp-block-image size-full\"><img loading=\"lazy\" decoding=\"async\" width=\"1920\" height=\"1280\" src=\"https:\/\/alprofitconsult.al\/wp-content\/uploads\/2024\/11\/AlProfit-Consult-Te-ardhura-te-perjashtuara-per-individet.jpg\" alt=\"\" class=\"wp-image-19751\" srcset=\"https:\/\/alprofitconsult.al\/wp-content\/uploads\/2024\/11\/AlProfit-Consult-Te-ardhura-te-perjashtuara-per-individet.jpg 1920w, https:\/\/alprofitconsult.al\/wp-content\/uploads\/2024\/11\/AlProfit-Consult-Te-ardhura-te-perjashtuara-per-individet-768x512.jpg 768w, https:\/\/alprofitconsult.al\/wp-content\/uploads\/2024\/11\/AlProfit-Consult-Te-ardhura-te-perjashtuara-per-individet-1536x1024.jpg 1536w\" sizes=\"auto, (max-width: 1920px) 100vw, 1920px\" \/><\/figure>\n\n\n\n<h2 class=\"wp-block-heading\">11.1 T\u00eb ardhurat nga sigurimi social dhe sh\u00ebndet\u00ebsor<\/h2>\n\n\n\n<p>T\u00eb ardhurat nga sigurimi social dhe sh\u00ebndet\u00ebsor, p\u00ebrfshir\u00eb pensionet dhe kompensimet, jan\u00eb t\u00eb p\u00ebrjashtuara nga tatimi.<\/p>\n\n\n\n<h2 class=\"wp-block-heading\">11.2 Ndihmat ekonomike<\/h2>\n\n\n\n<p>Ndihmat ekonomike nga buxhetet publike p\u00ebr individ\u00ebt pa t\u00eb ardhura ose me t\u00eb ardhura t\u00eb ul\u00ebta jan\u00eb t\u00eb p\u00ebrjashtuara nga tatimi.<\/p>\n\n\n\n<h2 class=\"wp-block-heading\">11.3 T\u00eb ardhurat e p\u00ebrjashtuara mbi baz\u00ebn e marr\u00ebveshjeve nd\u00ebrkomb\u00ebtare<\/h2>\n\n\n\n<p>T\u00eb ardhurat e p\u00ebrjashtuara sipas marr\u00ebveshjeve nd\u00ebrkomb\u00ebtare t\u00eb ratifikuara nga Kuvendi i Shqip\u00ebris\u00eb jan\u00eb t\u00eb p\u00ebrjashtuara nga tatimi.<\/p>\n\n\n\n<h2 class=\"wp-block-heading\">11.4 Kompensimet p\u00ebr pronar\u00ebt e pronave<\/h2>\n\n\n\n<p>Kompensimet financiare p\u00ebr pronar\u00ebt e pronave t\u00eb shpron\u00ebsuara jan\u00eb t\u00eb p\u00ebrjashtuara nga tatimi.<\/p>\n\n\n\n<h2 class=\"wp-block-heading\">11.5 Kompensimet p\u00ebr ish-t\u00eb d\u00ebnuarit politik\u00eb<\/h2>\n\n\n\n<p>Kompensimet financiare p\u00ebr ish-t\u00eb d\u00ebnuarit politik\u00eb dhe pasardh\u00ebsit e tyre jan\u00eb t\u00eb p\u00ebrjashtuara&nbsp;&nbsp;nga tatimi.<\/p>\n\n\n\n<h2 class=\"wp-block-heading\">11.6 Shp\u00ebrblimet dhe \u00e7mimet p\u00ebr arritjet n\u00eb shkenc\u00eb, sport dhe kultur\u00eb<\/h2>\n\n\n\n<p>Shp\u00ebrblimet dhe \u00e7mimet p\u00ebr arritjet n\u00eb shkenc\u00eb, sport dhe kultur\u00eb jan\u00eb t\u00eb p\u00ebrjashtuara nga tatimi.<\/p>\n\n\n\n<h2 class=\"wp-block-heading\">11.7 Bursat e nx\u00ebn\u00ebsve dhe student\u00ebve<\/h2>\n\n\n\n<p>Bursat e nx\u00ebn\u00ebsve dhe student\u00ebve t\u00eb akorduara nga qeveria jan\u00eb t\u00eb p\u00ebrjashtuara nga tatimi.<\/p>\n\n\n\n<h2 class=\"wp-block-heading\">11.8 P\u00ebrfitimet p\u00ebr d\u00ebmshp\u00ebrblime dhe kompensime p\u00ebr kostot gjyq\u00ebsore<\/h2>\n\n\n\n<p>P\u00ebrfitimet p\u00ebr d\u00ebmshp\u00ebrblime dhe kompensime p\u00ebr kostot gjyq\u00ebsore jan\u00eb t\u00eb p\u00ebrjashtuara nga tatimi, p\u00ebrve\u00e7 pagave t\u00eb marra nga individ\u00ebt e larguar nga puna.<\/p>\n\n\n\n<h2 class=\"wp-block-heading\">11.9 T\u00eb ardhurat nga mb\u00ebshtetja me grante dhe subvencione n\u00eb bujq\u00ebsi dhe blegtori<\/h2>\n\n\n\n<p>T\u00eb ardhurat nga mb\u00ebshtetja me grante dhe subvencione n\u00eb bujq\u00ebsi dhe blegtori jan\u00eb t\u00eb p\u00ebrjashtuara nga tatimi.<\/p>\n\n\n<div class=\"gdlr-core-widget-box-shortcode\" style=\"color: #ffffff ;background-color: #000014 ;\"  ><h3 class=\"gdlr-core-widget-box-shortcode-title\" style=\"color: #ffffff ;\"  >Hai qualche domanda?<\/h3><div class=\"gdlr-core-widget-box-shortcode-content\" ><p class=\"translation-block\">Non esitare a <a href=\"https:\/\/alprofitconsult.al\/it\/contact\/\" target=\"_self\">contattarci. Siamo un team di esperti e saremo lieti di parlare con te.<\/p>\n<\/div><\/div>","protected":false},"excerpt":{"rendered":"<p>11.1 T\u00eb ardhurat nga sigurimi social dhe sh\u00ebndet\u00ebsor T\u00eb ardhurat nga sigurimi social dhe sh\u00ebndet\u00ebsor, p\u00ebrfshir\u00eb pensionet dhe kompensimet, jan\u00eb t\u00eb p\u00ebrjashtuara nga tatimi. 11.2 Ndihmat ekonomike Ndihmat ekonomike nga buxhetet publike p\u00ebr individ\u00ebt pa t\u00eb ardhura ose me t\u00eb ardhura t\u00eb ul\u00ebta jan\u00eb t\u00eb p\u00ebrjashtuara nga tatimi. 11.3 T\u00eb ardhurat e p\u00ebrjashtuara mbi baz\u00ebn [&hellip;]<\/p>\n","protected":false},"author":1,"featured_media":0,"parent":19570,"menu_order":0,"comment_status":"closed","ping_status":"closed","template":"","meta":{"footnotes":""},"class_list":["post-19576","page","type-page","status-publish","hentry"],"yoast_head":"<!-- This site is optimized with the Yoast SEO plugin v26.5 - https:\/\/yoast.com\/wordpress\/plugins\/seo\/ -->\n<title>Kategorit\u00eb e t\u00eb Ardhurave Personale q\u00eb nuk jan\u00eb Subjekt i Tatimit mbi t\u00eb Ardhurat Personale - AlProfit Consult<\/title>\n<meta name=\"robots\" content=\"index, follow, max-snippet:-1, max-image-preview:large, max-video-preview:-1\" \/>\n<link rel=\"canonical\" href=\"https:\/\/alprofitconsult.al\/it\/tasse\/individe\/te-ardhurat-e-tatueshme-2\/kategorite-e-te-ardhurave-personale-qe-nuk-jane-subjekt-i-tatimit-mbi-te-ardhurat-personale\/\" \/>\n<meta property=\"og:locale\" content=\"it_IT\" \/>\n<meta property=\"og:type\" content=\"article\" \/>\n<meta property=\"og:title\" content=\"Kategorit\u00eb e t\u00eb Ardhurave Personale q\u00eb nuk jan\u00eb Subjekt i Tatimit mbi t\u00eb Ardhurat Personale - AlProfit Consult\" \/>\n<meta property=\"og:description\" content=\"11.1 T\u00eb ardhurat nga sigurimi social dhe sh\u00ebndet\u00ebsor T\u00eb ardhurat nga sigurimi social dhe sh\u00ebndet\u00ebsor, p\u00ebrfshir\u00eb pensionet dhe kompensimet, jan\u00eb t\u00eb p\u00ebrjashtuara nga tatimi. 11.2 Ndihmat ekonomike Ndihmat ekonomike nga buxhetet publike p\u00ebr individ\u00ebt pa t\u00eb ardhura ose me t\u00eb ardhura t\u00eb ul\u00ebta jan\u00eb t\u00eb p\u00ebrjashtuara nga tatimi. 11.3 T\u00eb ardhurat e p\u00ebrjashtuara mbi baz\u00ebn [&hellip;]\" \/>\n<meta property=\"og:url\" content=\"https:\/\/alprofitconsult.al\/it\/tasse\/individe\/te-ardhurat-e-tatueshme-2\/kategorite-e-te-ardhurave-personale-qe-nuk-jane-subjekt-i-tatimit-mbi-te-ardhurat-personale\/\" \/>\n<meta property=\"og:site_name\" content=\"AlProfit Consult\" \/>\n<meta property=\"article:publisher\" content=\"https:\/\/www.facebook.com\/AlProfitConsult\/\" \/>\n<meta property=\"article:modified_time\" content=\"2026-02-15T16:09:04+00:00\" \/>\n<meta property=\"og:image\" content=\"https:\/\/alprofitconsult.al\/wp-content\/uploads\/2024\/11\/AlProfit-Consult-Te-ardhura-te-perjashtuara-per-individet.jpg\" \/>\n\t<meta property=\"og:image:width\" content=\"1920\" \/>\n\t<meta property=\"og:image:height\" content=\"1280\" \/>\n\t<meta property=\"og:image:type\" content=\"image\/jpeg\" \/>\n<meta name=\"twitter:card\" content=\"summary_large_image\" \/>\n<meta name=\"twitter:site\" content=\"@AlProfitConsult\" \/>\n<meta name=\"twitter:label1\" content=\"Tempo di lettura stimato\" \/>\n\t<meta name=\"twitter:data1\" content=\"2 minuti\" \/>\n<script type=\"application\/ld+json\" class=\"yoast-schema-graph\">{\"@context\":\"https:\/\/schema.org\",\"@graph\":[{\"@type\":\"WebPage\",\"@id\":\"https:\/\/alprofitconsult.al\/tatime\/individe\/te-ardhurat-e-tatueshme-2\/kategorite-e-te-ardhurave-personale-qe-nuk-jane-subjekt-i-tatimit-mbi-te-ardhurat-personale\/\",\"url\":\"https:\/\/alprofitconsult.al\/tatime\/individe\/te-ardhurat-e-tatueshme-2\/kategorite-e-te-ardhurave-personale-qe-nuk-jane-subjekt-i-tatimit-mbi-te-ardhurat-personale\/\",\"name\":\"Kategorit\u00eb e t\u00eb Ardhurave Personale q\u00eb nuk jan\u00eb Subjekt i Tatimit mbi t\u00eb Ardhurat Personale - AlProfit Consult\",\"isPartOf\":{\"@id\":\"https:\/\/alprofitconsult.al\/#website\"},\"primaryImageOfPage\":{\"@id\":\"https:\/\/alprofitconsult.al\/tatime\/individe\/te-ardhurat-e-tatueshme-2\/kategorite-e-te-ardhurave-personale-qe-nuk-jane-subjekt-i-tatimit-mbi-te-ardhurat-personale\/#primaryimage\"},\"image\":{\"@id\":\"https:\/\/alprofitconsult.al\/tatime\/individe\/te-ardhurat-e-tatueshme-2\/kategorite-e-te-ardhurave-personale-qe-nuk-jane-subjekt-i-tatimit-mbi-te-ardhurat-personale\/#primaryimage\"},\"thumbnailUrl\":\"https:\/\/alprofitconsult.al\/wp-content\/uploads\/2024\/11\/AlProfit-Consult-Te-ardhura-te-perjashtuara-per-individet.jpg\",\"datePublished\":\"2024-11-29T20:23:05+00:00\",\"dateModified\":\"2026-02-15T16:09:04+00:00\",\"breadcrumb\":{\"@id\":\"https:\/\/alprofitconsult.al\/tatime\/individe\/te-ardhurat-e-tatueshme-2\/kategorite-e-te-ardhurave-personale-qe-nuk-jane-subjekt-i-tatimit-mbi-te-ardhurat-personale\/#breadcrumb\"},\"inLanguage\":\"it-IT\",\"potentialAction\":[{\"@type\":\"ReadAction\",\"target\":[\"https:\/\/alprofitconsult.al\/tatime\/individe\/te-ardhurat-e-tatueshme-2\/kategorite-e-te-ardhurave-personale-qe-nuk-jane-subjekt-i-tatimit-mbi-te-ardhurat-personale\/\"]}]},{\"@type\":\"ImageObject\",\"inLanguage\":\"it-IT\",\"@id\":\"https:\/\/alprofitconsult.al\/tatime\/individe\/te-ardhurat-e-tatueshme-2\/kategorite-e-te-ardhurave-personale-qe-nuk-jane-subjekt-i-tatimit-mbi-te-ardhurat-personale\/#primaryimage\",\"url\":\"https:\/\/alprofitconsult.al\/wp-content\/uploads\/2024\/11\/AlProfit-Consult-Te-ardhura-te-perjashtuara-per-individet.jpg\",\"contentUrl\":\"https:\/\/alprofitconsult.al\/wp-content\/uploads\/2024\/11\/AlProfit-Consult-Te-ardhura-te-perjashtuara-per-individet.jpg\"},{\"@type\":\"BreadcrumbList\",\"@id\":\"https:\/\/alprofitconsult.al\/tatime\/individe\/te-ardhurat-e-tatueshme-2\/kategorite-e-te-ardhurave-personale-qe-nuk-jane-subjekt-i-tatimit-mbi-te-ardhurat-personale\/#breadcrumb\",\"itemListElement\":[{\"@type\":\"ListItem\",\"position\":1,\"name\":\"Kryefaqe\",\"item\":\"https:\/\/alprofitconsult.al\/\"},{\"@type\":\"ListItem\",\"position\":2,\"name\":\"Legjislacioni tatimor\",\"item\":\"https:\/\/alprofitconsult.al\/en\/tatime\/\"},{\"@type\":\"ListItem\",\"position\":3,\"name\":\"Individe\",\"item\":\"https:\/\/alprofitconsult.al\/en\/tatime\/individe\/\"},{\"@type\":\"ListItem\",\"position\":4,\"name\":\"T\u00eb ardhurat e tatueshme\",\"item\":\"https:\/\/alprofitconsult.al\/en\/tatime\/individe\/te-ardhurat-e-tatueshme-2\/\"},{\"@type\":\"ListItem\",\"position\":5,\"name\":\"Kategorit\u00eb e t\u00eb Ardhurave Personale q\u00eb nuk jan\u00eb Subjekt i Tatimit mbi t\u00eb Ardhurat Personale\"}]},{\"@type\":\"WebSite\",\"@id\":\"https:\/\/alprofitconsult.al\/#website\",\"url\":\"https:\/\/alprofitconsult.al\/\",\"name\":\"AlProfit Consult\",\"description\":\"Zyr\u00eb Kontabiliteti\",\"publisher\":{\"@id\":\"https:\/\/alprofitconsult.al\/#organization\"},\"potentialAction\":[{\"@type\":\"SearchAction\",\"target\":{\"@type\":\"EntryPoint\",\"urlTemplate\":\"https:\/\/alprofitconsult.al\/?s={search_term_string}\"},\"query-input\":{\"@type\":\"PropertyValueSpecification\",\"valueRequired\":true,\"valueName\":\"search_term_string\"}}],\"inLanguage\":\"it-IT\"},{\"@type\":\"Organization\",\"@id\":\"https:\/\/alprofitconsult.al\/#organization\",\"name\":\"Alprofit Consult\",\"url\":\"https:\/\/alprofitconsult.al\/\",\"logo\":{\"@type\":\"ImageObject\",\"inLanguage\":\"it-IT\",\"@id\":\"https:\/\/alprofitconsult.al\/#\/schema\/logo\/image\/\",\"url\":\"https:\/\/alprofitconsult.al\/wp-content\/uploads\/2022\/10\/logoalprofit.png\",\"contentUrl\":\"https:\/\/alprofitconsult.al\/wp-content\/uploads\/2022\/10\/logoalprofit.png\",\"width\":529,\"height\":156,\"caption\":\"Alprofit Consult\"},\"image\":{\"@id\":\"https:\/\/alprofitconsult.al\/#\/schema\/logo\/image\/\"},\"sameAs\":[\"https:\/\/www.facebook.com\/AlProfitConsult\/\",\"https:\/\/x.com\/AlProfitConsult\",\"https:\/\/www.linkedin.com\/company\/andi-haxhillari\/\",\"https:\/\/www.pinterest.com\/AlProfitConsult\/\",\"https:\/\/www.youtube.com\/channel\/UCZ5Gfntn161Nla3g1XdRldA\",\"https:\/\/sq.wikipedia.org\/wiki\/P\u00ebrdoruesi:Andi25~sqwiki\"]}]}<\/script>\n<!-- \/ Yoast SEO plugin. -->","yoast_head_json":{"title":"Kategorit\u00eb e t\u00eb Ardhurave Personale q\u00eb nuk jan\u00eb Subjekt i Tatimit mbi t\u00eb Ardhurat Personale - AlProfit Consult","robots":{"index":"index","follow":"follow","max-snippet":"max-snippet:-1","max-image-preview":"max-image-preview:large","max-video-preview":"max-video-preview:-1"},"canonical":"https:\/\/alprofitconsult.al\/it\/tasse\/individe\/te-ardhurat-e-tatueshme-2\/kategorite-e-te-ardhurave-personale-qe-nuk-jane-subjekt-i-tatimit-mbi-te-ardhurat-personale\/","og_locale":"it_IT","og_type":"article","og_title":"Kategorit\u00eb e t\u00eb Ardhurave Personale q\u00eb nuk jan\u00eb Subjekt i Tatimit mbi t\u00eb Ardhurat Personale - AlProfit Consult","og_description":"11.1 T\u00eb ardhurat nga sigurimi social dhe sh\u00ebndet\u00ebsor T\u00eb ardhurat nga sigurimi social dhe sh\u00ebndet\u00ebsor, p\u00ebrfshir\u00eb pensionet dhe kompensimet, jan\u00eb t\u00eb p\u00ebrjashtuara nga tatimi. 11.2 Ndihmat ekonomike Ndihmat ekonomike nga buxhetet publike p\u00ebr individ\u00ebt pa t\u00eb ardhura ose me t\u00eb ardhura t\u00eb ul\u00ebta jan\u00eb t\u00eb p\u00ebrjashtuara nga tatimi. 11.3 T\u00eb ardhurat e p\u00ebrjashtuara mbi baz\u00ebn [&hellip;]","og_url":"https:\/\/alprofitconsult.al\/it\/tasse\/individe\/te-ardhurat-e-tatueshme-2\/kategorite-e-te-ardhurave-personale-qe-nuk-jane-subjekt-i-tatimit-mbi-te-ardhurat-personale\/","og_site_name":"AlProfit Consult","article_publisher":"https:\/\/www.facebook.com\/AlProfitConsult\/","article_modified_time":"2026-02-15T16:09:04+00:00","og_image":[{"width":1920,"height":1280,"url":"https:\/\/alprofitconsult.al\/wp-content\/uploads\/2024\/11\/AlProfit-Consult-Te-ardhura-te-perjashtuara-per-individet.jpg","type":"image\/jpeg"}],"twitter_card":"summary_large_image","twitter_site":"@AlProfitConsult","twitter_misc":{"Tempo di lettura stimato":"2 minuti"},"schema":{"@context":"https:\/\/schema.org","@graph":[{"@type":"WebPage","@id":"https:\/\/alprofitconsult.al\/tatime\/individe\/te-ardhurat-e-tatueshme-2\/kategorite-e-te-ardhurave-personale-qe-nuk-jane-subjekt-i-tatimit-mbi-te-ardhurat-personale\/","url":"https:\/\/alprofitconsult.al\/tatime\/individe\/te-ardhurat-e-tatueshme-2\/kategorite-e-te-ardhurave-personale-qe-nuk-jane-subjekt-i-tatimit-mbi-te-ardhurat-personale\/","name":"Kategorit\u00eb e t\u00eb Ardhurave Personale q\u00eb nuk jan\u00eb Subjekt i Tatimit mbi t\u00eb Ardhurat Personale - AlProfit Consult","isPartOf":{"@id":"https:\/\/alprofitconsult.al\/#website"},"primaryImageOfPage":{"@id":"https:\/\/alprofitconsult.al\/tatime\/individe\/te-ardhurat-e-tatueshme-2\/kategorite-e-te-ardhurave-personale-qe-nuk-jane-subjekt-i-tatimit-mbi-te-ardhurat-personale\/#primaryimage"},"image":{"@id":"https:\/\/alprofitconsult.al\/tatime\/individe\/te-ardhurat-e-tatueshme-2\/kategorite-e-te-ardhurave-personale-qe-nuk-jane-subjekt-i-tatimit-mbi-te-ardhurat-personale\/#primaryimage"},"thumbnailUrl":"https:\/\/alprofitconsult.al\/wp-content\/uploads\/2024\/11\/AlProfit-Consult-Te-ardhura-te-perjashtuara-per-individet.jpg","datePublished":"2024-11-29T20:23:05+00:00","dateModified":"2026-02-15T16:09:04+00:00","breadcrumb":{"@id":"https:\/\/alprofitconsult.al\/tatime\/individe\/te-ardhurat-e-tatueshme-2\/kategorite-e-te-ardhurave-personale-qe-nuk-jane-subjekt-i-tatimit-mbi-te-ardhurat-personale\/#breadcrumb"},"inLanguage":"it-IT","potentialAction":[{"@type":"ReadAction","target":["https:\/\/alprofitconsult.al\/tatime\/individe\/te-ardhurat-e-tatueshme-2\/kategorite-e-te-ardhurave-personale-qe-nuk-jane-subjekt-i-tatimit-mbi-te-ardhurat-personale\/"]}]},{"@type":"ImageObject","inLanguage":"it-IT","@id":"https:\/\/alprofitconsult.al\/tatime\/individe\/te-ardhurat-e-tatueshme-2\/kategorite-e-te-ardhurave-personale-qe-nuk-jane-subjekt-i-tatimit-mbi-te-ardhurat-personale\/#primaryimage","url":"https:\/\/alprofitconsult.al\/wp-content\/uploads\/2024\/11\/AlProfit-Consult-Te-ardhura-te-perjashtuara-per-individet.jpg","contentUrl":"https:\/\/alprofitconsult.al\/wp-content\/uploads\/2024\/11\/AlProfit-Consult-Te-ardhura-te-perjashtuara-per-individet.jpg"},{"@type":"BreadcrumbList","@id":"https:\/\/alprofitconsult.al\/tatime\/individe\/te-ardhurat-e-tatueshme-2\/kategorite-e-te-ardhurave-personale-qe-nuk-jane-subjekt-i-tatimit-mbi-te-ardhurat-personale\/#breadcrumb","itemListElement":[{"@type":"ListItem","position":1,"name":"Kryefaqe","item":"https:\/\/alprofitconsult.al\/"},{"@type":"ListItem","position":2,"name":"Legjislacioni tatimor","item":"https:\/\/alprofitconsult.al\/en\/tatime\/"},{"@type":"ListItem","position":3,"name":"Individe","item":"https:\/\/alprofitconsult.al\/en\/tatime\/individe\/"},{"@type":"ListItem","position":4,"name":"T\u00eb ardhurat e tatueshme","item":"https:\/\/alprofitconsult.al\/en\/tatime\/individe\/te-ardhurat-e-tatueshme-2\/"},{"@type":"ListItem","position":5,"name":"Kategorit\u00eb e t\u00eb Ardhurave Personale q\u00eb nuk jan\u00eb Subjekt i Tatimit mbi t\u00eb Ardhurat Personale"}]},{"@type":"WebSite","@id":"https:\/\/alprofitconsult.al\/#website","url":"https:\/\/alprofitconsult.al\/","name":"AlProfit Consult","description":"Ufficio contabilit\u00e0","publisher":{"@id":"https:\/\/alprofitconsult.al\/#organization"},"potentialAction":[{"@type":"SearchAction","target":{"@type":"EntryPoint","urlTemplate":"https:\/\/alprofitconsult.al\/?s={search_term_string}"},"query-input":{"@type":"PropertyValueSpecification","valueRequired":true,"valueName":"search_term_string"}}],"inLanguage":"it-IT"},{"@type":"Organization","@id":"https:\/\/alprofitconsult.al\/#organization","name":"Alprofit Consult","url":"https:\/\/alprofitconsult.al\/","logo":{"@type":"ImageObject","inLanguage":"it-IT","@id":"https:\/\/alprofitconsult.al\/#\/schema\/logo\/image\/","url":"https:\/\/alprofitconsult.al\/wp-content\/uploads\/2022\/10\/logoalprofit.png","contentUrl":"https:\/\/alprofitconsult.al\/wp-content\/uploads\/2022\/10\/logoalprofit.png","width":529,"height":156,"caption":"Alprofit Consult"},"image":{"@id":"https:\/\/alprofitconsult.al\/#\/schema\/logo\/image\/"},"sameAs":["https:\/\/www.facebook.com\/AlProfitConsult\/","https:\/\/x.com\/AlProfitConsult","https:\/\/www.linkedin.com\/company\/andi-haxhillari\/","https:\/\/www.pinterest.com\/AlProfitConsult\/","https:\/\/www.youtube.com\/channel\/UCZ5Gfntn161Nla3g1XdRldA","https:\/\/sq.wikipedia.org\/wiki\/P\u00ebrdoruesi:Andi25~sqwiki"]}]}},"_links":{"self":[{"href":"https:\/\/alprofitconsult.al\/it\/wp-json\/wp\/v2\/pages\/19576","targetHints":{"allow":["GET"]}}],"collection":[{"href":"https:\/\/alprofitconsult.al\/it\/wp-json\/wp\/v2\/pages"}],"about":[{"href":"https:\/\/alprofitconsult.al\/it\/wp-json\/wp\/v2\/types\/page"}],"author":[{"embeddable":true,"href":"https:\/\/alprofitconsult.al\/it\/wp-json\/wp\/v2\/users\/1"}],"replies":[{"embeddable":true,"href":"https:\/\/alprofitconsult.al\/it\/wp-json\/wp\/v2\/comments?post=19576"}],"version-history":[{"count":5,"href":"https:\/\/alprofitconsult.al\/it\/wp-json\/wp\/v2\/pages\/19576\/revisions"}],"predecessor-version":[{"id":33476,"href":"https:\/\/alprofitconsult.al\/it\/wp-json\/wp\/v2\/pages\/19576\/revisions\/33476"}],"up":[{"embeddable":true,"href":"https:\/\/alprofitconsult.al\/it\/wp-json\/wp\/v2\/pages\/19570"}],"wp:attachment":[{"href":"https:\/\/alprofitconsult.al\/it\/wp-json\/wp\/v2\/media?parent=19576"}],"curies":[{"name":"wp","href":"https:\/\/api.w.org\/{rel}","templated":true}]}}