{"id":19579,"date":"2024-11-29T20:23:35","date_gmt":"2024-11-29T20:23:35","guid":{"rendered":"https:\/\/alprofitconsult.al\/?page_id=19579"},"modified":"2024-11-30T22:21:52","modified_gmt":"2024-11-30T22:21:52","slug":"te-ardhurat-nga-punesimi","status":"publish","type":"page","link":"https:\/\/alprofitconsult.al\/it\/tatime\/individe\/te-ardhurat-e-tatueshme-2\/te-ardhurat-nga-punesimi\/","title":{"rendered":"T\u00eb Ardhurat nga Pun\u00ebsimi"},"content":{"rendered":"<div class=\"yoast-breadcrumbs\"><span><span><a href=\"https:\/\/alprofitconsult.al\/it\/\">Home page<\/a><\/span> | <span><a href=\"https:\/\/alprofitconsult.al\/en\/tatime\/\">Normativa fiscale<\/a><\/span> | <span><a href=\"https:\/\/alprofitconsult.al\/en\/tatime\/individe\/\">Individe<\/a><\/span> | <span><a href=\"https:\/\/alprofitconsult.al\/en\/tatime\/individe\/te-ardhurat-e-tatueshme-2\/\">Reddito imponibile<\/a><\/span> | <span class=\"breadcrumb_last\" aria-current=\"page\">T\u00eb Ardhurat nga Pun\u00ebsimi<\/span><\/span><\/div>\n\n\n<p><\/p>\n\n\n\n<figure class=\"wp-block-image size-full\"><img loading=\"lazy\" decoding=\"async\" width=\"1920\" height=\"1280\" src=\"https:\/\/alprofitconsult.al\/wp-content\/uploads\/2024\/11\/Te-Ardhurat-nga-Punesimi-Tatimi-i-individeve-Alprofit-Consult.jpg\" alt=\"\" class=\"wp-image-19756\" srcset=\"https:\/\/alprofitconsult.al\/wp-content\/uploads\/2024\/11\/Te-Ardhurat-nga-Punesimi-Tatimi-i-individeve-Alprofit-Consult.jpg 1920w, https:\/\/alprofitconsult.al\/wp-content\/uploads\/2024\/11\/Te-Ardhurat-nga-Punesimi-Tatimi-i-individeve-Alprofit-Consult-768x512.jpg 768w, https:\/\/alprofitconsult.al\/wp-content\/uploads\/2024\/11\/Te-Ardhurat-nga-Punesimi-Tatimi-i-individeve-Alprofit-Consult-1536x1024.jpg 1536w\" sizes=\"auto, (max-width: 1920px) 100vw, 1920px\" \/><\/figure>\n\n\n\n<h2 class=\"wp-block-heading\">12.1 \u00c7far\u00eb p\u00ebrfshin t\u00eb ardhurat nga pun\u00ebsimi?<\/h2>\n\n\n\n<p>T\u00eb ardhurat nga pun\u00ebsimi p\u00ebrfshijn\u00eb \u00e7do p\u00ebrfitim t\u00eb individit q\u00eb ka lidhje me marr\u00ebdh\u00ebniet e pun\u00ebsimit, p\u00ebrfshir\u00eb pagat, shp\u00ebrblimet, bonuset dhe kompensimet.<\/p>\n\n\n\n<h2 class=\"wp-block-heading\">12.2 Pagesat p\u00ebr marr\u00ebdh\u00ebnie pun\u00ebsimi t\u00eb ardhshme ose t\u00eb kaluara<\/h2>\n\n\n\n<p>Edhe pagesat q\u00eb b\u00ebhen p\u00ebr marr\u00ebdh\u00ebnie pun\u00ebsimi t\u00eb ardhshme ose t\u00eb kaluara konsiderohen t\u00eb ardhura nga pun\u00ebsimi dhe tatohen n\u00eb momentin e deklarimit t\u00eb list\u00ebpages\u00ebs.<\/p>\n\n\n\n<h2 class=\"wp-block-heading\">12.3 Shp\u00ebrblimet p\u00ebr drejtor\u00ebt dhe an\u00ebtar\u00ebt e bordeve<\/h2>\n\n\n\n<p>Shp\u00ebrblimet p\u00ebr drejtor\u00ebt dhe an\u00ebtar\u00ebt e bordeve t\u00eb drejtor\u00ebve trajtohen si t\u00eb ardhura nga pun\u00ebsimi dhe tatohen si t\u00eb tilla.<\/p>\n\n\n\n<h2 class=\"wp-block-heading\">12.4 Pagesat nga nj\u00eb entitet i ndrysh\u00ebm<\/h2>\n\n\n\n<p>N\u00ebse pagesat merren nga nj\u00eb entitet i ndrysh\u00ebm nga pun\u00ebdh\u00ebn\u00ebsi, entiteti pagues mban tatimin 15%.<\/p>\n\n\n\n<h2 class=\"wp-block-heading\">12.5 Transferimi ose huazimi i punonj\u00ebsve<\/h2>\n\n\n\n<p>T\u00eb ardhurat nga transferimi ose huazimi i punonj\u00ebsve tatohen si t\u00eb ardhura nga pun\u00ebsimi.<\/p>\n\n\n\n<h2 class=\"wp-block-heading\">12.6 Klauzola antishmangie p\u00ebr vet\u00ebpun\u00ebsimin<\/h2>\n\n\n\n<p>N\u00ebse nj\u00eb i vet\u00ebpun\u00ebsuar siguron m\u00eb shum\u00eb se 80% t\u00eb t\u00eb ardhurave nga nj\u00eb klient i vet\u00ebm, t\u00eb ardhurat e tij tatohen si t\u00eb ardhura nga pun\u00ebsimi.<\/p>\n\n\n\n<h2 class=\"wp-block-heading\">12.7 Tatimi mbi pagesat n\u00eb rast t\u00eb humbjes s\u00eb vendit t\u00eb pun\u00ebs<\/h2>\n\n\n\n<p>Pagesat e menj\u00ebhershme q\u00eb jepen n\u00eb rastet e shkurtimit t\u00eb vendit t\u00eb pun\u00ebs tatohen me 15% n\u00ebse paguhen n\u00eb nj\u00eb shum\u00eb t\u00eb vetme.<\/p>\n\n\n\n<h2 class=\"wp-block-heading\">12.8 Tatimi mbi t\u00eb ardhurat nga pun\u00ebsimi p\u00ebr agjencit\u00eb e huaja t\u00eb pun\u00ebsimit<\/h2>\n\n\n\n<p>Tatimi mbi t\u00eb ardhurat nga pun\u00ebsimi p\u00ebr agjencit\u00eb e huaja t\u00eb pun\u00ebsimit \u00ebsht\u00eb jo m\u00eb pak se 80% e tarif\u00ebs totale t\u00eb paguar nga entiteti shqiptar p\u00ebr agjencin\u00eb e huaj.<\/p>\n\n\n\n<h2 class=\"wp-block-heading\">12.9 P\u00ebrfitimet e p\u00ebrjashtuara nga tatimi mbi t\u00eb ardhurat nga pun\u00ebsimi<\/h2>\n\n\n\n<p>P\u00ebrfitimet e p\u00ebrjashtuara p\u00ebrfshijn\u00eb ushqimet dhe pijet n\u00eb ambientet e pun\u00ebs, pajisjet e pun\u00ebs dhe shpenzimet e udh\u00ebtimit dhe akomodimit p\u00ebr q\u00ebllime pune.<\/p>\n\n\n<div class=\"gdlr-core-widget-box-shortcode\" style=\"color: #ffffff ;background-color: #000014 ;\"  ><h3 class=\"gdlr-core-widget-box-shortcode-title\" style=\"color: #ffffff ;\"  >Hai qualche domanda?<\/h3><div class=\"gdlr-core-widget-box-shortcode-content\" ><p class=\"translation-block\">Non esitare a <a href=\"https:\/\/alprofitconsult.al\/it\/contact\/\" target=\"_self\">contattarci. Siamo un team di esperti e saremo lieti di parlare con te.<\/p>\n<\/div><\/div>","protected":false},"excerpt":{"rendered":"<p>12.1 \u00c7far\u00eb p\u00ebrfshin t\u00eb ardhurat nga pun\u00ebsimi? T\u00eb ardhurat nga pun\u00ebsimi p\u00ebrfshijn\u00eb \u00e7do p\u00ebrfitim t\u00eb individit q\u00eb ka lidhje me marr\u00ebdh\u00ebniet e pun\u00ebsimit, p\u00ebrfshir\u00eb pagat, shp\u00ebrblimet, bonuset dhe kompensimet. 12.2 Pagesat p\u00ebr marr\u00ebdh\u00ebnie pun\u00ebsimi t\u00eb ardhshme ose t\u00eb kaluara Edhe pagesat q\u00eb b\u00ebhen p\u00ebr marr\u00ebdh\u00ebnie pun\u00ebsimi t\u00eb ardhshme ose t\u00eb kaluara konsiderohen t\u00eb ardhura nga [&hellip;]<\/p>\n","protected":false},"author":1,"featured_media":0,"parent":19570,"menu_order":0,"comment_status":"closed","ping_status":"closed","template":"","meta":{"footnotes":""},"class_list":["post-19579","page","type-page","status-publish","hentry"],"yoast_head":"<!-- This site is optimized with the Yoast SEO plugin v26.5 - https:\/\/yoast.com\/wordpress\/plugins\/seo\/ -->\n<title>T\u00eb Ardhurat nga Pun\u00ebsimi - AlProfit Consult<\/title>\n<meta name=\"robots\" content=\"index, follow, max-snippet:-1, max-image-preview:large, max-video-preview:-1\" \/>\n<link rel=\"canonical\" href=\"https:\/\/alprofitconsult.al\/it\/tasse\/individe\/te-ardhurat-e-tatueshme-2\/te-ardhurat-nga-punesimi\/\" \/>\n<meta property=\"og:locale\" content=\"it_IT\" \/>\n<meta property=\"og:type\" content=\"article\" \/>\n<meta property=\"og:title\" content=\"T\u00eb Ardhurat nga Pun\u00ebsimi - AlProfit Consult\" \/>\n<meta property=\"og:description\" content=\"12.1 \u00c7far\u00eb p\u00ebrfshin t\u00eb ardhurat nga pun\u00ebsimi? T\u00eb ardhurat nga pun\u00ebsimi p\u00ebrfshijn\u00eb \u00e7do p\u00ebrfitim t\u00eb individit q\u00eb ka lidhje me marr\u00ebdh\u00ebniet e pun\u00ebsimit, p\u00ebrfshir\u00eb pagat, shp\u00ebrblimet, bonuset dhe kompensimet. 12.2 Pagesat p\u00ebr marr\u00ebdh\u00ebnie pun\u00ebsimi t\u00eb ardhshme ose t\u00eb kaluara Edhe pagesat q\u00eb b\u00ebhen p\u00ebr marr\u00ebdh\u00ebnie pun\u00ebsimi t\u00eb ardhshme ose t\u00eb kaluara konsiderohen t\u00eb ardhura nga [&hellip;]\" \/>\n<meta property=\"og:url\" content=\"https:\/\/alprofitconsult.al\/it\/tasse\/individe\/te-ardhurat-e-tatueshme-2\/te-ardhurat-nga-punesimi\/\" \/>\n<meta property=\"og:site_name\" content=\"AlProfit Consult\" \/>\n<meta property=\"article:publisher\" content=\"https:\/\/www.facebook.com\/AlProfitConsult\/\" \/>\n<meta property=\"article:modified_time\" content=\"2024-11-30T22:21:52+00:00\" \/>\n<meta property=\"og:image\" content=\"https:\/\/alprofitconsult.al\/wp-content\/uploads\/2024\/11\/Te-Ardhurat-nga-Punesimi-Tatimi-i-individeve-Alprofit-Consult.jpg\" \/>\n<meta name=\"twitter:card\" content=\"summary_large_image\" \/>\n<meta name=\"twitter:site\" content=\"@AlProfitConsult\" \/>\n<meta name=\"twitter:label1\" content=\"Tempo di lettura stimato\" \/>\n\t<meta name=\"twitter:data1\" content=\"2 minuti\" \/>\n<script type=\"application\/ld+json\" class=\"yoast-schema-graph\">{\"@context\":\"https:\/\/schema.org\",\"@graph\":[{\"@type\":\"WebPage\",\"@id\":\"https:\/\/alprofitconsult.al\/en\/tatime\/individe\/te-ardhurat-e-tatueshme-2\/te-ardhurat-nga-punesimi\/\",\"url\":\"https:\/\/alprofitconsult.al\/en\/tatime\/individe\/te-ardhurat-e-tatueshme-2\/te-ardhurat-nga-punesimi\/\",\"name\":\"T\u00eb Ardhurat nga Pun\u00ebsimi - AlProfit Consult\",\"isPartOf\":{\"@id\":\"https:\/\/alprofitconsult.al\/#website\"},\"primaryImageOfPage\":{\"@id\":\"https:\/\/alprofitconsult.al\/en\/tatime\/individe\/te-ardhurat-e-tatueshme-2\/te-ardhurat-nga-punesimi\/#primaryimage\"},\"image\":{\"@id\":\"https:\/\/alprofitconsult.al\/en\/tatime\/individe\/te-ardhurat-e-tatueshme-2\/te-ardhurat-nga-punesimi\/#primaryimage\"},\"thumbnailUrl\":\"https:\/\/alprofitconsult.al\/wp-content\/uploads\/2024\/11\/Te-Ardhurat-nga-Punesimi-Tatimi-i-individeve-Alprofit-Consult.jpg\",\"datePublished\":\"2024-11-29T20:23:35+00:00\",\"dateModified\":\"2024-11-30T22:21:52+00:00\",\"breadcrumb\":{\"@id\":\"https:\/\/alprofitconsult.al\/en\/tatime\/individe\/te-ardhurat-e-tatueshme-2\/te-ardhurat-nga-punesimi\/#breadcrumb\"},\"inLanguage\":\"it-IT\",\"potentialAction\":[{\"@type\":\"ReadAction\",\"target\":[\"https:\/\/alprofitconsult.al\/en\/tatime\/individe\/te-ardhurat-e-tatueshme-2\/te-ardhurat-nga-punesimi\/\"]}]},{\"@type\":\"ImageObject\",\"inLanguage\":\"it-IT\",\"@id\":\"https:\/\/alprofitconsult.al\/en\/tatime\/individe\/te-ardhurat-e-tatueshme-2\/te-ardhurat-nga-punesimi\/#primaryimage\",\"url\":\"https:\/\/alprofitconsult.al\/wp-content\/uploads\/2024\/11\/Te-Ardhurat-nga-Punesimi-Tatimi-i-individeve-Alprofit-Consult.jpg\",\"contentUrl\":\"https:\/\/alprofitconsult.al\/wp-content\/uploads\/2024\/11\/Te-Ardhurat-nga-Punesimi-Tatimi-i-individeve-Alprofit-Consult.jpg\"},{\"@type\":\"BreadcrumbList\",\"@id\":\"https:\/\/alprofitconsult.al\/en\/tatime\/individe\/te-ardhurat-e-tatueshme-2\/te-ardhurat-nga-punesimi\/#breadcrumb\",\"itemListElement\":[{\"@type\":\"ListItem\",\"position\":1,\"name\":\"Kryefaqe\",\"item\":\"https:\/\/alprofitconsult.al\/\"},{\"@type\":\"ListItem\",\"position\":2,\"name\":\"Legjislacioni tatimor\",\"item\":\"https:\/\/alprofitconsult.al\/en\/tatime\/\"},{\"@type\":\"ListItem\",\"position\":3,\"name\":\"Individe\",\"item\":\"https:\/\/alprofitconsult.al\/en\/tatime\/individe\/\"},{\"@type\":\"ListItem\",\"position\":4,\"name\":\"T\u00eb ardhurat e tatueshme\",\"item\":\"https:\/\/alprofitconsult.al\/en\/tatime\/individe\/te-ardhurat-e-tatueshme-2\/\"},{\"@type\":\"ListItem\",\"position\":5,\"name\":\"T\u00eb Ardhurat nga Pun\u00ebsimi\"}]},{\"@type\":\"WebSite\",\"@id\":\"https:\/\/alprofitconsult.al\/#website\",\"url\":\"https:\/\/alprofitconsult.al\/\",\"name\":\"AlProfit Consult\",\"description\":\"Zyr\u00eb Kontabiliteti\",\"publisher\":{\"@id\":\"https:\/\/alprofitconsult.al\/#organization\"},\"potentialAction\":[{\"@type\":\"SearchAction\",\"target\":{\"@type\":\"EntryPoint\",\"urlTemplate\":\"https:\/\/alprofitconsult.al\/?s={search_term_string}\"},\"query-input\":{\"@type\":\"PropertyValueSpecification\",\"valueRequired\":true,\"valueName\":\"search_term_string\"}}],\"inLanguage\":\"it-IT\"},{\"@type\":\"Organization\",\"@id\":\"https:\/\/alprofitconsult.al\/#organization\",\"name\":\"Alprofit Consult\",\"url\":\"https:\/\/alprofitconsult.al\/\",\"logo\":{\"@type\":\"ImageObject\",\"inLanguage\":\"it-IT\",\"@id\":\"https:\/\/alprofitconsult.al\/#\/schema\/logo\/image\/\",\"url\":\"https:\/\/alprofitconsult.al\/wp-content\/uploads\/2022\/10\/logoalprofit.png\",\"contentUrl\":\"https:\/\/alprofitconsult.al\/wp-content\/uploads\/2022\/10\/logoalprofit.png\",\"width\":529,\"height\":156,\"caption\":\"Alprofit Consult\"},\"image\":{\"@id\":\"https:\/\/alprofitconsult.al\/#\/schema\/logo\/image\/\"},\"sameAs\":[\"https:\/\/www.facebook.com\/AlProfitConsult\/\",\"https:\/\/x.com\/AlProfitConsult\",\"https:\/\/www.linkedin.com\/company\/andi-haxhillari\/\",\"https:\/\/www.pinterest.com\/AlProfitConsult\/\",\"https:\/\/www.youtube.com\/channel\/UCZ5Gfntn161Nla3g1XdRldA\",\"https:\/\/sq.wikipedia.org\/wiki\/P\u00ebrdoruesi:Andi25~sqwiki\"]}]}<\/script>\n<!-- \/ Yoast SEO plugin. -->","yoast_head_json":{"title":"T\u00eb Ardhurat nga Pun\u00ebsimi - AlProfit Consult","robots":{"index":"index","follow":"follow","max-snippet":"max-snippet:-1","max-image-preview":"max-image-preview:large","max-video-preview":"max-video-preview:-1"},"canonical":"https:\/\/alprofitconsult.al\/it\/tasse\/individe\/te-ardhurat-e-tatueshme-2\/te-ardhurat-nga-punesimi\/","og_locale":"it_IT","og_type":"article","og_title":"T\u00eb Ardhurat nga Pun\u00ebsimi - AlProfit Consult","og_description":"12.1 \u00c7far\u00eb p\u00ebrfshin t\u00eb ardhurat nga pun\u00ebsimi? T\u00eb ardhurat nga pun\u00ebsimi p\u00ebrfshijn\u00eb \u00e7do p\u00ebrfitim t\u00eb individit q\u00eb ka lidhje me marr\u00ebdh\u00ebniet e pun\u00ebsimit, p\u00ebrfshir\u00eb pagat, shp\u00ebrblimet, bonuset dhe kompensimet. 12.2 Pagesat p\u00ebr marr\u00ebdh\u00ebnie pun\u00ebsimi t\u00eb ardhshme ose t\u00eb kaluara Edhe pagesat q\u00eb b\u00ebhen p\u00ebr marr\u00ebdh\u00ebnie pun\u00ebsimi t\u00eb ardhshme ose t\u00eb kaluara konsiderohen t\u00eb ardhura nga [&hellip;]","og_url":"https:\/\/alprofitconsult.al\/it\/tasse\/individe\/te-ardhurat-e-tatueshme-2\/te-ardhurat-nga-punesimi\/","og_site_name":"AlProfit Consult","article_publisher":"https:\/\/www.facebook.com\/AlProfitConsult\/","article_modified_time":"2024-11-30T22:21:52+00:00","og_image":[{"url":"https:\/\/alprofitconsult.al\/wp-content\/uploads\/2024\/11\/Te-Ardhurat-nga-Punesimi-Tatimi-i-individeve-Alprofit-Consult.jpg","type":"","width":"","height":""}],"twitter_card":"summary_large_image","twitter_site":"@AlProfitConsult","twitter_misc":{"Tempo di lettura stimato":"2 minuti"},"schema":{"@context":"https:\/\/schema.org","@graph":[{"@type":"WebPage","@id":"https:\/\/alprofitconsult.al\/en\/tatime\/individe\/te-ardhurat-e-tatueshme-2\/te-ardhurat-nga-punesimi\/","url":"https:\/\/alprofitconsult.al\/en\/tatime\/individe\/te-ardhurat-e-tatueshme-2\/te-ardhurat-nga-punesimi\/","name":"T\u00eb Ardhurat nga Pun\u00ebsimi - AlProfit Consult","isPartOf":{"@id":"https:\/\/alprofitconsult.al\/#website"},"primaryImageOfPage":{"@id":"https:\/\/alprofitconsult.al\/en\/tatime\/individe\/te-ardhurat-e-tatueshme-2\/te-ardhurat-nga-punesimi\/#primaryimage"},"image":{"@id":"https:\/\/alprofitconsult.al\/en\/tatime\/individe\/te-ardhurat-e-tatueshme-2\/te-ardhurat-nga-punesimi\/#primaryimage"},"thumbnailUrl":"https:\/\/alprofitconsult.al\/wp-content\/uploads\/2024\/11\/Te-Ardhurat-nga-Punesimi-Tatimi-i-individeve-Alprofit-Consult.jpg","datePublished":"2024-11-29T20:23:35+00:00","dateModified":"2024-11-30T22:21:52+00:00","breadcrumb":{"@id":"https:\/\/alprofitconsult.al\/en\/tatime\/individe\/te-ardhurat-e-tatueshme-2\/te-ardhurat-nga-punesimi\/#breadcrumb"},"inLanguage":"it-IT","potentialAction":[{"@type":"ReadAction","target":["https:\/\/alprofitconsult.al\/en\/tatime\/individe\/te-ardhurat-e-tatueshme-2\/te-ardhurat-nga-punesimi\/"]}]},{"@type":"ImageObject","inLanguage":"it-IT","@id":"https:\/\/alprofitconsult.al\/en\/tatime\/individe\/te-ardhurat-e-tatueshme-2\/te-ardhurat-nga-punesimi\/#primaryimage","url":"https:\/\/alprofitconsult.al\/wp-content\/uploads\/2024\/11\/Te-Ardhurat-nga-Punesimi-Tatimi-i-individeve-Alprofit-Consult.jpg","contentUrl":"https:\/\/alprofitconsult.al\/wp-content\/uploads\/2024\/11\/Te-Ardhurat-nga-Punesimi-Tatimi-i-individeve-Alprofit-Consult.jpg"},{"@type":"BreadcrumbList","@id":"https:\/\/alprofitconsult.al\/en\/tatime\/individe\/te-ardhurat-e-tatueshme-2\/te-ardhurat-nga-punesimi\/#breadcrumb","itemListElement":[{"@type":"ListItem","position":1,"name":"Kryefaqe","item":"https:\/\/alprofitconsult.al\/"},{"@type":"ListItem","position":2,"name":"Legjislacioni tatimor","item":"https:\/\/alprofitconsult.al\/en\/tatime\/"},{"@type":"ListItem","position":3,"name":"Individe","item":"https:\/\/alprofitconsult.al\/en\/tatime\/individe\/"},{"@type":"ListItem","position":4,"name":"T\u00eb ardhurat e tatueshme","item":"https:\/\/alprofitconsult.al\/en\/tatime\/individe\/te-ardhurat-e-tatueshme-2\/"},{"@type":"ListItem","position":5,"name":"T\u00eb Ardhurat nga Pun\u00ebsimi"}]},{"@type":"WebSite","@id":"https:\/\/alprofitconsult.al\/#website","url":"https:\/\/alprofitconsult.al\/","name":"AlProfit Consult","description":"Ufficio contabilit\u00e0","publisher":{"@id":"https:\/\/alprofitconsult.al\/#organization"},"potentialAction":[{"@type":"SearchAction","target":{"@type":"EntryPoint","urlTemplate":"https:\/\/alprofitconsult.al\/?s={search_term_string}"},"query-input":{"@type":"PropertyValueSpecification","valueRequired":true,"valueName":"search_term_string"}}],"inLanguage":"it-IT"},{"@type":"Organization","@id":"https:\/\/alprofitconsult.al\/#organization","name":"Alprofit Consult","url":"https:\/\/alprofitconsult.al\/","logo":{"@type":"ImageObject","inLanguage":"it-IT","@id":"https:\/\/alprofitconsult.al\/#\/schema\/logo\/image\/","url":"https:\/\/alprofitconsult.al\/wp-content\/uploads\/2022\/10\/logoalprofit.png","contentUrl":"https:\/\/alprofitconsult.al\/wp-content\/uploads\/2022\/10\/logoalprofit.png","width":529,"height":156,"caption":"Alprofit Consult"},"image":{"@id":"https:\/\/alprofitconsult.al\/#\/schema\/logo\/image\/"},"sameAs":["https:\/\/www.facebook.com\/AlProfitConsult\/","https:\/\/x.com\/AlProfitConsult","https:\/\/www.linkedin.com\/company\/andi-haxhillari\/","https:\/\/www.pinterest.com\/AlProfitConsult\/","https:\/\/www.youtube.com\/channel\/UCZ5Gfntn161Nla3g1XdRldA","https:\/\/sq.wikipedia.org\/wiki\/P\u00ebrdoruesi:Andi25~sqwiki"]}]}},"_links":{"self":[{"href":"https:\/\/alprofitconsult.al\/it\/wp-json\/wp\/v2\/pages\/19579","targetHints":{"allow":["GET"]}}],"collection":[{"href":"https:\/\/alprofitconsult.al\/it\/wp-json\/wp\/v2\/pages"}],"about":[{"href":"https:\/\/alprofitconsult.al\/it\/wp-json\/wp\/v2\/types\/page"}],"author":[{"embeddable":true,"href":"https:\/\/alprofitconsult.al\/it\/wp-json\/wp\/v2\/users\/1"}],"replies":[{"embeddable":true,"href":"https:\/\/alprofitconsult.al\/it\/wp-json\/wp\/v2\/comments?post=19579"}],"version-history":[{"count":5,"href":"https:\/\/alprofitconsult.al\/it\/wp-json\/wp\/v2\/pages\/19579\/revisions"}],"predecessor-version":[{"id":20044,"href":"https:\/\/alprofitconsult.al\/it\/wp-json\/wp\/v2\/pages\/19579\/revisions\/20044"}],"up":[{"embeddable":true,"href":"https:\/\/alprofitconsult.al\/it\/wp-json\/wp\/v2\/pages\/19570"}],"wp:attachment":[{"href":"https:\/\/alprofitconsult.al\/it\/wp-json\/wp\/v2\/media?parent=19579"}],"curies":[{"name":"wp","href":"https:\/\/api.w.org\/{rel}","templated":true}]}}