{"id":19585,"date":"2024-11-29T20:24:32","date_gmt":"2024-11-29T20:24:32","guid":{"rendered":"https:\/\/alprofitconsult.al\/?page_id=19585"},"modified":"2024-11-30T22:22:11","modified_gmt":"2024-11-30T22:22:11","slug":"regjimi-i-vecante-per-individet-tregtare-dhe-te-vetepunesuar","status":"publish","type":"page","link":"https:\/\/alprofitconsult.al\/it\/tatime\/individ\/regjimi-i-vecante-per-individet-tregtare-dhe-te-vetepunesuar\/","title":{"rendered":"Regjimi i Ve\u00e7ant\u00eb p\u00ebr Individ\u00ebt Tregtar\u00eb dhe t\u00eb Vet\u00ebpun\u00ebsuar"},"content":{"rendered":"<div class=\"yoast-breadcrumbs\"><span><span><a href=\"https:\/\/alprofitconsult.al\/it\/\">Home page<\/a><\/span> | <span><a href=\"https:\/\/alprofitconsult.al\/en\/tatime\/\">Normativa fiscale<\/a><\/span> | <span><a href=\"https:\/\/alprofitconsult.al\/en\/tatime\/individ\/\">individuale<\/a><\/span> | <span class=\"breadcrumb_last\" aria-current=\"page\">Regjimi i Ve\u00e7ant\u00eb p\u00ebr Individ\u00ebt Tregtar\u00eb dhe t\u00eb Vet\u00ebpun\u00ebsuar<\/span><\/span><\/div>\n\n\n<p><\/p>\n\n\n\n<figure class=\"wp-block-image size-full\"><img loading=\"lazy\" decoding=\"async\" width=\"1920\" height=\"1080\" src=\"https:\/\/alprofitconsult.al\/wp-content\/uploads\/2024\/11\/Regjimi-i-Vecante-per-Individet-Tregtare-dhe-te-Vetepunesuar-Alprofit-Consult.jpg\" alt=\"\" class=\"wp-image-19766\" srcset=\"https:\/\/alprofitconsult.al\/wp-content\/uploads\/2024\/11\/Regjimi-i-Vecante-per-Individet-Tregtare-dhe-te-Vetepunesuar-Alprofit-Consult.jpg 1920w, https:\/\/alprofitconsult.al\/wp-content\/uploads\/2024\/11\/Regjimi-i-Vecante-per-Individet-Tregtare-dhe-te-Vetepunesuar-Alprofit-Consult-768x432.jpg 768w, https:\/\/alprofitconsult.al\/wp-content\/uploads\/2024\/11\/Regjimi-i-Vecante-per-Individet-Tregtare-dhe-te-Vetepunesuar-Alprofit-Consult-1536x864.jpg 1536w\" sizes=\"auto, (max-width: 1920px) 100vw, 1920px\" \/><\/figure>\n\n\n\n<h2 class=\"wp-block-heading\">14.1 Format e deklarimit t\u00eb t\u00eb ardhurave nga biznesi<\/h2>\n\n\n\n<p>Tatimpaguesit mund t\u00eb zgjedhin t\u00eb p\u00ebrdorin:<\/p>\n\n\n\n<ul class=\"wp-block-list\">\n<li>Form\u00ebn e plot\u00eb t\u00eb deklarimit, ku evidentohen \u00e7do shpenzim i zbritsh\u00ebm dhe t\u00eb ardhurat bruto nga shitja e mallrave dhe sh\u00ebrbimeve.<\/li>\n\n\n\n<li>Form\u00ebn e shkurtuar t\u00eb deklarimit p\u00ebr tatimpaguesit me t\u00eb ardhura bruto nga biznesi deri n\u00eb 10,000,000 lek\u00eb, ku shpenzimet zbriten n\u00eb nj\u00eb p\u00ebrqindje t\u00eb supozuar t\u00eb qarkullimit.<\/li>\n<\/ul>\n\n\n\n<h2 class=\"wp-block-heading\">14.2 Afati i ruajtjes s\u00eb dokumentacionit tatimor<\/h2>\n\n\n\n<p>Tatimpaguesit duhet t\u00eb respektojn\u00eb afatet e ruajtjes s\u00eb dokumentacionit tatimor sipas dispozitave ligjore n\u00eb fuqi.<\/p>\n\n\n\n<h2 class=\"wp-block-heading\">14.3 Kalimi nga nj\u00eb metod\u00eb deklarimi n\u00eb tjetr\u00ebn<\/h2>\n\n\n\n<p>Tatimpaguesit mund t\u00eb kalojn\u00eb nga nj\u00eb metod\u00eb deklarimi n\u00eb tjetr\u00ebn nj\u00eb her\u00eb n\u00eb tre vjet.<\/p>\n\n\n\n<h2 class=\"wp-block-heading\">14.4 Kufizimi i k\u00ebrkesave p\u00ebr zbritje t\u00eb tjera<\/h2>\n\n\n\n<p>Tatimpaguesit q\u00eb zgjedhin metod\u00ebn e supozuar t\u00eb shpenzimeve nuk mund t\u00eb k\u00ebrkojn\u00eb zbritje ose kompensim tjet\u00ebr p\u00ebrve\u00e7 kompensimit personal.<\/p>\n\n\n<div class=\"gdlr-core-widget-box-shortcode\" style=\"color: #ffffff ;background-color: #000014 ;\"  ><h3 class=\"gdlr-core-widget-box-shortcode-title\" style=\"color: #ffffff ;\"  >Hai qualche domanda?<\/h3><div class=\"gdlr-core-widget-box-shortcode-content\" ><p class=\"translation-block\">Non esitare a <a href=\"https:\/\/alprofitconsult.al\/it\/contact\/\" target=\"_self\">contattarci. Siamo un team di esperti e saremo lieti di parlare con te.<\/p>\n<\/div><\/div>","protected":false},"excerpt":{"rendered":"<p>14.1 Format e deklarimit t\u00eb t\u00eb ardhurave nga biznesi Tatimpaguesit mund t\u00eb zgjedhin t\u00eb p\u00ebrdorin: 14.2 Afati i ruajtjes s\u00eb dokumentacionit tatimor Tatimpaguesit duhet t\u00eb respektojn\u00eb afatet e ruajtjes s\u00eb dokumentacionit tatimor sipas dispozitave ligjore n\u00eb fuqi. 14.3 Kalimi nga nj\u00eb metod\u00eb deklarimi n\u00eb tjetr\u00ebn Tatimpaguesit mund t\u00eb kalojn\u00eb nga nj\u00eb metod\u00eb deklarimi n\u00eb tjetr\u00ebn [&hellip;]<\/p>\n","protected":false},"author":1,"featured_media":0,"parent":15065,"menu_order":0,"comment_status":"closed","ping_status":"closed","template":"","meta":{"footnotes":""},"class_list":["post-19585","page","type-page","status-publish","hentry"],"yoast_head":"<!-- This site is optimized with the Yoast SEO plugin v26.5 - https:\/\/yoast.com\/wordpress\/plugins\/seo\/ -->\n<title>Regjimi i Ve\u00e7ant\u00eb p\u00ebr Individ\u00ebt Tregtar\u00eb dhe t\u00eb Vet\u00ebpun\u00ebsuar - AlProfit Consult<\/title>\n<meta name=\"robots\" content=\"index, follow, max-snippet:-1, max-image-preview:large, max-video-preview:-1\" \/>\n<link rel=\"canonical\" href=\"https:\/\/alprofitconsult.al\/it\/tasse\/individ\/regjimi-i-vecante-per-individet-tregtare-dhe-te-vetepunesuar\/\" \/>\n<meta property=\"og:locale\" content=\"it_IT\" \/>\n<meta property=\"og:type\" content=\"article\" \/>\n<meta property=\"og:title\" content=\"Regjimi i Ve\u00e7ant\u00eb p\u00ebr Individ\u00ebt Tregtar\u00eb dhe t\u00eb Vet\u00ebpun\u00ebsuar - AlProfit Consult\" \/>\n<meta property=\"og:description\" content=\"14.1 Format e deklarimit t\u00eb t\u00eb ardhurave nga biznesi Tatimpaguesit mund t\u00eb zgjedhin t\u00eb p\u00ebrdorin: 14.2 Afati i ruajtjes s\u00eb dokumentacionit tatimor Tatimpaguesit duhet t\u00eb respektojn\u00eb afatet e ruajtjes s\u00eb dokumentacionit tatimor sipas dispozitave ligjore n\u00eb fuqi. 14.3 Kalimi nga nj\u00eb metod\u00eb deklarimi n\u00eb tjetr\u00ebn Tatimpaguesit mund t\u00eb kalojn\u00eb nga nj\u00eb metod\u00eb deklarimi n\u00eb tjetr\u00ebn [&hellip;]\" \/>\n<meta property=\"og:url\" content=\"https:\/\/alprofitconsult.al\/it\/tasse\/individ\/regjimi-i-vecante-per-individet-tregtare-dhe-te-vetepunesuar\/\" \/>\n<meta property=\"og:site_name\" content=\"AlProfit Consult\" \/>\n<meta property=\"article:publisher\" content=\"https:\/\/www.facebook.com\/AlProfitConsult\/\" \/>\n<meta property=\"article:modified_time\" content=\"2024-11-30T22:22:11+00:00\" \/>\n<meta property=\"og:image\" content=\"https:\/\/alprofitconsult.al\/wp-content\/uploads\/2024\/11\/Regjimi-i-Vecante-per-Individet-Tregtare-dhe-te-Vetepunesuar-Alprofit-Consult.jpg\" \/>\n<meta name=\"twitter:card\" content=\"summary_large_image\" \/>\n<meta name=\"twitter:site\" content=\"@AlProfitConsult\" \/>\n<meta name=\"twitter:label1\" content=\"Tempo di lettura stimato\" \/>\n\t<meta name=\"twitter:data1\" content=\"1 minuto\" \/>\n<script type=\"application\/ld+json\" class=\"yoast-schema-graph\">{\"@context\":\"https:\/\/schema.org\",\"@graph\":[{\"@type\":\"WebPage\",\"@id\":\"https:\/\/alprofitconsult.al\/en\/tatime\/individ\/regjimi-i-vecante-per-individet-tregtare-dhe-te-vetepunesuar\/\",\"url\":\"https:\/\/alprofitconsult.al\/en\/tatime\/individ\/regjimi-i-vecante-per-individet-tregtare-dhe-te-vetepunesuar\/\",\"name\":\"Regjimi i Ve\u00e7ant\u00eb p\u00ebr Individ\u00ebt Tregtar\u00eb dhe t\u00eb Vet\u00ebpun\u00ebsuar - AlProfit Consult\",\"isPartOf\":{\"@id\":\"https:\/\/alprofitconsult.al\/#website\"},\"primaryImageOfPage\":{\"@id\":\"https:\/\/alprofitconsult.al\/en\/tatime\/individ\/regjimi-i-vecante-per-individet-tregtare-dhe-te-vetepunesuar\/#primaryimage\"},\"image\":{\"@id\":\"https:\/\/alprofitconsult.al\/en\/tatime\/individ\/regjimi-i-vecante-per-individet-tregtare-dhe-te-vetepunesuar\/#primaryimage\"},\"thumbnailUrl\":\"https:\/\/alprofitconsult.al\/wp-content\/uploads\/2024\/11\/Regjimi-i-Vecante-per-Individet-Tregtare-dhe-te-Vetepunesuar-Alprofit-Consult.jpg\",\"datePublished\":\"2024-11-29T20:24:32+00:00\",\"dateModified\":\"2024-11-30T22:22:11+00:00\",\"breadcrumb\":{\"@id\":\"https:\/\/alprofitconsult.al\/en\/tatime\/individ\/regjimi-i-vecante-per-individet-tregtare-dhe-te-vetepunesuar\/#breadcrumb\"},\"inLanguage\":\"it-IT\",\"potentialAction\":[{\"@type\":\"ReadAction\",\"target\":[\"https:\/\/alprofitconsult.al\/en\/tatime\/individ\/regjimi-i-vecante-per-individet-tregtare-dhe-te-vetepunesuar\/\"]}]},{\"@type\":\"ImageObject\",\"inLanguage\":\"it-IT\",\"@id\":\"https:\/\/alprofitconsult.al\/en\/tatime\/individ\/regjimi-i-vecante-per-individet-tregtare-dhe-te-vetepunesuar\/#primaryimage\",\"url\":\"https:\/\/alprofitconsult.al\/wp-content\/uploads\/2024\/11\/Regjimi-i-Vecante-per-Individet-Tregtare-dhe-te-Vetepunesuar-Alprofit-Consult.jpg\",\"contentUrl\":\"https:\/\/alprofitconsult.al\/wp-content\/uploads\/2024\/11\/Regjimi-i-Vecante-per-Individet-Tregtare-dhe-te-Vetepunesuar-Alprofit-Consult.jpg\"},{\"@type\":\"BreadcrumbList\",\"@id\":\"https:\/\/alprofitconsult.al\/en\/tatime\/individ\/regjimi-i-vecante-per-individet-tregtare-dhe-te-vetepunesuar\/#breadcrumb\",\"itemListElement\":[{\"@type\":\"ListItem\",\"position\":1,\"name\":\"Kryefaqe\",\"item\":\"https:\/\/alprofitconsult.al\/\"},{\"@type\":\"ListItem\",\"position\":2,\"name\":\"Legjislacioni tatimor\",\"item\":\"https:\/\/alprofitconsult.al\/en\/tatime\/\"},{\"@type\":\"ListItem\",\"position\":3,\"name\":\"Individ\",\"item\":\"https:\/\/alprofitconsult.al\/en\/tatime\/individ\/\"},{\"@type\":\"ListItem\",\"position\":4,\"name\":\"Regjimi i Ve\u00e7ant\u00eb p\u00ebr Individ\u00ebt Tregtar\u00eb dhe t\u00eb Vet\u00ebpun\u00ebsuar\"}]},{\"@type\":\"WebSite\",\"@id\":\"https:\/\/alprofitconsult.al\/#website\",\"url\":\"https:\/\/alprofitconsult.al\/\",\"name\":\"AlProfit Consult\",\"description\":\"Zyr\u00eb Kontabiliteti\",\"publisher\":{\"@id\":\"https:\/\/alprofitconsult.al\/#organization\"},\"potentialAction\":[{\"@type\":\"SearchAction\",\"target\":{\"@type\":\"EntryPoint\",\"urlTemplate\":\"https:\/\/alprofitconsult.al\/?s={search_term_string}\"},\"query-input\":{\"@type\":\"PropertyValueSpecification\",\"valueRequired\":true,\"valueName\":\"search_term_string\"}}],\"inLanguage\":\"it-IT\"},{\"@type\":\"Organization\",\"@id\":\"https:\/\/alprofitconsult.al\/#organization\",\"name\":\"Alprofit Consult\",\"url\":\"https:\/\/alprofitconsult.al\/\",\"logo\":{\"@type\":\"ImageObject\",\"inLanguage\":\"it-IT\",\"@id\":\"https:\/\/alprofitconsult.al\/#\/schema\/logo\/image\/\",\"url\":\"https:\/\/alprofitconsult.al\/wp-content\/uploads\/2022\/10\/logoalprofit.png\",\"contentUrl\":\"https:\/\/alprofitconsult.al\/wp-content\/uploads\/2022\/10\/logoalprofit.png\",\"width\":529,\"height\":156,\"caption\":\"Alprofit Consult\"},\"image\":{\"@id\":\"https:\/\/alprofitconsult.al\/#\/schema\/logo\/image\/\"},\"sameAs\":[\"https:\/\/www.facebook.com\/AlProfitConsult\/\",\"https:\/\/x.com\/AlProfitConsult\",\"https:\/\/www.linkedin.com\/company\/andi-haxhillari\/\",\"https:\/\/www.pinterest.com\/AlProfitConsult\/\",\"https:\/\/www.youtube.com\/channel\/UCZ5Gfntn161Nla3g1XdRldA\",\"https:\/\/sq.wikipedia.org\/wiki\/P\u00ebrdoruesi:Andi25~sqwiki\"]}]}<\/script>\n<!-- \/ Yoast SEO plugin. -->","yoast_head_json":{"title":"Regjimi i Ve\u00e7ant\u00eb p\u00ebr Individ\u00ebt Tregtar\u00eb dhe t\u00eb Vet\u00ebpun\u00ebsuar - AlProfit Consult","robots":{"index":"index","follow":"follow","max-snippet":"max-snippet:-1","max-image-preview":"max-image-preview:large","max-video-preview":"max-video-preview:-1"},"canonical":"https:\/\/alprofitconsult.al\/it\/tasse\/individ\/regjimi-i-vecante-per-individet-tregtare-dhe-te-vetepunesuar\/","og_locale":"it_IT","og_type":"article","og_title":"Regjimi i Ve\u00e7ant\u00eb p\u00ebr Individ\u00ebt Tregtar\u00eb dhe t\u00eb Vet\u00ebpun\u00ebsuar - AlProfit Consult","og_description":"14.1 Format e deklarimit t\u00eb t\u00eb ardhurave nga biznesi Tatimpaguesit mund t\u00eb zgjedhin t\u00eb p\u00ebrdorin: 14.2 Afati i ruajtjes s\u00eb dokumentacionit tatimor Tatimpaguesit duhet t\u00eb respektojn\u00eb afatet e ruajtjes s\u00eb dokumentacionit tatimor sipas dispozitave ligjore n\u00eb fuqi. 14.3 Kalimi nga nj\u00eb metod\u00eb deklarimi n\u00eb tjetr\u00ebn Tatimpaguesit mund t\u00eb kalojn\u00eb nga nj\u00eb metod\u00eb deklarimi n\u00eb tjetr\u00ebn [&hellip;]","og_url":"https:\/\/alprofitconsult.al\/it\/tasse\/individ\/regjimi-i-vecante-per-individet-tregtare-dhe-te-vetepunesuar\/","og_site_name":"AlProfit Consult","article_publisher":"https:\/\/www.facebook.com\/AlProfitConsult\/","article_modified_time":"2024-11-30T22:22:11+00:00","og_image":[{"url":"https:\/\/alprofitconsult.al\/wp-content\/uploads\/2024\/11\/Regjimi-i-Vecante-per-Individet-Tregtare-dhe-te-Vetepunesuar-Alprofit-Consult.jpg","type":"","width":"","height":""}],"twitter_card":"summary_large_image","twitter_site":"@AlProfitConsult","twitter_misc":{"Tempo di lettura stimato":"1 minuto"},"schema":{"@context":"https:\/\/schema.org","@graph":[{"@type":"WebPage","@id":"https:\/\/alprofitconsult.al\/en\/tatime\/individ\/regjimi-i-vecante-per-individet-tregtare-dhe-te-vetepunesuar\/","url":"https:\/\/alprofitconsult.al\/en\/tatime\/individ\/regjimi-i-vecante-per-individet-tregtare-dhe-te-vetepunesuar\/","name":"Regjimi i Ve\u00e7ant\u00eb p\u00ebr Individ\u00ebt Tregtar\u00eb dhe t\u00eb Vet\u00ebpun\u00ebsuar - AlProfit Consult","isPartOf":{"@id":"https:\/\/alprofitconsult.al\/#website"},"primaryImageOfPage":{"@id":"https:\/\/alprofitconsult.al\/en\/tatime\/individ\/regjimi-i-vecante-per-individet-tregtare-dhe-te-vetepunesuar\/#primaryimage"},"image":{"@id":"https:\/\/alprofitconsult.al\/en\/tatime\/individ\/regjimi-i-vecante-per-individet-tregtare-dhe-te-vetepunesuar\/#primaryimage"},"thumbnailUrl":"https:\/\/alprofitconsult.al\/wp-content\/uploads\/2024\/11\/Regjimi-i-Vecante-per-Individet-Tregtare-dhe-te-Vetepunesuar-Alprofit-Consult.jpg","datePublished":"2024-11-29T20:24:32+00:00","dateModified":"2024-11-30T22:22:11+00:00","breadcrumb":{"@id":"https:\/\/alprofitconsult.al\/en\/tatime\/individ\/regjimi-i-vecante-per-individet-tregtare-dhe-te-vetepunesuar\/#breadcrumb"},"inLanguage":"it-IT","potentialAction":[{"@type":"ReadAction","target":["https:\/\/alprofitconsult.al\/en\/tatime\/individ\/regjimi-i-vecante-per-individet-tregtare-dhe-te-vetepunesuar\/"]}]},{"@type":"ImageObject","inLanguage":"it-IT","@id":"https:\/\/alprofitconsult.al\/en\/tatime\/individ\/regjimi-i-vecante-per-individet-tregtare-dhe-te-vetepunesuar\/#primaryimage","url":"https:\/\/alprofitconsult.al\/wp-content\/uploads\/2024\/11\/Regjimi-i-Vecante-per-Individet-Tregtare-dhe-te-Vetepunesuar-Alprofit-Consult.jpg","contentUrl":"https:\/\/alprofitconsult.al\/wp-content\/uploads\/2024\/11\/Regjimi-i-Vecante-per-Individet-Tregtare-dhe-te-Vetepunesuar-Alprofit-Consult.jpg"},{"@type":"BreadcrumbList","@id":"https:\/\/alprofitconsult.al\/en\/tatime\/individ\/regjimi-i-vecante-per-individet-tregtare-dhe-te-vetepunesuar\/#breadcrumb","itemListElement":[{"@type":"ListItem","position":1,"name":"Kryefaqe","item":"https:\/\/alprofitconsult.al\/"},{"@type":"ListItem","position":2,"name":"Legjislacioni tatimor","item":"https:\/\/alprofitconsult.al\/en\/tatime\/"},{"@type":"ListItem","position":3,"name":"Individ","item":"https:\/\/alprofitconsult.al\/en\/tatime\/individ\/"},{"@type":"ListItem","position":4,"name":"Regjimi i Ve\u00e7ant\u00eb p\u00ebr Individ\u00ebt Tregtar\u00eb dhe t\u00eb Vet\u00ebpun\u00ebsuar"}]},{"@type":"WebSite","@id":"https:\/\/alprofitconsult.al\/#website","url":"https:\/\/alprofitconsult.al\/","name":"AlProfit Consult","description":"Ufficio contabilit\u00e0","publisher":{"@id":"https:\/\/alprofitconsult.al\/#organization"},"potentialAction":[{"@type":"SearchAction","target":{"@type":"EntryPoint","urlTemplate":"https:\/\/alprofitconsult.al\/?s={search_term_string}"},"query-input":{"@type":"PropertyValueSpecification","valueRequired":true,"valueName":"search_term_string"}}],"inLanguage":"it-IT"},{"@type":"Organization","@id":"https:\/\/alprofitconsult.al\/#organization","name":"Alprofit Consult","url":"https:\/\/alprofitconsult.al\/","logo":{"@type":"ImageObject","inLanguage":"it-IT","@id":"https:\/\/alprofitconsult.al\/#\/schema\/logo\/image\/","url":"https:\/\/alprofitconsult.al\/wp-content\/uploads\/2022\/10\/logoalprofit.png","contentUrl":"https:\/\/alprofitconsult.al\/wp-content\/uploads\/2022\/10\/logoalprofit.png","width":529,"height":156,"caption":"Alprofit Consult"},"image":{"@id":"https:\/\/alprofitconsult.al\/#\/schema\/logo\/image\/"},"sameAs":["https:\/\/www.facebook.com\/AlProfitConsult\/","https:\/\/x.com\/AlProfitConsult","https:\/\/www.linkedin.com\/company\/andi-haxhillari\/","https:\/\/www.pinterest.com\/AlProfitConsult\/","https:\/\/www.youtube.com\/channel\/UCZ5Gfntn161Nla3g1XdRldA","https:\/\/sq.wikipedia.org\/wiki\/P\u00ebrdoruesi:Andi25~sqwiki"]}]}},"_links":{"self":[{"href":"https:\/\/alprofitconsult.al\/it\/wp-json\/wp\/v2\/pages\/19585","targetHints":{"allow":["GET"]}}],"collection":[{"href":"https:\/\/alprofitconsult.al\/it\/wp-json\/wp\/v2\/pages"}],"about":[{"href":"https:\/\/alprofitconsult.al\/it\/wp-json\/wp\/v2\/types\/page"}],"author":[{"embeddable":true,"href":"https:\/\/alprofitconsult.al\/it\/wp-json\/wp\/v2\/users\/1"}],"replies":[{"embeddable":true,"href":"https:\/\/alprofitconsult.al\/it\/wp-json\/wp\/v2\/comments?post=19585"}],"version-history":[{"count":5,"href":"https:\/\/alprofitconsult.al\/it\/wp-json\/wp\/v2\/pages\/19585\/revisions"}],"predecessor-version":[{"id":20045,"href":"https:\/\/alprofitconsult.al\/it\/wp-json\/wp\/v2\/pages\/19585\/revisions\/20045"}],"up":[{"embeddable":true,"href":"https:\/\/alprofitconsult.al\/it\/wp-json\/wp\/v2\/pages\/15065"}],"wp:attachment":[{"href":"https:\/\/alprofitconsult.al\/it\/wp-json\/wp\/v2\/media?parent=19585"}],"curies":[{"name":"wp","href":"https:\/\/api.w.org\/{rel}","templated":true}]}}