{"id":19588,"date":"2024-11-29T20:25:07","date_gmt":"2024-11-29T20:25:07","guid":{"rendered":"https:\/\/alprofitconsult.al\/?page_id=19588"},"modified":"2024-11-30T22:22:39","modified_gmt":"2024-11-30T22:22:39","slug":"te-ardhurat-nga-investimet","status":"publish","type":"page","link":"https:\/\/alprofitconsult.al\/it\/tatime\/individe\/te-ardhurat-e-tatueshme-2\/te-ardhurat-nga-investimet\/","title":{"rendered":"T\u00eb Ardhurat nga Investimet"},"content":{"rendered":"<div class=\"yoast-breadcrumbs\"><span><span><a href=\"https:\/\/alprofitconsult.al\/it\/\">Home page<\/a><\/span> | <span><a href=\"https:\/\/alprofitconsult.al\/en\/tatime\/\">Normativa fiscale<\/a><\/span> | <span><a href=\"https:\/\/alprofitconsult.al\/en\/tatime\/individe\/\">Individe<\/a><\/span> | <span><a href=\"https:\/\/alprofitconsult.al\/en\/tatime\/individe\/te-ardhurat-e-tatueshme-2\/\">Reddito imponibile<\/a><\/span> | <span class=\"breadcrumb_last\" aria-current=\"page\">T\u00eb Ardhurat nga Investimet<\/span><\/span><\/div>\n\n\n<p><\/p>\n\n\n\n<figure class=\"wp-block-image size-full\"><img loading=\"lazy\" decoding=\"async\" width=\"1920\" height=\"1280\" src=\"https:\/\/alprofitconsult.al\/wp-content\/uploads\/2024\/11\/Te-ardhurat-nga-investimet-Alprofit-Consult.jpg\" alt=\"\" class=\"wp-image-19770\" srcset=\"https:\/\/alprofitconsult.al\/wp-content\/uploads\/2024\/11\/Te-ardhurat-nga-investimet-Alprofit-Consult.jpg 1920w, https:\/\/alprofitconsult.al\/wp-content\/uploads\/2024\/11\/Te-ardhurat-nga-investimet-Alprofit-Consult-768x512.jpg 768w, https:\/\/alprofitconsult.al\/wp-content\/uploads\/2024\/11\/Te-ardhurat-nga-investimet-Alprofit-Consult-1536x1024.jpg 1536w\" sizes=\"auto, (max-width: 1920px) 100vw, 1920px\" \/><\/figure>\n\n\n\n<h2 class=\"wp-block-heading\">15.1 Llojet e t\u00eb ardhurave nga investimet<\/h2>\n\n\n\n<p>T\u00eb ardhurat nga investimet p\u00ebrfshijn\u00eb t\u00eb ardhurat nga interesat e depozitave, llogarive rrjedh\u00ebse dhe bonove t\u00eb thesarit, dividend\u00ebt, fitimet kapitale nga tjet\u00ebrsimi i kuotave t\u00eb kapitalit dhe letrave me vler\u00eb, t\u00eb ardhurat nga qiraja e pasurive t\u00eb paluajtshme dhe t\u00eb ardhurat nga transaksionet me mjete virtuale.<\/p>\n\n\n\n<h2 class=\"wp-block-heading\">15.2 T\u00eb ardhurat nga investimet t\u00eb p\u00ebrjashtuara nga tatimi<\/h2>\n\n\n\n<p>T\u00eb ardhurat nga tjet\u00ebrsimi i pasurive t\u00eb luajtshme, p\u00ebrve\u00e7 tjet\u00ebrsimit t\u00eb automjeteve, aeroplan\u00ebve dhe anijeve brenda 12 muajve nga blerja, jan\u00eb t\u00eb p\u00ebrjashtuara nga tatimi. T\u00eb ardhurat nga investimi n\u00eb Eurobonde t\u00eb emetuara nga qeveria e Shqip\u00ebris\u00eb jan\u00eb gjithashtu t\u00eb p\u00ebrjashtuara nga tatimi p\u00ebr individ\u00ebt jorezident\u00eb shqiptar\u00eb.<\/p>\n\n\n\n<h2 class=\"wp-block-heading\">15.3 Llogaritja e tatimit mbi fitimet kapitale<\/h2>\n\n\n\n<p>\u00c7mimi i shitjes s\u00eb kuotave t\u00eb kapitalit duhet t\u00eb marr\u00eb n\u00eb konsiderat\u00eb vler\u00ebn e mbetur t\u00eb aktiveve dhe \u00e7do aktiv tjet\u00ebr qarkullues. \u00c7mimi i shitjes duhet t\u00eb p\u00ebrfaq\u00ebsoj\u00eb vler\u00ebn e drejt\u00eb t\u00eb tregut t\u00eb aktiveve.<\/p>\n\n\n<div class=\"gdlr-core-widget-box-shortcode\" style=\"color: #ffffff ;background-color: #000014 ;\"  ><h3 class=\"gdlr-core-widget-box-shortcode-title\" style=\"color: #ffffff ;\"  >Hai qualche domanda?<\/h3><div class=\"gdlr-core-widget-box-shortcode-content\" ><p class=\"translation-block\">Non esitare a <a href=\"https:\/\/alprofitconsult.al\/it\/contact\/\" target=\"_self\">contattarci. Siamo un team di esperti e saremo lieti di parlare con te.<\/p>\n<\/div><\/div>","protected":false},"excerpt":{"rendered":"<p>15.1 Llojet e t\u00eb ardhurave nga investimet T\u00eb ardhurat nga investimet p\u00ebrfshijn\u00eb t\u00eb ardhurat nga interesat e depozitave, llogarive rrjedh\u00ebse dhe bonove t\u00eb thesarit, dividend\u00ebt, fitimet kapitale nga tjet\u00ebrsimi i kuotave t\u00eb kapitalit dhe letrave me vler\u00eb, t\u00eb ardhurat nga qiraja e pasurive t\u00eb paluajtshme dhe t\u00eb ardhurat nga transaksionet me mjete virtuale. 15.2 T\u00eb [&hellip;]<\/p>\n","protected":false},"author":1,"featured_media":0,"parent":19570,"menu_order":0,"comment_status":"closed","ping_status":"closed","template":"","meta":{"footnotes":""},"class_list":["post-19588","page","type-page","status-publish","hentry"],"yoast_head":"<!-- This site is optimized with the Yoast SEO plugin v26.5 - https:\/\/yoast.com\/wordpress\/plugins\/seo\/ -->\n<title>T\u00eb Ardhurat nga Investimet - AlProfit Consult<\/title>\n<meta name=\"robots\" content=\"index, follow, max-snippet:-1, max-image-preview:large, max-video-preview:-1\" \/>\n<link rel=\"canonical\" href=\"https:\/\/alprofitconsult.al\/it\/tasse\/individe\/te-ardhurat-e-tatueshme-2\/te-ardhurat-nga-investimet\/\" \/>\n<meta property=\"og:locale\" content=\"it_IT\" \/>\n<meta property=\"og:type\" content=\"article\" \/>\n<meta property=\"og:title\" content=\"T\u00eb Ardhurat nga Investimet - AlProfit Consult\" \/>\n<meta property=\"og:description\" content=\"15.1 Llojet e t\u00eb ardhurave nga investimet T\u00eb ardhurat nga investimet p\u00ebrfshijn\u00eb t\u00eb ardhurat nga interesat e depozitave, llogarive rrjedh\u00ebse dhe bonove t\u00eb thesarit, dividend\u00ebt, fitimet kapitale nga tjet\u00ebrsimi i kuotave t\u00eb kapitalit dhe letrave me vler\u00eb, t\u00eb ardhurat nga qiraja e pasurive t\u00eb paluajtshme dhe t\u00eb ardhurat nga transaksionet me mjete virtuale. 15.2 T\u00eb [&hellip;]\" \/>\n<meta property=\"og:url\" content=\"https:\/\/alprofitconsult.al\/it\/tasse\/individe\/te-ardhurat-e-tatueshme-2\/te-ardhurat-nga-investimet\/\" \/>\n<meta property=\"og:site_name\" content=\"AlProfit Consult\" \/>\n<meta property=\"article:publisher\" content=\"https:\/\/www.facebook.com\/AlProfitConsult\/\" \/>\n<meta property=\"article:modified_time\" content=\"2024-11-30T22:22:39+00:00\" \/>\n<meta property=\"og:image\" content=\"https:\/\/alprofitconsult.al\/wp-content\/uploads\/2024\/11\/Te-ardhurat-nga-investimet-Alprofit-Consult.jpg\" \/>\n<meta name=\"twitter:card\" content=\"summary_large_image\" \/>\n<meta name=\"twitter:site\" content=\"@AlProfitConsult\" \/>\n<meta name=\"twitter:label1\" content=\"Tempo di lettura stimato\" \/>\n\t<meta name=\"twitter:data1\" content=\"1 minuto\" \/>\n<script type=\"application\/ld+json\" class=\"yoast-schema-graph\">{\"@context\":\"https:\/\/schema.org\",\"@graph\":[{\"@type\":\"WebPage\",\"@id\":\"https:\/\/alprofitconsult.al\/en\/tatime\/individe\/te-ardhurat-e-tatueshme-2\/te-ardhurat-nga-investimet\/\",\"url\":\"https:\/\/alprofitconsult.al\/en\/tatime\/individe\/te-ardhurat-e-tatueshme-2\/te-ardhurat-nga-investimet\/\",\"name\":\"T\u00eb Ardhurat nga Investimet - AlProfit Consult\",\"isPartOf\":{\"@id\":\"https:\/\/alprofitconsult.al\/#website\"},\"primaryImageOfPage\":{\"@id\":\"https:\/\/alprofitconsult.al\/en\/tatime\/individe\/te-ardhurat-e-tatueshme-2\/te-ardhurat-nga-investimet\/#primaryimage\"},\"image\":{\"@id\":\"https:\/\/alprofitconsult.al\/en\/tatime\/individe\/te-ardhurat-e-tatueshme-2\/te-ardhurat-nga-investimet\/#primaryimage\"},\"thumbnailUrl\":\"https:\/\/alprofitconsult.al\/wp-content\/uploads\/2024\/11\/Te-ardhurat-nga-investimet-Alprofit-Consult.jpg\",\"datePublished\":\"2024-11-29T20:25:07+00:00\",\"dateModified\":\"2024-11-30T22:22:39+00:00\",\"breadcrumb\":{\"@id\":\"https:\/\/alprofitconsult.al\/en\/tatime\/individe\/te-ardhurat-e-tatueshme-2\/te-ardhurat-nga-investimet\/#breadcrumb\"},\"inLanguage\":\"it-IT\",\"potentialAction\":[{\"@type\":\"ReadAction\",\"target\":[\"https:\/\/alprofitconsult.al\/en\/tatime\/individe\/te-ardhurat-e-tatueshme-2\/te-ardhurat-nga-investimet\/\"]}]},{\"@type\":\"ImageObject\",\"inLanguage\":\"it-IT\",\"@id\":\"https:\/\/alprofitconsult.al\/en\/tatime\/individe\/te-ardhurat-e-tatueshme-2\/te-ardhurat-nga-investimet\/#primaryimage\",\"url\":\"https:\/\/alprofitconsult.al\/wp-content\/uploads\/2024\/11\/Te-ardhurat-nga-investimet-Alprofit-Consult.jpg\",\"contentUrl\":\"https:\/\/alprofitconsult.al\/wp-content\/uploads\/2024\/11\/Te-ardhurat-nga-investimet-Alprofit-Consult.jpg\"},{\"@type\":\"BreadcrumbList\",\"@id\":\"https:\/\/alprofitconsult.al\/en\/tatime\/individe\/te-ardhurat-e-tatueshme-2\/te-ardhurat-nga-investimet\/#breadcrumb\",\"itemListElement\":[{\"@type\":\"ListItem\",\"position\":1,\"name\":\"Kryefaqe\",\"item\":\"https:\/\/alprofitconsult.al\/\"},{\"@type\":\"ListItem\",\"position\":2,\"name\":\"Legjislacioni tatimor\",\"item\":\"https:\/\/alprofitconsult.al\/en\/tatime\/\"},{\"@type\":\"ListItem\",\"position\":3,\"name\":\"Individe\",\"item\":\"https:\/\/alprofitconsult.al\/en\/tatime\/individe\/\"},{\"@type\":\"ListItem\",\"position\":4,\"name\":\"T\u00eb ardhurat e tatueshme\",\"item\":\"https:\/\/alprofitconsult.al\/en\/tatime\/individe\/te-ardhurat-e-tatueshme-2\/\"},{\"@type\":\"ListItem\",\"position\":5,\"name\":\"T\u00eb Ardhurat nga Investimet\"}]},{\"@type\":\"WebSite\",\"@id\":\"https:\/\/alprofitconsult.al\/#website\",\"url\":\"https:\/\/alprofitconsult.al\/\",\"name\":\"AlProfit Consult\",\"description\":\"Zyr\u00eb Kontabiliteti\",\"publisher\":{\"@id\":\"https:\/\/alprofitconsult.al\/#organization\"},\"potentialAction\":[{\"@type\":\"SearchAction\",\"target\":{\"@type\":\"EntryPoint\",\"urlTemplate\":\"https:\/\/alprofitconsult.al\/?s={search_term_string}\"},\"query-input\":{\"@type\":\"PropertyValueSpecification\",\"valueRequired\":true,\"valueName\":\"search_term_string\"}}],\"inLanguage\":\"it-IT\"},{\"@type\":\"Organization\",\"@id\":\"https:\/\/alprofitconsult.al\/#organization\",\"name\":\"Alprofit Consult\",\"url\":\"https:\/\/alprofitconsult.al\/\",\"logo\":{\"@type\":\"ImageObject\",\"inLanguage\":\"it-IT\",\"@id\":\"https:\/\/alprofitconsult.al\/#\/schema\/logo\/image\/\",\"url\":\"https:\/\/alprofitconsult.al\/wp-content\/uploads\/2022\/10\/logoalprofit.png\",\"contentUrl\":\"https:\/\/alprofitconsult.al\/wp-content\/uploads\/2022\/10\/logoalprofit.png\",\"width\":529,\"height\":156,\"caption\":\"Alprofit Consult\"},\"image\":{\"@id\":\"https:\/\/alprofitconsult.al\/#\/schema\/logo\/image\/\"},\"sameAs\":[\"https:\/\/www.facebook.com\/AlProfitConsult\/\",\"https:\/\/x.com\/AlProfitConsult\",\"https:\/\/www.linkedin.com\/company\/andi-haxhillari\/\",\"https:\/\/www.pinterest.com\/AlProfitConsult\/\",\"https:\/\/www.youtube.com\/channel\/UCZ5Gfntn161Nla3g1XdRldA\",\"https:\/\/sq.wikipedia.org\/wiki\/P\u00ebrdoruesi:Andi25~sqwiki\"]}]}<\/script>\n<!-- \/ Yoast SEO plugin. -->","yoast_head_json":{"title":"T\u00eb Ardhurat nga Investimet - AlProfit Consult","robots":{"index":"index","follow":"follow","max-snippet":"max-snippet:-1","max-image-preview":"max-image-preview:large","max-video-preview":"max-video-preview:-1"},"canonical":"https:\/\/alprofitconsult.al\/it\/tasse\/individe\/te-ardhurat-e-tatueshme-2\/te-ardhurat-nga-investimet\/","og_locale":"it_IT","og_type":"article","og_title":"T\u00eb Ardhurat nga Investimet - AlProfit Consult","og_description":"15.1 Llojet e t\u00eb ardhurave nga investimet T\u00eb ardhurat nga investimet p\u00ebrfshijn\u00eb t\u00eb ardhurat nga interesat e depozitave, llogarive rrjedh\u00ebse dhe bonove t\u00eb thesarit, dividend\u00ebt, fitimet kapitale nga tjet\u00ebrsimi i kuotave t\u00eb kapitalit dhe letrave me vler\u00eb, t\u00eb ardhurat nga qiraja e pasurive t\u00eb paluajtshme dhe t\u00eb ardhurat nga transaksionet me mjete virtuale. 15.2 T\u00eb [&hellip;]","og_url":"https:\/\/alprofitconsult.al\/it\/tasse\/individe\/te-ardhurat-e-tatueshme-2\/te-ardhurat-nga-investimet\/","og_site_name":"AlProfit Consult","article_publisher":"https:\/\/www.facebook.com\/AlProfitConsult\/","article_modified_time":"2024-11-30T22:22:39+00:00","og_image":[{"url":"https:\/\/alprofitconsult.al\/wp-content\/uploads\/2024\/11\/Te-ardhurat-nga-investimet-Alprofit-Consult.jpg","type":"","width":"","height":""}],"twitter_card":"summary_large_image","twitter_site":"@AlProfitConsult","twitter_misc":{"Tempo di lettura stimato":"1 minuto"},"schema":{"@context":"https:\/\/schema.org","@graph":[{"@type":"WebPage","@id":"https:\/\/alprofitconsult.al\/en\/tatime\/individe\/te-ardhurat-e-tatueshme-2\/te-ardhurat-nga-investimet\/","url":"https:\/\/alprofitconsult.al\/en\/tatime\/individe\/te-ardhurat-e-tatueshme-2\/te-ardhurat-nga-investimet\/","name":"T\u00eb Ardhurat nga Investimet - AlProfit Consult","isPartOf":{"@id":"https:\/\/alprofitconsult.al\/#website"},"primaryImageOfPage":{"@id":"https:\/\/alprofitconsult.al\/en\/tatime\/individe\/te-ardhurat-e-tatueshme-2\/te-ardhurat-nga-investimet\/#primaryimage"},"image":{"@id":"https:\/\/alprofitconsult.al\/en\/tatime\/individe\/te-ardhurat-e-tatueshme-2\/te-ardhurat-nga-investimet\/#primaryimage"},"thumbnailUrl":"https:\/\/alprofitconsult.al\/wp-content\/uploads\/2024\/11\/Te-ardhurat-nga-investimet-Alprofit-Consult.jpg","datePublished":"2024-11-29T20:25:07+00:00","dateModified":"2024-11-30T22:22:39+00:00","breadcrumb":{"@id":"https:\/\/alprofitconsult.al\/en\/tatime\/individe\/te-ardhurat-e-tatueshme-2\/te-ardhurat-nga-investimet\/#breadcrumb"},"inLanguage":"it-IT","potentialAction":[{"@type":"ReadAction","target":["https:\/\/alprofitconsult.al\/en\/tatime\/individe\/te-ardhurat-e-tatueshme-2\/te-ardhurat-nga-investimet\/"]}]},{"@type":"ImageObject","inLanguage":"it-IT","@id":"https:\/\/alprofitconsult.al\/en\/tatime\/individe\/te-ardhurat-e-tatueshme-2\/te-ardhurat-nga-investimet\/#primaryimage","url":"https:\/\/alprofitconsult.al\/wp-content\/uploads\/2024\/11\/Te-ardhurat-nga-investimet-Alprofit-Consult.jpg","contentUrl":"https:\/\/alprofitconsult.al\/wp-content\/uploads\/2024\/11\/Te-ardhurat-nga-investimet-Alprofit-Consult.jpg"},{"@type":"BreadcrumbList","@id":"https:\/\/alprofitconsult.al\/en\/tatime\/individe\/te-ardhurat-e-tatueshme-2\/te-ardhurat-nga-investimet\/#breadcrumb","itemListElement":[{"@type":"ListItem","position":1,"name":"Kryefaqe","item":"https:\/\/alprofitconsult.al\/"},{"@type":"ListItem","position":2,"name":"Legjislacioni tatimor","item":"https:\/\/alprofitconsult.al\/en\/tatime\/"},{"@type":"ListItem","position":3,"name":"Individe","item":"https:\/\/alprofitconsult.al\/en\/tatime\/individe\/"},{"@type":"ListItem","position":4,"name":"T\u00eb ardhurat e tatueshme","item":"https:\/\/alprofitconsult.al\/en\/tatime\/individe\/te-ardhurat-e-tatueshme-2\/"},{"@type":"ListItem","position":5,"name":"T\u00eb Ardhurat nga Investimet"}]},{"@type":"WebSite","@id":"https:\/\/alprofitconsult.al\/#website","url":"https:\/\/alprofitconsult.al\/","name":"AlProfit Consult","description":"Ufficio contabilit\u00e0","publisher":{"@id":"https:\/\/alprofitconsult.al\/#organization"},"potentialAction":[{"@type":"SearchAction","target":{"@type":"EntryPoint","urlTemplate":"https:\/\/alprofitconsult.al\/?s={search_term_string}"},"query-input":{"@type":"PropertyValueSpecification","valueRequired":true,"valueName":"search_term_string"}}],"inLanguage":"it-IT"},{"@type":"Organization","@id":"https:\/\/alprofitconsult.al\/#organization","name":"Alprofit Consult","url":"https:\/\/alprofitconsult.al\/","logo":{"@type":"ImageObject","inLanguage":"it-IT","@id":"https:\/\/alprofitconsult.al\/#\/schema\/logo\/image\/","url":"https:\/\/alprofitconsult.al\/wp-content\/uploads\/2022\/10\/logoalprofit.png","contentUrl":"https:\/\/alprofitconsult.al\/wp-content\/uploads\/2022\/10\/logoalprofit.png","width":529,"height":156,"caption":"Alprofit Consult"},"image":{"@id":"https:\/\/alprofitconsult.al\/#\/schema\/logo\/image\/"},"sameAs":["https:\/\/www.facebook.com\/AlProfitConsult\/","https:\/\/x.com\/AlProfitConsult","https:\/\/www.linkedin.com\/company\/andi-haxhillari\/","https:\/\/www.pinterest.com\/AlProfitConsult\/","https:\/\/www.youtube.com\/channel\/UCZ5Gfntn161Nla3g1XdRldA","https:\/\/sq.wikipedia.org\/wiki\/P\u00ebrdoruesi:Andi25~sqwiki"]}]}},"_links":{"self":[{"href":"https:\/\/alprofitconsult.al\/it\/wp-json\/wp\/v2\/pages\/19588","targetHints":{"allow":["GET"]}}],"collection":[{"href":"https:\/\/alprofitconsult.al\/it\/wp-json\/wp\/v2\/pages"}],"about":[{"href":"https:\/\/alprofitconsult.al\/it\/wp-json\/wp\/v2\/types\/page"}],"author":[{"embeddable":true,"href":"https:\/\/alprofitconsult.al\/it\/wp-json\/wp\/v2\/users\/1"}],"replies":[{"embeddable":true,"href":"https:\/\/alprofitconsult.al\/it\/wp-json\/wp\/v2\/comments?post=19588"}],"version-history":[{"count":5,"href":"https:\/\/alprofitconsult.al\/it\/wp-json\/wp\/v2\/pages\/19588\/revisions"}],"predecessor-version":[{"id":20046,"href":"https:\/\/alprofitconsult.al\/it\/wp-json\/wp\/v2\/pages\/19588\/revisions\/20046"}],"up":[{"embeddable":true,"href":"https:\/\/alprofitconsult.al\/it\/wp-json\/wp\/v2\/pages\/19570"}],"wp:attachment":[{"href":"https:\/\/alprofitconsult.al\/it\/wp-json\/wp\/v2\/media?parent=19588"}],"curies":[{"name":"wp","href":"https:\/\/api.w.org\/{rel}","templated":true}]}}