{"id":19591,"date":"2024-11-29T20:25:27","date_gmt":"2024-11-29T20:25:27","guid":{"rendered":"https:\/\/alprofitconsult.al\/?page_id=19591"},"modified":"2024-11-30T22:22:57","modified_gmt":"2024-11-30T22:22:57","slug":"procedurat-per-tatimin-mbi-te-ardhurat-nga-investimet","status":"publish","type":"page","link":"https:\/\/alprofitconsult.al\/it\/tatime\/individ\/procedurat-per-tatimin-mbi-te-ardhurat-nga-investimet\/","title":{"rendered":"Procedurat p\u00ebr Tatimin mbi t\u00eb Ardhurat nga Investimet"},"content":{"rendered":"<div class=\"yoast-breadcrumbs\"><span><span><a href=\"https:\/\/alprofitconsult.al\/it\/\">Home page<\/a><\/span> | <span><a href=\"https:\/\/alprofitconsult.al\/en\/tatime\/\">Normativa fiscale<\/a><\/span> | <span><a href=\"https:\/\/alprofitconsult.al\/en\/tatime\/individ\/\">individuale<\/a><\/span> | <span class=\"breadcrumb_last\" aria-current=\"page\">Procedurat p\u00ebr Tatimin mbi t\u00eb Ardhurat nga Investimet<\/span><\/span><\/div>\n\n\n<p><\/p>\n\n\n\n<figure class=\"wp-block-image size-full\"><img loading=\"lazy\" decoding=\"async\" width=\"1920\" height=\"1280\" src=\"https:\/\/alprofitconsult.al\/wp-content\/uploads\/2024\/11\/Procedurat-per-Tatimin-mbi-te-Ardhurat-nga-Investimet-Alprofit-Consult.jpg\" alt=\"\" class=\"wp-image-19774\" srcset=\"https:\/\/alprofitconsult.al\/wp-content\/uploads\/2024\/11\/Procedurat-per-Tatimin-mbi-te-Ardhurat-nga-Investimet-Alprofit-Consult.jpg 1920w, https:\/\/alprofitconsult.al\/wp-content\/uploads\/2024\/11\/Procedurat-per-Tatimin-mbi-te-Ardhurat-nga-Investimet-Alprofit-Consult-768x512.jpg 768w, https:\/\/alprofitconsult.al\/wp-content\/uploads\/2024\/11\/Procedurat-per-Tatimin-mbi-te-Ardhurat-nga-Investimet-Alprofit-Consult-1536x1024.jpg 1536w\" sizes=\"auto, (max-width: 1920px) 100vw, 1920px\" \/><\/figure>\n\n\n\n<h2 class=\"wp-block-heading\">16.1 Llogaritja e tatimit mbi fitimet nga tjet\u00ebrsimi i titujve dhe mjeteve virtuale<\/h2>\n\n\n\n<p>Tatimi mbi t\u00eb ardhurat nga tjet\u00ebrsimi i titujve dhe mjeteve virtuale p\u00ebrcaktohet si diferenc\u00eb midis \u00e7mimit t\u00eb shitjes dhe \u00e7mimit t\u00eb blerjes s\u00eb k\u00ebtyre aseteve. Shpenzimet e lidhura drejtp\u00ebrdrejt me blerjen dhe shitjen e titujve apo instrumenteve financiare nuk zbriten nga baza tatimore.<\/p>\n\n\n\n<h2 class=\"wp-block-heading\">16.2 Dokumentacioni p\u00ebr tregtimin e titujve dhe mjeteve virtuale<\/h2>\n\n\n\n<p>\u00c7mimet e blerjes dhe t\u00eb shitjes p\u00ebrcaktohen nga dokumentet bankare dhe konfirmimet e tregtimit nga shoq\u00ebrit\u00eb komisionere.<\/p>\n\n\n\n<h2 class=\"wp-block-heading\">16.3 Kompensimi i humbjeve nga investimet n\u00eb t\u00eb nj\u00ebjtin vit tatimor<\/h2>\n\n\n\n<p>Humbjet nga tjet\u00ebrsimi i titujve apo mjeteve virtuale mund t\u00eb kompensohen me fitimet nga tjet\u00ebrsimi i titujve apo mjeteve t\u00eb tjera virtuale n\u00eb t\u00eb nj\u00ebjtin vit tatimor.<\/p>\n\n\n\n<h2 class=\"wp-block-heading\">16.4 Deklarimi I&nbsp;&nbsp;t\u00eb ardhurave nga nxjerrja e mjeteve virtuale<\/h2>\n\n\n\n<p>T\u00eb ardhurat nga nxjerrja (mining) e mjeteve virtuale deklarohen n\u00eb deklarat\u00ebn vjetore t\u00eb t\u00eb ardhurave personale dhe vler\u00ebsohen me \u00e7mimin e tregut n\u00eb dit\u00ebn e p\u00ebrfitimit t\u00eb mjetit virtual.<\/p>\n\n\n<div class=\"gdlr-core-widget-box-shortcode\" style=\"color: #ffffff ;background-color: #000014 ;\"  ><h3 class=\"gdlr-core-widget-box-shortcode-title\" style=\"color: #ffffff ;\"  >Hai qualche domanda?<\/h3><div class=\"gdlr-core-widget-box-shortcode-content\" ><p class=\"translation-block\">Non esitare a <a href=\"https:\/\/alprofitconsult.al\/it\/contact\/\" target=\"_self\">contattarci. Siamo un team di esperti e saremo lieti di parlare con te.<\/p>\n<\/div><\/div>","protected":false},"excerpt":{"rendered":"<p>16.1 Llogaritja e tatimit mbi fitimet nga tjet\u00ebrsimi i titujve dhe mjeteve virtuale Tatimi mbi t\u00eb ardhurat nga tjet\u00ebrsimi i titujve dhe mjeteve virtuale p\u00ebrcaktohet si diferenc\u00eb midis \u00e7mimit t\u00eb shitjes dhe \u00e7mimit t\u00eb blerjes s\u00eb k\u00ebtyre aseteve. Shpenzimet e lidhura drejtp\u00ebrdrejt me blerjen dhe shitjen e titujve apo instrumenteve financiare nuk zbriten nga baza [&hellip;]<\/p>\n","protected":false},"author":1,"featured_media":0,"parent":15065,"menu_order":0,"comment_status":"closed","ping_status":"closed","template":"","meta":{"footnotes":""},"class_list":["post-19591","page","type-page","status-publish","hentry"],"yoast_head":"<!-- This site is optimized with the Yoast SEO plugin v26.5 - https:\/\/yoast.com\/wordpress\/plugins\/seo\/ -->\n<title>Procedurat p\u00ebr Tatimin mbi t\u00eb Ardhurat nga Investimet - AlProfit Consult<\/title>\n<meta name=\"robots\" content=\"index, follow, max-snippet:-1, max-image-preview:large, max-video-preview:-1\" \/>\n<link rel=\"canonical\" href=\"https:\/\/alprofitconsult.al\/it\/tasse\/individ\/procedurat-per-tatimin-mbi-te-ardhurat-nga-investimet\/\" \/>\n<meta property=\"og:locale\" content=\"it_IT\" \/>\n<meta property=\"og:type\" content=\"article\" \/>\n<meta property=\"og:title\" content=\"Procedurat p\u00ebr Tatimin mbi t\u00eb Ardhurat nga Investimet - AlProfit Consult\" \/>\n<meta property=\"og:description\" content=\"16.1 Llogaritja e tatimit mbi fitimet nga tjet\u00ebrsimi i titujve dhe mjeteve virtuale Tatimi mbi t\u00eb ardhurat nga tjet\u00ebrsimi i titujve dhe mjeteve virtuale p\u00ebrcaktohet si diferenc\u00eb midis \u00e7mimit t\u00eb shitjes dhe \u00e7mimit t\u00eb blerjes s\u00eb k\u00ebtyre aseteve. Shpenzimet e lidhura drejtp\u00ebrdrejt me blerjen dhe shitjen e titujve apo instrumenteve financiare nuk zbriten nga baza [&hellip;]\" \/>\n<meta property=\"og:url\" content=\"https:\/\/alprofitconsult.al\/it\/tasse\/individ\/procedurat-per-tatimin-mbi-te-ardhurat-nga-investimet\/\" \/>\n<meta property=\"og:site_name\" content=\"AlProfit Consult\" \/>\n<meta property=\"article:publisher\" content=\"https:\/\/www.facebook.com\/AlProfitConsult\/\" \/>\n<meta property=\"article:modified_time\" content=\"2024-11-30T22:22:57+00:00\" \/>\n<meta property=\"og:image\" content=\"https:\/\/alprofitconsult.al\/wp-content\/uploads\/2024\/11\/Procedurat-per-Tatimin-mbi-te-Ardhurat-nga-Investimet-Alprofit-Consult.jpg\" \/>\n<meta name=\"twitter:card\" content=\"summary_large_image\" \/>\n<meta name=\"twitter:site\" content=\"@AlProfitConsult\" \/>\n<meta name=\"twitter:label1\" content=\"Tempo di lettura stimato\" \/>\n\t<meta name=\"twitter:data1\" content=\"1 minuto\" \/>\n<script type=\"application\/ld+json\" class=\"yoast-schema-graph\">{\"@context\":\"https:\/\/schema.org\",\"@graph\":[{\"@type\":\"WebPage\",\"@id\":\"https:\/\/alprofitconsult.al\/en\/tatime\/individ\/procedurat-per-tatimin-mbi-te-ardhurat-nga-investimet\/\",\"url\":\"https:\/\/alprofitconsult.al\/en\/tatime\/individ\/procedurat-per-tatimin-mbi-te-ardhurat-nga-investimet\/\",\"name\":\"Procedurat p\u00ebr Tatimin mbi t\u00eb Ardhurat nga Investimet - AlProfit Consult\",\"isPartOf\":{\"@id\":\"https:\/\/alprofitconsult.al\/#website\"},\"primaryImageOfPage\":{\"@id\":\"https:\/\/alprofitconsult.al\/en\/tatime\/individ\/procedurat-per-tatimin-mbi-te-ardhurat-nga-investimet\/#primaryimage\"},\"image\":{\"@id\":\"https:\/\/alprofitconsult.al\/en\/tatime\/individ\/procedurat-per-tatimin-mbi-te-ardhurat-nga-investimet\/#primaryimage\"},\"thumbnailUrl\":\"https:\/\/alprofitconsult.al\/wp-content\/uploads\/2024\/11\/Procedurat-per-Tatimin-mbi-te-Ardhurat-nga-Investimet-Alprofit-Consult.jpg\",\"datePublished\":\"2024-11-29T20:25:27+00:00\",\"dateModified\":\"2024-11-30T22:22:57+00:00\",\"breadcrumb\":{\"@id\":\"https:\/\/alprofitconsult.al\/en\/tatime\/individ\/procedurat-per-tatimin-mbi-te-ardhurat-nga-investimet\/#breadcrumb\"},\"inLanguage\":\"it-IT\",\"potentialAction\":[{\"@type\":\"ReadAction\",\"target\":[\"https:\/\/alprofitconsult.al\/en\/tatime\/individ\/procedurat-per-tatimin-mbi-te-ardhurat-nga-investimet\/\"]}]},{\"@type\":\"ImageObject\",\"inLanguage\":\"it-IT\",\"@id\":\"https:\/\/alprofitconsult.al\/en\/tatime\/individ\/procedurat-per-tatimin-mbi-te-ardhurat-nga-investimet\/#primaryimage\",\"url\":\"https:\/\/alprofitconsult.al\/wp-content\/uploads\/2024\/11\/Procedurat-per-Tatimin-mbi-te-Ardhurat-nga-Investimet-Alprofit-Consult.jpg\",\"contentUrl\":\"https:\/\/alprofitconsult.al\/wp-content\/uploads\/2024\/11\/Procedurat-per-Tatimin-mbi-te-Ardhurat-nga-Investimet-Alprofit-Consult.jpg\"},{\"@type\":\"BreadcrumbList\",\"@id\":\"https:\/\/alprofitconsult.al\/en\/tatime\/individ\/procedurat-per-tatimin-mbi-te-ardhurat-nga-investimet\/#breadcrumb\",\"itemListElement\":[{\"@type\":\"ListItem\",\"position\":1,\"name\":\"Kryefaqe\",\"item\":\"https:\/\/alprofitconsult.al\/\"},{\"@type\":\"ListItem\",\"position\":2,\"name\":\"Legjislacioni tatimor\",\"item\":\"https:\/\/alprofitconsult.al\/en\/tatime\/\"},{\"@type\":\"ListItem\",\"position\":3,\"name\":\"Individ\",\"item\":\"https:\/\/alprofitconsult.al\/en\/tatime\/individ\/\"},{\"@type\":\"ListItem\",\"position\":4,\"name\":\"Procedurat p\u00ebr Tatimin mbi t\u00eb Ardhurat nga Investimet\"}]},{\"@type\":\"WebSite\",\"@id\":\"https:\/\/alprofitconsult.al\/#website\",\"url\":\"https:\/\/alprofitconsult.al\/\",\"name\":\"AlProfit Consult\",\"description\":\"Zyr\u00eb Kontabiliteti\",\"publisher\":{\"@id\":\"https:\/\/alprofitconsult.al\/#organization\"},\"potentialAction\":[{\"@type\":\"SearchAction\",\"target\":{\"@type\":\"EntryPoint\",\"urlTemplate\":\"https:\/\/alprofitconsult.al\/?s={search_term_string}\"},\"query-input\":{\"@type\":\"PropertyValueSpecification\",\"valueRequired\":true,\"valueName\":\"search_term_string\"}}],\"inLanguage\":\"it-IT\"},{\"@type\":\"Organization\",\"@id\":\"https:\/\/alprofitconsult.al\/#organization\",\"name\":\"Alprofit Consult\",\"url\":\"https:\/\/alprofitconsult.al\/\",\"logo\":{\"@type\":\"ImageObject\",\"inLanguage\":\"it-IT\",\"@id\":\"https:\/\/alprofitconsult.al\/#\/schema\/logo\/image\/\",\"url\":\"https:\/\/alprofitconsult.al\/wp-content\/uploads\/2022\/10\/logoalprofit.png\",\"contentUrl\":\"https:\/\/alprofitconsult.al\/wp-content\/uploads\/2022\/10\/logoalprofit.png\",\"width\":529,\"height\":156,\"caption\":\"Alprofit Consult\"},\"image\":{\"@id\":\"https:\/\/alprofitconsult.al\/#\/schema\/logo\/image\/\"},\"sameAs\":[\"https:\/\/www.facebook.com\/AlProfitConsult\/\",\"https:\/\/x.com\/AlProfitConsult\",\"https:\/\/www.linkedin.com\/company\/andi-haxhillari\/\",\"https:\/\/www.pinterest.com\/AlProfitConsult\/\",\"https:\/\/www.youtube.com\/channel\/UCZ5Gfntn161Nla3g1XdRldA\",\"https:\/\/sq.wikipedia.org\/wiki\/P\u00ebrdoruesi:Andi25~sqwiki\"]}]}<\/script>\n<!-- \/ Yoast SEO plugin. -->","yoast_head_json":{"title":"Procedurat p\u00ebr Tatimin mbi t\u00eb Ardhurat nga Investimet - AlProfit Consult","robots":{"index":"index","follow":"follow","max-snippet":"max-snippet:-1","max-image-preview":"max-image-preview:large","max-video-preview":"max-video-preview:-1"},"canonical":"https:\/\/alprofitconsult.al\/it\/tasse\/individ\/procedurat-per-tatimin-mbi-te-ardhurat-nga-investimet\/","og_locale":"it_IT","og_type":"article","og_title":"Procedurat p\u00ebr Tatimin mbi t\u00eb Ardhurat nga Investimet - AlProfit Consult","og_description":"16.1 Llogaritja e tatimit mbi fitimet nga tjet\u00ebrsimi i titujve dhe mjeteve virtuale Tatimi mbi t\u00eb ardhurat nga tjet\u00ebrsimi i titujve dhe mjeteve virtuale p\u00ebrcaktohet si diferenc\u00eb midis \u00e7mimit t\u00eb shitjes dhe \u00e7mimit t\u00eb blerjes s\u00eb k\u00ebtyre aseteve. Shpenzimet e lidhura drejtp\u00ebrdrejt me blerjen dhe shitjen e titujve apo instrumenteve financiare nuk zbriten nga baza [&hellip;]","og_url":"https:\/\/alprofitconsult.al\/it\/tasse\/individ\/procedurat-per-tatimin-mbi-te-ardhurat-nga-investimet\/","og_site_name":"AlProfit Consult","article_publisher":"https:\/\/www.facebook.com\/AlProfitConsult\/","article_modified_time":"2024-11-30T22:22:57+00:00","og_image":[{"url":"https:\/\/alprofitconsult.al\/wp-content\/uploads\/2024\/11\/Procedurat-per-Tatimin-mbi-te-Ardhurat-nga-Investimet-Alprofit-Consult.jpg","type":"","width":"","height":""}],"twitter_card":"summary_large_image","twitter_site":"@AlProfitConsult","twitter_misc":{"Tempo di lettura stimato":"1 minuto"},"schema":{"@context":"https:\/\/schema.org","@graph":[{"@type":"WebPage","@id":"https:\/\/alprofitconsult.al\/en\/tatime\/individ\/procedurat-per-tatimin-mbi-te-ardhurat-nga-investimet\/","url":"https:\/\/alprofitconsult.al\/en\/tatime\/individ\/procedurat-per-tatimin-mbi-te-ardhurat-nga-investimet\/","name":"Procedurat p\u00ebr Tatimin mbi t\u00eb Ardhurat nga Investimet - AlProfit Consult","isPartOf":{"@id":"https:\/\/alprofitconsult.al\/#website"},"primaryImageOfPage":{"@id":"https:\/\/alprofitconsult.al\/en\/tatime\/individ\/procedurat-per-tatimin-mbi-te-ardhurat-nga-investimet\/#primaryimage"},"image":{"@id":"https:\/\/alprofitconsult.al\/en\/tatime\/individ\/procedurat-per-tatimin-mbi-te-ardhurat-nga-investimet\/#primaryimage"},"thumbnailUrl":"https:\/\/alprofitconsult.al\/wp-content\/uploads\/2024\/11\/Procedurat-per-Tatimin-mbi-te-Ardhurat-nga-Investimet-Alprofit-Consult.jpg","datePublished":"2024-11-29T20:25:27+00:00","dateModified":"2024-11-30T22:22:57+00:00","breadcrumb":{"@id":"https:\/\/alprofitconsult.al\/en\/tatime\/individ\/procedurat-per-tatimin-mbi-te-ardhurat-nga-investimet\/#breadcrumb"},"inLanguage":"it-IT","potentialAction":[{"@type":"ReadAction","target":["https:\/\/alprofitconsult.al\/en\/tatime\/individ\/procedurat-per-tatimin-mbi-te-ardhurat-nga-investimet\/"]}]},{"@type":"ImageObject","inLanguage":"it-IT","@id":"https:\/\/alprofitconsult.al\/en\/tatime\/individ\/procedurat-per-tatimin-mbi-te-ardhurat-nga-investimet\/#primaryimage","url":"https:\/\/alprofitconsult.al\/wp-content\/uploads\/2024\/11\/Procedurat-per-Tatimin-mbi-te-Ardhurat-nga-Investimet-Alprofit-Consult.jpg","contentUrl":"https:\/\/alprofitconsult.al\/wp-content\/uploads\/2024\/11\/Procedurat-per-Tatimin-mbi-te-Ardhurat-nga-Investimet-Alprofit-Consult.jpg"},{"@type":"BreadcrumbList","@id":"https:\/\/alprofitconsult.al\/en\/tatime\/individ\/procedurat-per-tatimin-mbi-te-ardhurat-nga-investimet\/#breadcrumb","itemListElement":[{"@type":"ListItem","position":1,"name":"Kryefaqe","item":"https:\/\/alprofitconsult.al\/"},{"@type":"ListItem","position":2,"name":"Legjislacioni tatimor","item":"https:\/\/alprofitconsult.al\/en\/tatime\/"},{"@type":"ListItem","position":3,"name":"Individ","item":"https:\/\/alprofitconsult.al\/en\/tatime\/individ\/"},{"@type":"ListItem","position":4,"name":"Procedurat p\u00ebr Tatimin mbi t\u00eb Ardhurat nga Investimet"}]},{"@type":"WebSite","@id":"https:\/\/alprofitconsult.al\/#website","url":"https:\/\/alprofitconsult.al\/","name":"AlProfit Consult","description":"Ufficio contabilit\u00e0","publisher":{"@id":"https:\/\/alprofitconsult.al\/#organization"},"potentialAction":[{"@type":"SearchAction","target":{"@type":"EntryPoint","urlTemplate":"https:\/\/alprofitconsult.al\/?s={search_term_string}"},"query-input":{"@type":"PropertyValueSpecification","valueRequired":true,"valueName":"search_term_string"}}],"inLanguage":"it-IT"},{"@type":"Organization","@id":"https:\/\/alprofitconsult.al\/#organization","name":"Alprofit Consult","url":"https:\/\/alprofitconsult.al\/","logo":{"@type":"ImageObject","inLanguage":"it-IT","@id":"https:\/\/alprofitconsult.al\/#\/schema\/logo\/image\/","url":"https:\/\/alprofitconsult.al\/wp-content\/uploads\/2022\/10\/logoalprofit.png","contentUrl":"https:\/\/alprofitconsult.al\/wp-content\/uploads\/2022\/10\/logoalprofit.png","width":529,"height":156,"caption":"Alprofit Consult"},"image":{"@id":"https:\/\/alprofitconsult.al\/#\/schema\/logo\/image\/"},"sameAs":["https:\/\/www.facebook.com\/AlProfitConsult\/","https:\/\/x.com\/AlProfitConsult","https:\/\/www.linkedin.com\/company\/andi-haxhillari\/","https:\/\/www.pinterest.com\/AlProfitConsult\/","https:\/\/www.youtube.com\/channel\/UCZ5Gfntn161Nla3g1XdRldA","https:\/\/sq.wikipedia.org\/wiki\/P\u00ebrdoruesi:Andi25~sqwiki"]}]}},"_links":{"self":[{"href":"https:\/\/alprofitconsult.al\/it\/wp-json\/wp\/v2\/pages\/19591","targetHints":{"allow":["GET"]}}],"collection":[{"href":"https:\/\/alprofitconsult.al\/it\/wp-json\/wp\/v2\/pages"}],"about":[{"href":"https:\/\/alprofitconsult.al\/it\/wp-json\/wp\/v2\/types\/page"}],"author":[{"embeddable":true,"href":"https:\/\/alprofitconsult.al\/it\/wp-json\/wp\/v2\/users\/1"}],"replies":[{"embeddable":true,"href":"https:\/\/alprofitconsult.al\/it\/wp-json\/wp\/v2\/comments?post=19591"}],"version-history":[{"count":5,"href":"https:\/\/alprofitconsult.al\/it\/wp-json\/wp\/v2\/pages\/19591\/revisions"}],"predecessor-version":[{"id":20047,"href":"https:\/\/alprofitconsult.al\/it\/wp-json\/wp\/v2\/pages\/19591\/revisions\/20047"}],"up":[{"embeddable":true,"href":"https:\/\/alprofitconsult.al\/it\/wp-json\/wp\/v2\/pages\/15065"}],"wp:attachment":[{"href":"https:\/\/alprofitconsult.al\/it\/wp-json\/wp\/v2\/media?parent=19591"}],"curies":[{"name":"wp","href":"https:\/\/api.w.org\/{rel}","templated":true}]}}