{"id":19594,"date":"2024-11-29T20:25:54","date_gmt":"2024-11-29T20:25:54","guid":{"rendered":"https:\/\/alprofitconsult.al\/?page_id=19594"},"modified":"2024-11-30T22:23:13","modified_gmt":"2024-11-30T22:23:13","slug":"tatimi-mbi-pensionet-private","status":"publish","type":"page","link":"https:\/\/alprofitconsult.al\/it\/tatime\/individ\/tatimi-mbi-pensionet-private\/","title":{"rendered":"Tatimi mbi Pensionet Private"},"content":{"rendered":"<div class=\"yoast-breadcrumbs\"><span><span><a href=\"https:\/\/alprofitconsult.al\/it\/\">Home page<\/a><\/span> | <span><a href=\"https:\/\/alprofitconsult.al\/en\/tatime\/\">Normativa fiscale<\/a><\/span> | <span><a href=\"https:\/\/alprofitconsult.al\/en\/tatime\/individ\/\">individuale<\/a><\/span> | <span class=\"breadcrumb_last\" aria-current=\"page\">Tatimi mbi Pensionet Private<\/span><\/span><\/div>\n\n\n<p><\/p>\n\n\n\n<figure class=\"wp-block-image size-full\"><img loading=\"lazy\" decoding=\"async\" width=\"1920\" height=\"1278\" src=\"https:\/\/alprofitconsult.al\/wp-content\/uploads\/2024\/11\/Tatimi-mbi-Pensionet-Private-AlProfit-Consult.jpg\" alt=\"\" class=\"wp-image-19780\" srcset=\"https:\/\/alprofitconsult.al\/wp-content\/uploads\/2024\/11\/Tatimi-mbi-Pensionet-Private-AlProfit-Consult.jpg 1920w, https:\/\/alprofitconsult.al\/wp-content\/uploads\/2024\/11\/Tatimi-mbi-Pensionet-Private-AlProfit-Consult-768x511.jpg 768w, https:\/\/alprofitconsult.al\/wp-content\/uploads\/2024\/11\/Tatimi-mbi-Pensionet-Private-AlProfit-Consult-1536x1022.jpg 1536w\" sizes=\"auto, (max-width: 1920px) 100vw, 1920px\" \/><\/figure>\n\n\n\n<h2 class=\"wp-block-heading\">20.1 Kontributet n\u00eb fondet e pensionit privat<\/h2>\n\n\n\n<p>Kontributet mujore t\u00eb b\u00ebra nga an\u00ebtar\u00ebt e fondeve t\u00eb pensionit privat deri n\u00eb nivelin e pag\u00ebs minimale zbriten nga t\u00eb ardhurat personale p\u00ebr efekt tatimi.<\/p>\n\n\n\n<h2 class=\"wp-block-heading\">20.2 Kthimi nga investimi dhe fitimet nga kapitali<\/h2>\n\n\n\n<p>Kthimi nga investimi dhe fitimet nga kapitali prej investimeve t\u00eb kryera me aktivet e fondit t\u00eb pensionit nuk i n\u00ebnshtrohen tatimit gjat\u00eb periudh\u00ebs s\u00eb administrimit t\u00eb fondit.<\/p>\n\n\n\n<h2 class=\"wp-block-heading\">20.3 T\u00ebrheqja e parakohshme e aktiveve nga fondi i pensionit<\/h2>\n\n\n\n<p>T\u00ebrheqja e parakohshme e aktiveve tatohet me norm\u00ebn n\u00eb fuqi t\u00eb tatimit mbi t\u00eb ardhurat personale p\u00ebr vler\u00ebn e plot\u00eb t\u00eb aktiveve t\u00eb t\u00ebrhequra.<\/p>\n\n\n<div class=\"gdlr-core-widget-box-shortcode\" style=\"color: #ffffff ;background-color: #000014 ;\"  ><h3 class=\"gdlr-core-widget-box-shortcode-title\" style=\"color: #ffffff ;\"  >Hai qualche domanda?<\/h3><div class=\"gdlr-core-widget-box-shortcode-content\" ><p class=\"translation-block\">Non esitare a <a href=\"https:\/\/alprofitconsult.al\/it\/contact\/\" target=\"_self\">contattarci. Siamo un team di esperti e saremo lieti di parlare con te.<\/p>\n<\/div><\/div>","protected":false},"excerpt":{"rendered":"<p>20.1 Kontributet n\u00eb fondet e pensionit privat Kontributet mujore t\u00eb b\u00ebra nga an\u00ebtar\u00ebt e fondeve t\u00eb pensionit privat deri n\u00eb nivelin e pag\u00ebs minimale zbriten nga t\u00eb ardhurat personale p\u00ebr efekt tatimi. 20.2 Kthimi nga investimi dhe fitimet nga kapitali Kthimi nga investimi dhe fitimet nga kapitali prej investimeve t\u00eb kryera me aktivet e fondit [&hellip;]<\/p>\n","protected":false},"author":1,"featured_media":0,"parent":15065,"menu_order":0,"comment_status":"closed","ping_status":"closed","template":"","meta":{"footnotes":""},"class_list":["post-19594","page","type-page","status-publish","hentry"],"yoast_head":"<!-- This site is optimized with the Yoast SEO plugin v26.5 - https:\/\/yoast.com\/wordpress\/plugins\/seo\/ -->\n<title>Tatimi mbi Pensionet Private - AlProfit Consult<\/title>\n<meta name=\"robots\" content=\"index, follow, max-snippet:-1, max-image-preview:large, max-video-preview:-1\" \/>\n<link rel=\"canonical\" href=\"https:\/\/alprofitconsult.al\/it\/tasse\/individ\/tatimi-mbi-pensionet-private\/\" \/>\n<meta property=\"og:locale\" content=\"it_IT\" \/>\n<meta property=\"og:type\" content=\"article\" \/>\n<meta property=\"og:title\" content=\"Tatimi mbi Pensionet Private - AlProfit Consult\" \/>\n<meta property=\"og:description\" content=\"20.1 Kontributet n\u00eb fondet e pensionit privat Kontributet mujore t\u00eb b\u00ebra nga an\u00ebtar\u00ebt e fondeve t\u00eb pensionit privat deri n\u00eb nivelin e pag\u00ebs minimale zbriten nga t\u00eb ardhurat personale p\u00ebr efekt tatimi. 20.2 Kthimi nga investimi dhe fitimet nga kapitali Kthimi nga investimi dhe fitimet nga kapitali prej investimeve t\u00eb kryera me aktivet e fondit [&hellip;]\" \/>\n<meta property=\"og:url\" content=\"https:\/\/alprofitconsult.al\/it\/tasse\/individ\/tatimi-mbi-pensionet-private\/\" \/>\n<meta property=\"og:site_name\" content=\"AlProfit Consult\" \/>\n<meta property=\"article:publisher\" content=\"https:\/\/www.facebook.com\/AlProfitConsult\/\" \/>\n<meta property=\"article:modified_time\" content=\"2024-11-30T22:23:13+00:00\" \/>\n<meta property=\"og:image\" content=\"https:\/\/alprofitconsult.al\/wp-content\/uploads\/2024\/11\/Tatimi-mbi-Pensionet-Private-AlProfit-Consult.jpg\" \/>\n<meta name=\"twitter:card\" content=\"summary_large_image\" \/>\n<meta name=\"twitter:site\" content=\"@AlProfitConsult\" \/>\n<meta name=\"twitter:label1\" content=\"Tempo di lettura stimato\" \/>\n\t<meta name=\"twitter:data1\" content=\"1 minuto\" \/>\n<script type=\"application\/ld+json\" class=\"yoast-schema-graph\">{\"@context\":\"https:\/\/schema.org\",\"@graph\":[{\"@type\":\"WebPage\",\"@id\":\"https:\/\/alprofitconsult.al\/en\/tatime\/individ\/tatimi-mbi-pensionet-private\/\",\"url\":\"https:\/\/alprofitconsult.al\/en\/tatime\/individ\/tatimi-mbi-pensionet-private\/\",\"name\":\"Tatimi mbi Pensionet Private - AlProfit Consult\",\"isPartOf\":{\"@id\":\"https:\/\/alprofitconsult.al\/#website\"},\"primaryImageOfPage\":{\"@id\":\"https:\/\/alprofitconsult.al\/en\/tatime\/individ\/tatimi-mbi-pensionet-private\/#primaryimage\"},\"image\":{\"@id\":\"https:\/\/alprofitconsult.al\/en\/tatime\/individ\/tatimi-mbi-pensionet-private\/#primaryimage\"},\"thumbnailUrl\":\"https:\/\/alprofitconsult.al\/wp-content\/uploads\/2024\/11\/Tatimi-mbi-Pensionet-Private-AlProfit-Consult.jpg\",\"datePublished\":\"2024-11-29T20:25:54+00:00\",\"dateModified\":\"2024-11-30T22:23:13+00:00\",\"breadcrumb\":{\"@id\":\"https:\/\/alprofitconsult.al\/en\/tatime\/individ\/tatimi-mbi-pensionet-private\/#breadcrumb\"},\"inLanguage\":\"it-IT\",\"potentialAction\":[{\"@type\":\"ReadAction\",\"target\":[\"https:\/\/alprofitconsult.al\/en\/tatime\/individ\/tatimi-mbi-pensionet-private\/\"]}]},{\"@type\":\"ImageObject\",\"inLanguage\":\"it-IT\",\"@id\":\"https:\/\/alprofitconsult.al\/en\/tatime\/individ\/tatimi-mbi-pensionet-private\/#primaryimage\",\"url\":\"https:\/\/alprofitconsult.al\/wp-content\/uploads\/2024\/11\/Tatimi-mbi-Pensionet-Private-AlProfit-Consult.jpg\",\"contentUrl\":\"https:\/\/alprofitconsult.al\/wp-content\/uploads\/2024\/11\/Tatimi-mbi-Pensionet-Private-AlProfit-Consult.jpg\"},{\"@type\":\"BreadcrumbList\",\"@id\":\"https:\/\/alprofitconsult.al\/en\/tatime\/individ\/tatimi-mbi-pensionet-private\/#breadcrumb\",\"itemListElement\":[{\"@type\":\"ListItem\",\"position\":1,\"name\":\"Kryefaqe\",\"item\":\"https:\/\/alprofitconsult.al\/\"},{\"@type\":\"ListItem\",\"position\":2,\"name\":\"Legjislacioni tatimor\",\"item\":\"https:\/\/alprofitconsult.al\/en\/tatime\/\"},{\"@type\":\"ListItem\",\"position\":3,\"name\":\"Individ\",\"item\":\"https:\/\/alprofitconsult.al\/en\/tatime\/individ\/\"},{\"@type\":\"ListItem\",\"position\":4,\"name\":\"Tatimi mbi Pensionet Private\"}]},{\"@type\":\"WebSite\",\"@id\":\"https:\/\/alprofitconsult.al\/#website\",\"url\":\"https:\/\/alprofitconsult.al\/\",\"name\":\"AlProfit Consult\",\"description\":\"Zyr\u00eb Kontabiliteti\",\"publisher\":{\"@id\":\"https:\/\/alprofitconsult.al\/#organization\"},\"potentialAction\":[{\"@type\":\"SearchAction\",\"target\":{\"@type\":\"EntryPoint\",\"urlTemplate\":\"https:\/\/alprofitconsult.al\/?s={search_term_string}\"},\"query-input\":{\"@type\":\"PropertyValueSpecification\",\"valueRequired\":true,\"valueName\":\"search_term_string\"}}],\"inLanguage\":\"it-IT\"},{\"@type\":\"Organization\",\"@id\":\"https:\/\/alprofitconsult.al\/#organization\",\"name\":\"Alprofit Consult\",\"url\":\"https:\/\/alprofitconsult.al\/\",\"logo\":{\"@type\":\"ImageObject\",\"inLanguage\":\"it-IT\",\"@id\":\"https:\/\/alprofitconsult.al\/#\/schema\/logo\/image\/\",\"url\":\"https:\/\/alprofitconsult.al\/wp-content\/uploads\/2022\/10\/logoalprofit.png\",\"contentUrl\":\"https:\/\/alprofitconsult.al\/wp-content\/uploads\/2022\/10\/logoalprofit.png\",\"width\":529,\"height\":156,\"caption\":\"Alprofit Consult\"},\"image\":{\"@id\":\"https:\/\/alprofitconsult.al\/#\/schema\/logo\/image\/\"},\"sameAs\":[\"https:\/\/www.facebook.com\/AlProfitConsult\/\",\"https:\/\/x.com\/AlProfitConsult\",\"https:\/\/www.linkedin.com\/company\/andi-haxhillari\/\",\"https:\/\/www.pinterest.com\/AlProfitConsult\/\",\"https:\/\/www.youtube.com\/channel\/UCZ5Gfntn161Nla3g1XdRldA\",\"https:\/\/sq.wikipedia.org\/wiki\/P\u00ebrdoruesi:Andi25~sqwiki\"]}]}<\/script>\n<!-- \/ Yoast SEO plugin. -->","yoast_head_json":{"title":"Tatimi mbi Pensionet Private - AlProfit Consult","robots":{"index":"index","follow":"follow","max-snippet":"max-snippet:-1","max-image-preview":"max-image-preview:large","max-video-preview":"max-video-preview:-1"},"canonical":"https:\/\/alprofitconsult.al\/it\/tasse\/individ\/tatimi-mbi-pensionet-private\/","og_locale":"it_IT","og_type":"article","og_title":"Tatimi mbi Pensionet Private - AlProfit Consult","og_description":"20.1 Kontributet n\u00eb fondet e pensionit privat Kontributet mujore t\u00eb b\u00ebra nga an\u00ebtar\u00ebt e fondeve t\u00eb pensionit privat deri n\u00eb nivelin e pag\u00ebs minimale zbriten nga t\u00eb ardhurat personale p\u00ebr efekt tatimi. 20.2 Kthimi nga investimi dhe fitimet nga kapitali Kthimi nga investimi dhe fitimet nga kapitali prej investimeve t\u00eb kryera me aktivet e fondit [&hellip;]","og_url":"https:\/\/alprofitconsult.al\/it\/tasse\/individ\/tatimi-mbi-pensionet-private\/","og_site_name":"AlProfit Consult","article_publisher":"https:\/\/www.facebook.com\/AlProfitConsult\/","article_modified_time":"2024-11-30T22:23:13+00:00","og_image":[{"url":"https:\/\/alprofitconsult.al\/wp-content\/uploads\/2024\/11\/Tatimi-mbi-Pensionet-Private-AlProfit-Consult.jpg","type":"","width":"","height":""}],"twitter_card":"summary_large_image","twitter_site":"@AlProfitConsult","twitter_misc":{"Tempo di lettura stimato":"1 minuto"},"schema":{"@context":"https:\/\/schema.org","@graph":[{"@type":"WebPage","@id":"https:\/\/alprofitconsult.al\/en\/tatime\/individ\/tatimi-mbi-pensionet-private\/","url":"https:\/\/alprofitconsult.al\/en\/tatime\/individ\/tatimi-mbi-pensionet-private\/","name":"Tatimi mbi Pensionet Private - AlProfit Consult","isPartOf":{"@id":"https:\/\/alprofitconsult.al\/#website"},"primaryImageOfPage":{"@id":"https:\/\/alprofitconsult.al\/en\/tatime\/individ\/tatimi-mbi-pensionet-private\/#primaryimage"},"image":{"@id":"https:\/\/alprofitconsult.al\/en\/tatime\/individ\/tatimi-mbi-pensionet-private\/#primaryimage"},"thumbnailUrl":"https:\/\/alprofitconsult.al\/wp-content\/uploads\/2024\/11\/Tatimi-mbi-Pensionet-Private-AlProfit-Consult.jpg","datePublished":"2024-11-29T20:25:54+00:00","dateModified":"2024-11-30T22:23:13+00:00","breadcrumb":{"@id":"https:\/\/alprofitconsult.al\/en\/tatime\/individ\/tatimi-mbi-pensionet-private\/#breadcrumb"},"inLanguage":"it-IT","potentialAction":[{"@type":"ReadAction","target":["https:\/\/alprofitconsult.al\/en\/tatime\/individ\/tatimi-mbi-pensionet-private\/"]}]},{"@type":"ImageObject","inLanguage":"it-IT","@id":"https:\/\/alprofitconsult.al\/en\/tatime\/individ\/tatimi-mbi-pensionet-private\/#primaryimage","url":"https:\/\/alprofitconsult.al\/wp-content\/uploads\/2024\/11\/Tatimi-mbi-Pensionet-Private-AlProfit-Consult.jpg","contentUrl":"https:\/\/alprofitconsult.al\/wp-content\/uploads\/2024\/11\/Tatimi-mbi-Pensionet-Private-AlProfit-Consult.jpg"},{"@type":"BreadcrumbList","@id":"https:\/\/alprofitconsult.al\/en\/tatime\/individ\/tatimi-mbi-pensionet-private\/#breadcrumb","itemListElement":[{"@type":"ListItem","position":1,"name":"Kryefaqe","item":"https:\/\/alprofitconsult.al\/"},{"@type":"ListItem","position":2,"name":"Legjislacioni tatimor","item":"https:\/\/alprofitconsult.al\/en\/tatime\/"},{"@type":"ListItem","position":3,"name":"Individ","item":"https:\/\/alprofitconsult.al\/en\/tatime\/individ\/"},{"@type":"ListItem","position":4,"name":"Tatimi mbi Pensionet Private"}]},{"@type":"WebSite","@id":"https:\/\/alprofitconsult.al\/#website","url":"https:\/\/alprofitconsult.al\/","name":"AlProfit Consult","description":"Ufficio contabilit\u00e0","publisher":{"@id":"https:\/\/alprofitconsult.al\/#organization"},"potentialAction":[{"@type":"SearchAction","target":{"@type":"EntryPoint","urlTemplate":"https:\/\/alprofitconsult.al\/?s={search_term_string}"},"query-input":{"@type":"PropertyValueSpecification","valueRequired":true,"valueName":"search_term_string"}}],"inLanguage":"it-IT"},{"@type":"Organization","@id":"https:\/\/alprofitconsult.al\/#organization","name":"Alprofit Consult","url":"https:\/\/alprofitconsult.al\/","logo":{"@type":"ImageObject","inLanguage":"it-IT","@id":"https:\/\/alprofitconsult.al\/#\/schema\/logo\/image\/","url":"https:\/\/alprofitconsult.al\/wp-content\/uploads\/2022\/10\/logoalprofit.png","contentUrl":"https:\/\/alprofitconsult.al\/wp-content\/uploads\/2022\/10\/logoalprofit.png","width":529,"height":156,"caption":"Alprofit Consult"},"image":{"@id":"https:\/\/alprofitconsult.al\/#\/schema\/logo\/image\/"},"sameAs":["https:\/\/www.facebook.com\/AlProfitConsult\/","https:\/\/x.com\/AlProfitConsult","https:\/\/www.linkedin.com\/company\/andi-haxhillari\/","https:\/\/www.pinterest.com\/AlProfitConsult\/","https:\/\/www.youtube.com\/channel\/UCZ5Gfntn161Nla3g1XdRldA","https:\/\/sq.wikipedia.org\/wiki\/P\u00ebrdoruesi:Andi25~sqwiki"]}]}},"_links":{"self":[{"href":"https:\/\/alprofitconsult.al\/it\/wp-json\/wp\/v2\/pages\/19594","targetHints":{"allow":["GET"]}}],"collection":[{"href":"https:\/\/alprofitconsult.al\/it\/wp-json\/wp\/v2\/pages"}],"about":[{"href":"https:\/\/alprofitconsult.al\/it\/wp-json\/wp\/v2\/types\/page"}],"author":[{"embeddable":true,"href":"https:\/\/alprofitconsult.al\/it\/wp-json\/wp\/v2\/users\/1"}],"replies":[{"embeddable":true,"href":"https:\/\/alprofitconsult.al\/it\/wp-json\/wp\/v2\/comments?post=19594"}],"version-history":[{"count":5,"href":"https:\/\/alprofitconsult.al\/it\/wp-json\/wp\/v2\/pages\/19594\/revisions"}],"predecessor-version":[{"id":20048,"href":"https:\/\/alprofitconsult.al\/it\/wp-json\/wp\/v2\/pages\/19594\/revisions\/20048"}],"up":[{"embeddable":true,"href":"https:\/\/alprofitconsult.al\/it\/wp-json\/wp\/v2\/pages\/15065"}],"wp:attachment":[{"href":"https:\/\/alprofitconsult.al\/it\/wp-json\/wp\/v2\/media?parent=19594"}],"curies":[{"name":"wp","href":"https:\/\/api.w.org\/{rel}","templated":true}]}}