{"id":19785,"date":"2024-11-29T23:06:58","date_gmt":"2024-11-29T23:06:58","guid":{"rendered":"https:\/\/alprofitconsult.al\/?page_id=19785"},"modified":"2024-12-01T17:23:09","modified_gmt":"2024-12-01T17:23:09","slug":"baza-tatimore-vjetore-dhe-normat-tatimore","status":"publish","type":"page","link":"https:\/\/alprofitconsult.al\/it\/tatime\/individe\/baza-tatimore\/baza-tatimore-vjetore-dhe-normat-tatimore\/","title":{"rendered":"Baza Tatimore Vjetore dhe Normat Tatimore"},"content":{"rendered":"<div class=\"yoast-breadcrumbs\"><span><span><a href=\"https:\/\/alprofitconsult.al\/it\/\">Home page<\/a><\/span> | <span><a href=\"https:\/\/alprofitconsult.al\/en\/tatime\/\">Normativa fiscale<\/a><\/span> | <span><a href=\"https:\/\/alprofitconsult.al\/en\/tatime\/individe\/\">Individe<\/a><\/span> | <span><a href=\"https:\/\/alprofitconsult.al\/en\/tatime\/individe\/baza-tatimore\/\">Base imponibile<\/a><\/span> | <span class=\"breadcrumb_last\" aria-current=\"page\">Baza Tatimore Vjetore dhe Normat Tatimore<\/span><\/span><\/div>\n\n\n<p><\/p>\n\n\n\n<figure class=\"wp-block-image size-full\"><img loading=\"lazy\" decoding=\"async\" width=\"1920\" height=\"1277\" src=\"https:\/\/alprofitconsult.al\/wp-content\/uploads\/2024\/11\/Baza-Tatimore-Vjetore-dhe-Normat-Tatimore-Alprofit-Consult.jpg\" alt=\"\" class=\"wp-image-19803\" srcset=\"https:\/\/alprofitconsult.al\/wp-content\/uploads\/2024\/11\/Baza-Tatimore-Vjetore-dhe-Normat-Tatimore-Alprofit-Consult.jpg 1920w, https:\/\/alprofitconsult.al\/wp-content\/uploads\/2024\/11\/Baza-Tatimore-Vjetore-dhe-Normat-Tatimore-Alprofit-Consult-768x511.jpg 768w, https:\/\/alprofitconsult.al\/wp-content\/uploads\/2024\/11\/Baza-Tatimore-Vjetore-dhe-Normat-Tatimore-Alprofit-Consult-1536x1022.jpg 1536w\" sizes=\"auto, (max-width: 1920px) 100vw, 1920px\" \/><\/figure>\n\n\n\n<h2 class=\"wp-block-heading\">21.1 Llogaritja e baz\u00ebs tatimore vjetore<\/h2>\n\n\n\n<p>Baza tatimore vjetore p\u00ebrfshin t\u00eb ardhurat nga pun\u00ebsimi, biznesi dhe investimet, pak\u00ebsuar me kompensimet dhe zbritjet e p\u00ebrcaktuara sipas ligjit.<\/p>\n\n\n\n<h2 class=\"wp-block-heading\">21.2 Normat tatimore p\u00ebr kategorit\u00eb e t\u00eb ardhurave<\/h2>\n\n\n\n<h3 class=\"wp-block-heading\">21.2.2 Tatimi mbi t\u00eb Ardhurat nga Pun\u00ebsimi<\/h3>\n\n\n\n<p>P\u00ebr t\u00eb ardhurat nga pun\u00ebsimi, normat tatimore progresive q\u00eb zbatohen jan\u00eb 13% dhe 23%. P\u00ebr t\u00eb pun\u00ebsuarit me t\u00eb ardhura t\u00eb ul\u00ebta, ngarkesa tatimore reduktohet duke ulur baz\u00ebn e tatimit (pag\u00ebn bruto) me nj\u00eb shum\u00eb t\u00eb caktuar t\u00eb parashikuar n\u00eb nenin 22 t\u00eb ligjit, n\u00eb vend t\u00eb aplikimit t\u00eb nj\u00eb tarife 0% p\u00ebr nj\u00eb segment t\u00eb caktuar page.<\/p>\n\n\n\n<ul class=\"wp-block-list\">\n<li>P\u00ebr t\u00eb ardhurat vjetore nga pun\u00ebsimi deri n\u00eb 2,040,000 lek\u00eb (deri n\u00eb 170,000 lek\u00eb\/muaj), aplikohet nj\u00eb norm\u00eb tatimore prej 13%.<\/li>\n\n\n\n<li>P\u00ebr t\u00eb ardhurat vjetore nga pun\u00ebsimi mbi 2,040,000 lek\u00eb (mbi 170,000 lek\u00eb\/muaj), aplikohet nj\u00eb norm\u00eb tatimore prej 23%.<\/li>\n<\/ul>\n\n\n\n<h3 class=\"wp-block-heading\">21.2.3 Tatimi mbi t\u00eb Ardhurat nga Biznesi<\/h3>\n\n\n\n<p>P\u00ebr t\u00eb ardhurat vjetore nga biznesi, ku baza e tatimit \u00ebsht\u00eb e ardhura neto e tatueshme (diferenca e t\u00eb ardhurave minus shpenzimet e zbritshme), zbatohen normat progresive si m\u00eb posht\u00eb:<\/p>\n\n\n\n<ul class=\"wp-block-list\">\n<li> 5% p\u00ebr t\u00eb ardhurat neto t\u00eb tatueshme deri n\u00eb 14,000,000 lek\u00eb n\u00eb nj\u00eb vit tatimor.<\/li>\n\n\n\n<li>23% p\u00ebr \u00e7do lek\u00eb shtes\u00eb t\u00eb t\u00eb ardhurave neto t\u00eb tatueshme mbi 14,000,000 lek\u00eb n\u00eb vit.<\/li>\n<\/ul>\n\n\n\n<h3 class=\"wp-block-heading\">21.2.3 Shembull i Llogaritjes s\u00eb Tatimit p\u00ebr Biznesin me Fitim t\u00eb Tatuesh\u00ebm 12,000,000 Lek\u00eb<\/h3>\n\n\n\n<blockquote class=\"wp-block-quote is-layout-flow wp-block-quote-is-layout-flow\">\n<p>N\u00ebse nj\u00eb person fizik tregtar apo i vet\u00ebpun\u00ebsuar, pasi zbret nga e ardhura bruto \u00e7do shpenzim t\u00eb zbritsh\u00ebm dhe \u00e7do zbritje t\u00eb lejuar sipas nenit 22 t\u00eb ligjit, deklaron fitimin e tatuesh\u00ebm vjetor n\u00eb mas\u00ebn 12,000,000 lek\u00eb, tatimi q\u00eb do t\u00eb paguaj\u00eb do t\u00eb jet\u00eb:<\/p>\n\n\n\n<p>12,000,000 lek\u00eb x 15% = 1,800,000 lek\u00eb.<\/p>\n<\/blockquote>\n\n\n\n<h3 class=\"wp-block-heading\">21.2.4 Shembull i Llogaritjes s\u00eb Tatimit p\u00ebr Biznesin me Fitim t\u00eb Tatuesh\u00ebm 20,000,000 Lek\u00eb<\/h3>\n\n\n\n<blockquote class=\"wp-block-quote is-layout-flow wp-block-quote-is-layout-flow\">\n<p>N\u00ebse nj\u00eb person fizik tregtar apo i vet\u00ebpun\u00ebsuar, pasi zbret nga e ardhura bruto \u00e7do shpenzim t\u00eb zbritsh\u00ebm dhe \u00e7do zbritje t\u00eb lejuar sipas nenit 22 t\u00eb ligjit, deklaron fitimin e tatuesh\u00ebm 20,000,000 lek\u00eb, tatimi q\u00eb do t\u00eb paguaj\u00eb do t\u00eb jet\u00eb:<\/p>\n\n\n\n<p>14,000,000 lek\u00eb x 15% + 6,000,000 lek\u00eb x 23% = 2,100,000 + 1,380,000 = 3,480,000 lek\u00eb.<\/p>\n<\/blockquote>\n\n\n\n<h3 class=\"wp-block-heading\">21.2.5 Tatimi mbi t\u00eb Ardhurat nga Investimi<\/h3>\n\n\n\n<p>T\u00eb ardhurat nga investimi tatohen p\u00ebrkat\u00ebsisht:<\/p>\n\n\n\n<ul class=\"wp-block-list\">\n<li>8% p\u00ebr t\u00eb ardhurat nga divident\u00ebt\/ndarjet e fitimit.<\/li>\n\n\n\n<li>15% p\u00ebr \u00e7do z\u00eb tjet\u00ebr t\u00eb t\u00eb ardhurave nga investimi.<\/li>\n<\/ul>\n\n\n\n<p>P\u00ebrve\u00e7se kur parashikohet ndryshe n\u00eb ligj, asnj\u00eb kosto nuk zbritet kundrejt t\u00eb ardhurave nga investimi.<\/p>\n\n\n\n<h3 class=\"wp-block-heading\">21.2.6 Shembuj t\u00eb Llogaritjes s\u00eb Tatimit<\/h3>\n\n\n\n<h4 class=\"wp-block-heading\">Shembulli 1: Tatimi mbi t\u00eb Ardhurat nga Pun\u00ebsimi<\/h4>\n\n\n\n<p>Individi &#8220;A&#8221; punon n\u00eb nj\u00eb zyr\u00eb programimi dhe paga e saj bruto \u00ebsht\u00eb 230,000 lek\u00eb\/muaj ose 2,760,000 lek\u00eb\/vit. Individi &#8220;B&#8221; (bashk\u00ebshorti i individit &#8220;A&#8221;) ka nj\u00eb biznes p\u00ebr tregtimin e pajisjeve hidrosanitare dhe ka t\u00eb ardhura neto (fitim t\u00eb tatuesh\u00ebm) 3,250,000 lek\u00eb\/vit. Nd\u00ebrkoh\u00eb, individi &#8220;A&#8221; ka nj\u00eb depozit\u00eb me afat nga e cila merr interesa n\u00eb shum\u00ebn 20,000 lek\u00eb\/vit, nd\u00ebrsa individi &#8220;B&#8221; ka disa aksione n\u00eb kompanin\u00eb &#8220;XX&#8221;, e cila p\u00ebr k\u00ebt\u00eb vit ka paguar dividend\u00eb n\u00eb vler\u00ebn 25,000 lek\u00eb\/vit. Individi &#8220;A&#8221; dhe &#8220;B&#8221; kan\u00eb dhe tre f\u00ebmij\u00eb, p\u00ebrkat\u00ebsisht 13, 15 dhe 19 vje\u00e7.<\/p>\n\n\n\n<p>Llogaritja e tatimit mbi t\u00eb ardhurat nga pun\u00ebsimi p\u00ebr individin &#8220;A&#8221;:<\/p>\n\n\n\n<ul class=\"wp-block-list\">\n<li>T\u00eb ardhurat vjetore nga pun\u00ebsimi: 2,760,000 lek\u00eb.<\/li>\n\n\n\n<li>Zbritjet tatimore (30,000 lek\u00eb\/muaj p\u00ebr 12 muaj): 360,000 lek\u00eb.<\/li>\n\n\n\n<li>Zbritje p\u00ebr dy f\u00ebmij\u00eb n\u00ebn 18 vje\u00e7 (48,000 lek\u00eb p\u00ebr f\u00ebmij\u00eb): 96,000 lek\u00eb.<\/li>\n<\/ul>\n\n\n\n<p>E ardhura vjetore e tatueshme pas zbritjeve:<\/p>\n\n\n\n<p>2,760,000 lek\u00eb &#8211; 360,000 lek\u00eb = 2,400,000 lek\u00eb.<\/p>\n\n\n\n<p>Tatimi mbi t\u00eb ardhurat nga pun\u00ebsimi:<\/p>\n\n\n\n<p>2,040,000 lek\u00eb x 13% + (2,400,000 lek\u00eb &#8211; 2,040,000 lek\u00eb) x 23% = 265,200 lek\u00eb + 82,800 lek\u00eb = 348,000 lek\u00eb.<\/p>\n\n\n\n<h4 class=\"wp-block-heading\">Shembulli 2: Tatimi mbi t\u00eb Ardhurat nga Biznesi p\u00ebr individin &#8220;B&#8221;:<\/h4>\n\n\n\n<ul class=\"wp-block-list\">\n<li>T\u00eb ardhurat neto vjetore: 3,250,000 lek\u00eb.<\/li>\n\n\n\n<li>Zbritjet tatimore (360,000 lek\u00eb) dhe kompensimi p\u00ebr dy f\u00ebmij\u00eb n\u00ebn 18 vje\u00e7 (96,000 lek\u00eb): 456,000 lek\u00eb.<\/li>\n<\/ul>\n\n\n\n<p>E ardhura neto e tatueshme pas zbritjeve:<\/p>\n\n\n\n<p>3,250,000 lek\u00eb &#8211; 456,000 lek\u00eb = 2,794,000 lek\u00eb.<\/p>\n\n\n\n<p>Tatimi mbi t\u00eb ardhurat nga biznesi:<\/p>\n\n\n\n<p>2,794,000 lek\u00eb x 15% = 419,100 lek\u00eb.<\/p>\n\n\n\n<h4 class=\"wp-block-heading\">Shembulli 3: Tatimi mbi t\u00eb Ardhurat nga Investimi:<\/h4>\n\n\n\n<ul class=\"wp-block-list\">\n<li>T\u00eb ardhurat nga depozita me afat e individit &#8220;A&#8221;: 20,000 lek\u00eb.<\/li>\n\n\n\n<li>Tatimi mbi t\u00eb ardhurat nga investimi p\u00ebr interesat e p\u00ebrfituara: 20,000 lek\u00eb x 15% = 3,000 lek\u00eb.<\/li>\n\n\n\n<li>T\u00eb ardhurat nga dividend\u00ebt e p\u00ebrfituara nga individi &#8220;B&#8221;: 25,000 lek\u00eb.<\/li>\n\n\n\n<li>Tatimi mbi t\u00eb ardhurat nga investimi p\u00ebr dividend\u00ebt: 25,000 lek\u00eb x 8% = 2,000 lek\u00eb.<\/li>\n<\/ul>\n\n\n\n<h2 class=\"wp-block-heading\">22. Zbritjet nga baza tatimore<\/h2>\n\n\n\n<p>Tatimpaguesit mund t\u00eb zbresin nga baza tatimore kompensimet p\u00ebr f\u00ebmij\u00ebt n\u00eb ngarkim t\u00eb tyre dhe shpenzimet p\u00ebr arsim, duke paraqitur dokumentacionin p\u00ebrkat\u00ebs justifikues.<\/p>\n\n\n<div class=\"gdlr-core-widget-box-shortcode\" style=\"color: #ffffff ;background-color: #000014 ;\"  ><h3 class=\"gdlr-core-widget-box-shortcode-title\" style=\"color: #ffffff ;\"  >Hai qualche domanda?<\/h3><div class=\"gdlr-core-widget-box-shortcode-content\" ><p class=\"translation-block\">Non esitare a <a href=\"https:\/\/alprofitconsult.al\/it\/contact\/\" target=\"_self\">contattarci. Siamo un team di esperti e saremo lieti di parlare con te.<\/p>\n<\/div><\/div>","protected":false},"excerpt":{"rendered":"<p>21.1 Llogaritja e baz\u00ebs tatimore vjetore Baza tatimore vjetore p\u00ebrfshin t\u00eb ardhurat nga pun\u00ebsimi, biznesi dhe investimet, pak\u00ebsuar me kompensimet dhe zbritjet e p\u00ebrcaktuara sipas ligjit. 21.2 Normat tatimore p\u00ebr kategorit\u00eb e t\u00eb ardhurave 21.2.2 Tatimi mbi t\u00eb Ardhurat nga Pun\u00ebsimi P\u00ebr t\u00eb ardhurat nga pun\u00ebsimi, normat tatimore progresive q\u00eb zbatohen jan\u00eb 13% dhe 23%. [&hellip;]<\/p>\n","protected":false},"author":1,"featured_media":0,"parent":19597,"menu_order":0,"comment_status":"closed","ping_status":"closed","template":"","meta":{"footnotes":""},"class_list":["post-19785","page","type-page","status-publish","hentry"],"yoast_head":"<!-- This site is optimized with the Yoast SEO plugin v26.5 - https:\/\/yoast.com\/wordpress\/plugins\/seo\/ -->\n<title>Baza Tatimore Vjetore dhe Normat Tatimore - AlProfit Consult<\/title>\n<meta name=\"robots\" content=\"index, follow, max-snippet:-1, max-image-preview:large, max-video-preview:-1\" \/>\n<link rel=\"canonical\" href=\"https:\/\/alprofitconsult.al\/it\/tasse\/individe\/baza-tatimore\/baza-tatimore-vjetore-dhe-normat-tatimore\/\" \/>\n<meta property=\"og:locale\" content=\"it_IT\" \/>\n<meta property=\"og:type\" content=\"article\" \/>\n<meta property=\"og:title\" content=\"Baza Tatimore Vjetore dhe Normat Tatimore - AlProfit Consult\" \/>\n<meta property=\"og:description\" content=\"21.1 Llogaritja e baz\u00ebs tatimore vjetore Baza tatimore vjetore p\u00ebrfshin t\u00eb ardhurat nga pun\u00ebsimi, biznesi dhe investimet, pak\u00ebsuar me kompensimet dhe zbritjet e p\u00ebrcaktuara sipas ligjit. 21.2 Normat tatimore p\u00ebr kategorit\u00eb e t\u00eb ardhurave 21.2.2 Tatimi mbi t\u00eb Ardhurat nga Pun\u00ebsimi P\u00ebr t\u00eb ardhurat nga pun\u00ebsimi, normat tatimore progresive q\u00eb zbatohen jan\u00eb 13% dhe 23%. [&hellip;]\" \/>\n<meta property=\"og:url\" content=\"https:\/\/alprofitconsult.al\/it\/tasse\/individe\/baza-tatimore\/baza-tatimore-vjetore-dhe-normat-tatimore\/\" \/>\n<meta property=\"og:site_name\" content=\"AlProfit Consult\" \/>\n<meta property=\"article:publisher\" content=\"https:\/\/www.facebook.com\/AlProfitConsult\/\" \/>\n<meta property=\"article:modified_time\" content=\"2024-12-01T17:23:09+00:00\" \/>\n<meta property=\"og:image\" content=\"https:\/\/alprofitconsult.al\/wp-content\/uploads\/2024\/11\/Baza-Tatimore-Vjetore-dhe-Normat-Tatimore-Alprofit-Consult.jpg\" \/>\n<meta name=\"twitter:card\" content=\"summary_large_image\" \/>\n<meta name=\"twitter:site\" content=\"@AlProfitConsult\" \/>\n<meta name=\"twitter:label1\" content=\"Tempo di lettura stimato\" \/>\n\t<meta name=\"twitter:data1\" content=\"4 minuti\" \/>\n<script type=\"application\/ld+json\" class=\"yoast-schema-graph\">{\"@context\":\"https:\/\/schema.org\",\"@graph\":[{\"@type\":\"WebPage\",\"@id\":\"https:\/\/alprofitconsult.al\/en\/tatime\/individe\/baza-tatimore\/baza-tatimore-vjetore-dhe-normat-tatimore\/\",\"url\":\"https:\/\/alprofitconsult.al\/en\/tatime\/individe\/baza-tatimore\/baza-tatimore-vjetore-dhe-normat-tatimore\/\",\"name\":\"Baza Tatimore Vjetore dhe Normat Tatimore - AlProfit Consult\",\"isPartOf\":{\"@id\":\"https:\/\/alprofitconsult.al\/#website\"},\"primaryImageOfPage\":{\"@id\":\"https:\/\/alprofitconsult.al\/en\/tatime\/individe\/baza-tatimore\/baza-tatimore-vjetore-dhe-normat-tatimore\/#primaryimage\"},\"image\":{\"@id\":\"https:\/\/alprofitconsult.al\/en\/tatime\/individe\/baza-tatimore\/baza-tatimore-vjetore-dhe-normat-tatimore\/#primaryimage\"},\"thumbnailUrl\":\"https:\/\/alprofitconsult.al\/wp-content\/uploads\/2024\/11\/Baza-Tatimore-Vjetore-dhe-Normat-Tatimore-Alprofit-Consult.jpg\",\"datePublished\":\"2024-11-29T23:06:58+00:00\",\"dateModified\":\"2024-12-01T17:23:09+00:00\",\"breadcrumb\":{\"@id\":\"https:\/\/alprofitconsult.al\/en\/tatime\/individe\/baza-tatimore\/baza-tatimore-vjetore-dhe-normat-tatimore\/#breadcrumb\"},\"inLanguage\":\"it-IT\",\"potentialAction\":[{\"@type\":\"ReadAction\",\"target\":[\"https:\/\/alprofitconsult.al\/en\/tatime\/individe\/baza-tatimore\/baza-tatimore-vjetore-dhe-normat-tatimore\/\"]}]},{\"@type\":\"ImageObject\",\"inLanguage\":\"it-IT\",\"@id\":\"https:\/\/alprofitconsult.al\/en\/tatime\/individe\/baza-tatimore\/baza-tatimore-vjetore-dhe-normat-tatimore\/#primaryimage\",\"url\":\"https:\/\/alprofitconsult.al\/wp-content\/uploads\/2024\/11\/Baza-Tatimore-Vjetore-dhe-Normat-Tatimore-Alprofit-Consult.jpg\",\"contentUrl\":\"https:\/\/alprofitconsult.al\/wp-content\/uploads\/2024\/11\/Baza-Tatimore-Vjetore-dhe-Normat-Tatimore-Alprofit-Consult.jpg\"},{\"@type\":\"BreadcrumbList\",\"@id\":\"https:\/\/alprofitconsult.al\/en\/tatime\/individe\/baza-tatimore\/baza-tatimore-vjetore-dhe-normat-tatimore\/#breadcrumb\",\"itemListElement\":[{\"@type\":\"ListItem\",\"position\":1,\"name\":\"Kryefaqe\",\"item\":\"https:\/\/alprofitconsult.al\/\"},{\"@type\":\"ListItem\",\"position\":2,\"name\":\"Legjislacioni tatimor\",\"item\":\"https:\/\/alprofitconsult.al\/en\/tatime\/\"},{\"@type\":\"ListItem\",\"position\":3,\"name\":\"Individe\",\"item\":\"https:\/\/alprofitconsult.al\/en\/tatime\/individe\/\"},{\"@type\":\"ListItem\",\"position\":4,\"name\":\"Baza tatimore\",\"item\":\"https:\/\/alprofitconsult.al\/en\/tatime\/individe\/baza-tatimore\/\"},{\"@type\":\"ListItem\",\"position\":5,\"name\":\"Baza Tatimore Vjetore dhe Normat Tatimore\"}]},{\"@type\":\"WebSite\",\"@id\":\"https:\/\/alprofitconsult.al\/#website\",\"url\":\"https:\/\/alprofitconsult.al\/\",\"name\":\"AlProfit Consult\",\"description\":\"Zyr\u00eb Kontabiliteti\",\"publisher\":{\"@id\":\"https:\/\/alprofitconsult.al\/#organization\"},\"potentialAction\":[{\"@type\":\"SearchAction\",\"target\":{\"@type\":\"EntryPoint\",\"urlTemplate\":\"https:\/\/alprofitconsult.al\/?s={search_term_string}\"},\"query-input\":{\"@type\":\"PropertyValueSpecification\",\"valueRequired\":true,\"valueName\":\"search_term_string\"}}],\"inLanguage\":\"it-IT\"},{\"@type\":\"Organization\",\"@id\":\"https:\/\/alprofitconsult.al\/#organization\",\"name\":\"Alprofit Consult\",\"url\":\"https:\/\/alprofitconsult.al\/\",\"logo\":{\"@type\":\"ImageObject\",\"inLanguage\":\"it-IT\",\"@id\":\"https:\/\/alprofitconsult.al\/#\/schema\/logo\/image\/\",\"url\":\"https:\/\/alprofitconsult.al\/wp-content\/uploads\/2022\/10\/logoalprofit.png\",\"contentUrl\":\"https:\/\/alprofitconsult.al\/wp-content\/uploads\/2022\/10\/logoalprofit.png\",\"width\":529,\"height\":156,\"caption\":\"Alprofit Consult\"},\"image\":{\"@id\":\"https:\/\/alprofitconsult.al\/#\/schema\/logo\/image\/\"},\"sameAs\":[\"https:\/\/www.facebook.com\/AlProfitConsult\/\",\"https:\/\/x.com\/AlProfitConsult\",\"https:\/\/www.linkedin.com\/company\/andi-haxhillari\/\",\"https:\/\/www.pinterest.com\/AlProfitConsult\/\",\"https:\/\/www.youtube.com\/channel\/UCZ5Gfntn161Nla3g1XdRldA\",\"https:\/\/sq.wikipedia.org\/wiki\/P\u00ebrdoruesi:Andi25~sqwiki\"]}]}<\/script>\n<!-- \/ Yoast SEO plugin. -->","yoast_head_json":{"title":"Baza Tatimore Vjetore dhe Normat Tatimore - AlProfit Consult","robots":{"index":"index","follow":"follow","max-snippet":"max-snippet:-1","max-image-preview":"max-image-preview:large","max-video-preview":"max-video-preview:-1"},"canonical":"https:\/\/alprofitconsult.al\/it\/tasse\/individe\/baza-tatimore\/baza-tatimore-vjetore-dhe-normat-tatimore\/","og_locale":"it_IT","og_type":"article","og_title":"Baza Tatimore Vjetore dhe Normat Tatimore - AlProfit Consult","og_description":"21.1 Llogaritja e baz\u00ebs tatimore vjetore Baza tatimore vjetore p\u00ebrfshin t\u00eb ardhurat nga pun\u00ebsimi, biznesi dhe investimet, pak\u00ebsuar me kompensimet dhe zbritjet e p\u00ebrcaktuara sipas ligjit. 21.2 Normat tatimore p\u00ebr kategorit\u00eb e t\u00eb ardhurave 21.2.2 Tatimi mbi t\u00eb Ardhurat nga Pun\u00ebsimi P\u00ebr t\u00eb ardhurat nga pun\u00ebsimi, normat tatimore progresive q\u00eb zbatohen jan\u00eb 13% dhe 23%. [&hellip;]","og_url":"https:\/\/alprofitconsult.al\/it\/tasse\/individe\/baza-tatimore\/baza-tatimore-vjetore-dhe-normat-tatimore\/","og_site_name":"AlProfit Consult","article_publisher":"https:\/\/www.facebook.com\/AlProfitConsult\/","article_modified_time":"2024-12-01T17:23:09+00:00","og_image":[{"url":"https:\/\/alprofitconsult.al\/wp-content\/uploads\/2024\/11\/Baza-Tatimore-Vjetore-dhe-Normat-Tatimore-Alprofit-Consult.jpg","type":"","width":"","height":""}],"twitter_card":"summary_large_image","twitter_site":"@AlProfitConsult","twitter_misc":{"Tempo di lettura stimato":"4 minuti"},"schema":{"@context":"https:\/\/schema.org","@graph":[{"@type":"WebPage","@id":"https:\/\/alprofitconsult.al\/en\/tatime\/individe\/baza-tatimore\/baza-tatimore-vjetore-dhe-normat-tatimore\/","url":"https:\/\/alprofitconsult.al\/en\/tatime\/individe\/baza-tatimore\/baza-tatimore-vjetore-dhe-normat-tatimore\/","name":"Baza Tatimore Vjetore dhe Normat Tatimore - AlProfit Consult","isPartOf":{"@id":"https:\/\/alprofitconsult.al\/#website"},"primaryImageOfPage":{"@id":"https:\/\/alprofitconsult.al\/en\/tatime\/individe\/baza-tatimore\/baza-tatimore-vjetore-dhe-normat-tatimore\/#primaryimage"},"image":{"@id":"https:\/\/alprofitconsult.al\/en\/tatime\/individe\/baza-tatimore\/baza-tatimore-vjetore-dhe-normat-tatimore\/#primaryimage"},"thumbnailUrl":"https:\/\/alprofitconsult.al\/wp-content\/uploads\/2024\/11\/Baza-Tatimore-Vjetore-dhe-Normat-Tatimore-Alprofit-Consult.jpg","datePublished":"2024-11-29T23:06:58+00:00","dateModified":"2024-12-01T17:23:09+00:00","breadcrumb":{"@id":"https:\/\/alprofitconsult.al\/en\/tatime\/individe\/baza-tatimore\/baza-tatimore-vjetore-dhe-normat-tatimore\/#breadcrumb"},"inLanguage":"it-IT","potentialAction":[{"@type":"ReadAction","target":["https:\/\/alprofitconsult.al\/en\/tatime\/individe\/baza-tatimore\/baza-tatimore-vjetore-dhe-normat-tatimore\/"]}]},{"@type":"ImageObject","inLanguage":"it-IT","@id":"https:\/\/alprofitconsult.al\/en\/tatime\/individe\/baza-tatimore\/baza-tatimore-vjetore-dhe-normat-tatimore\/#primaryimage","url":"https:\/\/alprofitconsult.al\/wp-content\/uploads\/2024\/11\/Baza-Tatimore-Vjetore-dhe-Normat-Tatimore-Alprofit-Consult.jpg","contentUrl":"https:\/\/alprofitconsult.al\/wp-content\/uploads\/2024\/11\/Baza-Tatimore-Vjetore-dhe-Normat-Tatimore-Alprofit-Consult.jpg"},{"@type":"BreadcrumbList","@id":"https:\/\/alprofitconsult.al\/en\/tatime\/individe\/baza-tatimore\/baza-tatimore-vjetore-dhe-normat-tatimore\/#breadcrumb","itemListElement":[{"@type":"ListItem","position":1,"name":"Kryefaqe","item":"https:\/\/alprofitconsult.al\/"},{"@type":"ListItem","position":2,"name":"Legjislacioni tatimor","item":"https:\/\/alprofitconsult.al\/en\/tatime\/"},{"@type":"ListItem","position":3,"name":"Individe","item":"https:\/\/alprofitconsult.al\/en\/tatime\/individe\/"},{"@type":"ListItem","position":4,"name":"Baza tatimore","item":"https:\/\/alprofitconsult.al\/en\/tatime\/individe\/baza-tatimore\/"},{"@type":"ListItem","position":5,"name":"Baza Tatimore Vjetore dhe Normat Tatimore"}]},{"@type":"WebSite","@id":"https:\/\/alprofitconsult.al\/#website","url":"https:\/\/alprofitconsult.al\/","name":"AlProfit Consult","description":"Ufficio contabilit\u00e0","publisher":{"@id":"https:\/\/alprofitconsult.al\/#organization"},"potentialAction":[{"@type":"SearchAction","target":{"@type":"EntryPoint","urlTemplate":"https:\/\/alprofitconsult.al\/?s={search_term_string}"},"query-input":{"@type":"PropertyValueSpecification","valueRequired":true,"valueName":"search_term_string"}}],"inLanguage":"it-IT"},{"@type":"Organization","@id":"https:\/\/alprofitconsult.al\/#organization","name":"Alprofit Consult","url":"https:\/\/alprofitconsult.al\/","logo":{"@type":"ImageObject","inLanguage":"it-IT","@id":"https:\/\/alprofitconsult.al\/#\/schema\/logo\/image\/","url":"https:\/\/alprofitconsult.al\/wp-content\/uploads\/2022\/10\/logoalprofit.png","contentUrl":"https:\/\/alprofitconsult.al\/wp-content\/uploads\/2022\/10\/logoalprofit.png","width":529,"height":156,"caption":"Alprofit Consult"},"image":{"@id":"https:\/\/alprofitconsult.al\/#\/schema\/logo\/image\/"},"sameAs":["https:\/\/www.facebook.com\/AlProfitConsult\/","https:\/\/x.com\/AlProfitConsult","https:\/\/www.linkedin.com\/company\/andi-haxhillari\/","https:\/\/www.pinterest.com\/AlProfitConsult\/","https:\/\/www.youtube.com\/channel\/UCZ5Gfntn161Nla3g1XdRldA","https:\/\/sq.wikipedia.org\/wiki\/P\u00ebrdoruesi:Andi25~sqwiki"]}]}},"_links":{"self":[{"href":"https:\/\/alprofitconsult.al\/it\/wp-json\/wp\/v2\/pages\/19785","targetHints":{"allow":["GET"]}}],"collection":[{"href":"https:\/\/alprofitconsult.al\/it\/wp-json\/wp\/v2\/pages"}],"about":[{"href":"https:\/\/alprofitconsult.al\/it\/wp-json\/wp\/v2\/types\/page"}],"author":[{"embeddable":true,"href":"https:\/\/alprofitconsult.al\/it\/wp-json\/wp\/v2\/users\/1"}],"replies":[{"embeddable":true,"href":"https:\/\/alprofitconsult.al\/it\/wp-json\/wp\/v2\/comments?post=19785"}],"version-history":[{"count":5,"href":"https:\/\/alprofitconsult.al\/it\/wp-json\/wp\/v2\/pages\/19785\/revisions"}],"predecessor-version":[{"id":20246,"href":"https:\/\/alprofitconsult.al\/it\/wp-json\/wp\/v2\/pages\/19785\/revisions\/20246"}],"up":[{"embeddable":true,"href":"https:\/\/alprofitconsult.al\/it\/wp-json\/wp\/v2\/pages\/19597"}],"wp:attachment":[{"href":"https:\/\/alprofitconsult.al\/it\/wp-json\/wp\/v2\/media?parent=19785"}],"curies":[{"name":"wp","href":"https:\/\/api.w.org\/{rel}","templated":true}]}}