{"id":19788,"date":"2024-11-29T23:07:33","date_gmt":"2024-11-29T23:07:33","guid":{"rendered":"https:\/\/alprofitconsult.al\/?page_id=19788"},"modified":"2024-11-29T23:17:50","modified_gmt":"2024-11-29T23:17:50","slug":"kerkesa-per-zbritje","status":"publish","type":"page","link":"https:\/\/alprofitconsult.al\/it\/tatime\/individe\/baza-tatimore\/kerkesa-per-zbritje\/","title":{"rendered":"K\u00ebrkesa p\u00ebr Zbritje"},"content":{"rendered":"<div class=\"yoast-breadcrumbs\"><span><span><a href=\"https:\/\/alprofitconsult.al\/it\/\">Pagina Iniziale<\/a><\/span> | <span><a href=\"https:\/\/alprofitconsult.al\/en\/tatime\/\">Normativa fiscale<\/a><\/span> | <span><a href=\"https:\/\/alprofitconsult.al\/en\/tatime\/individe\/\">Individe<\/a><\/span> | <span><a href=\"https:\/\/alprofitconsult.al\/en\/tatime\/individe\/baza-tatimore\/\">Base imponibile<\/a><\/span> | <span class=\"breadcrumb_last\" aria-current=\"page\">K\u00ebrkesa p\u00ebr Zbritje<\/span><\/span><\/div>\n\n\n<p><\/p>\n\n\n\n<figure class=\"wp-block-image size-full\"><img loading=\"lazy\" decoding=\"async\" width=\"1920\" height=\"1280\" src=\"https:\/\/alprofitconsult.al\/wp-content\/uploads\/2024\/11\/Kerkesa-per-Zbritje-Alprofit-Consult.jpg\" alt=\"\" class=\"wp-image-19808\" srcset=\"https:\/\/alprofitconsult.al\/wp-content\/uploads\/2024\/11\/Kerkesa-per-Zbritje-Alprofit-Consult.jpg 1920w, https:\/\/alprofitconsult.al\/wp-content\/uploads\/2024\/11\/Kerkesa-per-Zbritje-Alprofit-Consult-768x512.jpg 768w, https:\/\/alprofitconsult.al\/wp-content\/uploads\/2024\/11\/Kerkesa-per-Zbritje-Alprofit-Consult-1536x1024.jpg 1536w\" sizes=\"auto, (max-width: 1920px) 100vw, 1920px\" \/><\/figure>\n\n\n\n<h2 class=\"wp-block-heading\">23.1 Procedura p\u00ebr k\u00ebrkimin e zbritjeve nga baza tatimore<\/h2>\n\n\n\n<p>Tatimpaguesit duhet t\u00eb paraqesin dokumente justifikues p\u00ebr t\u00eb k\u00ebrkuar zbritjet nga baza tatimore, p\u00ebrfshir\u00eb certifikat\u00ebn e gjendjes familjare dhe dokumentet e pages\u00ebs p\u00ebr arsim.<\/p>\n\n\n\n<p>Llogaritja dhe Kreditimi i Tatimit t\u00eb Paguesh\u00ebm<\/p>\n\n\n\n<h2 class=\"wp-block-heading\">24.1 Llogaritja e tatimit t\u00eb paguesh\u00ebm<\/h2>\n\n\n\n<p>Tatimi mbi t\u00eb ardhurat personale llogaritet bazuar n\u00eb t\u00eb ardhurat e tatueshme dhe normat tatimore t\u00eb p\u00ebrcaktuara p\u00ebr secil\u00ebn kategori t\u00eb ardhurash.<\/p>\n\n\n\n<h2 class=\"wp-block-heading\">25. Kreditimi i tatimit t\u00eb huaj<\/h2>\n\n\n\n<p>Tatimpaguesit q\u00eb kan\u00eb paguar tatim n\u00eb vende t\u00eb tjera mund t\u00eb kreditojn\u00eb tatimin e paguar jasht\u00eb Shqip\u00ebris\u00eb deri n\u00eb nivelin e tatimit q\u00eb do t\u00eb aplikohej n\u00eb Shqip\u00ebri.<\/p>\n\n\n<div class=\"gdlr-core-widget-box-shortcode\" style=\"color: #ffffff ;background-color: #000014 ;\"  ><h3 class=\"gdlr-core-widget-box-shortcode-title\" style=\"color: #ffffff ;\"  >Hai qualche domanda?<\/h3><div class=\"gdlr-core-widget-box-shortcode-content\" ><p class=\"translation-block\">Non esitare a <a href=\"https:\/\/alprofitconsult.al\/it\/contatti\/\" target=\"_self\">contattarci. Siamo un team di esperti e saremo lieti di parlare con te.<\/p>\n<\/div><\/div>","protected":false},"excerpt":{"rendered":"<p>23.1 Procedura p\u00ebr k\u00ebrkimin e zbritjeve nga baza tatimore Tatimpaguesit duhet t\u00eb paraqesin dokumente justifikues p\u00ebr t\u00eb k\u00ebrkuar zbritjet nga baza tatimore, p\u00ebrfshir\u00eb certifikat\u00ebn e gjendjes familjare dhe dokumentet e pages\u00ebs p\u00ebr arsim. Llogaritja dhe Kreditimi i Tatimit t\u00eb Paguesh\u00ebm 24.1 Llogaritja e tatimit t\u00eb paguesh\u00ebm Tatimi mbi t\u00eb ardhurat personale llogaritet bazuar n\u00eb t\u00eb [&hellip;]<\/p>\n","protected":false},"author":1,"featured_media":0,"parent":19597,"menu_order":0,"comment_status":"closed","ping_status":"closed","template":"","meta":{"footnotes":""},"class_list":["post-19788","page","type-page","status-publish","hentry"],"yoast_head":"<!-- This site is optimized with the Yoast SEO Premium plugin v27.6 (Yoast SEO v27.6) - https:\/\/yoast.com\/product\/yoast-seo-premium-wordpress\/ -->\n<title>K\u00ebrkesa p\u00ebr Zbritje - AlProfit Consult<\/title>\n<meta name=\"robots\" content=\"index, follow, max-snippet:-1, max-image-preview:large, max-video-preview:-1\" \/>\n<link rel=\"canonical\" href=\"https:\/\/alprofitconsult.al\/it\/tasse\/individe\/baza-tatimore\/kerkesa-per-zbritje\/\" \/>\n<meta property=\"og:locale\" content=\"it_IT\" \/>\n<meta property=\"og:type\" content=\"article\" \/>\n<meta property=\"og:title\" content=\"K\u00ebrkesa p\u00ebr Zbritje\" \/>\n<meta property=\"og:description\" content=\"23.1 Procedura p\u00ebr k\u00ebrkimin e zbritjeve nga baza tatimore Tatimpaguesit duhet t\u00eb paraqesin dokumente justifikues p\u00ebr t\u00eb k\u00ebrkuar zbritjet nga baza tatimore, p\u00ebrfshir\u00eb certifikat\u00ebn e gjendjes familjare dhe dokumentet e pages\u00ebs p\u00ebr arsim. Llogaritja dhe Kreditimi i Tatimit t\u00eb Paguesh\u00ebm 24.1 Llogaritja e tatimit t\u00eb paguesh\u00ebm Tatimi mbi t\u00eb ardhurat personale llogaritet bazuar n\u00eb t\u00eb [&hellip;]\" \/>\n<meta property=\"og:url\" content=\"https:\/\/alprofitconsult.al\/it\/tasse\/individe\/baza-tatimore\/kerkesa-per-zbritje\/\" \/>\n<meta property=\"og:site_name\" content=\"AlProfit Consult\" \/>\n<meta property=\"article:publisher\" content=\"https:\/\/www.facebook.com\/AlProfitConsult\/\" \/>\n<meta property=\"article:modified_time\" content=\"2024-11-29T23:17:50+00:00\" \/>\n<meta property=\"og:image\" content=\"https:\/\/alprofitconsult.al\/wp-content\/uploads\/2024\/11\/Kerkesa-per-Zbritje-Alprofit-Consult.jpg\" \/>\n<meta name=\"twitter:card\" content=\"summary_large_image\" \/>\n<meta name=\"twitter:site\" content=\"@AlProfitConsult\" \/>\n<meta name=\"twitter:label1\" content=\"Tempo di lettura stimato\" \/>\n\t<meta name=\"twitter:data1\" content=\"1 minuto\" \/>\n<script type=\"application\/ld+json\" class=\"yoast-schema-graph\">{\"@context\":\"https:\\\/\\\/schema.org\",\"@graph\":[{\"@type\":\"WebPage\",\"@id\":\"https:\\\/\\\/alprofitconsult.al\\\/en\\\/tatime\\\/individe\\\/baza-tatimore\\\/kerkesa-per-zbritje\\\/\",\"url\":\"https:\\\/\\\/alprofitconsult.al\\\/en\\\/tatime\\\/individe\\\/baza-tatimore\\\/kerkesa-per-zbritje\\\/\",\"name\":\"K\u00ebrkesa p\u00ebr Zbritje - AlProfit Consult\",\"isPartOf\":{\"@id\":\"https:\\\/\\\/alprofitconsult.al\\\/#website\"},\"primaryImageOfPage\":{\"@id\":\"https:\\\/\\\/alprofitconsult.al\\\/en\\\/tatime\\\/individe\\\/baza-tatimore\\\/kerkesa-per-zbritje\\\/#primaryimage\"},\"image\":{\"@id\":\"https:\\\/\\\/alprofitconsult.al\\\/en\\\/tatime\\\/individe\\\/baza-tatimore\\\/kerkesa-per-zbritje\\\/#primaryimage\"},\"thumbnailUrl\":\"https:\\\/\\\/alprofitconsult.al\\\/wp-content\\\/uploads\\\/2024\\\/11\\\/Kerkesa-per-Zbritje-Alprofit-Consult.jpg\",\"datePublished\":\"2024-11-29T23:07:33+00:00\",\"dateModified\":\"2024-11-29T23:17:50+00:00\",\"breadcrumb\":{\"@id\":\"https:\\\/\\\/alprofitconsult.al\\\/en\\\/tatime\\\/individe\\\/baza-tatimore\\\/kerkesa-per-zbritje\\\/#breadcrumb\"},\"inLanguage\":\"it-IT\",\"potentialAction\":[{\"@type\":\"ReadAction\",\"target\":[\"https:\\\/\\\/alprofitconsult.al\\\/en\\\/tatime\\\/individe\\\/baza-tatimore\\\/kerkesa-per-zbritje\\\/\"]}]},{\"@type\":\"ImageObject\",\"inLanguage\":\"it-IT\",\"@id\":\"https:\\\/\\\/alprofitconsult.al\\\/en\\\/tatime\\\/individe\\\/baza-tatimore\\\/kerkesa-per-zbritje\\\/#primaryimage\",\"url\":\"https:\\\/\\\/alprofitconsult.al\\\/wp-content\\\/uploads\\\/2024\\\/11\\\/Kerkesa-per-Zbritje-Alprofit-Consult.jpg\",\"contentUrl\":\"https:\\\/\\\/alprofitconsult.al\\\/wp-content\\\/uploads\\\/2024\\\/11\\\/Kerkesa-per-Zbritje-Alprofit-Consult.jpg\"},{\"@type\":\"BreadcrumbList\",\"@id\":\"https:\\\/\\\/alprofitconsult.al\\\/en\\\/tatime\\\/individe\\\/baza-tatimore\\\/kerkesa-per-zbritje\\\/#breadcrumb\",\"itemListElement\":[{\"@type\":\"ListItem\",\"position\":1,\"name\":\"Kryefaqe\",\"item\":\"https:\\\/\\\/alprofitconsult.al\\\/\"},{\"@type\":\"ListItem\",\"position\":2,\"name\":\"Legjislacioni tatimor\",\"item\":\"https:\\\/\\\/alprofitconsult.al\\\/en\\\/tatime\\\/\"},{\"@type\":\"ListItem\",\"position\":3,\"name\":\"Individe\",\"item\":\"https:\\\/\\\/alprofitconsult.al\\\/en\\\/tatime\\\/individe\\\/\"},{\"@type\":\"ListItem\",\"position\":4,\"name\":\"Baza tatimore\",\"item\":\"https:\\\/\\\/alprofitconsult.al\\\/en\\\/tatime\\\/individe\\\/baza-tatimore\\\/\"},{\"@type\":\"ListItem\",\"position\":5,\"name\":\"K\u00ebrkesa p\u00ebr Zbritje\"}]},{\"@type\":\"WebSite\",\"@id\":\"https:\\\/\\\/alprofitconsult.al\\\/#website\",\"url\":\"https:\\\/\\\/alprofitconsult.al\\\/\",\"name\":\"AlProfit Consult\",\"description\":\"Zyr\u00eb Kontabiliteti\",\"publisher\":{\"@id\":\"https:\\\/\\\/alprofitconsult.al\\\/#organization\"},\"potentialAction\":[{\"@type\":\"SearchAction\",\"target\":{\"@type\":\"EntryPoint\",\"urlTemplate\":\"https:\\\/\\\/alprofitconsult.al\\\/?s={search_term_string}\"},\"query-input\":{\"@type\":\"PropertyValueSpecification\",\"valueRequired\":true,\"valueName\":\"search_term_string\"}}],\"inLanguage\":\"it-IT\"},{\"@type\":[\"Organization\",\"Place\"],\"@id\":\"https:\\\/\\\/alprofitconsult.al\\\/#organization\",\"name\":\"Alprofit Consult\",\"url\":\"https:\\\/\\\/alprofitconsult.al\\\/\",\"logo\":{\"@id\":\"https:\\\/\\\/alprofitconsult.al\\\/en\\\/tatime\\\/individe\\\/baza-tatimore\\\/kerkesa-per-zbritje\\\/#local-main-organization-logo\"},\"image\":{\"@id\":\"https:\\\/\\\/alprofitconsult.al\\\/en\\\/tatime\\\/individe\\\/baza-tatimore\\\/kerkesa-per-zbritje\\\/#local-main-organization-logo\"},\"sameAs\":[\"https:\\\/\\\/www.facebook.com\\\/AlProfitConsult\\\/\",\"https:\\\/\\\/x.com\\\/AlProfitConsult\",\"https:\\\/\\\/www.linkedin.com\\\/company\\\/andi-haxhillari\\\/\",\"https:\\\/\\\/www.pinterest.com\\\/AlProfitConsult\\\/\",\"https:\\\/\\\/www.youtube.com\\\/channel\\\/UCZ5Gfntn161Nla3g1XdRldA\",\"https:\\\/\\\/sq.wikipedia.org\\\/wiki\\\/P\u00ebrdoruesi:Andi25~sqwiki\"],\"telephone\":[],\"openingHoursSpecification\":[{\"@type\":\"OpeningHoursSpecification\",\"dayOfWeek\":[\"Monday\",\"Tuesday\",\"Wednesday\",\"Thursday\",\"Friday\",\"Saturday\",\"Sunday\"],\"opens\":\"09:00\",\"closes\":\"17:00\"}]},{\"@type\":\"ImageObject\",\"inLanguage\":\"it-IT\",\"@id\":\"https:\\\/\\\/alprofitconsult.al\\\/en\\\/tatime\\\/individe\\\/baza-tatimore\\\/kerkesa-per-zbritje\\\/#local-main-organization-logo\",\"url\":\"https:\\\/\\\/alprofitconsult.al\\\/wp-content\\\/uploads\\\/2022\\\/10\\\/logoalprofit.png\",\"contentUrl\":\"https:\\\/\\\/alprofitconsult.al\\\/wp-content\\\/uploads\\\/2022\\\/10\\\/logoalprofit.png\",\"width\":529,\"height\":156,\"caption\":\"Alprofit Consult\"}]}<\/script>\n<!-- \/ Yoast SEO Premium plugin. -->","yoast_head_json":{"title":"K\u00ebrkesa p\u00ebr Zbritje - AlProfit Consult","robots":{"index":"index","follow":"follow","max-snippet":"max-snippet:-1","max-image-preview":"max-image-preview:large","max-video-preview":"max-video-preview:-1"},"canonical":"https:\/\/alprofitconsult.al\/it\/tasse\/individe\/baza-tatimore\/kerkesa-per-zbritje\/","og_locale":"it_IT","og_type":"article","og_title":"K\u00ebrkesa p\u00ebr Zbritje","og_description":"23.1 Procedura p\u00ebr k\u00ebrkimin e zbritjeve nga baza tatimore Tatimpaguesit duhet t\u00eb paraqesin dokumente justifikues p\u00ebr t\u00eb k\u00ebrkuar zbritjet nga baza tatimore, p\u00ebrfshir\u00eb certifikat\u00ebn e gjendjes familjare dhe dokumentet e pages\u00ebs p\u00ebr arsim. Llogaritja dhe Kreditimi i Tatimit t\u00eb Paguesh\u00ebm 24.1 Llogaritja e tatimit t\u00eb paguesh\u00ebm Tatimi mbi t\u00eb ardhurat personale llogaritet bazuar n\u00eb t\u00eb [&hellip;]","og_url":"https:\/\/alprofitconsult.al\/it\/tasse\/individe\/baza-tatimore\/kerkesa-per-zbritje\/","og_site_name":"AlProfit Consult","article_publisher":"https:\/\/www.facebook.com\/AlProfitConsult\/","article_modified_time":"2024-11-29T23:17:50+00:00","og_image":[{"url":"https:\/\/alprofitconsult.al\/wp-content\/uploads\/2024\/11\/Kerkesa-per-Zbritje-Alprofit-Consult.jpg","type":"","width":"","height":""}],"twitter_card":"summary_large_image","twitter_site":"@AlProfitConsult","twitter_misc":{"Tempo di lettura stimato":"1 minuto"},"schema":{"@context":"https:\/\/schema.org","@graph":[{"@type":"WebPage","@id":"https:\/\/alprofitconsult.al\/en\/tatime\/individe\/baza-tatimore\/kerkesa-per-zbritje\/","url":"https:\/\/alprofitconsult.al\/en\/tatime\/individe\/baza-tatimore\/kerkesa-per-zbritje\/","name":"K\u00ebrkesa p\u00ebr Zbritje - AlProfit Consult","isPartOf":{"@id":"https:\/\/alprofitconsult.al\/#website"},"primaryImageOfPage":{"@id":"https:\/\/alprofitconsult.al\/en\/tatime\/individe\/baza-tatimore\/kerkesa-per-zbritje\/#primaryimage"},"image":{"@id":"https:\/\/alprofitconsult.al\/en\/tatime\/individe\/baza-tatimore\/kerkesa-per-zbritje\/#primaryimage"},"thumbnailUrl":"https:\/\/alprofitconsult.al\/wp-content\/uploads\/2024\/11\/Kerkesa-per-Zbritje-Alprofit-Consult.jpg","datePublished":"2024-11-29T23:07:33+00:00","dateModified":"2024-11-29T23:17:50+00:00","breadcrumb":{"@id":"https:\/\/alprofitconsult.al\/en\/tatime\/individe\/baza-tatimore\/kerkesa-per-zbritje\/#breadcrumb"},"inLanguage":"it-IT","potentialAction":[{"@type":"ReadAction","target":["https:\/\/alprofitconsult.al\/en\/tatime\/individe\/baza-tatimore\/kerkesa-per-zbritje\/"]}]},{"@type":"ImageObject","inLanguage":"it-IT","@id":"https:\/\/alprofitconsult.al\/en\/tatime\/individe\/baza-tatimore\/kerkesa-per-zbritje\/#primaryimage","url":"https:\/\/alprofitconsult.al\/wp-content\/uploads\/2024\/11\/Kerkesa-per-Zbritje-Alprofit-Consult.jpg","contentUrl":"https:\/\/alprofitconsult.al\/wp-content\/uploads\/2024\/11\/Kerkesa-per-Zbritje-Alprofit-Consult.jpg"},{"@type":"BreadcrumbList","@id":"https:\/\/alprofitconsult.al\/en\/tatime\/individe\/baza-tatimore\/kerkesa-per-zbritje\/#breadcrumb","itemListElement":[{"@type":"ListItem","position":1,"name":"Kryefaqe","item":"https:\/\/alprofitconsult.al\/"},{"@type":"ListItem","position":2,"name":"Legjislacioni tatimor","item":"https:\/\/alprofitconsult.al\/en\/tatime\/"},{"@type":"ListItem","position":3,"name":"Individe","item":"https:\/\/alprofitconsult.al\/en\/tatime\/individe\/"},{"@type":"ListItem","position":4,"name":"Baza tatimore","item":"https:\/\/alprofitconsult.al\/en\/tatime\/individe\/baza-tatimore\/"},{"@type":"ListItem","position":5,"name":"K\u00ebrkesa p\u00ebr Zbritje"}]},{"@type":"WebSite","@id":"https:\/\/alprofitconsult.al\/#website","url":"https:\/\/alprofitconsult.al\/","name":"AlProfit Consult","description":"Ufficio contabilit\u00e0","publisher":{"@id":"https:\/\/alprofitconsult.al\/#organization"},"potentialAction":[{"@type":"SearchAction","target":{"@type":"EntryPoint","urlTemplate":"https:\/\/alprofitconsult.al\/?s={search_term_string}"},"query-input":{"@type":"PropertyValueSpecification","valueRequired":true,"valueName":"search_term_string"}}],"inLanguage":"it-IT"},{"@type":["Organization","Place"],"@id":"https:\/\/alprofitconsult.al\/#organization","name":"Alprofit Consult","url":"https:\/\/alprofitconsult.al\/","logo":{"@id":"https:\/\/alprofitconsult.al\/en\/tatime\/individe\/baza-tatimore\/kerkesa-per-zbritje\/#local-main-organization-logo"},"image":{"@id":"https:\/\/alprofitconsult.al\/en\/tatime\/individe\/baza-tatimore\/kerkesa-per-zbritje\/#local-main-organization-logo"},"sameAs":["https:\/\/www.facebook.com\/AlProfitConsult\/","https:\/\/x.com\/AlProfitConsult","https:\/\/www.linkedin.com\/company\/andi-haxhillari\/","https:\/\/www.pinterest.com\/AlProfitConsult\/","https:\/\/www.youtube.com\/channel\/UCZ5Gfntn161Nla3g1XdRldA","https:\/\/sq.wikipedia.org\/wiki\/P\u00ebrdoruesi:Andi25~sqwiki"],"telephone":[],"openingHoursSpecification":[{"@type":"OpeningHoursSpecification","dayOfWeek":["Monday","Tuesday","Wednesday","Thursday","Friday","Saturday","Sunday"],"opens":"09:00","closes":"17:00"}]},{"@type":"ImageObject","inLanguage":"it-IT","@id":"https:\/\/alprofitconsult.al\/en\/tatime\/individe\/baza-tatimore\/kerkesa-per-zbritje\/#local-main-organization-logo","url":"https:\/\/alprofitconsult.al\/wp-content\/uploads\/2022\/10\/logoalprofit.png","contentUrl":"https:\/\/alprofitconsult.al\/wp-content\/uploads\/2022\/10\/logoalprofit.png","width":529,"height":156,"caption":"Alprofit Consult"}]}},"_links":{"self":[{"href":"https:\/\/alprofitconsult.al\/it\/wp-json\/wp\/v2\/pages\/19788","targetHints":{"allow":["GET"]}}],"collection":[{"href":"https:\/\/alprofitconsult.al\/it\/wp-json\/wp\/v2\/pages"}],"about":[{"href":"https:\/\/alprofitconsult.al\/it\/wp-json\/wp\/v2\/types\/page"}],"author":[{"embeddable":true,"href":"https:\/\/alprofitconsult.al\/it\/wp-json\/wp\/v2\/users\/1"}],"replies":[{"embeddable":true,"href":"https:\/\/alprofitconsult.al\/it\/wp-json\/wp\/v2\/comments?post=19788"}],"version-history":[{"count":4,"href":"https:\/\/alprofitconsult.al\/it\/wp-json\/wp\/v2\/pages\/19788\/revisions"}],"predecessor-version":[{"id":19810,"href":"https:\/\/alprofitconsult.al\/it\/wp-json\/wp\/v2\/pages\/19788\/revisions\/19810"}],"up":[{"embeddable":true,"href":"https:\/\/alprofitconsult.al\/it\/wp-json\/wp\/v2\/pages\/19597"}],"wp:attachment":[{"href":"https:\/\/alprofitconsult.al\/it\/wp-json\/wp\/v2\/media?parent=19788"}],"curies":[{"name":"WordPress","href":"https:\/\/api.w.org\/{rel}","templated":true}]}}