{"id":19791,"date":"2024-11-29T23:08:03","date_gmt":"2024-11-29T23:08:03","guid":{"rendered":"https:\/\/alprofitconsult.al\/?page_id=19791"},"modified":"2024-11-29T23:38:33","modified_gmt":"2024-11-29T23:38:33","slug":"shembuj-te-llogaritjes-se-tatimit","status":"publish","type":"page","link":"https:\/\/alprofitconsult.al\/it\/tatime\/individe\/baza-tatimore\/shembuj-te-llogaritjes-se-tatimit\/","title":{"rendered":"Shembuj t\u00eb Llogaritjes s\u00eb Tatimit"},"content":{"rendered":"<div class=\"yoast-breadcrumbs\"><span><span><a href=\"https:\/\/alprofitconsult.al\/it\/\">Home page<\/a><\/span> | <span><a href=\"https:\/\/alprofitconsult.al\/en\/tatime\/\">Normativa fiscale<\/a><\/span> | <span><a href=\"https:\/\/alprofitconsult.al\/en\/tatime\/individe\/\">Individe<\/a><\/span> | <span><a href=\"https:\/\/alprofitconsult.al\/en\/tatime\/individe\/baza-tatimore\/\">Base imponibile<\/a><\/span> | <span class=\"breadcrumb_last\" aria-current=\"page\">Shembuj t\u00eb Llogaritjes s\u00eb Tatimit<\/span><\/span><\/div>\n\n\n<p><\/p>\n\n\n\n<figure class=\"wp-block-image size-full\"><img loading=\"lazy\" decoding=\"async\" width=\"1920\" height=\"1144\" src=\"https:\/\/alprofitconsult.al\/wp-content\/uploads\/2024\/11\/Shembuj-te-Llogaritjes-se-Tatimit-Alprofit-Consult.jpg\" alt=\"\" class=\"wp-image-19811\" srcset=\"https:\/\/alprofitconsult.al\/wp-content\/uploads\/2024\/11\/Shembuj-te-Llogaritjes-se-Tatimit-Alprofit-Consult.jpg 1920w, https:\/\/alprofitconsult.al\/wp-content\/uploads\/2024\/11\/Shembuj-te-Llogaritjes-se-Tatimit-Alprofit-Consult-768x458.jpg 768w, https:\/\/alprofitconsult.al\/wp-content\/uploads\/2024\/11\/Shembuj-te-Llogaritjes-se-Tatimit-Alprofit-Consult-1536x915.jpg 1536w\" sizes=\"auto, (max-width: 1920px) 100vw, 1920px\" \/><\/figure>\n\n\n\n<h2 class=\"wp-block-heading\">Shembull 1: Tatimi mbi t\u00eb ardhurat nga pun\u00ebsimi<\/h2>\n\n\n\n<p>Individi A ka t\u00eb ardhura vjetore nga pun\u00ebsimi prej 2,760,000 lek\u00ebsh. Pas aplikimit t\u00eb zbritjes prej 360,000 lek\u00ebsh, t\u00eb ardhurat e tatueshme jan\u00eb 2,400,000 lek\u00eb, t\u00eb cilat tatohen me 13% p\u00ebr t\u00eb ardhurat deri n\u00eb 2,040,000 lek\u00eb dhe 23% p\u00ebr pjes\u00ebn mbi k\u00ebt\u00eb shum\u00ebn, duke rezultuar n\u00eb nj\u00eb tatim prej 358,000 lek\u00ebsh n\u00eb vit.<\/p>\n\n\n\n<h2 class=\"wp-block-heading\">Shembull 2: Tatimi mbi t\u00eb ardhurat nga biznesi<\/h2>\n\n\n\n<p>Individi B ka t\u00eb ardhura neto vjetore nga biznesi prej 3,250,000 lek\u00ebsh. Pas aplikimit t\u00eb zbritjes prej 360,000 lek\u00ebsh dhe kompensimit p\u00ebr f\u00ebmij\u00ebt prej 96,000 lek\u00ebsh, t\u00eb ardhurat e tatueshme jan\u00eb 2,794,000 lek\u00eb, t\u00eb cilat tatohen me 15%, duke rezultuar n\u00eb nj\u00eb tatim prej 419,100 lek\u00ebsh n\u00eb vit.<\/p>\n\n\n\n<h2 class=\"wp-block-heading\">Shembull 3: Tatimi mbi t\u00eb ardhurat nga investimi<\/h2>\n\n\n\n<p>Individi A ka t\u00eb ardhura nga interesat e depozitave prej 20,000 lek\u00ebsh, t\u00eb cilat tatohen me 15%, dhe individi B ka t\u00eb ardhura nga dividend\u00ebt prej 25,000 lek\u00ebsh, t\u00eb cilat tatohen me 8%, duke rezultuar n\u00eb nj\u00eb tatim p\u00ebrkat\u00ebsisht prej 3,000 lek\u00ebsh dhe 2,000 lek\u00ebsh.<\/p>\n\n\n<div class=\"gdlr-core-widget-box-shortcode\" style=\"color: #ffffff ;background-color: #000014 ;\"  ><h3 class=\"gdlr-core-widget-box-shortcode-title\" style=\"color: #ffffff ;\"  >Hai qualche domanda?<\/h3><div class=\"gdlr-core-widget-box-shortcode-content\" ><p class=\"translation-block\">Non esitare a <a href=\"https:\/\/alprofitconsult.al\/it\/contact\/\" target=\"_self\">contattarci. Siamo un team di esperti e saremo lieti di parlare con te.<\/p>\n<\/div><\/div>","protected":false},"excerpt":{"rendered":"<p>Shembull 1: Tatimi mbi t\u00eb ardhurat nga pun\u00ebsimi Individi A ka t\u00eb ardhura vjetore nga pun\u00ebsimi prej 2,760,000 lek\u00ebsh. Pas aplikimit t\u00eb zbritjes prej 360,000 lek\u00ebsh, t\u00eb ardhurat e tatueshme jan\u00eb 2,400,000 lek\u00eb, t\u00eb cilat tatohen me 13% p\u00ebr t\u00eb ardhurat deri n\u00eb 2,040,000 lek\u00eb dhe 23% p\u00ebr pjes\u00ebn mbi k\u00ebt\u00eb shum\u00ebn, duke rezultuar n\u00eb [&hellip;]<\/p>\n","protected":false},"author":1,"featured_media":0,"parent":19597,"menu_order":0,"comment_status":"closed","ping_status":"closed","template":"","meta":{"footnotes":""},"class_list":["post-19791","page","type-page","status-publish","hentry"],"yoast_head":"<!-- This site is optimized with the Yoast SEO plugin v26.5 - https:\/\/yoast.com\/wordpress\/plugins\/seo\/ -->\n<title>Shembuj t\u00eb Llogaritjes s\u00eb Tatimit - AlProfit Consult<\/title>\n<meta name=\"robots\" content=\"index, follow, max-snippet:-1, max-image-preview:large, max-video-preview:-1\" \/>\n<link rel=\"canonical\" href=\"https:\/\/alprofitconsult.al\/it\/tasse\/individe\/baza-tatimore\/shembuj-te-llogaritjes-se-tatimit\/\" \/>\n<meta property=\"og:locale\" content=\"it_IT\" \/>\n<meta property=\"og:type\" content=\"article\" \/>\n<meta property=\"og:title\" content=\"Shembuj t\u00eb Llogaritjes s\u00eb Tatimit - AlProfit Consult\" \/>\n<meta property=\"og:description\" content=\"Shembull 1: Tatimi mbi t\u00eb ardhurat nga pun\u00ebsimi Individi A ka t\u00eb ardhura vjetore nga pun\u00ebsimi prej 2,760,000 lek\u00ebsh. Pas aplikimit t\u00eb zbritjes prej 360,000 lek\u00ebsh, t\u00eb ardhurat e tatueshme jan\u00eb 2,400,000 lek\u00eb, t\u00eb cilat tatohen me 13% p\u00ebr t\u00eb ardhurat deri n\u00eb 2,040,000 lek\u00eb dhe 23% p\u00ebr pjes\u00ebn mbi k\u00ebt\u00eb shum\u00ebn, duke rezultuar n\u00eb [&hellip;]\" \/>\n<meta property=\"og:url\" content=\"https:\/\/alprofitconsult.al\/it\/tasse\/individe\/baza-tatimore\/shembuj-te-llogaritjes-se-tatimit\/\" \/>\n<meta property=\"og:site_name\" content=\"AlProfit Consult\" \/>\n<meta property=\"article:publisher\" content=\"https:\/\/www.facebook.com\/AlProfitConsult\/\" \/>\n<meta property=\"article:modified_time\" content=\"2024-11-29T23:38:33+00:00\" \/>\n<meta property=\"og:image\" content=\"https:\/\/alprofitconsult.al\/wp-content\/uploads\/2024\/11\/Shembuj-te-Llogaritjes-se-Tatimit-Alprofit-Consult.jpg\" \/>\n<meta name=\"twitter:card\" content=\"summary_large_image\" \/>\n<meta name=\"twitter:site\" content=\"@AlProfitConsult\" \/>\n<meta name=\"twitter:label1\" content=\"Tempo di lettura stimato\" \/>\n\t<meta name=\"twitter:data1\" content=\"1 minuto\" \/>\n<script type=\"application\/ld+json\" class=\"yoast-schema-graph\">{\"@context\":\"https:\/\/schema.org\",\"@graph\":[{\"@type\":\"WebPage\",\"@id\":\"https:\/\/alprofitconsult.al\/en\/tatime\/individe\/baza-tatimore\/shembuj-te-llogaritjes-se-tatimit\/\",\"url\":\"https:\/\/alprofitconsult.al\/en\/tatime\/individe\/baza-tatimore\/shembuj-te-llogaritjes-se-tatimit\/\",\"name\":\"Shembuj t\u00eb Llogaritjes s\u00eb Tatimit - AlProfit Consult\",\"isPartOf\":{\"@id\":\"https:\/\/alprofitconsult.al\/#website\"},\"primaryImageOfPage\":{\"@id\":\"https:\/\/alprofitconsult.al\/en\/tatime\/individe\/baza-tatimore\/shembuj-te-llogaritjes-se-tatimit\/#primaryimage\"},\"image\":{\"@id\":\"https:\/\/alprofitconsult.al\/en\/tatime\/individe\/baza-tatimore\/shembuj-te-llogaritjes-se-tatimit\/#primaryimage\"},\"thumbnailUrl\":\"https:\/\/alprofitconsult.al\/wp-content\/uploads\/2024\/11\/Shembuj-te-Llogaritjes-se-Tatimit-Alprofit-Consult.jpg\",\"datePublished\":\"2024-11-29T23:08:03+00:00\",\"dateModified\":\"2024-11-29T23:38:33+00:00\",\"breadcrumb\":{\"@id\":\"https:\/\/alprofitconsult.al\/en\/tatime\/individe\/baza-tatimore\/shembuj-te-llogaritjes-se-tatimit\/#breadcrumb\"},\"inLanguage\":\"it-IT\",\"potentialAction\":[{\"@type\":\"ReadAction\",\"target\":[\"https:\/\/alprofitconsult.al\/en\/tatime\/individe\/baza-tatimore\/shembuj-te-llogaritjes-se-tatimit\/\"]}]},{\"@type\":\"ImageObject\",\"inLanguage\":\"it-IT\",\"@id\":\"https:\/\/alprofitconsult.al\/en\/tatime\/individe\/baza-tatimore\/shembuj-te-llogaritjes-se-tatimit\/#primaryimage\",\"url\":\"https:\/\/alprofitconsult.al\/wp-content\/uploads\/2024\/11\/Shembuj-te-Llogaritjes-se-Tatimit-Alprofit-Consult.jpg\",\"contentUrl\":\"https:\/\/alprofitconsult.al\/wp-content\/uploads\/2024\/11\/Shembuj-te-Llogaritjes-se-Tatimit-Alprofit-Consult.jpg\"},{\"@type\":\"BreadcrumbList\",\"@id\":\"https:\/\/alprofitconsult.al\/en\/tatime\/individe\/baza-tatimore\/shembuj-te-llogaritjes-se-tatimit\/#breadcrumb\",\"itemListElement\":[{\"@type\":\"ListItem\",\"position\":1,\"name\":\"Kryefaqe\",\"item\":\"https:\/\/alprofitconsult.al\/\"},{\"@type\":\"ListItem\",\"position\":2,\"name\":\"Legjislacioni tatimor\",\"item\":\"https:\/\/alprofitconsult.al\/en\/tatime\/\"},{\"@type\":\"ListItem\",\"position\":3,\"name\":\"Individe\",\"item\":\"https:\/\/alprofitconsult.al\/en\/tatime\/individe\/\"},{\"@type\":\"ListItem\",\"position\":4,\"name\":\"Baza tatimore\",\"item\":\"https:\/\/alprofitconsult.al\/en\/tatime\/individe\/baza-tatimore\/\"},{\"@type\":\"ListItem\",\"position\":5,\"name\":\"Shembuj t\u00eb Llogaritjes s\u00eb Tatimit\"}]},{\"@type\":\"WebSite\",\"@id\":\"https:\/\/alprofitconsult.al\/#website\",\"url\":\"https:\/\/alprofitconsult.al\/\",\"name\":\"AlProfit Consult\",\"description\":\"Zyr\u00eb Kontabiliteti\",\"publisher\":{\"@id\":\"https:\/\/alprofitconsult.al\/#organization\"},\"potentialAction\":[{\"@type\":\"SearchAction\",\"target\":{\"@type\":\"EntryPoint\",\"urlTemplate\":\"https:\/\/alprofitconsult.al\/?s={search_term_string}\"},\"query-input\":{\"@type\":\"PropertyValueSpecification\",\"valueRequired\":true,\"valueName\":\"search_term_string\"}}],\"inLanguage\":\"it-IT\"},{\"@type\":\"Organization\",\"@id\":\"https:\/\/alprofitconsult.al\/#organization\",\"name\":\"Alprofit Consult\",\"url\":\"https:\/\/alprofitconsult.al\/\",\"logo\":{\"@type\":\"ImageObject\",\"inLanguage\":\"it-IT\",\"@id\":\"https:\/\/alprofitconsult.al\/#\/schema\/logo\/image\/\",\"url\":\"https:\/\/alprofitconsult.al\/wp-content\/uploads\/2022\/10\/logoalprofit.png\",\"contentUrl\":\"https:\/\/alprofitconsult.al\/wp-content\/uploads\/2022\/10\/logoalprofit.png\",\"width\":529,\"height\":156,\"caption\":\"Alprofit Consult\"},\"image\":{\"@id\":\"https:\/\/alprofitconsult.al\/#\/schema\/logo\/image\/\"},\"sameAs\":[\"https:\/\/www.facebook.com\/AlProfitConsult\/\",\"https:\/\/x.com\/AlProfitConsult\",\"https:\/\/www.linkedin.com\/company\/andi-haxhillari\/\",\"https:\/\/www.pinterest.com\/AlProfitConsult\/\",\"https:\/\/www.youtube.com\/channel\/UCZ5Gfntn161Nla3g1XdRldA\",\"https:\/\/sq.wikipedia.org\/wiki\/P\u00ebrdoruesi:Andi25~sqwiki\"]}]}<\/script>\n<!-- \/ Yoast SEO plugin. -->","yoast_head_json":{"title":"Shembuj t\u00eb Llogaritjes s\u00eb Tatimit - AlProfit Consult","robots":{"index":"index","follow":"follow","max-snippet":"max-snippet:-1","max-image-preview":"max-image-preview:large","max-video-preview":"max-video-preview:-1"},"canonical":"https:\/\/alprofitconsult.al\/it\/tasse\/individe\/baza-tatimore\/shembuj-te-llogaritjes-se-tatimit\/","og_locale":"it_IT","og_type":"article","og_title":"Shembuj t\u00eb Llogaritjes s\u00eb Tatimit - AlProfit Consult","og_description":"Shembull 1: Tatimi mbi t\u00eb ardhurat nga pun\u00ebsimi Individi A ka t\u00eb ardhura vjetore nga pun\u00ebsimi prej 2,760,000 lek\u00ebsh. Pas aplikimit t\u00eb zbritjes prej 360,000 lek\u00ebsh, t\u00eb ardhurat e tatueshme jan\u00eb 2,400,000 lek\u00eb, t\u00eb cilat tatohen me 13% p\u00ebr t\u00eb ardhurat deri n\u00eb 2,040,000 lek\u00eb dhe 23% p\u00ebr pjes\u00ebn mbi k\u00ebt\u00eb shum\u00ebn, duke rezultuar n\u00eb [&hellip;]","og_url":"https:\/\/alprofitconsult.al\/it\/tasse\/individe\/baza-tatimore\/shembuj-te-llogaritjes-se-tatimit\/","og_site_name":"AlProfit Consult","article_publisher":"https:\/\/www.facebook.com\/AlProfitConsult\/","article_modified_time":"2024-11-29T23:38:33+00:00","og_image":[{"url":"https:\/\/alprofitconsult.al\/wp-content\/uploads\/2024\/11\/Shembuj-te-Llogaritjes-se-Tatimit-Alprofit-Consult.jpg","type":"","width":"","height":""}],"twitter_card":"summary_large_image","twitter_site":"@AlProfitConsult","twitter_misc":{"Tempo di lettura stimato":"1 minuto"},"schema":{"@context":"https:\/\/schema.org","@graph":[{"@type":"WebPage","@id":"https:\/\/alprofitconsult.al\/en\/tatime\/individe\/baza-tatimore\/shembuj-te-llogaritjes-se-tatimit\/","url":"https:\/\/alprofitconsult.al\/en\/tatime\/individe\/baza-tatimore\/shembuj-te-llogaritjes-se-tatimit\/","name":"Shembuj t\u00eb Llogaritjes s\u00eb Tatimit - AlProfit Consult","isPartOf":{"@id":"https:\/\/alprofitconsult.al\/#website"},"primaryImageOfPage":{"@id":"https:\/\/alprofitconsult.al\/en\/tatime\/individe\/baza-tatimore\/shembuj-te-llogaritjes-se-tatimit\/#primaryimage"},"image":{"@id":"https:\/\/alprofitconsult.al\/en\/tatime\/individe\/baza-tatimore\/shembuj-te-llogaritjes-se-tatimit\/#primaryimage"},"thumbnailUrl":"https:\/\/alprofitconsult.al\/wp-content\/uploads\/2024\/11\/Shembuj-te-Llogaritjes-se-Tatimit-Alprofit-Consult.jpg","datePublished":"2024-11-29T23:08:03+00:00","dateModified":"2024-11-29T23:38:33+00:00","breadcrumb":{"@id":"https:\/\/alprofitconsult.al\/en\/tatime\/individe\/baza-tatimore\/shembuj-te-llogaritjes-se-tatimit\/#breadcrumb"},"inLanguage":"it-IT","potentialAction":[{"@type":"ReadAction","target":["https:\/\/alprofitconsult.al\/en\/tatime\/individe\/baza-tatimore\/shembuj-te-llogaritjes-se-tatimit\/"]}]},{"@type":"ImageObject","inLanguage":"it-IT","@id":"https:\/\/alprofitconsult.al\/en\/tatime\/individe\/baza-tatimore\/shembuj-te-llogaritjes-se-tatimit\/#primaryimage","url":"https:\/\/alprofitconsult.al\/wp-content\/uploads\/2024\/11\/Shembuj-te-Llogaritjes-se-Tatimit-Alprofit-Consult.jpg","contentUrl":"https:\/\/alprofitconsult.al\/wp-content\/uploads\/2024\/11\/Shembuj-te-Llogaritjes-se-Tatimit-Alprofit-Consult.jpg"},{"@type":"BreadcrumbList","@id":"https:\/\/alprofitconsult.al\/en\/tatime\/individe\/baza-tatimore\/shembuj-te-llogaritjes-se-tatimit\/#breadcrumb","itemListElement":[{"@type":"ListItem","position":1,"name":"Kryefaqe","item":"https:\/\/alprofitconsult.al\/"},{"@type":"ListItem","position":2,"name":"Legjislacioni tatimor","item":"https:\/\/alprofitconsult.al\/en\/tatime\/"},{"@type":"ListItem","position":3,"name":"Individe","item":"https:\/\/alprofitconsult.al\/en\/tatime\/individe\/"},{"@type":"ListItem","position":4,"name":"Baza tatimore","item":"https:\/\/alprofitconsult.al\/en\/tatime\/individe\/baza-tatimore\/"},{"@type":"ListItem","position":5,"name":"Shembuj t\u00eb Llogaritjes s\u00eb Tatimit"}]},{"@type":"WebSite","@id":"https:\/\/alprofitconsult.al\/#website","url":"https:\/\/alprofitconsult.al\/","name":"AlProfit Consult","description":"Ufficio contabilit\u00e0","publisher":{"@id":"https:\/\/alprofitconsult.al\/#organization"},"potentialAction":[{"@type":"SearchAction","target":{"@type":"EntryPoint","urlTemplate":"https:\/\/alprofitconsult.al\/?s={search_term_string}"},"query-input":{"@type":"PropertyValueSpecification","valueRequired":true,"valueName":"search_term_string"}}],"inLanguage":"it-IT"},{"@type":"Organization","@id":"https:\/\/alprofitconsult.al\/#organization","name":"Alprofit Consult","url":"https:\/\/alprofitconsult.al\/","logo":{"@type":"ImageObject","inLanguage":"it-IT","@id":"https:\/\/alprofitconsult.al\/#\/schema\/logo\/image\/","url":"https:\/\/alprofitconsult.al\/wp-content\/uploads\/2022\/10\/logoalprofit.png","contentUrl":"https:\/\/alprofitconsult.al\/wp-content\/uploads\/2022\/10\/logoalprofit.png","width":529,"height":156,"caption":"Alprofit Consult"},"image":{"@id":"https:\/\/alprofitconsult.al\/#\/schema\/logo\/image\/"},"sameAs":["https:\/\/www.facebook.com\/AlProfitConsult\/","https:\/\/x.com\/AlProfitConsult","https:\/\/www.linkedin.com\/company\/andi-haxhillari\/","https:\/\/www.pinterest.com\/AlProfitConsult\/","https:\/\/www.youtube.com\/channel\/UCZ5Gfntn161Nla3g1XdRldA","https:\/\/sq.wikipedia.org\/wiki\/P\u00ebrdoruesi:Andi25~sqwiki"]}]}},"_links":{"self":[{"href":"https:\/\/alprofitconsult.al\/it\/wp-json\/wp\/v2\/pages\/19791","targetHints":{"allow":["GET"]}}],"collection":[{"href":"https:\/\/alprofitconsult.al\/it\/wp-json\/wp\/v2\/pages"}],"about":[{"href":"https:\/\/alprofitconsult.al\/it\/wp-json\/wp\/v2\/types\/page"}],"author":[{"embeddable":true,"href":"https:\/\/alprofitconsult.al\/it\/wp-json\/wp\/v2\/users\/1"}],"replies":[{"embeddable":true,"href":"https:\/\/alprofitconsult.al\/it\/wp-json\/wp\/v2\/comments?post=19791"}],"version-history":[{"count":5,"href":"https:\/\/alprofitconsult.al\/it\/wp-json\/wp\/v2\/pages\/19791\/revisions"}],"predecessor-version":[{"id":19837,"href":"https:\/\/alprofitconsult.al\/it\/wp-json\/wp\/v2\/pages\/19791\/revisions\/19837"}],"up":[{"embeddable":true,"href":"https:\/\/alprofitconsult.al\/it\/wp-json\/wp\/v2\/pages\/19597"}],"wp:attachment":[{"href":"https:\/\/alprofitconsult.al\/it\/wp-json\/wp\/v2\/media?parent=19791"}],"curies":[{"name":"wp","href":"https:\/\/api.w.org\/{rel}","templated":true}]}}