{"id":20087,"date":"2024-12-01T13:50:54","date_gmt":"2024-12-01T13:50:54","guid":{"rendered":"https:\/\/alprofitconsult.al\/?page_id=20087"},"modified":"2024-12-01T14:16:24","modified_gmt":"2024-12-01T14:16:24","slug":"skk-09-aggregazioni-aziendali-e-consolidamento-esteso","status":"publish","type":"page","link":"https:\/\/alprofitconsult.al\/it\/finance-kontabilitet\/standardet-kombetare-te-kontabilitetit\/skk-09-kombinimet-e-bizneseve-dhe-konsolidimi-i-permiresuar\/","title":{"rendered":"SKK 09 Aggregazioni aziendali e consolidamento \u2013 versione aggiornata"},"content":{"rendered":"<p><\/p>\n\n\n<div class=\"yoast-breadcrumbs\"><span><span><a href=\"https:\/\/alprofitconsult.al\/it\/\">Pagina Iniziale<\/a><\/span> | <span><a href=\"https:\/\/alprofitconsult.al\/it\/finanza-contabilita\/\">Finanza e contabilit\u00e0<\/a><\/span> | <span><a href=\"https:\/\/alprofitconsult.al\/it\/finanza-contabilita\/principi-contabili-nazionali\/\">Principi contabili nazionali<\/a><\/span> | <span class=\"breadcrumb_last\" aria-current=\"page\">SKK 09 Aggregazioni aziendali e consolidamento \u2013 versione aggiornata<\/span><\/span><\/div>\n\n\n<p><\/p>\n\n\n\n<figure class=\"wp-block-image size-full\"><img loading=\"lazy\" decoding=\"async\" width=\"1920\" height=\"1280\" src=\"https:\/\/alprofitconsult.al\/wp-content\/uploads\/2024\/12\/SKK-09-Kombinimet-e-bizneseve-dhe-Konsolidimi-i-permiresuar-Alprofit-Consult.jpg\" alt=\"\" class=\"wp-image-20165\" srcset=\"https:\/\/alprofitconsult.al\/wp-content\/uploads\/2024\/12\/SKK-09-Kombinimet-e-bizneseve-dhe-Konsolidimi-i-permiresuar-Alprofit-Consult.jpg 1920w, https:\/\/alprofitconsult.al\/wp-content\/uploads\/2024\/12\/SKK-09-Kombinimet-e-bizneseve-dhe-Konsolidimi-i-permiresuar-Alprofit-Consult-768x512.jpg 768w, https:\/\/alprofitconsult.al\/wp-content\/uploads\/2024\/12\/SKK-09-Kombinimet-e-bizneseve-dhe-Konsolidimi-i-permiresuar-Alprofit-Consult-1536x1024.jpg 1536w\" sizes=\"auto, (max-width: 1920px) 100vw, 1920px\" \/><\/figure>\n\n\n\n<p><\/p>\n\n\n\n<div data-wp-interactive=\"core\/file\" class=\"wp-block-file\"><object data-wp-bind--hidden=\"!state.hasPdfPreview\" hidden class=\"wp-block-file__embed\" data=\"https:\/\/alprofitconsult.al\/wp-content\/uploads\/2024\/12\/09.-SKK-9.pdf\" type=\"application\/pdf\" style=\"width:100%;height:600px\" aria-label=\"Incorporamento di 09.-SKK-9.\"><\/object><a id=\"wp-block-file--media-1ec94351-59bd-4456-8210-f35dd38b8a23\" href=\"https:\/\/alprofitconsult.al\/wp-content\/uploads\/2024\/12\/09.-SKK-9.pdf\">09.-SKK-9<\/a><a href=\"https:\/\/alprofitconsult.al\/wp-content\/uploads\/2024\/12\/09.-SKK-9.pdf\" class=\"wp-block-file__button wp-element-button\" download aria-describedby=\"wp-block-file--media-1ec94351-59bd-4456-8210-f35dd38b8a23\">Scarica<\/a><\/div>\n\n\n\n<div class=\"wp-block-file\"><a id=\"wp-block-file--media-314609f5-7b6e-46ad-b4f1-9020df49fd4b\" href=\"https:\/\/alprofitconsult.al\/wp-content\/uploads\/2024\/12\/Ndryshime-te-SKK-9-i-permiresuar.docx\">Modifiche apportate alla versione migliorata dell'SKK-9<\/a><a href=\"https:\/\/alprofitconsult.al\/wp-content\/uploads\/2024\/12\/Ndryshime-te-SKK-9-i-permiresuar.docx\" class=\"wp-block-file__button wp-element-button\" download aria-describedby=\"wp-block-file--media-314609f5-7b6e-46ad-b4f1-9020df49fd4b\">Scarica<\/a><\/div>\n\n\n\n<div class=\"wp-block-file\"><a id=\"wp-block-file--media-71d9f6eb-b4b7-496a-89a7-c1c0e77e0d9c\" href=\"https:\/\/alprofitconsult.al\/wp-content\/uploads\/2024\/12\/Baza-per-konkluzione-per-SKK-9-.docx\">Base per le conclusioni relative all'SKK-9<\/a><a href=\"https:\/\/alprofitconsult.al\/wp-content\/uploads\/2024\/12\/Baza-per-konkluzione-per-SKK-9-.docx\" class=\"wp-block-file__button wp-element-button\" download aria-describedby=\"wp-block-file--media-71d9f6eb-b4b7-496a-89a7-c1c0e77e0d9c\">Scarica<\/a><\/div>\n\n\n\n<p>Fonte: <a href=\"https:\/\/kkk.gov.al\/foto\/uploads\/File\/SKK%20nentor%202015\/09.%20SKK%209.pdf\">Il Consiglio Nazionale dei Dottori Commercialisti.<\/a><\/p>\n\n\n<div class=\"gdlr-core-widget-box-shortcode\" style=\"color: #ffffff ;background-color: #000014 ;\"  ><h3 class=\"gdlr-core-widget-box-shortcode-title\" style=\"color: #ffffff ;\"  >Hai qualche domanda?<\/h3><div class=\"gdlr-core-widget-box-shortcode-content\" ><p class=\"translation-block\">Non esitare a <a href=\"https:\/\/alprofitconsult.al\/it\/contatti\/\" target=\"_self\">contattarci. Siamo un team di esperti e saremo lieti di parlare con te.<\/p>\n<\/div><\/div>","protected":false},"excerpt":{"rendered":"<p>Fonte: Consiglio Nazionale dei Dottori Commercialisti.<\/p>","protected":false},"author":1,"featured_media":0,"parent":18481,"menu_order":0,"comment_status":"closed","ping_status":"closed","template":"","meta":{"footnotes":""},"class_list":["post-20087","page","type-page","status-publish","hentry"],"yoast_head":"<!-- This site is optimized with the Yoast SEO Premium plugin v27.6 (Yoast SEO v27.6) - https:\/\/yoast.com\/product\/yoast-seo-premium-wordpress\/ -->\n<title>SKK 09 Kombinimet e bizneseve dhe Konsolidimi - i p\u00ebrmir\u00ebsuar - AlProfit Consult<\/title>\n<meta name=\"robots\" content=\"index, follow, max-snippet:-1, max-image-preview:large, max-video-preview:-1\" \/>\n<link rel=\"canonical\" href=\"https:\/\/alprofitconsult.al\/it\/finanza-contabilita\/principi-contabili-nazionali\/skk-09-aggregazioni-aziendali-e-consolidamento-esteso\/\" \/>\n<meta property=\"og:locale\" content=\"it_IT\" \/>\n<meta property=\"og:type\" content=\"article\" \/>\n<meta property=\"og:title\" content=\"SKK 09 Kombinimet e bizneseve dhe Konsolidimi - i p\u00ebrmir\u00ebsuar\" \/>\n<meta property=\"og:description\" content=\"Burimi: K\u00ebshilli Komb\u00ebtar i Kontabilitetit.\" \/>\n<meta property=\"og:url\" content=\"https:\/\/alprofitconsult.al\/it\/finanza-contabilita\/principi-contabili-nazionali\/skk-09-aggregazioni-aziendali-e-consolidamento-esteso\/\" \/>\n<meta property=\"og:site_name\" content=\"AlProfit Consult\" \/>\n<meta property=\"article:publisher\" content=\"https:\/\/www.facebook.com\/AlProfitConsult\/\" \/>\n<meta property=\"article:modified_time\" content=\"2024-12-01T14:16:24+00:00\" \/>\n<meta property=\"og:image\" content=\"https:\/\/alprofitconsult.al\/wp-content\/uploads\/2024\/12\/SKK-09-Kombinimet-e-bizneseve-dhe-Konsolidimi-i-permiresuar-Alprofit-Consult.jpg\" \/>\n<meta name=\"twitter:card\" content=\"summary_large_image\" \/>\n<meta name=\"twitter:site\" content=\"@AlProfitConsult\" \/>\n<script type=\"application\/ld+json\" class=\"yoast-schema-graph\">{\"@context\":\"https:\\\/\\\/schema.org\",\"@graph\":[{\"@type\":\"WebPage\",\"@id\":\"https:\\\/\\\/alprofitconsult.al\\\/finance-kontabilitet\\\/standardet-kombetare-te-kontabilitetit\\\/skk-09-kombinimet-e-bizneseve-dhe-konsolidimi-i-permiresuar\\\/\",\"url\":\"https:\\\/\\\/alprofitconsult.al\\\/finance-kontabilitet\\\/standardet-kombetare-te-kontabilitetit\\\/skk-09-kombinimet-e-bizneseve-dhe-konsolidimi-i-permiresuar\\\/\",\"name\":\"SKK 09 Kombinimet e bizneseve dhe Konsolidimi - i p\u00ebrmir\u00ebsuar - AlProfit Consult\",\"isPartOf\":{\"@id\":\"https:\\\/\\\/alprofitconsult.al\\\/#website\"},\"primaryImageOfPage\":{\"@id\":\"https:\\\/\\\/alprofitconsult.al\\\/finance-kontabilitet\\\/standardet-kombetare-te-kontabilitetit\\\/skk-09-kombinimet-e-bizneseve-dhe-konsolidimi-i-permiresuar\\\/#primaryimage\"},\"image\":{\"@id\":\"https:\\\/\\\/alprofitconsult.al\\\/finance-kontabilitet\\\/standardet-kombetare-te-kontabilitetit\\\/skk-09-kombinimet-e-bizneseve-dhe-konsolidimi-i-permiresuar\\\/#primaryimage\"},\"thumbnailUrl\":\"https:\\\/\\\/alprofitconsult.al\\\/wp-content\\\/uploads\\\/2024\\\/12\\\/SKK-09-Kombinimet-e-bizneseve-dhe-Konsolidimi-i-permiresuar-Alprofit-Consult.jpg\",\"datePublished\":\"2024-12-01T13:50:54+00:00\",\"dateModified\":\"2024-12-01T14:16:24+00:00\",\"breadcrumb\":{\"@id\":\"https:\\\/\\\/alprofitconsult.al\\\/finance-kontabilitet\\\/standardet-kombetare-te-kontabilitetit\\\/skk-09-kombinimet-e-bizneseve-dhe-konsolidimi-i-permiresuar\\\/#breadcrumb\"},\"inLanguage\":\"it-IT\",\"potentialAction\":[{\"@type\":\"ReadAction\",\"target\":[\"https:\\\/\\\/alprofitconsult.al\\\/finance-kontabilitet\\\/standardet-kombetare-te-kontabilitetit\\\/skk-09-kombinimet-e-bizneseve-dhe-konsolidimi-i-permiresuar\\\/\"]}]},{\"@type\":\"ImageObject\",\"inLanguage\":\"it-IT\",\"@id\":\"https:\\\/\\\/alprofitconsult.al\\\/finance-kontabilitet\\\/standardet-kombetare-te-kontabilitetit\\\/skk-09-kombinimet-e-bizneseve-dhe-konsolidimi-i-permiresuar\\\/#primaryimage\",\"url\":\"https:\\\/\\\/alprofitconsult.al\\\/wp-content\\\/uploads\\\/2024\\\/12\\\/SKK-09-Kombinimet-e-bizneseve-dhe-Konsolidimi-i-permiresuar-Alprofit-Consult.jpg\",\"contentUrl\":\"https:\\\/\\\/alprofitconsult.al\\\/wp-content\\\/uploads\\\/2024\\\/12\\\/SKK-09-Kombinimet-e-bizneseve-dhe-Konsolidimi-i-permiresuar-Alprofit-Consult.jpg\"},{\"@type\":\"BreadcrumbList\",\"@id\":\"https:\\\/\\\/alprofitconsult.al\\\/finance-kontabilitet\\\/standardet-kombetare-te-kontabilitetit\\\/skk-09-kombinimet-e-bizneseve-dhe-konsolidimi-i-permiresuar\\\/#breadcrumb\",\"itemListElement\":[{\"@type\":\"ListItem\",\"position\":1,\"name\":\"Kryefaqe\",\"item\":\"https:\\\/\\\/alprofitconsult.al\\\/\"},{\"@type\":\"ListItem\",\"position\":2,\"name\":\"Financ\u00eb &#038; Kontabilitet\",\"item\":\"https:\\\/\\\/alprofitconsult.al\\\/finance-kontabilitet\\\/\"},{\"@type\":\"ListItem\",\"position\":3,\"name\":\"Standardet Komb\u00ebtare t\u00eb Kontabilitetit\",\"item\":\"https:\\\/\\\/alprofitconsult.al\\\/finance-kontabilitet\\\/standardet-kombetare-te-kontabilitetit\\\/\"},{\"@type\":\"ListItem\",\"position\":4,\"name\":\"SKK 09 Kombinimet e bizneseve dhe Konsolidimi &#8211; i p\u00ebrmir\u00ebsuar\"}]},{\"@type\":\"WebSite\",\"@id\":\"https:\\\/\\\/alprofitconsult.al\\\/#website\",\"url\":\"https:\\\/\\\/alprofitconsult.al\\\/\",\"name\":\"AlProfit Consult\",\"description\":\"Zyr\u00eb Kontabiliteti\",\"publisher\":{\"@id\":\"https:\\\/\\\/alprofitconsult.al\\\/#organization\"},\"potentialAction\":[{\"@type\":\"SearchAction\",\"target\":{\"@type\":\"EntryPoint\",\"urlTemplate\":\"https:\\\/\\\/alprofitconsult.al\\\/?s={search_term_string}\"},\"query-input\":{\"@type\":\"PropertyValueSpecification\",\"valueRequired\":true,\"valueName\":\"search_term_string\"}}],\"inLanguage\":\"it-IT\"},{\"@type\":[\"Organization\",\"Place\"],\"@id\":\"https:\\\/\\\/alprofitconsult.al\\\/#organization\",\"name\":\"Alprofit Consult\",\"url\":\"https:\\\/\\\/alprofitconsult.al\\\/\",\"logo\":{\"@id\":\"https:\\\/\\\/alprofitconsult.al\\\/finance-kontabilitet\\\/standardet-kombetare-te-kontabilitetit\\\/skk-09-kombinimet-e-bizneseve-dhe-konsolidimi-i-permiresuar\\\/#local-main-organization-logo\"},\"image\":{\"@id\":\"https:\\\/\\\/alprofitconsult.al\\\/finance-kontabilitet\\\/standardet-kombetare-te-kontabilitetit\\\/skk-09-kombinimet-e-bizneseve-dhe-konsolidimi-i-permiresuar\\\/#local-main-organization-logo\"},\"sameAs\":[\"https:\\\/\\\/www.facebook.com\\\/AlProfitConsult\\\/\",\"https:\\\/\\\/x.com\\\/AlProfitConsult\",\"https:\\\/\\\/www.linkedin.com\\\/company\\\/andi-haxhillari\\\/\",\"https:\\\/\\\/www.pinterest.com\\\/AlProfitConsult\\\/\",\"https:\\\/\\\/www.youtube.com\\\/channel\\\/UCZ5Gfntn161Nla3g1XdRldA\",\"https:\\\/\\\/sq.wikipedia.org\\\/wiki\\\/P\u00ebrdoruesi:Andi25~sqwiki\"],\"telephone\":[],\"openingHoursSpecification\":[{\"@type\":\"OpeningHoursSpecification\",\"dayOfWeek\":[\"Monday\",\"Tuesday\",\"Wednesday\",\"Thursday\",\"Friday\",\"Saturday\",\"Sunday\"],\"opens\":\"09:00\",\"closes\":\"17:00\"}]},{\"@type\":\"ImageObject\",\"inLanguage\":\"it-IT\",\"@id\":\"https:\\\/\\\/alprofitconsult.al\\\/finance-kontabilitet\\\/standardet-kombetare-te-kontabilitetit\\\/skk-09-kombinimet-e-bizneseve-dhe-konsolidimi-i-permiresuar\\\/#local-main-organization-logo\",\"url\":\"https:\\\/\\\/alprofitconsult.al\\\/wp-content\\\/uploads\\\/2022\\\/10\\\/logoalprofit.png\",\"contentUrl\":\"https:\\\/\\\/alprofitconsult.al\\\/wp-content\\\/uploads\\\/2022\\\/10\\\/logoalprofit.png\",\"width\":529,\"height\":156,\"caption\":\"Alprofit Consult\"}]}<\/script>\n<!-- \/ Yoast SEO Premium plugin. -->","yoast_head_json":{"title":"SKK 09 Aggregazioni aziendali e consolidamento \u2013 versione aggiornata \u2013 AlProfit Consult","robots":{"index":"index","follow":"follow","max-snippet":"max-snippet:-1","max-image-preview":"max-image-preview:large","max-video-preview":"max-video-preview:-1"},"canonical":"https:\/\/alprofitconsult.al\/it\/finanza-contabilita\/principi-contabili-nazionali\/skk-09-aggregazioni-aziendali-e-consolidamento-esteso\/","og_locale":"it_IT","og_type":"article","og_title":"SKK 09 Kombinimet e bizneseve dhe Konsolidimi - i p\u00ebrmir\u00ebsuar","og_description":"Burimi: K\u00ebshilli Komb\u00ebtar i Kontabilitetit.","og_url":"https:\/\/alprofitconsult.al\/it\/finanza-contabilita\/principi-contabili-nazionali\/skk-09-aggregazioni-aziendali-e-consolidamento-esteso\/","og_site_name":"AlProfit Consult","article_publisher":"https:\/\/www.facebook.com\/AlProfitConsult\/","article_modified_time":"2024-12-01T14:16:24+00:00","og_image":[{"url":"https:\/\/alprofitconsult.al\/wp-content\/uploads\/2024\/12\/SKK-09-Kombinimet-e-bizneseve-dhe-Konsolidimi-i-permiresuar-Alprofit-Consult.jpg","type":"","width":"","height":""}],"twitter_card":"summary_large_image","twitter_site":"@AlProfitConsult","schema":{"@context":"https:\/\/schema.org","@graph":[{"@type":"WebPage","@id":"https:\/\/alprofitconsult.al\/finance-kontabilitet\/standardet-kombetare-te-kontabilitetit\/skk-09-kombinimet-e-bizneseve-dhe-konsolidimi-i-permiresuar\/","url":"https:\/\/alprofitconsult.al\/finance-kontabilitet\/standardet-kombetare-te-kontabilitetit\/skk-09-kombinimet-e-bizneseve-dhe-konsolidimi-i-permiresuar\/","name":"SKK 09 Aggregazioni aziendali e consolidamento \u2013 versione aggiornata \u2013 AlProfit Consult","isPartOf":{"@id":"https:\/\/alprofitconsult.al\/#website"},"primaryImageOfPage":{"@id":"https:\/\/alprofitconsult.al\/finance-kontabilitet\/standardet-kombetare-te-kontabilitetit\/skk-09-kombinimet-e-bizneseve-dhe-konsolidimi-i-permiresuar\/#primaryimage"},"image":{"@id":"https:\/\/alprofitconsult.al\/finance-kontabilitet\/standardet-kombetare-te-kontabilitetit\/skk-09-kombinimet-e-bizneseve-dhe-konsolidimi-i-permiresuar\/#primaryimage"},"thumbnailUrl":"https:\/\/alprofitconsult.al\/wp-content\/uploads\/2024\/12\/SKK-09-Kombinimet-e-bizneseve-dhe-Konsolidimi-i-permiresuar-Alprofit-Consult.jpg","datePublished":"2024-12-01T13:50:54+00:00","dateModified":"2024-12-01T14:16:24+00:00","breadcrumb":{"@id":"https:\/\/alprofitconsult.al\/finance-kontabilitet\/standardet-kombetare-te-kontabilitetit\/skk-09-kombinimet-e-bizneseve-dhe-konsolidimi-i-permiresuar\/#breadcrumb"},"inLanguage":"it-IT","potentialAction":[{"@type":"ReadAction","target":["https:\/\/alprofitconsult.al\/finance-kontabilitet\/standardet-kombetare-te-kontabilitetit\/skk-09-kombinimet-e-bizneseve-dhe-konsolidimi-i-permiresuar\/"]}]},{"@type":"ImageObject","inLanguage":"it-IT","@id":"https:\/\/alprofitconsult.al\/finance-kontabilitet\/standardet-kombetare-te-kontabilitetit\/skk-09-kombinimet-e-bizneseve-dhe-konsolidimi-i-permiresuar\/#primaryimage","url":"https:\/\/alprofitconsult.al\/wp-content\/uploads\/2024\/12\/SKK-09-Kombinimet-e-bizneseve-dhe-Konsolidimi-i-permiresuar-Alprofit-Consult.jpg","contentUrl":"https:\/\/alprofitconsult.al\/wp-content\/uploads\/2024\/12\/SKK-09-Kombinimet-e-bizneseve-dhe-Konsolidimi-i-permiresuar-Alprofit-Consult.jpg"},{"@type":"BreadcrumbList","@id":"https:\/\/alprofitconsult.al\/finance-kontabilitet\/standardet-kombetare-te-kontabilitetit\/skk-09-kombinimet-e-bizneseve-dhe-konsolidimi-i-permiresuar\/#breadcrumb","itemListElement":[{"@type":"ListItem","position":1,"name":"Kryefaqe","item":"https:\/\/alprofitconsult.al\/"},{"@type":"ListItem","position":2,"name":"Financ\u00eb &#038; Kontabilitet","item":"https:\/\/alprofitconsult.al\/finance-kontabilitet\/"},{"@type":"ListItem","position":3,"name":"Standardet Komb\u00ebtare t\u00eb Kontabilitetit","item":"https:\/\/alprofitconsult.al\/finance-kontabilitet\/standardet-kombetare-te-kontabilitetit\/"},{"@type":"ListItem","position":4,"name":"SKK 09 Kombinimet e bizneseve dhe Konsolidimi &#8211; i p\u00ebrmir\u00ebsuar"}]},{"@type":"WebSite","@id":"https:\/\/alprofitconsult.al\/#website","url":"https:\/\/alprofitconsult.al\/","name":"AlProfit Consult","description":"Ufficio contabilit\u00e0","publisher":{"@id":"https:\/\/alprofitconsult.al\/#organization"},"potentialAction":[{"@type":"SearchAction","target":{"@type":"EntryPoint","urlTemplate":"https:\/\/alprofitconsult.al\/?s={search_term_string}"},"query-input":{"@type":"PropertyValueSpecification","valueRequired":true,"valueName":"search_term_string"}}],"inLanguage":"it-IT"},{"@type":["Organization","Place"],"@id":"https:\/\/alprofitconsult.al\/#organization","name":"Alprofit Consult","url":"https:\/\/alprofitconsult.al\/","logo":{"@id":"https:\/\/alprofitconsult.al\/finance-kontabilitet\/standardet-kombetare-te-kontabilitetit\/skk-09-kombinimet-e-bizneseve-dhe-konsolidimi-i-permiresuar\/#local-main-organization-logo"},"image":{"@id":"https:\/\/alprofitconsult.al\/finance-kontabilitet\/standardet-kombetare-te-kontabilitetit\/skk-09-kombinimet-e-bizneseve-dhe-konsolidimi-i-permiresuar\/#local-main-organization-logo"},"sameAs":["https:\/\/www.facebook.com\/AlProfitConsult\/","https:\/\/x.com\/AlProfitConsult","https:\/\/www.linkedin.com\/company\/andi-haxhillari\/","https:\/\/www.pinterest.com\/AlProfitConsult\/","https:\/\/www.youtube.com\/channel\/UCZ5Gfntn161Nla3g1XdRldA","https:\/\/sq.wikipedia.org\/wiki\/P\u00ebrdoruesi:Andi25~sqwiki"],"telephone":[],"openingHoursSpecification":[{"@type":"OpeningHoursSpecification","dayOfWeek":["Monday","Tuesday","Wednesday","Thursday","Friday","Saturday","Sunday"],"opens":"09:00","closes":"17:00"}]},{"@type":"ImageObject","inLanguage":"it-IT","@id":"https:\/\/alprofitconsult.al\/finance-kontabilitet\/standardet-kombetare-te-kontabilitetit\/skk-09-kombinimet-e-bizneseve-dhe-konsolidimi-i-permiresuar\/#local-main-organization-logo","url":"https:\/\/alprofitconsult.al\/wp-content\/uploads\/2022\/10\/logoalprofit.png","contentUrl":"https:\/\/alprofitconsult.al\/wp-content\/uploads\/2022\/10\/logoalprofit.png","width":529,"height":156,"caption":"Alprofit Consult"}]}},"_links":{"self":[{"href":"https:\/\/alprofitconsult.al\/it\/wp-json\/wp\/v2\/pages\/20087","targetHints":{"allow":["GET"]}}],"collection":[{"href":"https:\/\/alprofitconsult.al\/it\/wp-json\/wp\/v2\/pages"}],"about":[{"href":"https:\/\/alprofitconsult.al\/it\/wp-json\/wp\/v2\/types\/page"}],"author":[{"embeddable":true,"href":"https:\/\/alprofitconsult.al\/it\/wp-json\/wp\/v2\/users\/1"}],"replies":[{"embeddable":true,"href":"https:\/\/alprofitconsult.al\/it\/wp-json\/wp\/v2\/comments?post=20087"}],"version-history":[{"count":4,"href":"https:\/\/alprofitconsult.al\/it\/wp-json\/wp\/v2\/pages\/20087\/revisions"}],"predecessor-version":[{"id":20171,"href":"https:\/\/alprofitconsult.al\/it\/wp-json\/wp\/v2\/pages\/20087\/revisions\/20171"}],"up":[{"embeddable":true,"href":"https:\/\/alprofitconsult.al\/it\/wp-json\/wp\/v2\/pages\/18481"}],"wp:attachment":[{"href":"https:\/\/alprofitconsult.al\/it\/wp-json\/wp\/v2\/media?parent=20087"}],"curies":[{"name":"WordPress","href":"https:\/\/api.w.org\/{rel}","templated":true}]}}