{"id":20103,"date":"2024-12-01T13:54:44","date_gmt":"2024-12-01T13:54:44","guid":{"rendered":"https:\/\/alprofitconsult.al\/?page_id=20103"},"modified":"2024-12-01T14:31:54","modified_gmt":"2024-12-01T14:31:54","slug":"skk-14-trajtimi-kontabel-i-investimeve-ne-pjesemarrje-dhe-sipermarrje-te-perbashketa-i-permiresuar","status":"publish","type":"page","link":"https:\/\/alprofitconsult.al\/it\/finance-kontabilitet\/standardet-kombetare-te-kontabilitetit\/skk-14-trajtimi-kontabel-i-investimeve-ne-pjesemarrje-dhe-sipermarrje-te-perbashketa-i-permiresuar\/","title":{"rendered":"SKK 14 Trajtimi kontab\u00ebl i Investimeve n\u00eb Pjes\u00ebmarrje dhe Sip\u00ebrmarrje t\u00eb P\u00ebrbashk\u00ebta &#8211; i p\u00ebrmir\u00ebsuar"},"content":{"rendered":"<div class=\"yoast-breadcrumbs\"><span><span><a href=\"https:\/\/alprofitconsult.al\/it\/\">Pagina Iniziale<\/a><\/span> | <span><a href=\"https:\/\/alprofitconsult.al\/it\/finanza-contabilita\/\">Finanza e contabilit\u00e0<\/a><\/span> | <span><a href=\"https:\/\/alprofitconsult.al\/it\/finanza-contabilita\/principi-contabili-nazionali\/\">Principi contabili nazionali<\/a><\/span> | <span class=\"breadcrumb_last\" aria-current=\"page\">SKK 14 Trajtimi kontab\u00ebl i Investimeve n\u00eb Pjes\u00ebmarrje dhe Sip\u00ebrmarrje t\u00eb P\u00ebrbashk\u00ebta &#8211; i p\u00ebrmir\u00ebsuar<\/span><\/span><\/div>\n\n\n<p><\/p>\n\n\n\n<figure class=\"wp-block-image size-full\"><img loading=\"lazy\" decoding=\"async\" width=\"1920\" height=\"1280\" src=\"https:\/\/alprofitconsult.al\/wp-content\/uploads\/2024\/12\/SKK-14-Trajtimi-kontabel-i-Investimeve-ne-Pjesemarrje-dhe-Sipermarrje-te-Perbashketa-\u2013-i-permiresuar-Alprofit.jpg\" alt=\"\" class=\"wp-image-20200\" srcset=\"https:\/\/alprofitconsult.al\/wp-content\/uploads\/2024\/12\/SKK-14-Trajtimi-kontabel-i-Investimeve-ne-Pjesemarrje-dhe-Sipermarrje-te-Perbashketa-\u2013-i-permiresuar-Alprofit.jpg 1920w, https:\/\/alprofitconsult.al\/wp-content\/uploads\/2024\/12\/SKK-14-Trajtimi-kontabel-i-Investimeve-ne-Pjesemarrje-dhe-Sipermarrje-te-Perbashketa-\u2013-i-permiresuar-Alprofit-768x512.jpg 768w, https:\/\/alprofitconsult.al\/wp-content\/uploads\/2024\/12\/SKK-14-Trajtimi-kontabel-i-Investimeve-ne-Pjesemarrje-dhe-Sipermarrje-te-Perbashketa-\u2013-i-permiresuar-Alprofit-1536x1024.jpg 1536w\" sizes=\"auto, (max-width: 1920px) 100vw, 1920px\" \/><\/figure>\n\n\n\n<p><\/p>\n\n\n\n<div data-wp-interactive=\"core\/file\" class=\"wp-block-file\"><object data-wp-bind--hidden=\"!state.hasPdfPreview\" hidden class=\"wp-block-file__embed\" data=\"https:\/\/alprofitconsult.al\/wp-content\/uploads\/2024\/12\/14.-SKK-14.pdf\" type=\"application\/pdf\" style=\"width:100%;height:600px\" aria-label=\"Incorporamento di 14.-SKK-14.\"><\/object><a id=\"wp-block-file--media-d3b01c4d-a347-4c9f-9045-8caa1c5ecbcc\" href=\"https:\/\/alprofitconsult.al\/wp-content\/uploads\/2024\/12\/14.-SKK-14.pdf\">14.-SKK-14<\/a><a href=\"https:\/\/alprofitconsult.al\/wp-content\/uploads\/2024\/12\/14.-SKK-14.pdf\" class=\"wp-block-file__button wp-element-button\" download aria-describedby=\"wp-block-file--media-d3b01c4d-a347-4c9f-9045-8caa1c5ecbcc\">Scarica<\/a><\/div>\n\n\n\n<div data-wp-interactive=\"core\/file\" class=\"wp-block-file\"><object data-wp-bind--hidden=\"!state.hasPdfPreview\" hidden class=\"wp-block-file__embed\" data=\"https:\/\/alprofitconsult.al\/wp-content\/uploads\/2024\/12\/Interesat-pjesemarrese_Metoda-e-kapitalit.pdf\" type=\"application\/pdf\" style=\"width:100%;height:600px\" aria-label=\"Incorporamento di Interesat-pjesemarrese_Metoda-e-kapitalit.\"><\/object><a id=\"wp-block-file--media-efe2cd95-de1c-40c7-9827-69144bd2cdf5\" href=\"https:\/\/alprofitconsult.al\/wp-content\/uploads\/2024\/12\/Interesat-pjesemarrese_Metoda-e-kapitalit.pdf\">Interesat-pjesemarrese_Metoda-e-kapitalit<\/a><a href=\"https:\/\/alprofitconsult.al\/wp-content\/uploads\/2024\/12\/Interesat-pjesemarrese_Metoda-e-kapitalit.pdf\" class=\"wp-block-file__button wp-element-button\" download aria-describedby=\"wp-block-file--media-efe2cd95-de1c-40c7-9827-69144bd2cdf5\">Scarica<\/a><\/div>\n\n\n\n<p><\/p>\n\n\n\n<p>Fonte: <a href=\"https:\/\/kkk.gov.al\/foto\/uploads\/File\/SKK%20nentor%202015\/14.%20SKK%2014.pdf\" target=\"_blank\" rel=\"noreferrer noopener\">Il Consiglio Nazionale dei Dottori Commercialisti.<\/a><\/p>\n\n\n<div class=\"gdlr-core-widget-box-shortcode\" style=\"color: #ffffff ;background-color: #000014 ;\"  ><h3 class=\"gdlr-core-widget-box-shortcode-title\" style=\"color: #ffffff ;\"  >Hai qualche domanda?<\/h3><div class=\"gdlr-core-widget-box-shortcode-content\" ><p class=\"translation-block\">Non esitare a <a href=\"https:\/\/alprofitconsult.al\/it\/contatti\/\" target=\"_self\">contattarci. Siamo un team di esperti e saremo lieti di parlare con te.<\/p>\n<\/div><\/div>","protected":false},"excerpt":{"rendered":"<p>Fonte: Consiglio Nazionale dei Dottori Commercialisti.<\/p>","protected":false},"author":1,"featured_media":0,"parent":18481,"menu_order":0,"comment_status":"closed","ping_status":"closed","template":"","meta":{"footnotes":""},"class_list":["post-20103","page","type-page","status-publish","hentry"],"yoast_head":"<!-- This site is optimized with the Yoast SEO Premium plugin v27.6 (Yoast SEO v27.6) - https:\/\/yoast.com\/product\/yoast-seo-premium-wordpress\/ -->\n<title>SKK 14 Trajtimi kontab\u00ebl i Investimeve n\u00eb Pjes\u00ebmarrje dhe Sip\u00ebrmarrje t\u00eb P\u00ebrbashk\u00ebta - i p\u00ebrmir\u00ebsuar - AlProfit Consult<\/title>\n<meta name=\"robots\" content=\"index, follow, max-snippet:-1, max-image-preview:large, max-video-preview:-1\" \/>\n<link rel=\"canonical\" href=\"https:\/\/alprofitconsult.al\/it\/finanza-contabilita\/principi-contabili-nazionali\/skk-14-trajtimi-kontabel-i-investimeve-ne-pjesemarrje-dhe-sipermarrje-te-perbashketa-i-permiresuar\/\" \/>\n<meta property=\"og:locale\" content=\"it_IT\" \/>\n<meta property=\"og:type\" content=\"article\" \/>\n<meta property=\"og:title\" content=\"SKK 14 Trajtimi kontab\u00ebl i Investimeve n\u00eb Pjes\u00ebmarrje dhe Sip\u00ebrmarrje t\u00eb P\u00ebrbashk\u00ebta - i p\u00ebrmir\u00ebsuar\" \/>\n<meta property=\"og:description\" content=\"Burimi: K\u00ebshilli Komb\u00ebtar i Kontabilitetit.\" \/>\n<meta property=\"og:url\" content=\"https:\/\/alprofitconsult.al\/it\/finanza-contabilita\/principi-contabili-nazionali\/skk-14-trajtimi-kontabel-i-investimeve-ne-pjesemarrje-dhe-sipermarrje-te-perbashketa-i-permiresuar\/\" \/>\n<meta property=\"og:site_name\" content=\"AlProfit Consult\" \/>\n<meta property=\"article:publisher\" content=\"https:\/\/www.facebook.com\/AlProfitConsult\/\" \/>\n<meta property=\"article:modified_time\" content=\"2024-12-01T14:31:54+00:00\" \/>\n<meta name=\"twitter:card\" content=\"summary_large_image\" \/>\n<meta name=\"twitter:site\" content=\"@AlProfitConsult\" \/>\n<script type=\"application\/ld+json\" class=\"yoast-schema-graph\">{\"@context\":\"https:\\\/\\\/schema.org\",\"@graph\":[{\"@type\":\"WebPage\",\"@id\":\"https:\\\/\\\/alprofitconsult.al\\\/en\\\/finance-kontabilitet\\\/standardet-kombetare-te-kontabilitetit\\\/skk-14-trajtimi-kontabel-i-investimeve-ne-pjesemarrje-dhe-sipermarrje-te-perbashketa-i-permiresuar\\\/\",\"url\":\"https:\\\/\\\/alprofitconsult.al\\\/en\\\/finance-kontabilitet\\\/standardet-kombetare-te-kontabilitetit\\\/skk-14-trajtimi-kontabel-i-investimeve-ne-pjesemarrje-dhe-sipermarrje-te-perbashketa-i-permiresuar\\\/\",\"name\":\"SKK 14 Trajtimi kontab\u00ebl i Investimeve n\u00eb Pjes\u00ebmarrje dhe Sip\u00ebrmarrje t\u00eb P\u00ebrbashk\u00ebta - i p\u00ebrmir\u00ebsuar - AlProfit Consult\",\"isPartOf\":{\"@id\":\"https:\\\/\\\/alprofitconsult.al\\\/#website\"},\"datePublished\":\"2024-12-01T13:54:44+00:00\",\"dateModified\":\"2024-12-01T14:31:54+00:00\",\"breadcrumb\":{\"@id\":\"https:\\\/\\\/alprofitconsult.al\\\/en\\\/finance-kontabilitet\\\/standardet-kombetare-te-kontabilitetit\\\/skk-14-trajtimi-kontabel-i-investimeve-ne-pjesemarrje-dhe-sipermarrje-te-perbashketa-i-permiresuar\\\/#breadcrumb\"},\"inLanguage\":\"it-IT\",\"potentialAction\":[{\"@type\":\"ReadAction\",\"target\":[\"https:\\\/\\\/alprofitconsult.al\\\/en\\\/finance-kontabilitet\\\/standardet-kombetare-te-kontabilitetit\\\/skk-14-trajtimi-kontabel-i-investimeve-ne-pjesemarrje-dhe-sipermarrje-te-perbashketa-i-permiresuar\\\/\"]}]},{\"@type\":\"BreadcrumbList\",\"@id\":\"https:\\\/\\\/alprofitconsult.al\\\/en\\\/finance-kontabilitet\\\/standardet-kombetare-te-kontabilitetit\\\/skk-14-trajtimi-kontabel-i-investimeve-ne-pjesemarrje-dhe-sipermarrje-te-perbashketa-i-permiresuar\\\/#breadcrumb\",\"itemListElement\":[{\"@type\":\"ListItem\",\"position\":1,\"name\":\"Kryefaqe\",\"item\":\"https:\\\/\\\/alprofitconsult.al\\\/\"},{\"@type\":\"ListItem\",\"position\":2,\"name\":\"Financ\u00eb &#038; Kontabilitet\",\"item\":\"https:\\\/\\\/alprofitconsult.al\\\/finance-kontabilitet\\\/\"},{\"@type\":\"ListItem\",\"position\":3,\"name\":\"Standardet Komb\u00ebtare t\u00eb Kontabilitetit\",\"item\":\"https:\\\/\\\/alprofitconsult.al\\\/finance-kontabilitet\\\/standardet-kombetare-te-kontabilitetit\\\/\"},{\"@type\":\"ListItem\",\"position\":4,\"name\":\"SKK 14 Trajtimi kontab\u00ebl i Investimeve n\u00eb Pjes\u00ebmarrje dhe Sip\u00ebrmarrje t\u00eb P\u00ebrbashk\u00ebta &#8211; i p\u00ebrmir\u00ebsuar\"}]},{\"@type\":\"WebSite\",\"@id\":\"https:\\\/\\\/alprofitconsult.al\\\/#website\",\"url\":\"https:\\\/\\\/alprofitconsult.al\\\/\",\"name\":\"AlProfit Consult\",\"description\":\"Zyr\u00eb Kontabiliteti\",\"publisher\":{\"@id\":\"https:\\\/\\\/alprofitconsult.al\\\/#organization\"},\"potentialAction\":[{\"@type\":\"SearchAction\",\"target\":{\"@type\":\"EntryPoint\",\"urlTemplate\":\"https:\\\/\\\/alprofitconsult.al\\\/?s={search_term_string}\"},\"query-input\":{\"@type\":\"PropertyValueSpecification\",\"valueRequired\":true,\"valueName\":\"search_term_string\"}}],\"inLanguage\":\"it-IT\"},{\"@type\":[\"Organization\",\"Place\"],\"@id\":\"https:\\\/\\\/alprofitconsult.al\\\/#organization\",\"name\":\"Alprofit Consult\",\"url\":\"https:\\\/\\\/alprofitconsult.al\\\/\",\"logo\":{\"@id\":\"https:\\\/\\\/alprofitconsult.al\\\/en\\\/finance-kontabilitet\\\/standardet-kombetare-te-kontabilitetit\\\/skk-14-trajtimi-kontabel-i-investimeve-ne-pjesemarrje-dhe-sipermarrje-te-perbashketa-i-permiresuar\\\/#local-main-organization-logo\"},\"image\":{\"@id\":\"https:\\\/\\\/alprofitconsult.al\\\/en\\\/finance-kontabilitet\\\/standardet-kombetare-te-kontabilitetit\\\/skk-14-trajtimi-kontabel-i-investimeve-ne-pjesemarrje-dhe-sipermarrje-te-perbashketa-i-permiresuar\\\/#local-main-organization-logo\"},\"sameAs\":[\"https:\\\/\\\/www.facebook.com\\\/AlProfitConsult\\\/\",\"https:\\\/\\\/x.com\\\/AlProfitConsult\",\"https:\\\/\\\/www.linkedin.com\\\/company\\\/andi-haxhillari\\\/\",\"https:\\\/\\\/www.pinterest.com\\\/AlProfitConsult\\\/\",\"https:\\\/\\\/www.youtube.com\\\/channel\\\/UCZ5Gfntn161Nla3g1XdRldA\",\"https:\\\/\\\/sq.wikipedia.org\\\/wiki\\\/P\u00ebrdoruesi:Andi25~sqwiki\"],\"telephone\":[],\"openingHoursSpecification\":[{\"@type\":\"OpeningHoursSpecification\",\"dayOfWeek\":[\"Monday\",\"Tuesday\",\"Wednesday\",\"Thursday\",\"Friday\",\"Saturday\",\"Sunday\"],\"opens\":\"09:00\",\"closes\":\"17:00\"}]},{\"@type\":\"ImageObject\",\"inLanguage\":\"it-IT\",\"@id\":\"https:\\\/\\\/alprofitconsult.al\\\/en\\\/finance-kontabilitet\\\/standardet-kombetare-te-kontabilitetit\\\/skk-14-trajtimi-kontabel-i-investimeve-ne-pjesemarrje-dhe-sipermarrje-te-perbashketa-i-permiresuar\\\/#local-main-organization-logo\",\"url\":\"https:\\\/\\\/alprofitconsult.al\\\/wp-content\\\/uploads\\\/2022\\\/10\\\/logoalprofit.png\",\"contentUrl\":\"https:\\\/\\\/alprofitconsult.al\\\/wp-content\\\/uploads\\\/2022\\\/10\\\/logoalprofit.png\",\"width\":529,\"height\":156,\"caption\":\"Alprofit Consult\"}]}<\/script>\n<!-- \/ Yoast SEO Premium plugin. -->","yoast_head_json":{"title":"SKK 14 Trajtimi kontab\u00ebl i Investimeve n\u00eb Pjes\u00ebmarrje dhe Sip\u00ebrmarrje t\u00eb P\u00ebrbashk\u00ebta - i p\u00ebrmir\u00ebsuar - AlProfit Consult","robots":{"index":"index","follow":"follow","max-snippet":"max-snippet:-1","max-image-preview":"max-image-preview:large","max-video-preview":"max-video-preview:-1"},"canonical":"https:\/\/alprofitconsult.al\/it\/finanza-contabilita\/principi-contabili-nazionali\/skk-14-trajtimi-kontabel-i-investimeve-ne-pjesemarrje-dhe-sipermarrje-te-perbashketa-i-permiresuar\/","og_locale":"it_IT","og_type":"article","og_title":"SKK 14 Trajtimi kontab\u00ebl i Investimeve n\u00eb Pjes\u00ebmarrje dhe Sip\u00ebrmarrje t\u00eb P\u00ebrbashk\u00ebta - i p\u00ebrmir\u00ebsuar","og_description":"Burimi: K\u00ebshilli Komb\u00ebtar i Kontabilitetit.","og_url":"https:\/\/alprofitconsult.al\/it\/finanza-contabilita\/principi-contabili-nazionali\/skk-14-trajtimi-kontabel-i-investimeve-ne-pjesemarrje-dhe-sipermarrje-te-perbashketa-i-permiresuar\/","og_site_name":"AlProfit Consult","article_publisher":"https:\/\/www.facebook.com\/AlProfitConsult\/","article_modified_time":"2024-12-01T14:31:54+00:00","twitter_card":"summary_large_image","twitter_site":"@AlProfitConsult","schema":{"@context":"https:\/\/schema.org","@graph":[{"@type":"WebPage","@id":"https:\/\/alprofitconsult.al\/en\/finance-kontabilitet\/standardet-kombetare-te-kontabilitetit\/skk-14-trajtimi-kontabel-i-investimeve-ne-pjesemarrje-dhe-sipermarrje-te-perbashketa-i-permiresuar\/","url":"https:\/\/alprofitconsult.al\/en\/finance-kontabilitet\/standardet-kombetare-te-kontabilitetit\/skk-14-trajtimi-kontabel-i-investimeve-ne-pjesemarrje-dhe-sipermarrje-te-perbashketa-i-permiresuar\/","name":"SKK 14 Trajtimi kontab\u00ebl i Investimeve n\u00eb Pjes\u00ebmarrje dhe Sip\u00ebrmarrje t\u00eb P\u00ebrbashk\u00ebta - i p\u00ebrmir\u00ebsuar - AlProfit Consult","isPartOf":{"@id":"https:\/\/alprofitconsult.al\/#website"},"datePublished":"2024-12-01T13:54:44+00:00","dateModified":"2024-12-01T14:31:54+00:00","breadcrumb":{"@id":"https:\/\/alprofitconsult.al\/en\/finance-kontabilitet\/standardet-kombetare-te-kontabilitetit\/skk-14-trajtimi-kontabel-i-investimeve-ne-pjesemarrje-dhe-sipermarrje-te-perbashketa-i-permiresuar\/#breadcrumb"},"inLanguage":"it-IT","potentialAction":[{"@type":"ReadAction","target":["https:\/\/alprofitconsult.al\/en\/finance-kontabilitet\/standardet-kombetare-te-kontabilitetit\/skk-14-trajtimi-kontabel-i-investimeve-ne-pjesemarrje-dhe-sipermarrje-te-perbashketa-i-permiresuar\/"]}]},{"@type":"BreadcrumbList","@id":"https:\/\/alprofitconsult.al\/en\/finance-kontabilitet\/standardet-kombetare-te-kontabilitetit\/skk-14-trajtimi-kontabel-i-investimeve-ne-pjesemarrje-dhe-sipermarrje-te-perbashketa-i-permiresuar\/#breadcrumb","itemListElement":[{"@type":"ListItem","position":1,"name":"Kryefaqe","item":"https:\/\/alprofitconsult.al\/"},{"@type":"ListItem","position":2,"name":"Financ\u00eb &#038; Kontabilitet","item":"https:\/\/alprofitconsult.al\/finance-kontabilitet\/"},{"@type":"ListItem","position":3,"name":"Standardet Komb\u00ebtare t\u00eb Kontabilitetit","item":"https:\/\/alprofitconsult.al\/finance-kontabilitet\/standardet-kombetare-te-kontabilitetit\/"},{"@type":"ListItem","position":4,"name":"SKK 14 Trajtimi kontab\u00ebl i Investimeve n\u00eb Pjes\u00ebmarrje dhe Sip\u00ebrmarrje t\u00eb P\u00ebrbashk\u00ebta &#8211; i p\u00ebrmir\u00ebsuar"}]},{"@type":"WebSite","@id":"https:\/\/alprofitconsult.al\/#website","url":"https:\/\/alprofitconsult.al\/","name":"AlProfit Consult","description":"Ufficio contabilit\u00e0","publisher":{"@id":"https:\/\/alprofitconsult.al\/#organization"},"potentialAction":[{"@type":"SearchAction","target":{"@type":"EntryPoint","urlTemplate":"https:\/\/alprofitconsult.al\/?s={search_term_string}"},"query-input":{"@type":"PropertyValueSpecification","valueRequired":true,"valueName":"search_term_string"}}],"inLanguage":"it-IT"},{"@type":["Organization","Place"],"@id":"https:\/\/alprofitconsult.al\/#organization","name":"Alprofit Consult","url":"https:\/\/alprofitconsult.al\/","logo":{"@id":"https:\/\/alprofitconsult.al\/en\/finance-kontabilitet\/standardet-kombetare-te-kontabilitetit\/skk-14-trajtimi-kontabel-i-investimeve-ne-pjesemarrje-dhe-sipermarrje-te-perbashketa-i-permiresuar\/#local-main-organization-logo"},"image":{"@id":"https:\/\/alprofitconsult.al\/en\/finance-kontabilitet\/standardet-kombetare-te-kontabilitetit\/skk-14-trajtimi-kontabel-i-investimeve-ne-pjesemarrje-dhe-sipermarrje-te-perbashketa-i-permiresuar\/#local-main-organization-logo"},"sameAs":["https:\/\/www.facebook.com\/AlProfitConsult\/","https:\/\/x.com\/AlProfitConsult","https:\/\/www.linkedin.com\/company\/andi-haxhillari\/","https:\/\/www.pinterest.com\/AlProfitConsult\/","https:\/\/www.youtube.com\/channel\/UCZ5Gfntn161Nla3g1XdRldA","https:\/\/sq.wikipedia.org\/wiki\/P\u00ebrdoruesi:Andi25~sqwiki"],"telephone":[],"openingHoursSpecification":[{"@type":"OpeningHoursSpecification","dayOfWeek":["Monday","Tuesday","Wednesday","Thursday","Friday","Saturday","Sunday"],"opens":"09:00","closes":"17:00"}]},{"@type":"ImageObject","inLanguage":"it-IT","@id":"https:\/\/alprofitconsult.al\/en\/finance-kontabilitet\/standardet-kombetare-te-kontabilitetit\/skk-14-trajtimi-kontabel-i-investimeve-ne-pjesemarrje-dhe-sipermarrje-te-perbashketa-i-permiresuar\/#local-main-organization-logo","url":"https:\/\/alprofitconsult.al\/wp-content\/uploads\/2022\/10\/logoalprofit.png","contentUrl":"https:\/\/alprofitconsult.al\/wp-content\/uploads\/2022\/10\/logoalprofit.png","width":529,"height":156,"caption":"Alprofit Consult"}]}},"_links":{"self":[{"href":"https:\/\/alprofitconsult.al\/it\/wp-json\/wp\/v2\/pages\/20103","targetHints":{"allow":["GET"]}}],"collection":[{"href":"https:\/\/alprofitconsult.al\/it\/wp-json\/wp\/v2\/pages"}],"about":[{"href":"https:\/\/alprofitconsult.al\/it\/wp-json\/wp\/v2\/types\/page"}],"author":[{"embeddable":true,"href":"https:\/\/alprofitconsult.al\/it\/wp-json\/wp\/v2\/users\/1"}],"replies":[{"embeddable":true,"href":"https:\/\/alprofitconsult.al\/it\/wp-json\/wp\/v2\/comments?post=20103"}],"version-history":[{"count":4,"href":"https:\/\/alprofitconsult.al\/it\/wp-json\/wp\/v2\/pages\/20103\/revisions"}],"predecessor-version":[{"id":20205,"href":"https:\/\/alprofitconsult.al\/it\/wp-json\/wp\/v2\/pages\/20103\/revisions\/20205"}],"up":[{"embeddable":true,"href":"https:\/\/alprofitconsult.al\/it\/wp-json\/wp\/v2\/pages\/18481"}],"wp:attachment":[{"href":"https:\/\/alprofitconsult.al\/it\/wp-json\/wp\/v2\/media?parent=20103"}],"curies":[{"name":"WordPress","href":"https:\/\/api.w.org\/{rel}","templated":true}]}}