{"id":20279,"date":"2024-12-01T21:02:02","date_gmt":"2024-12-01T21:02:02","guid":{"rendered":"https:\/\/alprofitconsult.al\/?page_id=20279"},"modified":"2024-12-05T20:48:45","modified_gmt":"2024-12-05T20:48:45","slug":"i-principi-fondamentali-del-codice-del-lavoro","status":"publish","type":"page","link":"https:\/\/alprofitconsult.al\/it\/prezantim-i-kodit-te-punes\/parimet-themelore-te-kodit-te-punes\/","title":{"rendered":"Principi fondamentali del Codice del lavoro"},"content":{"rendered":"<div class=\"yoast-breadcrumbs\"><span><span><a href=\"https:\/\/alprofitconsult.al\/it\/\">Home page<\/a><\/span> | <span><a href=\"https:\/\/alprofitconsult.al\/it\/presentazione-del-codice-di-condotta\/\">Presentazione del Codice del lavoro<\/a><\/span> | <span class=\"breadcrumb_last\" aria-current=\"page\">Principi fondamentali del Codice del lavoro<\/span><\/span><\/div>\n\n\n<p><\/p>\n\n\n\n<figure class=\"wp-block-image size-full\"><img loading=\"lazy\" decoding=\"async\" width=\"1920\" height=\"1200\" src=\"https:\/\/alprofitconsult.al\/wp-content\/uploads\/2024\/12\/Parimet-Themelore-te-Kodit-te-Punes-Alprofit-Consult.jpg\" alt=\"\" class=\"wp-image-20421\" srcset=\"https:\/\/alprofitconsult.al\/wp-content\/uploads\/2024\/12\/Parimet-Themelore-te-Kodit-te-Punes-Alprofit-Consult.jpg 1920w, https:\/\/alprofitconsult.al\/wp-content\/uploads\/2024\/12\/Parimet-Themelore-te-Kodit-te-Punes-Alprofit-Consult-768x480.jpg 768w, https:\/\/alprofitconsult.al\/wp-content\/uploads\/2024\/12\/Parimet-Themelore-te-Kodit-te-Punes-Alprofit-Consult-1536x960.jpg 1536w\" sizes=\"auto, (max-width: 1920px) 100vw, 1920px\" \/><\/figure>\n\n\n\n<p><\/p>\n\n\n\n<h2 class=\"wp-block-heading\"><strong>Codice del lavoro e principi fondamentali<\/strong><\/h2>\n\n\n\n<p>Il Codice del lavoro si fonda su una serie di principi universali che garantiscono pari diritti a tutti i soggetti coinvolti nei rapporti di lavoro. Esso definisce le regole per lo sviluppo di rapporti sostenibili e trasparenti tra datori di lavoro e lavoratori.<\/p>\n\n\n\n<h3 class=\"wp-block-heading\"><strong>Giustizia<\/strong>\u00a0<\/h3>\n\n\n\n<p>Ogni rapporto di lavoro deve fondarsi sul rispetto dei diritti e delle responsabilit\u00e0 reciproci (articolo 1).<\/p>\n\n\n\n<h3 class=\"wp-block-heading\"><strong>Uguaglianza<\/strong><\/h3>\n\n\n\n<p>I datori di lavoro sono tenuti a garantire pari condizioni a tutti i dipendenti, evitando qualsiasi forma di discriminazione basata sul sesso, la razza, il credo religioso o le convinzioni politiche (articolo 9).<\/p>\n\n\n\n<blockquote class=\"wp-block-quote is-layout-flow wp-block-quote-is-layout-flow\">\n<p><strong>Esempio pratico:<\/strong>&nbsp;Una grande azienda che impiega personale in varie mansioni non pu\u00f2 offrire una retribuzione diversa a uomini e donne a parit\u00e0 di mansioni.<\/p>\n<\/blockquote>\n\n\n\n<h2 class=\"wp-block-heading\"><strong>Il rispetto della Costituzione e il collegamento con la legislazione internazionale<\/strong><\/h2>\n\n\n\n<p>Il Codice del lavoro si basa in larga misura sulla Costituzione della Repubblica di Albania, che garantisce l'uguaglianza davanti alla legge e il diritto a un lavoro equo e onesto (articolo 2). \u00c8 inoltre armonizzato con le convenzioni internazionali, come quelle dell\u2019Organizzazione Internazionale del Lavoro (OIL), garantendo che le sue disposizioni siano conformi agli standard globali.<\/p>\n\n\n\n<blockquote class=\"wp-block-quote is-layout-flow wp-block-quote-is-layout-flow\">\n<p><strong>Esempio pratico:<\/strong>&nbsp;Un dipendente albanese di un'azienda internazionale ha diritto alle stesse ferie e alle stesse condizioni di lavoro dei dipendenti degli altri paesi in cui l'azienda opera.<\/p>\n<\/blockquote>\n\n\n\n<h2 class=\"wp-block-heading\"><strong>Gerarchia delle norme e rispetto della legge<\/strong><\/h2>\n\n\n\n<p>In caso di discrepanze tra i singoli contratti e la legge, prevalgono le disposizioni pi\u00f9 favorevoli al lavoratore. Analogamente, in mancanza di disposizioni chiare, si applicano gli usi e le prassi comunemente accettati nei rapporti di lavoro (articolo 11).<\/p>\n\n\n\n<blockquote class=\"wp-block-quote is-layout-flow wp-block-quote-is-layout-flow\">\n<p><strong>Esempio pratico:<\/strong>\u00a0Se un contratto di lavoro prevede tre settimane di ferie annuali, ma la legge ne prescrive quattro, si applica la legge in quanto disposizione pi\u00f9 favorevole.<\/p>\n<\/blockquote>\n\n\n\n<div data-wp-interactive=\"core\/file\" class=\"wp-block-file\"><object data-wp-bind--hidden=\"!state.hasPdfPreview\" hidden class=\"wp-block-file__embed\" data=\"https:\/\/alprofitconsult.al\/wp-content\/uploads\/2024\/12\/Kodi-i-punes-LIGJ-2024.pdf\" type=\"application\/pdf\" style=\"width:100%;height:600px\" aria-label=\"Incorporamento di Kodi-i-punes-LIGJ-2024.\"><\/object><a id=\"wp-block-file--media-e9e60d3c-3a36-427c-9c4b-97d2ec3d75dc\" href=\"https:\/\/alprofitconsult.al\/wp-content\/uploads\/2024\/12\/Kodi-i-punes-LIGJ-2024.pdf\">Codice del lavoro \u2013 Legge 2024<\/a><a href=\"https:\/\/alprofitconsult.al\/wp-content\/uploads\/2024\/12\/Kodi-i-punes-LIGJ-2024.pdf\" class=\"wp-block-file__button wp-element-button\" download aria-describedby=\"wp-block-file--media-e9e60d3c-3a36-427c-9c4b-97d2ec3d75dc\">Scarica<\/a><\/div>\n\n\n\n<p><\/p>\n\n\n\n<p>Fonte: <a href=\"https:\/\/www.qbz.gov.al\/preview\/c1c18a6c-5f3e-457d-b931-de505b3c7ed0\" target=\"_blank\" rel=\"noreferrer noopener\">Codice del lavoro.<\/a><\/p>\n\n\n<div class=\"gdlr-core-widget-box-shortcode\" style=\"color: #ffffff ;background-color: #000014 ;\"  ><h3 class=\"gdlr-core-widget-box-shortcode-title\" style=\"color: #ffffff ;\"  >Hai qualche domanda?<\/h3><div class=\"gdlr-core-widget-box-shortcode-content\" ><p class=\"translation-block\">Non esitare a <a href=\"https:\/\/alprofitconsult.al\/it\/contatti\/\" target=\"_self\">contattarci. Siamo un team di esperti e saremo lieti di parlare con te.<\/p>\n<\/div><\/div>","protected":false},"excerpt":{"rendered":"<p>Kodi i Pun\u00ebs dhe Parimet Themelore Kodi i Pun\u00ebs \u00ebsht\u00eb bazuar mbi disa parime universale q\u00eb garantojn\u00eb t\u00eb drejta t\u00eb barabarta p\u00ebr t\u00eb gjith\u00eb individ\u00ebt n\u00eb marr\u00ebdh\u00ebniet e pun\u00ebs. Ai p\u00ebrcakton rregullat p\u00ebr zhvillimin e marr\u00ebdh\u00ebnieve t\u00eb q\u00ebndrueshme dhe transparente nd\u00ebrmjet pun\u00ebdh\u00ebn\u00ebsve dhe pun\u00ebmarr\u00ebsve. Drejt\u00ebsia\u00a0 \u00c7do marr\u00ebdh\u00ebnie pune duhet t\u00eb bazohet n\u00eb respektimin e t\u00eb [&hellip;]<\/p>\n","protected":false},"author":1,"featured_media":0,"parent":20266,"menu_order":0,"comment_status":"closed","ping_status":"closed","template":"","meta":{"footnotes":""},"class_list":["post-20279","page","type-page","status-publish","hentry"],"yoast_head":"<!-- This site is optimized with the Yoast SEO plugin v26.5 - https:\/\/yoast.com\/wordpress\/plugins\/seo\/ -->\n<title>Parimet Themelore t\u00eb Kodit t\u00eb Pun\u00ebs - AlProfit Consult<\/title>\n<meta name=\"robots\" content=\"index, follow, max-snippet:-1, max-image-preview:large, max-video-preview:-1\" \/>\n<link rel=\"canonical\" href=\"https:\/\/alprofitconsult.al\/it\/presentazione-del-codice-di-condotta\/i-principi-fondamentali-del-codice-del-lavoro\/\" \/>\n<meta property=\"og:locale\" content=\"it_IT\" \/>\n<meta property=\"og:type\" content=\"article\" \/>\n<meta property=\"og:title\" content=\"Parimet Themelore t\u00eb Kodit t\u00eb Pun\u00ebs - AlProfit Consult\" \/>\n<meta property=\"og:description\" content=\"Kodi i Pun\u00ebs dhe Parimet Themelore Kodi i Pun\u00ebs \u00ebsht\u00eb bazuar mbi disa parime universale q\u00eb garantojn\u00eb t\u00eb drejta t\u00eb barabarta p\u00ebr t\u00eb gjith\u00eb individ\u00ebt n\u00eb marr\u00ebdh\u00ebniet e pun\u00ebs. Ai p\u00ebrcakton rregullat p\u00ebr zhvillimin e marr\u00ebdh\u00ebnieve t\u00eb q\u00ebndrueshme dhe transparente nd\u00ebrmjet pun\u00ebdh\u00ebn\u00ebsve dhe pun\u00ebmarr\u00ebsve. Drejt\u00ebsia\u00a0 \u00c7do marr\u00ebdh\u00ebnie pune duhet t\u00eb bazohet n\u00eb respektimin e t\u00eb [&hellip;]\" \/>\n<meta property=\"og:url\" content=\"https:\/\/alprofitconsult.al\/it\/presentazione-del-codice-di-condotta\/i-principi-fondamentali-del-codice-del-lavoro\/\" \/>\n<meta property=\"og:site_name\" content=\"AlProfit Consult\" \/>\n<meta property=\"article:publisher\" content=\"https:\/\/www.facebook.com\/AlProfitConsult\/\" \/>\n<meta property=\"article:modified_time\" content=\"2024-12-05T20:48:45+00:00\" \/>\n<meta property=\"og:image\" content=\"https:\/\/alprofitconsult.al\/wp-content\/uploads\/2024\/12\/Parimet-Themelore-te-Kodit-te-Punes-Alprofit-Consult.jpg\" \/>\n<meta name=\"twitter:card\" content=\"summary_large_image\" \/>\n<meta name=\"twitter:site\" content=\"@AlProfitConsult\" \/>\n<meta name=\"twitter:label1\" content=\"Tempo di lettura stimato\" \/>\n\t<meta name=\"twitter:data1\" content=\"2 minuti\" \/>\n<script type=\"application\/ld+json\" class=\"yoast-schema-graph\">{\"@context\":\"https:\/\/schema.org\",\"@graph\":[{\"@type\":\"WebPage\",\"@id\":\"https:\/\/alprofitconsult.al\/prezantim-i-kodit-te-punes\/parimet-themelore-te-kodit-te-punes\/\",\"url\":\"https:\/\/alprofitconsult.al\/prezantim-i-kodit-te-punes\/parimet-themelore-te-kodit-te-punes\/\",\"name\":\"Parimet Themelore t\u00eb Kodit t\u00eb Pun\u00ebs - AlProfit Consult\",\"isPartOf\":{\"@id\":\"https:\/\/alprofitconsult.al\/#website\"},\"primaryImageOfPage\":{\"@id\":\"https:\/\/alprofitconsult.al\/prezantim-i-kodit-te-punes\/parimet-themelore-te-kodit-te-punes\/#primaryimage\"},\"image\":{\"@id\":\"https:\/\/alprofitconsult.al\/prezantim-i-kodit-te-punes\/parimet-themelore-te-kodit-te-punes\/#primaryimage\"},\"thumbnailUrl\":\"https:\/\/alprofitconsult.al\/wp-content\/uploads\/2024\/12\/Parimet-Themelore-te-Kodit-te-Punes-Alprofit-Consult.jpg\",\"datePublished\":\"2024-12-01T21:02:02+00:00\",\"dateModified\":\"2024-12-05T20:48:45+00:00\",\"breadcrumb\":{\"@id\":\"https:\/\/alprofitconsult.al\/prezantim-i-kodit-te-punes\/parimet-themelore-te-kodit-te-punes\/#breadcrumb\"},\"inLanguage\":\"it-IT\",\"potentialAction\":[{\"@type\":\"ReadAction\",\"target\":[\"https:\/\/alprofitconsult.al\/prezantim-i-kodit-te-punes\/parimet-themelore-te-kodit-te-punes\/\"]}]},{\"@type\":\"ImageObject\",\"inLanguage\":\"it-IT\",\"@id\":\"https:\/\/alprofitconsult.al\/prezantim-i-kodit-te-punes\/parimet-themelore-te-kodit-te-punes\/#primaryimage\",\"url\":\"https:\/\/alprofitconsult.al\/wp-content\/uploads\/2024\/12\/Parimet-Themelore-te-Kodit-te-Punes-Alprofit-Consult.jpg\",\"contentUrl\":\"https:\/\/alprofitconsult.al\/wp-content\/uploads\/2024\/12\/Parimet-Themelore-te-Kodit-te-Punes-Alprofit-Consult.jpg\"},{\"@type\":\"BreadcrumbList\",\"@id\":\"https:\/\/alprofitconsult.al\/prezantim-i-kodit-te-punes\/parimet-themelore-te-kodit-te-punes\/#breadcrumb\",\"itemListElement\":[{\"@type\":\"ListItem\",\"position\":1,\"name\":\"Kryefaqe\",\"item\":\"https:\/\/alprofitconsult.al\/\"},{\"@type\":\"ListItem\",\"position\":2,\"name\":\"Prezantim i Kodit t\u00eb Pun\u00ebs\",\"item\":\"https:\/\/alprofitconsult.al\/prezantim-i-kodit-te-punes\/\"},{\"@type\":\"ListItem\",\"position\":3,\"name\":\"Parimet Themelore t\u00eb Kodit t\u00eb Pun\u00ebs\"}]},{\"@type\":\"WebSite\",\"@id\":\"https:\/\/alprofitconsult.al\/#website\",\"url\":\"https:\/\/alprofitconsult.al\/\",\"name\":\"AlProfit Consult\",\"description\":\"Zyr\u00eb Kontabiliteti\",\"publisher\":{\"@id\":\"https:\/\/alprofitconsult.al\/#organization\"},\"potentialAction\":[{\"@type\":\"SearchAction\",\"target\":{\"@type\":\"EntryPoint\",\"urlTemplate\":\"https:\/\/alprofitconsult.al\/?s={search_term_string}\"},\"query-input\":{\"@type\":\"PropertyValueSpecification\",\"valueRequired\":true,\"valueName\":\"search_term_string\"}}],\"inLanguage\":\"it-IT\"},{\"@type\":\"Organization\",\"@id\":\"https:\/\/alprofitconsult.al\/#organization\",\"name\":\"Alprofit Consult\",\"url\":\"https:\/\/alprofitconsult.al\/\",\"logo\":{\"@type\":\"ImageObject\",\"inLanguage\":\"it-IT\",\"@id\":\"https:\/\/alprofitconsult.al\/#\/schema\/logo\/image\/\",\"url\":\"https:\/\/alprofitconsult.al\/wp-content\/uploads\/2022\/10\/logoalprofit.png\",\"contentUrl\":\"https:\/\/alprofitconsult.al\/wp-content\/uploads\/2022\/10\/logoalprofit.png\",\"width\":529,\"height\":156,\"caption\":\"Alprofit Consult\"},\"image\":{\"@id\":\"https:\/\/alprofitconsult.al\/#\/schema\/logo\/image\/\"},\"sameAs\":[\"https:\/\/www.facebook.com\/AlProfitConsult\/\",\"https:\/\/x.com\/AlProfitConsult\",\"https:\/\/www.linkedin.com\/company\/andi-haxhillari\/\",\"https:\/\/www.pinterest.com\/AlProfitConsult\/\",\"https:\/\/www.youtube.com\/channel\/UCZ5Gfntn161Nla3g1XdRldA\",\"https:\/\/sq.wikipedia.org\/wiki\/P\u00ebrdoruesi:Andi25~sqwiki\"]}]}<\/script>\n<!-- \/ Yoast SEO plugin. -->","yoast_head_json":{"title":"Principi fondamentali del Codice del lavoro \u2013 AlProfit Consult","robots":{"index":"index","follow":"follow","max-snippet":"max-snippet:-1","max-image-preview":"max-image-preview:large","max-video-preview":"max-video-preview:-1"},"canonical":"https:\/\/alprofitconsult.al\/it\/presentazione-del-codice-di-condotta\/i-principi-fondamentali-del-codice-del-lavoro\/","og_locale":"it_IT","og_type":"article","og_title":"Parimet Themelore t\u00eb Kodit t\u00eb Pun\u00ebs - AlProfit Consult","og_description":"Kodi i Pun\u00ebs dhe Parimet Themelore Kodi i Pun\u00ebs \u00ebsht\u00eb bazuar mbi disa parime universale q\u00eb garantojn\u00eb t\u00eb drejta t\u00eb barabarta p\u00ebr t\u00eb gjith\u00eb individ\u00ebt n\u00eb marr\u00ebdh\u00ebniet e pun\u00ebs. Ai p\u00ebrcakton rregullat p\u00ebr zhvillimin e marr\u00ebdh\u00ebnieve t\u00eb q\u00ebndrueshme dhe transparente nd\u00ebrmjet pun\u00ebdh\u00ebn\u00ebsve dhe pun\u00ebmarr\u00ebsve. Drejt\u00ebsia\u00a0 \u00c7do marr\u00ebdh\u00ebnie pune duhet t\u00eb bazohet n\u00eb respektimin e t\u00eb [&hellip;]","og_url":"https:\/\/alprofitconsult.al\/it\/presentazione-del-codice-di-condotta\/i-principi-fondamentali-del-codice-del-lavoro\/","og_site_name":"AlProfit Consult","article_publisher":"https:\/\/www.facebook.com\/AlProfitConsult\/","article_modified_time":"2024-12-05T20:48:45+00:00","og_image":[{"url":"https:\/\/alprofitconsult.al\/wp-content\/uploads\/2024\/12\/Parimet-Themelore-te-Kodit-te-Punes-Alprofit-Consult.jpg","type":"","width":"","height":""}],"twitter_card":"summary_large_image","twitter_site":"@AlProfitConsult","twitter_misc":{"Tempo di lettura stimato":"2 minuti"},"schema":{"@context":"https:\/\/schema.org","@graph":[{"@type":"WebPage","@id":"https:\/\/alprofitconsult.al\/prezantim-i-kodit-te-punes\/parimet-themelore-te-kodit-te-punes\/","url":"https:\/\/alprofitconsult.al\/prezantim-i-kodit-te-punes\/parimet-themelore-te-kodit-te-punes\/","name":"Principi fondamentali del Codice del lavoro \u2013 AlProfit Consult","isPartOf":{"@id":"https:\/\/alprofitconsult.al\/#website"},"primaryImageOfPage":{"@id":"https:\/\/alprofitconsult.al\/prezantim-i-kodit-te-punes\/parimet-themelore-te-kodit-te-punes\/#primaryimage"},"image":{"@id":"https:\/\/alprofitconsult.al\/prezantim-i-kodit-te-punes\/parimet-themelore-te-kodit-te-punes\/#primaryimage"},"thumbnailUrl":"https:\/\/alprofitconsult.al\/wp-content\/uploads\/2024\/12\/Parimet-Themelore-te-Kodit-te-Punes-Alprofit-Consult.jpg","datePublished":"2024-12-01T21:02:02+00:00","dateModified":"2024-12-05T20:48:45+00:00","breadcrumb":{"@id":"https:\/\/alprofitconsult.al\/prezantim-i-kodit-te-punes\/parimet-themelore-te-kodit-te-punes\/#breadcrumb"},"inLanguage":"it-IT","potentialAction":[{"@type":"ReadAction","target":["https:\/\/alprofitconsult.al\/prezantim-i-kodit-te-punes\/parimet-themelore-te-kodit-te-punes\/"]}]},{"@type":"ImageObject","inLanguage":"it-IT","@id":"https:\/\/alprofitconsult.al\/prezantim-i-kodit-te-punes\/parimet-themelore-te-kodit-te-punes\/#primaryimage","url":"https:\/\/alprofitconsult.al\/wp-content\/uploads\/2024\/12\/Parimet-Themelore-te-Kodit-te-Punes-Alprofit-Consult.jpg","contentUrl":"https:\/\/alprofitconsult.al\/wp-content\/uploads\/2024\/12\/Parimet-Themelore-te-Kodit-te-Punes-Alprofit-Consult.jpg"},{"@type":"BreadcrumbList","@id":"https:\/\/alprofitconsult.al\/prezantim-i-kodit-te-punes\/parimet-themelore-te-kodit-te-punes\/#breadcrumb","itemListElement":[{"@type":"ListItem","position":1,"name":"Kryefaqe","item":"https:\/\/alprofitconsult.al\/"},{"@type":"ListItem","position":2,"name":"Prezantim i Kodit t\u00eb Pun\u00ebs","item":"https:\/\/alprofitconsult.al\/prezantim-i-kodit-te-punes\/"},{"@type":"ListItem","position":3,"name":"Parimet Themelore t\u00eb Kodit t\u00eb Pun\u00ebs"}]},{"@type":"WebSite","@id":"https:\/\/alprofitconsult.al\/#website","url":"https:\/\/alprofitconsult.al\/","name":"AlProfit Consult","description":"Ufficio contabilit\u00e0","publisher":{"@id":"https:\/\/alprofitconsult.al\/#organization"},"potentialAction":[{"@type":"SearchAction","target":{"@type":"EntryPoint","urlTemplate":"https:\/\/alprofitconsult.al\/?s={search_term_string}"},"query-input":{"@type":"PropertyValueSpecification","valueRequired":true,"valueName":"search_term_string"}}],"inLanguage":"it-IT"},{"@type":"Organization","@id":"https:\/\/alprofitconsult.al\/#organization","name":"Alprofit Consult","url":"https:\/\/alprofitconsult.al\/","logo":{"@type":"ImageObject","inLanguage":"it-IT","@id":"https:\/\/alprofitconsult.al\/#\/schema\/logo\/image\/","url":"https:\/\/alprofitconsult.al\/wp-content\/uploads\/2022\/10\/logoalprofit.png","contentUrl":"https:\/\/alprofitconsult.al\/wp-content\/uploads\/2022\/10\/logoalprofit.png","width":529,"height":156,"caption":"Alprofit Consult"},"image":{"@id":"https:\/\/alprofitconsult.al\/#\/schema\/logo\/image\/"},"sameAs":["https:\/\/www.facebook.com\/AlProfitConsult\/","https:\/\/x.com\/AlProfitConsult","https:\/\/www.linkedin.com\/company\/andi-haxhillari\/","https:\/\/www.pinterest.com\/AlProfitConsult\/","https:\/\/www.youtube.com\/channel\/UCZ5Gfntn161Nla3g1XdRldA","https:\/\/sq.wikipedia.org\/wiki\/P\u00ebrdoruesi:Andi25~sqwiki"]}]}},"_links":{"self":[{"href":"https:\/\/alprofitconsult.al\/it\/wp-json\/wp\/v2\/pages\/20279","targetHints":{"allow":["GET"]}}],"collection":[{"href":"https:\/\/alprofitconsult.al\/it\/wp-json\/wp\/v2\/pages"}],"about":[{"href":"https:\/\/alprofitconsult.al\/it\/wp-json\/wp\/v2\/types\/page"}],"author":[{"embeddable":true,"href":"https:\/\/alprofitconsult.al\/it\/wp-json\/wp\/v2\/users\/1"}],"replies":[{"embeddable":true,"href":"https:\/\/alprofitconsult.al\/it\/wp-json\/wp\/v2\/comments?post=20279"}],"version-history":[{"count":5,"href":"https:\/\/alprofitconsult.al\/it\/wp-json\/wp\/v2\/pages\/20279\/revisions"}],"predecessor-version":[{"id":20433,"href":"https:\/\/alprofitconsult.al\/it\/wp-json\/wp\/v2\/pages\/20279\/revisions\/20433"}],"up":[{"embeddable":true,"href":"https:\/\/alprofitconsult.al\/it\/wp-json\/wp\/v2\/pages\/20266"}],"wp:attachment":[{"href":"https:\/\/alprofitconsult.al\/it\/wp-json\/wp\/v2\/media?parent=20279"}],"curies":[{"name":"WordPress","href":"https:\/\/api.w.org\/{rel}","templated":true}]}}