{"id":20295,"date":"2024-12-01T21:06:38","date_gmt":"2024-12-01T21:06:38","guid":{"rendered":"https:\/\/alprofitconsult.al\/?page_id=20295"},"modified":"2025-02-25T20:15:47","modified_gmt":"2025-02-25T20:15:47","slug":"stipendio-e-retribuzione","status":"publish","type":"page","link":"https:\/\/alprofitconsult.al\/it\/kodi-i-punes\/marredheniet-e-punes\/paga-dhe-kompensimi\/","title":{"rendered":"Stipendio e retribuzione"},"content":{"rendered":"<div class=\"yoast-breadcrumbs\"><span><span><a href=\"https:\/\/alprofitconsult.al\/it\/\">Home page<\/a><\/span> | <span><a href=\"https:\/\/alprofitconsult.al\/en\/kodi-i-punes\/\">Codice del lavoro<\/a><\/span> | <span><a href=\"https:\/\/alprofitconsult.al\/en\/kodi-i-punes\/marredheniet-e-punes\/\">Relazioni sindacali<\/a><\/span> | <span class=\"breadcrumb_last\" aria-current=\"page\">Stipendio e retribuzione<\/span><\/span><\/div>\n\n\n<p><\/p>\n\n\n\n<figure class=\"wp-block-image size-full\"><img loading=\"lazy\" decoding=\"async\" width=\"1920\" height=\"1280\" src=\"https:\/\/alprofitconsult.al\/wp-content\/uploads\/2025\/02\/Paga-Dhe-Kompensimi-AlProfit-Consult.jpg\" alt=\"\" class=\"wp-image-20897\" srcset=\"https:\/\/alprofitconsult.al\/wp-content\/uploads\/2025\/02\/Paga-Dhe-Kompensimi-AlProfit-Consult.jpg 1920w, https:\/\/alprofitconsult.al\/wp-content\/uploads\/2025\/02\/Paga-Dhe-Kompensimi-AlProfit-Consult-768x512.jpg 768w, https:\/\/alprofitconsult.al\/wp-content\/uploads\/2025\/02\/Paga-Dhe-Kompensimi-AlProfit-Consult-1536x1024.jpg 1536w\" sizes=\"auto, (max-width: 1920px) 100vw, 1920px\" \/><\/figure>\n\n\n\n<p><\/p>\n\n\n\n<h2 class=\"wp-block-heading\"><strong>Pagamento equo e puntuale<\/strong><\/h2>\n\n\n\n<p>I datori di lavoro sono tenuti a retribuire i dipendenti secondo i termini previsti dal contratto ed entro i termini stabiliti. Il salario minimo garantisce che nessuno riceva una retribuzione inferiore al livello fissato dalla legge (articolo 78).<\/p>\n\n\n\n<blockquote class=\"wp-block-quote is-layout-flow wp-block-quote-is-layout-flow\">\n<p><strong>Esempio pratico:<\/strong>&nbsp;Se il salario minimo mensile in Albania \u00e8 di 40.000 lek, un dipendente a tempo pieno non pu\u00f2 ricevere una retribuzione inferiore.<\/p>\n<\/blockquote>\n\n\n\n<h2 class=\"wp-block-heading\"><strong>Premi e bonus aggiuntivi<\/strong><\/h2>\n\n\n\n<p>I dipendenti hanno diritto a premi aggiuntivi per:<\/p>\n\n\n\n<ol class=\"wp-block-list\" start=\"1\">\n<li>Lavoro straordinario.<\/li>\n\n\n\n<li>Lavoro nei giorni festivi.<\/li>\n\n\n\n<li>Premi di rendimento, se previsti dal contratto o dal contratto collettivo (articolo 79).<\/li>\n<\/ol>\n\n\n\n<blockquote class=\"wp-block-quote is-layout-flow wp-block-quote-is-layout-flow\">\n<p><strong>Esempio pratico:<\/strong>&nbsp;Un dipendente che lavora in un giorno festivo ha diritto alla retribuzione doppia o a un giorno di riposo compensativo.<\/p>\n<\/blockquote>\n\n\n\n<h2 class=\"wp-block-heading\"><strong>Commissioni e benefici non monetari<\/strong><\/h2>\n\n\n\n<p>Il datore di lavoro pu\u00f2 offrire ai dipendenti benefici aggiuntivi quali l'assicurazione sanitaria, il trasporto o l'alloggio. Tali benefici devono essere chiaramente specificati nel contratto (articolo 80).<\/p>\n\n\n\n<blockquote class=\"wp-block-quote is-layout-flow wp-block-quote-is-layout-flow\">\n<p><strong>Esempio pratico:<\/strong>&nbsp;Un'azienda che garantisce il trasporto ai propri dipendenti \u00e8 tenuta a mantenere tale beneficio fino alla scadenza del contratto.<\/p>\n<\/blockquote>\n\n\n\n<p><\/p>\n\n\n\n<div data-wp-interactive=\"core\/file\" class=\"wp-block-file\"><object data-wp-bind--hidden=\"!state.hasPdfPreview\" hidden class=\"wp-block-file__embed\" data=\"https:\/\/alprofitconsult.al\/wp-content\/uploads\/2024\/12\/Kodi-i-punes-LIGJ-2024-8.pdf\" type=\"application\/pdf\" style=\"width:100%;height:600px\" aria-label=\"Incorporamento di Kodi-i-punes-LIGJ-2024-8.\"><\/object><a id=\"wp-block-file--media-ead5fbd0-6cb6-45da-ada7-1a0f587c8017\" href=\"https:\/\/alprofitconsult.al\/wp-content\/uploads\/2024\/12\/Kodi-i-punes-LIGJ-2024-8.pdf\">Codice del lavoro - Legge n. 2024-8<\/a><a href=\"https:\/\/alprofitconsult.al\/wp-content\/uploads\/2024\/12\/Kodi-i-punes-LIGJ-2024-8.pdf\" class=\"wp-block-file__button wp-element-button\" download aria-describedby=\"wp-block-file--media-ead5fbd0-6cb6-45da-ada7-1a0f587c8017\">Scarica<\/a><\/div>\n\n\n\n<p><\/p>\n\n\n<div class=\"gdlr-core-widget-box-shortcode\" style=\"color: #ffffff ;background-color: #000014 ;\"  ><h3 class=\"gdlr-core-widget-box-shortcode-title\" style=\"color: #ffffff ;\"  >Hai qualche domanda?<\/h3><div class=\"gdlr-core-widget-box-shortcode-content\" ><p class=\"translation-block\">Non esitare a <a href=\"https:\/\/alprofitconsult.al\/it\/contatti\/\" target=\"_self\">contattarci. Siamo un team di esperti e saremo lieti di parlare con te.<\/p>\n<\/div><\/div>","protected":false},"excerpt":{"rendered":"<p>Pagesa e Drejt\u00eb dhe n\u00eb Koh\u00eb Pun\u00ebdh\u00ebn\u00ebsit jan\u00eb t\u00eb detyruar t\u00eb paguajn\u00eb punonj\u00ebsit sipas kushteve t\u00eb kontrat\u00ebs dhe brenda afateve t\u00eb p\u00ebrcaktuara. Paga minimale garanton q\u00eb askush t\u00eb mos paguhet m\u00eb pak se niveli i p\u00ebrcaktuar me ligj (Neni 78). Shembull praktik:&nbsp;N\u00ebse paga minimale mujore n\u00eb Shqip\u00ebri \u00ebsht\u00eb 40,000 Lek\u00eb, nj\u00eb punonj\u00ebs q\u00eb punon me [&hellip;]<\/p>\n","protected":false},"author":1,"featured_media":0,"parent":20276,"menu_order":0,"comment_status":"closed","ping_status":"closed","template":"","meta":{"footnotes":""},"class_list":["post-20295","page","type-page","status-publish","hentry"],"yoast_head":"<!-- This site is optimized with the Yoast SEO plugin v26.5 - https:\/\/yoast.com\/wordpress\/plugins\/seo\/ -->\n<title>Paga Dhe Kompensimi - AlProfit Consult<\/title>\n<meta name=\"robots\" content=\"index, follow, max-snippet:-1, max-image-preview:large, max-video-preview:-1\" \/>\n<link rel=\"canonical\" href=\"https:\/\/alprofitconsult.al\/it\/codice-del-lavoro\/rapporti-di-lavoro\/stipendio-e-retribuzione\/\" \/>\n<meta property=\"og:locale\" content=\"it_IT\" \/>\n<meta property=\"og:type\" content=\"article\" \/>\n<meta property=\"og:title\" content=\"Paga Dhe Kompensimi - AlProfit Consult\" \/>\n<meta property=\"og:description\" content=\"Pagesa e Drejt\u00eb dhe n\u00eb Koh\u00eb Pun\u00ebdh\u00ebn\u00ebsit jan\u00eb t\u00eb detyruar t\u00eb paguajn\u00eb punonj\u00ebsit sipas kushteve t\u00eb kontrat\u00ebs dhe brenda afateve t\u00eb p\u00ebrcaktuara. Paga minimale garanton q\u00eb askush t\u00eb mos paguhet m\u00eb pak se niveli i p\u00ebrcaktuar me ligj (Neni 78). Shembull praktik:&nbsp;N\u00ebse paga minimale mujore n\u00eb Shqip\u00ebri \u00ebsht\u00eb 40,000 Lek\u00eb, nj\u00eb punonj\u00ebs q\u00eb punon me [&hellip;]\" \/>\n<meta property=\"og:url\" content=\"https:\/\/alprofitconsult.al\/it\/codice-del-lavoro\/rapporti-di-lavoro\/stipendio-e-retribuzione\/\" \/>\n<meta property=\"og:site_name\" content=\"AlProfit Consult\" \/>\n<meta property=\"article:publisher\" content=\"https:\/\/www.facebook.com\/AlProfitConsult\/\" \/>\n<meta property=\"article:modified_time\" content=\"2025-02-25T20:15:47+00:00\" \/>\n<meta property=\"og:image\" content=\"https:\/\/alprofitconsult.al\/wp-content\/uploads\/2025\/02\/Paga-Dhe-Kompensimi-AlProfit-Consult.jpg\" \/>\n<meta name=\"twitter:card\" content=\"summary_large_image\" \/>\n<meta name=\"twitter:site\" content=\"@AlProfitConsult\" \/>\n<meta name=\"twitter:label1\" content=\"Tempo di lettura stimato\" \/>\n\t<meta name=\"twitter:data1\" content=\"1 minuto\" \/>\n<script type=\"application\/ld+json\" class=\"yoast-schema-graph\">{\"@context\":\"https:\/\/schema.org\",\"@graph\":[{\"@type\":\"WebPage\",\"@id\":\"https:\/\/alprofitconsult.al\/en\/kodi-i-punes\/marredheniet-e-punes\/paga-dhe-kompensimi\/\",\"url\":\"https:\/\/alprofitconsult.al\/en\/kodi-i-punes\/marredheniet-e-punes\/paga-dhe-kompensimi\/\",\"name\":\"Paga Dhe Kompensimi - AlProfit Consult\",\"isPartOf\":{\"@id\":\"https:\/\/alprofitconsult.al\/#website\"},\"primaryImageOfPage\":{\"@id\":\"https:\/\/alprofitconsult.al\/en\/kodi-i-punes\/marredheniet-e-punes\/paga-dhe-kompensimi\/#primaryimage\"},\"image\":{\"@id\":\"https:\/\/alprofitconsult.al\/en\/kodi-i-punes\/marredheniet-e-punes\/paga-dhe-kompensimi\/#primaryimage\"},\"thumbnailUrl\":\"https:\/\/alprofitconsult.al\/wp-content\/uploads\/2025\/02\/Paga-Dhe-Kompensimi-AlProfit-Consult.jpg\",\"datePublished\":\"2024-12-01T21:06:38+00:00\",\"dateModified\":\"2025-02-25T20:15:47+00:00\",\"breadcrumb\":{\"@id\":\"https:\/\/alprofitconsult.al\/en\/kodi-i-punes\/marredheniet-e-punes\/paga-dhe-kompensimi\/#breadcrumb\"},\"inLanguage\":\"it-IT\",\"potentialAction\":[{\"@type\":\"ReadAction\",\"target\":[\"https:\/\/alprofitconsult.al\/en\/kodi-i-punes\/marredheniet-e-punes\/paga-dhe-kompensimi\/\"]}]},{\"@type\":\"ImageObject\",\"inLanguage\":\"it-IT\",\"@id\":\"https:\/\/alprofitconsult.al\/en\/kodi-i-punes\/marredheniet-e-punes\/paga-dhe-kompensimi\/#primaryimage\",\"url\":\"https:\/\/alprofitconsult.al\/wp-content\/uploads\/2025\/02\/Paga-Dhe-Kompensimi-AlProfit-Consult.jpg\",\"contentUrl\":\"https:\/\/alprofitconsult.al\/wp-content\/uploads\/2025\/02\/Paga-Dhe-Kompensimi-AlProfit-Consult.jpg\"},{\"@type\":\"BreadcrumbList\",\"@id\":\"https:\/\/alprofitconsult.al\/en\/kodi-i-punes\/marredheniet-e-punes\/paga-dhe-kompensimi\/#breadcrumb\",\"itemListElement\":[{\"@type\":\"ListItem\",\"position\":1,\"name\":\"Kryefaqe\",\"item\":\"https:\/\/alprofitconsult.al\/\"},{\"@type\":\"ListItem\",\"position\":2,\"name\":\"Kodi i Pun\u00ebs\",\"item\":\"https:\/\/alprofitconsult.al\/en\/kodi-i-punes\/\"},{\"@type\":\"ListItem\",\"position\":3,\"name\":\"Marr\u00ebdh\u00ebniet e Pun\u00ebs\",\"item\":\"https:\/\/alprofitconsult.al\/en\/kodi-i-punes\/marredheniet-e-punes\/\"},{\"@type\":\"ListItem\",\"position\":4,\"name\":\"Paga Dhe Kompensimi\"}]},{\"@type\":\"WebSite\",\"@id\":\"https:\/\/alprofitconsult.al\/#website\",\"url\":\"https:\/\/alprofitconsult.al\/\",\"name\":\"AlProfit Consult\",\"description\":\"Zyr\u00eb Kontabiliteti\",\"publisher\":{\"@id\":\"https:\/\/alprofitconsult.al\/#organization\"},\"potentialAction\":[{\"@type\":\"SearchAction\",\"target\":{\"@type\":\"EntryPoint\",\"urlTemplate\":\"https:\/\/alprofitconsult.al\/?s={search_term_string}\"},\"query-input\":{\"@type\":\"PropertyValueSpecification\",\"valueRequired\":true,\"valueName\":\"search_term_string\"}}],\"inLanguage\":\"it-IT\"},{\"@type\":\"Organization\",\"@id\":\"https:\/\/alprofitconsult.al\/#organization\",\"name\":\"Alprofit Consult\",\"url\":\"https:\/\/alprofitconsult.al\/\",\"logo\":{\"@type\":\"ImageObject\",\"inLanguage\":\"it-IT\",\"@id\":\"https:\/\/alprofitconsult.al\/#\/schema\/logo\/image\/\",\"url\":\"https:\/\/alprofitconsult.al\/wp-content\/uploads\/2022\/10\/logoalprofit.png\",\"contentUrl\":\"https:\/\/alprofitconsult.al\/wp-content\/uploads\/2022\/10\/logoalprofit.png\",\"width\":529,\"height\":156,\"caption\":\"Alprofit Consult\"},\"image\":{\"@id\":\"https:\/\/alprofitconsult.al\/#\/schema\/logo\/image\/\"},\"sameAs\":[\"https:\/\/www.facebook.com\/AlProfitConsult\/\",\"https:\/\/x.com\/AlProfitConsult\",\"https:\/\/www.linkedin.com\/company\/andi-haxhillari\/\",\"https:\/\/www.pinterest.com\/AlProfitConsult\/\",\"https:\/\/www.youtube.com\/channel\/UCZ5Gfntn161Nla3g1XdRldA\",\"https:\/\/sq.wikipedia.org\/wiki\/P\u00ebrdoruesi:Andi25~sqwiki\"]}]}<\/script>\n<!-- \/ Yoast SEO plugin. -->","yoast_head_json":{"title":"Stipendio e retribuzione - AlProfit Consult","robots":{"index":"index","follow":"follow","max-snippet":"max-snippet:-1","max-image-preview":"max-image-preview:large","max-video-preview":"max-video-preview:-1"},"canonical":"https:\/\/alprofitconsult.al\/it\/codice-del-lavoro\/rapporti-di-lavoro\/stipendio-e-retribuzione\/","og_locale":"it_IT","og_type":"article","og_title":"Paga Dhe Kompensimi - AlProfit Consult","og_description":"Pagesa e Drejt\u00eb dhe n\u00eb Koh\u00eb Pun\u00ebdh\u00ebn\u00ebsit jan\u00eb t\u00eb detyruar t\u00eb paguajn\u00eb punonj\u00ebsit sipas kushteve t\u00eb kontrat\u00ebs dhe brenda afateve t\u00eb p\u00ebrcaktuara. Paga minimale garanton q\u00eb askush t\u00eb mos paguhet m\u00eb pak se niveli i p\u00ebrcaktuar me ligj (Neni 78). Shembull praktik:&nbsp;N\u00ebse paga minimale mujore n\u00eb Shqip\u00ebri \u00ebsht\u00eb 40,000 Lek\u00eb, nj\u00eb punonj\u00ebs q\u00eb punon me [&hellip;]","og_url":"https:\/\/alprofitconsult.al\/it\/codice-del-lavoro\/rapporti-di-lavoro\/stipendio-e-retribuzione\/","og_site_name":"AlProfit Consult","article_publisher":"https:\/\/www.facebook.com\/AlProfitConsult\/","article_modified_time":"2025-02-25T20:15:47+00:00","og_image":[{"url":"https:\/\/alprofitconsult.al\/wp-content\/uploads\/2025\/02\/Paga-Dhe-Kompensimi-AlProfit-Consult.jpg","type":"","width":"","height":""}],"twitter_card":"summary_large_image","twitter_site":"@AlProfitConsult","twitter_misc":{"Tempo di lettura stimato":"1 minuto"},"schema":{"@context":"https:\/\/schema.org","@graph":[{"@type":"WebPage","@id":"https:\/\/alprofitconsult.al\/en\/kodi-i-punes\/marredheniet-e-punes\/paga-dhe-kompensimi\/","url":"https:\/\/alprofitconsult.al\/en\/kodi-i-punes\/marredheniet-e-punes\/paga-dhe-kompensimi\/","name":"Stipendio e retribuzione - AlProfit Consult","isPartOf":{"@id":"https:\/\/alprofitconsult.al\/#website"},"primaryImageOfPage":{"@id":"https:\/\/alprofitconsult.al\/en\/kodi-i-punes\/marredheniet-e-punes\/paga-dhe-kompensimi\/#primaryimage"},"image":{"@id":"https:\/\/alprofitconsult.al\/en\/kodi-i-punes\/marredheniet-e-punes\/paga-dhe-kompensimi\/#primaryimage"},"thumbnailUrl":"https:\/\/alprofitconsult.al\/wp-content\/uploads\/2025\/02\/Paga-Dhe-Kompensimi-AlProfit-Consult.jpg","datePublished":"2024-12-01T21:06:38+00:00","dateModified":"2025-02-25T20:15:47+00:00","breadcrumb":{"@id":"https:\/\/alprofitconsult.al\/en\/kodi-i-punes\/marredheniet-e-punes\/paga-dhe-kompensimi\/#breadcrumb"},"inLanguage":"it-IT","potentialAction":[{"@type":"ReadAction","target":["https:\/\/alprofitconsult.al\/en\/kodi-i-punes\/marredheniet-e-punes\/paga-dhe-kompensimi\/"]}]},{"@type":"ImageObject","inLanguage":"it-IT","@id":"https:\/\/alprofitconsult.al\/en\/kodi-i-punes\/marredheniet-e-punes\/paga-dhe-kompensimi\/#primaryimage","url":"https:\/\/alprofitconsult.al\/wp-content\/uploads\/2025\/02\/Paga-Dhe-Kompensimi-AlProfit-Consult.jpg","contentUrl":"https:\/\/alprofitconsult.al\/wp-content\/uploads\/2025\/02\/Paga-Dhe-Kompensimi-AlProfit-Consult.jpg"},{"@type":"BreadcrumbList","@id":"https:\/\/alprofitconsult.al\/en\/kodi-i-punes\/marredheniet-e-punes\/paga-dhe-kompensimi\/#breadcrumb","itemListElement":[{"@type":"ListItem","position":1,"name":"Kryefaqe","item":"https:\/\/alprofitconsult.al\/"},{"@type":"ListItem","position":2,"name":"Kodi i Pun\u00ebs","item":"https:\/\/alprofitconsult.al\/en\/kodi-i-punes\/"},{"@type":"ListItem","position":3,"name":"Marr\u00ebdh\u00ebniet e Pun\u00ebs","item":"https:\/\/alprofitconsult.al\/en\/kodi-i-punes\/marredheniet-e-punes\/"},{"@type":"ListItem","position":4,"name":"Paga Dhe Kompensimi"}]},{"@type":"WebSite","@id":"https:\/\/alprofitconsult.al\/#website","url":"https:\/\/alprofitconsult.al\/","name":"AlProfit Consult","description":"Ufficio contabilit\u00e0","publisher":{"@id":"https:\/\/alprofitconsult.al\/#organization"},"potentialAction":[{"@type":"SearchAction","target":{"@type":"EntryPoint","urlTemplate":"https:\/\/alprofitconsult.al\/?s={search_term_string}"},"query-input":{"@type":"PropertyValueSpecification","valueRequired":true,"valueName":"search_term_string"}}],"inLanguage":"it-IT"},{"@type":"Organization","@id":"https:\/\/alprofitconsult.al\/#organization","name":"Alprofit Consult","url":"https:\/\/alprofitconsult.al\/","logo":{"@type":"ImageObject","inLanguage":"it-IT","@id":"https:\/\/alprofitconsult.al\/#\/schema\/logo\/image\/","url":"https:\/\/alprofitconsult.al\/wp-content\/uploads\/2022\/10\/logoalprofit.png","contentUrl":"https:\/\/alprofitconsult.al\/wp-content\/uploads\/2022\/10\/logoalprofit.png","width":529,"height":156,"caption":"Alprofit Consult"},"image":{"@id":"https:\/\/alprofitconsult.al\/#\/schema\/logo\/image\/"},"sameAs":["https:\/\/www.facebook.com\/AlProfitConsult\/","https:\/\/x.com\/AlProfitConsult","https:\/\/www.linkedin.com\/company\/andi-haxhillari\/","https:\/\/www.pinterest.com\/AlProfitConsult\/","https:\/\/www.youtube.com\/channel\/UCZ5Gfntn161Nla3g1XdRldA","https:\/\/sq.wikipedia.org\/wiki\/P\u00ebrdoruesi:Andi25~sqwiki"]}]}},"_links":{"self":[{"href":"https:\/\/alprofitconsult.al\/it\/wp-json\/wp\/v2\/pages\/20295","targetHints":{"allow":["GET"]}}],"collection":[{"href":"https:\/\/alprofitconsult.al\/it\/wp-json\/wp\/v2\/pages"}],"about":[{"href":"https:\/\/alprofitconsult.al\/it\/wp-json\/wp\/v2\/types\/page"}],"author":[{"embeddable":true,"href":"https:\/\/alprofitconsult.al\/it\/wp-json\/wp\/v2\/users\/1"}],"replies":[{"embeddable":true,"href":"https:\/\/alprofitconsult.al\/it\/wp-json\/wp\/v2\/comments?post=20295"}],"version-history":[{"count":4,"href":"https:\/\/alprofitconsult.al\/it\/wp-json\/wp\/v2\/pages\/20295\/revisions"}],"predecessor-version":[{"id":20899,"href":"https:\/\/alprofitconsult.al\/it\/wp-json\/wp\/v2\/pages\/20295\/revisions\/20899"}],"up":[{"embeddable":true,"href":"https:\/\/alprofitconsult.al\/it\/wp-json\/wp\/v2\/pages\/20276"}],"wp:attachment":[{"href":"https:\/\/alprofitconsult.al\/it\/wp-json\/wp\/v2\/media?parent=20295"}],"curies":[{"name":"WordPress","href":"https:\/\/api.w.org\/{rel}","templated":true}]}}