{"id":20301,"date":"2024-12-01T21:08:34","date_gmt":"2024-12-01T21:08:34","guid":{"rendered":"https:\/\/alprofitconsult.al\/?page_id=20301"},"modified":"2025-02-25T20:19:21","modified_gmt":"2025-02-25T20:19:21","slug":"difesa-dei-datori-di-lavoro","status":"publish","type":"page","link":"https:\/\/alprofitconsult.al\/it\/kodi-i-punes\/mbrojtja-dhe-zgjidhja-e-konfliketeve\/mbrojtja-e-punemarresve\/","title":{"rendered":"Tutela dei lavoratori"},"content":{"rendered":"<div class=\"yoast-breadcrumbs\"><span><span><a href=\"https:\/\/alprofitconsult.al\/it\/\">Home page<\/a><\/span> | <span><a href=\"https:\/\/alprofitconsult.al\/en\/kodi-i-punes\/\">Codice del lavoro<\/a><\/span> | <span><a href=\"https:\/\/alprofitconsult.al\/en\/kodi-i-punes\/mbrojtja-dhe-zgjidhja-e-konfliketeve\/\">Prevenzione e risoluzione dei conflitti<\/a><\/span> | <span class=\"breadcrumb_last\" aria-current=\"page\">Tutela dei lavoratori<\/span><\/span><\/div>\n\n\n<figure class=\"wp-block-image size-full\"><img loading=\"lazy\" decoding=\"async\" width=\"1920\" height=\"1280\" src=\"https:\/\/alprofitconsult.al\/wp-content\/uploads\/2025\/02\/Mbrojtja-E-Punemarresve-AlProfit-Consult-1.jpg\" alt=\"\" class=\"wp-image-20902\" srcset=\"https:\/\/alprofitconsult.al\/wp-content\/uploads\/2025\/02\/Mbrojtja-E-Punemarresve-AlProfit-Consult-1.jpg 1920w, https:\/\/alprofitconsult.al\/wp-content\/uploads\/2025\/02\/Mbrojtja-E-Punemarresve-AlProfit-Consult-1-768x512.jpg 768w, https:\/\/alprofitconsult.al\/wp-content\/uploads\/2025\/02\/Mbrojtja-E-Punemarresve-AlProfit-Consult-1-1536x1024.jpg 1536w\" sizes=\"auto, (max-width: 1920px) 100vw, 1920px\" \/><\/figure>\n\n\n\n<p><\/p>\n\n\n\n<h2 class=\"wp-block-heading\"><strong>Sicurezza e salute sul lavoro<\/strong><\/h2>\n\n\n\n<p>Il datore di lavoro \u00e8 tenuto a garantire un ambiente di lavoro sicuro e salubre. Egli deve:<\/p>\n\n\n\n<ol class=\"wp-block-list\" start=\"1\">\n<li>Fornisco i dispositivi di protezione individuale ai dipendenti.<\/li>\n\n\n\n<li>Organizzano corsi di formazione sulla prevenzione degli infortuni.<\/li>\n\n\n\n<li>Tenere sotto controllo i rischi ambientali e tecnologici (articolo 38).<\/li>\n<\/ol>\n\n\n\n<blockquote class=\"wp-block-quote is-layout-flow wp-block-quote-is-layout-flow\">\n<p><strong>Esempio pratico:<\/strong>&nbsp;In un cantiere, ogni lavoratore deve essere dotato di un elmetto e di un giubbotto ad alta visibilit\u00e0.<\/p>\n<\/blockquote>\n\n\n\n<h2 class=\"wp-block-heading\"><strong>Tutela contro le molestie e la discriminazione<\/strong><\/h2>\n\n\n\n<p>Qualsiasi forma di discriminazione e molestia, sia verbale che fisica, \u00e8 severamente vietata sul posto di lavoro. Il datore di lavoro \u00e8 tenuto ad adottare misure per dare seguito alle denunce e per impedire il ripetersi di tali episodi (articolo 9).<\/p>\n\n\n\n<blockquote class=\"wp-block-quote is-layout-flow wp-block-quote-is-layout-flow\">\n<p><strong>Esempio pratico:<\/strong>\u00a0Un dipendente vittima di molestie da parte dei colleghi a causa della propria nazionalit\u00e0 ha diritto alla tutela legale e all'adozione di provvedimenti disciplinari nei confronti dei responsabili.<\/p>\n<\/blockquote>\n\n\n\n<p><\/p>\n\n\n\n<p><\/p>\n\n\n\n<div data-wp-interactive=\"core\/file\" class=\"wp-block-file\"><object data-wp-bind--hidden=\"!state.hasPdfPreview\" hidden class=\"wp-block-file__embed\" data=\"https:\/\/alprofitconsult.al\/wp-content\/uploads\/2024\/12\/Kodi-i-punes-LIGJ-2024-8.pdf\" type=\"application\/pdf\" style=\"width:100%;height:600px\" aria-label=\"Incorporamento di Kodi-i-punes-LIGJ-2024-8.\"><\/object><a id=\"wp-block-file--media-e357b7d3-2fe3-47cb-9a71-58a8b246eafd\" href=\"https:\/\/alprofitconsult.al\/wp-content\/uploads\/2024\/12\/Kodi-i-punes-LIGJ-2024-8.pdf\">Codice del lavoro - Legge n. 2024-8<\/a><a href=\"https:\/\/alprofitconsult.al\/wp-content\/uploads\/2024\/12\/Kodi-i-punes-LIGJ-2024-8.pdf\" class=\"wp-block-file__button wp-element-button\" download aria-describedby=\"wp-block-file--media-e357b7d3-2fe3-47cb-9a71-58a8b246eafd\">Scarica<\/a><\/div>\n\n\n\n<p><\/p>\n\n\n<div class=\"gdlr-core-widget-box-shortcode\" style=\"color: #ffffff ;background-color: #000014 ;\"  ><h3 class=\"gdlr-core-widget-box-shortcode-title\" style=\"color: #ffffff ;\"  >Hai qualche domanda?<\/h3><div class=\"gdlr-core-widget-box-shortcode-content\" ><p class=\"translation-block\">Non esitare a <a href=\"https:\/\/alprofitconsult.al\/it\/contatti\/\" target=\"_self\">contattarci. Siamo un team di esperti e saremo lieti di parlare con te.<\/p>\n<\/div><\/div>\n\n\n\n<p><\/p>","protected":false},"excerpt":{"rendered":"<p>Siguria dhe Sh\u00ebndeti n\u00eb Pun\u00eb Pun\u00ebdh\u00ebn\u00ebsi \u00ebsht\u00eb i detyruar t\u00eb krijoj\u00eb nj\u00eb ambient pune t\u00eb sigurt dhe t\u00eb sh\u00ebndetsh\u00ebm. Ai duhet t\u00eb: Shembull praktik:&nbsp;N\u00eb nj\u00eb kantier nd\u00ebrtimi, \u00e7do punonj\u00ebs duhet t\u00eb pajiset me helmet\u00eb dhe jelek reflektues. Mbrojtja nga Ngacmimet dhe Diskriminimi \u00c7do form\u00eb diskriminimi dhe ngacmimi, qoft\u00eb verbal apo fizik, ndalohet rrept\u00ebsisht n\u00eb vendin [&hellip;]<\/p>\n","protected":false},"author":1,"featured_media":0,"parent":20298,"menu_order":0,"comment_status":"closed","ping_status":"closed","template":"","meta":{"footnotes":""},"class_list":["post-20301","page","type-page","status-publish","hentry"],"yoast_head":"<!-- This site is optimized with the Yoast SEO plugin v26.5 - https:\/\/yoast.com\/wordpress\/plugins\/seo\/ -->\n<title>Mbrojtja E Pun\u00ebmarr\u00ebsve - AlProfit Consult<\/title>\n<meta name=\"robots\" content=\"index, follow, max-snippet:-1, max-image-preview:large, max-video-preview:-1\" \/>\n<link rel=\"canonical\" href=\"https:\/\/alprofitconsult.al\/it\/codice-del-lavoro\/prevenzione-e-risoluzione-dei-conflitti\/difesa-dei-datori-di-lavoro\/\" \/>\n<meta property=\"og:locale\" content=\"it_IT\" \/>\n<meta property=\"og:type\" content=\"article\" \/>\n<meta property=\"og:title\" content=\"Mbrojtja E Pun\u00ebmarr\u00ebsve - AlProfit Consult\" \/>\n<meta property=\"og:description\" content=\"Siguria dhe Sh\u00ebndeti n\u00eb Pun\u00eb Pun\u00ebdh\u00ebn\u00ebsi \u00ebsht\u00eb i detyruar t\u00eb krijoj\u00eb nj\u00eb ambient pune t\u00eb sigurt dhe t\u00eb sh\u00ebndetsh\u00ebm. Ai duhet t\u00eb: Shembull praktik:&nbsp;N\u00eb nj\u00eb kantier nd\u00ebrtimi, \u00e7do punonj\u00ebs duhet t\u00eb pajiset me helmet\u00eb dhe jelek reflektues. Mbrojtja nga Ngacmimet dhe Diskriminimi \u00c7do form\u00eb diskriminimi dhe ngacmimi, qoft\u00eb verbal apo fizik, ndalohet rrept\u00ebsisht n\u00eb vendin [&hellip;]\" \/>\n<meta property=\"og:url\" content=\"https:\/\/alprofitconsult.al\/it\/codice-del-lavoro\/prevenzione-e-risoluzione-dei-conflitti\/difesa-dei-datori-di-lavoro\/\" \/>\n<meta property=\"og:site_name\" content=\"AlProfit Consult\" \/>\n<meta property=\"article:publisher\" content=\"https:\/\/www.facebook.com\/AlProfitConsult\/\" \/>\n<meta property=\"article:modified_time\" content=\"2025-02-25T20:19:21+00:00\" \/>\n<meta property=\"og:image\" content=\"https:\/\/alprofitconsult.al\/wp-content\/uploads\/2025\/02\/Mbrojtja-E-Punemarresve-AlProfit-Consult-1.jpg\" \/>\n<meta name=\"twitter:card\" content=\"summary_large_image\" \/>\n<meta name=\"twitter:site\" content=\"@AlProfitConsult\" \/>\n<meta name=\"twitter:label1\" content=\"Tempo di lettura stimato\" \/>\n\t<meta name=\"twitter:data1\" content=\"1 minuto\" \/>\n<script type=\"application\/ld+json\" class=\"yoast-schema-graph\">{\"@context\":\"https:\/\/schema.org\",\"@graph\":[{\"@type\":\"WebPage\",\"@id\":\"https:\/\/alprofitconsult.al\/en\/kodi-i-punes\/mbrojtja-dhe-zgjidhja-e-konfliketeve\/mbrojtja-e-punemarresve\/\",\"url\":\"https:\/\/alprofitconsult.al\/en\/kodi-i-punes\/mbrojtja-dhe-zgjidhja-e-konfliketeve\/mbrojtja-e-punemarresve\/\",\"name\":\"Mbrojtja E Pun\u00ebmarr\u00ebsve - AlProfit Consult\",\"isPartOf\":{\"@id\":\"https:\/\/alprofitconsult.al\/#website\"},\"primaryImageOfPage\":{\"@id\":\"https:\/\/alprofitconsult.al\/en\/kodi-i-punes\/mbrojtja-dhe-zgjidhja-e-konfliketeve\/mbrojtja-e-punemarresve\/#primaryimage\"},\"image\":{\"@id\":\"https:\/\/alprofitconsult.al\/en\/kodi-i-punes\/mbrojtja-dhe-zgjidhja-e-konfliketeve\/mbrojtja-e-punemarresve\/#primaryimage\"},\"thumbnailUrl\":\"https:\/\/alprofitconsult.al\/wp-content\/uploads\/2025\/02\/Mbrojtja-E-Punemarresve-AlProfit-Consult-1.jpg\",\"datePublished\":\"2024-12-01T21:08:34+00:00\",\"dateModified\":\"2025-02-25T20:19:21+00:00\",\"breadcrumb\":{\"@id\":\"https:\/\/alprofitconsult.al\/en\/kodi-i-punes\/mbrojtja-dhe-zgjidhja-e-konfliketeve\/mbrojtja-e-punemarresve\/#breadcrumb\"},\"inLanguage\":\"it-IT\",\"potentialAction\":[{\"@type\":\"ReadAction\",\"target\":[\"https:\/\/alprofitconsult.al\/en\/kodi-i-punes\/mbrojtja-dhe-zgjidhja-e-konfliketeve\/mbrojtja-e-punemarresve\/\"]}]},{\"@type\":\"ImageObject\",\"inLanguage\":\"it-IT\",\"@id\":\"https:\/\/alprofitconsult.al\/en\/kodi-i-punes\/mbrojtja-dhe-zgjidhja-e-konfliketeve\/mbrojtja-e-punemarresve\/#primaryimage\",\"url\":\"https:\/\/alprofitconsult.al\/wp-content\/uploads\/2025\/02\/Mbrojtja-E-Punemarresve-AlProfit-Consult-1.jpg\",\"contentUrl\":\"https:\/\/alprofitconsult.al\/wp-content\/uploads\/2025\/02\/Mbrojtja-E-Punemarresve-AlProfit-Consult-1.jpg\"},{\"@type\":\"BreadcrumbList\",\"@id\":\"https:\/\/alprofitconsult.al\/en\/kodi-i-punes\/mbrojtja-dhe-zgjidhja-e-konfliketeve\/mbrojtja-e-punemarresve\/#breadcrumb\",\"itemListElement\":[{\"@type\":\"ListItem\",\"position\":1,\"name\":\"Kryefaqe\",\"item\":\"https:\/\/alprofitconsult.al\/\"},{\"@type\":\"ListItem\",\"position\":2,\"name\":\"Kodi i Pun\u00ebs\",\"item\":\"https:\/\/alprofitconsult.al\/en\/kodi-i-punes\/\"},{\"@type\":\"ListItem\",\"position\":3,\"name\":\"Mbrojtja Dhe Zgjidhja e Konfliketeve\",\"item\":\"https:\/\/alprofitconsult.al\/en\/kodi-i-punes\/mbrojtja-dhe-zgjidhja-e-konfliketeve\/\"},{\"@type\":\"ListItem\",\"position\":4,\"name\":\"Mbrojtja E Pun\u00ebmarr\u00ebsve\"}]},{\"@type\":\"WebSite\",\"@id\":\"https:\/\/alprofitconsult.al\/#website\",\"url\":\"https:\/\/alprofitconsult.al\/\",\"name\":\"AlProfit Consult\",\"description\":\"Zyr\u00eb Kontabiliteti\",\"publisher\":{\"@id\":\"https:\/\/alprofitconsult.al\/#organization\"},\"potentialAction\":[{\"@type\":\"SearchAction\",\"target\":{\"@type\":\"EntryPoint\",\"urlTemplate\":\"https:\/\/alprofitconsult.al\/?s={search_term_string}\"},\"query-input\":{\"@type\":\"PropertyValueSpecification\",\"valueRequired\":true,\"valueName\":\"search_term_string\"}}],\"inLanguage\":\"it-IT\"},{\"@type\":\"Organization\",\"@id\":\"https:\/\/alprofitconsult.al\/#organization\",\"name\":\"Alprofit Consult\",\"url\":\"https:\/\/alprofitconsult.al\/\",\"logo\":{\"@type\":\"ImageObject\",\"inLanguage\":\"it-IT\",\"@id\":\"https:\/\/alprofitconsult.al\/#\/schema\/logo\/image\/\",\"url\":\"https:\/\/alprofitconsult.al\/wp-content\/uploads\/2022\/10\/logoalprofit.png\",\"contentUrl\":\"https:\/\/alprofitconsult.al\/wp-content\/uploads\/2022\/10\/logoalprofit.png\",\"width\":529,\"height\":156,\"caption\":\"Alprofit Consult\"},\"image\":{\"@id\":\"https:\/\/alprofitconsult.al\/#\/schema\/logo\/image\/\"},\"sameAs\":[\"https:\/\/www.facebook.com\/AlProfitConsult\/\",\"https:\/\/x.com\/AlProfitConsult\",\"https:\/\/www.linkedin.com\/company\/andi-haxhillari\/\",\"https:\/\/www.pinterest.com\/AlProfitConsult\/\",\"https:\/\/www.youtube.com\/channel\/UCZ5Gfntn161Nla3g1XdRldA\",\"https:\/\/sq.wikipedia.org\/wiki\/P\u00ebrdoruesi:Andi25~sqwiki\"]}]}<\/script>\n<!-- \/ Yoast SEO plugin. -->","yoast_head_json":{"title":"Tutela dei dipendenti \u2013 AlProfit Consult","robots":{"index":"index","follow":"follow","max-snippet":"max-snippet:-1","max-image-preview":"max-image-preview:large","max-video-preview":"max-video-preview:-1"},"canonical":"https:\/\/alprofitconsult.al\/it\/codice-del-lavoro\/prevenzione-e-risoluzione-dei-conflitti\/difesa-dei-datori-di-lavoro\/","og_locale":"it_IT","og_type":"article","og_title":"Mbrojtja E Pun\u00ebmarr\u00ebsve - AlProfit Consult","og_description":"Siguria dhe Sh\u00ebndeti n\u00eb Pun\u00eb Pun\u00ebdh\u00ebn\u00ebsi \u00ebsht\u00eb i detyruar t\u00eb krijoj\u00eb nj\u00eb ambient pune t\u00eb sigurt dhe t\u00eb sh\u00ebndetsh\u00ebm. Ai duhet t\u00eb: Shembull praktik:&nbsp;N\u00eb nj\u00eb kantier nd\u00ebrtimi, \u00e7do punonj\u00ebs duhet t\u00eb pajiset me helmet\u00eb dhe jelek reflektues. Mbrojtja nga Ngacmimet dhe Diskriminimi \u00c7do form\u00eb diskriminimi dhe ngacmimi, qoft\u00eb verbal apo fizik, ndalohet rrept\u00ebsisht n\u00eb vendin [&hellip;]","og_url":"https:\/\/alprofitconsult.al\/it\/codice-del-lavoro\/prevenzione-e-risoluzione-dei-conflitti\/difesa-dei-datori-di-lavoro\/","og_site_name":"AlProfit Consult","article_publisher":"https:\/\/www.facebook.com\/AlProfitConsult\/","article_modified_time":"2025-02-25T20:19:21+00:00","og_image":[{"url":"https:\/\/alprofitconsult.al\/wp-content\/uploads\/2025\/02\/Mbrojtja-E-Punemarresve-AlProfit-Consult-1.jpg","type":"","width":"","height":""}],"twitter_card":"summary_large_image","twitter_site":"@AlProfitConsult","twitter_misc":{"Tempo di lettura stimato":"1 minuto"},"schema":{"@context":"https:\/\/schema.org","@graph":[{"@type":"WebPage","@id":"https:\/\/alprofitconsult.al\/en\/kodi-i-punes\/mbrojtja-dhe-zgjidhja-e-konfliketeve\/mbrojtja-e-punemarresve\/","url":"https:\/\/alprofitconsult.al\/en\/kodi-i-punes\/mbrojtja-dhe-zgjidhja-e-konfliketeve\/mbrojtja-e-punemarresve\/","name":"Tutela dei dipendenti \u2013 AlProfit Consult","isPartOf":{"@id":"https:\/\/alprofitconsult.al\/#website"},"primaryImageOfPage":{"@id":"https:\/\/alprofitconsult.al\/en\/kodi-i-punes\/mbrojtja-dhe-zgjidhja-e-konfliketeve\/mbrojtja-e-punemarresve\/#primaryimage"},"image":{"@id":"https:\/\/alprofitconsult.al\/en\/kodi-i-punes\/mbrojtja-dhe-zgjidhja-e-konfliketeve\/mbrojtja-e-punemarresve\/#primaryimage"},"thumbnailUrl":"https:\/\/alprofitconsult.al\/wp-content\/uploads\/2025\/02\/Mbrojtja-E-Punemarresve-AlProfit-Consult-1.jpg","datePublished":"2024-12-01T21:08:34+00:00","dateModified":"2025-02-25T20:19:21+00:00","breadcrumb":{"@id":"https:\/\/alprofitconsult.al\/en\/kodi-i-punes\/mbrojtja-dhe-zgjidhja-e-konfliketeve\/mbrojtja-e-punemarresve\/#breadcrumb"},"inLanguage":"it-IT","potentialAction":[{"@type":"ReadAction","target":["https:\/\/alprofitconsult.al\/en\/kodi-i-punes\/mbrojtja-dhe-zgjidhja-e-konfliketeve\/mbrojtja-e-punemarresve\/"]}]},{"@type":"ImageObject","inLanguage":"it-IT","@id":"https:\/\/alprofitconsult.al\/en\/kodi-i-punes\/mbrojtja-dhe-zgjidhja-e-konfliketeve\/mbrojtja-e-punemarresve\/#primaryimage","url":"https:\/\/alprofitconsult.al\/wp-content\/uploads\/2025\/02\/Mbrojtja-E-Punemarresve-AlProfit-Consult-1.jpg","contentUrl":"https:\/\/alprofitconsult.al\/wp-content\/uploads\/2025\/02\/Mbrojtja-E-Punemarresve-AlProfit-Consult-1.jpg"},{"@type":"BreadcrumbList","@id":"https:\/\/alprofitconsult.al\/en\/kodi-i-punes\/mbrojtja-dhe-zgjidhja-e-konfliketeve\/mbrojtja-e-punemarresve\/#breadcrumb","itemListElement":[{"@type":"ListItem","position":1,"name":"Kryefaqe","item":"https:\/\/alprofitconsult.al\/"},{"@type":"ListItem","position":2,"name":"Kodi i Pun\u00ebs","item":"https:\/\/alprofitconsult.al\/en\/kodi-i-punes\/"},{"@type":"ListItem","position":3,"name":"Mbrojtja Dhe Zgjidhja e Konfliketeve","item":"https:\/\/alprofitconsult.al\/en\/kodi-i-punes\/mbrojtja-dhe-zgjidhja-e-konfliketeve\/"},{"@type":"ListItem","position":4,"name":"Mbrojtja E Pun\u00ebmarr\u00ebsve"}]},{"@type":"WebSite","@id":"https:\/\/alprofitconsult.al\/#website","url":"https:\/\/alprofitconsult.al\/","name":"AlProfit Consult","description":"Ufficio contabilit\u00e0","publisher":{"@id":"https:\/\/alprofitconsult.al\/#organization"},"potentialAction":[{"@type":"SearchAction","target":{"@type":"EntryPoint","urlTemplate":"https:\/\/alprofitconsult.al\/?s={search_term_string}"},"query-input":{"@type":"PropertyValueSpecification","valueRequired":true,"valueName":"search_term_string"}}],"inLanguage":"it-IT"},{"@type":"Organization","@id":"https:\/\/alprofitconsult.al\/#organization","name":"Alprofit Consult","url":"https:\/\/alprofitconsult.al\/","logo":{"@type":"ImageObject","inLanguage":"it-IT","@id":"https:\/\/alprofitconsult.al\/#\/schema\/logo\/image\/","url":"https:\/\/alprofitconsult.al\/wp-content\/uploads\/2022\/10\/logoalprofit.png","contentUrl":"https:\/\/alprofitconsult.al\/wp-content\/uploads\/2022\/10\/logoalprofit.png","width":529,"height":156,"caption":"Alprofit Consult"},"image":{"@id":"https:\/\/alprofitconsult.al\/#\/schema\/logo\/image\/"},"sameAs":["https:\/\/www.facebook.com\/AlProfitConsult\/","https:\/\/x.com\/AlProfitConsult","https:\/\/www.linkedin.com\/company\/andi-haxhillari\/","https:\/\/www.pinterest.com\/AlProfitConsult\/","https:\/\/www.youtube.com\/channel\/UCZ5Gfntn161Nla3g1XdRldA","https:\/\/sq.wikipedia.org\/wiki\/P\u00ebrdoruesi:Andi25~sqwiki"]}]}},"_links":{"self":[{"href":"https:\/\/alprofitconsult.al\/it\/wp-json\/wp\/v2\/pages\/20301","targetHints":{"allow":["GET"]}}],"collection":[{"href":"https:\/\/alprofitconsult.al\/it\/wp-json\/wp\/v2\/pages"}],"about":[{"href":"https:\/\/alprofitconsult.al\/it\/wp-json\/wp\/v2\/types\/page"}],"author":[{"embeddable":true,"href":"https:\/\/alprofitconsult.al\/it\/wp-json\/wp\/v2\/users\/1"}],"replies":[{"embeddable":true,"href":"https:\/\/alprofitconsult.al\/it\/wp-json\/wp\/v2\/comments?post=20301"}],"version-history":[{"count":4,"href":"https:\/\/alprofitconsult.al\/it\/wp-json\/wp\/v2\/pages\/20301\/revisions"}],"predecessor-version":[{"id":20904,"href":"https:\/\/alprofitconsult.al\/it\/wp-json\/wp\/v2\/pages\/20301\/revisions\/20904"}],"up":[{"embeddable":true,"href":"https:\/\/alprofitconsult.al\/it\/wp-json\/wp\/v2\/pages\/20298"}],"wp:attachment":[{"href":"https:\/\/alprofitconsult.al\/it\/wp-json\/wp\/v2\/media?parent=20301"}],"curies":[{"name":"WordPress","href":"https:\/\/api.w.org\/{rel}","templated":true}]}}