{"id":5445,"date":"2017-09-26T12:39:26","date_gmt":"2017-09-26T12:39:26","guid":{"rendered":"https:\/\/demo.goodlayers.com\/financity\/?page_id=5445"},"modified":"2025-12-10T08:32:00","modified_gmt":"2025-12-10T08:32:00","slug":"registrazione-dellimpresa-2","status":"publish","type":"page","link":"https:\/\/alprofitconsult.al\/it\/sherbime\/regjistrimi-i-bizneseve\/","title":{"rendered":"Registrazione dell'impresa"},"content":{"rendered":"","protected":false},"excerpt":{"rendered":"","protected":false},"author":1,"featured_media":22362,"parent":5510,"menu_order":0,"comment_status":"closed","ping_status":"closed","template":"","meta":{"footnotes":""},"class_list":["post-5445","page","type-page","status-publish","has-post-thumbnail","hentry"],"yoast_head":"<!-- This site is optimized with the Yoast SEO plugin v26.5 - https:\/\/yoast.com\/wordpress\/plugins\/seo\/ -->\n<title>Regjistrimi i Bizneseve - AlProfit Consult<\/title>\n<meta name=\"description\" content=\"Ne ofrojm\u00eb sh\u00ebrbim profesional p\u00ebr regjistrimin e biznesit n\u00eb Shqip\u00ebri, p\u00ebrgatitjen e dokumenteve dhe finalizimin e procedurave pran\u00eb institucioneve p\u00ebrkat\u00ebse, shpejt dhe pa komplikime.\" \/>\n<meta name=\"robots\" content=\"index, follow, max-snippet:-1, max-image-preview:large, max-video-preview:-1\" \/>\n<link rel=\"canonical\" href=\"https:\/\/alprofitconsult.al\/it\/servizi\/registrazione-dellimpresa-2\/\" \/>\n<meta property=\"og:locale\" content=\"it_IT\" \/>\n<meta property=\"og:type\" content=\"article\" \/>\n<meta property=\"og:title\" content=\"Regjistrimi i Bizneseve - AlProfit Consult\" \/>\n<meta property=\"og:description\" content=\"Ne ofrojm\u00eb sh\u00ebrbim profesional p\u00ebr regjistrimin e biznesit n\u00eb Shqip\u00ebri, p\u00ebrgatitjen e dokumenteve dhe finalizimin e procedurave pran\u00eb institucioneve p\u00ebrkat\u00ebse, shpejt dhe pa komplikime.\" \/>\n<meta property=\"og:url\" content=\"https:\/\/alprofitconsult.al\/it\/servizi\/registrazione-dellimpresa-2\/\" \/>\n<meta property=\"og:site_name\" content=\"AlProfit Consult\" \/>\n<meta property=\"article:publisher\" content=\"https:\/\/www.facebook.com\/AlProfitConsult\/\" \/>\n<meta property=\"article:modified_time\" content=\"2025-12-10T08:32:00+00:00\" \/>\n<meta property=\"og:image\" content=\"https:\/\/alprofitconsult.al\/wp-content\/uploads\/2025\/09\/Sherbime-organizative-1.jpg\" \/>\n\t<meta property=\"og:image:width\" content=\"1100\" \/>\n\t<meta property=\"og:image:height\" content=\"700\" \/>\n\t<meta property=\"og:image:type\" content=\"image\/jpeg\" \/>\n<meta name=\"twitter:card\" content=\"summary_large_image\" \/>\n<meta name=\"twitter:site\" content=\"@AlProfitConsult\" \/>\n<meta name=\"twitter:label1\" content=\"Tempo di lettura stimato\" \/>\n\t<meta name=\"twitter:data1\" content=\"5 minuti\" \/>\n<script type=\"application\/ld+json\" class=\"yoast-schema-graph\">{\"@context\":\"https:\/\/schema.org\",\"@graph\":[{\"@type\":\"WebPage\",\"@id\":\"https:\/\/alprofitconsult.al\/sherbime\/regjistrimi-i-bizneseve\/\",\"url\":\"https:\/\/alprofitconsult.al\/sherbime\/regjistrimi-i-bizneseve\/\",\"name\":\"Regjistrimi i Bizneseve - AlProfit Consult\",\"isPartOf\":{\"@id\":\"https:\/\/alprofitconsult.al\/#website\"},\"primaryImageOfPage\":{\"@id\":\"https:\/\/alprofitconsult.al\/sherbime\/regjistrimi-i-bizneseve\/#primaryimage\"},\"image\":{\"@id\":\"https:\/\/alprofitconsult.al\/sherbime\/regjistrimi-i-bizneseve\/#primaryimage\"},\"thumbnailUrl\":\"https:\/\/alprofitconsult.al\/wp-content\/uploads\/2025\/09\/Sherbime-organizative-1.jpg\",\"datePublished\":\"2017-09-26T12:39:26+00:00\",\"dateModified\":\"2025-12-10T08:32:00+00:00\",\"description\":\"Ne ofrojm\u00eb sh\u00ebrbim profesional p\u00ebr regjistrimin e biznesit n\u00eb Shqip\u00ebri, p\u00ebrgatitjen e dokumenteve dhe finalizimin e procedurave pran\u00eb institucioneve p\u00ebrkat\u00ebse, shpejt dhe pa komplikime.\",\"breadcrumb\":{\"@id\":\"https:\/\/alprofitconsult.al\/sherbime\/regjistrimi-i-bizneseve\/#breadcrumb\"},\"inLanguage\":\"it-IT\",\"potentialAction\":[{\"@type\":\"ReadAction\",\"target\":[\"https:\/\/alprofitconsult.al\/sherbime\/regjistrimi-i-bizneseve\/\"]}]},{\"@type\":\"ImageObject\",\"inLanguage\":\"it-IT\",\"@id\":\"https:\/\/alprofitconsult.al\/sherbime\/regjistrimi-i-bizneseve\/#primaryimage\",\"url\":\"https:\/\/alprofitconsult.al\/wp-content\/uploads\/2025\/09\/Sherbime-organizative-1.jpg\",\"contentUrl\":\"https:\/\/alprofitconsult.al\/wp-content\/uploads\/2025\/09\/Sherbime-organizative-1.jpg\",\"width\":1100,\"height\":700},{\"@type\":\"BreadcrumbList\",\"@id\":\"https:\/\/alprofitconsult.al\/sherbime\/regjistrimi-i-bizneseve\/#breadcrumb\",\"itemListElement\":[{\"@type\":\"ListItem\",\"position\":1,\"name\":\"Kryefaqe\",\"item\":\"https:\/\/alprofitconsult.al\/\"},{\"@type\":\"ListItem\",\"position\":2,\"name\":\"Sh\u00ebrbime\",\"item\":\"https:\/\/alprofitconsult.al\/sherbime\/\"},{\"@type\":\"ListItem\",\"position\":3,\"name\":\"Regjistrimi i Bizneseve\"}]},{\"@type\":\"WebSite\",\"@id\":\"https:\/\/alprofitconsult.al\/#website\",\"url\":\"https:\/\/alprofitconsult.al\/\",\"name\":\"AlProfit Consult\",\"description\":\"Zyr\u00eb Kontabiliteti\",\"publisher\":{\"@id\":\"https:\/\/alprofitconsult.al\/#organization\"},\"potentialAction\":[{\"@type\":\"SearchAction\",\"target\":{\"@type\":\"EntryPoint\",\"urlTemplate\":\"https:\/\/alprofitconsult.al\/?s={search_term_string}\"},\"query-input\":{\"@type\":\"PropertyValueSpecification\",\"valueRequired\":true,\"valueName\":\"search_term_string\"}}],\"inLanguage\":\"it-IT\"},{\"@type\":\"Organization\",\"@id\":\"https:\/\/alprofitconsult.al\/#organization\",\"name\":\"Alprofit Consult\",\"url\":\"https:\/\/alprofitconsult.al\/\",\"logo\":{\"@type\":\"ImageObject\",\"inLanguage\":\"it-IT\",\"@id\":\"https:\/\/alprofitconsult.al\/#\/schema\/logo\/image\/\",\"url\":\"https:\/\/alprofitconsult.al\/wp-content\/uploads\/2022\/10\/logoalprofit.png\",\"contentUrl\":\"https:\/\/alprofitconsult.al\/wp-content\/uploads\/2022\/10\/logoalprofit.png\",\"width\":529,\"height\":156,\"caption\":\"Alprofit Consult\"},\"image\":{\"@id\":\"https:\/\/alprofitconsult.al\/#\/schema\/logo\/image\/\"},\"sameAs\":[\"https:\/\/www.facebook.com\/AlProfitConsult\/\",\"https:\/\/x.com\/AlProfitConsult\",\"https:\/\/www.linkedin.com\/company\/andi-haxhillari\/\",\"https:\/\/www.pinterest.com\/AlProfitConsult\/\",\"https:\/\/www.youtube.com\/channel\/UCZ5Gfntn161Nla3g1XdRldA\",\"https:\/\/sq.wikipedia.org\/wiki\/P\u00ebrdoruesi:Andi25~sqwiki\"]}]}<\/script>\n<!-- \/ Yoast SEO plugin. -->","yoast_head_json":{"title":"Registrazione delle imprese - AlProfit Consult","description":"Offriamo un servizio professionale per la registrazione delle imprese in Albania, occupandoci della preparazione dei documenti e del disbrigo delle pratiche presso le autorit\u00e0 competenti, in modo rapido e senza intoppi.","robots":{"index":"index","follow":"follow","max-snippet":"max-snippet:-1","max-image-preview":"max-image-preview:large","max-video-preview":"max-video-preview:-1"},"canonical":"https:\/\/alprofitconsult.al\/it\/servizi\/registrazione-dellimpresa-2\/","og_locale":"it_IT","og_type":"article","og_title":"Regjistrimi i Bizneseve - AlProfit Consult","og_description":"Ne ofrojm\u00eb sh\u00ebrbim profesional p\u00ebr regjistrimin e biznesit n\u00eb Shqip\u00ebri, p\u00ebrgatitjen e dokumenteve dhe finalizimin e procedurave pran\u00eb institucioneve p\u00ebrkat\u00ebse, shpejt dhe pa komplikime.","og_url":"https:\/\/alprofitconsult.al\/it\/servizi\/registrazione-dellimpresa-2\/","og_site_name":"AlProfit Consult","article_publisher":"https:\/\/www.facebook.com\/AlProfitConsult\/","article_modified_time":"2025-12-10T08:32:00+00:00","og_image":[{"width":1100,"height":700,"url":"https:\/\/alprofitconsult.al\/wp-content\/uploads\/2025\/09\/Sherbime-organizative-1.jpg","type":"image\/jpeg"}],"twitter_card":"summary_large_image","twitter_site":"@AlProfitConsult","twitter_misc":{"Tempo di lettura stimato":"5 minuti"},"schema":{"@context":"https:\/\/schema.org","@graph":[{"@type":"WebPage","@id":"https:\/\/alprofitconsult.al\/sherbime\/regjistrimi-i-bizneseve\/","url":"https:\/\/alprofitconsult.al\/sherbime\/regjistrimi-i-bizneseve\/","name":"Registrazione delle imprese - AlProfit Consult","isPartOf":{"@id":"https:\/\/alprofitconsult.al\/#website"},"primaryImageOfPage":{"@id":"https:\/\/alprofitconsult.al\/sherbime\/regjistrimi-i-bizneseve\/#primaryimage"},"image":{"@id":"https:\/\/alprofitconsult.al\/sherbime\/regjistrimi-i-bizneseve\/#primaryimage"},"thumbnailUrl":"https:\/\/alprofitconsult.al\/wp-content\/uploads\/2025\/09\/Sherbime-organizative-1.jpg","datePublished":"2017-09-26T12:39:26+00:00","dateModified":"2025-12-10T08:32:00+00:00","description":"Offriamo un servizio professionale per la registrazione delle imprese in Albania, occupandoci della preparazione dei documenti e del disbrigo delle pratiche presso le autorit\u00e0 competenti, in modo rapido e senza intoppi.","breadcrumb":{"@id":"https:\/\/alprofitconsult.al\/sherbime\/regjistrimi-i-bizneseve\/#breadcrumb"},"inLanguage":"it-IT","potentialAction":[{"@type":"ReadAction","target":["https:\/\/alprofitconsult.al\/sherbime\/regjistrimi-i-bizneseve\/"]}]},{"@type":"ImageObject","inLanguage":"it-IT","@id":"https:\/\/alprofitconsult.al\/sherbime\/regjistrimi-i-bizneseve\/#primaryimage","url":"https:\/\/alprofitconsult.al\/wp-content\/uploads\/2025\/09\/Sherbime-organizative-1.jpg","contentUrl":"https:\/\/alprofitconsult.al\/wp-content\/uploads\/2025\/09\/Sherbime-organizative-1.jpg","width":1100,"height":700},{"@type":"BreadcrumbList","@id":"https:\/\/alprofitconsult.al\/sherbime\/regjistrimi-i-bizneseve\/#breadcrumb","itemListElement":[{"@type":"ListItem","position":1,"name":"Kryefaqe","item":"https:\/\/alprofitconsult.al\/"},{"@type":"ListItem","position":2,"name":"Sh\u00ebrbime","item":"https:\/\/alprofitconsult.al\/sherbime\/"},{"@type":"ListItem","position":3,"name":"Regjistrimi i Bizneseve"}]},{"@type":"WebSite","@id":"https:\/\/alprofitconsult.al\/#website","url":"https:\/\/alprofitconsult.al\/","name":"AlProfit Consult","description":"Ufficio contabilit\u00e0","publisher":{"@id":"https:\/\/alprofitconsult.al\/#organization"},"potentialAction":[{"@type":"SearchAction","target":{"@type":"EntryPoint","urlTemplate":"https:\/\/alprofitconsult.al\/?s={search_term_string}"},"query-input":{"@type":"PropertyValueSpecification","valueRequired":true,"valueName":"search_term_string"}}],"inLanguage":"it-IT"},{"@type":"Organization","@id":"https:\/\/alprofitconsult.al\/#organization","name":"Alprofit Consult","url":"https:\/\/alprofitconsult.al\/","logo":{"@type":"ImageObject","inLanguage":"it-IT","@id":"https:\/\/alprofitconsult.al\/#\/schema\/logo\/image\/","url":"https:\/\/alprofitconsult.al\/wp-content\/uploads\/2022\/10\/logoalprofit.png","contentUrl":"https:\/\/alprofitconsult.al\/wp-content\/uploads\/2022\/10\/logoalprofit.png","width":529,"height":156,"caption":"Alprofit Consult"},"image":{"@id":"https:\/\/alprofitconsult.al\/#\/schema\/logo\/image\/"},"sameAs":["https:\/\/www.facebook.com\/AlProfitConsult\/","https:\/\/x.com\/AlProfitConsult","https:\/\/www.linkedin.com\/company\/andi-haxhillari\/","https:\/\/www.pinterest.com\/AlProfitConsult\/","https:\/\/www.youtube.com\/channel\/UCZ5Gfntn161Nla3g1XdRldA","https:\/\/sq.wikipedia.org\/wiki\/P\u00ebrdoruesi:Andi25~sqwiki"]}]}},"_links":{"self":[{"href":"https:\/\/alprofitconsult.al\/it\/wp-json\/wp\/v2\/pages\/5445","targetHints":{"allow":["GET"]}}],"collection":[{"href":"https:\/\/alprofitconsult.al\/it\/wp-json\/wp\/v2\/pages"}],"about":[{"href":"https:\/\/alprofitconsult.al\/it\/wp-json\/wp\/v2\/types\/page"}],"author":[{"embeddable":true,"href":"https:\/\/alprofitconsult.al\/it\/wp-json\/wp\/v2\/users\/1"}],"replies":[{"embeddable":true,"href":"https:\/\/alprofitconsult.al\/it\/wp-json\/wp\/v2\/comments?post=5445"}],"version-history":[{"count":5,"href":"https:\/\/alprofitconsult.al\/it\/wp-json\/wp\/v2\/pages\/5445\/revisions"}],"predecessor-version":[{"id":23713,"href":"https:\/\/alprofitconsult.al\/it\/wp-json\/wp\/v2\/pages\/5445\/revisions\/23713"}],"up":[{"embeddable":true,"href":"https:\/\/alprofitconsult.al\/it\/wp-json\/wp\/v2\/pages\/5510"}],"wp:featuredmedia":[{"embeddable":true,"href":"https:\/\/alprofitconsult.al\/it\/wp-json\/wp\/v2\/media\/22362"}],"wp:attachment":[{"href":"https:\/\/alprofitconsult.al\/it\/wp-json\/wp\/v2\/media?parent=5445"}],"curies":[{"name":"wp","href":"https:\/\/api.w.org\/{rel}","templated":true}]}}